{"id":1081,"date":"2020-06-02T17:29:45","date_gmt":"2020-06-02T17:29:45","guid":{"rendered":"https:\/\/floridareprofreedom.org\/?page_id=1081"},"modified":"2025-10-06T16:29:20","modified_gmt":"2025-10-06T16:29:20","slug":"cac-hinh-thuc","status":"publish","type":"page","link":"https:\/\/floridareprofreedom.org\/vi\/forms\/","title":{"rendered":"T\u00f4i c\u1ea7n nh\u1eefng m\u1eabu \u0111\u01a1n n\u00e0o?"},"content":{"rendered":"<p><img fetchpriority=\"high\" decoding=\"async\" class=\"size-medium wp-image-2731 alignright\" src=\"https:\/\/floridareprofreedom.org\/wp-content\/uploads\/2023\/05\/Jane.Network-240x300.jpg\" alt=\"\" width=\"240\" height=\"300\" srcset=\"https:\/\/floridareprofreedom.org\/wp-content\/uploads\/2023\/05\/Jane.Network-240x300.jpg 240w, https:\/\/floridareprofreedom.org\/wp-content\/uploads\/2023\/05\/Jane.Network-819x1024.jpg 819w, https:\/\/floridareprofreedom.org\/wp-content\/uploads\/2023\/05\/Jane.Network-768x960.jpg 768w, https:\/\/floridareprofreedom.org\/wp-content\/uploads\/2023\/05\/Jane.Network.jpg 1080w\" sizes=\"(max-width: 240px) 100vw, 240px\" \/><\/p>\n<p><span style=\"font-weight: 400;\">H\u1ecfi nh\u00e2n vi\u00ean t\u00f2a \u00e1n v\u1ec1 c\u00e1c m\u1eabu \u0111\u01a1n. <a href=\"https:\/\/floridareprofreedom.org\/vi\/o-dau\/\">T\u00ecm th\u00f4ng tin li\u00ean l\u1ea1c c\u1ee7a nh\u00e2n vi\u00ean v\u0103n ph\u00f2ng c\u1ee7a t\u1eebng qu\u1eadn tr\u00ean bi\u1ec3u \u0111\u1ed3 tr\u00ean trang n\u00e0y<\/a>.<\/span><\/p>\n<p>\u0110\u1ec3 \u0111\u01b0\u1ee3c h\u1ed7 tr\u1ee3 ph\u00e1p l\u00fd mi\u1ec5n ph\u00ed t\u1eeb lu\u1eadt s\u01b0 h\u1ed7 tr\u1ee3, h\u00e3y truy c\u1eadp <a href=\"http:\/\/janenetworkfl.org\"><strong>janenetworkfl.org<\/strong><\/a>.<\/p>\n<p><span style=\"font-weight: 400;\">\u1ede m\u1ed9t s\u1ed1 qu\u1eadn, nh\u00e2n vi\u00ean v\u0103n ph\u00f2ng s\u1ebd giao m\u1eabu \u0111\u01a1n cho thanh thi\u1ebfu ni\u00ean \u0111\u1ec3 c\u00e1c em t\u1ef1 \u0111i\u1ec1n. \u1ede nh\u1eefng qu\u1eadn kh\u00e1c, nh\u00e2n vi\u00ean v\u0103n ph\u00f2ng s\u1ebd h\u1ed7 tr\u1ee3 thanh thi\u1ebfu ni\u00ean \u0111i\u1ec1n m\u1eabu \u0111\u01a1n. V\u00e0 \u1edf m\u1ed9t s\u1ed1 qu\u1eadn, m\u1ed9t lu\u1eadt s\u01b0 do t\u00f2a \u00e1n ch\u1ec9 \u0111\u1ecbnh s\u1ebd h\u1ed7 tr\u1ee3 thanh thi\u1ebfu ni\u00ean ho\u1eb7c th\u1eadm ch\u00ed thay m\u1eb7t c\u00e1c em sau khi trao \u0111\u1ed5i v\u1edbi c\u00e1c em. <\/span><\/p>\n<p><span style=\"font-weight: 400;\">Th\u00f4ng tin th\u00eam v\u1ec1 c\u00e1ch x\u1eed l\u00fd bi\u1ec3u m\u1eabu \u1edf t\u1eebng qu\u1eadn c\u00f3 s\u1eb5n tr\u00ean bi\u1ec3u \u0111\u1ed3 tr\u00ean trang, <\/span><a href=\"https:\/\/floridareprofreedom.org\/vi\/o-dau\/\">\u201cT\u00f4i ph\u1ea3i \u0111\u1ebfn \u0111\u00e2u \u0111\u1ec3 xin \u0111\u01b0\u1ee3c mi\u1ec5n tr\u1eeb t\u01b0 ph\u00e1p?\u201d<\/a><\/p>\n<p>Hai m\u1eabu \u0111\u01a1n m\u00e0 thanh thi\u1ebfu ni\u00ean ph\u1ea3i \u0111i\u1ec1n \u0111\u1ea7y \u0111\u1ee7 v\u00e0 k\u00fd l\u00e0:<\/p>\n<ol>\n<li style=\"font-weight: 400;\"><span style=\"font-weight: 400;\">\u201c<\/span><b>Tuy\u00ean th\u1ec7 v\u1ec1 t\u00ean th\u1eadt v\u00e0 b\u00fat danh<\/b><span style=\"font-weight: 400;\">\u201d \u2013 T\u00e0i li\u1ec7u n\u00e0y \u0111\u1ea3m b\u1ea3o r\u1eb1ng kh\u00f4ng ai bi\u1ebft b\u1ea1n s\u1ebd ra T\u00f2a \u0111\u1ec3 xin mi\u1ec5n tr\u1eeb n\u00e0y. N\u00f3 cho ph\u00e9p b\u1ea1n ch\u1ecdn m\u1ed9t t\u00ean kh\u00e1c \u0111\u1ec3 T\u00f2a \u00e1n s\u1eed d\u1ee5ng, thay v\u00ec t\u00ean th\u1eadt c\u1ee7a b\u1ea1n. Sau khi n\u1ed9p \u0111\u01a1n, T\u00f2a \u00e1n s\u1ebd g\u1ecdi b\u1ea1n b\u1eb1ng t\u00ean vi\u1ebft t\u1eaft ho\u1eb7c b\u00fat danh m\u00e0 b\u1ea1n \u0111\u00e3 ch\u1ecdn. T\u00e0i li\u1ec7u n\u00e0y b\u1ea3o v\u1ec7 quy\u1ec1n ph\u00e1 thai c\u1ee7a b\u1ea1n m\u00e0 kh\u00f4ng cho cha m\u1eb9 ho\u1eb7c ng\u01b0\u1eddi gi\u00e1m h\u1ed9 bi\u1ebft.\u00a0<\/span><\/li>\n<li style=\"font-weight: 400;\"><span style=\"font-weight: 400;\"><span style=\"font-weight: 400;\">\u201c<strong>\u0110\u01a1n xin mi\u1ec5n tr\u1eeb t\u01b0 ph\u00e1p \u0111\u1ed1i v\u1edbi s\u1ef1 \u0111\u1ed3ng \u00fd c\u1ee7a cha m\u1eb9 ho\u1eb7c th\u00f4ng b\u00e1o v\u00e0 \u0111\u1ed3ng \u00fd ch\u1ea5m d\u1ee9t thai k\u1ef3<\/strong><\/span><\/span><span style=\"font-weight: 400;\">\u201c- T\u1edd gi\u1ea5y n\u00e0y l\u00e0 y\u00eau c\u1ea7u c\u1ee7a th\u1ea9m ph\u00e1n. B\u1ea1n c\u00f3 th\u1ec3 t\u1ef1 vi\u1ebft \u0111\u01a1n v\u00e0 mang theo, ho\u1eb7c b\u1ea1n c\u00f3 th\u1ec3 \u0111i\u1ec1n v\u00e0o <\/span><span style=\"font-weight: 400;\">h\u00ecnh th\u1ee9c n\u00e0y<\/span><span style=\"font-weight: 400;\">. \u0110\u01a1n th\u1ec9nh c\u1ea7u c\u1ee7a b\u1ea1n ph\u1ea3i bao g\u1ed3m:<\/span>\n<ul>\n<li style=\"font-weight: 400;\"><span style=\"font-weight: 400;\">B\u00fat danh ho\u1eb7c ch\u1eef c\u00e1i \u0111\u1ea7u c\u1ee7a b\u1ea1n (b\u1ea5t k\u1ef3 b\u00fat danh n\u00e0o b\u1ea1n ch\u1ecdn s\u1eed d\u1ee5ng trong Tuy\u00ean b\u1ed1 tuy\u00ean th\u1ec7 v\u1ec1 t\u00ean th\u1eadt v\u00e0 b\u00fat danh)<\/span><\/li>\n<li style=\"font-weight: 400;\"><span style=\"font-weight: 400;\">Tu\u1ed5i c\u1ee7a b\u1ea1n<\/span><\/li>\n<li style=\"font-weight: 400;\"><span style=\"font-weight: 400;\">M\u1ed9t tuy\u00ean b\u1ed1 r\u1eb1ng b\u1ea1n \u0111ang mang thai v\u00e0 cha m\u1eb9 b\u1ea1n kh\u00f4ng bi\u1ebft v\u1ec1 vi\u1ec7c ph\u00e1 thai c\u1ee7a b\u1ea1n v\u00e0 kh\u00f4ng \u0111\u1ed3ng \u00fd cho ph\u00e9p b\u1ea1n ph\u00e1 thai<\/span><\/li>\n<li style=\"font-weight: 400;\"><span style=\"font-weight: 400;\">M\u1ed9t tuy\u00ean b\u1ed1 r\u1eb1ng b\u1ea1n mu\u1ed1n ch\u1ea5m d\u1ee9t thai k\u1ef3 (ph\u00e1 thai)\u00a0<\/span><span style=\"font-weight: 400;\">m\u00e0 kh\u00f4ng c\u1ea7n b\u00e1o cho cha m\u1eb9 ho\u1eb7c ng\u01b0\u1eddi gi\u00e1m h\u1ed9 h\u1ee3p ph\u00e1p c\u1ee7a b\u1ea1n.\u00a0<\/span>H\u00e3y ch\u1eafc ch\u1eafn ki\u1ec3m tra \u201c<strong>s\u1ef1 \u0111\u1ed3ng \u00fd v\u00e0 th\u00f4ng b\u00e1o<\/strong>\u201c.<\/li>\n<li style=\"font-weight: 400;\"><span style=\"font-weight: 400;\">Gi\u1ea3i th\u00edch l\u00fd do b\u1ea1n mu\u1ed1n ch\u1ea5m d\u1ee9t thai k\u1ef3. C\u00f3 3 c\u00e1ch \u0111\u1ec3 b\u1ea1n c\u00f3 th\u1ec3 xin th\u1ea9m ph\u00e1n mi\u1ec5n tr\u1eeb t\u01b0 ph\u00e1p. B\u1ea1n ph\u1ea3i ch\u1ee9ng minh \u00edt nh\u1ea5t 1 trong 3 l\u00fd do \u0111\u00f3. N\u1ebfu c\u00f3 nhi\u1ec1u h\u01a1n m\u1ed9t l\u00fd do \u00e1p d\u1ee5ng cho b\u1ea1n, b\u1ea1n n\u00ean gi\u1ea3i th\u00edch t\u1eebng l\u00fd do \u00e1p d\u1ee5ng. 3 l\u00fd do \u0111\u00f3 l\u00e0:<\/span>\n<ul>\n<li style=\"font-weight: 400;\"><span style=\"font-weight: 400;\">b\u1ea1n \u0111\u00e3 \u0111\u1ee7 tr\u01b0\u1edfng th\u00e0nh \u0111\u1ec3 t\u1ef1 quy\u1ebft \u0111\u1ecbnh xem c\u00f3 n\u00ean ph\u00e1 thai hay kh\u00f4ng;<\/span><\/li>\n<li style=\"font-weight: 400;\"><span style=\"font-weight: 400;\">b\u1ea1n l\u00e0 n\u1ea1n nh\u00e2n c\u1ee7a h\u00e0nh vi l\u1ea1m d\u1ee5ng tr\u1ebb em ho\u1eb7c l\u1ea1m d\u1ee5ng t\u00ecnh d\u1ee5c b\u1edfi m\u1ed9t ho\u1eb7c c\u1ea3 cha m\u1eb9 ho\u1eb7c ng\u01b0\u1eddi gi\u00e1m h\u1ed9 c\u1ee7a b\u1ea1n; ho\u1eb7c<\/span><\/li>\n<li style=\"font-weight: 400;\"><span style=\"font-weight: 400;\">vi\u1ec7c th\u00f4ng b\u00e1o cho cha m\u1eb9 ho\u1eb7c ng\u01b0\u1eddi gi\u00e1m h\u1ed9 h\u1ee3p ph\u00e1p s\u1ebd kh\u00f4ng mang l\u1ea1i l\u1ee3i \u00edch t\u1ed1t nh\u1ea5t cho b\u1ea1n.\u00a0<\/span><\/li>\n<\/ul>\n<\/li>\n<\/ul>\n<\/li>\n<\/ol>\n<p style=\"text-align: center;\"><a href=\"https:\/\/floridareprofreedom.org\/vi\/o-dau\/\"><img decoding=\"async\" class=\"alignnone size-full wp-image-1014\" src=\"https:\/\/floridareprofreedom.org\/wp-content\/uploads\/2020\/05\/previous.gif\" alt=\"\" width=\"231\" height=\"32\" \/><\/a>\u00a0 <a href=\"https:\/\/floridareprofreedom.org\/vi\/phan-xet\/\"><img decoding=\"async\" class=\"alignnone wp-image-1015 size-full\" src=\"https:\/\/floridareprofreedom.org\/wp-content\/uploads\/2020\/05\/next.gif\" alt=\"\" width=\"231\" height=\"32\" \/><\/a><\/p>\n<p><b>C\u00e2u h\u1ecfi li\u00ean quan<\/b><\/p>\n<ul>\n<li><a href=\"https:\/\/floridareprofreedom.org\/vi\/o-dau\/\" data-saferedirecturl=\"https:\/\/www.google.com\/url?q=https:\/\/floridareprofreedom.org\/where\/&amp;source=gmail&amp;ust=1683906476472000&amp;usg=AOvVaw3mu6YVFgqkD4Pez6NjG8ld\">T\u00f4i ph\u1ea3i \u0111\u1ebfn \u0111\u00e2u \u0111\u1ec3 xin \u0111\u01b0\u1ee3c mi\u1ec5n tr\u1eeb t\u01b0 ph\u00e1p?<\/a><\/li>\n<li><a href=\"https:\/\/floridareprofreedom.org\/vi\/cac-hinh-thuc\/\" data-saferedirecturl=\"https:\/\/www.google.com\/url?q=https:\/\/floridareprofreedom.org\/forms\/&amp;source=gmail&amp;ust=1683906476472000&amp;usg=AOvVaw136dOx90JsVdnnw2DC-2w-\">T\u00f4i c\u1ea7n nh\u1eefng m\u1eabu \u0111\u01a1n n\u00e0o?<\/a><\/li>\n<li><a href=\"https:\/\/floridareprofreedom.org\/vi\/phan-xet\/\" data-saferedirecturl=\"https:\/\/www.google.com\/url?q=https:\/\/floridareprofreedom.org\/judge\/&amp;source=gmail&amp;ust=1683906476472000&amp;usg=AOvVaw2P7ymQUJRCzhqMXd4UNaJ7\">Th\u1ea9m ph\u00e1n s\u1ebd xem x\u00e9t \u0111i\u1ec1u g\u00ec?<\/a><\/li>\n<li><a href=\"https:\/\/floridareprofreedom.org\/vi\/luat-su\/\" data-saferedirecturl=\"https:\/\/www.google.com\/url?q=https:\/\/floridareprofreedom.org\/lawyer\/&amp;source=gmail&amp;ust=1683906476472000&amp;usg=AOvVaw1VWcwoUhzhE3Mgd7GYDccH\">T\u00f4i c\u00f3 c\u1ea7n lu\u1eadt s\u01b0 kh\u00f4ng?<\/a><\/li>\n<li><a href=\"https:\/\/floridareprofreedom.org\/vi\/bao-lau\/\" data-saferedirecturl=\"https:\/\/www.google.com\/url?q=https:\/\/floridareprofreedom.org\/howlong\/&amp;source=gmail&amp;ust=1683906476472000&amp;usg=AOvVaw1e3sl8iXIwNIDxaizz5i5g\">Ph\u1ea3i m\u1ea5t bao l\u00e2u \u0111\u1ec3 \u0111\u01b0\u1ee3c mi\u1ec5n tr\u1eeb t\u01b0 ph\u00e1p?<\/a><\/li>\n<li><a href=\"https:\/\/floridareprofreedom.org\/vi\/tri-gia\/\" data-saferedirecturl=\"https:\/\/www.google.com\/url?q=https:\/\/floridareprofreedom.org\/cost\/&amp;source=gmail&amp;ust=1683906476472000&amp;usg=AOvVaw1fuUIxBoSRoq3s7dK2V5gQ\">C\u00f3 t\u1ed1n ti\u1ec1n \u0111\u1ec3 \u0111\u01b0\u1ee3c mi\u1ec5n tr\u1eeb t\u01b0 ph\u00e1p kh\u00f4ng?<\/a><\/li>\n<li><a href=\"https:\/\/floridareprofreedom.org\/vi\/co-ai-biet-khong\/\" data-saferedirecturl=\"https:\/\/www.google.com\/url?q=https:\/\/floridareprofreedom.org\/anyoneknow\/&amp;source=gmail&amp;ust=1683906476472000&amp;usg=AOvVaw37ej9zAF1sjNn2VvNU32l7\">C\u00f3 ai bi\u1ebft li\u1ec7u t\u00f4i c\u00f3 \u0111\u01b0\u1ee3c mi\u1ec5n tr\u1eeb t\u01b0 ph\u00e1p cho vi\u1ec7c ph\u00e1 thai kh\u00f4ng?<\/a><\/li>\n<li><a href=\"https:\/\/floridareprofreedom.org\/vi\/cau-hoitham-phan\/\" data-saferedirecturl=\"https:\/\/www.google.com\/url?q=https:\/\/floridareprofreedom.org\/questionsjudge\/&amp;source=gmail&amp;ust=1683906476472000&amp;usg=AOvVaw3dAjcFd4rHWPQLnuW5luOy\">Th\u1ea9m ph\u00e1n s\u1ebd h\u1ecfi t\u00f4i nh\u1eefng c\u00e2u h\u1ecfi n\u00e0o?<\/a><\/li>\n<li><a href=\"https:\/\/floridareprofreedom.org\/vi\/mac\/\" data-saferedirecturl=\"https:\/\/www.google.com\/url?q=https:\/\/floridareprofreedom.org\/wear\/&amp;source=gmail&amp;ust=1683906476472000&amp;usg=AOvVaw1DZMIlo7hGRfuHrMBramoR\">T\u00f4i n\u00ean m\u1eb7c g\u00ec khi ra t\u00f2a?<\/a><\/li>\n<li><a href=\"https:\/\/floridareprofreedom.org\/vi\/da-len-lich\/\" data-saferedirecturl=\"https:\/\/www.google.com\/url?q=https:\/\/floridareprofreedom.org\/scheduled\/&amp;source=gmail&amp;ust=1683906476472000&amp;usg=AOvVaw1xn17zmaHRp-mTJeGEMVJJ\">\u0110i\u1ec1u g\u00ec s\u1ebd x\u1ea3y ra n\u1ebfu bu\u1ed5i \u0111i\u1ec1u tr\u1ea7n c\u1ee7a t\u00f4i \u0111\u01b0\u1ee3c l\u00ean l\u1ecbch v\u00e0o ng\u00e0y h\u1ecdc?<\/a><\/li>\n<li><a href=\"https:\/\/floridareprofreedom.org\/vi\/nguoi-khac\/\" data-saferedirecturl=\"https:\/\/www.google.com\/url?q=https:\/\/floridareprofreedom.org\/otherperson\/&amp;source=gmail&amp;ust=1683906476472000&amp;usg=AOvVaw3uTwbO2--bonngguSJ12xd\">Ng\u01b0\u1eddi kh\u00e1c c\u00f3 li\u00ean quan \u0111\u1ebfn vi\u1ec7c mang thai c\u1ee7a t\u00f4i c\u00f3 quy\u1ec1n quy\u1ebft \u0111\u1ecbnh vi\u1ec7c t\u00f4i c\u00f3 quy\u1ebft \u0111\u1ecbnh ph\u00e1 thai hay kh\u00f4ng?<\/a><\/li>\n<li><a href=\"https:\/\/floridareprofreedom.org\/vi\/cong-dan\/\" data-saferedirecturl=\"https:\/\/www.google.com\/url?q=https:\/\/floridareprofreedom.org\/citizen\/&amp;source=gmail&amp;ust=1683906476472000&amp;usg=AOvVaw1Y2l43i6aWQo-5DlHJx17Y\">T\u00f4i c\u00f3 c\u1ea7n ph\u1ea3i l\u00e0 c\u00f4ng d\u00e2n Hoa K\u1ef3 m\u1edbi \u0111\u01b0\u1ee3c ph\u00e1 thai kh\u00f4ng? N\u1ebfu t\u00f4i kh\u00f4ng n\u00f3i ti\u1ebfng Anh gi\u1ecfi th\u00ec sao?<\/a><\/li>\n<li><a href=\"https:\/\/floridareprofreedom.org\/vi\/thay-doi\/\" data-saferedirecturl=\"https:\/\/www.google.com\/url?q=https:\/\/floridareprofreedom.org\/change\/&amp;source=gmail&amp;ust=1683906476472000&amp;usg=AOvVaw2NLUMPBzAbIB4_0_AwaxUX\">T\u00f4i c\u00f3 th\u1ec3 thay \u0111\u1ed5i quy\u1ebft \u0111\u1ecbnh sau khi ph\u1eabu thu\u1eadt b\u1eafc c\u1ea7u kh\u00f4ng?<\/a><\/li>\n<li><a href=\"https:\/\/floridareprofreedom.org\/vi\/phu-nhan\/\" data-saferedirecturl=\"https:\/\/www.google.com\/url?q=https:\/\/floridareprofreedom.org\/denies\/&amp;source=gmail&amp;ust=1683906476472000&amp;usg=AOvVaw3bGAnbvux63X3E7mPLosTY\">N\u1ebfu th\u1ea9m ph\u00e1n t\u1eeb ch\u1ed1i y\u00eau c\u1ea7u xin \u0111i \u0111\u01b0\u1eddng v\u00f2ng c\u1ee7a t\u00f4i th\u00ec sao?<\/a><\/li>\n<\/ul>","protected":false},"excerpt":{"rendered":"<p>Ask the clerk at the court house about the forms. Find contact info for each county&#8217;s clerk on the chart on this page. For free legal support from a supportive attorney, visit janenetworkfl.org. In some counties, the clerk will hand them to the teen to complete on their own. In other counties, a clerk will [&hellip;]<\/p>\n","protected":false},"author":3,"featured_media":0,"parent":0,"menu_order":0,"comment_status":"closed","ping_status":"closed","template":"","meta":{"footnotes":""},"folder":[8],"class_list":["post-1081","page","type-page","status-publish","hentry"],"yoast_head":"<!-- This site is optimized with the Yoast SEO plugin v27.3 - https:\/\/yoast.com\/product\/yoast-seo-wordpress\/ -->\n<title>What forms do I need? - Floridians For Reproductive Freedom<\/title>\n<meta name=\"robots\" content=\"index, follow, max-snippet:-1, max-image-preview:large, max-video-preview:-1\" \/>\n<link rel=\"canonical\" href=\"https:\/\/floridareprofreedom.org\/vi\/cac-hinh-thuc\/\" \/>\n<meta property=\"og:locale\" content=\"vi_VN\" \/>\n<meta property=\"og:type\" content=\"article\" \/>\n<meta property=\"og:title\" content=\"What forms do I need? - Floridians For Reproductive Freedom\" \/>\n<meta property=\"og:description\" content=\"Ask the clerk at the court house about the forms. Find contact info for each county&#8217;s clerk on the chart on this page. For free legal support from a supportive attorney, visit janenetworkfl.org. In some counties, the clerk will hand them to the teen to complete on their own. In other counties, a clerk will [&hellip;]\" \/>\n<meta property=\"og:url\" content=\"https:\/\/floridareprofreedom.org\/vi\/cac-hinh-thuc\/\" \/>\n<meta property=\"og:site_name\" content=\"Floridians For Reproductive Freedom\" \/>\n<meta property=\"article:publisher\" content=\"https:\/\/www.facebook.com\/FloridaReproFreedom\/\" \/>\n<meta property=\"article:modified_time\" content=\"2025-10-06T16:29:20+00:00\" \/>\n<meta property=\"og:image\" content=\"https:\/\/floridareprofreedom.org\/wp-content\/uploads\/2023\/05\/Jane.Network.jpg\" \/>\n\t<meta property=\"og:image:width\" content=\"1080\" \/>\n\t<meta property=\"og:image:height\" content=\"1350\" \/>\n\t<meta property=\"og:image:type\" content=\"image\/jpeg\" \/>\n<meta name=\"twitter:card\" content=\"summary_large_image\" \/>\n<meta name=\"twitter:site\" content=\"@FLReproFreedom\" \/>\n<meta name=\"twitter:label1\" content=\"\u01af\u1edbc t\u00ednh th\u1eddi gian \u0111\u1ecdc\" \/>\n\t<meta name=\"twitter:data1\" content=\"4 ph\u00fat\" \/>\n<script type=\"application\/ld+json\" class=\"yoast-schema-graph\">{\"@context\":\"https:\\\/\\\/schema.org\",\"@graph\":[{\"@type\":\"WebPage\",\"@id\":\"https:\\\/\\\/floridareprofreedom.org\\\/forms\\\/\",\"url\":\"https:\\\/\\\/floridareprofreedom.org\\\/forms\\\/\",\"name\":\"What forms do I need? - Floridians For Reproductive Freedom\",\"isPartOf\":{\"@id\":\"https:\\\/\\\/floridareprofreedom.org\\\/#website\"},\"primaryImageOfPage\":{\"@id\":\"https:\\\/\\\/floridareprofreedom.org\\\/forms\\\/#primaryimage\"},\"image\":{\"@id\":\"https:\\\/\\\/floridareprofreedom.org\\\/forms\\\/#primaryimage\"},\"thumbnailUrl\":\"https:\\\/\\\/floridareprofreedom.org\\\/wp-content\\\/uploads\\\/2023\\\/05\\\/Jane.Network-240x300.jpg\",\"datePublished\":\"2020-06-02T17:29:45+00:00\",\"dateModified\":\"2025-10-06T16:29:20+00:00\",\"breadcrumb\":{\"@id\":\"https:\\\/\\\/floridareprofreedom.org\\\/forms\\\/#breadcrumb\"},\"inLanguage\":\"vi\",\"potentialAction\":[{\"@type\":\"ReadAction\",\"target\":[\"https:\\\/\\\/floridareprofreedom.org\\\/forms\\\/\"]}]},{\"@type\":\"ImageObject\",\"inLanguage\":\"vi\",\"@id\":\"https:\\\/\\\/floridareprofreedom.org\\\/forms\\\/#primaryimage\",\"url\":\"https:\\\/\\\/floridareprofreedom.org\\\/wp-content\\\/uploads\\\/2023\\\/05\\\/Jane.Network-240x300.jpg\",\"contentUrl\":\"https:\\\/\\\/floridareprofreedom.org\\\/wp-content\\\/uploads\\\/2023\\\/05\\\/Jane.Network-240x300.jpg\"},{\"@type\":\"BreadcrumbList\",\"@id\":\"https:\\\/\\\/floridareprofreedom.org\\\/forms\\\/#breadcrumb\",\"itemListElement\":[{\"@type\":\"ListItem\",\"position\":1,\"name\":\"Home\",\"item\":\"https:\\\/\\\/floridareprofreedom.org\\\/\"},{\"@type\":\"ListItem\",\"position\":2,\"name\":\"What forms do I need?\"}]},{\"@type\":\"WebSite\",\"@id\":\"https:\\\/\\\/floridareprofreedom.org\\\/#website\",\"url\":\"https:\\\/\\\/floridareprofreedom.org\\\/\",\"name\":\"Floridians For Reproductive Freedom\",\"description\":\"Advocating for convenient, affordable, and safe access to reproductive health care, including abortion.\",\"publisher\":{\"@id\":\"https:\\\/\\\/floridareprofreedom.org\\\/#organization\"},\"potentialAction\":[{\"@type\":\"SearchAction\",\"target\":{\"@type\":\"EntryPoint\",\"urlTemplate\":\"https:\\\/\\\/floridareprofreedom.org\\\/?s={search_term_string}\"},\"query-input\":{\"@type\":\"PropertyValueSpecification\",\"valueRequired\":true,\"valueName\":\"search_term_string\"}}],\"inLanguage\":\"vi\"},{\"@type\":\"Organization\",\"@id\":\"https:\\\/\\\/floridareprofreedom.org\\\/#organization\",\"name\":\"Floridians for Reproductive Freedom\",\"url\":\"https:\\\/\\\/floridareprofreedom.org\\\/\",\"logo\":{\"@type\":\"ImageObject\",\"inLanguage\":\"vi\",\"@id\":\"https:\\\/\\\/floridareprofreedom.org\\\/#\\\/schema\\\/logo\\\/image\\\/\",\"url\":\"https:\\\/\\\/floridareprofreedom.org\\\/wp-content\\\/uploads\\\/2019\\\/05\\\/Untitled.jpg\",\"contentUrl\":\"https:\\\/\\\/floridareprofreedom.org\\\/wp-content\\\/uploads\\\/2019\\\/05\\\/Untitled.jpg\",\"width\":174,\"height\":180,\"caption\":\"Floridians for Reproductive Freedom\"},\"image\":{\"@id\":\"https:\\\/\\\/floridareprofreedom.org\\\/#\\\/schema\\\/logo\\\/image\\\/\"},\"sameAs\":[\"https:\\\/\\\/www.facebook.com\\\/FloridaReproFreedom\\\/\",\"https:\\\/\\\/x.com\\\/FLReproFreedom\",\"https:\\\/\\\/www.instagram.com\\\/floridareprofreedom\\\/\"]}]}<\/script>\n<!-- \/ Yoast SEO plugin. -->","yoast_head_json":{"title":"T\u00f4i c\u1ea7n nh\u1eefng m\u1eabu \u0111\u01a1n n\u00e0o? - Ng\u01b0\u1eddi Florida V\u00ec T\u1ef1 Do Sinh S\u1ea3n","robots":{"index":"index","follow":"follow","max-snippet":"max-snippet:-1","max-image-preview":"max-image-preview:large","max-video-preview":"max-video-preview:-1"},"canonical":"https:\/\/floridareprofreedom.org\/vi\/cac-hinh-thuc\/","og_locale":"vi_VN","og_type":"article","og_title":"What forms do I need? - Floridians For Reproductive Freedom","og_description":"Ask the clerk at the court house about the forms. Find contact info for each county&#8217;s clerk on the chart on this page. For free legal support from a supportive attorney, visit janenetworkfl.org. In some counties, the clerk will hand them to the teen to complete on their own. In other counties, a clerk will [&hellip;]","og_url":"https:\/\/floridareprofreedom.org\/vi\/cac-hinh-thuc\/","og_site_name":"Floridians For Reproductive Freedom","article_publisher":"https:\/\/www.facebook.com\/FloridaReproFreedom\/","article_modified_time":"2025-10-06T16:29:20+00:00","og_image":[{"width":1080,"height":1350,"url":"https:\/\/floridareprofreedom.org\/wp-content\/uploads\/2023\/05\/Jane.Network.jpg","type":"image\/jpeg"}],"twitter_card":"summary_large_image","twitter_site":"@FLReproFreedom","twitter_misc":{"\u01af\u1edbc t\u00ednh th\u1eddi gian \u0111\u1ecdc":"4 ph\u00fat"},"schema":{"@context":"https:\/\/schema.org","@graph":[{"@type":"WebPage","@id":"https:\/\/floridareprofreedom.org\/forms\/","url":"https:\/\/floridareprofreedom.org\/forms\/","name":"T\u00f4i c\u1ea7n nh\u1eefng m\u1eabu \u0111\u01a1n n\u00e0o? - Ng\u01b0\u1eddi Florida V\u00ec T\u1ef1 Do Sinh S\u1ea3n","isPartOf":{"@id":"https:\/\/floridareprofreedom.org\/#website"},"primaryImageOfPage":{"@id":"https:\/\/floridareprofreedom.org\/forms\/#primaryimage"},"image":{"@id":"https:\/\/floridareprofreedom.org\/forms\/#primaryimage"},"thumbnailUrl":"https:\/\/floridareprofreedom.org\/wp-content\/uploads\/2023\/05\/Jane.Network-240x300.jpg","datePublished":"2020-06-02T17:29:45+00:00","dateModified":"2025-10-06T16:29:20+00:00","breadcrumb":{"@id":"https:\/\/floridareprofreedom.org\/forms\/#breadcrumb"},"inLanguage":"vi","potentialAction":[{"@type":"ReadAction","target":["https:\/\/floridareprofreedom.org\/forms\/"]}]},{"@type":"ImageObject","inLanguage":"vi","@id":"https:\/\/floridareprofreedom.org\/forms\/#primaryimage","url":"https:\/\/floridareprofreedom.org\/wp-content\/uploads\/2023\/05\/Jane.Network-240x300.jpg","contentUrl":"https:\/\/floridareprofreedom.org\/wp-content\/uploads\/2023\/05\/Jane.Network-240x300.jpg"},{"@type":"BreadcrumbList","@id":"https:\/\/floridareprofreedom.org\/forms\/#breadcrumb","itemListElement":[{"@type":"ListItem","position":1,"name":"Home","item":"https:\/\/floridareprofreedom.org\/"},{"@type":"ListItem","position":2,"name":"What forms do I need?"}]},{"@type":"WebSite","@id":"https:\/\/floridareprofreedom.org\/#website","url":"https:\/\/floridareprofreedom.org\/","name":"Ng\u01b0\u1eddi Florida v\u00ec T\u1ef1 do Sinh s\u1ea3n","description":"V\u1eadn \u0111\u1ed9ng cho vi\u1ec7c ti\u1ebfp c\u1eadn d\u1ecbch v\u1ee5 ch\u0103m s\u00f3c s\u1ee9c kh\u1ecfe sinh s\u1ea3n, bao g\u1ed3m c\u1ea3 ph\u00e1 thai, m\u1ed9t c\u00e1ch thu\u1eadn ti\u1ec7n, gi\u00e1 c\u1ea3 ph\u1ea3i ch\u0103ng v\u00e0 an to\u00e0n.","publisher":{"@id":"https:\/\/floridareprofreedom.org\/#organization"},"potentialAction":[{"@type":"SearchAction","target":{"@type":"EntryPoint","urlTemplate":"https:\/\/floridareprofreedom.org\/?s={search_term_string}"},"query-input":{"@type":"PropertyValueSpecification","valueRequired":true,"valueName":"search_term_string"}}],"inLanguage":"vi"},{"@type":"Organization","@id":"https:\/\/floridareprofreedom.org\/#organization","name":"Ng\u01b0\u1eddi Florida v\u00ec T\u1ef1 do Sinh s\u1ea3n","url":"https:\/\/floridareprofreedom.org\/","logo":{"@type":"ImageObject","inLanguage":"vi","@id":"https:\/\/floridareprofreedom.org\/#\/schema\/logo\/image\/","url":"https:\/\/floridareprofreedom.org\/wp-content\/uploads\/2019\/05\/Untitled.jpg","contentUrl":"https:\/\/floridareprofreedom.org\/wp-content\/uploads\/2019\/05\/Untitled.jpg","width":174,"height":180,"caption":"Floridians for Reproductive Freedom"},"image":{"@id":"https:\/\/floridareprofreedom.org\/#\/schema\/logo\/image\/"},"sameAs":["https:\/\/www.facebook.com\/FloridaReproFreedom\/","https:\/\/x.com\/FLReproFreedom","https:\/\/www.instagram.com\/floridareprofreedom\/"]}]}},"_links":{"self":[{"href":"https:\/\/floridareprofreedom.org\/vi\/wp-json\/wp\/v2\/pages\/1081","targetHints":{"allow":["GET"]}}],"collection":[{"href":"https:\/\/floridareprofreedom.org\/vi\/wp-json\/wp\/v2\/pages"}],"about":[{"href":"https:\/\/floridareprofreedom.org\/vi\/wp-json\/wp\/v2\/types\/page"}],"author":[{"embeddable":true,"href":"https:\/\/floridareprofreedom.org\/vi\/wp-json\/wp\/v2\/users\/3"}],"replies":[{"embeddable":true,"href":"https:\/\/floridareprofreedom.org\/vi\/wp-json\/wp\/v2\/comments?post=1081"}],"version-history":[{"count":20,"href":"https:\/\/floridareprofreedom.org\/vi\/wp-json\/wp\/v2\/pages\/1081\/revisions"}],"predecessor-version":[{"id":4266,"href":"https:\/\/floridareprofreedom.org\/vi\/wp-json\/wp\/v2\/pages\/1081\/revisions\/4266"}],"wp:attachment":[{"href":"https:\/\/floridareprofreedom.org\/vi\/wp-json\/wp\/v2\/media?parent=1081"}],"wp:term":[{"taxonomy":"folder","embeddable":true,"href":"https:\/\/floridareprofreedom.org\/vi\/wp-json\/wp\/v2\/folder?post=1081"}],"curies":[{"name":"wp","href":"https:\/\/api.w.org\/{rel}","templated":true}]}}