{"id":1233,"date":"2020-08-04T19:00:16","date_gmt":"2020-08-04T19:00:16","guid":{"rendered":"https:\/\/floridareprofreedom.org\/?page_id=1233"},"modified":"2025-06-09T16:08:38","modified_gmt":"2025-06-09T16:08:38","slug":"tu-phap-thay-the-o-florida","status":"publish","type":"page","link":"https:\/\/floridareprofreedom.org\/vi\/alternativa-judicial-en-florida\/","title":{"rendered":"T\u01b0 ph\u00e1p thay th\u1ebf cho vi\u1ec7c ph\u00e1 thai \u1edf Florida"},"content":{"rendered":"<h3>\u27a1\ufe0f<a href=\"https:\/\/floridareprofreedom.org\/vi\/bo-qua-tu-phap\/\">Ti\u1ebfng Anh<\/a><br \/>\n\u27a1\ufe0f<a href=\"https:\/\/floridareprofreedom.org\/vi\/bo-qua-tu-phap\/egzansyon-jidisye-an-florid\/\">Ti\u1ebfng Creole<\/a><\/h3>\n<h1><b><i>Puedes hacerte un aborto sin la can thi\u1ec7p of tus padres<\/i><\/b><\/h1>\n<p><b>La ley de Florida exige que los padres otorguen el permiso a a un whoa menor de 18 a\u00f1os que desee abortar. <\/b><span style=\"font-weight: 400;\">(M\u00e1s infomaci\u00f3n sobre las leyes de <a href=\"https:\/\/reprolegalhelpline.org\/es\/legislacion-sobre-el-aborto-por-estado\/florida\/\">Florida aqu\u00ed<\/a>). Sabemos que la th\u1ecb tr\u01b0\u1edfng los j\u00f3venes hablan v\u1edbi c\u00e1c linh m\u1ee5c c\u1ee7a b\u1ea1n c\u00f3 th\u1ec3 c\u1ea7n ph\u1ea3i ph\u00e1 thai, nh\u01b0ng kh\u00f4ng c\u00f3 kh\u1ea3 n\u0103ng n\u00e0o x\u1ea3y ra, v\u00ec b\u1ea1n c\u00f3 th\u1ec3 \u0111\u1ea3m b\u1ea3o an to\u00e0n ho\u1eb7c v\u00ec kh\u00f3 kh\u0103n v\u1ec1 h\u1eadu c\u1ea7n. T\u1ea5t c\u1ea3 c\u00e1c c\u00e1 nh\u00e2n, s\u1ef1 \u0111\u1ed9c l\u1eadp c\u1ee7a s\u1ef1 ki\u1ec7n \u0111\u00e3 x\u1ea3y ra ho\u1eb7c c\u00e1c v\u00f2ng tu\u1ea7n ho\u00e0n, c\u00f3 th\u1ec3 khi\u1ebfn ng\u01b0\u1eddi ta tham gia v\u00e0o vi\u1ec7c t\u00e1i s\u1ea3n xu\u1ea5t s\u1ef1 ch\u00fa \u00fd, bao g\u1ed3m c\u1ea3 vi\u1ec7c ph\u00e1 thai.<\/span><\/p>\n<p><b>Si no puedes obtener el permiso de tus padres o no puedes ped\u00edrselo, <a href=\"https:\/\/share.hsforms.com\/1jrl5GO2gThWo8Cl3yE7nUgnq4ky\">podr\u00edas ph\u00e1 thai v\u00ec s\u1ef1 can thi\u1ec7p c\u1ee7a c\u00e1c linh m\u1ee5c v\u00ec acudes<\/a> t\u00f2a \u00e1n thua ki\u1ec7n v\u00e0 b\u1ea1n s\u1ebd th\u1eeba nh\u1eadn m\u1ed9t \u201cs\u1ef1 thi h\u00e0nh \u00e1n t\u01b0 ph\u00e1p\u201d.<\/b><\/p>\n<p><span style=\"font-weight: 400;\">\u0110\u00e2y l\u00e0 trata de m\u1ed9t exenci\u00f3n judiciones que te allowir\u00e1 abortar sin la can thi\u1ec7p de tus padres en ciertas situaciones, incluyendo, entre otras, si:<\/span><\/p>\n<ul>\n<li style=\"font-weight: 400;\" aria-level=\"1\"><span style=\"font-weight: 400;\">\u0110\u00e2y l\u00e0 m\u1ed9t h\u1ec7 th\u1ed1ng qu\u1ea3n l\u00fd t\u00e0i ch\u00ednh ho\u1eb7c bajo gi\u00e1m h\u1ed9 c\u00f3 th\u1ec3 can thi\u1ec7p v\u00e0o B\u1ed9 ph\u1eadn Ni\u00f1os v\u00e0 Gia \u0111\u00ecnh Florida.<\/span><\/li>\n<li style=\"font-weight: 400;\" aria-level=\"1\"><span style=\"font-weight: 400;\">B\u1ea1n b\u00e8 c\u1ee7a b\u1ea1n b\u1ecb l\u1ea1m d\u1ee5ng ho\u1eb7c l\u1ea1m d\u1ee5ng t\u00ecnh d\u1ee5c b\u1edfi m\u1ed9t ph\u1ea7n c\u1ee7a b\u1ea1n ho\u1eb7c gia s\u01b0 h\u1ee3p ph\u00e1p.<\/span><\/li>\n<\/ul>\n<p><span style=\"font-weight: 400;\"><br \/>\n<\/span> Debido la la lasricciones al aborto in Florida, \u0111\u00e2y l\u00e0 m\u1ed9t v\u1ee5 ph\u00e1 thai nhanh ch\u00f3ng. N\u1ebfu c\u00e1c t\u00edn ng\u01b0\u1ee1ng c\u1ea7n c\u00f3 m\u1ed9t ngo\u1ea1i l\u1ec7 v\u1ec1 t\u01b0 ph\u00e1p ho\u1eb7c kh\u00f4ng c\u00f3 c\u00e1ch n\u00e0o \u0111\u1ec3 \u0111\u1ea3m b\u1ea3o t\u00ecnh hu\u1ed1ng c\u1ee7a b\u1ea1n b\u1ecb \u1ea3nh h\u01b0\u1edfng b\u1edfi c\u00e1c y\u00eau c\u1ea7u, <b>contacta con <a href=\"https:\/\/share.hsforms.com\/1jrl5GO2gThWo8Cl3yE7nUgnq4ky\">M\u1ea1ng l\u01b0\u1edbi Jane<\/a> \u0111\u1ec3 nh\u1eadn \u0111\u01b0\u1ee3c s\u1ef1 h\u1ed7 tr\u1ee3 ph\u00e1p l\u00fd mi\u1ec5n ph\u00ed. <\/b><span style=\"font-weight: 400;\">M\u1ed9t quy\u1ebft \u0111\u1ecbnh \u0111\u01b0\u1ee3c \u0111\u01b0a ra b\u1edfi t\u00f2a \u00e1n Florida gi\u1edbi h\u1ea1n quy\u1ec1n truy c\u1eadp v\u00e0o th\u1ee7 t\u1ee5c ngo\u1ea1i tr\u1eeb t\u01b0 ph\u00e1p, do The Jane Network c\u00f3 th\u1ec3 cung c\u1ea5p cho b\u1ea1n m\u1ed9t nh\u00e0 cung c\u1ea5p th\u00f4ng tin t\u01b0\u01a1ng \u1ee9ng v\u00e0 c\u00f3 \u0111\u00f3. (Para m\u00e1s information sobre The Jane Network, <\/span><a href=\"https:\/\/www.janenetworkfl.org\/\"><span style=\"font-weight: 400;\">haga clic aqu\u00ed<\/span><\/a><span style=\"font-weight: 400;\">).<\/span><\/p>\n<p><b>Es posible que <\/b><b>KH\u00d4NG <\/b><b>c\u1ea7n c\u00f3 m\u1ed9t ng\u01b0\u1eddi cha, th\u01b0a b\u00e0, gia s\u01b0 ph\u00e1p l\u00fd kh\u00f4ng c\u00f3 quy\u1ec1n x\u00e9t x\u1eed \u0111\u1ec3 ph\u00e1 thai v\u00ec b\u1ea1n \u0111ang \u1edf trong v\u00f2ng tu\u1ea7n ho\u00e0n.<\/b><span style=\"font-weight: 400;\"> Trong nh\u1eefng l\u1eddi k\u00eau g\u1ecdi kh\u00e1c, c\u00f3 th\u1ec3 h\u1ee7y b\u1ecf s\u1ef1 can thi\u1ec7p c\u1ee7a m\u1ed9t v\u1ecb cha ho\u1eb7c m\u1eb9 ho\u1eb7c t\u1ed9i l\u1ed7i khi \u0111\u01b0a ra th\u1ee7 t\u1ee5c thi h\u00e0nh \u00e1n v\u00ec l\u00fd do t\u01b0 ph\u00e1p:<\/span><\/p>\n<ul>\n<li style=\"font-weight: 400;\" aria-level=\"1\"><span style=\"font-weight: 400;\">Has estado o est\u00e1s casada.<\/span><\/li>\n<li style=\"font-weight: 400;\" aria-level=\"1\"><span style=\"font-weight: 400;\">Ya tienes hijos.<\/span><\/li>\n<li style=\"font-weight: 400;\" aria-level=\"1\"><span style=\"font-weight: 400;\">Te emancipaste (removieron tu incapcidad de decidir por no ser mayor de edad) seg\u00fan la ley estal.<\/span><\/li>\n<\/ul>\n<pre id=\"tw-target-text\" class=\"tw-data-text tw-text-large tw-ta\" data-placeholder=\"Translation\" aria-label=\"B\u1ea3n d\u1ecbch: preguntas\" data-ved=\"2ahUKEwjtyrD1ytONAxVmRDABHaAoGjkQ3ewLegQIChAW\"><strong><span class=\"Y2IQFc\" lang=\"es\">C\u00e2u h\u1ecfi:<\/span><\/strong><\/pre>\n<ol>\n<li style=\"font-weight: 400;\"><a href=\"https:\/\/floridareprofreedom.org\/vi\/jb1\/\"><span style=\"font-weight: 400;\">\u00bfQu\u00e9 es m\u1ed9t l\u1ef1a ch\u1ecdn thay th\u1ebf t\u01b0 ph\u00e1p trong tr\u01b0\u1eddng h\u1ee3p c\u1ea7n thi\u1ebft ph\u1ea3i ph\u00e1 thai?<\/span><\/a><\/li>\n<li style=\"font-weight: 400;\"><a href=\"https:\/\/floridareprofreedom.org\/vi\/jb2\/\"><span style=\"font-weight: 400;\">\u00bf<\/span><span style=\"font-weight: 400;\">B\u1ea1n c\u00f3 th\u1ec3 l\u00e0m g\u00ec \u0111\u1ec3 c\u00f3 th\u1ec3 ph\u00e1 thai?<\/span><\/a><\/li>\n<li style=\"font-weight: 400;\"><a href=\"https:\/\/floridareprofreedom.org\/vi\/jb3\/\"><span style=\"font-weight: 400;\">\u00bf<\/span><span style=\"font-weight: 400;\">B\u00ed quy\u1ebft c\u1ee7a c\u00f4ng th\u1ee9c debo llenar<\/span><span style=\"font-weight: 400;\">?<\/span><\/a><\/li>\n<li style=\"font-weight: 400;\"><a href=\"https:\/\/floridareprofreedom.org\/vi\/jb4\/\"><span style=\"font-weight: 400;\">B\u1ea1n \u0111ang xem x\u00e9t quy\u1ebft \u0111\u1ecbnh n\u00e0o \u0111\u1ec3 \u0111\u01b0a ra quy\u1ebft \u0111\u1ecbnh?<\/span><\/a><\/li>\n<li style=\"font-weight: 400;\"><a href=\"https:\/\/floridareprofreedom.org\/vi\/jb5\/\"><span style=\"font-weight: 400;\">\u00bfNecesito un abogado?<\/span><\/a><\/li>\n<li style=\"font-weight: 400;\"><a href=\"https:\/\/floridareprofreedom.org\/vi\/jb6\/\"><span style=\"font-weight: 400;\">\u00bf<\/span><span style=\"font-weight: 400;\">B\u1ea1n c\u00f3 th\u1ec3 ch\u1eadm tr\u1ec5 nh\u1eadn \u0111\u01b0\u1ee3c m\u1ed9t ph\u01b0\u01a1ng \u00e1n t\u01b0 ph\u00e1p thay th\u1ebf kh\u00f4ng?<\/span><\/a><\/li>\n<li style=\"font-weight: 400;\"><a href=\"https:\/\/floridareprofreedom.org\/vi\/jb7\/\"><span style=\"font-weight: 400;\">\u00bf<\/span><span style=\"font-weight: 400;\">B\u1ea1n c\u00f3 th\u1ec3 s\u1eed d\u1ee5ng m\u1ed9t ph\u01b0\u01a1ng \u00e1n t\u01b0 ph\u00e1p thay th\u1ebf kh\u00f4ng?<\/span><\/a><\/li>\n<li style=\"font-weight: 400;\"><a href=\"https:\/\/floridareprofreedom.org\/vi\/jb8\/\"><span style=\"font-weight: 400;\">\u00bf<\/span><span style=\"font-weight: 400;\">B\u1ea1n c\u00f3 mu\u1ed1n \u0111\u0103ng nh\u1eadp \u0111\u1ec3 c\u00f3 \u0111\u01b0\u1ee3c m\u1ed9t ph\u01b0\u01a1ng \u00e1n t\u01b0 ph\u00e1p thay th\u1ebf kh\u00f4ng?<\/span><\/a><\/li>\n<li style=\"font-weight: 400;\"><a href=\"https:\/\/floridareprofreedom.org\/vi\/jb9\/\"><span style=\"font-weight: 400;\">\u00bf<\/span><span style=\"font-weight: 400;\">B\u1ea1n c\u00f3 mu\u1ed1n l\u00e0m \u0111i\u1ec1u \u0111\u00f3 v\u1edbi t\u00f4i kh\u00f4ng?<\/span><\/a><\/li>\n<li style=\"font-weight: 400;\"><a href=\"https:\/\/floridareprofreedom.org\/vi\/jb10\/\"><span style=\"font-weight: 400;\">\u00bf<\/span><span style=\"font-weight: 400;\">Qu\u00e9 vestimenta debo usar para ir a la corte?<\/span><\/a><\/li>\n<li style=\"font-weight: 400;\"><a href=\"https:\/\/floridareprofreedom.org\/vi\/jb11\/\"><span style=\"font-weight: 400;\">\u00bf<\/span><span style=\"font-weight: 400;\">Qu\u00e9 suceder\u00eda si mi kh\u00e1n gi\u1ea3 l\u00e0 ch\u01b0\u01a1ng tr\u00ecnh d\u00e0nh cho m\u1ed9t ng\u00e0y h\u1ecdc t\u1eadp<\/span><span style=\"font-weight: 400;\">?<\/span><\/a><\/li>\n<li style=\"font-weight: 400;\"><a href=\"https:\/\/floridareprofreedom.org\/vi\/jb12\/\"><span style=\"font-weight: 400;\">\u00bf<\/span><span style=\"font-weight: 400;\">Ng\u01b0\u1eddi n\u00e0y c\u00f3 li\u00ean quan \u0111\u1ebfn t\u00f4i v\u00e0 t\u00f4i c\u00f3 th\u1ec3 c\u00f3 kh\u1ea3 n\u0103ng quy\u1ebft \u0111\u1ecbnh m\u1ed9t c\u00e1ch t\u1ec9nh t\u00e1o v\u1ec1 vi\u1ec7c kh\u00f4ng th\u1ef1c hi\u1ec7n vi\u1ec7c ph\u00e1 thai<\/span><\/a><span style=\"font-weight: 400;\">?\u00a0<\/span><\/li>\n<li style=\"font-weight: 400;\"><a href=\"https:\/\/floridareprofreedom.org\/vi\/jb13\/\"><span style=\"font-weight: 400;\">\u00a0<\/span><span style=\"font-weight: 400;\">\u00bf<\/span><span style=\"font-weight: 400;\">B\u1ea1n c\u00f3 mu\u1ed1n ng\u01b0\u1eddi M\u1ef9 th\u1ef1c h\u00e0nh vi\u1ec7c ph\u00e1 thai kh\u00f4ng? <\/span><span style=\"font-weight: 400;\">\u00bf<\/span><span style=\"font-weight: 400;\">B\u1ea1n c\u00f3 mu\u1ed1n giao ti\u1ebfp v\u1edbi ng\u01b0\u1eddi n\u01b0\u1edbc ngo\u00e0i kh\u00f4ng?\u00a0<\/span><\/a><\/li>\n<li style=\"font-weight: 400;\"><a href=\"https:\/\/floridareprofreedom.org\/vi\/jb14\/\"><span style=\"font-weight: 400;\">\u00bf<\/span><span style=\"font-weight: 400;\">B\u1ea1n c\u00f3 th\u1ec3 \u0111\u01b0a ra quy\u1ebft \u0111\u1ecbnh sau khi c\u00f3 m\u1ed9t ph\u01b0\u01a1ng \u00e1n t\u01b0 ph\u00e1p thay th\u1ebf?<\/span><\/a><\/li>\n<li><a href=\"https:\/\/floridareprofreedom.org\/vi\/jb15\/\"><span style=\"font-weight: 400;\">\u00bf<\/span><span style=\"font-weight: 400;\">Qu\u00e9 pasa si el juez niega mi petici\u00f3n<\/span><span style=\"font-weight: 400;\">?<\/span><\/a><\/li>\n<\/ol>\n<p><strong><br \/>\n\u00bfC\u00e1c th\u00f4ng tin xe bu\u00fdt c\u00f3 th\u1ec3 \u0111\u01b0\u1ee3c cung c\u1ea5p m\u1ed9t c\u00e1ch thay th\u1ebf cho ho\u1ea1t \u0111\u1ed9ng t\u01b0 ph\u00e1p \u1edf th\u00e0nh ph\u1ed1 Florida? <\/strong><a href=\"https:\/\/reprolegalhelpline.org\/es\/\"><span style=\"font-weight: 400;\">H\u00e3y xem b\u00ed danh m\u1edbi nh\u1ea5t c\u1ee7a If\/When\/How \u0111\u1ec3 h\u1ed7 tr\u1ee3.<\/span><\/a><\/p>\n<p><a href=\"https:\/\/www.janenetworkfl.org\/\"><img fetchpriority=\"high\" decoding=\"async\" class=\"alignnone size-full wp-image-1141\" src=\"https:\/\/floridareprofreedom.org\/wp-content\/uploads\/2020\/06\/webpage-image-JB-website-1.png\" alt=\"Thanh thi\u1ebfu ni\u00ean \u1edf Florida c\u00f3 th\u1ec3 ph\u00e1 thai m\u00e0 kh\u00f4ng c\u1ea7n s\u1ef1 ch\u1ea5p thu\u1eadn c\u1ee7a cha m\u1eb9.\" width=\"820\" height=\"312\" srcset=\"https:\/\/floridareprofreedom.org\/wp-content\/uploads\/2020\/06\/webpage-image-JB-website-1.png 820w, https:\/\/floridareprofreedom.org\/wp-content\/uploads\/2020\/06\/webpage-image-JB-website-1-300x114.png 300w, https:\/\/floridareprofreedom.org\/wp-content\/uploads\/2020\/06\/webpage-image-JB-website-1-768x292.png 768w\" sizes=\"(max-width: 820px) 100vw, 820px\" \/><\/a><\/p>","protected":false},"excerpt":{"rendered":"<p>\u27a1\ufe0fEnglish \u27a1\ufe0fCreole Puedes hacerte un aborto sin la intervenci\u00f3n de tus padres La ley de Florida exige que los padres otorguen el permiso a una persona menor de 18 a\u00f1os que desee abortar. (M\u00e1s informaci\u00f3n sobre las leyes de Florida aqu\u00ed). Sabemos que la mayor\u00eda de los j\u00f3venes hablan con sus padres cuando necesitan un [&hellip;]<\/p>\n","protected":false},"author":3,"featured_media":0,"parent":0,"menu_order":0,"comment_status":"closed","ping_status":"closed","template":"","meta":{"footnotes":""},"folder":[9],"class_list":["post-1233","page","type-page","status-publish","hentry"],"yoast_head":"<!-- This site is optimized with the Yoast SEO plugin v27.3 - https:\/\/yoast.com\/product\/yoast-seo-wordpress\/ -->\n<title>Alternativa Judicial para un aborto en Florida - Floridians For Reproductive Freedom<\/title>\n<meta name=\"description\" content=\"Si no puedes obtener el permiso de tus padres o no puedes ped\u00edrselo, podr\u00edas abortar sin la intervenci\u00f3n de tus padres si acudes a los tribunales y se te concede una &quot;exenci\u00f3n judicial&quot;.\" \/>\n<meta name=\"robots\" content=\"index, follow, max-snippet:-1, max-image-preview:large, max-video-preview:-1\" \/>\n<link rel=\"canonical\" href=\"https:\/\/floridareprofreedom.org\/vi\/tu-phap-thay-the-o-florida\/\" \/>\n<meta property=\"og:locale\" content=\"vi_VN\" \/>\n<meta property=\"og:type\" content=\"article\" \/>\n<meta property=\"og:title\" content=\"Alternativa Judicial para un aborto en Florida - Floridians For Reproductive Freedom\" \/>\n<meta property=\"og:description\" content=\"Si no puedes obtener el permiso de tus padres o no puedes ped\u00edrselo, podr\u00edas abortar sin la intervenci\u00f3n de tus padres si acudes a los tribunales y se te concede una &quot;exenci\u00f3n judicial&quot;.\" \/>\n<meta property=\"og:url\" content=\"https:\/\/floridareprofreedom.org\/vi\/tu-phap-thay-the-o-florida\/\" \/>\n<meta property=\"og:site_name\" content=\"Floridians For Reproductive Freedom\" \/>\n<meta property=\"article:publisher\" content=\"https:\/\/www.facebook.com\/FloridaReproFreedom\/\" \/>\n<meta property=\"article:modified_time\" content=\"2025-06-09T16:08:38+00:00\" \/>\n<meta property=\"og:image\" content=\"https:\/\/floridareprofreedom.org\/wp-content\/uploads\/2020\/06\/webpage-image-JB-website-1.png\" \/>\n\t<meta property=\"og:image:width\" content=\"820\" \/>\n\t<meta property=\"og:image:height\" content=\"312\" \/>\n\t<meta property=\"og:image:type\" content=\"image\/png\" \/>\n<meta name=\"twitter:card\" content=\"summary_large_image\" \/>\n<meta name=\"twitter:site\" content=\"@FLReproFreedom\" \/>\n<meta name=\"twitter:label1\" content=\"\u01af\u1edbc t\u00ednh th\u1eddi gian \u0111\u1ecdc\" \/>\n\t<meta name=\"twitter:data1\" content=\"3 ph\u00fat\" \/>\n<script type=\"application\/ld+json\" class=\"yoast-schema-graph\">{\"@context\":\"https:\\\/\\\/schema.org\",\"@graph\":[{\"@type\":\"WebPage\",\"@id\":\"https:\\\/\\\/floridareprofreedom.org\\\/alternativa-judicial-en-florida\\\/\",\"url\":\"https:\\\/\\\/floridareprofreedom.org\\\/alternativa-judicial-en-florida\\\/\",\"name\":\"Alternativa Judicial para un aborto en Florida - Floridians For Reproductive Freedom\",\"isPartOf\":{\"@id\":\"https:\\\/\\\/floridareprofreedom.org\\\/#website\"},\"primaryImageOfPage\":{\"@id\":\"https:\\\/\\\/floridareprofreedom.org\\\/alternativa-judicial-en-florida\\\/#primaryimage\"},\"image\":{\"@id\":\"https:\\\/\\\/floridareprofreedom.org\\\/alternativa-judicial-en-florida\\\/#primaryimage\"},\"thumbnailUrl\":\"https:\\\/\\\/floridareprofreedom.org\\\/wp-content\\\/uploads\\\/2020\\\/06\\\/webpage-image-JB-website-1.png\",\"datePublished\":\"2020-08-04T19:00:16+00:00\",\"dateModified\":\"2025-06-09T16:08:38+00:00\",\"description\":\"Si no puedes obtener el permiso de tus padres o no puedes ped\u00edrselo, podr\u00edas abortar sin la intervenci\u00f3n de tus padres si acudes a los tribunales y se te concede una \\\"exenci\u00f3n judicial\\\".\",\"breadcrumb\":{\"@id\":\"https:\\\/\\\/floridareprofreedom.org\\\/alternativa-judicial-en-florida\\\/#breadcrumb\"},\"inLanguage\":\"vi\",\"potentialAction\":[{\"@type\":\"ReadAction\",\"target\":[\"https:\\\/\\\/floridareprofreedom.org\\\/alternativa-judicial-en-florida\\\/\"]}]},{\"@type\":\"ImageObject\",\"inLanguage\":\"vi\",\"@id\":\"https:\\\/\\\/floridareprofreedom.org\\\/alternativa-judicial-en-florida\\\/#primaryimage\",\"url\":\"https:\\\/\\\/floridareprofreedom.org\\\/wp-content\\\/uploads\\\/2020\\\/06\\\/webpage-image-JB-website-1.png\",\"contentUrl\":\"https:\\\/\\\/floridareprofreedom.org\\\/wp-content\\\/uploads\\\/2020\\\/06\\\/webpage-image-JB-website-1.png\"},{\"@type\":\"BreadcrumbList\",\"@id\":\"https:\\\/\\\/floridareprofreedom.org\\\/alternativa-judicial-en-florida\\\/#breadcrumb\",\"itemListElement\":[{\"@type\":\"ListItem\",\"position\":1,\"name\":\"Home\",\"item\":\"https:\\\/\\\/floridareprofreedom.org\\\/\"},{\"@type\":\"ListItem\",\"position\":2,\"name\":\"Alternativa Judicial para un aborto en Florida\"}]},{\"@type\":\"WebSite\",\"@id\":\"https:\\\/\\\/floridareprofreedom.org\\\/#website\",\"url\":\"https:\\\/\\\/floridareprofreedom.org\\\/\",\"name\":\"Floridians For Reproductive Freedom\",\"description\":\"Advocating for convenient, affordable, and safe access to reproductive health care, including abortion.\",\"publisher\":{\"@id\":\"https:\\\/\\\/floridareprofreedom.org\\\/#organization\"},\"potentialAction\":[{\"@type\":\"SearchAction\",\"target\":{\"@type\":\"EntryPoint\",\"urlTemplate\":\"https:\\\/\\\/floridareprofreedom.org\\\/?s={search_term_string}\"},\"query-input\":{\"@type\":\"PropertyValueSpecification\",\"valueRequired\":true,\"valueName\":\"search_term_string\"}}],\"inLanguage\":\"vi\"},{\"@type\":\"Organization\",\"@id\":\"https:\\\/\\\/floridareprofreedom.org\\\/#organization\",\"name\":\"Floridians for Reproductive Freedom\",\"url\":\"https:\\\/\\\/floridareprofreedom.org\\\/\",\"logo\":{\"@type\":\"ImageObject\",\"inLanguage\":\"vi\",\"@id\":\"https:\\\/\\\/floridareprofreedom.org\\\/#\\\/schema\\\/logo\\\/image\\\/\",\"url\":\"https:\\\/\\\/floridareprofreedom.org\\\/wp-content\\\/uploads\\\/2019\\\/05\\\/Untitled.jpg\",\"contentUrl\":\"https:\\\/\\\/floridareprofreedom.org\\\/wp-content\\\/uploads\\\/2019\\\/05\\\/Untitled.jpg\",\"width\":174,\"height\":180,\"caption\":\"Floridians for Reproductive Freedom\"},\"image\":{\"@id\":\"https:\\\/\\\/floridareprofreedom.org\\\/#\\\/schema\\\/logo\\\/image\\\/\"},\"sameAs\":[\"https:\\\/\\\/www.facebook.com\\\/FloridaReproFreedom\\\/\",\"https:\\\/\\\/x.com\\\/FLReproFreedom\",\"https:\\\/\\\/www.instagram.com\\\/floridareprofreedom\\\/\"]}]}<\/script>\n<!-- \/ Yoast SEO plugin. -->","yoast_head_json":{"title":"T\u01b0 ph\u00e1p thay th\u1ebf cho vi\u1ec7c ph\u00e1 thai \u1edf Florida - Ng\u01b0\u1eddi d\u00e2n Florida v\u00ec quy\u1ec1n t\u1ef1 do sinh s\u1ea3n","description":"N\u1ebfu kh\u00f4ng c\u00f3 ng\u01b0\u1eddi nh\u1eadn \u0111\u01b0\u1ee3c s\u1ef1 cho ph\u00e9p c\u1ee7a c\u00e1c cha ho\u1eb7c kh\u00f4ng c\u00f3 ng\u01b0\u1eddi c\u00f3 t\u1ed9i, c\u00f3 th\u1ec3 ph\u00e1 b\u1ecf s\u1ef1 can thi\u1ec7p c\u1ee7a c\u00e1c cha n\u1ebfu ch\u1ea5p nh\u1eadn thua t\u00f2a \u00e1n v\u00e0 th\u1eeba nh\u1eadn m\u1ed9t &quot;s\u1ef1 thi h\u00e0nh \u00e1n&quot;.","robots":{"index":"index","follow":"follow","max-snippet":"max-snippet:-1","max-image-preview":"max-image-preview:large","max-video-preview":"max-video-preview:-1"},"canonical":"https:\/\/floridareprofreedom.org\/vi\/tu-phap-thay-the-o-florida\/","og_locale":"vi_VN","og_type":"article","og_title":"Alternativa Judicial para un aborto en Florida - Floridians For Reproductive Freedom","og_description":"Si no puedes obtener el permiso de tus padres o no puedes ped\u00edrselo, podr\u00edas abortar sin la intervenci\u00f3n de tus padres si acudes a los tribunales y se te concede una \"exenci\u00f3n judicial\".","og_url":"https:\/\/floridareprofreedom.org\/vi\/tu-phap-thay-the-o-florida\/","og_site_name":"Floridians For Reproductive Freedom","article_publisher":"https:\/\/www.facebook.com\/FloridaReproFreedom\/","article_modified_time":"2025-06-09T16:08:38+00:00","og_image":[{"width":820,"height":312,"url":"https:\/\/floridareprofreedom.org\/wp-content\/uploads\/2020\/06\/webpage-image-JB-website-1.png","type":"image\/png"}],"twitter_card":"summary_large_image","twitter_site":"@FLReproFreedom","twitter_misc":{"\u01af\u1edbc t\u00ednh th\u1eddi gian \u0111\u1ecdc":"3 ph\u00fat"},"schema":{"@context":"https:\/\/schema.org","@graph":[{"@type":"WebPage","@id":"https:\/\/floridareprofreedom.org\/alternativa-judicial-en-florida\/","url":"https:\/\/floridareprofreedom.org\/alternativa-judicial-en-florida\/","name":"T\u01b0 ph\u00e1p thay th\u1ebf cho vi\u1ec7c ph\u00e1 thai \u1edf Florida - Ng\u01b0\u1eddi d\u00e2n Florida v\u00ec quy\u1ec1n t\u1ef1 do sinh s\u1ea3n","isPartOf":{"@id":"https:\/\/floridareprofreedom.org\/#website"},"primaryImageOfPage":{"@id":"https:\/\/floridareprofreedom.org\/alternativa-judicial-en-florida\/#primaryimage"},"image":{"@id":"https:\/\/floridareprofreedom.org\/alternativa-judicial-en-florida\/#primaryimage"},"thumbnailUrl":"https:\/\/floridareprofreedom.org\/wp-content\/uploads\/2020\/06\/webpage-image-JB-website-1.png","datePublished":"2020-08-04T19:00:16+00:00","dateModified":"2025-06-09T16:08:38+00:00","description":"N\u1ebfu kh\u00f4ng c\u00f3 ng\u01b0\u1eddi nh\u1eadn \u0111\u01b0\u1ee3c s\u1ef1 cho ph\u00e9p c\u1ee7a c\u00e1c cha ho\u1eb7c kh\u00f4ng c\u00f3 ng\u01b0\u1eddi c\u00f3 t\u1ed9i, c\u00f3 th\u1ec3 ph\u00e1 b\u1ecf s\u1ef1 can thi\u1ec7p c\u1ee7a c\u00e1c cha n\u1ebfu ch\u1ea5p nh\u1eadn thua t\u00f2a \u00e1n v\u00e0 th\u1eeba nh\u1eadn m\u1ed9t &quot;s\u1ef1 thi h\u00e0nh \u00e1n&quot;.","breadcrumb":{"@id":"https:\/\/floridareprofreedom.org\/alternativa-judicial-en-florida\/#breadcrumb"},"inLanguage":"vi","potentialAction":[{"@type":"ReadAction","target":["https:\/\/floridareprofreedom.org\/alternativa-judicial-en-florida\/"]}]},{"@type":"ImageObject","inLanguage":"vi","@id":"https:\/\/floridareprofreedom.org\/alternativa-judicial-en-florida\/#primaryimage","url":"https:\/\/floridareprofreedom.org\/wp-content\/uploads\/2020\/06\/webpage-image-JB-website-1.png","contentUrl":"https:\/\/floridareprofreedom.org\/wp-content\/uploads\/2020\/06\/webpage-image-JB-website-1.png"},{"@type":"BreadcrumbList","@id":"https:\/\/floridareprofreedom.org\/alternativa-judicial-en-florida\/#breadcrumb","itemListElement":[{"@type":"ListItem","position":1,"name":"Home","item":"https:\/\/floridareprofreedom.org\/"},{"@type":"ListItem","position":2,"name":"Alternativa Judicial para un aborto en Florida"}]},{"@type":"WebSite","@id":"https:\/\/floridareprofreedom.org\/#website","url":"https:\/\/floridareprofreedom.org\/","name":"Ng\u01b0\u1eddi Florida v\u00ec T\u1ef1 do Sinh s\u1ea3n","description":"V\u1eadn \u0111\u1ed9ng cho vi\u1ec7c ti\u1ebfp c\u1eadn d\u1ecbch v\u1ee5 ch\u0103m s\u00f3c s\u1ee9c kh\u1ecfe sinh s\u1ea3n, bao g\u1ed3m c\u1ea3 ph\u00e1 thai, m\u1ed9t c\u00e1ch thu\u1eadn ti\u1ec7n, gi\u00e1 c\u1ea3 ph\u1ea3i ch\u0103ng v\u00e0 an to\u00e0n.","publisher":{"@id":"https:\/\/floridareprofreedom.org\/#organization"},"potentialAction":[{"@type":"SearchAction","target":{"@type":"EntryPoint","urlTemplate":"https:\/\/floridareprofreedom.org\/?s={search_term_string}"},"query-input":{"@type":"PropertyValueSpecification","valueRequired":true,"valueName":"search_term_string"}}],"inLanguage":"vi"},{"@type":"Organization","@id":"https:\/\/floridareprofreedom.org\/#organization","name":"Ng\u01b0\u1eddi Florida v\u00ec T\u1ef1 do Sinh s\u1ea3n","url":"https:\/\/floridareprofreedom.org\/","logo":{"@type":"ImageObject","inLanguage":"vi","@id":"https:\/\/floridareprofreedom.org\/#\/schema\/logo\/image\/","url":"https:\/\/floridareprofreedom.org\/wp-content\/uploads\/2019\/05\/Untitled.jpg","contentUrl":"https:\/\/floridareprofreedom.org\/wp-content\/uploads\/2019\/05\/Untitled.jpg","width":174,"height":180,"caption":"Floridians for Reproductive Freedom"},"image":{"@id":"https:\/\/floridareprofreedom.org\/#\/schema\/logo\/image\/"},"sameAs":["https:\/\/www.facebook.com\/FloridaReproFreedom\/","https:\/\/x.com\/FLReproFreedom","https:\/\/www.instagram.com\/floridareprofreedom\/"]}]}},"_links":{"self":[{"href":"https:\/\/floridareprofreedom.org\/vi\/wp-json\/wp\/v2\/pages\/1233","targetHints":{"allow":["GET"]}}],"collection":[{"href":"https:\/\/floridareprofreedom.org\/vi\/wp-json\/wp\/v2\/pages"}],"about":[{"href":"https:\/\/floridareprofreedom.org\/vi\/wp-json\/wp\/v2\/types\/page"}],"author":[{"embeddable":true,"href":"https:\/\/floridareprofreedom.org\/vi\/wp-json\/wp\/v2\/users\/3"}],"replies":[{"embeddable":true,"href":"https:\/\/floridareprofreedom.org\/vi\/wp-json\/wp\/v2\/comments?post=1233"}],"version-history":[{"count":14,"href":"https:\/\/floridareprofreedom.org\/vi\/wp-json\/wp\/v2\/pages\/1233\/revisions"}],"predecessor-version":[{"id":4086,"href":"https:\/\/floridareprofreedom.org\/vi\/wp-json\/wp\/v2\/pages\/1233\/revisions\/4086"}],"wp:attachment":[{"href":"https:\/\/floridareprofreedom.org\/vi\/wp-json\/wp\/v2\/media?parent=1233"}],"wp:term":[{"taxonomy":"folder","embeddable":true,"href":"https:\/\/floridareprofreedom.org\/vi\/wp-json\/wp\/v2\/folder?post=1233"}],"curies":[{"name":"wp","href":"https:\/\/api.w.org\/{rel}","templated":true}]}}