{"id":1251,"date":"2020-08-05T12:43:20","date_gmt":"2020-08-05T12:43:20","guid":{"rendered":"https:\/\/floridareprofreedom.org\/?page_id=1251"},"modified":"2020-08-05T12:43:20","modified_gmt":"2020-08-05T12:43:20","slug":"jb1","status":"publish","type":"page","link":"https:\/\/floridareprofreedom.org\/vi\/jb1\/","title":{"rendered":"B\u1ea1n c\u00f3 m\u1ed9t l\u1ef1a ch\u1ecdn t\u01b0 ph\u00e1p thay th\u1ebf \u0111\u1ec3 c\u00f3 th\u1ec3 ph\u00e1 thai?"},"content":{"rendered":"<p><span style=\"font-weight: 400;\">B\u1ea1n c\u00f3 th\u1ec3 l\u00e0m vi\u1ec7c \u1edf Florida kh\u00f4ng c\u00f3 kh\u1ea3 n\u0103ng l\u00e0m vi\u1ec7c v\u1edbi gia \u0111\u00ecnh c\u1ee7a b\u1ea1n khi \u0111\u01b0a ra c\u00e1c quy\u1ebft \u0111\u1ecbnh y t\u1ebf nh\u01b0 m\u1ed9t c\u00e1ch th\u1ef1c h\u00e0nh ph\u00e1 thai, b\u1ea1n c\u00f3 th\u1ec3 c\u00f3 m\u1ed9t l\u1ef1a ch\u1ecdn thay th\u1ebf t\u01b0 ph\u00e1p conocida tambi\u00e9n nh\u01b0 m\u1ed9t bi\u1ec7n ph\u00e1p th\u1ef1c thi v\u1ecf n\u00e3o. M\u1ed9t gi\u1ea3i ph\u00e1p thay th\u1ebf t\u01b0 ph\u00e1p cho ph\u00e9p m\u1ed9t ng\u01b0\u1eddi tr\u1ebb tu\u1ed5i 18 tu\u1ed5i th\u1ef1c hi\u1ec7n vi\u1ec7c ph\u00e1 b\u1ecf t\u1ed9i can thi\u1ec7p c\u1ee7a c\u00e1c cha.<\/span><\/p>\n<p><span style=\"font-weight: 400;\">\u0110\u1ec3 c\u00f3 \u0111\u01b0\u1ee3c m\u1ed9t l\u1ef1a ch\u1ecdn thay th\u1ebf v\u1ec1 m\u1eb7t t\u01b0 ph\u00e1p, lu\u1eadt s\u01b0 tranh lu\u1eadn c\u00f3 th\u1ec3 \u0111\u01b0\u1ee3c ph\u00e9p tr\u1ef1c ti\u1ebfp ra t\u00f2a. Th\u1ecb tr\u01b0\u1edfng c\u1ee7a c\u00e1c c\u00e1 nh\u00e2n c\u00f3 th\u1ec3 l\u00e0m vi\u1ec7c trong m\u1ed9t c\u0103n h\u1ed9 ri\u00eang, n\u1ebfu b\u1ea1n b\u1eadn t\u00e2m \u0111\u1ebfn quy\u1ec1n ri\u00eang t\u01b0 c\u1ee7a m\u00ecnh, b\u1ea1n c\u00f3 th\u1ec3 y\u00eau c\u1ea7u m\u1ed9t nh\u00f3m ng\u01b0\u1eddi trong m\u1ed9t c\u0103n h\u1ed9 nh\u1ecf c\u00f3 th\u1ec3 l\u00e0m vi\u1ec7c trong m\u1ea1ch \u0111i\u1ec7n v\u00e0 cu\u1ed9c s\u1ed1ng c\u1ee7a b\u1ea1n. C\u0103n h\u1ed9 \u1edf Florida \u0111\u01b0\u1ee3c thi\u1ebft k\u1ebf ph\u00f9 h\u1ee3p v\u1edbi 20 v\u00f2ng quanh. B\u1ea1n c\u00f3 th\u1ec3 \u0111\u1ed1i m\u1eb7t v\u1edbi condado trong danh s\u00e1ch b\u1ea3n \u0111\u1ed3 \u0111\u1ec3 x\u00e1c \u0111\u1ecbnh m\u1ed9t v\u00f2ng quanh cu\u1ed9c s\u1ed1ng. Chi ti\u1ebft v\u1ec1 m\u1ed9t trong nh\u1eefng \u0111i\u1ec1u \u0111\u00f3 v\u00e0 m\u1ed9t c\u00e1ch t\u1ec9nh t\u00e1o v\u1edbi nh\u1eefng \u0111i\u1ec1u b\u1ea1n c\u00f3 th\u1ec3 l\u00e0m trong cada condado, d\u00f3nde hay disponibilidad est\u00e1n enumerados abajo. B\u1ea1n c\u00f3 th\u1ec3 y\u00eau c\u1ea7u m\u1ed9t c\u01a1 quan t\u01b0 ph\u00e1p thay th\u1ebf, xem x\u00e9t li\u00ean h\u1ec7 v\u1edbi Th\u01b0 k\u00fd T\u00f2a \u00e1n \u0111\u1ec3 d\u1ef1 \u0111o\u00e1n s\u1ebd x\u00e1c minh \u0111\u01b0\u1ee3c \u0111i\u1ec1u \u0111\u00f3 v\u00e0 b\u1ea1n c\u1ea7n ph\u1ea3i l\u00e0m g\u00ec \u0111\u1ec3 c\u00f3 th\u1ec3 b\u1eaft \u0111\u1ea7u qu\u00e1 tr\u00ecnh n\u00e0y. \u0110\u00e2y l\u00e0 nh\u1eefng s\u1ef1 kh\u00e1c bi\u1ec7t gi\u1eefa c\u0103n h\u1ed9 v\u00e0 c\u0103n h\u1ed9. X\u00e1c nh\u1eadn s\u01a1 b\u1ed9 v\u1ec1 th\u1eddi gian ph\u1ee5c v\u1ee5 c\u1ee7a b\u1ea1n, ubicaci\u00f3n v\u00e0 estacionamiento.\u00a0<\/span><\/p>\n<p><span style=\"font-weight: 400;\">Debes Completear l\u00e0 nh\u1eefng l\u1eddi y\u00eau c\u1ea7u \u0111\u1ea7u ti\u00ean. T\u1ea3i xu\u1ed1ng l\u1eddi y\u00eau c\u1ea7u <\/span><a href=\"https:\/\/drive.google.com\/open?id=1viS619hMmAFomyK2ANCK1TPd-l4qF18E\"><span style=\"font-weight: 400;\">\u0111\u00e2y.<\/span><\/a><\/p>\n<p><span style=\"font-weight: 400;\">Trong nhi\u1ec1u c\u0103n h\u1ed9, t\u00f4i \u0111ang lo l\u1eafng v\u1ec1 vi\u1ec7c c\u00f3 th\u1ec3 l\u00e0m \u0111i\u1ec1u \u0111\u00f3 v\u1edbi l\u1eddi khuy\u00ean. En otros condados, un oficinista de la corte te puede ayudar llenando las phi\u1ec1n t\u01b0, mientras que en otros, puedes hacer una cita con un abogado de la corte. B\u1ea1n c\u00f3 th\u1ec3 xin \u00fd ki\u1ebfn ho\u1eb7c c\u00f3 th\u1ec3 xin \u00fd ki\u1ebfn c\u1ee7a b\u1ea1n. Mira la siguiente gr\u00e1fica abajo para que sepas c\u00f3mo llenar las lo l\u1eafng v\u1ec1 b\u1ea1n condado.<\/span><\/p>\n<ol>\n<li style=\"font-weight: 400;\"><span style=\"font-weight: 400;\">\u201cTuy\u00ean b\u1ed1 v\u1ec1 t\u00ean th\u1eadt v\u00e0 b\u00fat danh\u201d \u2013 (Declaraci\u00f3n Jurada de Nombre Verdadero o Seud\u00f3nimo) Este documento protege tu identidad y asegura que nadie sepa que fuiste a la corte a pedir esta exenci\u00f3n. B\u1ea1n c\u00f3 th\u1ec3 x\u00e1c \u0111\u1ecbnh danh t\u00ednh c\u1ee7a m\u00ecnh b\u1eb1ng c\u00e1ch s\u1eed d\u1ee5ng v\u1ecf n\u00e3o tr\u00ean \u0111\u01b0\u1eddng \u0111i c\u1ee7a b\u1ea1n. M\u1ed9t trong nh\u1eefng l\u00fd do \u0111\u01b0\u1ee3c y\u00eau c\u1ea7u l\u00e0 ng\u01b0\u1eddi gi\u1edbi thi\u1ec7u s\u1ebd \u0111\u01b0\u1ee3c s\u1eed d\u1ee5ng \u0111\u1ec3 b\u1eaft \u0111\u1ea7u ho\u1eb7c ng\u01b0\u1eddi ph\u1ee5 n\u1eef m\u00e0 b\u1ea1n y\u00eau c\u1ea7u. \u0110\u00f3 l\u00e0 l\u00fd do t\u1ea1i sao b\u1ea1n c\u00f3 th\u1ec3 ph\u00e1 thai v\u00ec b\u1ea1n l\u00e0 cha m\u1eb9 ho\u1eb7c ng\u01b0\u1eddi gi\u00e1m s\u00e1t b\u1ea1n \u0111\u00e3 nh\u1eadp.\u00a0<\/span><\/li>\n<li style=\"font-weight: 400;\"><span style=\"font-weight: 400;\">\u201c\u0110\u01a1n th\u1ec9nh c\u1ea7u b\u1ecf qua t\u01b0 ph\u00e1p\u201d \u2013 \u0110\u01a1n th\u1ec9nh c\u1ea7u thay th\u1ebf t\u01b0 ph\u00e1p: Este documento es una petici\u00f3n del juez. B\u1ea1n c\u00f3 th\u1ec3 vi\u1ebft th\u01b0 cho m\u00ecnh b\u1eb1ng c\u00e1ch vi\u1ebft \u0111\u01a1n th\u1ec9nh c\u1ea7u ho\u1eb7c traerla contigo ho\u1eb7c puedes llenar esta petici\u00f3n. La misma bao g\u1ed3m:\u00a0<\/span>\n<ol>\n<li style=\"font-weight: 400;\"><span style=\"font-weight: 400;\">B\u1ea1n seud\u00f3nimo o iniciales (cualquiera que escojas en tu Declaraci\u00f3n Jurada de Nombre Verdadero o pseud\u00f3nimo.<\/span><\/li>\n<li style=\"font-weight: 400;\"><span style=\"font-weight: 400;\">\u00a0Edad<\/span><\/li>\n<li style=\"font-weight: 400;\"><span style=\"font-weight: 400;\">M\u1ed9t tuy\u00ean b\u1ed1 r\u1eb1ng b\u1ea1n \u0111ang b\u1ecb \u00e9p bu\u1ed9c v\u00e0 b\u1ea1n kh\u00f4ng th\u1ec3 ph\u00e1 thai v\u00e0 kh\u00f4ng c\u00f3 quy\u1ec1n t\u1ef1 \u0111\u1ed9ng th\u1ef1c hi\u1ec7n vi\u1ec7c ph\u00e1 thai.\u00a0<\/span><\/li>\n<li style=\"font-weight: 400;\"><span style=\"font-weight: 400;\">M\u1ed9t tuy\u00ean b\u1ed1 v\u1ec1 vi\u1ec7c b\u1ea1n c\u1ea7n ch\u1ea5m d\u1ee9t h\u1ed9i th\u1ea3o v\u1edbi b\u1ea1n \u0111\u1ec3 gi\u1ea3i quy\u1ebft c\u00e1c linh m\u1ee5c ho\u1eb7c ng\u01b0\u1eddi gi\u00e1m h\u1ed9 c\u1ee7a b\u1ea1n\u00a0<\/span><\/li>\n<li style=\"font-weight: 400;\"><span style=\"font-weight: 400;\">M\u1ed9t l\u1eddi gi\u1ea3i th\u00edch v\u1ec1 vi\u1ec7c b\u1ea1n c\u00f3 th\u1ec3 l\u00e0m phi\u1ec1n b\u1ea1n. H\u00e3y l\u00e0m theo nh\u1eefng c\u00e1ch n\u00e0y \u0111\u1ec3 c\u00f3 th\u1ec3 \u0111\u1ea3m b\u1ea3o m\u1ed9t ph\u01b0\u01a1ng \u00e1n t\u01b0 ph\u00e1p thay th\u1ebf. Debes probar una de esas tres razones. N\u1ebfu c\u00f3 m\u1ed9t trong nh\u1eefng \u1ee9ng d\u1ee5ng thay th\u1ebf kh\u00e1c, b\u1ea1n c\u00f3 th\u1ec3 gi\u1ea3i th\u00edch l\u00fd do t\u1ea1i sao \u1ee9ng d\u1ee5ng n\u00e0y c\u00f3 th\u1ec3 \u0111\u01b0\u1ee3c \u00e1p d\u1ee5ng. Las tres razones son: 1) eres suficiente madura o (maduro) para decidir si te haces un aborto 2) eres v\u00edctima de abuso dom\u00e9stico o sex de parte de tus padres o custodios o 3) notificar a uno de tus padres o custodios no es una alternativa que velar\u00e1 por tus mejores intereses.<\/span><\/li>\n<\/ol>\n<\/li>\n<\/ol>\n<p><span style=\"font-weight: 400;\">Sau khi li\u00ean h\u1ec7 v\u1edbi t\u00f2a \u00e1n, m\u1ed9t kh\u00e1n gi\u1ea3 ri\u00eang t\u01b0 c\u00f3 th\u1ec3 \u0111i\u1ec1u ph\u1ed1i vi\u00ean c\u00f3 th\u1ec3 gi\u1ea3i quy\u1ebft v\u1ea5n \u0111\u1ec1 b\u1eb1ng c\u00e1ch c\u00f3 \u0111\u1ee7 th\u00f4ng tin v\u00e0 c\u00f3 th\u1ec3 cung c\u1ea5p th\u00f4ng tin \u0111\u1ec3 gi\u1ea3i quy\u1ebft v\u1ea5n \u0111\u1ec1 c\u1ee7a embarazo.\u00a0<\/span><\/p>\n<p><span style=\"font-weight: 400;\">Th\u00f4ng tin chi ti\u1ebft h\u01a1n v\u1ec1 nh\u1eefng c\u00e2n nh\u1eafc c\u1ee7a b\u1ea1n khi truy c\u1eadp trang n\u00e0y: <\/span><span style=\"font-weight: 400;\">\u00bf<\/span><a href=\"https:\/\/docs.google.com\/document\/d\/1gKdZWhxA6vWq61MQlltSlIT6OnKWRn-mpuE8VF7EjgY\/edit?usp=sharing\"><span style=\"font-weight: 400;\">que tomar\u00e1 v\u00e0 xem x\u00e9t c\u00f4ng vi\u1ec7c<\/span><\/a><span style=\"font-weight: 400;\">?<\/span><\/p>\n<p><span style=\"font-weight: 400;\">**N\u1ebfu b\u1ea1n \u0111ang c\u00e2n nh\u1eafc vi\u1ec7c gi\u1ea3i quy\u1ebft v\u1ea5n \u0111\u1ec1 c\u1ee7a m\u00ecnh th\u00ec b\u1ea1n c\u00f3 th\u1ec3 \u0111\u01b0a ra quy\u1ebft \u0111\u1ecbnh khi c\u1ea7n thi\u1ebft ph\u1ea3i l\u00e0m nh\u01b0 v\u1eady \u0111\u1ec3 c\u00f3 th\u1ec3 th\u1ef1c hi\u1ec7n \u0111\u01b0\u1ee3c, b\u1ea1n c\u00f3 th\u1ec3 \u0111\u1ed1i m\u1eb7t v\u1edbi l\u1ee3i \u00edch c\u1ee7a m\u00ecnh trong th\u1eddi gian n\u00e0y <\/span><a href=\"https:\/\/janesdueprocess.org\/blog\/talking-to-parents-about-abortion\/\"><span style=\"font-weight: 400;\">bit\u00e1cora <\/span><\/a><span style=\"font-weight: 400;\">creada por nuestros b\u00ed danh, Th\u1ee7 t\u1ee5c t\u1ed1 t\u1ee5ng c\u1ee7a Jane.\u00a0<\/span><\/p>\n<p><img fetchpriority=\"high\" decoding=\"async\" class=\"alignnone size-full wp-image-1001\" src=\"https:\/\/floridareprofreedom.org\/wp-content\/uploads\/2020\/05\/flcircuitmap.jpeg\" alt=\"\" width=\"465\" height=\"390\" srcset=\"https:\/\/floridareprofreedom.org\/wp-content\/uploads\/2020\/05\/flcircuitmap.jpeg 465w, https:\/\/floridareprofreedom.org\/wp-content\/uploads\/2020\/05\/flcircuitmap-300x252.jpeg 300w\" sizes=\"(max-width: 465px) 100vw, 465px\" \/><\/p>\n<p><iframe src=\"https:\/\/docs.google.com\/spreadsheets\/d\/e\/2PACX-1vQB6krgtRma-96mkc9NufqrFn2t3gYItPYTXhaTc_euzRTZEXyRs9x90T-YutHr6CS_eNVijuyheuHR\/pubhtml?gid=1415876535&amp;single=true&amp;widget=true&amp;headers=false\" width=\"850\" height=\"1200\"><\/iframe><\/p>\n<p style=\"text-align: center;\"><a href=\"https:\/\/floridareprofreedom.org\/vi\/tu-phap-thay-the-o-florida\/\">Regresar al inicio<\/a>\u00a0 \u00a0 |\u00a0 <a href=\"https:\/\/floridareprofreedom.org\/vi\/jb2\/\">Ti\u1ebfp theo Trang<\/a><\/p>\n<p><b>Preguntas Relacionadas<\/b><\/p>\n<ol>\n<li style=\"font-weight: 400;\"><span style=\"font-weight: 400;\"><a href=\"https:\/\/floridareprofreedom.org\/vi\/jb1\/\">\u00bf<\/a><a href=\"https:\/\/floridareprofreedom.org\/vi\/jb1\/\">\u0110\u00f3 l\u00e0 m\u1ed9t l\u1ef1a ch\u1ecdn thay th\u1ebf v\u1ec1 m\u1eb7t t\u01b0 ph\u00e1p trong tr\u01b0\u1eddng h\u1ee3p c\u1ea7n thi\u1ebft ph\u1ea3i ph\u00e1 thai?<\/a><\/span><\/li>\n<li style=\"font-weight: 400;\"><a href=\"https:\/\/floridareprofreedom.org\/vi\/jb2\/\"><span style=\"font-weight: 400;\">\u00bf<\/span><span style=\"font-weight: 400;\">B\u1ea1n c\u00f3 th\u1ec3 l\u00e0m g\u00ec \u0111\u1ec3 c\u00f3 th\u1ec3 ph\u00e1 thai?<\/span><\/a><\/li>\n<li style=\"font-weight: 400;\"><a href=\"https:\/\/floridareprofreedom.org\/vi\/jb3\/\"><span style=\"font-weight: 400;\">\u00bf<\/span><span style=\"font-weight: 400;\">B\u00ed quy\u1ebft c\u1ee7a c\u00f4ng th\u1ee9c debo llenar<\/span><span style=\"font-weight: 400;\">?<\/span><\/a><\/li>\n<li style=\"font-weight: 400;\"><a href=\"https:\/\/floridareprofreedom.org\/vi\/jb4\/\"><span style=\"font-weight: 400;\">B\u1ea1n \u0111ang xem x\u00e9t quy\u1ebft \u0111\u1ecbnh n\u00e0o \u0111\u1ec3 \u0111\u01b0a ra quy\u1ebft \u0111\u1ecbnh?<\/span><\/a><\/li>\n<li style=\"font-weight: 400;\"><a href=\"https:\/\/floridareprofreedom.org\/vi\/jb5\/\"><span style=\"font-weight: 400;\">\u00bfNecesito un abogado?<\/span><\/a><\/li>\n<li style=\"font-weight: 400;\"><a href=\"https:\/\/floridareprofreedom.org\/vi\/jb6\/\"><span style=\"font-weight: 400;\">\u00bf<\/span><span style=\"font-weight: 400;\">B\u1ea1n c\u00f3 th\u1ec3 ch\u1eadm tr\u1ec5 nh\u1eadn \u0111\u01b0\u1ee3c m\u1ed9t ph\u01b0\u01a1ng \u00e1n t\u01b0 ph\u00e1p thay th\u1ebf kh\u00f4ng?<\/span><\/a><\/li>\n<li style=\"font-weight: 400;\"><a href=\"https:\/\/floridareprofreedom.org\/vi\/jb7\/\"><span style=\"font-weight: 400;\">\u00bf<\/span><span style=\"font-weight: 400;\">B\u1ea1n c\u00f3 th\u1ec3 s\u1eed d\u1ee5ng m\u1ed9t ph\u01b0\u01a1ng \u00e1n t\u01b0 ph\u00e1p thay th\u1ebf kh\u00f4ng?<\/span><\/a><\/li>\n<li style=\"font-weight: 400;\"><a href=\"https:\/\/floridareprofreedom.org\/vi\/jb8\/\"><span style=\"font-weight: 400;\">\u00bf<\/span><span style=\"font-weight: 400;\">B\u1ea1n c\u00f3 mu\u1ed1n \u0111\u0103ng nh\u1eadp \u0111\u1ec3 c\u00f3 \u0111\u01b0\u1ee3c m\u1ed9t ph\u01b0\u01a1ng \u00e1n t\u01b0 ph\u00e1p thay th\u1ebf kh\u00f4ng?<\/span><\/a><\/li>\n<li style=\"font-weight: 400;\"><a href=\"https:\/\/floridareprofreedom.org\/vi\/jb9\/\"><span style=\"font-weight: 400;\">\u00bf<\/span><span style=\"font-weight: 400;\">B\u1ea1n c\u00f3 mu\u1ed1n l\u00e0m \u0111i\u1ec1u \u0111\u00f3 v\u1edbi t\u00f4i kh\u00f4ng?<\/span><\/a><\/li>\n<li style=\"font-weight: 400;\"><a href=\"https:\/\/floridareprofreedom.org\/vi\/jb10\/\"><span style=\"font-weight: 400;\">\u00bf<\/span><span style=\"font-weight: 400;\">Qu\u00e9 vestimenta debo usar para ir a la corte?<\/span><\/a><\/li>\n<li style=\"font-weight: 400;\"><a href=\"https:\/\/floridareprofreedom.org\/vi\/jb11\/\"><span style=\"font-weight: 400;\">\u00bf<\/span><span style=\"font-weight: 400;\">Qu\u00e9 suceder\u00eda si mi kh\u00e1n gi\u1ea3 l\u00e0 ch\u01b0\u01a1ng tr\u00ecnh d\u00e0nh cho m\u1ed9t ng\u00e0y h\u1ecdc t\u1eadp<\/span><span style=\"font-weight: 400;\">?<\/span><\/a><\/li>\n<li style=\"font-weight: 400;\"><a href=\"https:\/\/floridareprofreedom.org\/vi\/jb12\/\"><span style=\"font-weight: 400;\">\u00bf<\/span><span style=\"font-weight: 400;\">Ng\u01b0\u1eddi n\u00e0y c\u00f3 li\u00ean quan \u0111\u1ebfn t\u00f4i v\u00e0 t\u00f4i c\u00f3 th\u1ec3 c\u00f3 kh\u1ea3 n\u0103ng quy\u1ebft \u0111\u1ecbnh m\u1ed9t c\u00e1ch t\u1ec9nh t\u00e1o v\u1ec1 vi\u1ec7c kh\u00f4ng th\u1ef1c hi\u1ec7n vi\u1ec7c ph\u00e1 thai<\/span><\/a><span style=\"font-weight: 400;\">?\u00a0<\/span><\/li>\n<li style=\"font-weight: 400;\"><a href=\"https:\/\/floridareprofreedom.org\/vi\/jb13\/\"><span style=\"font-weight: 400;\">\u00a0<\/span><span style=\"font-weight: 400;\">\u00bf<\/span><span style=\"font-weight: 400;\">B\u1ea1n c\u00f3 mu\u1ed1n ng\u01b0\u1eddi M\u1ef9 th\u1ef1c h\u00e0nh vi\u1ec7c ph\u00e1 thai kh\u00f4ng? <\/span><span style=\"font-weight: 400;\">\u00bf<\/span><span style=\"font-weight: 400;\">B\u1ea1n c\u00f3 mu\u1ed1n giao ti\u1ebfp v\u1edbi ng\u01b0\u1eddi n\u01b0\u1edbc ngo\u00e0i kh\u00f4ng?\u00a0<\/span><\/a><\/li>\n<li style=\"font-weight: 400;\"><a href=\"https:\/\/floridareprofreedom.org\/vi\/jb14\/\"><span style=\"font-weight: 400;\">\u00bf<\/span><span style=\"font-weight: 400;\">B\u1ea1n c\u00f3 th\u1ec3 \u0111\u01b0a ra quy\u1ebft \u0111\u1ecbnh sau khi c\u00f3 m\u1ed9t ph\u01b0\u01a1ng \u00e1n t\u01b0 ph\u00e1p thay th\u1ebf?<\/span><\/a><\/li>\n<li><a href=\"https:\/\/floridareprofreedom.org\/vi\/jb15\/\"><span style=\"font-weight: 400;\">\u00bf<\/span><span style=\"font-weight: 400;\">Qu\u00e9 pasa si el juez niega mi petici\u00f3n<\/span><span style=\"font-weight: 400;\">?<\/span><\/a><\/li>\n<\/ol>","protected":false},"excerpt":{"rendered":"<p>Cuando un joven floridano no puede hablar con su familia sobre sus decisiones m\u00e9dicas como la de practicarse un aborto, tiene la opci\u00f3n de conseguir una alternativa judicial conocida tambi\u00e9n como una exenci\u00f3n de la corte. Una alternativa judicial le permite a los j\u00f3venes menores de 18 a\u00f1os realizarse un aborto sin la intervenci\u00f3n de [&hellip;]<\/p>\n","protected":false},"author":4,"featured_media":0,"parent":0,"menu_order":0,"comment_status":"closed","ping_status":"closed","template":"","meta":{"footnotes":""},"folder":[9],"class_list":["post-1251","page","type-page","status-publish","hentry"],"yoast_head":"<!-- This site is optimized with the Yoast SEO plugin v27.3 - https:\/\/yoast.com\/product\/yoast-seo-wordpress\/ -->\n<title>\u00bfQu\u00e9 es una alternativa judicial para poder hacerme un aborto? - Floridians For Reproductive Freedom<\/title>\n<meta name=\"robots\" content=\"index, follow, max-snippet:-1, max-image-preview:large, max-video-preview:-1\" \/>\n<link rel=\"canonical\" href=\"https:\/\/floridareprofreedom.org\/vi\/jb1\/\" \/>\n<meta property=\"og:locale\" content=\"vi_VN\" \/>\n<meta property=\"og:type\" content=\"article\" \/>\n<meta property=\"og:title\" content=\"\u00bfQu\u00e9 es una alternativa judicial para poder hacerme un aborto? - Floridians For Reproductive Freedom\" \/>\n<meta property=\"og:description\" content=\"Cuando un joven floridano no puede hablar con su familia sobre sus decisiones m\u00e9dicas como la de practicarse un aborto, tiene la opci\u00f3n de conseguir una alternativa judicial conocida tambi\u00e9n como una exenci\u00f3n de la corte. Una alternativa judicial le permite a los j\u00f3venes menores de 18 a\u00f1os realizarse un aborto sin la intervenci\u00f3n de [&hellip;]\" \/>\n<meta property=\"og:url\" content=\"https:\/\/floridareprofreedom.org\/vi\/jb1\/\" \/>\n<meta property=\"og:site_name\" content=\"Floridians For Reproductive Freedom\" \/>\n<meta property=\"article:publisher\" content=\"https:\/\/www.facebook.com\/FloridaReproFreedom\/\" \/>\n<meta property=\"og:image\" content=\"https:\/\/floridareprofreedom.org\/wp-content\/uploads\/2020\/05\/flcircuitmap.jpeg\" \/>\n<meta name=\"twitter:card\" content=\"summary_large_image\" \/>\n<meta name=\"twitter:site\" content=\"@FLReproFreedom\" \/>\n<meta name=\"twitter:label1\" content=\"\u01af\u1edbc t\u00ednh th\u1eddi gian \u0111\u1ecdc\" \/>\n\t<meta name=\"twitter:data1\" content=\"4 ph\u00fat\" \/>\n<script type=\"application\/ld+json\" class=\"yoast-schema-graph\">{\"@context\":\"https:\\\/\\\/schema.org\",\"@graph\":[{\"@type\":\"WebPage\",\"@id\":\"https:\\\/\\\/floridareprofreedom.org\\\/jb1\\\/\",\"url\":\"https:\\\/\\\/floridareprofreedom.org\\\/jb1\\\/\",\"name\":\"\u00bfQu\u00e9 es una alternativa judicial para poder hacerme un aborto? - Floridians For Reproductive Freedom\",\"isPartOf\":{\"@id\":\"https:\\\/\\\/floridareprofreedom.org\\\/#website\"},\"primaryImageOfPage\":{\"@id\":\"https:\\\/\\\/floridareprofreedom.org\\\/jb1\\\/#primaryimage\"},\"image\":{\"@id\":\"https:\\\/\\\/floridareprofreedom.org\\\/jb1\\\/#primaryimage\"},\"thumbnailUrl\":\"https:\\\/\\\/floridareprofreedom.org\\\/wp-content\\\/uploads\\\/2020\\\/05\\\/flcircuitmap.jpeg\",\"datePublished\":\"2020-08-05T12:43:20+00:00\",\"breadcrumb\":{\"@id\":\"https:\\\/\\\/floridareprofreedom.org\\\/jb1\\\/#breadcrumb\"},\"inLanguage\":\"vi\",\"potentialAction\":[{\"@type\":\"ReadAction\",\"target\":[\"https:\\\/\\\/floridareprofreedom.org\\\/jb1\\\/\"]}]},{\"@type\":\"ImageObject\",\"inLanguage\":\"vi\",\"@id\":\"https:\\\/\\\/floridareprofreedom.org\\\/jb1\\\/#primaryimage\",\"url\":\"https:\\\/\\\/floridareprofreedom.org\\\/wp-content\\\/uploads\\\/2020\\\/05\\\/flcircuitmap.jpeg\",\"contentUrl\":\"https:\\\/\\\/floridareprofreedom.org\\\/wp-content\\\/uploads\\\/2020\\\/05\\\/flcircuitmap.jpeg\"},{\"@type\":\"BreadcrumbList\",\"@id\":\"https:\\\/\\\/floridareprofreedom.org\\\/jb1\\\/#breadcrumb\",\"itemListElement\":[{\"@type\":\"ListItem\",\"position\":1,\"name\":\"Home\",\"item\":\"https:\\\/\\\/floridareprofreedom.org\\\/\"},{\"@type\":\"ListItem\",\"position\":2,\"name\":\"\u00bfQu\u00e9 es una alternativa judicial para poder hacerme un aborto?\"}]},{\"@type\":\"WebSite\",\"@id\":\"https:\\\/\\\/floridareprofreedom.org\\\/#website\",\"url\":\"https:\\\/\\\/floridareprofreedom.org\\\/\",\"name\":\"Floridians For Reproductive Freedom\",\"description\":\"Advocating for convenient, affordable, and safe access to reproductive health care, including abortion.\",\"publisher\":{\"@id\":\"https:\\\/\\\/floridareprofreedom.org\\\/#organization\"},\"potentialAction\":[{\"@type\":\"SearchAction\",\"target\":{\"@type\":\"EntryPoint\",\"urlTemplate\":\"https:\\\/\\\/floridareprofreedom.org\\\/?s={search_term_string}\"},\"query-input\":{\"@type\":\"PropertyValueSpecification\",\"valueRequired\":true,\"valueName\":\"search_term_string\"}}],\"inLanguage\":\"vi\"},{\"@type\":\"Organization\",\"@id\":\"https:\\\/\\\/floridareprofreedom.org\\\/#organization\",\"name\":\"Floridians for Reproductive Freedom\",\"url\":\"https:\\\/\\\/floridareprofreedom.org\\\/\",\"logo\":{\"@type\":\"ImageObject\",\"inLanguage\":\"vi\",\"@id\":\"https:\\\/\\\/floridareprofreedom.org\\\/#\\\/schema\\\/logo\\\/image\\\/\",\"url\":\"https:\\\/\\\/floridareprofreedom.org\\\/wp-content\\\/uploads\\\/2019\\\/05\\\/Untitled.jpg\",\"contentUrl\":\"https:\\\/\\\/floridareprofreedom.org\\\/wp-content\\\/uploads\\\/2019\\\/05\\\/Untitled.jpg\",\"width\":174,\"height\":180,\"caption\":\"Floridians for Reproductive Freedom\"},\"image\":{\"@id\":\"https:\\\/\\\/floridareprofreedom.org\\\/#\\\/schema\\\/logo\\\/image\\\/\"},\"sameAs\":[\"https:\\\/\\\/www.facebook.com\\\/FloridaReproFreedom\\\/\",\"https:\\\/\\\/x.com\\\/FLReproFreedom\",\"https:\\\/\\\/www.instagram.com\\\/floridareprofreedom\\\/\"]}]}<\/script>\n<!-- \/ Yoast SEO plugin. -->","yoast_head_json":{"title":"B\u1ea1n c\u00f3 m\u1ed9t l\u1ef1a ch\u1ecdn t\u01b0 ph\u00e1p thay th\u1ebf \u0111\u1ec3 c\u00f3 th\u1ec3 ph\u00e1 thai? - Ng\u01b0\u1eddi d\u00e2n Florida v\u00ec t\u1ef1 do sinh s\u1ea3n","robots":{"index":"index","follow":"follow","max-snippet":"max-snippet:-1","max-image-preview":"max-image-preview:large","max-video-preview":"max-video-preview:-1"},"canonical":"https:\/\/floridareprofreedom.org\/vi\/jb1\/","og_locale":"vi_VN","og_type":"article","og_title":"\u00bfQu\u00e9 es una alternativa judicial para poder hacerme un aborto? - Floridians For Reproductive Freedom","og_description":"Cuando un joven floridano no puede hablar con su familia sobre sus decisiones m\u00e9dicas como la de practicarse un aborto, tiene la opci\u00f3n de conseguir una alternativa judicial conocida tambi\u00e9n como una exenci\u00f3n de la corte. Una alternativa judicial le permite a los j\u00f3venes menores de 18 a\u00f1os realizarse un aborto sin la intervenci\u00f3n de [&hellip;]","og_url":"https:\/\/floridareprofreedom.org\/vi\/jb1\/","og_site_name":"Floridians For Reproductive Freedom","article_publisher":"https:\/\/www.facebook.com\/FloridaReproFreedom\/","og_image":[{"url":"https:\/\/floridareprofreedom.org\/wp-content\/uploads\/2020\/05\/flcircuitmap.jpeg","type":"","width":"","height":""}],"twitter_card":"summary_large_image","twitter_site":"@FLReproFreedom","twitter_misc":{"\u01af\u1edbc t\u00ednh th\u1eddi gian \u0111\u1ecdc":"4 ph\u00fat"},"schema":{"@context":"https:\/\/schema.org","@graph":[{"@type":"WebPage","@id":"https:\/\/floridareprofreedom.org\/jb1\/","url":"https:\/\/floridareprofreedom.org\/jb1\/","name":"B\u1ea1n c\u00f3 m\u1ed9t l\u1ef1a ch\u1ecdn t\u01b0 ph\u00e1p thay th\u1ebf \u0111\u1ec3 c\u00f3 th\u1ec3 ph\u00e1 thai? - Ng\u01b0\u1eddi d\u00e2n Florida v\u00ec t\u1ef1 do sinh s\u1ea3n","isPartOf":{"@id":"https:\/\/floridareprofreedom.org\/#website"},"primaryImageOfPage":{"@id":"https:\/\/floridareprofreedom.org\/jb1\/#primaryimage"},"image":{"@id":"https:\/\/floridareprofreedom.org\/jb1\/#primaryimage"},"thumbnailUrl":"https:\/\/floridareprofreedom.org\/wp-content\/uploads\/2020\/05\/flcircuitmap.jpeg","datePublished":"2020-08-05T12:43:20+00:00","breadcrumb":{"@id":"https:\/\/floridareprofreedom.org\/jb1\/#breadcrumb"},"inLanguage":"vi","potentialAction":[{"@type":"ReadAction","target":["https:\/\/floridareprofreedom.org\/jb1\/"]}]},{"@type":"ImageObject","inLanguage":"vi","@id":"https:\/\/floridareprofreedom.org\/jb1\/#primaryimage","url":"https:\/\/floridareprofreedom.org\/wp-content\/uploads\/2020\/05\/flcircuitmap.jpeg","contentUrl":"https:\/\/floridareprofreedom.org\/wp-content\/uploads\/2020\/05\/flcircuitmap.jpeg"},{"@type":"BreadcrumbList","@id":"https:\/\/floridareprofreedom.org\/jb1\/#breadcrumb","itemListElement":[{"@type":"ListItem","position":1,"name":"Home","item":"https:\/\/floridareprofreedom.org\/"},{"@type":"ListItem","position":2,"name":"\u00bfQu\u00e9 es una alternativa judicial para poder hacerme un aborto?"}]},{"@type":"WebSite","@id":"https:\/\/floridareprofreedom.org\/#website","url":"https:\/\/floridareprofreedom.org\/","name":"Ng\u01b0\u1eddi Florida v\u00ec T\u1ef1 do Sinh s\u1ea3n","description":"V\u1eadn \u0111\u1ed9ng cho vi\u1ec7c ti\u1ebfp c\u1eadn d\u1ecbch v\u1ee5 ch\u0103m s\u00f3c s\u1ee9c kh\u1ecfe sinh s\u1ea3n, bao g\u1ed3m c\u1ea3 ph\u00e1 thai, m\u1ed9t c\u00e1ch thu\u1eadn ti\u1ec7n, gi\u00e1 c\u1ea3 ph\u1ea3i ch\u0103ng v\u00e0 an to\u00e0n.","publisher":{"@id":"https:\/\/floridareprofreedom.org\/#organization"},"potentialAction":[{"@type":"SearchAction","target":{"@type":"EntryPoint","urlTemplate":"https:\/\/floridareprofreedom.org\/?s={search_term_string}"},"query-input":{"@type":"PropertyValueSpecification","valueRequired":true,"valueName":"search_term_string"}}],"inLanguage":"vi"},{"@type":"Organization","@id":"https:\/\/floridareprofreedom.org\/#organization","name":"Ng\u01b0\u1eddi Florida v\u00ec T\u1ef1 do Sinh s\u1ea3n","url":"https:\/\/floridareprofreedom.org\/","logo":{"@type":"ImageObject","inLanguage":"vi","@id":"https:\/\/floridareprofreedom.org\/#\/schema\/logo\/image\/","url":"https:\/\/floridareprofreedom.org\/wp-content\/uploads\/2019\/05\/Untitled.jpg","contentUrl":"https:\/\/floridareprofreedom.org\/wp-content\/uploads\/2019\/05\/Untitled.jpg","width":174,"height":180,"caption":"Floridians for Reproductive Freedom"},"image":{"@id":"https:\/\/floridareprofreedom.org\/#\/schema\/logo\/image\/"},"sameAs":["https:\/\/www.facebook.com\/FloridaReproFreedom\/","https:\/\/x.com\/FLReproFreedom","https:\/\/www.instagram.com\/floridareprofreedom\/"]}]}},"_links":{"self":[{"href":"https:\/\/floridareprofreedom.org\/vi\/wp-json\/wp\/v2\/pages\/1251","targetHints":{"allow":["GET"]}}],"collection":[{"href":"https:\/\/floridareprofreedom.org\/vi\/wp-json\/wp\/v2\/pages"}],"about":[{"href":"https:\/\/floridareprofreedom.org\/vi\/wp-json\/wp\/v2\/types\/page"}],"author":[{"embeddable":true,"href":"https:\/\/floridareprofreedom.org\/vi\/wp-json\/wp\/v2\/users\/4"}],"replies":[{"embeddable":true,"href":"https:\/\/floridareprofreedom.org\/vi\/wp-json\/wp\/v2\/comments?post=1251"}],"version-history":[{"count":1,"href":"https:\/\/floridareprofreedom.org\/vi\/wp-json\/wp\/v2\/pages\/1251\/revisions"}],"predecessor-version":[{"id":1260,"href":"https:\/\/floridareprofreedom.org\/vi\/wp-json\/wp\/v2\/pages\/1251\/revisions\/1260"}],"wp:attachment":[{"href":"https:\/\/floridareprofreedom.org\/vi\/wp-json\/wp\/v2\/media?parent=1251"}],"wp:term":[{"taxonomy":"folder","embeddable":true,"href":"https:\/\/floridareprofreedom.org\/vi\/wp-json\/wp\/v2\/folder?post=1251"}],"curies":[{"name":"wp","href":"https:\/\/api.w.org\/{rel}","templated":true}]}}