{"id":1255,"date":"2020-08-05T12:10:44","date_gmt":"2020-08-05T12:10:44","guid":{"rendered":"https:\/\/floridareprofreedom.org\/?page_id=1255"},"modified":"2020-08-05T12:37:05","modified_gmt":"2020-08-05T12:37:05","slug":"jb4","status":"publish","type":"page","link":"https:\/\/floridareprofreedom.org\/vi\/jb4\/","title":{"rendered":"\u00bfQu\u00e9 tomar\u00e1 \u0111ang xem x\u00e9t c\u00f4ng vi\u1ec7c?"},"content":{"rendered":"<p><span style=\"font-weight: 400;\">Hay tres razones c\u00e1c nguy\u00ean t\u1eafc que un juez toma en cuent a la hora de nh\u01b0\u1ee3ng b\u1ed9 m\u1ed9t ph\u01b0\u01a1ng \u00e1n t\u01b0 ph\u00e1p thay th\u1ebf. \u0110\u1ec3 \u0111\u0103ng nh\u1eadp, b\u1ea1n c\u00f3 th\u1ec3 ch\u1eafc ch\u1eafn r\u1eb1ng \u0111\u00f3 l\u00e0 m\u1ed9t trong nh\u1eefng khu v\u1ef1c kh\u00f3 kh\u0103n nh\u1ea5t. N\u1ebfu b\u1ea1n c\u00f3 m\u1ed9t l\u00fd do r\u00f5 r\u00e0ng h\u01a1n v\u1ec1 vi\u1ec7c b\u1ea1n \u0111ang \u1edf trong tr\u01b0\u1eddng h\u1ee3p n\u00e0o, b\u1ea1n c\u00f3 th\u1ec3 gi\u1ea3i th\u00edch l\u00fd do t\u1ea1i sao. Las tres razones con trai ch\u00ednh:\u00a0<\/span><\/p>\n<p><span style=\"font-weight: 400;\"><strong>C\u00f3 \u0111\u1ee7 \u0111i\u1ec1u ki\u1ec7n c\u1ea7n thi\u1ebft:<\/strong> <\/span><\/p>\n<p><span style=\"font-weight: 400;\">\u0110\u1ec3 ch\u1ee9ng minh \u0111i\u1ec1u \u0111\u00f3, c\u1ea7n ph\u1ea3i tr\u00ecnh b\u00e0y \u201cb\u1eb1ng ch\u1ee9ng r\u00f5 r\u00e0ng v\u00e0 thuy\u1ebft ph\u1ee5c\u201d. \u0110i\u1ec1u n\u00e0y c\u00f3 \u00fd ngh\u0129a quan tr\u1ecdng, \u0111\u00f3 l\u00e0 nh\u1eefng g\u00ec b\u1ea1n c\u1ea7n c\u00f3 \u0111\u1ec3 duy tr\u00ec ho\u1ea1t \u0111\u1ed9ng c\u1ee7a m\u00ecnh b\u1eb1ng quy\u1ebft \u0111\u1ecbnh cu\u1ed1i c\u00f9ng.\u00a0<\/span><\/p>\n<p><span style=\"font-weight: 400;\">\u0110i\u1ec1u c\u1ea7n x\u00e1c \u0111\u1ecbnh l\u00e0 c\u1ea7n ph\u1ea3i c\u00f3 \u0111\u1ee7 \u0111i\u1ec1u ki\u1ec7n \u0111\u1ec3 c\u00f3 \u0111\u01b0\u1ee3c quy\u1ebft \u0111\u1ecbnh \u1edf Florida y\u00eau c\u1ea7u b\u1ea1n xem x\u00e9t t\u00ecnh tr\u1ea1ng sau: 1) ch\u1ec9nh s\u1eeda 2) tr\u00ed tu\u1ec7 3) \u1ed5n \u0111\u1ecbnh v\u1ec1 m\u1eb7t c\u1ea3m x\u00fac 4) \u0111\u00e1ng tin c\u1eady 5) kh\u1ea3 n\u0103ng ch\u1ea5p nh\u1eadn tr\u00e1ch nhi\u1ec7m 6) c\u00f3 kh\u1ea3 n\u0103ng \u0111\u1ec3 xem x\u00e9t vi\u1ec7c \u0111\u1ea3m b\u1ea3o h\u1eadu qu\u1ea3 sau n\u00e0y m\u1ed9t qu\u1ea3ng c\u00e1o l\u1edbn v\u1ec1 vi\u1ec7c ph\u00e1 thai 6) c\u00f3 kh\u1ea3 n\u0103ng gi\u00fap ng\u01b0\u1eddi tham gia v\u00e0 gi\u1ea3i th\u00edch c\u00e1c v\u1ea5n \u0111\u1ec1 y t\u1ebf v\u1ec1 vi\u1ec7c ch\u1ea5m d\u1ee9t t\u00ecnh tr\u1ea1ng embarazo v\u00e0 kh\u1ea3 n\u0103ng \u1ee9ng d\u1ee5ng c\u1ee7a b\u1ea1n c\u00f3 th\u1ec3 \u0111\u1ed3ng th\u1eddi \u0111\u01b0a ra quy\u1ebft \u0111\u1ecbnh.\u00a0<\/span><\/p>\n<p><span style=\"font-weight: 400;\">\u0110i\u1ec1u c\u1ea7n thi\u1ebft l\u00e0 b\u1ea1n ph\u1ea3i x\u00e1c \u0111\u1ecbnh r\u1eb1ng kh\u00f4ng c\u00f3 &#039;\u1ea3nh h\u01b0\u1edfng b\u00ean ngo\u00e0i&#039; n\u00e0o t\u1ed3n t\u1ea1i m\u00e0 b\u1ea1n s\u1ebd c\u00f3 t\u00e1c \u0111\u1ed9ng v\u00e0 \u0111\u01b0a ra quy\u1ebft \u0111\u1ecbnh trong kho\u1ea3ng th\u1eddi gian b\u1ea1n g\u1eb7p kh\u00f3 kh\u0103n. &#039;Nh\u1eefng \u1ea3nh h\u01b0\u1edfng t\u1eeb b\u00ean ngo\u00e0i&#039; s\u1ebd \u1ea3nh h\u01b0\u1edfng \u0111\u1ebfn m\u1ed9t c\u00e1 nh\u00e2n ho\u1eb7c m\u1ed9t c\u00e1 nh\u00e2n \u0111\u01b0\u1ee3c cho l\u00e0 s\u1ebd \u0111\u01b0a ra quy\u1ebft \u0111\u1ecbnh n\u1ebfu kh\u00f4ng c\u00f3 quy\u1ebft \u0111\u1ecbnh n\u00e0o m\u00e0 b\u1ea1n ph\u1ea3i \u0111\u01b0a ra.\u00a0<\/span><\/p>\n<p><span style=\"font-weight: 400;\">V\u00ed d\u1ee5, n\u1ebfu b\u1ea1n l\u00e0 m\u1ed9t ng\u01b0\u1eddi m\u1edbi b\u1eaft \u0111\u1ea7u, b\u1ea1n c\u1ee7a b\u1ea1n l\u00e0 m\u1ed9t ng\u01b0\u1eddi \u0111\u01b0\u1ee3c tri\u1ec7u t\u1eadp \u0111\u1ec3 c\u00f3 th\u1ec3 ph\u00e1 thai v\u00ec kh\u00f4ng c\u00f3 g\u00ec th\u1ef1c t\u1ebf x\u1ea3y ra, b\u1ea1n n\u00ean xem x\u00e9t m\u1ed9t c\u00e1ch quy\u1ebft \u0111\u1ecbnh \u0111\u1ec3 th\u1eeba nh\u1eadn ho\u1eb7c y\u00eau c\u1ea7u thay th\u1ebf t\u01b0 ph\u00e1p.<\/span><\/p>\n<ul>\n<li style=\"font-weight: 400;\"><span style=\"font-weight: 400;\">Esto es lo que puede ayudarte a convencer a un juez que eres lo suficientemente madura para interrumpir el embarazo sin la can thi\u1ec7p de los padres: provener al juez informationaci\u00f3n sobre tu perfil como estudiante o si est\u00e1s matriculado en la escuela, liderazgo comunitario, experiencia lao \u0111\u1ed9ng v\u00e0 m\u00e1y bay c\u1ee5 th\u1ec3 cho t\u01b0\u01a1ng lai c\u1ee7a b\u1ea1n \u0111\u1ea1i h\u1ecdc ho\u1eb7c c\u00f3 nguy\u1ec7n v\u1ecdng tr\u1edf th\u00e0nh m\u1ed9t ngh\u1ec1 nghi\u1ec7p ho\u00e0n ch\u1ec9nh.<\/span><\/li>\n<li style=\"font-weight: 400;\"><span style=\"font-weight: 400;\">B\u1ea1n c\u00f3 th\u1ec3 mu\u1ed1n \u0111\u01b0a ra quy\u1ebft \u0111\u1ecbnh v\u1edbi ng\u01b0\u1eddi l\u1edbn v\u1ec1 s\u1ef1 tin t\u01b0\u1edfng c\u1ee7a b\u1ea1n. Los jueces t\u00edpicamente \u1ee7ng h\u1ed9 m\u1ed9t j\u00f3venes que tienen un sistema de apoyo, Personas con las que pueden contar o si t\u1ed3n t\u1ea1i c\u00e1c bi\u1ebfn ch\u1ee9ng y t\u1ebf ho\u1eb7c t\u00e2m th\u1ea7n despu\u00e9s del borto, ya bi\u1ec3n otro miembro de la gia \u0111\u00ecnh, m\u1ed9t ng\u01b0\u1eddi b\u1ea1n tr\u01b0\u1edfng th\u00e0nh ho\u1eb7c m\u1ed9t consejero.<\/span><\/li>\n<li style=\"font-weight: 400;\"><span style=\"font-weight: 400;\">Debes \u0111ang chu\u1ea9n b\u1ecb gi\u1ea3i th\u00edch \u0111i\u1ec1u \u0111\u00f3 v\u00ec l\u00fd do chi ph\u00ed ph\u00e1 thai, v\u00ec ayuda de los padres.\u00a0<\/span><\/li>\n<li style=\"font-weight: 400;\"><span style=\"font-weight: 400;\">M\u1ed9t ng\u01b0\u1eddi c\u00f3 th\u1ec3 l\u00e0 b\u1ea1n s\u1ebd g\u1eb7p l\u1ea1i b\u00e1c s\u0129 v\u00e0 b\u1ea1n l\u00e0 ng\u01b0\u1eddi c\u00f3 \u00fd th\u1ee9c v\u1ec1 th\u1ee7 t\u1ee5c y t\u1ebf v\u00e0 con trai c\u1ee7a b\u1ea1n s\u1ebd b\u1ecb ph\u00e1 thai.<\/span><\/li>\n<li style=\"font-weight: 400;\"><span style=\"font-weight: 400;\">M\u1ed9t s\u1ed1 ng\u01b0\u1eddi \u0111\u00e3 quy\u1ebft \u0111\u1ecbnh r\u1eb1ng m\u1ed9t ng\u01b0\u1eddi \u0111\u00e0n \u00f4ng kh\u00f4ng c\u00f3 \u0111\u1ee7 \u0111i\u1ec1u ki\u1ec7n \u0111\u1ec3 c\u00f3 th\u1ec3 ph\u00e1 thai n\u1ebfu c\u00f3 s\u1ef1 \u0111\u1ed3ng \u00fd c\u1ee7a c\u00e1c v\u1ecb th\u00e1nh. \u0110i\u1ec1u n\u00e0y c\u00f3 th\u1ec3 x\u1ea3y ra khi b\u1ea1n kh\u00f4ng c\u00f3 kh\u1ea3 n\u0103ng tr\u00ecnh di\u1ec5n trong th\u1eddi gian ti\u1ebfp theo: 1) kh\u00f4ng c\u00f3 kh\u1ea3 n\u0103ng \u0111\u1ed3ng \u00fd v\u1ec1 \u0111\u1eb7c \u0111i\u1ec3m k\u1ef9 thu\u1eadt ho\u1eb7c ph\u01b0\u01a1ng ti\u1ec7n truy\u1ec1n th\u00f4ng t\u1ee9c th\u1eddi c\u1ee7a los riesgos f\u00edsicos a largo plazo, riesgos emocionales ho\u1eb7c sicol\u00f3gicos de hacerse un aborto 2) b\u1eb1ng ch\u1ee9ng v\u1ec1 vi\u1ec7c han buscado consejo c\u1ea3m x\u00fac ho\u1eb7c apoyo de alg\u00fan ng\u01b0\u1eddi l\u1edbn 3) qu\u00e9 hacer en caso de que surjan complicaciones y t\u1ebf ho\u1eb7c c\u1ea3m x\u00fac despu\u00e9s del aborto 4) conocimiento sobre la experiencia de hacerse un aborto y las posibles del abortoes\u00a0<\/span><\/li>\n<\/ul>\n<p><span style=\"font-weight: 400;\">C\u00e1c nh\u00e0 nghi\u00ean c\u1ee9u \u1edf Florida c\u00f3 th\u1ec3 x\u00e1c \u0111\u1ecbnh m\u1ed9t trong nh\u1eefng c\u00e1 nh\u00e2n quan tr\u1ecdng nh\u1ea5t m\u00e0 c\u00e1c b\u00ean quan t\u00e2m: t\u00e0i li\u1ec7u, k\u1ef9 n\u0103ng ph\u00e2n t\u00edch, s\u1ef1 thi\u1ebfu hi\u1ec3u bi\u1ebft, t\u1ea5t c\u1ea3 c\u00e1c v\u1ea5n \u0111\u1ec1, n\u1ed1i ti\u1ebfp, bi\u1ec3u \u0111\u1ea1t, kh\u1ea3 n\u0103ng c\u1ee7a kh\u1edbp v\u00e0 k\u1ebft lu\u1eadn ch\u1ee7ng t\u1ed9c. Nh\u1eefng ng\u01b0\u1eddi \u0111\u01b0\u1ee3c h\u1ecfi coi l\u00e0 kinh nghi\u1ec7m lao \u0111\u1ed9ng, viviendo fuera de la casa de sus padres ho\u1eb7c manejando finanzas.\u00a0<\/span><\/p>\n<ul>\n<li style=\"font-weight: 400;\"><span style=\"font-weight: 400;\">\u0110\u00e2y l\u00e0 m\u1ed9t s\u1ef1 kh\u00e1c bi\u1ec7t v\u00e0 cu\u1ed9c s\u1ed1ng c\u1ee7a ng\u01b0\u1eddi \u0111i\u00ean c\u00f3 th\u1ec3 \u0111\u01b0\u1ee3c \u0111\u01b0a ra quy\u1ebft \u0111\u1ecbnh tr\u00ean c\u01a1 s\u1edf c\u00e1c t\u00ecnh hu\u1ed1ng c\u00e1 nh\u00e2n v\u00e0 l\u1ecbch s\u1eed c\u1ee7a cu\u1ed9c s\u1ed1ng trong m\u1ed9t th\u1eddi gian ng\u1eafn c\u1ee7a Madurez.\u00a0<\/span><\/li>\n<\/ul>\n<p><strong>Si est\u00e1s siendo abusado:\u00a0<\/strong><\/p>\n<p><span style=\"font-weight: 400;\">N\u1ebfu b\u1ea1n \u0111ang tratando de probar que, b\u1ea1n c\u00f3 th\u1ec3 b\u1ecb l\u1ea1m d\u1ee5ng b\u1edfi c\u00e1c cha m\u1eb9 ho\u1eb7c ng\u01b0\u1eddi gi\u00e1m h\u1ed9, b\u1ea1n c\u1ea7n ph\u1ea3i ki\u1ec3m tra tr\u01b0\u1edbc khi c\u00f3 bajo \u201cc\u00f3 b\u1eb1ng ch\u1ee9ng r\u00f5 r\u00e0ng\u201d. \u0110\u00e2y l\u00e0 \u00fd ngh\u0129a quan tr\u1ecdng m\u00e0 b\u1ea1n c\u1ea7n ph\u1ea3i th\u1ef1c hi\u1ec7n l\u1eddi ch\u1ee9ng th\u1ef1c c\u1ee7a m\u00ecnh. B\u1ea1n c\u00f3 th\u1ec3 g\u1eb7p kh\u00f3 kh\u0103n trong vi\u1ec7c gi\u1ea3i m\u00e3 ch\u00ednh x\u00e1c th\u00f4ng tin chi ti\u1ebft v\u1ec1 vi\u1ec7c b\u1ea1n c\u00f3 th\u1ec3 l\u00e0m \u0111i\u1ec1u \u0111\u00f3 b\u1eb1ng c\u00e1ch l\u00e0m phi\u1ec1n b\u1ea1n. L\u01b0u \u00fd r\u1eb1ng b\u1ea1n c\u00f3 m\u1ed9t b\u1eb1ng ch\u1ee9ng v\u1ec1 vi\u1ec7c b\u1ea1n b\u1ecb l\u1ea1m d\u1ee5ng t\u00ecnh d\u1ee5c ho\u1eb7c t\u00ecnh d\u1ee5c b\u1edfi m\u1ed9t c\u00e1 nh\u00e2n, la corte est\u00e1 en la obligaci\u00f3n bajo la ley de reportarlo a las autoridades.<\/span><\/p>\n<p><strong>Para proteger tus intereses:\u00a0<\/strong><\/p>\n<ul>\n<li style=\"font-weight: 400;\"><span style=\"font-weight: 400;\">N\u1ebfu b\u1ea1n \u0111ang \u0111i\u1ec1u tra vi\u1ec7c li\u00ean quan \u0111\u1ebfn vi\u1ec7c m\u1ea5t \u0111i ng\u01b0\u1eddi gi\u00e1m h\u1ed9 ho\u1eb7c ng\u01b0\u1eddi gi\u00e1m s\u00e1t v\u00e0 b\u1ea1n c\u00f3 quy\u1ebft \u0111\u1ecbnh cho thu\u00ea ng\u01b0\u1eddi ph\u00e1 thai v\u00e0 b\u1ea1n kh\u00f4ng c\u1ea7n ph\u1ea3i l\u00e0m g\u00ec v\u00ec nh\u1eefng l\u1ee3i \u00edch c\u1ee7a b\u1ea1n, b\u1ea1n c\u00f3 th\u1ec3 \u0111\u01b0a ra quy\u1ebft \u0111\u1ecbnh tr\u01b0\u1edbc khi s\u1eed d\u1ee5ng b\u1eb1ng ch\u1ee9ng r\u00f5 r\u00e0ng v\u00e0 thuy\u1ebft ph\u1ee5c.\u00a0<\/span><\/li>\n<li style=\"font-weight: 400;\"><span style=\"font-weight: 400;\">T\u00f2a \u00e1n bang Florida \u0111ang c\u00e2n nh\u1eafc vi\u1ec7c c\u00f3 th\u1ec3 li\u00ean quan \u0111\u1ebfn c\u00e1c b\u1eadc cha m\u1eb9 trong quy\u1ebft \u0111\u1ecbnh kh\u00f4ng c\u00f3 \u0111\u1ed9ng c\u01a1 \u0111\u1ee7 \u0111\u1ec3 nh\u01b0\u1ee3ng b\u1ed9 m\u1ed9t ph\u01b0\u01a1ng \u00e1n t\u01b0 ph\u00e1p thay th\u1ebf. B\u1ea1n c\u00f3 th\u1ec3 kh\u00f4ng c\u1ea7n ph\u1ea3i \u0111\u01b0a ra quy\u1ebft \u0111\u1ecbnh ho\u1eb7c b\u1ecb qu\u1ea5y r\u1ed1i b\u1edfi nh\u1eefng ng\u01b0\u1eddi b\u1ecb b\u1eaft gi\u1eef kh\u00f4ng \u0111\u1ee7 \u0111\u1ec3 thi\u1ebft l\u1eadp r\u1eb1ng b\u1ea1n quan t\u00e2m \u0111\u1ebfn vi\u1ec7c kh\u00f4ng li\u00ean quan \u0111\u1ebfn vi\u1ec7c m\u1ea5t c\u00e1c cha m\u1eb9 ho\u1eb7c ng\u01b0\u1eddi gi\u00e1m h\u1ed9.<\/span><\/li>\n<li style=\"font-weight: 400;\"><span style=\"font-weight: 400;\">C\u00e1c quy\u1ebft \u0111\u1ecbnh kh\u00e1c nhau c\u1ee7a Florida c\u00f3 th\u1ec3 \u0111\u01b0\u1ee3c \u0111\u01b0a ra \u0111\u1ec3 nh\u01b0\u1ee3ng b\u1ed9 m\u1ed9t ph\u01b0\u01a1ng \u00e1n thay th\u1ebf m\u00e0 t\u00f2a \u00e1n xem x\u00e9t c\u00e1c y\u1ebfu t\u1ed1: 1) El bienestar emocional o f\u00edsico del joven 2) la posibilidad de \u0111e d\u1ecda b\u1ea1n otras heridas emocionales, peligro f\u00edsico, 3) la estabilidad del hogar del joven and la posibilidad que una notificationaci\u00f3n pueda th\u1ec9nh tho\u1ea3ng da\u00f1o serio v\u00e0 duradero a la estructura quen thu\u1ed9c, 4) la relaci\u00f3n entre los padres y el menor y el efecto de la notificationaci\u00f3n en esa relaci\u00f3n v\u00e0 la posibilidad que esa notification pueda llevar a los padres a una desconexi\u00f3n emocional<\/span><\/li>\n<\/ul>\n<p style=\"text-align: center;\"><a href=\"https:\/\/floridareprofreedom.org\/vi\/tu-phap-thay-the-o-florida\/\">Regresar al inicio<\/a>\u00a0 |\u00a0\u00a0<a href=\"https:\/\/floridareprofreedom.org\/vi\/jb3\/\">Pregunta anterior<\/a>\u00a0 \u00a0 |\u00a0 <a href=\"https:\/\/floridareprofreedom.org\/vi\/jb5\/\">Ti\u1ebfp theo Trang<\/a><\/p>\n<p><b>Preguntas Relacionadas<\/b><\/p>\n<ol>\n<li style=\"font-weight: 400;\"><span style=\"font-weight: 400;\"><a href=\"https:\/\/floridareprofreedom.org\/vi\/jb1\/\">\u00bf<\/a><a href=\"https:\/\/floridareprofreedom.org\/vi\/jb1\/\">\u0110\u00f3 l\u00e0 m\u1ed9t l\u1ef1a ch\u1ecdn thay th\u1ebf v\u1ec1 m\u1eb7t t\u01b0 ph\u00e1p trong tr\u01b0\u1eddng h\u1ee3p c\u1ea7n thi\u1ebft ph\u1ea3i ph\u00e1 thai?<\/a><\/span><\/li>\n<li style=\"font-weight: 400;\"><a href=\"https:\/\/floridareprofreedom.org\/vi\/jb2\/\"><span style=\"font-weight: 400;\">\u00bf<\/span><span style=\"font-weight: 400;\">B\u1ea1n c\u00f3 th\u1ec3 l\u00e0m g\u00ec \u0111\u1ec3 c\u00f3 th\u1ec3 ph\u00e1 thai?<\/span><\/a><\/li>\n<li style=\"font-weight: 400;\"><a href=\"https:\/\/floridareprofreedom.org\/vi\/jb3\/\"><span style=\"font-weight: 400;\">\u00bf<\/span><span style=\"font-weight: 400;\">B\u00ed quy\u1ebft c\u1ee7a c\u00f4ng th\u1ee9c debo llenar<\/span><span style=\"font-weight: 400;\">?<\/span><\/a><\/li>\n<li style=\"font-weight: 400;\"><a href=\"https:\/\/floridareprofreedom.org\/vi\/jb4\/\"><span style=\"font-weight: 400;\">B\u1ea1n \u0111ang xem x\u00e9t quy\u1ebft \u0111\u1ecbnh n\u00e0o \u0111\u1ec3 \u0111\u01b0a ra quy\u1ebft \u0111\u1ecbnh?<\/span><\/a><\/li>\n<li style=\"font-weight: 400;\"><a href=\"https:\/\/floridareprofreedom.org\/vi\/jb5\/\"><span style=\"font-weight: 400;\">\u00bfNecesito un abogado?<\/span><\/a><\/li>\n<li style=\"font-weight: 400;\"><a href=\"https:\/\/floridareprofreedom.org\/vi\/jb6\/\"><span style=\"font-weight: 400;\">\u00bf<\/span><span style=\"font-weight: 400;\">B\u1ea1n c\u00f3 th\u1ec3 ch\u1eadm tr\u1ec5 nh\u1eadn \u0111\u01b0\u1ee3c m\u1ed9t ph\u01b0\u01a1ng \u00e1n t\u01b0 ph\u00e1p thay th\u1ebf kh\u00f4ng?<\/span><\/a><\/li>\n<li style=\"font-weight: 400;\"><a href=\"https:\/\/floridareprofreedom.org\/vi\/jb7\/\"><span style=\"font-weight: 400;\">\u00bf<\/span><span style=\"font-weight: 400;\">B\u1ea1n c\u00f3 th\u1ec3 s\u1eed d\u1ee5ng m\u1ed9t ph\u01b0\u01a1ng \u00e1n t\u01b0 ph\u00e1p thay th\u1ebf kh\u00f4ng?<\/span><\/a><\/li>\n<li style=\"font-weight: 400;\"><a href=\"https:\/\/floridareprofreedom.org\/vi\/jb8\/\"><span style=\"font-weight: 400;\">\u00bf<\/span><span style=\"font-weight: 400;\">B\u1ea1n c\u00f3 mu\u1ed1n \u0111\u0103ng nh\u1eadp \u0111\u1ec3 c\u00f3 \u0111\u01b0\u1ee3c m\u1ed9t ph\u01b0\u01a1ng \u00e1n t\u01b0 ph\u00e1p thay th\u1ebf kh\u00f4ng?<\/span><\/a><\/li>\n<li style=\"font-weight: 400;\"><a href=\"https:\/\/floridareprofreedom.org\/vi\/jb9\/\"><span style=\"font-weight: 400;\">\u00bf<\/span><span style=\"font-weight: 400;\">B\u1ea1n c\u00f3 mu\u1ed1n l\u00e0m \u0111i\u1ec1u \u0111\u00f3 v\u1edbi t\u00f4i kh\u00f4ng?<\/span><\/a><\/li>\n<li style=\"font-weight: 400;\"><a href=\"https:\/\/floridareprofreedom.org\/vi\/jb10\/\"><span style=\"font-weight: 400;\">\u00bf<\/span><span style=\"font-weight: 400;\">Qu\u00e9 vestimenta debo usar para ir a la corte?<\/span><\/a><\/li>\n<li style=\"font-weight: 400;\"><a href=\"https:\/\/floridareprofreedom.org\/vi\/jb11\/\"><span style=\"font-weight: 400;\">\u00bf<\/span><span style=\"font-weight: 400;\">Qu\u00e9 suceder\u00eda si mi kh\u00e1n gi\u1ea3 l\u00e0 ch\u01b0\u01a1ng tr\u00ecnh d\u00e0nh cho m\u1ed9t ng\u00e0y h\u1ecdc t\u1eadp<\/span><span style=\"font-weight: 400;\">?<\/span><\/a><\/li>\n<li style=\"font-weight: 400;\"><a href=\"https:\/\/floridareprofreedom.org\/vi\/jb12\/\"><span style=\"font-weight: 400;\">\u00bf<\/span><span style=\"font-weight: 400;\">Ng\u01b0\u1eddi n\u00e0y c\u00f3 li\u00ean quan \u0111\u1ebfn t\u00f4i v\u00e0 t\u00f4i c\u00f3 th\u1ec3 c\u00f3 kh\u1ea3 n\u0103ng quy\u1ebft \u0111\u1ecbnh m\u1ed9t c\u00e1ch t\u1ec9nh t\u00e1o v\u1ec1 vi\u1ec7c kh\u00f4ng th\u1ef1c hi\u1ec7n vi\u1ec7c ph\u00e1 thai<\/span><\/a><span style=\"font-weight: 400;\">?\u00a0<\/span><\/li>\n<li style=\"font-weight: 400;\"><a href=\"https:\/\/floridareprofreedom.org\/vi\/jb13\/\"><span style=\"font-weight: 400;\">\u00a0<\/span><span style=\"font-weight: 400;\">\u00bf<\/span><span style=\"font-weight: 400;\">B\u1ea1n c\u00f3 mu\u1ed1n ng\u01b0\u1eddi M\u1ef9 th\u1ef1c h\u00e0nh vi\u1ec7c ph\u00e1 thai kh\u00f4ng? <\/span><span style=\"font-weight: 400;\">\u00bf<\/span><span style=\"font-weight: 400;\">B\u1ea1n c\u00f3 mu\u1ed1n giao ti\u1ebfp v\u1edbi ng\u01b0\u1eddi n\u01b0\u1edbc ngo\u00e0i kh\u00f4ng?\u00a0<\/span><\/a><\/li>\n<li style=\"font-weight: 400;\"><a href=\"https:\/\/floridareprofreedom.org\/vi\/jb14\/\"><span style=\"font-weight: 400;\">\u00bf<\/span><span style=\"font-weight: 400;\">B\u1ea1n c\u00f3 th\u1ec3 \u0111\u01b0a ra quy\u1ebft \u0111\u1ecbnh sau khi c\u00f3 m\u1ed9t ph\u01b0\u01a1ng \u00e1n t\u01b0 ph\u00e1p thay th\u1ebf?<\/span><\/a><\/li>\n<li><a href=\"https:\/\/floridareprofreedom.org\/vi\/jb15\/\"><span style=\"font-weight: 400;\">\u00bf<\/span><span style=\"font-weight: 400;\">Qu\u00e9 pasa si el juez niega mi petici\u00f3n<\/span><span style=\"font-weight: 400;\">?<\/span><\/a><\/li>\n<\/ol>","protected":false},"excerpt":{"rendered":"<p>Hay tres razones principales que un juez toma en cuenta a la hora de conceder una alternativa judicial. Para lograrlo, tienes que probar por lo menos una de esas tres razones. Si tienes m\u00e1s de una raz\u00f3n que probar en tu caso, entonces debes explicar cada una de ellas. Las tres razones principales son:\u00a0 Eres [&hellip;]<\/p>\n","protected":false},"author":4,"featured_media":0,"parent":0,"menu_order":0,"comment_status":"closed","ping_status":"closed","template":"","meta":{"footnotes":""},"folder":[9],"class_list":["post-1255","page","type-page","status-publish","hentry"],"yoast_head":"<!-- This site is optimized with the Yoast SEO plugin v27.3 - https:\/\/yoast.com\/product\/yoast-seo-wordpress\/ -->\n<title>\u00bfQu\u00e9 tomar\u00e1 en consideraci\u00f3n el juez? - Floridians For Reproductive Freedom<\/title>\n<meta name=\"robots\" content=\"index, follow, max-snippet:-1, max-image-preview:large, max-video-preview:-1\" \/>\n<link rel=\"canonical\" href=\"https:\/\/floridareprofreedom.org\/vi\/jb4\/\" \/>\n<meta property=\"og:locale\" content=\"vi_VN\" \/>\n<meta property=\"og:type\" content=\"article\" \/>\n<meta property=\"og:title\" content=\"\u00bfQu\u00e9 tomar\u00e1 en consideraci\u00f3n el juez? - Floridians For Reproductive Freedom\" \/>\n<meta property=\"og:description\" content=\"Hay tres razones principales que un juez toma en cuenta a la hora de conceder una alternativa judicial. Para lograrlo, tienes que probar por lo menos una de esas tres razones. Si tienes m\u00e1s de una raz\u00f3n que probar en tu caso, entonces debes explicar cada una de ellas. Las tres razones principales son:\u00a0 Eres [&hellip;]\" \/>\n<meta property=\"og:url\" content=\"https:\/\/floridareprofreedom.org\/vi\/jb4\/\" \/>\n<meta property=\"og:site_name\" content=\"Floridians For Reproductive Freedom\" \/>\n<meta property=\"article:publisher\" content=\"https:\/\/www.facebook.com\/FloridaReproFreedom\/\" \/>\n<meta property=\"article:modified_time\" content=\"2020-08-05T12:37:05+00:00\" \/>\n<meta name=\"twitter:card\" content=\"summary_large_image\" \/>\n<meta name=\"twitter:site\" content=\"@FLReproFreedom\" \/>\n<meta name=\"twitter:label1\" content=\"\u01af\u1edbc t\u00ednh th\u1eddi gian \u0111\u1ecdc\" \/>\n\t<meta name=\"twitter:data1\" content=\"5 ph\u00fat\" \/>\n<script type=\"application\/ld+json\" class=\"yoast-schema-graph\">{\"@context\":\"https:\\\/\\\/schema.org\",\"@graph\":[{\"@type\":\"WebPage\",\"@id\":\"https:\\\/\\\/floridareprofreedom.org\\\/jb4\\\/\",\"url\":\"https:\\\/\\\/floridareprofreedom.org\\\/jb4\\\/\",\"name\":\"\u00bfQu\u00e9 tomar\u00e1 en consideraci\u00f3n el juez? - Floridians For Reproductive Freedom\",\"isPartOf\":{\"@id\":\"https:\\\/\\\/floridareprofreedom.org\\\/#website\"},\"datePublished\":\"2020-08-05T12:10:44+00:00\",\"dateModified\":\"2020-08-05T12:37:05+00:00\",\"breadcrumb\":{\"@id\":\"https:\\\/\\\/floridareprofreedom.org\\\/jb4\\\/#breadcrumb\"},\"inLanguage\":\"vi\",\"potentialAction\":[{\"@type\":\"ReadAction\",\"target\":[\"https:\\\/\\\/floridareprofreedom.org\\\/jb4\\\/\"]}]},{\"@type\":\"BreadcrumbList\",\"@id\":\"https:\\\/\\\/floridareprofreedom.org\\\/jb4\\\/#breadcrumb\",\"itemListElement\":[{\"@type\":\"ListItem\",\"position\":1,\"name\":\"Home\",\"item\":\"https:\\\/\\\/floridareprofreedom.org\\\/\"},{\"@type\":\"ListItem\",\"position\":2,\"name\":\"\u00bfQu\u00e9 tomar\u00e1 en consideraci\u00f3n el juez?\"}]},{\"@type\":\"WebSite\",\"@id\":\"https:\\\/\\\/floridareprofreedom.org\\\/#website\",\"url\":\"https:\\\/\\\/floridareprofreedom.org\\\/\",\"name\":\"Floridians For Reproductive Freedom\",\"description\":\"Advocating for convenient, affordable, and safe access to reproductive health care, including abortion.\",\"publisher\":{\"@id\":\"https:\\\/\\\/floridareprofreedom.org\\\/#organization\"},\"potentialAction\":[{\"@type\":\"SearchAction\",\"target\":{\"@type\":\"EntryPoint\",\"urlTemplate\":\"https:\\\/\\\/floridareprofreedom.org\\\/?s={search_term_string}\"},\"query-input\":{\"@type\":\"PropertyValueSpecification\",\"valueRequired\":true,\"valueName\":\"search_term_string\"}}],\"inLanguage\":\"vi\"},{\"@type\":\"Organization\",\"@id\":\"https:\\\/\\\/floridareprofreedom.org\\\/#organization\",\"name\":\"Floridians for Reproductive Freedom\",\"url\":\"https:\\\/\\\/floridareprofreedom.org\\\/\",\"logo\":{\"@type\":\"ImageObject\",\"inLanguage\":\"vi\",\"@id\":\"https:\\\/\\\/floridareprofreedom.org\\\/#\\\/schema\\\/logo\\\/image\\\/\",\"url\":\"https:\\\/\\\/floridareprofreedom.org\\\/wp-content\\\/uploads\\\/2019\\\/05\\\/Untitled.jpg\",\"contentUrl\":\"https:\\\/\\\/floridareprofreedom.org\\\/wp-content\\\/uploads\\\/2019\\\/05\\\/Untitled.jpg\",\"width\":174,\"height\":180,\"caption\":\"Floridians for Reproductive Freedom\"},\"image\":{\"@id\":\"https:\\\/\\\/floridareprofreedom.org\\\/#\\\/schema\\\/logo\\\/image\\\/\"},\"sameAs\":[\"https:\\\/\\\/www.facebook.com\\\/FloridaReproFreedom\\\/\",\"https:\\\/\\\/x.com\\\/FLReproFreedom\",\"https:\\\/\\\/www.instagram.com\\\/floridareprofreedom\\\/\"]}]}<\/script>\n<!-- \/ Yoast SEO plugin. -->","yoast_head_json":{"title":"\u00bfQu\u00e9 tomar\u00e1 \u0111ang xem x\u00e9t c\u00f4ng vi\u1ec7c? - Ng\u01b0\u1eddi d\u00e2n Florida v\u00ec t\u1ef1 do sinh s\u1ea3n","robots":{"index":"index","follow":"follow","max-snippet":"max-snippet:-1","max-image-preview":"max-image-preview:large","max-video-preview":"max-video-preview:-1"},"canonical":"https:\/\/floridareprofreedom.org\/vi\/jb4\/","og_locale":"vi_VN","og_type":"article","og_title":"\u00bfQu\u00e9 tomar\u00e1 en consideraci\u00f3n el juez? - Floridians For Reproductive Freedom","og_description":"Hay tres razones principales que un juez toma en cuenta a la hora de conceder una alternativa judicial. Para lograrlo, tienes que probar por lo menos una de esas tres razones. Si tienes m\u00e1s de una raz\u00f3n que probar en tu caso, entonces debes explicar cada una de ellas. Las tres razones principales son:\u00a0 Eres [&hellip;]","og_url":"https:\/\/floridareprofreedom.org\/vi\/jb4\/","og_site_name":"Floridians For Reproductive Freedom","article_publisher":"https:\/\/www.facebook.com\/FloridaReproFreedom\/","article_modified_time":"2020-08-05T12:37:05+00:00","twitter_card":"summary_large_image","twitter_site":"@FLReproFreedom","twitter_misc":{"\u01af\u1edbc t\u00ednh th\u1eddi gian \u0111\u1ecdc":"5 ph\u00fat"},"schema":{"@context":"https:\/\/schema.org","@graph":[{"@type":"WebPage","@id":"https:\/\/floridareprofreedom.org\/jb4\/","url":"https:\/\/floridareprofreedom.org\/jb4\/","name":"\u00bfQu\u00e9 tomar\u00e1 \u0111ang xem x\u00e9t c\u00f4ng vi\u1ec7c? - Ng\u01b0\u1eddi d\u00e2n Florida v\u00ec t\u1ef1 do sinh s\u1ea3n","isPartOf":{"@id":"https:\/\/floridareprofreedom.org\/#website"},"datePublished":"2020-08-05T12:10:44+00:00","dateModified":"2020-08-05T12:37:05+00:00","breadcrumb":{"@id":"https:\/\/floridareprofreedom.org\/jb4\/#breadcrumb"},"inLanguage":"vi","potentialAction":[{"@type":"ReadAction","target":["https:\/\/floridareprofreedom.org\/jb4\/"]}]},{"@type":"BreadcrumbList","@id":"https:\/\/floridareprofreedom.org\/jb4\/#breadcrumb","itemListElement":[{"@type":"ListItem","position":1,"name":"Home","item":"https:\/\/floridareprofreedom.org\/"},{"@type":"ListItem","position":2,"name":"\u00bfQu\u00e9 tomar\u00e1 en consideraci\u00f3n el juez?"}]},{"@type":"WebSite","@id":"https:\/\/floridareprofreedom.org\/#website","url":"https:\/\/floridareprofreedom.org\/","name":"Ng\u01b0\u1eddi Florida v\u00ec T\u1ef1 do Sinh s\u1ea3n","description":"V\u1eadn \u0111\u1ed9ng cho vi\u1ec7c ti\u1ebfp c\u1eadn d\u1ecbch v\u1ee5 ch\u0103m s\u00f3c s\u1ee9c kh\u1ecfe sinh s\u1ea3n, bao g\u1ed3m c\u1ea3 ph\u00e1 thai, m\u1ed9t c\u00e1ch thu\u1eadn ti\u1ec7n, gi\u00e1 c\u1ea3 ph\u1ea3i ch\u0103ng v\u00e0 an to\u00e0n.","publisher":{"@id":"https:\/\/floridareprofreedom.org\/#organization"},"potentialAction":[{"@type":"SearchAction","target":{"@type":"EntryPoint","urlTemplate":"https:\/\/floridareprofreedom.org\/?s={search_term_string}"},"query-input":{"@type":"PropertyValueSpecification","valueRequired":true,"valueName":"search_term_string"}}],"inLanguage":"vi"},{"@type":"Organization","@id":"https:\/\/floridareprofreedom.org\/#organization","name":"Ng\u01b0\u1eddi Florida v\u00ec T\u1ef1 do Sinh s\u1ea3n","url":"https:\/\/floridareprofreedom.org\/","logo":{"@type":"ImageObject","inLanguage":"vi","@id":"https:\/\/floridareprofreedom.org\/#\/schema\/logo\/image\/","url":"https:\/\/floridareprofreedom.org\/wp-content\/uploads\/2019\/05\/Untitled.jpg","contentUrl":"https:\/\/floridareprofreedom.org\/wp-content\/uploads\/2019\/05\/Untitled.jpg","width":174,"height":180,"caption":"Floridians for Reproductive Freedom"},"image":{"@id":"https:\/\/floridareprofreedom.org\/#\/schema\/logo\/image\/"},"sameAs":["https:\/\/www.facebook.com\/FloridaReproFreedom\/","https:\/\/x.com\/FLReproFreedom","https:\/\/www.instagram.com\/floridareprofreedom\/"]}]}},"_links":{"self":[{"href":"https:\/\/floridareprofreedom.org\/vi\/wp-json\/wp\/v2\/pages\/1255","targetHints":{"allow":["GET"]}}],"collection":[{"href":"https:\/\/floridareprofreedom.org\/vi\/wp-json\/wp\/v2\/pages"}],"about":[{"href":"https:\/\/floridareprofreedom.org\/vi\/wp-json\/wp\/v2\/types\/page"}],"author":[{"embeddable":true,"href":"https:\/\/floridareprofreedom.org\/vi\/wp-json\/wp\/v2\/users\/4"}],"replies":[{"embeddable":true,"href":"https:\/\/floridareprofreedom.org\/vi\/wp-json\/wp\/v2\/comments?post=1255"}],"version-history":[{"count":5,"href":"https:\/\/floridareprofreedom.org\/vi\/wp-json\/wp\/v2\/pages\/1255\/revisions"}],"predecessor-version":[{"id":1308,"href":"https:\/\/floridareprofreedom.org\/vi\/wp-json\/wp\/v2\/pages\/1255\/revisions\/1308"}],"wp:attachment":[{"href":"https:\/\/floridareprofreedom.org\/vi\/wp-json\/wp\/v2\/media?parent=1255"}],"wp:term":[{"taxonomy":"folder","embeddable":true,"href":"https:\/\/floridareprofreedom.org\/vi\/wp-json\/wp\/v2\/folder?post=1255"}],"curies":[{"name":"wp","href":"https:\/\/api.w.org\/{rel}","templated":true}]}}