{"id":1257,"date":"2020-08-04T18:53:36","date_gmt":"2020-08-04T18:53:36","guid":{"rendered":"https:\/\/floridareprofreedom.org\/?page_id=1257"},"modified":"2021-01-04T20:17:32","modified_gmt":"2021-01-04T20:17:32","slug":"jb2","status":"publish","type":"page","link":"https:\/\/floridareprofreedom.org\/vi\/jb2\/","title":{"rendered":"B\u1ea1n c\u00f3 th\u1ec3 gi\u1ea3i quy\u1ebft v\u1ea5n \u0111\u1ec1 b\u1eb1ng c\u00e1ch \u0111\u1ea3m b\u1ea3o m\u1ed9t l\u1ef1a ch\u1ecdn t\u01b0 ph\u00e1p thay th\u1ebf cho vi\u1ec7c ph\u00e1 thai c\u1ee7a t\u00f4i kh\u00f4ng?"},"content":{"rendered":"<p><span style=\"font-weight: 400;\">N\u1ebfu b\u1ea1n c\u00f3 th\u1ec3 \u0111\u01b0a ra m\u1ed9t l\u1ef1a ch\u1ecdn t\u01b0 ph\u00e1p thay th\u1ebf \u0111\u1ec3 c\u00f3 th\u1ec3 x\u00e1c nh\u1eadn vi\u1ec7c ph\u00e1 thai, th\u00ec tr\u01b0\u1edbc ti\u00ean b\u1ea1n ph\u1ea3i tranh lu\u1eadn v\u1ec1 m\u1ed9t c\u00e1 nh\u00e2n v\u00e0 y\u00eau c\u1ea7u t\u00f2a \u00e1n. Ti\u1ebfp t\u1ee5c m\u1ed9t danh s\u00e1ch c\u00e1c m\u1ed1i quan h\u1ec7 trong c\u0103n h\u1ed9 v\u00e0 c\u00e1c chi ti\u1ebft s\u00e2u s\u1eafc v\u1ec1 b\u1ea1n c\u00f3 th\u1ec3 t\u00ecm ki\u1ebfm.\u00a0<\/span><\/p>\n<p><a href=\"https:\/\/floridareprofreedom.org\/vi\/no-es-de-florida\/\"><b>\u00bfNo es de Florida?<\/b><\/a><\/p>\n<p><span style=\"font-weight: 400;\">N\u1ebfu b\u1ea1n b\u1eadn t\u00e2m \u0111\u1ebfn quy\u1ec1n ri\u00eang t\u01b0 c\u1ee7a m\u00ecnh trong m\u1ed9t c\u0103n h\u1ed9 chung c\u01b0, b\u1ea1n c\u00f3 th\u1ec3 ch\u1eafc ch\u1eafn r\u1eb1ng n\u00f3 \u0111ang \u1edf trong v\u00f2ng tr\u00f2n c\u1ee7a cu\u1ed9c s\u1ed1ng. C\u00e1c c\u0103n h\u1ed9 \u1edf Florida \u0111\u01b0\u1ee3c x\u00e2y d\u1ef1ng tr\u00ean 20 v\u00f2ng quanh. B\u1ea1n c\u00f3 th\u1ec3 tham gia v\u00e0o b\u1ea3n \u0111\u1ed3 ho\u1eb7c danh s\u00e1ch c\u00e1c v\u1ea5n \u0111\u1ec1 m\u00e0 b\u1ea1n c\u00f3 th\u1ec3 x\u00e1c \u0111\u1ecbnh trong v\u00f2ng quanh cu\u1ed9c s\u1ed1ng.<\/span><\/p>\n<p><img fetchpriority=\"high\" decoding=\"async\" class=\"alignnone size-full wp-image-1001\" src=\"https:\/\/floridareprofreedom.org\/wp-content\/uploads\/2020\/05\/flcircuitmap.jpeg\" alt=\"\" width=\"465\" height=\"390\" srcset=\"https:\/\/floridareprofreedom.org\/wp-content\/uploads\/2020\/05\/flcircuitmap.jpeg 465w, https:\/\/floridareprofreedom.org\/wp-content\/uploads\/2020\/05\/flcircuitmap-300x252.jpeg 300w\" sizes=\"(max-width: 465px) 100vw, 465px\" \/><\/p>\n<p><iframe src=\"https:\/\/docs.google.com\/spreadsheets\/d\/e\/2PACX-1vQB6krgtRma-96mkc9NufqrFn2t3gYItPYTXhaTc_euzRTZEXyRs9x90T-YutHr6CS_eNVijuyheuHR\/pubhtml?gid=1415876535&amp;single=true&amp;widget=true&amp;headers=false\" width=\"850\" height=\"1200\"><\/iframe><\/p>\n<p style=\"text-align: center;\"><a href=\"https:\/\/floridareprofreedom.org\/vi\/tu-phap-thay-the-o-florida\/\">Regresar al inicio<\/a>\u00a0 |\u00a0\u00a0<a href=\"https:\/\/floridareprofreedom.org\/vi\/jb1\/\">Pregunta anterior<\/a>\u00a0 \u00a0 |\u00a0 <a href=\"https:\/\/floridareprofreedom.org\/vi\/jb3\/\">Ti\u1ebfp theo Trang<\/a><\/p>\n<p><b>Preguntas Relacionadas<\/b><\/p>\n<ol>\n<li style=\"font-weight: 400;\"><span style=\"font-weight: 400;\"><a href=\"https:\/\/floridareprofreedom.org\/vi\/jb1\/\">\u00bf<\/a><a href=\"https:\/\/floridareprofreedom.org\/vi\/jb1\/\">\u0110\u00f3 l\u00e0 m\u1ed9t l\u1ef1a ch\u1ecdn thay th\u1ebf v\u1ec1 m\u1eb7t t\u01b0 ph\u00e1p trong tr\u01b0\u1eddng h\u1ee3p c\u1ea7n thi\u1ebft ph\u1ea3i ph\u00e1 thai?<\/a><\/span><\/li>\n<li style=\"font-weight: 400;\"><a href=\"https:\/\/floridareprofreedom.org\/vi\/jb2\/\"><span style=\"font-weight: 400;\">\u00bf<\/span><span style=\"font-weight: 400;\">B\u1ea1n c\u00f3 th\u1ec3 l\u00e0m g\u00ec \u0111\u1ec3 c\u00f3 th\u1ec3 ph\u00e1 thai?<\/span><\/a><\/li>\n<li style=\"font-weight: 400;\"><a href=\"https:\/\/floridareprofreedom.org\/vi\/jb3\/\"><span style=\"font-weight: 400;\">\u00bf<\/span><span style=\"font-weight: 400;\">B\u00ed quy\u1ebft c\u1ee7a c\u00f4ng th\u1ee9c debo llenar<\/span><span style=\"font-weight: 400;\">?<\/span><\/a><\/li>\n<li style=\"font-weight: 400;\"><a href=\"https:\/\/floridareprofreedom.org\/vi\/jb4\/\"><span style=\"font-weight: 400;\">B\u1ea1n \u0111ang xem x\u00e9t quy\u1ebft \u0111\u1ecbnh n\u00e0o \u0111\u1ec3 \u0111\u01b0a ra quy\u1ebft \u0111\u1ecbnh?<\/span><\/a><\/li>\n<li style=\"font-weight: 400;\"><a href=\"https:\/\/floridareprofreedom.org\/vi\/jb5\/\"><span style=\"font-weight: 400;\">\u00bfNecesito un abogado?<\/span><\/a><\/li>\n<li style=\"font-weight: 400;\"><a href=\"https:\/\/floridareprofreedom.org\/vi\/jb6\/\"><span style=\"font-weight: 400;\">\u00bf<\/span><span style=\"font-weight: 400;\">B\u1ea1n c\u00f3 th\u1ec3 ch\u1eadm tr\u1ec5 nh\u1eadn \u0111\u01b0\u1ee3c m\u1ed9t ph\u01b0\u01a1ng \u00e1n t\u01b0 ph\u00e1p thay th\u1ebf kh\u00f4ng?<\/span><\/a><\/li>\n<li style=\"font-weight: 400;\"><a href=\"https:\/\/floridareprofreedom.org\/vi\/jb7\/\"><span style=\"font-weight: 400;\">\u00bf<\/span><span style=\"font-weight: 400;\">B\u1ea1n c\u00f3 th\u1ec3 s\u1eed d\u1ee5ng m\u1ed9t ph\u01b0\u01a1ng \u00e1n t\u01b0 ph\u00e1p thay th\u1ebf kh\u00f4ng?<\/span><\/a><\/li>\n<li style=\"font-weight: 400;\"><a href=\"https:\/\/floridareprofreedom.org\/vi\/jb8\/\"><span style=\"font-weight: 400;\">\u00bf<\/span><span style=\"font-weight: 400;\">B\u1ea1n c\u00f3 mu\u1ed1n \u0111\u0103ng nh\u1eadp \u0111\u1ec3 c\u00f3 \u0111\u01b0\u1ee3c m\u1ed9t ph\u01b0\u01a1ng \u00e1n t\u01b0 ph\u00e1p thay th\u1ebf kh\u00f4ng?<\/span><\/a><\/li>\n<li style=\"font-weight: 400;\"><a href=\"https:\/\/floridareprofreedom.org\/vi\/jb9\/\"><span style=\"font-weight: 400;\">\u00bf<\/span><span style=\"font-weight: 400;\">B\u1ea1n c\u00f3 mu\u1ed1n l\u00e0m \u0111i\u1ec1u \u0111\u00f3 v\u1edbi t\u00f4i kh\u00f4ng?<\/span><\/a><\/li>\n<li style=\"font-weight: 400;\"><a href=\"https:\/\/floridareprofreedom.org\/vi\/jb10\/\"><span style=\"font-weight: 400;\">\u00bf<\/span><span style=\"font-weight: 400;\">Qu\u00e9 vestimenta debo usar para ir a la corte?<\/span><\/a><\/li>\n<li style=\"font-weight: 400;\"><a href=\"https:\/\/floridareprofreedom.org\/vi\/jb11\/\"><span style=\"font-weight: 400;\">\u00bf<\/span><span style=\"font-weight: 400;\">Qu\u00e9 suceder\u00eda si mi kh\u00e1n gi\u1ea3 l\u00e0 ch\u01b0\u01a1ng tr\u00ecnh d\u00e0nh cho m\u1ed9t ng\u00e0y h\u1ecdc t\u1eadp<\/span><span style=\"font-weight: 400;\">?<\/span><\/a><\/li>\n<li style=\"font-weight: 400;\"><a href=\"https:\/\/floridareprofreedom.org\/vi\/jb12\/\"><span style=\"font-weight: 400;\">\u00bf<\/span><span style=\"font-weight: 400;\">Ng\u01b0\u1eddi n\u00e0y c\u00f3 li\u00ean quan \u0111\u1ebfn t\u00f4i v\u00e0 t\u00f4i c\u00f3 th\u1ec3 c\u00f3 kh\u1ea3 n\u0103ng quy\u1ebft \u0111\u1ecbnh m\u1ed9t c\u00e1ch t\u1ec9nh t\u00e1o v\u1ec1 vi\u1ec7c kh\u00f4ng th\u1ef1c hi\u1ec7n vi\u1ec7c ph\u00e1 thai<\/span><\/a><span style=\"font-weight: 400;\">?\u00a0<\/span><\/li>\n<li style=\"font-weight: 400;\"><a href=\"https:\/\/floridareprofreedom.org\/vi\/jb13\/\"><span style=\"font-weight: 400;\">\u00a0<\/span><span style=\"font-weight: 400;\">\u00bf<\/span><span style=\"font-weight: 400;\">B\u1ea1n c\u00f3 mu\u1ed1n ng\u01b0\u1eddi M\u1ef9 th\u1ef1c h\u00e0nh vi\u1ec7c ph\u00e1 thai kh\u00f4ng? <\/span><span style=\"font-weight: 400;\">\u00bf<\/span><span style=\"font-weight: 400;\">B\u1ea1n c\u00f3 mu\u1ed1n giao ti\u1ebfp v\u1edbi ng\u01b0\u1eddi n\u01b0\u1edbc ngo\u00e0i kh\u00f4ng?\u00a0<\/span><\/a><\/li>\n<li style=\"font-weight: 400;\"><a href=\"https:\/\/floridareprofreedom.org\/vi\/jb14\/\"><span style=\"font-weight: 400;\">\u00bf<\/span><span style=\"font-weight: 400;\">B\u1ea1n c\u00f3 th\u1ec3 \u0111\u01b0a ra quy\u1ebft \u0111\u1ecbnh sau khi c\u00f3 m\u1ed9t ph\u01b0\u01a1ng \u00e1n t\u01b0 ph\u00e1p thay th\u1ebf?<\/span><\/a><\/li>\n<li><a href=\"https:\/\/floridareprofreedom.org\/vi\/jb15\/\"><span style=\"font-weight: 400;\">\u00bf<\/span><span style=\"font-weight: 400;\">Qu\u00e9 pasa si el juez niega mi petici\u00f3n<\/span><span style=\"font-weight: 400;\">?<\/span><\/a><\/li>\n<\/ol>","protected":false},"excerpt":{"rendered":"<p>Si est\u00e1s buscando una alternativa judicial para poder hacerte un aborto, primero debes ir en persona y solicitarlo en un tribunal. Encuentra a continuaci\u00f3n una lista de las cortes del condado y los detalles sobre a d\u00f3nde puedes acudir.\u00a0 \u00bfNo es de Florida? Si te preocupa tu privacidad puedes ir a la corte de otro [&hellip;]<\/p>\n","protected":false},"author":4,"featured_media":0,"parent":0,"menu_order":0,"comment_status":"closed","ping_status":"closed","template":"","meta":{"footnotes":""},"folder":[9],"class_list":["post-1257","page","type-page","status-publish","hentry"],"yoast_head":"<!-- This site is optimized with the Yoast SEO plugin v27.3 - https:\/\/yoast.com\/product\/yoast-seo-wordpress\/ -->\n<title>\u00bfA d\u00f3nde debo ir para conseguir una alternativa judicial para mi aborto? - Floridians For Reproductive Freedom<\/title>\n<meta name=\"robots\" content=\"index, follow, max-snippet:-1, max-image-preview:large, max-video-preview:-1\" \/>\n<link rel=\"canonical\" href=\"https:\/\/floridareprofreedom.org\/vi\/jb2\/\" \/>\n<meta property=\"og:locale\" content=\"vi_VN\" \/>\n<meta property=\"og:type\" content=\"article\" \/>\n<meta property=\"og:title\" content=\"\u00bfA d\u00f3nde debo ir para conseguir una alternativa judicial para mi aborto? - Floridians For Reproductive Freedom\" \/>\n<meta property=\"og:description\" content=\"Si est\u00e1s buscando una alternativa judicial para poder hacerte un aborto, primero debes ir en persona y solicitarlo en un tribunal. Encuentra a continuaci\u00f3n una lista de las cortes del condado y los detalles sobre a d\u00f3nde puedes acudir.\u00a0 \u00bfNo es de Florida? Si te preocupa tu privacidad puedes ir a la corte de otro [&hellip;]\" \/>\n<meta property=\"og:url\" content=\"https:\/\/floridareprofreedom.org\/vi\/jb2\/\" \/>\n<meta property=\"og:site_name\" content=\"Floridians For Reproductive Freedom\" \/>\n<meta property=\"article:publisher\" content=\"https:\/\/www.facebook.com\/FloridaReproFreedom\/\" \/>\n<meta property=\"article:modified_time\" content=\"2021-01-04T20:17:32+00:00\" \/>\n<meta property=\"og:image\" content=\"https:\/\/floridareprofreedom.org\/wp-content\/uploads\/2020\/05\/flcircuitmap.jpeg\" \/>\n<meta name=\"twitter:card\" content=\"summary_large_image\" \/>\n<meta name=\"twitter:site\" content=\"@FLReproFreedom\" \/>\n<meta name=\"twitter:label1\" content=\"\u01af\u1edbc t\u00ednh th\u1eddi gian \u0111\u1ecdc\" \/>\n\t<meta name=\"twitter:data1\" content=\"1 ph\u00fat\" \/>\n<script type=\"application\/ld+json\" class=\"yoast-schema-graph\">{\"@context\":\"https:\\\/\\\/schema.org\",\"@graph\":[{\"@type\":\"WebPage\",\"@id\":\"https:\\\/\\\/floridareprofreedom.org\\\/jb2\\\/\",\"url\":\"https:\\\/\\\/floridareprofreedom.org\\\/jb2\\\/\",\"name\":\"\u00bfA d\u00f3nde debo ir para conseguir una alternativa judicial para mi aborto? - Floridians For Reproductive Freedom\",\"isPartOf\":{\"@id\":\"https:\\\/\\\/floridareprofreedom.org\\\/#website\"},\"primaryImageOfPage\":{\"@id\":\"https:\\\/\\\/floridareprofreedom.org\\\/jb2\\\/#primaryimage\"},\"image\":{\"@id\":\"https:\\\/\\\/floridareprofreedom.org\\\/jb2\\\/#primaryimage\"},\"thumbnailUrl\":\"https:\\\/\\\/floridareprofreedom.org\\\/wp-content\\\/uploads\\\/2020\\\/05\\\/flcircuitmap.jpeg\",\"datePublished\":\"2020-08-04T18:53:36+00:00\",\"dateModified\":\"2021-01-04T20:17:32+00:00\",\"breadcrumb\":{\"@id\":\"https:\\\/\\\/floridareprofreedom.org\\\/jb2\\\/#breadcrumb\"},\"inLanguage\":\"vi\",\"potentialAction\":[{\"@type\":\"ReadAction\",\"target\":[\"https:\\\/\\\/floridareprofreedom.org\\\/jb2\\\/\"]}]},{\"@type\":\"ImageObject\",\"inLanguage\":\"vi\",\"@id\":\"https:\\\/\\\/floridareprofreedom.org\\\/jb2\\\/#primaryimage\",\"url\":\"https:\\\/\\\/floridareprofreedom.org\\\/wp-content\\\/uploads\\\/2020\\\/05\\\/flcircuitmap.jpeg\",\"contentUrl\":\"https:\\\/\\\/floridareprofreedom.org\\\/wp-content\\\/uploads\\\/2020\\\/05\\\/flcircuitmap.jpeg\"},{\"@type\":\"BreadcrumbList\",\"@id\":\"https:\\\/\\\/floridareprofreedom.org\\\/jb2\\\/#breadcrumb\",\"itemListElement\":[{\"@type\":\"ListItem\",\"position\":1,\"name\":\"Home\",\"item\":\"https:\\\/\\\/floridareprofreedom.org\\\/\"},{\"@type\":\"ListItem\",\"position\":2,\"name\":\"\u00bfA d\u00f3nde debo ir para conseguir una alternativa judicial para mi aborto?\"}]},{\"@type\":\"WebSite\",\"@id\":\"https:\\\/\\\/floridareprofreedom.org\\\/#website\",\"url\":\"https:\\\/\\\/floridareprofreedom.org\\\/\",\"name\":\"Floridians For Reproductive Freedom\",\"description\":\"Advocating for convenient, affordable, and safe access to reproductive health care, including abortion.\",\"publisher\":{\"@id\":\"https:\\\/\\\/floridareprofreedom.org\\\/#organization\"},\"potentialAction\":[{\"@type\":\"SearchAction\",\"target\":{\"@type\":\"EntryPoint\",\"urlTemplate\":\"https:\\\/\\\/floridareprofreedom.org\\\/?s={search_term_string}\"},\"query-input\":{\"@type\":\"PropertyValueSpecification\",\"valueRequired\":true,\"valueName\":\"search_term_string\"}}],\"inLanguage\":\"vi\"},{\"@type\":\"Organization\",\"@id\":\"https:\\\/\\\/floridareprofreedom.org\\\/#organization\",\"name\":\"Floridians for Reproductive Freedom\",\"url\":\"https:\\\/\\\/floridareprofreedom.org\\\/\",\"logo\":{\"@type\":\"ImageObject\",\"inLanguage\":\"vi\",\"@id\":\"https:\\\/\\\/floridareprofreedom.org\\\/#\\\/schema\\\/logo\\\/image\\\/\",\"url\":\"https:\\\/\\\/floridareprofreedom.org\\\/wp-content\\\/uploads\\\/2019\\\/05\\\/Untitled.jpg\",\"contentUrl\":\"https:\\\/\\\/floridareprofreedom.org\\\/wp-content\\\/uploads\\\/2019\\\/05\\\/Untitled.jpg\",\"width\":174,\"height\":180,\"caption\":\"Floridians for Reproductive Freedom\"},\"image\":{\"@id\":\"https:\\\/\\\/floridareprofreedom.org\\\/#\\\/schema\\\/logo\\\/image\\\/\"},\"sameAs\":[\"https:\\\/\\\/www.facebook.com\\\/FloridaReproFreedom\\\/\",\"https:\\\/\\\/x.com\\\/FLReproFreedom\",\"https:\\\/\\\/www.instagram.com\\\/floridareprofreedom\\\/\"]}]}<\/script>\n<!-- \/ Yoast SEO plugin. -->","yoast_head_json":{"title":"B\u1ea1n c\u00f3 th\u1ec3 gi\u1ea3i quy\u1ebft v\u1ea5n \u0111\u1ec1 b\u1eb1ng c\u00e1ch \u0111\u1ea3m b\u1ea3o m\u1ed9t l\u1ef1a ch\u1ecdn t\u01b0 ph\u00e1p thay th\u1ebf cho vi\u1ec7c ph\u00e1 thai c\u1ee7a t\u00f4i kh\u00f4ng? - Ng\u01b0\u1eddi Floridians V\u00ec T\u1ef1 do Sinh s\u1ea3n","robots":{"index":"index","follow":"follow","max-snippet":"max-snippet:-1","max-image-preview":"max-image-preview:large","max-video-preview":"max-video-preview:-1"},"canonical":"https:\/\/floridareprofreedom.org\/vi\/jb2\/","og_locale":"vi_VN","og_type":"article","og_title":"\u00bfA d\u00f3nde debo ir para conseguir una alternativa judicial para mi aborto? - Floridians For Reproductive Freedom","og_description":"Si est\u00e1s buscando una alternativa judicial para poder hacerte un aborto, primero debes ir en persona y solicitarlo en un tribunal. Encuentra a continuaci\u00f3n una lista de las cortes del condado y los detalles sobre a d\u00f3nde puedes acudir.\u00a0 \u00bfNo es de Florida? Si te preocupa tu privacidad puedes ir a la corte de otro [&hellip;]","og_url":"https:\/\/floridareprofreedom.org\/vi\/jb2\/","og_site_name":"Floridians For Reproductive Freedom","article_publisher":"https:\/\/www.facebook.com\/FloridaReproFreedom\/","article_modified_time":"2021-01-04T20:17:32+00:00","og_image":[{"url":"https:\/\/floridareprofreedom.org\/wp-content\/uploads\/2020\/05\/flcircuitmap.jpeg","type":"","width":"","height":""}],"twitter_card":"summary_large_image","twitter_site":"@FLReproFreedom","twitter_misc":{"\u01af\u1edbc t\u00ednh th\u1eddi gian \u0111\u1ecdc":"1 ph\u00fat"},"schema":{"@context":"https:\/\/schema.org","@graph":[{"@type":"WebPage","@id":"https:\/\/floridareprofreedom.org\/jb2\/","url":"https:\/\/floridareprofreedom.org\/jb2\/","name":"B\u1ea1n c\u00f3 th\u1ec3 gi\u1ea3i quy\u1ebft v\u1ea5n \u0111\u1ec1 b\u1eb1ng c\u00e1ch \u0111\u1ea3m b\u1ea3o m\u1ed9t l\u1ef1a ch\u1ecdn t\u01b0 ph\u00e1p thay th\u1ebf cho vi\u1ec7c ph\u00e1 thai c\u1ee7a t\u00f4i kh\u00f4ng? - Ng\u01b0\u1eddi Floridians V\u00ec T\u1ef1 do Sinh s\u1ea3n","isPartOf":{"@id":"https:\/\/floridareprofreedom.org\/#website"},"primaryImageOfPage":{"@id":"https:\/\/floridareprofreedom.org\/jb2\/#primaryimage"},"image":{"@id":"https:\/\/floridareprofreedom.org\/jb2\/#primaryimage"},"thumbnailUrl":"https:\/\/floridareprofreedom.org\/wp-content\/uploads\/2020\/05\/flcircuitmap.jpeg","datePublished":"2020-08-04T18:53:36+00:00","dateModified":"2021-01-04T20:17:32+00:00","breadcrumb":{"@id":"https:\/\/floridareprofreedom.org\/jb2\/#breadcrumb"},"inLanguage":"vi","potentialAction":[{"@type":"ReadAction","target":["https:\/\/floridareprofreedom.org\/jb2\/"]}]},{"@type":"ImageObject","inLanguage":"vi","@id":"https:\/\/floridareprofreedom.org\/jb2\/#primaryimage","url":"https:\/\/floridareprofreedom.org\/wp-content\/uploads\/2020\/05\/flcircuitmap.jpeg","contentUrl":"https:\/\/floridareprofreedom.org\/wp-content\/uploads\/2020\/05\/flcircuitmap.jpeg"},{"@type":"BreadcrumbList","@id":"https:\/\/floridareprofreedom.org\/jb2\/#breadcrumb","itemListElement":[{"@type":"ListItem","position":1,"name":"Home","item":"https:\/\/floridareprofreedom.org\/"},{"@type":"ListItem","position":2,"name":"\u00bfA d\u00f3nde debo ir para conseguir una alternativa judicial para mi aborto?"}]},{"@type":"WebSite","@id":"https:\/\/floridareprofreedom.org\/#website","url":"https:\/\/floridareprofreedom.org\/","name":"Ng\u01b0\u1eddi Florida v\u00ec T\u1ef1 do Sinh s\u1ea3n","description":"V\u1eadn \u0111\u1ed9ng cho vi\u1ec7c ti\u1ebfp c\u1eadn d\u1ecbch v\u1ee5 ch\u0103m s\u00f3c s\u1ee9c kh\u1ecfe sinh s\u1ea3n, bao g\u1ed3m c\u1ea3 ph\u00e1 thai, m\u1ed9t c\u00e1ch thu\u1eadn ti\u1ec7n, gi\u00e1 c\u1ea3 ph\u1ea3i ch\u0103ng v\u00e0 an to\u00e0n.","publisher":{"@id":"https:\/\/floridareprofreedom.org\/#organization"},"potentialAction":[{"@type":"SearchAction","target":{"@type":"EntryPoint","urlTemplate":"https:\/\/floridareprofreedom.org\/?s={search_term_string}"},"query-input":{"@type":"PropertyValueSpecification","valueRequired":true,"valueName":"search_term_string"}}],"inLanguage":"vi"},{"@type":"Organization","@id":"https:\/\/floridareprofreedom.org\/#organization","name":"Ng\u01b0\u1eddi Florida v\u00ec T\u1ef1 do Sinh s\u1ea3n","url":"https:\/\/floridareprofreedom.org\/","logo":{"@type":"ImageObject","inLanguage":"vi","@id":"https:\/\/floridareprofreedom.org\/#\/schema\/logo\/image\/","url":"https:\/\/floridareprofreedom.org\/wp-content\/uploads\/2019\/05\/Untitled.jpg","contentUrl":"https:\/\/floridareprofreedom.org\/wp-content\/uploads\/2019\/05\/Untitled.jpg","width":174,"height":180,"caption":"Floridians for Reproductive Freedom"},"image":{"@id":"https:\/\/floridareprofreedom.org\/#\/schema\/logo\/image\/"},"sameAs":["https:\/\/www.facebook.com\/FloridaReproFreedom\/","https:\/\/x.com\/FLReproFreedom","https:\/\/www.instagram.com\/floridareprofreedom\/"]}]}},"_links":{"self":[{"href":"https:\/\/floridareprofreedom.org\/vi\/wp-json\/wp\/v2\/pages\/1257","targetHints":{"allow":["GET"]}}],"collection":[{"href":"https:\/\/floridareprofreedom.org\/vi\/wp-json\/wp\/v2\/pages"}],"about":[{"href":"https:\/\/floridareprofreedom.org\/vi\/wp-json\/wp\/v2\/types\/page"}],"author":[{"embeddable":true,"href":"https:\/\/floridareprofreedom.org\/vi\/wp-json\/wp\/v2\/users\/4"}],"replies":[{"embeddable":true,"href":"https:\/\/floridareprofreedom.org\/vi\/wp-json\/wp\/v2\/comments?post=1257"}],"version-history":[{"count":6,"href":"https:\/\/floridareprofreedom.org\/vi\/wp-json\/wp\/v2\/pages\/1257\/revisions"}],"predecessor-version":[{"id":1567,"href":"https:\/\/floridareprofreedom.org\/vi\/wp-json\/wp\/v2\/pages\/1257\/revisions\/1567"}],"wp:attachment":[{"href":"https:\/\/floridareprofreedom.org\/vi\/wp-json\/wp\/v2\/media?parent=1257"}],"wp:term":[{"taxonomy":"folder","embeddable":true,"href":"https:\/\/floridareprofreedom.org\/vi\/wp-json\/wp\/v2\/folder?post=1257"}],"curies":[{"name":"wp","href":"https:\/\/api.w.org\/{rel}","templated":true}]}}