{"id":1263,"date":"2020-08-05T12:25:57","date_gmt":"2020-08-05T12:25:57","guid":{"rendered":"https:\/\/floridareprofreedom.org\/?page_id=1263"},"modified":"2020-08-05T12:26:20","modified_gmt":"2020-08-05T12:26:20","slug":"jb7","status":"publish","type":"page","link":"https:\/\/floridareprofreedom.org\/vi\/jb7\/","title":{"rendered":"B\u1ea1n c\u00f3 th\u1ec3 ch\u1eadm tr\u1ec5 \u0111\u1ec3 c\u00f3 \u0111\u01b0\u1ee3c m\u1ed9t ph\u01b0\u01a1ng \u00e1n t\u01b0 ph\u00e1p thay th\u1ebf?"},"content":{"rendered":"<p><span style=\"font-weight: 400;\">C\u00e2u tr\u1ea3 l\u1eddi l\u00e0 kh\u00f4ng. Kh\u00f4ng c\u1ea7n ph\u1ea3i tr\u1ea3 ti\u1ec1n ph\u00e1p l\u00fd \u0111\u1ec3 c\u00f3 \u0111\u01b0\u1ee3c m\u1ed9t l\u1ef1a ch\u1ecdn ph\u00e1p l\u00fd thay th\u1ebf m\u00e0 b\u1ea1n c\u00f3 th\u1ec3 cho ph\u00e9p ph\u00e1 thai \u1edf Florida. Si quieres que la corte te abogado para ayudarte, esto no te costar\u00e1 un centavo. V\u00e2y, <\/span><a href=\"https:\/\/docs.google.com\/document\/d\/1B4AdYdocQAyBSCz2_Jl0nJHqr3P7ZelheUsQ0whwSQU\/edit?usp=sharing\"><span style=\"font-weight: 400;\">necesito un abogado<\/span><\/a><span style=\"font-weight: 400;\"> para m\u00e1s informaci\u00f3n.<\/span><\/p>\n<p><span style=\"font-weight: 400;\">Trong t\u1ea5t c\u1ea3 c\u00e1c l\u0129nh v\u1ef1c, \u0111\u00e2y l\u00e0 m\u1ed9t trong nh\u1eefng \u0111i\u1ec1u t\u1ed1t h\u01a1n m\u00e0 b\u1ea1n c\u00f3 th\u1ec3 t\u00ecm th\u1ea5y \u1edf th\u00e0nh ph\u1ed1 n\u00e0y. M\u01b0\u1eddi \u0111i\u1ec1u quan tr\u1ecdng m\u00e0 b\u1ea1n n\u00ean chu\u1ea9n b\u1ecb \u0111\u1ec3 th\u1ef1c hi\u1ec7n c\u00e1c th\u1ee7 t\u1ee5c li\u00ean quan \u0111\u1ebfn ph\u00f2ng kh\u00e1m. N\u1ebfu b\u1ea1n kh\u00f4ng mu\u1ed1n b\u1ecb h\u1ee7y b\u1ecf, h\u00e3y t\u1ed3n t\u1ea1i c\u00e1c t\u1ed5 ch\u1ee9c \u0111\u1ecba ph\u01b0\u01a1ng v\u00e0 qu\u1ed1c gia m\u00e0 b\u1ea1n c\u00f3 th\u1ec3 mu\u1ed1n. \u0110\u00e2y l\u00e0 m\u1ed9t ph\u1ea7n danh s\u00e1ch. Debes c\u0169ng c\u00f3 th\u1ec3 gi\u00fap b\u1ea1n ch\u1ee9ng minh vi\u1ec7c ph\u00e1 thai n\u1ebfu b\u1ea1n c\u00f3 th\u1ec3 h\u1ed7 tr\u1ee3 t\u00e0i ch\u00ednh cho th\u1ee7 t\u1ee5c y t\u1ebf.<\/span><\/p>\n<ul>\n<li><a href=\"https:\/\/www.prochoice.org\/\">Li\u00ean \u0111o\u00e0n ph\u00e1 thai qu\u1ed1c gia<\/a>: 1-800-772-9100<\/li>\n<li><a href=\"https:\/\/www.plannedparenthood.org\/teens\">K\u1ebf ho\u1ea1ch h\u00f3a gia \u0111\u00ecnh<\/a>: 1-800-230-7526<\/li>\n<li><a href=\"http:\/\/www.flaccessnetwork.org\/\">M\u1ea1ng l\u01b0\u1edbi truy c\u1eadp Florida<\/a>: H\u1ed7 tr\u1ee3 to\u00e0n Florida<\/li>\n<li><a href=\"https:\/\/emawpb.org\/\">C\u00f4ng ty H\u1ed7 tr\u1ee3 Y t\u1ebf Kh\u1ea9n c\u1ea5p<\/a>: Palm Beaches v\u00e0 Treasure Coast<\/li>\n<li><a href=\"https:\/\/bwefund.org\/site\/\">Broward Women&#039;s Emergency Fun<\/a>d: Qu\u1eadn Broward<\/li>\n<li><a href=\"https:\/\/abortionfunds.org\/fund\/womens-emergency-network\/\">M\u1ea1ng l\u01b0\u1edbi kh\u1ea9n c\u1ea5p c\u1ee7a ph\u1ee5 n\u1eef<\/a>: C\u00e1c qu\u1eadn Miami-Dade, Broward v\u00e0 Monroe<\/li>\n<li><a href=\"https:\/\/abortionfunds.org\/fund\/tampa-bay-abortion-fund\/\">Qu\u1ef9 ph\u00e1 thai Tampa Bay<\/a>: C\u00e1c qu\u1eadn Pinellas, Hillsborough, Pasco, Polk<\/li>\n<\/ul>\n<p style=\"text-align: center;\"><a href=\"https:\/\/floridareprofreedom.org\/vi\/tu-phap-thay-the-o-florida\/\">Regresar al inicio<\/a>\u00a0 |\u00a0 <a href=\"https:\/\/floridareprofreedom.org\/vi\/jb6\/\">Pregunta anterior<\/a>\u00a0\u00a0 |\u00a0 <a href=\"https:\/\/floridareprofreedom.org\/vi\/jb8\/\">Ti\u1ebfp theo Trang<\/a><\/p>\n<p><b>Preguntas Relacionadas<\/b><\/p>\n<ol>\n<li style=\"font-weight: 400;\"><span style=\"font-weight: 400;\"><a href=\"https:\/\/floridareprofreedom.org\/vi\/jb1\/\">\u00bf<\/a><a href=\"https:\/\/floridareprofreedom.org\/vi\/jb1\/\">\u0110\u00f3 l\u00e0 m\u1ed9t l\u1ef1a ch\u1ecdn thay th\u1ebf v\u1ec1 m\u1eb7t t\u01b0 ph\u00e1p trong tr\u01b0\u1eddng h\u1ee3p c\u1ea7n thi\u1ebft ph\u1ea3i ph\u00e1 thai?<\/a><\/span><\/li>\n<li style=\"font-weight: 400;\"><a href=\"https:\/\/floridareprofreedom.org\/vi\/jb2\/\"><span style=\"font-weight: 400;\">\u00bf<\/span><span style=\"font-weight: 400;\">B\u1ea1n c\u00f3 th\u1ec3 l\u00e0m g\u00ec \u0111\u1ec3 c\u00f3 th\u1ec3 ph\u00e1 thai?<\/span><\/a><\/li>\n<li style=\"font-weight: 400;\"><a href=\"https:\/\/floridareprofreedom.org\/vi\/jb3\/\"><span style=\"font-weight: 400;\">\u00bf<\/span><span style=\"font-weight: 400;\">B\u00ed quy\u1ebft c\u1ee7a c\u00f4ng th\u1ee9c debo llenar<\/span><span style=\"font-weight: 400;\">?<\/span><\/a><\/li>\n<li style=\"font-weight: 400;\"><a href=\"https:\/\/floridareprofreedom.org\/vi\/jb4\/\"><span style=\"font-weight: 400;\">B\u1ea1n \u0111ang xem x\u00e9t quy\u1ebft \u0111\u1ecbnh n\u00e0o \u0111\u1ec3 \u0111\u01b0a ra quy\u1ebft \u0111\u1ecbnh?<\/span><\/a><\/li>\n<li style=\"font-weight: 400;\"><a href=\"https:\/\/floridareprofreedom.org\/vi\/jb5\/\"><span style=\"font-weight: 400;\">\u00bfNecesito un abogado?<\/span><\/a><\/li>\n<li style=\"font-weight: 400;\"><a href=\"https:\/\/floridareprofreedom.org\/vi\/jb6\/\"><span style=\"font-weight: 400;\">\u00bf<\/span><span style=\"font-weight: 400;\">B\u1ea1n c\u00f3 th\u1ec3 ch\u1eadm tr\u1ec5 nh\u1eadn \u0111\u01b0\u1ee3c m\u1ed9t ph\u01b0\u01a1ng \u00e1n t\u01b0 ph\u00e1p thay th\u1ebf kh\u00f4ng?<\/span><\/a><\/li>\n<li style=\"font-weight: 400;\"><a href=\"https:\/\/floridareprofreedom.org\/vi\/jb7\/\"><span style=\"font-weight: 400;\">\u00bf<\/span><span style=\"font-weight: 400;\">B\u1ea1n c\u00f3 th\u1ec3 s\u1eed d\u1ee5ng m\u1ed9t ph\u01b0\u01a1ng \u00e1n t\u01b0 ph\u00e1p thay th\u1ebf kh\u00f4ng?<\/span><\/a><\/li>\n<li style=\"font-weight: 400;\"><a href=\"https:\/\/floridareprofreedom.org\/vi\/jb8\/\"><span style=\"font-weight: 400;\">\u00bf<\/span><span style=\"font-weight: 400;\">B\u1ea1n c\u00f3 mu\u1ed1n \u0111\u0103ng nh\u1eadp \u0111\u1ec3 c\u00f3 \u0111\u01b0\u1ee3c m\u1ed9t ph\u01b0\u01a1ng \u00e1n t\u01b0 ph\u00e1p thay th\u1ebf kh\u00f4ng?<\/span><\/a><\/li>\n<li style=\"font-weight: 400;\"><a href=\"https:\/\/floridareprofreedom.org\/vi\/jb9\/\"><span style=\"font-weight: 400;\">\u00bf<\/span><span style=\"font-weight: 400;\">B\u1ea1n c\u00f3 mu\u1ed1n l\u00e0m \u0111i\u1ec1u \u0111\u00f3 v\u1edbi t\u00f4i kh\u00f4ng?<\/span><\/a><\/li>\n<li style=\"font-weight: 400;\"><a href=\"https:\/\/floridareprofreedom.org\/vi\/jb10\/\"><span style=\"font-weight: 400;\">\u00bf<\/span><span style=\"font-weight: 400;\">Qu\u00e9 vestimenta debo usar para ir a la corte?<\/span><\/a><\/li>\n<li style=\"font-weight: 400;\"><a href=\"https:\/\/floridareprofreedom.org\/vi\/jb11\/\"><span style=\"font-weight: 400;\">\u00bf<\/span><span style=\"font-weight: 400;\">Qu\u00e9 suceder\u00eda si mi kh\u00e1n gi\u1ea3 l\u00e0 ch\u01b0\u01a1ng tr\u00ecnh d\u00e0nh cho m\u1ed9t ng\u00e0y h\u1ecdc t\u1eadp<\/span><span style=\"font-weight: 400;\">?<\/span><\/a><\/li>\n<li style=\"font-weight: 400;\"><a href=\"https:\/\/floridareprofreedom.org\/vi\/jb12\/\"><span style=\"font-weight: 400;\">\u00bf<\/span><span style=\"font-weight: 400;\">Ng\u01b0\u1eddi n\u00e0y c\u00f3 li\u00ean quan \u0111\u1ebfn t\u00f4i v\u00e0 t\u00f4i c\u00f3 th\u1ec3 c\u00f3 kh\u1ea3 n\u0103ng quy\u1ebft \u0111\u1ecbnh m\u1ed9t c\u00e1ch t\u1ec9nh t\u00e1o v\u1ec1 vi\u1ec7c kh\u00f4ng th\u1ef1c hi\u1ec7n vi\u1ec7c ph\u00e1 thai<\/span><\/a><span style=\"font-weight: 400;\">?\u00a0<\/span><\/li>\n<li style=\"font-weight: 400;\"><a href=\"https:\/\/floridareprofreedom.org\/vi\/jb13\/\"><span style=\"font-weight: 400;\">\u00a0<\/span><span style=\"font-weight: 400;\">\u00bf<\/span><span style=\"font-weight: 400;\">B\u1ea1n c\u00f3 mu\u1ed1n ng\u01b0\u1eddi M\u1ef9 th\u1ef1c h\u00e0nh vi\u1ec7c ph\u00e1 thai kh\u00f4ng? <\/span><span style=\"font-weight: 400;\">\u00bf<\/span><span style=\"font-weight: 400;\">B\u1ea1n c\u00f3 mu\u1ed1n giao ti\u1ebfp v\u1edbi ng\u01b0\u1eddi n\u01b0\u1edbc ngo\u00e0i kh\u00f4ng?\u00a0<\/span><\/a><\/li>\n<li style=\"font-weight: 400;\"><a href=\"https:\/\/floridareprofreedom.org\/vi\/jb14\/\"><span style=\"font-weight: 400;\">\u00bf<\/span><span style=\"font-weight: 400;\">B\u1ea1n c\u00f3 th\u1ec3 \u0111\u01b0a ra quy\u1ebft \u0111\u1ecbnh sau khi c\u00f3 m\u1ed9t ph\u01b0\u01a1ng \u00e1n t\u01b0 ph\u00e1p thay th\u1ebf?<\/span><\/a><\/li>\n<li><a href=\"https:\/\/floridareprofreedom.org\/vi\/jb15\/\"><span style=\"font-weight: 400;\">\u00bf<\/span><span style=\"font-weight: 400;\">Qu\u00e9 pasa si el juez niega mi petici\u00f3n<\/span><span style=\"font-weight: 400;\">?<\/span><\/a><\/li>\n<\/ol>","protected":false},"excerpt":{"rendered":"<p>La respuesta es no. No necesitas pagar honorarios legales para obtener una alternativa legal que te permita hacerte un aborto en Florida. Si quieres que la corte te asigne un abogado para ayudarte, esto no te costar\u00e1 un centavo. Vea, necesito un abogado para m\u00e1s informaci\u00f3n. En algunas cortes, vas a tener que pagar por [&hellip;]<\/p>\n","protected":false},"author":4,"featured_media":0,"parent":0,"menu_order":0,"comment_status":"closed","ping_status":"closed","template":"","meta":{"footnotes":""},"folder":[9],"class_list":["post-1263","page","type-page","status-publish","hentry"],"yoast_head":"<!-- This site is optimized with the Yoast SEO plugin v27.3 - https:\/\/yoast.com\/product\/yoast-seo-wordpress\/ -->\n<title>\u00bfCu\u00e1nto tarda obtener una alternativa judicial? - Floridians For Reproductive Freedom<\/title>\n<meta name=\"robots\" content=\"index, follow, max-snippet:-1, max-image-preview:large, max-video-preview:-1\" \/>\n<link rel=\"canonical\" href=\"https:\/\/floridareprofreedom.org\/vi\/jb7\/\" \/>\n<meta property=\"og:locale\" content=\"vi_VN\" \/>\n<meta property=\"og:type\" content=\"article\" \/>\n<meta property=\"og:title\" content=\"\u00bfCu\u00e1nto tarda obtener una alternativa judicial? - Floridians For Reproductive Freedom\" \/>\n<meta property=\"og:description\" content=\"La respuesta es no. No necesitas pagar honorarios legales para obtener una alternativa legal que te permita hacerte un aborto en Florida. Si quieres que la corte te asigne un abogado para ayudarte, esto no te costar\u00e1 un centavo. Vea, necesito un abogado para m\u00e1s informaci\u00f3n. En algunas cortes, vas a tener que pagar por [&hellip;]\" \/>\n<meta property=\"og:url\" content=\"https:\/\/floridareprofreedom.org\/vi\/jb7\/\" \/>\n<meta property=\"og:site_name\" content=\"Floridians For Reproductive Freedom\" \/>\n<meta property=\"article:publisher\" content=\"https:\/\/www.facebook.com\/FloridaReproFreedom\/\" \/>\n<meta property=\"article:modified_time\" content=\"2020-08-05T12:26:20+00:00\" \/>\n<meta name=\"twitter:card\" content=\"summary_large_image\" \/>\n<meta name=\"twitter:site\" content=\"@FLReproFreedom\" \/>\n<meta name=\"twitter:label1\" content=\"\u01af\u1edbc t\u00ednh th\u1eddi gian \u0111\u1ecdc\" \/>\n\t<meta name=\"twitter:data1\" content=\"2 ph\u00fat\" \/>\n<script type=\"application\/ld+json\" class=\"yoast-schema-graph\">{\"@context\":\"https:\\\/\\\/schema.org\",\"@graph\":[{\"@type\":\"WebPage\",\"@id\":\"https:\\\/\\\/floridareprofreedom.org\\\/jb7\\\/\",\"url\":\"https:\\\/\\\/floridareprofreedom.org\\\/jb7\\\/\",\"name\":\"\u00bfCu\u00e1nto tarda obtener una alternativa judicial? - Floridians For Reproductive Freedom\",\"isPartOf\":{\"@id\":\"https:\\\/\\\/floridareprofreedom.org\\\/#website\"},\"datePublished\":\"2020-08-05T12:25:57+00:00\",\"dateModified\":\"2020-08-05T12:26:20+00:00\",\"breadcrumb\":{\"@id\":\"https:\\\/\\\/floridareprofreedom.org\\\/jb7\\\/#breadcrumb\"},\"inLanguage\":\"vi\",\"potentialAction\":[{\"@type\":\"ReadAction\",\"target\":[\"https:\\\/\\\/floridareprofreedom.org\\\/jb7\\\/\"]}]},{\"@type\":\"BreadcrumbList\",\"@id\":\"https:\\\/\\\/floridareprofreedom.org\\\/jb7\\\/#breadcrumb\",\"itemListElement\":[{\"@type\":\"ListItem\",\"position\":1,\"name\":\"Home\",\"item\":\"https:\\\/\\\/floridareprofreedom.org\\\/\"},{\"@type\":\"ListItem\",\"position\":2,\"name\":\"\u00bfCu\u00e1nto tarda obtener una alternativa judicial?\"}]},{\"@type\":\"WebSite\",\"@id\":\"https:\\\/\\\/floridareprofreedom.org\\\/#website\",\"url\":\"https:\\\/\\\/floridareprofreedom.org\\\/\",\"name\":\"Floridians For Reproductive Freedom\",\"description\":\"Advocating for convenient, affordable, and safe access to reproductive health care, including abortion.\",\"publisher\":{\"@id\":\"https:\\\/\\\/floridareprofreedom.org\\\/#organization\"},\"potentialAction\":[{\"@type\":\"SearchAction\",\"target\":{\"@type\":\"EntryPoint\",\"urlTemplate\":\"https:\\\/\\\/floridareprofreedom.org\\\/?s={search_term_string}\"},\"query-input\":{\"@type\":\"PropertyValueSpecification\",\"valueRequired\":true,\"valueName\":\"search_term_string\"}}],\"inLanguage\":\"vi\"},{\"@type\":\"Organization\",\"@id\":\"https:\\\/\\\/floridareprofreedom.org\\\/#organization\",\"name\":\"Floridians for Reproductive Freedom\",\"url\":\"https:\\\/\\\/floridareprofreedom.org\\\/\",\"logo\":{\"@type\":\"ImageObject\",\"inLanguage\":\"vi\",\"@id\":\"https:\\\/\\\/floridareprofreedom.org\\\/#\\\/schema\\\/logo\\\/image\\\/\",\"url\":\"https:\\\/\\\/floridareprofreedom.org\\\/wp-content\\\/uploads\\\/2019\\\/05\\\/Untitled.jpg\",\"contentUrl\":\"https:\\\/\\\/floridareprofreedom.org\\\/wp-content\\\/uploads\\\/2019\\\/05\\\/Untitled.jpg\",\"width\":174,\"height\":180,\"caption\":\"Floridians for Reproductive Freedom\"},\"image\":{\"@id\":\"https:\\\/\\\/floridareprofreedom.org\\\/#\\\/schema\\\/logo\\\/image\\\/\"},\"sameAs\":[\"https:\\\/\\\/www.facebook.com\\\/FloridaReproFreedom\\\/\",\"https:\\\/\\\/x.com\\\/FLReproFreedom\",\"https:\\\/\\\/www.instagram.com\\\/floridareprofreedom\\\/\"]}]}<\/script>\n<!-- \/ Yoast SEO plugin. -->","yoast_head_json":{"title":"B\u1ea1n c\u00f3 th\u1ec3 ch\u1eadm tr\u1ec5 \u0111\u1ec3 c\u00f3 \u0111\u01b0\u1ee3c m\u1ed9t ph\u01b0\u01a1ng \u00e1n t\u01b0 ph\u00e1p thay th\u1ebf? - Ng\u01b0\u1eddi d\u00e2n Florida v\u00ec t\u1ef1 do sinh s\u1ea3n","robots":{"index":"index","follow":"follow","max-snippet":"max-snippet:-1","max-image-preview":"max-image-preview:large","max-video-preview":"max-video-preview:-1"},"canonical":"https:\/\/floridareprofreedom.org\/vi\/jb7\/","og_locale":"vi_VN","og_type":"article","og_title":"\u00bfCu\u00e1nto tarda obtener una alternativa judicial? - Floridians For Reproductive Freedom","og_description":"La respuesta es no. No necesitas pagar honorarios legales para obtener una alternativa legal que te permita hacerte un aborto en Florida. Si quieres que la corte te asigne un abogado para ayudarte, esto no te costar\u00e1 un centavo. Vea, necesito un abogado para m\u00e1s informaci\u00f3n. En algunas cortes, vas a tener que pagar por [&hellip;]","og_url":"https:\/\/floridareprofreedom.org\/vi\/jb7\/","og_site_name":"Floridians For Reproductive Freedom","article_publisher":"https:\/\/www.facebook.com\/FloridaReproFreedom\/","article_modified_time":"2020-08-05T12:26:20+00:00","twitter_card":"summary_large_image","twitter_site":"@FLReproFreedom","twitter_misc":{"\u01af\u1edbc t\u00ednh th\u1eddi gian \u0111\u1ecdc":"2 ph\u00fat"},"schema":{"@context":"https:\/\/schema.org","@graph":[{"@type":"WebPage","@id":"https:\/\/floridareprofreedom.org\/jb7\/","url":"https:\/\/floridareprofreedom.org\/jb7\/","name":"B\u1ea1n c\u00f3 th\u1ec3 ch\u1eadm tr\u1ec5 \u0111\u1ec3 c\u00f3 \u0111\u01b0\u1ee3c m\u1ed9t ph\u01b0\u01a1ng \u00e1n t\u01b0 ph\u00e1p thay th\u1ebf? - Ng\u01b0\u1eddi d\u00e2n Florida v\u00ec t\u1ef1 do sinh s\u1ea3n","isPartOf":{"@id":"https:\/\/floridareprofreedom.org\/#website"},"datePublished":"2020-08-05T12:25:57+00:00","dateModified":"2020-08-05T12:26:20+00:00","breadcrumb":{"@id":"https:\/\/floridareprofreedom.org\/jb7\/#breadcrumb"},"inLanguage":"vi","potentialAction":[{"@type":"ReadAction","target":["https:\/\/floridareprofreedom.org\/jb7\/"]}]},{"@type":"BreadcrumbList","@id":"https:\/\/floridareprofreedom.org\/jb7\/#breadcrumb","itemListElement":[{"@type":"ListItem","position":1,"name":"Home","item":"https:\/\/floridareprofreedom.org\/"},{"@type":"ListItem","position":2,"name":"\u00bfCu\u00e1nto tarda obtener una alternativa judicial?"}]},{"@type":"WebSite","@id":"https:\/\/floridareprofreedom.org\/#website","url":"https:\/\/floridareprofreedom.org\/","name":"Ng\u01b0\u1eddi Florida v\u00ec T\u1ef1 do Sinh s\u1ea3n","description":"V\u1eadn \u0111\u1ed9ng cho vi\u1ec7c ti\u1ebfp c\u1eadn d\u1ecbch v\u1ee5 ch\u0103m s\u00f3c s\u1ee9c kh\u1ecfe sinh s\u1ea3n, bao g\u1ed3m c\u1ea3 ph\u00e1 thai, m\u1ed9t c\u00e1ch thu\u1eadn ti\u1ec7n, gi\u00e1 c\u1ea3 ph\u1ea3i ch\u0103ng v\u00e0 an to\u00e0n.","publisher":{"@id":"https:\/\/floridareprofreedom.org\/#organization"},"potentialAction":[{"@type":"SearchAction","target":{"@type":"EntryPoint","urlTemplate":"https:\/\/floridareprofreedom.org\/?s={search_term_string}"},"query-input":{"@type":"PropertyValueSpecification","valueRequired":true,"valueName":"search_term_string"}}],"inLanguage":"vi"},{"@type":"Organization","@id":"https:\/\/floridareprofreedom.org\/#organization","name":"Ng\u01b0\u1eddi Florida v\u00ec T\u1ef1 do Sinh s\u1ea3n","url":"https:\/\/floridareprofreedom.org\/","logo":{"@type":"ImageObject","inLanguage":"vi","@id":"https:\/\/floridareprofreedom.org\/#\/schema\/logo\/image\/","url":"https:\/\/floridareprofreedom.org\/wp-content\/uploads\/2019\/05\/Untitled.jpg","contentUrl":"https:\/\/floridareprofreedom.org\/wp-content\/uploads\/2019\/05\/Untitled.jpg","width":174,"height":180,"caption":"Floridians for Reproductive Freedom"},"image":{"@id":"https:\/\/floridareprofreedom.org\/#\/schema\/logo\/image\/"},"sameAs":["https:\/\/www.facebook.com\/FloridaReproFreedom\/","https:\/\/x.com\/FLReproFreedom","https:\/\/www.instagram.com\/floridareprofreedom\/"]}]}},"_links":{"self":[{"href":"https:\/\/floridareprofreedom.org\/vi\/wp-json\/wp\/v2\/pages\/1263","targetHints":{"allow":["GET"]}}],"collection":[{"href":"https:\/\/floridareprofreedom.org\/vi\/wp-json\/wp\/v2\/pages"}],"about":[{"href":"https:\/\/floridareprofreedom.org\/vi\/wp-json\/wp\/v2\/types\/page"}],"author":[{"embeddable":true,"href":"https:\/\/floridareprofreedom.org\/vi\/wp-json\/wp\/v2\/users\/4"}],"replies":[{"embeddable":true,"href":"https:\/\/floridareprofreedom.org\/vi\/wp-json\/wp\/v2\/comments?post=1263"}],"version-history":[{"count":4,"href":"https:\/\/floridareprofreedom.org\/vi\/wp-json\/wp\/v2\/pages\/1263\/revisions"}],"predecessor-version":[{"id":1294,"href":"https:\/\/floridareprofreedom.org\/vi\/wp-json\/wp\/v2\/pages\/1263\/revisions\/1294"}],"wp:attachment":[{"href":"https:\/\/floridareprofreedom.org\/vi\/wp-json\/wp\/v2\/media?parent=1263"}],"wp:term":[{"taxonomy":"folder","embeddable":true,"href":"https:\/\/floridareprofreedom.org\/vi\/wp-json\/wp\/v2\/folder?post=1263"}],"curies":[{"name":"wp","href":"https:\/\/api.w.org\/{rel}","templated":true}]}}