{"id":1267,"date":"2020-08-05T12:29:57","date_gmt":"2020-08-05T12:29:57","guid":{"rendered":"https:\/\/floridareprofreedom.org\/?page_id=1267"},"modified":"2020-08-05T12:29:57","modified_gmt":"2020-08-05T12:29:57","slug":"jb9","status":"publish","type":"page","link":"https:\/\/floridareprofreedom.org\/vi\/jb9\/","title":{"rendered":"\u00bfQu\u00e9 tipo de preguntas me har\u00e1 el juez?"},"content":{"rendered":"<p><span style=\"font-weight: 400;\">Trong c\u00e1c \u0111i\u1ec1u ki\u1ec7n chung, b\u1ea1n n\u00ean c\u00e2n nh\u1eafc c\u00e1c l\u1ef1a ch\u1ecdn m\u00e0 b\u1ea1n c\u00f3 th\u1ec3 \u0111\u01b0a ra v\u00e0 b\u1ea1n n\u00ean c\u00e2n nh\u1eafc khi \u0111\u01b0a ra quy\u1ebft \u0111\u1ecbnh. N\u1ebfu b\u1ea1n c\u00f3 m\u1ed9t chuy\u1ebfn \u0111i xa, b\u1ea1n n\u00ean chu\u1ea9n b\u1ecb cho cu\u1ed9c h\u1ed9i ng\u1ed9 v\u1edbi b\u1ea1n.\u00a0<\/span><\/p>\n<p><span style=\"font-weight: 400;\">Cosas que se supone debes hablar con el juez:\u00a0<\/span><\/p>\n<ul>\n<li style=\"font-weight: 400;\"><span style=\"font-weight: 400;\">\u00bfC\u00f3 x\u00e1c nh\u1eadn embarazo v\u1edbi m\u1ed9t ch\u1ee9ng minh v\u1ec1 s\u1ef1 c\u1ee9u r\u1ed7i kh\u00f4ng?<\/span><\/li>\n<li style=\"font-weight: 400;\"><span style=\"font-weight: 400;\">\u00bfCu\u00e1ntas semanas llevas embarazada\u00a0<\/span><\/li>\n<li style=\"font-weight: 400;\"><span style=\"font-weight: 400;\">\u00bfV\u00ec qu\u00e9 tus padres kh\u00f4ng c\u00f3 kh\u1ea3 n\u0103ng li\u00ean quan?<\/span><\/li>\n<li style=\"font-weight: 400;\"><span style=\"font-weight: 400;\">\u00bfQu\u00e9 sabes sobre los th\u1ee7 t\u1ee5c ph\u00e1 thai? B\u1ea1n c\u00f3 nh\u1eefng l\u1ef1a ch\u1ecdn n\u00e0o \u0111\u1ec3 gi\u1ea3i quy\u1ebft t\u00ecnh hu\u1ed1ng kh\u00f3 x\u1eed?<\/span><\/li>\n<li style=\"font-weight: 400;\"><span style=\"font-weight: 400;\">\u00bfQu\u00e9 sabes sobre riesgos v\u00e0 c\u00f3 th\u1ec3 c\u00f3 bi\u1ebfn ch\u1ee9ng? K\u1ebf ho\u1ea1ch c\u1ee7a b\u1ea1n c\u00f3 ph\u1ee9c t\u1ea1p kh\u00f4ng?<\/span><\/li>\n<li style=\"font-weight: 400;\"><span style=\"font-weight: 400;\">\u00bfCon qui\u00e9n c\u00f3 g\u1eb7p ph\u1ea3i nh\u1eefng r\u1eafc r\u1ed1i v\u00e0 nh\u1eefng bi\u1ebfn ch\u1ee9ng c\u00f3 th\u1ec3 x\u1ea3y ra kh\u00f4ng? B\u1ea1n c\u00f3 k\u1ebf ho\u1ea1ch g\u00ec trong tr\u01b0\u1eddng h\u1ee3p c\u00f3 nhi\u1ec1u r\u1eafc r\u1ed1i kh\u00f4ng?<\/span><\/li>\n<li style=\"font-weight: 400;\"><span style=\"font-weight: 400;\">\u00bfCon qui\u00e9n c\u00f3 bi\u1ebft quy\u1ebft \u0111\u1ecbnh ph\u00e1 thai c\u1ee7a b\u1ea1n kh\u00f4ng?<\/span><\/li>\n<li style=\"font-weight: 400;\"><span style=\"font-weight: 400;\">\u00bfHa hablado con adultos?\u00a0<\/span><\/li>\n<li style=\"font-weight: 400;\"><span style=\"font-weight: 400;\">B\u1ea1n c\u00f3 th\u1ec3 c\u00f3 \u00fd \u0111\u1ecbnh th\u1ef1c hi\u1ec7n vi\u1ec7c ph\u00e1 thai kh\u00f4ng?<\/span><\/li>\n<li style=\"font-weight: 400;\"><span style=\"font-weight: 400;\">\u00bfHas sido abusada?\u00a0<\/span><\/li>\n<li style=\"font-weight: 400;\"><span style=\"font-weight: 400;\">\u00bfC\u00f3mo pagar\u00e1s \u0111\u1ec3 ph\u00e1 thai?<\/span><\/li>\n<\/ul>\n<p><span style=\"font-weight: 400;\">V\u00e0o <\/span><a href=\"https:\/\/drive.google.com\/open?id=1nCrUP_HmPi09CYfEQhbJkZtQPd8GJ7_u\"><span style=\"font-weight: 400;\">m\u1ed9t m\u1ed1i quan h\u1ec7 este<\/span><\/a><span style=\"font-weight: 400;\"> para que s\u1eeda l\u1ea1i m\u1ed9t danh s\u00e1ch c\u00e1c kh\u1ea3 n\u0103ng c\u00f3 th\u1ec3 c\u00f3 \u0111\u1ec3 chu\u1ea9n b\u1ecb<\/span><\/p>\n<p style=\"text-align: center;\"><a href=\"https:\/\/floridareprofreedom.org\/vi\/tu-phap-thay-the-o-florida\/\">Regresar al inicio<\/a>\u00a0\u00a0|\u00a0 <a href=\"https:\/\/floridareprofreedom.org\/vi\/jb8\/\">Pregunta anterior<\/a>\u00a0 |\u00a0 <a href=\"https:\/\/floridareprofreedom.org\/vi\/jb10\/\">Ti\u1ebfp theo Trang<\/a><\/p>\n<p><b>Preguntas Relacionadas<\/b><\/p>\n<ol>\n<li style=\"font-weight: 400;\"><span style=\"font-weight: 400;\"><a href=\"https:\/\/floridareprofreedom.org\/vi\/jb1\/\">\u00bf<\/a><a href=\"https:\/\/floridareprofreedom.org\/vi\/jb1\/\">\u0110\u00f3 l\u00e0 m\u1ed9t l\u1ef1a ch\u1ecdn thay th\u1ebf v\u1ec1 m\u1eb7t t\u01b0 ph\u00e1p trong tr\u01b0\u1eddng h\u1ee3p c\u1ea7n thi\u1ebft ph\u1ea3i ph\u00e1 thai?<\/a><\/span><\/li>\n<li style=\"font-weight: 400;\"><a href=\"https:\/\/floridareprofreedom.org\/vi\/jb2\/\"><span style=\"font-weight: 400;\">\u00bf<\/span><span style=\"font-weight: 400;\">B\u1ea1n c\u00f3 th\u1ec3 l\u00e0m g\u00ec \u0111\u1ec3 c\u00f3 th\u1ec3 ph\u00e1 thai?<\/span><\/a><\/li>\n<li style=\"font-weight: 400;\"><a href=\"https:\/\/floridareprofreedom.org\/vi\/jb3\/\"><span style=\"font-weight: 400;\">\u00bf<\/span><span style=\"font-weight: 400;\">B\u00ed quy\u1ebft c\u1ee7a c\u00f4ng th\u1ee9c debo llenar<\/span><span style=\"font-weight: 400;\">?<\/span><\/a><\/li>\n<li style=\"font-weight: 400;\"><a href=\"https:\/\/floridareprofreedom.org\/vi\/jb4\/\"><span style=\"font-weight: 400;\">B\u1ea1n \u0111ang xem x\u00e9t quy\u1ebft \u0111\u1ecbnh n\u00e0o \u0111\u1ec3 \u0111\u01b0a ra quy\u1ebft \u0111\u1ecbnh?<\/span><\/a><\/li>\n<li style=\"font-weight: 400;\"><a href=\"https:\/\/floridareprofreedom.org\/vi\/jb5\/\"><span style=\"font-weight: 400;\">\u00bfNecesito un abogado?<\/span><\/a><\/li>\n<li style=\"font-weight: 400;\"><a href=\"https:\/\/floridareprofreedom.org\/vi\/jb6\/\"><span style=\"font-weight: 400;\">\u00bf<\/span><span style=\"font-weight: 400;\">B\u1ea1n c\u00f3 th\u1ec3 ch\u1eadm tr\u1ec5 nh\u1eadn \u0111\u01b0\u1ee3c m\u1ed9t ph\u01b0\u01a1ng \u00e1n t\u01b0 ph\u00e1p thay th\u1ebf kh\u00f4ng?<\/span><\/a><\/li>\n<li style=\"font-weight: 400;\"><a href=\"https:\/\/floridareprofreedom.org\/vi\/jb7\/\"><span style=\"font-weight: 400;\">\u00bf<\/span><span style=\"font-weight: 400;\">B\u1ea1n c\u00f3 th\u1ec3 s\u1eed d\u1ee5ng m\u1ed9t ph\u01b0\u01a1ng \u00e1n t\u01b0 ph\u00e1p thay th\u1ebf kh\u00f4ng?<\/span><\/a><\/li>\n<li style=\"font-weight: 400;\"><a href=\"https:\/\/floridareprofreedom.org\/vi\/jb8\/\"><span style=\"font-weight: 400;\">\u00bf<\/span><span style=\"font-weight: 400;\">B\u1ea1n c\u00f3 mu\u1ed1n \u0111\u0103ng nh\u1eadp \u0111\u1ec3 c\u00f3 \u0111\u01b0\u1ee3c m\u1ed9t ph\u01b0\u01a1ng \u00e1n t\u01b0 ph\u00e1p thay th\u1ebf kh\u00f4ng?<\/span><\/a><\/li>\n<li style=\"font-weight: 400;\"><a href=\"https:\/\/floridareprofreedom.org\/vi\/jb9\/\"><span style=\"font-weight: 400;\">\u00bf<\/span><span style=\"font-weight: 400;\">B\u1ea1n c\u00f3 mu\u1ed1n l\u00e0m \u0111i\u1ec1u \u0111\u00f3 v\u1edbi t\u00f4i kh\u00f4ng?<\/span><\/a><\/li>\n<li style=\"font-weight: 400;\"><a href=\"https:\/\/floridareprofreedom.org\/vi\/jb10\/\"><span style=\"font-weight: 400;\">\u00bf<\/span><span style=\"font-weight: 400;\">Qu\u00e9 vestimenta debo usar para ir a la corte?<\/span><\/a><\/li>\n<li style=\"font-weight: 400;\"><a href=\"https:\/\/floridareprofreedom.org\/vi\/jb11\/\"><span style=\"font-weight: 400;\">\u00bf<\/span><span style=\"font-weight: 400;\">Qu\u00e9 suceder\u00eda si mi kh\u00e1n gi\u1ea3 l\u00e0 ch\u01b0\u01a1ng tr\u00ecnh d\u00e0nh cho m\u1ed9t ng\u00e0y h\u1ecdc t\u1eadp<\/span><span style=\"font-weight: 400;\">?<\/span><\/a><\/li>\n<li style=\"font-weight: 400;\"><a href=\"https:\/\/floridareprofreedom.org\/vi\/jb12\/\"><span style=\"font-weight: 400;\">\u00bf<\/span><span style=\"font-weight: 400;\">Ng\u01b0\u1eddi n\u00e0y c\u00f3 li\u00ean quan \u0111\u1ebfn t\u00f4i v\u00e0 t\u00f4i c\u00f3 th\u1ec3 c\u00f3 kh\u1ea3 n\u0103ng quy\u1ebft \u0111\u1ecbnh m\u1ed9t c\u00e1ch t\u1ec9nh t\u00e1o v\u1ec1 vi\u1ec7c kh\u00f4ng th\u1ef1c hi\u1ec7n vi\u1ec7c ph\u00e1 thai<\/span><\/a><span style=\"font-weight: 400;\">?\u00a0<\/span><\/li>\n<li style=\"font-weight: 400;\"><a href=\"https:\/\/floridareprofreedom.org\/vi\/jb13\/\"><span style=\"font-weight: 400;\">\u00a0<\/span><span style=\"font-weight: 400;\">\u00bf<\/span><span style=\"font-weight: 400;\">B\u1ea1n c\u00f3 mu\u1ed1n ng\u01b0\u1eddi M\u1ef9 th\u1ef1c h\u00e0nh vi\u1ec7c ph\u00e1 thai kh\u00f4ng? <\/span><span style=\"font-weight: 400;\">\u00bf<\/span><span style=\"font-weight: 400;\">B\u1ea1n c\u00f3 mu\u1ed1n giao ti\u1ebfp v\u1edbi ng\u01b0\u1eddi n\u01b0\u1edbc ngo\u00e0i kh\u00f4ng?\u00a0<\/span><\/a><\/li>\n<li style=\"font-weight: 400;\"><a href=\"https:\/\/floridareprofreedom.org\/vi\/jb14\/\"><span style=\"font-weight: 400;\">\u00bf<\/span><span style=\"font-weight: 400;\">B\u1ea1n c\u00f3 th\u1ec3 \u0111\u01b0a ra quy\u1ebft \u0111\u1ecbnh sau khi c\u00f3 m\u1ed9t ph\u01b0\u01a1ng \u00e1n t\u01b0 ph\u00e1p thay th\u1ebf?<\/span><\/a><\/li>\n<li><a href=\"https:\/\/floridareprofreedom.org\/vi\/jb15\/\"><span style=\"font-weight: 400;\">\u00bf<\/span><span style=\"font-weight: 400;\">Qu\u00e9 pasa si el juez niega mi petici\u00f3n<\/span><span style=\"font-weight: 400;\">?<\/span><\/a><\/li>\n<\/ol>","protected":false},"excerpt":{"rendered":"<p>En t\u00e9rminos generales, el juez querr\u00e1 saber que entiendes las opciones que tienes y que has considerado cuidadosamente tu decisi\u00f3n. Si tienes un abogado, se supone que te ayude a prepararte para la reuni\u00f3n con el juez.\u00a0 Cosas que se supone debes hablar con el juez:\u00a0 \u00bfHas confirmado el embarazo con un proveedor de salud? [&hellip;]<\/p>\n","protected":false},"author":4,"featured_media":0,"parent":0,"menu_order":0,"comment_status":"closed","ping_status":"closed","template":"","meta":{"footnotes":""},"folder":[9],"class_list":["post-1267","page","type-page","status-publish","hentry"],"yoast_head":"<!-- This site is optimized with the Yoast SEO plugin v27.3 - https:\/\/yoast.com\/product\/yoast-seo-wordpress\/ -->\n<title>\u00bfQu\u00e9 tipo de preguntas me har\u00e1 el juez? - Floridians For Reproductive Freedom<\/title>\n<meta name=\"robots\" content=\"index, follow, max-snippet:-1, max-image-preview:large, max-video-preview:-1\" \/>\n<link rel=\"canonical\" href=\"https:\/\/floridareprofreedom.org\/vi\/jb9\/\" \/>\n<meta property=\"og:locale\" content=\"vi_VN\" \/>\n<meta property=\"og:type\" content=\"article\" \/>\n<meta property=\"og:title\" content=\"\u00bfQu\u00e9 tipo de preguntas me har\u00e1 el juez? - Floridians For Reproductive Freedom\" \/>\n<meta property=\"og:description\" content=\"En t\u00e9rminos generales, el juez querr\u00e1 saber que entiendes las opciones que tienes y que has considerado cuidadosamente tu decisi\u00f3n. Si tienes un abogado, se supone que te ayude a prepararte para la reuni\u00f3n con el juez.\u00a0 Cosas que se supone debes hablar con el juez:\u00a0 \u00bfHas confirmado el embarazo con un proveedor de salud? [&hellip;]\" \/>\n<meta property=\"og:url\" content=\"https:\/\/floridareprofreedom.org\/vi\/jb9\/\" \/>\n<meta property=\"og:site_name\" content=\"Floridians For Reproductive Freedom\" \/>\n<meta property=\"article:publisher\" content=\"https:\/\/www.facebook.com\/FloridaReproFreedom\/\" \/>\n<meta name=\"twitter:card\" content=\"summary_large_image\" \/>\n<meta name=\"twitter:site\" content=\"@FLReproFreedom\" \/>\n<meta name=\"twitter:label1\" content=\"\u01af\u1edbc t\u00ednh th\u1eddi gian \u0111\u1ecdc\" \/>\n\t<meta name=\"twitter:data1\" content=\"2 ph\u00fat\" \/>\n<script type=\"application\/ld+json\" class=\"yoast-schema-graph\">{\"@context\":\"https:\\\/\\\/schema.org\",\"@graph\":[{\"@type\":\"WebPage\",\"@id\":\"https:\\\/\\\/floridareprofreedom.org\\\/jb9\\\/\",\"url\":\"https:\\\/\\\/floridareprofreedom.org\\\/jb9\\\/\",\"name\":\"\u00bfQu\u00e9 tipo de preguntas me har\u00e1 el juez? - Floridians For Reproductive Freedom\",\"isPartOf\":{\"@id\":\"https:\\\/\\\/floridareprofreedom.org\\\/#website\"},\"datePublished\":\"2020-08-05T12:29:57+00:00\",\"breadcrumb\":{\"@id\":\"https:\\\/\\\/floridareprofreedom.org\\\/jb9\\\/#breadcrumb\"},\"inLanguage\":\"vi\",\"potentialAction\":[{\"@type\":\"ReadAction\",\"target\":[\"https:\\\/\\\/floridareprofreedom.org\\\/jb9\\\/\"]}]},{\"@type\":\"BreadcrumbList\",\"@id\":\"https:\\\/\\\/floridareprofreedom.org\\\/jb9\\\/#breadcrumb\",\"itemListElement\":[{\"@type\":\"ListItem\",\"position\":1,\"name\":\"Home\",\"item\":\"https:\\\/\\\/floridareprofreedom.org\\\/\"},{\"@type\":\"ListItem\",\"position\":2,\"name\":\"\u00bfQu\u00e9 tipo de preguntas me har\u00e1 el juez?\"}]},{\"@type\":\"WebSite\",\"@id\":\"https:\\\/\\\/floridareprofreedom.org\\\/#website\",\"url\":\"https:\\\/\\\/floridareprofreedom.org\\\/\",\"name\":\"Floridians For Reproductive Freedom\",\"description\":\"Advocating for convenient, affordable, and safe access to reproductive health care, including abortion.\",\"publisher\":{\"@id\":\"https:\\\/\\\/floridareprofreedom.org\\\/#organization\"},\"potentialAction\":[{\"@type\":\"SearchAction\",\"target\":{\"@type\":\"EntryPoint\",\"urlTemplate\":\"https:\\\/\\\/floridareprofreedom.org\\\/?s={search_term_string}\"},\"query-input\":{\"@type\":\"PropertyValueSpecification\",\"valueRequired\":true,\"valueName\":\"search_term_string\"}}],\"inLanguage\":\"vi\"},{\"@type\":\"Organization\",\"@id\":\"https:\\\/\\\/floridareprofreedom.org\\\/#organization\",\"name\":\"Floridians for Reproductive Freedom\",\"url\":\"https:\\\/\\\/floridareprofreedom.org\\\/\",\"logo\":{\"@type\":\"ImageObject\",\"inLanguage\":\"vi\",\"@id\":\"https:\\\/\\\/floridareprofreedom.org\\\/#\\\/schema\\\/logo\\\/image\\\/\",\"url\":\"https:\\\/\\\/floridareprofreedom.org\\\/wp-content\\\/uploads\\\/2019\\\/05\\\/Untitled.jpg\",\"contentUrl\":\"https:\\\/\\\/floridareprofreedom.org\\\/wp-content\\\/uploads\\\/2019\\\/05\\\/Untitled.jpg\",\"width\":174,\"height\":180,\"caption\":\"Floridians for Reproductive Freedom\"},\"image\":{\"@id\":\"https:\\\/\\\/floridareprofreedom.org\\\/#\\\/schema\\\/logo\\\/image\\\/\"},\"sameAs\":[\"https:\\\/\\\/www.facebook.com\\\/FloridaReproFreedom\\\/\",\"https:\\\/\\\/x.com\\\/FLReproFreedom\",\"https:\\\/\\\/www.instagram.com\\\/floridareprofreedom\\\/\"]}]}<\/script>\n<!-- \/ Yoast SEO plugin. -->","yoast_head_json":{"title":"\u00bfQu\u00e9 tipo de preguntas me har\u00e1 el juez? - Ng\u01b0\u1eddi d\u00e2n Florida v\u00ec t\u1ef1 do sinh s\u1ea3n","robots":{"index":"index","follow":"follow","max-snippet":"max-snippet:-1","max-image-preview":"max-image-preview:large","max-video-preview":"max-video-preview:-1"},"canonical":"https:\/\/floridareprofreedom.org\/vi\/jb9\/","og_locale":"vi_VN","og_type":"article","og_title":"\u00bfQu\u00e9 tipo de preguntas me har\u00e1 el juez? - Floridians For Reproductive Freedom","og_description":"En t\u00e9rminos generales, el juez querr\u00e1 saber que entiendes las opciones que tienes y que has considerado cuidadosamente tu decisi\u00f3n. Si tienes un abogado, se supone que te ayude a prepararte para la reuni\u00f3n con el juez.\u00a0 Cosas que se supone debes hablar con el juez:\u00a0 \u00bfHas confirmado el embarazo con un proveedor de salud? [&hellip;]","og_url":"https:\/\/floridareprofreedom.org\/vi\/jb9\/","og_site_name":"Floridians For Reproductive Freedom","article_publisher":"https:\/\/www.facebook.com\/FloridaReproFreedom\/","twitter_card":"summary_large_image","twitter_site":"@FLReproFreedom","twitter_misc":{"\u01af\u1edbc t\u00ednh th\u1eddi gian \u0111\u1ecdc":"2 ph\u00fat"},"schema":{"@context":"https:\/\/schema.org","@graph":[{"@type":"WebPage","@id":"https:\/\/floridareprofreedom.org\/jb9\/","url":"https:\/\/floridareprofreedom.org\/jb9\/","name":"\u00bfQu\u00e9 tipo de preguntas me har\u00e1 el juez? - Ng\u01b0\u1eddi d\u00e2n Florida v\u00ec t\u1ef1 do sinh s\u1ea3n","isPartOf":{"@id":"https:\/\/floridareprofreedom.org\/#website"},"datePublished":"2020-08-05T12:29:57+00:00","breadcrumb":{"@id":"https:\/\/floridareprofreedom.org\/jb9\/#breadcrumb"},"inLanguage":"vi","potentialAction":[{"@type":"ReadAction","target":["https:\/\/floridareprofreedom.org\/jb9\/"]}]},{"@type":"BreadcrumbList","@id":"https:\/\/floridareprofreedom.org\/jb9\/#breadcrumb","itemListElement":[{"@type":"ListItem","position":1,"name":"Home","item":"https:\/\/floridareprofreedom.org\/"},{"@type":"ListItem","position":2,"name":"\u00bfQu\u00e9 tipo de preguntas me har\u00e1 el juez?"}]},{"@type":"WebSite","@id":"https:\/\/floridareprofreedom.org\/#website","url":"https:\/\/floridareprofreedom.org\/","name":"Ng\u01b0\u1eddi Florida v\u00ec T\u1ef1 do Sinh s\u1ea3n","description":"V\u1eadn \u0111\u1ed9ng cho vi\u1ec7c ti\u1ebfp c\u1eadn d\u1ecbch v\u1ee5 ch\u0103m s\u00f3c s\u1ee9c kh\u1ecfe sinh s\u1ea3n, bao g\u1ed3m c\u1ea3 ph\u00e1 thai, m\u1ed9t c\u00e1ch thu\u1eadn ti\u1ec7n, gi\u00e1 c\u1ea3 ph\u1ea3i ch\u0103ng v\u00e0 an to\u00e0n.","publisher":{"@id":"https:\/\/floridareprofreedom.org\/#organization"},"potentialAction":[{"@type":"SearchAction","target":{"@type":"EntryPoint","urlTemplate":"https:\/\/floridareprofreedom.org\/?s={search_term_string}"},"query-input":{"@type":"PropertyValueSpecification","valueRequired":true,"valueName":"search_term_string"}}],"inLanguage":"vi"},{"@type":"Organization","@id":"https:\/\/floridareprofreedom.org\/#organization","name":"Ng\u01b0\u1eddi Florida v\u00ec T\u1ef1 do Sinh s\u1ea3n","url":"https:\/\/floridareprofreedom.org\/","logo":{"@type":"ImageObject","inLanguage":"vi","@id":"https:\/\/floridareprofreedom.org\/#\/schema\/logo\/image\/","url":"https:\/\/floridareprofreedom.org\/wp-content\/uploads\/2019\/05\/Untitled.jpg","contentUrl":"https:\/\/floridareprofreedom.org\/wp-content\/uploads\/2019\/05\/Untitled.jpg","width":174,"height":180,"caption":"Floridians for Reproductive Freedom"},"image":{"@id":"https:\/\/floridareprofreedom.org\/#\/schema\/logo\/image\/"},"sameAs":["https:\/\/www.facebook.com\/FloridaReproFreedom\/","https:\/\/x.com\/FLReproFreedom","https:\/\/www.instagram.com\/floridareprofreedom\/"]}]}},"_links":{"self":[{"href":"https:\/\/floridareprofreedom.org\/vi\/wp-json\/wp\/v2\/pages\/1267","targetHints":{"allow":["GET"]}}],"collection":[{"href":"https:\/\/floridareprofreedom.org\/vi\/wp-json\/wp\/v2\/pages"}],"about":[{"href":"https:\/\/floridareprofreedom.org\/vi\/wp-json\/wp\/v2\/types\/page"}],"author":[{"embeddable":true,"href":"https:\/\/floridareprofreedom.org\/vi\/wp-json\/wp\/v2\/users\/4"}],"replies":[{"embeddable":true,"href":"https:\/\/floridareprofreedom.org\/vi\/wp-json\/wp\/v2\/comments?post=1267"}],"version-history":[{"count":2,"href":"https:\/\/floridareprofreedom.org\/vi\/wp-json\/wp\/v2\/pages\/1267\/revisions"}],"predecessor-version":[{"id":1297,"href":"https:\/\/floridareprofreedom.org\/vi\/wp-json\/wp\/v2\/pages\/1267\/revisions\/1297"}],"wp:attachment":[{"href":"https:\/\/floridareprofreedom.org\/vi\/wp-json\/wp\/v2\/media?parent=1267"}],"wp:term":[{"taxonomy":"folder","embeddable":true,"href":"https:\/\/floridareprofreedom.org\/vi\/wp-json\/wp\/v2\/folder?post=1267"}],"curies":[{"name":"wp","href":"https:\/\/api.w.org\/{rel}","templated":true}]}}