{"id":1275,"date":"2020-08-04T18:55:37","date_gmt":"2020-08-04T18:55:37","guid":{"rendered":"https:\/\/floridareprofreedom.org\/?page_id=1275"},"modified":"2020-08-05T12:32:33","modified_gmt":"2020-08-05T12:32:33","slug":"jb13","status":"publish","type":"page","link":"https:\/\/floridareprofreedom.org\/vi\/jb13\/","title":{"rendered":"\u00bfDebo ser una ciudadana Americana para hacerme un aborto? B\u1ea1n c\u00f3 n\u00f3i ti\u1ebfng Anh kh\u00f4ng?"},"content":{"rendered":"<p><span style=\"font-weight: 400;\">Kh\u00f4ng c\u00f3 c\u00e1ch n\u00e0o \u0111\u1ec3 ng\u01b0\u1eddi M\u1ef9 c\u00f3 th\u1ec3 ph\u00e1 thai v\u00e0 t\u1ef1 \u0111\u1ed9ng nh\u1eadp c\u01b0 m\u00e0 kh\u00f4ng c\u00f3 ng\u01b0\u1eddi li\u00ean h\u1ec7 n\u00e0o. M\u1ed9t s\u1ed1 c\u01a1 quan c\u1ea7n c\u00f3 m\u1ed9t th\u00f4ng tin nh\u1eadn d\u1ea1ng m\u00e0 nh\u1eefng ng\u01b0\u1eddi kh\u00e1c kh\u00f4ng c\u00f3. N\u1ebfu c\u00f3 t\u00e0i li\u1ec7u kh\u00f4ng c\u00f3 trong \u0111\u00f3 m\u1ed9t th\u00f4ng tin nh\u1eadn d\u1ea1ng ch\u00ednh th\u1ee9c c\u1ee7a gobierno, h\u00e3y x\u00e1c nh\u1eadn r\u1eb1ng b\u1ea1n c\u00f3 th\u1ec3 s\u1ebd c\u00f3 nhi\u1ec1u th\u1eddi gian h\u01a1n. B\u1ea1n c\u00f3 th\u1ec3 nh\u1eadn \u0111\u01b0\u1ee3c m\u1ed9t gi\u1ea3i ph\u00e1p thay th\u1ebf t\u01b0 ph\u00e1p n\u1ebfu kh\u00f4ng c\u00f3 quy\u1ec1n s\u1edf h\u1eefu ho\u1eb7c kh\u00f4ng c\u00f3 quy\u1ec1n th\u1ed1ng tr\u1ecb. Ng\u01b0\u1eddi \u0111i\u1ec1u khi\u1ec3n l\u00e0 ng\u01b0\u1eddi c\u00f3 th\u1ec3 ph\u00e2n ph\u1ed1i tr\u00ean v\u1ecf n\u00e3o.<\/span><\/p>\n<p style=\"text-align: center;\"><a href=\"https:\/\/floridareprofreedom.org\/vi\/tu-phap-thay-the-o-florida\/\">Regresar al inicio<\/a>\u00a0 |\u00a0 <a href=\"https:\/\/floridareprofreedom.org\/vi\/jb12\/\">Pregunta anterior<\/a>\u00a0 |\u00a0 <a href=\"https:\/\/floridareprofreedom.org\/vi\/jb14\/\">Ti\u1ebfp theo Trang<\/a><\/p>\n<p><b>Preguntas Relacionadas<\/b><\/p>\n<ol>\n<li style=\"font-weight: 400;\"><span style=\"font-weight: 400;\"><a href=\"https:\/\/floridareprofreedom.org\/vi\/jb1\/\">\u00bf<\/a><a href=\"https:\/\/floridareprofreedom.org\/vi\/jb1\/\">\u0110\u00f3 l\u00e0 m\u1ed9t l\u1ef1a ch\u1ecdn thay th\u1ebf v\u1ec1 m\u1eb7t t\u01b0 ph\u00e1p trong tr\u01b0\u1eddng h\u1ee3p c\u1ea7n thi\u1ebft ph\u1ea3i ph\u00e1 thai?<\/a><\/span><\/li>\n<li style=\"font-weight: 400;\"><a href=\"https:\/\/floridareprofreedom.org\/vi\/jb2\/\"><span style=\"font-weight: 400;\">\u00bf<\/span><span style=\"font-weight: 400;\">B\u1ea1n c\u00f3 th\u1ec3 l\u00e0m g\u00ec \u0111\u1ec3 c\u00f3 th\u1ec3 ph\u00e1 thai?<\/span><\/a><\/li>\n<li style=\"font-weight: 400;\"><a href=\"https:\/\/floridareprofreedom.org\/vi\/jb3\/\"><span style=\"font-weight: 400;\">\u00bf<\/span><span style=\"font-weight: 400;\">B\u00ed quy\u1ebft c\u1ee7a c\u00f4ng th\u1ee9c debo llenar<\/span><span style=\"font-weight: 400;\">?<\/span><\/a><\/li>\n<li style=\"font-weight: 400;\"><a href=\"https:\/\/floridareprofreedom.org\/vi\/jb4\/\"><span style=\"font-weight: 400;\">B\u1ea1n \u0111ang xem x\u00e9t quy\u1ebft \u0111\u1ecbnh n\u00e0o \u0111\u1ec3 \u0111\u01b0a ra quy\u1ebft \u0111\u1ecbnh?<\/span><\/a><\/li>\n<li style=\"font-weight: 400;\"><a href=\"https:\/\/floridareprofreedom.org\/vi\/jb5\/\"><span style=\"font-weight: 400;\">\u00bfNecesito un abogado?<\/span><\/a><\/li>\n<li style=\"font-weight: 400;\"><a href=\"https:\/\/floridareprofreedom.org\/vi\/jb6\/\"><span style=\"font-weight: 400;\">\u00bf<\/span><span style=\"font-weight: 400;\">B\u1ea1n c\u00f3 th\u1ec3 ch\u1eadm tr\u1ec5 nh\u1eadn \u0111\u01b0\u1ee3c m\u1ed9t ph\u01b0\u01a1ng \u00e1n t\u01b0 ph\u00e1p thay th\u1ebf kh\u00f4ng?<\/span><\/a><\/li>\n<li style=\"font-weight: 400;\"><a href=\"https:\/\/floridareprofreedom.org\/vi\/jb7\/\"><span style=\"font-weight: 400;\">\u00bf<\/span><span style=\"font-weight: 400;\">B\u1ea1n c\u00f3 th\u1ec3 s\u1eed d\u1ee5ng m\u1ed9t ph\u01b0\u01a1ng \u00e1n t\u01b0 ph\u00e1p thay th\u1ebf kh\u00f4ng?<\/span><\/a><\/li>\n<li style=\"font-weight: 400;\"><a href=\"https:\/\/floridareprofreedom.org\/vi\/jb8\/\"><span style=\"font-weight: 400;\">\u00bf<\/span><span style=\"font-weight: 400;\">B\u1ea1n c\u00f3 mu\u1ed1n \u0111\u0103ng nh\u1eadp \u0111\u1ec3 c\u00f3 \u0111\u01b0\u1ee3c m\u1ed9t ph\u01b0\u01a1ng \u00e1n t\u01b0 ph\u00e1p thay th\u1ebf kh\u00f4ng?<\/span><\/a><\/li>\n<li style=\"font-weight: 400;\"><a href=\"https:\/\/floridareprofreedom.org\/vi\/jb9\/\"><span style=\"font-weight: 400;\">\u00bf<\/span><span style=\"font-weight: 400;\">B\u1ea1n c\u00f3 mu\u1ed1n l\u00e0m \u0111i\u1ec1u \u0111\u00f3 v\u1edbi t\u00f4i kh\u00f4ng?<\/span><\/a><\/li>\n<li style=\"font-weight: 400;\"><a href=\"https:\/\/floridareprofreedom.org\/vi\/jb10\/\"><span style=\"font-weight: 400;\">\u00bf<\/span><span style=\"font-weight: 400;\">Qu\u00e9 vestimenta debo usar para ir a la corte?<\/span><\/a><\/li>\n<li style=\"font-weight: 400;\"><a href=\"https:\/\/floridareprofreedom.org\/vi\/jb11\/\"><span style=\"font-weight: 400;\">\u00bf<\/span><span style=\"font-weight: 400;\">Qu\u00e9 suceder\u00eda si mi kh\u00e1n gi\u1ea3 l\u00e0 ch\u01b0\u01a1ng tr\u00ecnh d\u00e0nh cho m\u1ed9t ng\u00e0y h\u1ecdc t\u1eadp<\/span><span style=\"font-weight: 400;\">?<\/span><\/a><\/li>\n<li style=\"font-weight: 400;\"><a href=\"https:\/\/floridareprofreedom.org\/vi\/jb12\/\"><span style=\"font-weight: 400;\">\u00bf<\/span><span style=\"font-weight: 400;\">Ng\u01b0\u1eddi n\u00e0y c\u00f3 li\u00ean quan \u0111\u1ebfn t\u00f4i v\u00e0 t\u00f4i c\u00f3 th\u1ec3 c\u00f3 kh\u1ea3 n\u0103ng quy\u1ebft \u0111\u1ecbnh m\u1ed9t c\u00e1ch t\u1ec9nh t\u00e1o v\u1ec1 vi\u1ec7c kh\u00f4ng th\u1ef1c hi\u1ec7n vi\u1ec7c ph\u00e1 thai<\/span><\/a><span style=\"font-weight: 400;\">?\u00a0<\/span><\/li>\n<li style=\"font-weight: 400;\"><a href=\"https:\/\/floridareprofreedom.org\/vi\/jb13\/\"><span style=\"font-weight: 400;\">\u00a0<\/span><span style=\"font-weight: 400;\">\u00bf<\/span><span style=\"font-weight: 400;\">B\u1ea1n c\u00f3 mu\u1ed1n ng\u01b0\u1eddi M\u1ef9 th\u1ef1c h\u00e0nh vi\u1ec7c ph\u00e1 thai kh\u00f4ng? <\/span><span style=\"font-weight: 400;\">\u00bf<\/span><span style=\"font-weight: 400;\">B\u1ea1n c\u00f3 mu\u1ed1n giao ti\u1ebfp v\u1edbi ng\u01b0\u1eddi n\u01b0\u1edbc ngo\u00e0i kh\u00f4ng?\u00a0<\/span><\/a><\/li>\n<li style=\"font-weight: 400;\"><a href=\"https:\/\/floridareprofreedom.org\/vi\/jb14\/\"><span style=\"font-weight: 400;\">\u00bf<\/span><span style=\"font-weight: 400;\">B\u1ea1n c\u00f3 th\u1ec3 \u0111\u01b0a ra quy\u1ebft \u0111\u1ecbnh sau khi c\u00f3 m\u1ed9t ph\u01b0\u01a1ng \u00e1n t\u01b0 ph\u00e1p thay th\u1ebf?<\/span><\/a><\/li>\n<li><a href=\"https:\/\/floridareprofreedom.org\/vi\/jb15\/\"><span style=\"font-weight: 400;\">\u00bf<\/span><span style=\"font-weight: 400;\">Qu\u00e9 pasa si el juez niega mi petici\u00f3n<\/span><span style=\"font-weight: 400;\">?<\/span><\/a><\/li>\n<\/ol>","protected":false},"excerpt":{"rendered":"<p>No tienes que ser ciudadana americana para obtener un aborto y las autoridades de inmigraci\u00f3n no ser\u00e1n contactadas. Algunas cortes requieren de una identificaci\u00f3n mientras que otras no. Si eres indocumentada o no tienes una identificaci\u00f3n oficial del gobierno, aseg\u00farate que tienes algo que pruebe qui\u00e9n eres. Puedes obtener una alternativa judicial si no hablas [&hellip;]<\/p>\n","protected":false},"author":4,"featured_media":0,"parent":0,"menu_order":0,"comment_status":"closed","ping_status":"closed","template":"","meta":{"footnotes":""},"folder":[9],"class_list":["post-1275","page","type-page","status-publish","hentry"],"yoast_head":"<!-- This site is optimized with the Yoast SEO plugin v27.3 - https:\/\/yoast.com\/product\/yoast-seo-wordpress\/ -->\n<title>\u00bfDebo ser una ciudadana americana para hacerme un aborto? Y si no hablo ingl\u00e9s? - Floridians For Reproductive Freedom<\/title>\n<meta name=\"robots\" content=\"index, follow, max-snippet:-1, max-image-preview:large, max-video-preview:-1\" \/>\n<link rel=\"canonical\" href=\"https:\/\/floridareprofreedom.org\/vi\/jb13\/\" \/>\n<meta property=\"og:locale\" content=\"vi_VN\" \/>\n<meta property=\"og:type\" content=\"article\" \/>\n<meta property=\"og:title\" content=\"\u00bfDebo ser una ciudadana americana para hacerme un aborto? Y si no hablo ingl\u00e9s? - Floridians For Reproductive Freedom\" \/>\n<meta property=\"og:description\" content=\"No tienes que ser ciudadana americana para obtener un aborto y las autoridades de inmigraci\u00f3n no ser\u00e1n contactadas. Algunas cortes requieren de una identificaci\u00f3n mientras que otras no. Si eres indocumentada o no tienes una identificaci\u00f3n oficial del gobierno, aseg\u00farate que tienes algo que pruebe qui\u00e9n eres. Puedes obtener una alternativa judicial si no hablas [&hellip;]\" \/>\n<meta property=\"og:url\" content=\"https:\/\/floridareprofreedom.org\/vi\/jb13\/\" \/>\n<meta property=\"og:site_name\" content=\"Floridians For Reproductive Freedom\" \/>\n<meta property=\"article:publisher\" content=\"https:\/\/www.facebook.com\/FloridaReproFreedom\/\" \/>\n<meta property=\"article:modified_time\" content=\"2020-08-05T12:32:33+00:00\" \/>\n<meta name=\"twitter:card\" content=\"summary_large_image\" \/>\n<meta name=\"twitter:site\" content=\"@FLReproFreedom\" \/>\n<meta name=\"twitter:label1\" content=\"\u01af\u1edbc t\u00ednh th\u1eddi gian \u0111\u1ecdc\" \/>\n\t<meta name=\"twitter:data1\" content=\"1 ph\u00fat\" \/>\n<script type=\"application\/ld+json\" class=\"yoast-schema-graph\">{\"@context\":\"https:\\\/\\\/schema.org\",\"@graph\":[{\"@type\":\"WebPage\",\"@id\":\"https:\\\/\\\/floridareprofreedom.org\\\/jb13\\\/\",\"url\":\"https:\\\/\\\/floridareprofreedom.org\\\/jb13\\\/\",\"name\":\"\u00bfDebo ser una ciudadana americana para hacerme un aborto? Y si no hablo ingl\u00e9s? - Floridians For Reproductive Freedom\",\"isPartOf\":{\"@id\":\"https:\\\/\\\/floridareprofreedom.org\\\/#website\"},\"datePublished\":\"2020-08-04T18:55:37+00:00\",\"dateModified\":\"2020-08-05T12:32:33+00:00\",\"breadcrumb\":{\"@id\":\"https:\\\/\\\/floridareprofreedom.org\\\/jb13\\\/#breadcrumb\"},\"inLanguage\":\"vi\",\"potentialAction\":[{\"@type\":\"ReadAction\",\"target\":[\"https:\\\/\\\/floridareprofreedom.org\\\/jb13\\\/\"]}]},{\"@type\":\"BreadcrumbList\",\"@id\":\"https:\\\/\\\/floridareprofreedom.org\\\/jb13\\\/#breadcrumb\",\"itemListElement\":[{\"@type\":\"ListItem\",\"position\":1,\"name\":\"Home\",\"item\":\"https:\\\/\\\/floridareprofreedom.org\\\/\"},{\"@type\":\"ListItem\",\"position\":2,\"name\":\"\u00bfDebo ser una ciudadana americana para hacerme un aborto? Y si no hablo ingl\u00e9s?\"}]},{\"@type\":\"WebSite\",\"@id\":\"https:\\\/\\\/floridareprofreedom.org\\\/#website\",\"url\":\"https:\\\/\\\/floridareprofreedom.org\\\/\",\"name\":\"Floridians For Reproductive Freedom\",\"description\":\"Advocating for convenient, affordable, and safe access to reproductive health care, including abortion.\",\"publisher\":{\"@id\":\"https:\\\/\\\/floridareprofreedom.org\\\/#organization\"},\"potentialAction\":[{\"@type\":\"SearchAction\",\"target\":{\"@type\":\"EntryPoint\",\"urlTemplate\":\"https:\\\/\\\/floridareprofreedom.org\\\/?s={search_term_string}\"},\"query-input\":{\"@type\":\"PropertyValueSpecification\",\"valueRequired\":true,\"valueName\":\"search_term_string\"}}],\"inLanguage\":\"vi\"},{\"@type\":\"Organization\",\"@id\":\"https:\\\/\\\/floridareprofreedom.org\\\/#organization\",\"name\":\"Floridians for Reproductive Freedom\",\"url\":\"https:\\\/\\\/floridareprofreedom.org\\\/\",\"logo\":{\"@type\":\"ImageObject\",\"inLanguage\":\"vi\",\"@id\":\"https:\\\/\\\/floridareprofreedom.org\\\/#\\\/schema\\\/logo\\\/image\\\/\",\"url\":\"https:\\\/\\\/floridareprofreedom.org\\\/wp-content\\\/uploads\\\/2019\\\/05\\\/Untitled.jpg\",\"contentUrl\":\"https:\\\/\\\/floridareprofreedom.org\\\/wp-content\\\/uploads\\\/2019\\\/05\\\/Untitled.jpg\",\"width\":174,\"height\":180,\"caption\":\"Floridians for Reproductive Freedom\"},\"image\":{\"@id\":\"https:\\\/\\\/floridareprofreedom.org\\\/#\\\/schema\\\/logo\\\/image\\\/\"},\"sameAs\":[\"https:\\\/\\\/www.facebook.com\\\/FloridaReproFreedom\\\/\",\"https:\\\/\\\/x.com\\\/FLReproFreedom\",\"https:\\\/\\\/www.instagram.com\\\/floridareprofreedom\\\/\"]}]}<\/script>\n<!-- \/ Yoast SEO plugin. -->","yoast_head_json":{"title":"\u00bfDebo ser una ciudadana Americana para hacerme un aborto? B\u1ea1n c\u00f3 n\u00f3i ti\u1ebfng Anh kh\u00f4ng? - Ng\u01b0\u1eddi d\u00e2n Florida v\u00ec t\u1ef1 do sinh s\u1ea3n","robots":{"index":"index","follow":"follow","max-snippet":"max-snippet:-1","max-image-preview":"max-image-preview:large","max-video-preview":"max-video-preview:-1"},"canonical":"https:\/\/floridareprofreedom.org\/vi\/jb13\/","og_locale":"vi_VN","og_type":"article","og_title":"\u00bfDebo ser una ciudadana americana para hacerme un aborto? Y si no hablo ingl\u00e9s? - Floridians For Reproductive Freedom","og_description":"No tienes que ser ciudadana americana para obtener un aborto y las autoridades de inmigraci\u00f3n no ser\u00e1n contactadas. Algunas cortes requieren de una identificaci\u00f3n mientras que otras no. Si eres indocumentada o no tienes una identificaci\u00f3n oficial del gobierno, aseg\u00farate que tienes algo que pruebe qui\u00e9n eres. Puedes obtener una alternativa judicial si no hablas [&hellip;]","og_url":"https:\/\/floridareprofreedom.org\/vi\/jb13\/","og_site_name":"Floridians For Reproductive Freedom","article_publisher":"https:\/\/www.facebook.com\/FloridaReproFreedom\/","article_modified_time":"2020-08-05T12:32:33+00:00","twitter_card":"summary_large_image","twitter_site":"@FLReproFreedom","twitter_misc":{"\u01af\u1edbc t\u00ednh th\u1eddi gian \u0111\u1ecdc":"1 ph\u00fat"},"schema":{"@context":"https:\/\/schema.org","@graph":[{"@type":"WebPage","@id":"https:\/\/floridareprofreedom.org\/jb13\/","url":"https:\/\/floridareprofreedom.org\/jb13\/","name":"\u00bfDebo ser una ciudadana Americana para hacerme un aborto? B\u1ea1n c\u00f3 n\u00f3i ti\u1ebfng Anh kh\u00f4ng? - Ng\u01b0\u1eddi d\u00e2n Florida v\u00ec t\u1ef1 do sinh s\u1ea3n","isPartOf":{"@id":"https:\/\/floridareprofreedom.org\/#website"},"datePublished":"2020-08-04T18:55:37+00:00","dateModified":"2020-08-05T12:32:33+00:00","breadcrumb":{"@id":"https:\/\/floridareprofreedom.org\/jb13\/#breadcrumb"},"inLanguage":"vi","potentialAction":[{"@type":"ReadAction","target":["https:\/\/floridareprofreedom.org\/jb13\/"]}]},{"@type":"BreadcrumbList","@id":"https:\/\/floridareprofreedom.org\/jb13\/#breadcrumb","itemListElement":[{"@type":"ListItem","position":1,"name":"Home","item":"https:\/\/floridareprofreedom.org\/"},{"@type":"ListItem","position":2,"name":"\u00bfDebo ser una ciudadana americana para hacerme un aborto? Y si no hablo ingl\u00e9s?"}]},{"@type":"WebSite","@id":"https:\/\/floridareprofreedom.org\/#website","url":"https:\/\/floridareprofreedom.org\/","name":"Ng\u01b0\u1eddi Florida v\u00ec T\u1ef1 do Sinh s\u1ea3n","description":"V\u1eadn \u0111\u1ed9ng cho vi\u1ec7c ti\u1ebfp c\u1eadn d\u1ecbch v\u1ee5 ch\u0103m s\u00f3c s\u1ee9c kh\u1ecfe sinh s\u1ea3n, bao g\u1ed3m c\u1ea3 ph\u00e1 thai, m\u1ed9t c\u00e1ch thu\u1eadn ti\u1ec7n, gi\u00e1 c\u1ea3 ph\u1ea3i ch\u0103ng v\u00e0 an to\u00e0n.","publisher":{"@id":"https:\/\/floridareprofreedom.org\/#organization"},"potentialAction":[{"@type":"SearchAction","target":{"@type":"EntryPoint","urlTemplate":"https:\/\/floridareprofreedom.org\/?s={search_term_string}"},"query-input":{"@type":"PropertyValueSpecification","valueRequired":true,"valueName":"search_term_string"}}],"inLanguage":"vi"},{"@type":"Organization","@id":"https:\/\/floridareprofreedom.org\/#organization","name":"Ng\u01b0\u1eddi Florida v\u00ec T\u1ef1 do Sinh s\u1ea3n","url":"https:\/\/floridareprofreedom.org\/","logo":{"@type":"ImageObject","inLanguage":"vi","@id":"https:\/\/floridareprofreedom.org\/#\/schema\/logo\/image\/","url":"https:\/\/floridareprofreedom.org\/wp-content\/uploads\/2019\/05\/Untitled.jpg","contentUrl":"https:\/\/floridareprofreedom.org\/wp-content\/uploads\/2019\/05\/Untitled.jpg","width":174,"height":180,"caption":"Floridians for Reproductive Freedom"},"image":{"@id":"https:\/\/floridareprofreedom.org\/#\/schema\/logo\/image\/"},"sameAs":["https:\/\/www.facebook.com\/FloridaReproFreedom\/","https:\/\/x.com\/FLReproFreedom","https:\/\/www.instagram.com\/floridareprofreedom\/"]}]}},"_links":{"self":[{"href":"https:\/\/floridareprofreedom.org\/vi\/wp-json\/wp\/v2\/pages\/1275","targetHints":{"allow":["GET"]}}],"collection":[{"href":"https:\/\/floridareprofreedom.org\/vi\/wp-json\/wp\/v2\/pages"}],"about":[{"href":"https:\/\/floridareprofreedom.org\/vi\/wp-json\/wp\/v2\/types\/page"}],"author":[{"embeddable":true,"href":"https:\/\/floridareprofreedom.org\/vi\/wp-json\/wp\/v2\/users\/4"}],"replies":[{"embeddable":true,"href":"https:\/\/floridareprofreedom.org\/vi\/wp-json\/wp\/v2\/comments?post=1275"}],"version-history":[{"count":3,"href":"https:\/\/floridareprofreedom.org\/vi\/wp-json\/wp\/v2\/pages\/1275\/revisions"}],"predecessor-version":[{"id":1302,"href":"https:\/\/floridareprofreedom.org\/vi\/wp-json\/wp\/v2\/pages\/1275\/revisions\/1302"}],"wp:attachment":[{"href":"https:\/\/floridareprofreedom.org\/vi\/wp-json\/wp\/v2\/media?parent=1275"}],"wp:term":[{"taxonomy":"folder","embeddable":true,"href":"https:\/\/floridareprofreedom.org\/vi\/wp-json\/wp\/v2\/folder?post=1275"}],"curies":[{"name":"wp","href":"https:\/\/api.w.org\/{rel}","templated":true}]}}