{"id":1361,"date":"2020-10-29T16:53:30","date_gmt":"2020-10-29T16:53:30","guid":{"rendered":"https:\/\/floridareprofreedom.org\/?page_id=1361"},"modified":"2020-11-19T15:25:47","modified_gmt":"2020-11-19T15:25:47","slug":"buu-thiep-dien-tu","status":"publish","type":"page","link":"https:\/\/floridareprofreedom.org\/vi\/ecpostcards\/","title":{"rendered":"N\u00e0y Publix! \u0110\u1eebng che gi\u1ea5u chi\u1ebfn d\u1ecbch b\u01b0u thi\u1ebfp EC"},"content":{"rendered":"<p><strong>N\u00e0y, Publix! #DontHideEC<\/strong> l\u00e0 m\u1ed9t d\u1ef1 \u00e1n v\u1eadn \u0111\u1ed9ng nh\u1eb1m gi\u00fap ti\u1ebfng n\u00f3i c\u1ee7a ng\u01b0\u1eddi ti\u00eau d\u00f9ng \u0111\u01b0\u1ee3c Publix, m\u1ed9t nh\u00e0 b\u00e1n l\u1ebb \u1edf h\u1ea7u h\u1ebft m\u1ecdi c\u1ed9ng \u0111\u1ed3ng t\u1ea1i Florida, l\u1eafng nghe.\u00a0 <strong>C\u1ea3m \u01a1n<\/strong> v\u00ec \u0111\u00e3 tham gia d\u1ef1 \u00e1n Hey, Publix! #DontHideEC.<\/p>\n<p style=\"text-align: center;\"><a href=\"https:\/\/floridareprofreedom.org\/wp-content\/uploads\/2020\/11\/Postcards-Publix.pdf\"><img fetchpriority=\"high\" decoding=\"async\" class=\"alignnone wp-image-1374\" src=\"https:\/\/floridareprofreedom.org\/wp-content\/uploads\/2020\/10\/2-1-1024x791.png\" alt=\"\" width=\"532\" height=\"411\" srcset=\"https:\/\/floridareprofreedom.org\/wp-content\/uploads\/2020\/10\/2-1-1024x791.png 1024w, https:\/\/floridareprofreedom.org\/wp-content\/uploads\/2020\/10\/2-1-300x232.png 300w, https:\/\/floridareprofreedom.org\/wp-content\/uploads\/2020\/10\/2-1-768x593.png 768w, https:\/\/floridareprofreedom.org\/wp-content\/uploads\/2020\/10\/2-1-1536x1187.png 1536w, https:\/\/floridareprofreedom.org\/wp-content\/uploads\/2020\/10\/2-1.png 1650w\" sizes=\"(max-width: 532px) 100vw, 532px\" \/><\/a><\/p>\n<p><a href=\"https:\/\/floridareprofreedom.org\/wp-content\/uploads\/2020\/11\/Postcards-Publix.pdf\"><img decoding=\"async\" class=\"alignnone size-full wp-image-1533 aligncenter\" src=\"https:\/\/floridareprofreedom.org\/wp-content\/uploads\/2020\/11\/play-1.png\" alt=\"\" width=\"536\" height=\"352\" \/><\/a><\/p>\n<p style=\"text-align: center;\"><img decoding=\"async\" class=\"alignnone wp-image-1544\" src=\"https:\/\/floridareprofreedom.org\/wp-content\/uploads\/2020\/11\/postcard-side-2.png\" alt=\"\" width=\"532\" height=\"358\" srcset=\"https:\/\/floridareprofreedom.org\/wp-content\/uploads\/2020\/11\/postcard-side-2.png 558w, https:\/\/floridareprofreedom.org\/wp-content\/uploads\/2020\/11\/postcard-side-2-300x202.png 300w\" sizes=\"(max-width: 532px) 100vw, 532px\" \/><\/p>\n<p><a href=\"https:\/\/floridareprofreedom.org\/wp-content\/uploads\/2020\/11\/Postcards-Publix.pdf\">T\u1ea3i xu\u1ed1ng t\u1ec7p PDF n\u00e0y<\/a> \u0111\u1ec3 in b\u1ed9 b\u01b0u thi\u1ebfp c\u1ee7a ri\u00eang b\u1ea1n g\u1eedi \u0111\u1ebfn b\u1ed1n quan ch\u1ee9c c\u1ea5p cao c\u1ee7a Publix l\u00ean b\u00eca c\u1ee9ng. Ho\u1eb7c, \u0111\u1ec3 in nhi\u1ec1u b\u1ed9, h\u00e3y g\u1eedi \u0111\u1ebfn c\u1eeda h\u00e0ng in \u1ea5n \u0111\u1ecba ph\u01b0\u01a1ng.<\/p>\n<p>Vi\u1ec7c th\u00eam t\u00ean v\u00e0 \u00edt nh\u1ea5t l\u00e0 m\u00e3 b\u01b0u ch\u00ednh c\u1ee7a b\u1ea1n s\u1ebd t\u0103ng th\u00eam \u0111\u1ed9 tin c\u1eady cho th\u00f4ng \u0111i\u1ec7p c\u1ee7a b\u1ea1n. Th\u01b0 n\u1eb7c danh d\u1ec5 d\u00e0ng b\u1ecb lo\u1ea1i b\u1ecf. Vui l\u00f2ng \u0111\u1ea3m b\u1ea3o ghi r\u00f5 t\u00ean v\u00e0 m\u00e3 b\u01b0u ch\u00ednh khi b\u1ea1n vi\u1ebft th\u01b0 cho Publix. H\u00e3y \u0111\u1ea3m b\u1ea3o r\u1eb1ng ti\u1ebfng n\u00f3i c\u1ee7a b\u1ea1n \u0111\u01b0\u1ee3c l\u1eafng nghe.<\/p>\n<p>H\u00e3y gi\u00fap ch\u00fang t\u00f4i lan t\u1ecfa th\u00f4ng tin v\u1ec1 d\u1ef1 \u00e1n n\u00e0y! H\u00e3y ch\u1ee5p \u1ea3nh nh\u1eefng t\u1ea5m thi\u1ec7p \u0111\u00e3 ho\u00e0n th\u00e0nh v\u00e0 \u0111\u0103ng l\u00ean m\u1ea1ng x\u00e3 h\u1ed9i v\u1edbi hashtag #DontHideEC, tag @Publix v\u00e0 chia s\u1ebb trang web c\u1ee7a ch\u00fang t\u00f4i: FloridaReproFreedom.org<\/p>\n<p>Nh\u01b0 \u0111\u00e3 n\u00eau \u1edf tr\u00ean, m\u1ed9t s\u1ed1 ng\u01b0\u1eddi tham gia chi\u1ebfn d\u1ecbch b\u01b0u thi\u1ebfp #DontHideEC \u0111ang g\u1eedi PDF \u0111\u1ebfn <strong>c\u1eeda h\u00e0ng in \u1ea5n \u0111\u1ecba ph\u01b0\u01a1ng<\/strong> \u0111\u1ec3 in hai m\u1eb7t l\u00ean b\u00eca c\u1ee9ng. M\u1ed9t s\u1ed1 ng\u01b0\u1eddi t\u1ef1 c\u1eaft, trong khi nh\u1eefng ng\u01b0\u1eddi kh\u00e1c tr\u1ea3 ti\u1ec1n cho ti\u1ec7m in \u0111\u1ec3 c\u1eaft b\u00eca c\u1ee9ng th\u00e0nh b\u1ed1n m\u1ea3nh. C\u00e1ch n\u00e0o c\u0169ng \u0111\u01b0\u1ee3c.<\/p>\n<h3 style=\"text-align: center;\"><strong>M\u1eb9o in \u1ea5n v\u00e0 thi\u1ebft l\u1eadp \u0111\u1ec3 s\u1eed d\u1ee5ng m\u00e1y in t\u1ea1i nh\u00e0<\/strong><\/h3>\n<p>H\u1ea7u h\u1ebft m\u00e1y in \u0111\u1ec3 b\u00e0n \u0111\u1ec1u c\u00f3 th\u1ec3 th\u1ef1c hi\u1ec7n \u0111\u01b0\u1ee3c \u0111i\u1ec1u n\u00e0y n\u1ebfu gi\u1ea5y b\u00eca c\u1ee9ng c\u00f3 th\u1ec3 in \u0111\u01b0\u1ee3c.<\/p>\n<p><strong>Thi\u1ebft l\u1eadp m\u00e1y in<\/strong><\/p>\n<ul>\n<li>Kh\u00f4ng \u0111\u01b0\u1ee3c \u0111i\u1ec1u ch\u1ec9nh k\u00edch th\u01b0\u1edbc cho v\u1eeba v\u1eb7n ho\u1eb7c thu nh\u1ecf cho v\u1eeba v\u1eb7n<\/li>\n<li>In \u1edf 100%<\/li>\n<\/ul>\n<p><strong>In C\u1ea2 HAI m\u1eb7t c\u1ee7a b\u01b0u thi\u1ebfp<\/strong><\/p>\n<ul>\n<li>M\u1ed7i t\u1eadp th\u1ebb \u0111\u1ec1u c\u00f3 m\u1eb7t sau. Nh\u1edb in c\u1ea3 hai m\u1eb7t nh\u00e9! M\u1eb7t sau c\u00f3 ph\u1ea7n \u0111\u1ecba ch\u1ec9.<\/li>\n<li>T\u1ed1t nh\u1ea5t l\u00e0 in trang tr\u01b0\u1edbc v\u00e0 trang sau th\u00e0nh t\u1eebng \u0111\u1ee3t ri\u00eang bi\u1ec7t. (Ch\u1ec9 in trang c\u00f3 thi\u1ebft k\u1ebf b\u1eb1ng c\u00e1ch ch\u1ecdn &quot;ph\u1ea1m vi&quot; trang \u2013 kh\u00f4ng ph\u1ea3i &quot;T\u1ea5t c\u1ea3&quot;)<\/li>\n<li>L\u01b0u \u00fd c\u00e1ch \u0111\u01b0a gi\u1ea5y v\u00e0o m\u00e1y in (\u0111\u1eb7t m\u1ed9t ch\u1ea5m nh\u1ecf \u1edf m\u1ed9t b\u00ean \u0111\u1ec3 b\u1ea1n c\u00f3 th\u1ec3 ki\u1ec3m tra xem gi\u1ea5y \u0111i qua m\u00e1y in nh\u01b0 th\u1ebf n\u00e0o)<\/li>\n<li>M\u00e1y in c\u1ee7a b\u1ea1n c\u00f3 th\u1ec3 c\u00f3 t\u00f9y ch\u1ecdn in hai m\u1eb7t. N\u1ebfu b\u1ea1n hi\u1ec3u c\u00e1ch \u0111i\u1ec1u ch\u1ec9nh m\u1eb7t th\u1ee9 hai, h\u00e3y th\u1eed c\u00e1ch n\u00e0y. \u0110\u00f4i khi, c\u00e0i \u0111\u1eb7t m\u1eb7c \u0111\u1ecbnh s\u1ebd l\u00e0m m\u1eb7t sau c\u1ee7a th\u1ebb b\u1ecb l\u1ed9n ng\u01b0\u1ee3c.<\/li>\n<\/ul>\n<p><strong>N\u00ean s\u1eed d\u1ee5ng lo\u1ea1i gi\u1ea5y n\u00e0o?<\/strong><\/p>\n<ul>\n<li>B\u01b0u thi\u1ebfp c\u1ea7n \u0111\u01b0\u1ee3c in tr\u00ean gi\u1ea5y b\u00eca c\u1ee9ng<\/li>\n<li>Ch\u1ecdn lo\u1ea1i b\u00eca c\u1ee9ng t\u1eeb 80 lb \u0111\u1ebfn 110 lb \u0111\u1ec3 \u0111\u00e1p \u1ee9ng c\u00e1c quy \u0111\u1ecbnh c\u1ee7a USPS<\/li>\n<li>C\u00f3 th\u1ec3 mua nh\u1eefng t\u1eadp gi\u1ea5y n\u00e0y \u1edf b\u1ea5t k\u1ef3 c\u1eeda h\u00e0ng cung c\u1ea5p v\u0103n ph\u00f2ng ph\u1ea9m n\u00e0o<\/li>\n<li>Th\u1ebb \u0111\u01b0\u1ee3c in \u0111en tr\u1eafng n\u00ean b\u1ea5t k\u1ef3 lo\u1ea1i gi\u1ea5y b\u00eca m\u00e0u n\u00e0o c\u0169ng \u0111\u01b0\u1ee3c (h\u00e3y c\u00e2n nh\u1eafc s\u1eed d\u1ee5ng m\u00e0u s\u00e1ng)<\/li>\n<\/ul>\n<p><strong>C\u1ea7n ph\u1ea3i tr\u1ea3 bao nhi\u00eau ti\u1ec1n b\u01b0u ph\u00ed?<\/strong><\/p>\n<ul>\n<li>Th\u1ebb \u201cnh\u1ecf\u201d c\u1ea7n c\u00f3 tem USPS 35 xu.<\/li>\n<\/ul>\n<p>&nbsp;<\/p>","protected":false},"excerpt":{"rendered":"<p>Hey, Publix! #DontHideEC is an advocacy project to help consumers&#8217; voices be heard by Publix, a retailer in nearly every Florida community.\u00a0 Thank you for participating in the Hey, Publix! #DontHideEC project. Download this PDF to print your own set of postcards addressed to four Publix senior officials onto cardstock. Or, to print multiple sets, [&hellip;]<\/p>\n","protected":false},"author":3,"featured_media":0,"parent":0,"menu_order":0,"comment_status":"closed","ping_status":"closed","template":"","meta":{"footnotes":""},"folder":[10],"class_list":["post-1361","page","type-page","status-publish","hentry"],"yoast_head":"<!-- This site is optimized with the Yoast SEO plugin v27.4 - https:\/\/yoast.com\/product\/yoast-seo-wordpress\/ -->\n<title>Hey, Publix! Don&#039;t hide EC postcard campaign - Floridians For Reproductive Freedom<\/title>\n<meta name=\"robots\" content=\"index, follow, max-snippet:-1, max-image-preview:large, max-video-preview:-1\" \/>\n<link rel=\"canonical\" href=\"https:\/\/floridareprofreedom.org\/vi\/buu-thiep-dien-tu\/\" \/>\n<meta property=\"og:locale\" content=\"vi_VN\" \/>\n<meta property=\"og:type\" content=\"article\" \/>\n<meta property=\"og:title\" content=\"Hey, Publix! Don&#039;t hide EC postcard campaign - Floridians For Reproductive Freedom\" \/>\n<meta property=\"og:description\" content=\"Hey, Publix! #DontHideEC is an advocacy project to help consumers&#8217; voices be heard by Publix, a retailer in nearly every Florida community.\u00a0 Thank you for participating in the Hey, Publix! #DontHideEC project. Download this PDF to print your own set of postcards addressed to four Publix senior officials onto cardstock. Or, to print multiple sets, [&hellip;]\" \/>\n<meta property=\"og:url\" content=\"https:\/\/floridareprofreedom.org\/vi\/buu-thiep-dien-tu\/\" \/>\n<meta property=\"og:site_name\" content=\"Floridians For Reproductive Freedom\" \/>\n<meta property=\"article:publisher\" content=\"https:\/\/www.facebook.com\/FloridaReproFreedom\/\" \/>\n<meta property=\"article:modified_time\" content=\"2020-11-19T15:25:47+00:00\" \/>\n<meta property=\"og:image\" content=\"https:\/\/floridareprofreedom.org\/wp-content\/uploads\/2020\/10\/2-1-1024x791.png\" \/>\n<meta name=\"twitter:card\" content=\"summary_large_image\" \/>\n<meta name=\"twitter:site\" content=\"@FLReproFreedom\" \/>\n<meta name=\"twitter:label1\" content=\"\u01af\u1edbc t\u00ednh th\u1eddi gian \u0111\u1ecdc\" \/>\n\t<meta name=\"twitter:data1\" content=\"2 ph\u00fat\" \/>\n<script type=\"application\/ld+json\" class=\"yoast-schema-graph\">{\"@context\":\"https:\\\/\\\/schema.org\",\"@graph\":[{\"@type\":\"WebPage\",\"@id\":\"https:\\\/\\\/floridareprofreedom.org\\\/ecpostcards\\\/\",\"url\":\"https:\\\/\\\/floridareprofreedom.org\\\/ecpostcards\\\/\",\"name\":\"Hey, Publix! Don't hide EC postcard campaign - Floridians For Reproductive Freedom\",\"isPartOf\":{\"@id\":\"https:\\\/\\\/floridareprofreedom.org\\\/#website\"},\"primaryImageOfPage\":{\"@id\":\"https:\\\/\\\/floridareprofreedom.org\\\/ecpostcards\\\/#primaryimage\"},\"image\":{\"@id\":\"https:\\\/\\\/floridareprofreedom.org\\\/ecpostcards\\\/#primaryimage\"},\"thumbnailUrl\":\"https:\\\/\\\/floridareprofreedom.org\\\/wp-content\\\/uploads\\\/2020\\\/10\\\/2-1-1024x791.png\",\"datePublished\":\"2020-10-29T16:53:30+00:00\",\"dateModified\":\"2020-11-19T15:25:47+00:00\",\"breadcrumb\":{\"@id\":\"https:\\\/\\\/floridareprofreedom.org\\\/ecpostcards\\\/#breadcrumb\"},\"inLanguage\":\"vi\",\"potentialAction\":[{\"@type\":\"ReadAction\",\"target\":[\"https:\\\/\\\/floridareprofreedom.org\\\/ecpostcards\\\/\"]}]},{\"@type\":\"ImageObject\",\"inLanguage\":\"vi\",\"@id\":\"https:\\\/\\\/floridareprofreedom.org\\\/ecpostcards\\\/#primaryimage\",\"url\":\"https:\\\/\\\/floridareprofreedom.org\\\/wp-content\\\/uploads\\\/2020\\\/10\\\/2-1-1024x791.png\",\"contentUrl\":\"https:\\\/\\\/floridareprofreedom.org\\\/wp-content\\\/uploads\\\/2020\\\/10\\\/2-1-1024x791.png\"},{\"@type\":\"BreadcrumbList\",\"@id\":\"https:\\\/\\\/floridareprofreedom.org\\\/ecpostcards\\\/#breadcrumb\",\"itemListElement\":[{\"@type\":\"ListItem\",\"position\":1,\"name\":\"Home\",\"item\":\"https:\\\/\\\/floridareprofreedom.org\\\/\"},{\"@type\":\"ListItem\",\"position\":2,\"name\":\"Hey, Publix! Don&#8217;t hide EC postcard campaign\"}]},{\"@type\":\"WebSite\",\"@id\":\"https:\\\/\\\/floridareprofreedom.org\\\/#website\",\"url\":\"https:\\\/\\\/floridareprofreedom.org\\\/\",\"name\":\"Floridians For Reproductive Freedom\",\"description\":\"Advocating for convenient, affordable, and safe access to reproductive health care, including abortion.\",\"publisher\":{\"@id\":\"https:\\\/\\\/floridareprofreedom.org\\\/#organization\"},\"potentialAction\":[{\"@type\":\"SearchAction\",\"target\":{\"@type\":\"EntryPoint\",\"urlTemplate\":\"https:\\\/\\\/floridareprofreedom.org\\\/?s={search_term_string}\"},\"query-input\":{\"@type\":\"PropertyValueSpecification\",\"valueRequired\":true,\"valueName\":\"search_term_string\"}}],\"inLanguage\":\"vi\"},{\"@type\":\"Organization\",\"@id\":\"https:\\\/\\\/floridareprofreedom.org\\\/#organization\",\"name\":\"Floridians for Reproductive Freedom\",\"url\":\"https:\\\/\\\/floridareprofreedom.org\\\/\",\"logo\":{\"@type\":\"ImageObject\",\"inLanguage\":\"vi\",\"@id\":\"https:\\\/\\\/floridareprofreedom.org\\\/#\\\/schema\\\/logo\\\/image\\\/\",\"url\":\"https:\\\/\\\/floridareprofreedom.org\\\/wp-content\\\/uploads\\\/2019\\\/05\\\/Untitled.jpg\",\"contentUrl\":\"https:\\\/\\\/floridareprofreedom.org\\\/wp-content\\\/uploads\\\/2019\\\/05\\\/Untitled.jpg\",\"width\":174,\"height\":180,\"caption\":\"Floridians for Reproductive Freedom\"},\"image\":{\"@id\":\"https:\\\/\\\/floridareprofreedom.org\\\/#\\\/schema\\\/logo\\\/image\\\/\"},\"sameAs\":[\"https:\\\/\\\/www.facebook.com\\\/FloridaReproFreedom\\\/\",\"https:\\\/\\\/x.com\\\/FLReproFreedom\",\"https:\\\/\\\/www.instagram.com\\\/floridareprofreedom\\\/\"]}]}<\/script>\n<!-- \/ Yoast SEO plugin. -->","yoast_head_json":{"title":"N\u00e0y Publix! \u0110\u1eebng che gi\u1ea5u chi\u1ebfn d\u1ecbch b\u01b0u thi\u1ebfp EC - Ng\u01b0\u1eddi Florida V\u00ec T\u1ef1 Do Sinh S\u1ea3n","robots":{"index":"index","follow":"follow","max-snippet":"max-snippet:-1","max-image-preview":"max-image-preview:large","max-video-preview":"max-video-preview:-1"},"canonical":"https:\/\/floridareprofreedom.org\/vi\/buu-thiep-dien-tu\/","og_locale":"vi_VN","og_type":"article","og_title":"Hey, Publix! Don't hide EC postcard campaign - Floridians For Reproductive Freedom","og_description":"Hey, Publix! #DontHideEC is an advocacy project to help consumers&#8217; voices be heard by Publix, a retailer in nearly every Florida community.\u00a0 Thank you for participating in the Hey, Publix! #DontHideEC project. Download this PDF to print your own set of postcards addressed to four Publix senior officials onto cardstock. Or, to print multiple sets, [&hellip;]","og_url":"https:\/\/floridareprofreedom.org\/vi\/buu-thiep-dien-tu\/","og_site_name":"Floridians For Reproductive Freedom","article_publisher":"https:\/\/www.facebook.com\/FloridaReproFreedom\/","article_modified_time":"2020-11-19T15:25:47+00:00","og_image":[{"url":"https:\/\/floridareprofreedom.org\/wp-content\/uploads\/2020\/10\/2-1-1024x791.png","type":"","width":"","height":""}],"twitter_card":"summary_large_image","twitter_site":"@FLReproFreedom","twitter_misc":{"\u01af\u1edbc t\u00ednh th\u1eddi gian \u0111\u1ecdc":"2 ph\u00fat"},"schema":{"@context":"https:\/\/schema.org","@graph":[{"@type":"WebPage","@id":"https:\/\/floridareprofreedom.org\/ecpostcards\/","url":"https:\/\/floridareprofreedom.org\/ecpostcards\/","name":"N\u00e0y Publix! \u0110\u1eebng che gi\u1ea5u chi\u1ebfn d\u1ecbch b\u01b0u thi\u1ebfp EC - Ng\u01b0\u1eddi Florida V\u00ec T\u1ef1 Do Sinh S\u1ea3n","isPartOf":{"@id":"https:\/\/floridareprofreedom.org\/#website"},"primaryImageOfPage":{"@id":"https:\/\/floridareprofreedom.org\/ecpostcards\/#primaryimage"},"image":{"@id":"https:\/\/floridareprofreedom.org\/ecpostcards\/#primaryimage"},"thumbnailUrl":"https:\/\/floridareprofreedom.org\/wp-content\/uploads\/2020\/10\/2-1-1024x791.png","datePublished":"2020-10-29T16:53:30+00:00","dateModified":"2020-11-19T15:25:47+00:00","breadcrumb":{"@id":"https:\/\/floridareprofreedom.org\/ecpostcards\/#breadcrumb"},"inLanguage":"vi","potentialAction":[{"@type":"ReadAction","target":["https:\/\/floridareprofreedom.org\/ecpostcards\/"]}]},{"@type":"ImageObject","inLanguage":"vi","@id":"https:\/\/floridareprofreedom.org\/ecpostcards\/#primaryimage","url":"https:\/\/floridareprofreedom.org\/wp-content\/uploads\/2020\/10\/2-1-1024x791.png","contentUrl":"https:\/\/floridareprofreedom.org\/wp-content\/uploads\/2020\/10\/2-1-1024x791.png"},{"@type":"BreadcrumbList","@id":"https:\/\/floridareprofreedom.org\/ecpostcards\/#breadcrumb","itemListElement":[{"@type":"ListItem","position":1,"name":"Home","item":"https:\/\/floridareprofreedom.org\/"},{"@type":"ListItem","position":2,"name":"Hey, Publix! Don&#8217;t hide EC postcard campaign"}]},{"@type":"WebSite","@id":"https:\/\/floridareprofreedom.org\/#website","url":"https:\/\/floridareprofreedom.org\/","name":"Ng\u01b0\u1eddi Florida v\u00ec T\u1ef1 do Sinh s\u1ea3n","description":"V\u1eadn \u0111\u1ed9ng cho vi\u1ec7c ti\u1ebfp c\u1eadn d\u1ecbch v\u1ee5 ch\u0103m s\u00f3c s\u1ee9c kh\u1ecfe sinh s\u1ea3n, bao g\u1ed3m c\u1ea3 ph\u00e1 thai, m\u1ed9t c\u00e1ch thu\u1eadn ti\u1ec7n, gi\u00e1 c\u1ea3 ph\u1ea3i ch\u0103ng v\u00e0 an to\u00e0n.","publisher":{"@id":"https:\/\/floridareprofreedom.org\/#organization"},"potentialAction":[{"@type":"SearchAction","target":{"@type":"EntryPoint","urlTemplate":"https:\/\/floridareprofreedom.org\/?s={search_term_string}"},"query-input":{"@type":"PropertyValueSpecification","valueRequired":true,"valueName":"search_term_string"}}],"inLanguage":"vi"},{"@type":"Organization","@id":"https:\/\/floridareprofreedom.org\/#organization","name":"Ng\u01b0\u1eddi Florida v\u00ec T\u1ef1 do Sinh s\u1ea3n","url":"https:\/\/floridareprofreedom.org\/","logo":{"@type":"ImageObject","inLanguage":"vi","@id":"https:\/\/floridareprofreedom.org\/#\/schema\/logo\/image\/","url":"https:\/\/floridareprofreedom.org\/wp-content\/uploads\/2019\/05\/Untitled.jpg","contentUrl":"https:\/\/floridareprofreedom.org\/wp-content\/uploads\/2019\/05\/Untitled.jpg","width":174,"height":180,"caption":"Floridians for Reproductive Freedom"},"image":{"@id":"https:\/\/floridareprofreedom.org\/#\/schema\/logo\/image\/"},"sameAs":["https:\/\/www.facebook.com\/FloridaReproFreedom\/","https:\/\/x.com\/FLReproFreedom","https:\/\/www.instagram.com\/floridareprofreedom\/"]}]}},"_links":{"self":[{"href":"https:\/\/floridareprofreedom.org\/vi\/wp-json\/wp\/v2\/pages\/1361","targetHints":{"allow":["GET"]}}],"collection":[{"href":"https:\/\/floridareprofreedom.org\/vi\/wp-json\/wp\/v2\/pages"}],"about":[{"href":"https:\/\/floridareprofreedom.org\/vi\/wp-json\/wp\/v2\/types\/page"}],"author":[{"embeddable":true,"href":"https:\/\/floridareprofreedom.org\/vi\/wp-json\/wp\/v2\/users\/3"}],"replies":[{"embeddable":true,"href":"https:\/\/floridareprofreedom.org\/vi\/wp-json\/wp\/v2\/comments?post=1361"}],"version-history":[{"count":9,"href":"https:\/\/floridareprofreedom.org\/vi\/wp-json\/wp\/v2\/pages\/1361\/revisions"}],"predecessor-version":[{"id":1545,"href":"https:\/\/floridareprofreedom.org\/vi\/wp-json\/wp\/v2\/pages\/1361\/revisions\/1545"}],"wp:attachment":[{"href":"https:\/\/floridareprofreedom.org\/vi\/wp-json\/wp\/v2\/media?parent=1361"}],"wp:term":[{"taxonomy":"folder","embeddable":true,"href":"https:\/\/floridareprofreedom.org\/vi\/wp-json\/wp\/v2\/folder?post=1361"}],"curies":[{"name":"wp","href":"https:\/\/api.w.org\/{rel}","templated":true}]}}