{"id":1366,"date":"2020-10-29T16:51:35","date_gmt":"2020-10-29T16:51:35","guid":{"rendered":"https:\/\/floridareprofreedom.org\/?page_id=1366"},"modified":"2023-08-02T22:56:05","modified_gmt":"2023-08-02T22:56:05","slug":"ec","status":"publish","type":"page","link":"https:\/\/floridareprofreedom.org\/vi\/ec\/","title":{"rendered":"N\u00e0y Publix! \u0110\u1eebng gi\u1ea5u EC"},"content":{"rendered":"<p><em><span style=\"font-weight: 400;\">Thu\u1ed1c tr\u00e1nh thai kh\u1ea9n c\u1ea5p (EC) l\u00e0 m\u1ed9t bi\u1ec7n ph\u00e1p tr\u00e1nh thai an to\u00e0n v\u00e0 hi\u1ec7u qu\u1ea3, \u0111\u00f3 l\u00e0 l\u00fd do t\u1ea1i sao t\u1eeb n\u0103m 2013, C\u1ee5c Qu\u1ea3n l\u00fd Th\u1ef1c ph\u1ea9m v\u00e0 D\u01b0\u1ee3c ph\u1ea9m Hoa K\u1ef3 (FDA) \u0111\u00e3 cho ph\u00e9p c\u00e1c nh\u00e0 b\u00e1n l\u1ebb b\u00e1n c\u00e1c s\u1ea3n ph\u1ea9m tr\u00e1nh thai kh\u1ea9n c\u1ea5p t\u1ea1i qu\u1ea7y cho b\u1ea5t k\u1ef3 ai, b\u1ea5t k\u1ec3 tu\u1ed5i t\u00e1c hay gi\u1edbi t\u00ednh, m\u00e0 kh\u00f4ng c\u1ea7n xu\u1ea5t tr\u00ecnh gi\u1ea5y t\u1edd t\u00f9y th\u00e2n. Kh\u00f4ng c\u00f3 h\u01b0\u1edbng d\u1eabn n\u00e0o c\u1ee7a FDA quy \u0111\u1ecbnh r\u1eb1ng ng\u01b0\u1eddi d\u00e2n c\u1ea7n s\u1ef1 h\u1ed7 tr\u1ee3 c\u1ee7a nh\u00e2n vi\u00ean nh\u00e0 thu\u1ed1c \u0111\u1ec3 mua c\u00e1c lo\u1ea1i thu\u1ed1c tr\u00e1nh thai kh\u1ea9n c\u1ea5p \u0111\u01b0\u1ee3c ph\u00e9p b\u00e1n t\u1ea1i qu\u1ea7y.<\/span><\/em><\/p>\n<h3><b>Publix, m\u1ed9t chu\u1ed7i b\u00e1n l\u1ebb ch\u1ee7 l\u1ef1c t\u1ea1i c\u00e1c c\u1ed9ng \u0111\u1ed3ng Florida, <\/b><b>c\u00f3 ch\u00ednh s\u00e1ch c\u1ee7a c\u00f4ng ty ng\u0103n c\u1ea3n kh\u00e1ch h\u00e0ng ti\u1ebfp c\u1eadn bi\u1ec7n ph\u00e1p tr\u00e1nh thai kh\u1ea9n c\u1ea5p<\/b><b>\u00a0<\/b><\/h3>\n<p><span style=\"font-weight: 400;\">Khi \u0111\u1ebfn th\u0103m h\u01a1n 100 c\u1eeda h\u00e0ng Publix, c\u00e1c t\u00ecnh nguy\u1ec7n vi\u00ean t\u1eeb li\u00ean minh Floridan v\u00ec T\u1ef1 do Sinh s\u1ea3n nh\u1eadn th\u1ea5y c\u00e1ch duy nh\u1ea5t \u0111\u1ec3 ti\u1ebfp c\u1eadn thu\u1ed1c tr\u00e1nh thai kh\u1ea9n c\u1ea5p l\u00e0 th\u00f4ng qua qu\u1ea7y thu\u1ed1c. C\u00e1c nh\u00e0 b\u00e1n l\u1ebb kh\u00e1c c\u00f3 nh\u00e0 thu\u1ed1c, bao g\u1ed3m CVS, Walgreens, Target v\u00e0 Walmart, \u0111\u1ec1u cung c\u1ea5p thu\u1ed1c tr\u00e1nh thai kh\u1ea9n c\u1ea5p kh\u00f4ng c\u1ea7n k\u00ea \u0111\u01a1n, t\u1ea1i qu\u1ea7y trong khu v\u1ef1c k\u1ebf ho\u1ea1ch h\u00f3a gia \u0111\u00ecnh. (M\u1ed9t nghi\u00ean c\u1ee9u c\u1ee7a Hi\u1ec7p h\u1ed9i Tr\u00e1nh thai Kh\u1ea9n c\u1ea5p Hoa K\u1ef3 cho th\u1ea5y 76% c\u00e1c chu\u1ed7i c\u1eeda h\u00e0ng b\u00e1n l\u1ebb \u0111\u00e3 b\u00e0y b\u00e1n thu\u1ed1c tr\u00e1nh thai kh\u1ea9n c\u1ea5p tr\u00ean k\u1ec7.)<\/span><\/p>\n<p><span style=\"font-weight: 400;\">Publix y\u00eau c\u1ea7u kh\u00e1ch h\u00e0ng ph\u1ea3i h\u1ecfi nh\u00e2n vi\u00ean nh\u00e0 thu\u1ed1c v\u1ec1 c\u00e1c lo\u1ea1i thu\u1ed1c tr\u00e1nh thai kh\u1ea9n c\u1ea5p (EC), ch\u1eb3ng h\u1ea1n nh\u01b0 Plan B One Step, \u0111\u1ec3 mua, m\u1eb7c d\u00f9 lo\u1ea1i thu\u1ed1c n\u00e0y \u0111\u00e3 \u0111\u01b0\u1ee3c ph\u00e9p b\u00e1n t\u1ea1i qu\u1ea7y. Y\u00eau c\u1ea7u n\u00e0y \u0111\u1eb7t ra nh\u1eefng r\u00e0o c\u1ea3n kh\u00f4ng c\u1ea7n thi\u1ebft cho kh\u00e1ch h\u00e0ng c\u1ee7a Publix, nhi\u1ec1u ng\u01b0\u1eddi trong s\u1ed1 h\u1ecd c\u00f3 th\u1ec3 c\u00f2n tr\u1ebb v\u00e0 d\u1ec5 b\u1ecb t\u1ed5n th\u01b0\u01a1ng, nh\u1eefng ng\u01b0\u1eddi c\u1ea7n c\u00e1c s\u1ea3n ph\u1ea9m ch\u0103m s\u00f3c sinh s\u1ea3n thi\u1ebft y\u1ebfu. \u0110i\u1ec1u n\u00e0y kh\u00f4ng ch\u1ec9 khi\u1ebfn vi\u1ec7c ti\u1ebfp c\u1eadn c\u00e1c bi\u1ec7n ph\u00e1p tr\u00e1nh thai kh\u1ea9n c\u1ea5p tr\u1edf n\u00ean kh\u00f3 kh\u0103n v\u00e0 b\u1ea5t ti\u1ec7n, m\u00e0 c\u00f2n mang t\u00ednh coi th\u01b0\u1eddng kh\u00e1ch h\u00e0ng v\u00e0 k\u1ef3 th\u1ecb vi\u1ec7c ch\u0103m s\u00f3c s\u1ee9c kh\u1ecfe sinh s\u1ea3n.<\/span><\/p>\n<p><span style=\"font-weight: 400;\">M\u1ecdi ng\u01b0\u1eddi c\u1ea7n d\u1ec5 d\u00e0ng ti\u1ebfp c\u1eadn bi\u1ec7n ph\u00e1p tr\u00e1nh thai kh\u1ea9n c\u1ea5p v\u00ec \u0111\u00e2y l\u00e0 lo\u1ea1i thu\u1ed1c c\u00f3 th\u1eddi h\u1ea1n s\u1eed d\u1ee5ng ng\u1eafn, hi\u1ec7u qu\u1ea3 nh\u1ea5t khi d\u00f9ng c\u00e0ng s\u1edbm. Vi\u1ec7c y\u00eau c\u1ea7u kh\u00e1ch h\u00e0ng ph\u1ea3i ch\u1edd nh\u00e0 thu\u1ed1c m\u1edf c\u1eeda ho\u1eb7c y\u00eau c\u1ea7u nh\u00e2n vi\u00ean nh\u00e0 thu\u1ed1c cung c\u1ea5p bi\u1ec7n ph\u00e1p tr\u00e1nh thai kh\u1ea9n c\u1ea5p l\u00e0 nh\u1eefng tr\u1edf ng\u1ea1i kh\u00f4ng c\u1ea7n thi\u1ebft. Vi\u1ec7c Publix ph\u00e2n bi\u1ec7t kh\u00e1ch h\u00e0ng mua thu\u1ed1c tr\u00e1nh thai kh\u1ea9n c\u1ea5p v\u1edbi t\u1ea5t c\u1ea3 nh\u1eefng kh\u00e1ch h\u00e0ng kh\u00e1c mua thu\u1ed1c kh\u00f4ng k\u00ea \u0111\u01a1n an to\u00e0n v\u00e0 hi\u1ec7u qu\u1ea3 \u0111ang g\u00e2y t\u1ed5n h\u1ea1i cho c\u1ed9ng \u0111\u1ed3ng c\u1ee7a ch\u00fang ta.<\/span><\/p>\n<p><span style=\"font-weight: 400;\">\u0110\u00e3 \u0111\u1ebfn l\u00fac \u0111\u1eb7t thu\u1ed1c tr\u00e1nh thai kh\u1ea9n c\u1ea5p l\u00ean k\u1ec7 \u0111\u00fang v\u1ecb tr\u00ed c\u1ee7a n\u00f3. V\u1edbi h\u01a1n 1.200 c\u1eeda h\u00e0ng tr\u1ea3i d\u00e0i tr\u00ean s\u00e1u ti\u1ec3u bang, v\u00f4 s\u1ed1 kh\u00e1ch h\u00e0ng ph\u1ee5 thu\u1ed9c v\u00e0o Publix \u0111\u1ec3 \u0111\u01b0\u1ee3c ti\u1ebfp c\u1eadn thu\u1ed1c k\u1ecbp th\u1eddi. H\u00e3y c\u00f9ng ch\u00fang t\u00f4i th\u00fac \u0111\u1ea9y Publix ph\u1ee5c v\u1ee5 c\u1ed9ng \u0111\u1ed3ng v\u00e0 kh\u00e1ch h\u00e0ng t\u1ed1t h\u01a1n; h\u00e3y h\u1ee3p t\u00e1c v\u1edbi ch\u00fang t\u00f4i \u0111\u1ec3 \u0111\u1ea3m b\u1ea3o Publix lu\u00f4n c\u00f3 s\u1eb5n thu\u1ed1c tr\u00e1nh thai kh\u1ea9n c\u1ea5p tr\u00ean k\u1ec7 nh\u01b0 c\u00e1c nh\u00e0 b\u00e1n l\u1ebb kh\u00e1c.<\/span><\/p>\n<h3><strong>C\u00e1c b\u01b0\u1edbc h\u00e0nh \u0111\u1ed9ng:<\/strong><\/h3>\n<ul>\n<li>\u0110\u0103ng v\u1ec1 n\u00f3 tr\u00ean <strong>ph\u01b0\u01a1ng ti\u1ec7n truy\u1ec1n th\u00f4ng x\u00e3 h\u1ed9i<\/strong>. <a href=\"https:\/\/docs.google.com\/document\/d\/16rs7cWD3s-qcWDpc9XPwCgRpAKmL1mkzE0EiWODcU0U\/edit?usp=sharing\">Truy c\u1eadp b\u1ed9 c\u00f4ng c\u1ee5 truy\u1ec1n th\u00f4ng x\u00e3 h\u1ed9i t\u1ea1i \u0111\u00e2y<\/a>.<\/li>\n<li>In, c\u1eaft v\u00e0 g\u1eedi <strong>b\u01b0u thi\u1ebfp<\/strong> \u0111\u1ebfn tr\u1ee5 s\u1edf c\u00f4ng ty Publix. <a href=\"https:\/\/floridareprofreedom.org\/vi\/buu-thiep-dien-tu\/\">Nh\u1eadn ch\u1ec9 \u0111\u01b0\u1eddng v\u00e0 t\u1ea3i xu\u1ed1ng t\u1ea1i \u0111\u00e2y.<\/a><\/li>\n<li>Vi\u1ebft m\u1ed9t <strong>th\u01b0 g\u1eedi bi\u00ean t\u1eadp vi\u00ean<\/strong> c\u1ee7a t\u1edd b\u00e1o \u0111\u1ecba ph\u01b0\u01a1ng; g\u1eedi m\u1ed9t b\u1ea3n sao \u0111\u1ebfn hi\u1ec7u thu\u1ed1c Publix v\u00e0 qu\u1ea3n l\u00fd c\u1eeda h\u00e0ng t\u1ea1p h\u00f3a \u0111\u1ecba ph\u01b0\u01a1ng. <a href=\"https:\/\/drive.google.com\/file\/d\/1E6-4ORBM-347cbTA5PgtPjW_qcRUrIkh\/view?usp=sharing\">B\u1ea3ng th\u00f4ng tin v\u1ec1 LTE t\u1ea1i \u0111\u00e2y<\/a>.<\/li>\n<li>G\u1eedi m\u1ed9t <strong>b\u00ecnh lu\u1eadn tr\u1ef1c tuy\u1ebfn<\/strong> \u0111\u1ebfn <a href=\"https:\/\/www.publix.com\/contact\/contact-us\">Ph\u00f2ng quan h\u1ec7 kh\u00e1ch h\u00e0ng c\u1ee7a Publix<\/a>!<\/li>\n<\/ul>\n<p style=\"text-align: center;\"><a href=\"https:\/\/floridareprofreedom.org\/vi\/buu-thiep-dien-tu\/\"><img fetchpriority=\"high\" decoding=\"async\" class=\"alignnone size-large wp-image-1374\" src=\"https:\/\/floridareprofreedom.org\/wp-content\/uploads\/2020\/10\/2-1-1024x791.png\" alt=\"\" width=\"800\" height=\"618\" srcset=\"https:\/\/floridareprofreedom.org\/wp-content\/uploads\/2020\/10\/2-1-1024x791.png 1024w, https:\/\/floridareprofreedom.org\/wp-content\/uploads\/2020\/10\/2-1-300x232.png 300w, https:\/\/floridareprofreedom.org\/wp-content\/uploads\/2020\/10\/2-1-768x593.png 768w, https:\/\/floridareprofreedom.org\/wp-content\/uploads\/2020\/10\/2-1-1536x1187.png 1536w, https:\/\/floridareprofreedom.org\/wp-content\/uploads\/2020\/10\/2-1.png 1650w\" sizes=\"(max-width: 800px) 100vw, 800px\" \/><\/a><\/p>","protected":false},"excerpt":{"rendered":"<p>Emergency contraception (EC) is a safe and effective way to prevent pregnancy, which is why the Food and Drug Administration (FDA) has, since 2013, allowed retailers to sell emergency contraception products on the shelf to anyone regardless of age or gender, and without a requirement to present identification. Nowhere in FDA guidelines is it suggested [&hellip;]<\/p>\n","protected":false},"author":3,"featured_media":0,"parent":0,"menu_order":0,"comment_status":"closed","ping_status":"closed","template":"","meta":{"footnotes":""},"folder":[10],"class_list":["post-1366","page","type-page","status-publish","hentry"],"yoast_head":"<!-- This site is optimized with the Yoast SEO plugin v27.4 - https:\/\/yoast.com\/product\/yoast-seo-wordpress\/ -->\n<title>Hey, Publix! Don&#039;t hide EC - Floridians For Reproductive Freedom<\/title>\n<meta name=\"robots\" content=\"index, follow, max-snippet:-1, max-image-preview:large, max-video-preview:-1\" \/>\n<link rel=\"canonical\" href=\"https:\/\/floridareprofreedom.org\/vi\/ec\/\" \/>\n<meta property=\"og:locale\" content=\"vi_VN\" \/>\n<meta property=\"og:type\" content=\"article\" \/>\n<meta property=\"og:title\" content=\"Hey, Publix! Don&#039;t hide EC - Floridians For Reproductive Freedom\" \/>\n<meta property=\"og:description\" content=\"Emergency contraception (EC) is a safe and effective way to prevent pregnancy, which is why the Food and Drug Administration (FDA) has, since 2013, allowed retailers to sell emergency contraception products on the shelf to anyone regardless of age or gender, and without a requirement to present identification. Nowhere in FDA guidelines is it suggested [&hellip;]\" \/>\n<meta property=\"og:url\" content=\"https:\/\/floridareprofreedom.org\/vi\/ec\/\" \/>\n<meta property=\"og:site_name\" content=\"Floridians For Reproductive Freedom\" \/>\n<meta property=\"article:publisher\" content=\"https:\/\/www.facebook.com\/FloridaReproFreedom\/\" \/>\n<meta property=\"article:modified_time\" content=\"2023-08-02T22:56:05+00:00\" \/>\n<meta property=\"og:image\" content=\"https:\/\/floridareprofreedom.org\/wp-content\/uploads\/2020\/10\/2-1-1024x791.png\" \/>\n<meta name=\"twitter:card\" content=\"summary_large_image\" \/>\n<meta name=\"twitter:site\" content=\"@FLReproFreedom\" \/>\n<meta name=\"twitter:label1\" content=\"\u01af\u1edbc t\u00ednh th\u1eddi gian \u0111\u1ecdc\" \/>\n\t<meta name=\"twitter:data1\" content=\"3 ph\u00fat\" \/>\n<script type=\"application\/ld+json\" class=\"yoast-schema-graph\">{\"@context\":\"https:\\\/\\\/schema.org\",\"@graph\":[{\"@type\":\"WebPage\",\"@id\":\"https:\\\/\\\/floridareprofreedom.org\\\/ec\\\/\",\"url\":\"https:\\\/\\\/floridareprofreedom.org\\\/ec\\\/\",\"name\":\"Hey, Publix! Don't hide EC - Floridians For Reproductive Freedom\",\"isPartOf\":{\"@id\":\"https:\\\/\\\/floridareprofreedom.org\\\/#website\"},\"primaryImageOfPage\":{\"@id\":\"https:\\\/\\\/floridareprofreedom.org\\\/ec\\\/#primaryimage\"},\"image\":{\"@id\":\"https:\\\/\\\/floridareprofreedom.org\\\/ec\\\/#primaryimage\"},\"thumbnailUrl\":\"https:\\\/\\\/floridareprofreedom.org\\\/wp-content\\\/uploads\\\/2020\\\/10\\\/2-1-1024x791.png\",\"datePublished\":\"2020-10-29T16:51:35+00:00\",\"dateModified\":\"2023-08-02T22:56:05+00:00\",\"breadcrumb\":{\"@id\":\"https:\\\/\\\/floridareprofreedom.org\\\/ec\\\/#breadcrumb\"},\"inLanguage\":\"vi\",\"potentialAction\":[{\"@type\":\"ReadAction\",\"target\":[\"https:\\\/\\\/floridareprofreedom.org\\\/ec\\\/\"]}]},{\"@type\":\"ImageObject\",\"inLanguage\":\"vi\",\"@id\":\"https:\\\/\\\/floridareprofreedom.org\\\/ec\\\/#primaryimage\",\"url\":\"https:\\\/\\\/floridareprofreedom.org\\\/wp-content\\\/uploads\\\/2020\\\/10\\\/2-1-1024x791.png\",\"contentUrl\":\"https:\\\/\\\/floridareprofreedom.org\\\/wp-content\\\/uploads\\\/2020\\\/10\\\/2-1-1024x791.png\"},{\"@type\":\"BreadcrumbList\",\"@id\":\"https:\\\/\\\/floridareprofreedom.org\\\/ec\\\/#breadcrumb\",\"itemListElement\":[{\"@type\":\"ListItem\",\"position\":1,\"name\":\"Home\",\"item\":\"https:\\\/\\\/floridareprofreedom.org\\\/\"},{\"@type\":\"ListItem\",\"position\":2,\"name\":\"Hey, Publix! Don&#8217;t hide EC\"}]},{\"@type\":\"WebSite\",\"@id\":\"https:\\\/\\\/floridareprofreedom.org\\\/#website\",\"url\":\"https:\\\/\\\/floridareprofreedom.org\\\/\",\"name\":\"Floridians For Reproductive Freedom\",\"description\":\"Advocating for convenient, affordable, and safe access to reproductive health care, including abortion.\",\"publisher\":{\"@id\":\"https:\\\/\\\/floridareprofreedom.org\\\/#organization\"},\"potentialAction\":[{\"@type\":\"SearchAction\",\"target\":{\"@type\":\"EntryPoint\",\"urlTemplate\":\"https:\\\/\\\/floridareprofreedom.org\\\/?s={search_term_string}\"},\"query-input\":{\"@type\":\"PropertyValueSpecification\",\"valueRequired\":true,\"valueName\":\"search_term_string\"}}],\"inLanguage\":\"vi\"},{\"@type\":\"Organization\",\"@id\":\"https:\\\/\\\/floridareprofreedom.org\\\/#organization\",\"name\":\"Floridians for Reproductive Freedom\",\"url\":\"https:\\\/\\\/floridareprofreedom.org\\\/\",\"logo\":{\"@type\":\"ImageObject\",\"inLanguage\":\"vi\",\"@id\":\"https:\\\/\\\/floridareprofreedom.org\\\/#\\\/schema\\\/logo\\\/image\\\/\",\"url\":\"https:\\\/\\\/floridareprofreedom.org\\\/wp-content\\\/uploads\\\/2019\\\/05\\\/Untitled.jpg\",\"contentUrl\":\"https:\\\/\\\/floridareprofreedom.org\\\/wp-content\\\/uploads\\\/2019\\\/05\\\/Untitled.jpg\",\"width\":174,\"height\":180,\"caption\":\"Floridians for Reproductive Freedom\"},\"image\":{\"@id\":\"https:\\\/\\\/floridareprofreedom.org\\\/#\\\/schema\\\/logo\\\/image\\\/\"},\"sameAs\":[\"https:\\\/\\\/www.facebook.com\\\/FloridaReproFreedom\\\/\",\"https:\\\/\\\/x.com\\\/FLReproFreedom\",\"https:\\\/\\\/www.instagram.com\\\/floridareprofreedom\\\/\"]}]}<\/script>\n<!-- \/ Yoast SEO plugin. -->","yoast_head_json":{"title":"N\u00e0y Publix! \u0110\u1eebng che gi\u1ea5u EC - Ng\u01b0\u1eddi Florida V\u00ec T\u1ef1 Do Sinh S\u1ea3n","robots":{"index":"index","follow":"follow","max-snippet":"max-snippet:-1","max-image-preview":"max-image-preview:large","max-video-preview":"max-video-preview:-1"},"canonical":"https:\/\/floridareprofreedom.org\/vi\/ec\/","og_locale":"vi_VN","og_type":"article","og_title":"Hey, Publix! Don't hide EC - Floridians For Reproductive Freedom","og_description":"Emergency contraception (EC) is a safe and effective way to prevent pregnancy, which is why the Food and Drug Administration (FDA) has, since 2013, allowed retailers to sell emergency contraception products on the shelf to anyone regardless of age or gender, and without a requirement to present identification. Nowhere in FDA guidelines is it suggested [&hellip;]","og_url":"https:\/\/floridareprofreedom.org\/vi\/ec\/","og_site_name":"Floridians For Reproductive Freedom","article_publisher":"https:\/\/www.facebook.com\/FloridaReproFreedom\/","article_modified_time":"2023-08-02T22:56:05+00:00","og_image":[{"url":"https:\/\/floridareprofreedom.org\/wp-content\/uploads\/2020\/10\/2-1-1024x791.png","type":"","width":"","height":""}],"twitter_card":"summary_large_image","twitter_site":"@FLReproFreedom","twitter_misc":{"\u01af\u1edbc t\u00ednh th\u1eddi gian \u0111\u1ecdc":"3 ph\u00fat"},"schema":{"@context":"https:\/\/schema.org","@graph":[{"@type":"WebPage","@id":"https:\/\/floridareprofreedom.org\/ec\/","url":"https:\/\/floridareprofreedom.org\/ec\/","name":"N\u00e0y Publix! \u0110\u1eebng che gi\u1ea5u EC - Ng\u01b0\u1eddi Florida V\u00ec T\u1ef1 Do Sinh S\u1ea3n","isPartOf":{"@id":"https:\/\/floridareprofreedom.org\/#website"},"primaryImageOfPage":{"@id":"https:\/\/floridareprofreedom.org\/ec\/#primaryimage"},"image":{"@id":"https:\/\/floridareprofreedom.org\/ec\/#primaryimage"},"thumbnailUrl":"https:\/\/floridareprofreedom.org\/wp-content\/uploads\/2020\/10\/2-1-1024x791.png","datePublished":"2020-10-29T16:51:35+00:00","dateModified":"2023-08-02T22:56:05+00:00","breadcrumb":{"@id":"https:\/\/floridareprofreedom.org\/ec\/#breadcrumb"},"inLanguage":"vi","potentialAction":[{"@type":"ReadAction","target":["https:\/\/floridareprofreedom.org\/ec\/"]}]},{"@type":"ImageObject","inLanguage":"vi","@id":"https:\/\/floridareprofreedom.org\/ec\/#primaryimage","url":"https:\/\/floridareprofreedom.org\/wp-content\/uploads\/2020\/10\/2-1-1024x791.png","contentUrl":"https:\/\/floridareprofreedom.org\/wp-content\/uploads\/2020\/10\/2-1-1024x791.png"},{"@type":"BreadcrumbList","@id":"https:\/\/floridareprofreedom.org\/ec\/#breadcrumb","itemListElement":[{"@type":"ListItem","position":1,"name":"Home","item":"https:\/\/floridareprofreedom.org\/"},{"@type":"ListItem","position":2,"name":"Hey, Publix! Don&#8217;t hide EC"}]},{"@type":"WebSite","@id":"https:\/\/floridareprofreedom.org\/#website","url":"https:\/\/floridareprofreedom.org\/","name":"Ng\u01b0\u1eddi Florida v\u00ec T\u1ef1 do Sinh s\u1ea3n","description":"V\u1eadn \u0111\u1ed9ng cho vi\u1ec7c ti\u1ebfp c\u1eadn d\u1ecbch v\u1ee5 ch\u0103m s\u00f3c s\u1ee9c kh\u1ecfe sinh s\u1ea3n, bao g\u1ed3m c\u1ea3 ph\u00e1 thai, m\u1ed9t c\u00e1ch thu\u1eadn ti\u1ec7n, gi\u00e1 c\u1ea3 ph\u1ea3i ch\u0103ng v\u00e0 an to\u00e0n.","publisher":{"@id":"https:\/\/floridareprofreedom.org\/#organization"},"potentialAction":[{"@type":"SearchAction","target":{"@type":"EntryPoint","urlTemplate":"https:\/\/floridareprofreedom.org\/?s={search_term_string}"},"query-input":{"@type":"PropertyValueSpecification","valueRequired":true,"valueName":"search_term_string"}}],"inLanguage":"vi"},{"@type":"Organization","@id":"https:\/\/floridareprofreedom.org\/#organization","name":"Ng\u01b0\u1eddi Florida v\u00ec T\u1ef1 do Sinh s\u1ea3n","url":"https:\/\/floridareprofreedom.org\/","logo":{"@type":"ImageObject","inLanguage":"vi","@id":"https:\/\/floridareprofreedom.org\/#\/schema\/logo\/image\/","url":"https:\/\/floridareprofreedom.org\/wp-content\/uploads\/2019\/05\/Untitled.jpg","contentUrl":"https:\/\/floridareprofreedom.org\/wp-content\/uploads\/2019\/05\/Untitled.jpg","width":174,"height":180,"caption":"Floridians for Reproductive Freedom"},"image":{"@id":"https:\/\/floridareprofreedom.org\/#\/schema\/logo\/image\/"},"sameAs":["https:\/\/www.facebook.com\/FloridaReproFreedom\/","https:\/\/x.com\/FLReproFreedom","https:\/\/www.instagram.com\/floridareprofreedom\/"]}]}},"_links":{"self":[{"href":"https:\/\/floridareprofreedom.org\/vi\/wp-json\/wp\/v2\/pages\/1366","targetHints":{"allow":["GET"]}}],"collection":[{"href":"https:\/\/floridareprofreedom.org\/vi\/wp-json\/wp\/v2\/pages"}],"about":[{"href":"https:\/\/floridareprofreedom.org\/vi\/wp-json\/wp\/v2\/types\/page"}],"author":[{"embeddable":true,"href":"https:\/\/floridareprofreedom.org\/vi\/wp-json\/wp\/v2\/users\/3"}],"replies":[{"embeddable":true,"href":"https:\/\/floridareprofreedom.org\/vi\/wp-json\/wp\/v2\/comments?post=1366"}],"version-history":[{"count":7,"href":"https:\/\/floridareprofreedom.org\/vi\/wp-json\/wp\/v2\/pages\/1366\/revisions"}],"predecessor-version":[{"id":2850,"href":"https:\/\/floridareprofreedom.org\/vi\/wp-json\/wp\/v2\/pages\/1366\/revisions\/2850"}],"wp:attachment":[{"href":"https:\/\/floridareprofreedom.org\/vi\/wp-json\/wp\/v2\/media?parent=1366"}],"wp:term":[{"taxonomy":"folder","embeddable":true,"href":"https:\/\/floridareprofreedom.org\/vi\/wp-json\/wp\/v2\/folder?post=1366"}],"curies":[{"name":"wp","href":"https:\/\/api.w.org\/{rel}","templated":true}]}}