{"id":1386,"date":"2020-11-11T14:50:29","date_gmt":"2020-11-11T14:50:29","guid":{"rendered":"https:\/\/floridareprofreedom.org\/?page_id=1386"},"modified":"2020-11-12T12:57:07","modified_gmt":"2020-11-12T12:57:07","slug":"cac-so-y-te","status":"publish","type":"page","link":"https:\/\/floridareprofreedom.org\/vi\/healthdepartments\/","title":{"rendered":"S\u1edf Y t\u1ebf Qu\u1eadn"},"content":{"rendered":"<p>K\u1ebf ho\u1ea1ch h\u00f3a gia \u0111\u00ecnh v\u00e0 c\u00e1c d\u1ecbch v\u1ee5 y t\u1ebf d\u1ef1 ph\u00f2ng li\u00ean quan c\u1ee7a Florida \u0111\u01b0\u1ee3c cung c\u1ea5p cho t\u1ea5t c\u1ea3 ng\u01b0\u1eddi d\u00e2n Florida, bao g\u1ed3m c\u1ea3 thanh thi\u1ebfu ni\u00ean, t\u1ea1i t\u1ea5t c\u1ea3 67 qu\u1eadn, th\u00f4ng qua c\u00e1c s\u1edf y t\u1ebf qu\u1eadn ho\u1eb7c c\u00e1c c\u01a1 quan h\u1ee3p \u0111\u1ed3ng. D\u1ecbch v\u1ee5 k\u1ebf ho\u1ea1ch h\u00f3a gia \u0111\u00ecnh \u0111\u01b0\u1ee3c cung c\u1ea5p tr\u00ean c\u01a1 s\u1edf t\u1ef1 nguy\u1ec7n v\u00e0 b\u1ea3o m\u1eadt. Th\u00f4ng tin nh\u1ea1y c\u1ea3m v\u1ec1 v\u0103n h\u00f3a v\u00e0 gi\u00e1 tr\u1ecb c\u1ee7a vi\u1ec7c l\u1eadp k\u1ebf ho\u1ea1ch mang thai \u0111\u01b0\u1ee3c cung c\u1ea5p \u0111\u1ec3 gi\u00fap ng\u01b0\u1eddi d\u00e2n \u0111\u01b0a ra quy\u1ebft \u0111\u1ecbnh s\u00e1ng su\u1ed1t v\u1ec1 vi\u1ec7c s\u1eed d\u1ee5ng bi\u1ec7n ph\u00e1p tr\u00e1nh thai.<\/p>\n<p>Vui l\u00f2ng xem bi\u1ec3u \u0111\u1ed3 b\u00ean d\u01b0\u1edbi \u0111\u1ec3 bi\u1ebft k\u1ebft qu\u1ea3 c\u1ee7a ch\u00fang t\u00f4i v\u1ec1 c\u00e1c d\u1ecbch v\u1ee5 c\u00f3 s\u1eb5n t\u1ea1i m\u1ed7i qu\u1eadn. \u0110\u1ec3 bi\u1ebft th\u00eam th\u00f4ng tin, h\u00e3y truy c\u1eadp <a href=\"http:\/\/www.floridahealth.gov\/programs-and-services\/womens-health\/family-planning\/index.html\">Ch\u01b0\u01a1ng tr\u00ecnh K\u1ebf ho\u1ea1ch h\u00f3a Gia \u0111\u00ecnh c\u1ee7a S\u1edf Y t\u1ebf Florida<\/a>\u00a0trang web ch\u00ednh.<\/p>\n<p><iframe src=\"https:\/\/docs.google.com\/spreadsheets\/d\/e\/2PACX-1vQREPoAsDLfW6Kjk3qoT5pbhdrwjzmHFplPITVfSsvvNRlW8oLm-5XUv6QaVWlGUAOK_YhJMNi7wBEB\/pubhtml?gid=2004341484&amp;single=true\" width=\"850\" height=\"1200\"><\/iframe><\/p>\n<p>&nbsp;<\/p>","protected":false},"excerpt":{"rendered":"<p>Florida&#8217;s family planning and related preventive health services are available to all Floridians, including young people, in all 67 counties through the local county health departments or contracted agencies. Family planning services are provided on a voluntary basis in a confidential manner. Culturally sensitive information and the value of planning pregnancies are available in order [&hellip;]<\/p>\n","protected":false},"author":3,"featured_media":0,"parent":0,"menu_order":0,"comment_status":"closed","ping_status":"closed","template":"","meta":{"footnotes":""},"folder":[10],"class_list":["post-1386","page","type-page","status-publish","hentry"],"yoast_head":"<!-- This site is optimized with the Yoast SEO plugin v27.4 - https:\/\/yoast.com\/product\/yoast-seo-wordpress\/ -->\n<title>County Health Departments - Floridians For Reproductive Freedom<\/title>\n<meta name=\"robots\" content=\"index, follow, max-snippet:-1, max-image-preview:large, max-video-preview:-1\" \/>\n<link rel=\"canonical\" href=\"https:\/\/floridareprofreedom.org\/vi\/cac-so-y-te\/\" \/>\n<meta property=\"og:locale\" content=\"vi_VN\" \/>\n<meta property=\"og:type\" content=\"article\" \/>\n<meta property=\"og:title\" content=\"County Health Departments - Floridians For Reproductive Freedom\" \/>\n<meta property=\"og:description\" content=\"Florida&#8217;s family planning and related preventive health services are available to all Floridians, including young people, in all 67 counties through the local county health departments or contracted agencies. Family planning services are provided on a voluntary basis in a confidential manner. Culturally sensitive information and the value of planning pregnancies are available in order [&hellip;]\" \/>\n<meta property=\"og:url\" content=\"https:\/\/floridareprofreedom.org\/vi\/cac-so-y-te\/\" \/>\n<meta property=\"og:site_name\" content=\"Floridians For Reproductive Freedom\" \/>\n<meta property=\"article:publisher\" content=\"https:\/\/www.facebook.com\/FloridaReproFreedom\/\" \/>\n<meta property=\"article:modified_time\" content=\"2020-11-12T12:57:07+00:00\" \/>\n<meta name=\"twitter:card\" content=\"summary_large_image\" \/>\n<meta name=\"twitter:site\" content=\"@FLReproFreedom\" \/>\n<script type=\"application\/ld+json\" class=\"yoast-schema-graph\">{\"@context\":\"https:\\\/\\\/schema.org\",\"@graph\":[{\"@type\":\"WebPage\",\"@id\":\"https:\\\/\\\/floridareprofreedom.org\\\/healthdepartments\\\/\",\"url\":\"https:\\\/\\\/floridareprofreedom.org\\\/healthdepartments\\\/\",\"name\":\"County Health Departments - Floridians For Reproductive Freedom\",\"isPartOf\":{\"@id\":\"https:\\\/\\\/floridareprofreedom.org\\\/#website\"},\"datePublished\":\"2020-11-11T14:50:29+00:00\",\"dateModified\":\"2020-11-12T12:57:07+00:00\",\"breadcrumb\":{\"@id\":\"https:\\\/\\\/floridareprofreedom.org\\\/healthdepartments\\\/#breadcrumb\"},\"inLanguage\":\"vi\",\"potentialAction\":[{\"@type\":\"ReadAction\",\"target\":[\"https:\\\/\\\/floridareprofreedom.org\\\/healthdepartments\\\/\"]}]},{\"@type\":\"BreadcrumbList\",\"@id\":\"https:\\\/\\\/floridareprofreedom.org\\\/healthdepartments\\\/#breadcrumb\",\"itemListElement\":[{\"@type\":\"ListItem\",\"position\":1,\"name\":\"Home\",\"item\":\"https:\\\/\\\/floridareprofreedom.org\\\/\"},{\"@type\":\"ListItem\",\"position\":2,\"name\":\"County Health Departments\"}]},{\"@type\":\"WebSite\",\"@id\":\"https:\\\/\\\/floridareprofreedom.org\\\/#website\",\"url\":\"https:\\\/\\\/floridareprofreedom.org\\\/\",\"name\":\"Floridians For Reproductive Freedom\",\"description\":\"Advocating for convenient, affordable, and safe access to reproductive health care, including abortion.\",\"publisher\":{\"@id\":\"https:\\\/\\\/floridareprofreedom.org\\\/#organization\"},\"potentialAction\":[{\"@type\":\"SearchAction\",\"target\":{\"@type\":\"EntryPoint\",\"urlTemplate\":\"https:\\\/\\\/floridareprofreedom.org\\\/?s={search_term_string}\"},\"query-input\":{\"@type\":\"PropertyValueSpecification\",\"valueRequired\":true,\"valueName\":\"search_term_string\"}}],\"inLanguage\":\"vi\"},{\"@type\":\"Organization\",\"@id\":\"https:\\\/\\\/floridareprofreedom.org\\\/#organization\",\"name\":\"Floridians for Reproductive Freedom\",\"url\":\"https:\\\/\\\/floridareprofreedom.org\\\/\",\"logo\":{\"@type\":\"ImageObject\",\"inLanguage\":\"vi\",\"@id\":\"https:\\\/\\\/floridareprofreedom.org\\\/#\\\/schema\\\/logo\\\/image\\\/\",\"url\":\"https:\\\/\\\/floridareprofreedom.org\\\/wp-content\\\/uploads\\\/2019\\\/05\\\/Untitled.jpg\",\"contentUrl\":\"https:\\\/\\\/floridareprofreedom.org\\\/wp-content\\\/uploads\\\/2019\\\/05\\\/Untitled.jpg\",\"width\":174,\"height\":180,\"caption\":\"Floridians for Reproductive Freedom\"},\"image\":{\"@id\":\"https:\\\/\\\/floridareprofreedom.org\\\/#\\\/schema\\\/logo\\\/image\\\/\"},\"sameAs\":[\"https:\\\/\\\/www.facebook.com\\\/FloridaReproFreedom\\\/\",\"https:\\\/\\\/x.com\\\/FLReproFreedom\",\"https:\\\/\\\/www.instagram.com\\\/floridareprofreedom\\\/\"]}]}<\/script>\n<!-- \/ Yoast SEO plugin. -->","yoast_head_json":{"title":"S\u1edf Y t\u1ebf Qu\u1eadn - Ng\u01b0\u1eddi Florida V\u00ec T\u1ef1 do Sinh s\u1ea3n","robots":{"index":"index","follow":"follow","max-snippet":"max-snippet:-1","max-image-preview":"max-image-preview:large","max-video-preview":"max-video-preview:-1"},"canonical":"https:\/\/floridareprofreedom.org\/vi\/cac-so-y-te\/","og_locale":"vi_VN","og_type":"article","og_title":"County Health Departments - Floridians For Reproductive Freedom","og_description":"Florida&#8217;s family planning and related preventive health services are available to all Floridians, including young people, in all 67 counties through the local county health departments or contracted agencies. Family planning services are provided on a voluntary basis in a confidential manner. Culturally sensitive information and the value of planning pregnancies are available in order [&hellip;]","og_url":"https:\/\/floridareprofreedom.org\/vi\/cac-so-y-te\/","og_site_name":"Floridians For Reproductive Freedom","article_publisher":"https:\/\/www.facebook.com\/FloridaReproFreedom\/","article_modified_time":"2020-11-12T12:57:07+00:00","twitter_card":"summary_large_image","twitter_site":"@FLReproFreedom","schema":{"@context":"https:\/\/schema.org","@graph":[{"@type":"WebPage","@id":"https:\/\/floridareprofreedom.org\/healthdepartments\/","url":"https:\/\/floridareprofreedom.org\/healthdepartments\/","name":"S\u1edf Y t\u1ebf Qu\u1eadn - Ng\u01b0\u1eddi Florida V\u00ec T\u1ef1 do Sinh s\u1ea3n","isPartOf":{"@id":"https:\/\/floridareprofreedom.org\/#website"},"datePublished":"2020-11-11T14:50:29+00:00","dateModified":"2020-11-12T12:57:07+00:00","breadcrumb":{"@id":"https:\/\/floridareprofreedom.org\/healthdepartments\/#breadcrumb"},"inLanguage":"vi","potentialAction":[{"@type":"ReadAction","target":["https:\/\/floridareprofreedom.org\/healthdepartments\/"]}]},{"@type":"BreadcrumbList","@id":"https:\/\/floridareprofreedom.org\/healthdepartments\/#breadcrumb","itemListElement":[{"@type":"ListItem","position":1,"name":"Home","item":"https:\/\/floridareprofreedom.org\/"},{"@type":"ListItem","position":2,"name":"County Health Departments"}]},{"@type":"WebSite","@id":"https:\/\/floridareprofreedom.org\/#website","url":"https:\/\/floridareprofreedom.org\/","name":"Ng\u01b0\u1eddi Florida v\u00ec T\u1ef1 do Sinh s\u1ea3n","description":"V\u1eadn \u0111\u1ed9ng cho vi\u1ec7c ti\u1ebfp c\u1eadn d\u1ecbch v\u1ee5 ch\u0103m s\u00f3c s\u1ee9c kh\u1ecfe sinh s\u1ea3n, bao g\u1ed3m c\u1ea3 ph\u00e1 thai, m\u1ed9t c\u00e1ch thu\u1eadn ti\u1ec7n, gi\u00e1 c\u1ea3 ph\u1ea3i ch\u0103ng v\u00e0 an to\u00e0n.","publisher":{"@id":"https:\/\/floridareprofreedom.org\/#organization"},"potentialAction":[{"@type":"SearchAction","target":{"@type":"EntryPoint","urlTemplate":"https:\/\/floridareprofreedom.org\/?s={search_term_string}"},"query-input":{"@type":"PropertyValueSpecification","valueRequired":true,"valueName":"search_term_string"}}],"inLanguage":"vi"},{"@type":"Organization","@id":"https:\/\/floridareprofreedom.org\/#organization","name":"Ng\u01b0\u1eddi Florida v\u00ec T\u1ef1 do Sinh s\u1ea3n","url":"https:\/\/floridareprofreedom.org\/","logo":{"@type":"ImageObject","inLanguage":"vi","@id":"https:\/\/floridareprofreedom.org\/#\/schema\/logo\/image\/","url":"https:\/\/floridareprofreedom.org\/wp-content\/uploads\/2019\/05\/Untitled.jpg","contentUrl":"https:\/\/floridareprofreedom.org\/wp-content\/uploads\/2019\/05\/Untitled.jpg","width":174,"height":180,"caption":"Floridians for Reproductive Freedom"},"image":{"@id":"https:\/\/floridareprofreedom.org\/#\/schema\/logo\/image\/"},"sameAs":["https:\/\/www.facebook.com\/FloridaReproFreedom\/","https:\/\/x.com\/FLReproFreedom","https:\/\/www.instagram.com\/floridareprofreedom\/"]}]}},"_links":{"self":[{"href":"https:\/\/floridareprofreedom.org\/vi\/wp-json\/wp\/v2\/pages\/1386","targetHints":{"allow":["GET"]}}],"collection":[{"href":"https:\/\/floridareprofreedom.org\/vi\/wp-json\/wp\/v2\/pages"}],"about":[{"href":"https:\/\/floridareprofreedom.org\/vi\/wp-json\/wp\/v2\/types\/page"}],"author":[{"embeddable":true,"href":"https:\/\/floridareprofreedom.org\/vi\/wp-json\/wp\/v2\/users\/3"}],"replies":[{"embeddable":true,"href":"https:\/\/floridareprofreedom.org\/vi\/wp-json\/wp\/v2\/comments?post=1386"}],"version-history":[{"count":6,"href":"https:\/\/floridareprofreedom.org\/vi\/wp-json\/wp\/v2\/pages\/1386\/revisions"}],"predecessor-version":[{"id":1388,"href":"https:\/\/floridareprofreedom.org\/vi\/wp-json\/wp\/v2\/pages\/1386\/revisions\/1388"}],"wp:attachment":[{"href":"https:\/\/floridareprofreedom.org\/vi\/wp-json\/wp\/v2\/media?parent=1386"}],"wp:term":[{"taxonomy":"folder","embeddable":true,"href":"https:\/\/floridareprofreedom.org\/vi\/wp-json\/wp\/v2\/folder?post=1386"}],"curies":[{"name":"wp","href":"https:\/\/api.w.org\/{rel}","templated":true}]}}