{"id":1400,"date":"2020-11-12T20:39:58","date_gmt":"2020-11-12T20:39:58","guid":{"rendered":"https:\/\/floridareprofreedom.org\/?page_id=1400"},"modified":"2020-11-12T21:23:30","modified_gmt":"2020-11-12T21:23:30","slug":"giam-gia","status":"publish","type":"page","link":"https:\/\/floridareprofreedom.org\/vi\/discount\/","title":{"rendered":"C\u00e1c ch\u01b0\u01a1ng tr\u00ecnh h\u1ed7 tr\u1ee3 b\u1ec7nh nh\u00e2n c\u1ee7a c\u00f4ng ty d\u01b0\u1ee3c ph\u1ea9m v\u00e0 c\u00e1c hi\u1ec7u thu\u1ed1c gi\u1ea3m gi\u00e1"},"content":{"rendered":"<h2>Ch\u01b0\u01a1ng tr\u00ecnh gi\u1ea3m gi\u00e1 thu\u1ed1c<\/h2>\n<p>H\u1ea7u h\u1ebft c\u00e1c chu\u1ed7i nh\u00e0 thu\u1ed1c, nh\u00e0 b\u00e1n l\u1ebb l\u1edbn v\u00e0 c\u1eeda h\u00e0ng t\u1ea1p h\u00f3a tr\u00ean to\u00e0n qu\u1ed1c \u0111\u1ec1u b\u00e1n m\u1ed9t s\u1ed1 lo\u1ea1i thu\u1ed1c tr\u00e1nh thai v\u1edbi m\u1ee9c gi\u00e1 \u01b0u \u0111\u00e3i. M\u1ed9t s\u1ed1 nh\u00e0 thu\u1ed1c y\u00eau c\u1ea7u kh\u00e1ch h\u00e0ng \u0111\u0103ng k\u00fd th\u00e0nh vi\u00ean ho\u1eb7c tr\u1ea3 ph\u00ed h\u00e0ng n\u0103m. Nh\u1eefng nh\u00e0 thu\u1ed1c kh\u00e1c ch\u1ec9 y\u00eau c\u1ea7u \u0111\u01a1n thu\u1ed1c c\u1ee7a b\u00e1c s\u0129. M\u1ed9t s\u1ed1 g\u00f3i th\u00e0nh vi\u00ean c\u1ea7n \u0111\u01b0\u1ee3c gia h\u1ea1n h\u00e0ng n\u0103m, trong khi m\u1ed9t s\u1ed1 kh\u00e1c th\u00ec kh\u00f4ng gi\u1edbi h\u1ea1n th\u1eddi gian. H\u00e3y t\u00ecm hi\u1ec3u k\u1ef9 th\u00f4ng tin tr\u01b0\u1edbc khi b\u1ea1n c\u1ea7n mua thu\u1ed1c, ph\u00f2ng tr\u01b0\u1eddng h\u1ee3p qu\u00e1 tr\u00ecnh \u0111\u0103ng k\u00fd m\u1ea5t nhi\u1ec1u th\u1eddi gian h\u01a1n d\u1ef1 ki\u1ebfn.<\/p>\n<h2><span data-sheets-value=\"{&quot;1&quot;:2,&quot;2&quot;:&quot;-Patient Assistance Programs (PAP) are designed to support low-income US residents with free or low cost prescriptions\\n-PAP programs usually cover brand name drugs only and are administered individually by pharmaceutical companies that manufacture the drugs&quot;}\" data-sheets-userformat=\"{&quot;2&quot;:11203,&quot;3&quot;:{&quot;1&quot;:0},&quot;4&quot;:{&quot;1&quot;:2,&quot;2&quot;:16777215},&quot;9&quot;:0,&quot;10&quot;:0,&quot;11&quot;:4,&quot;12&quot;:0,&quot;14&quot;:{&quot;1&quot;:2,&quot;2&quot;:0},&quot;16&quot;:10}\">Ch\u01b0\u01a1ng tr\u00ecnh h\u1ed7 tr\u1ee3 b\u1ec7nh nh\u00e2n<\/span><\/h2>\n<p><span data-sheets-value=\"{&quot;1&quot;:2,&quot;2&quot;:&quot;-Patient Assistance Programs (PAP) are designed to support low-income US residents with free or low cost prescriptions\\n-PAP programs usually cover brand name drugs only and are administered individually by pharmaceutical companies that manufacture the drugs&quot;}\" data-sheets-userformat=\"{&quot;2&quot;:11203,&quot;3&quot;:{&quot;1&quot;:0},&quot;4&quot;:{&quot;1&quot;:2,&quot;2&quot;:16777215},&quot;9&quot;:0,&quot;10&quot;:0,&quot;11&quot;:4,&quot;12&quot;:0,&quot;14&quot;:{&quot;1&quot;:2,&quot;2&quot;:0},&quot;16&quot;:10}\">Ch\u01b0\u01a1ng tr\u00ecnh H\u1ed7 tr\u1ee3 B\u1ec7nh nh\u00e2n \u0111\u01b0\u1ee3c thi\u1ebft k\u1ebf \u0111\u1ec3 h\u1ed7 tr\u1ee3 c\u01b0 d\u00e2n Hoa K\u1ef3 c\u00f3 thu nh\u1eadp th\u1ea5p b\u1eb1ng \u0111\u01a1n thu\u1ed1c mi\u1ec5n ph\u00ed ho\u1eb7c gi\u00e1 r\u1ebb. <\/span><span data-sheets-value=\"{&quot;1&quot;:2,&quot;2&quot;:&quot;-Patient Assistance Programs (PAP) are designed to support low-income US residents with free or low cost prescriptions\\n-PAP programs usually cover brand name drugs only and are administered individually by pharmaceutical companies that manufacture the drugs&quot;}\" data-sheets-userformat=\"{&quot;2&quot;:11203,&quot;3&quot;:{&quot;1&quot;:0},&quot;4&quot;:{&quot;1&quot;:2,&quot;2&quot;:16777215},&quot;9&quot;:0,&quot;10&quot;:0,&quot;11&quot;:4,&quot;12&quot;:0,&quot;14&quot;:{&quot;1&quot;:2,&quot;2&quot;:0},&quot;16&quot;:10}\">C\u00e1c ch\u01b0\u01a1ng tr\u00ecnh nh\u01b0 v\u1eady th\u01b0\u1eddng ch\u1ec9 bao g\u1ed3m thu\u1ed1c c\u00f3 nh\u00e3n hi\u1ec7u v\u00e0 \u0111\u01b0\u1ee3c c\u00e1c c\u00f4ng ty d\u01b0\u1ee3c ph\u1ea9m s\u1ea3n xu\u1ea5t thu\u1ed1c qu\u1ea3n l\u00fd ri\u00eang.<\/span><\/p>\n<p><iframe src=\"https:\/\/docs.google.com\/spreadsheets\/d\/e\/2PACX-1vQREPoAsDLfW6Kjk3qoT5pbhdrwjzmHFplPITVfSsvvNRlW8oLm-5XUv6QaVWlGUAOK_YhJMNi7wBEB\/pubhtml?gid=0&amp;single=true&amp;widget=true&amp;headers=false\" width=\"850\" height=\"1200\"><span data-mce-type=\"bookmark\" style=\"display: inline-block; width: 0px; overflow: hidden; line-height: 0;\" class=\"mce_SELRES_start\"><\/span><span data-mce-type=\"bookmark\" style=\"display: inline-block; width: 0px; overflow: hidden; line-height: 0;\" class=\"mce_SELRES_start\"><\/span><span data-mce-type=\"bookmark\" style=\"display: inline-block; width: 0px; overflow: hidden; line-height: 0;\" class=\"mce_SELRES_start\"><\/span><\/iframe><\/p>\n<p>&nbsp;<\/p>","protected":false},"excerpt":{"rendered":"<p>Discount Drug Programs Nearly all chain pharmacies, mass retailers, and grocery stores nationwide sell select contraceptives at deeply discounted prices.\u00a0 Some pharmacies require customers to sign up for membership or pay an annual fee. Others require only a doctor\u2019s prescription. Some memberships need to be renewed annually, while others are open-ended. Find out all the [&hellip;]<\/p>\n","protected":false},"author":3,"featured_media":0,"parent":0,"menu_order":0,"comment_status":"closed","ping_status":"closed","template":"","meta":{"footnotes":""},"folder":[10],"class_list":["post-1400","page","type-page","status-publish","hentry"],"yoast_head":"<!-- This site is optimized with the Yoast SEO plugin v27.4 - https:\/\/yoast.com\/product\/yoast-seo-wordpress\/ -->\n<title>Discount Pharmacies and pharmaceutical company Patient Assistance Programs - Floridians For Reproductive Freedom<\/title>\n<meta name=\"robots\" content=\"index, follow, max-snippet:-1, max-image-preview:large, max-video-preview:-1\" \/>\n<link rel=\"canonical\" href=\"https:\/\/floridareprofreedom.org\/vi\/giam-gia\/\" \/>\n<meta property=\"og:locale\" content=\"vi_VN\" \/>\n<meta property=\"og:type\" content=\"article\" \/>\n<meta property=\"og:title\" content=\"Discount Pharmacies and pharmaceutical company Patient Assistance Programs - Floridians For Reproductive Freedom\" \/>\n<meta property=\"og:description\" content=\"Discount Drug Programs Nearly all chain pharmacies, mass retailers, and grocery stores nationwide sell select contraceptives at deeply discounted prices.\u00a0 Some pharmacies require customers to sign up for membership or pay an annual fee. Others require only a doctor\u2019s prescription. Some memberships need to be renewed annually, while others are open-ended. Find out all the [&hellip;]\" \/>\n<meta property=\"og:url\" content=\"https:\/\/floridareprofreedom.org\/vi\/giam-gia\/\" \/>\n<meta property=\"og:site_name\" content=\"Floridians For Reproductive Freedom\" \/>\n<meta property=\"article:publisher\" content=\"https:\/\/www.facebook.com\/FloridaReproFreedom\/\" \/>\n<meta property=\"article:modified_time\" content=\"2020-11-12T21:23:30+00:00\" \/>\n<meta name=\"twitter:card\" content=\"summary_large_image\" \/>\n<meta name=\"twitter:site\" content=\"@FLReproFreedom\" \/>\n<meta name=\"twitter:label1\" content=\"\u01af\u1edbc t\u00ednh th\u1eddi gian \u0111\u1ecdc\" \/>\n\t<meta name=\"twitter:data1\" content=\"1 ph\u00fat\" \/>\n<script type=\"application\/ld+json\" class=\"yoast-schema-graph\">{\"@context\":\"https:\\\/\\\/schema.org\",\"@graph\":[{\"@type\":\"WebPage\",\"@id\":\"https:\\\/\\\/floridareprofreedom.org\\\/discount\\\/\",\"url\":\"https:\\\/\\\/floridareprofreedom.org\\\/discount\\\/\",\"name\":\"Discount Pharmacies and pharmaceutical company Patient Assistance Programs - Floridians For Reproductive Freedom\",\"isPartOf\":{\"@id\":\"https:\\\/\\\/floridareprofreedom.org\\\/#website\"},\"datePublished\":\"2020-11-12T20:39:58+00:00\",\"dateModified\":\"2020-11-12T21:23:30+00:00\",\"breadcrumb\":{\"@id\":\"https:\\\/\\\/floridareprofreedom.org\\\/discount\\\/#breadcrumb\"},\"inLanguage\":\"vi\",\"potentialAction\":[{\"@type\":\"ReadAction\",\"target\":[\"https:\\\/\\\/floridareprofreedom.org\\\/discount\\\/\"]}]},{\"@type\":\"BreadcrumbList\",\"@id\":\"https:\\\/\\\/floridareprofreedom.org\\\/discount\\\/#breadcrumb\",\"itemListElement\":[{\"@type\":\"ListItem\",\"position\":1,\"name\":\"Home\",\"item\":\"https:\\\/\\\/floridareprofreedom.org\\\/\"},{\"@type\":\"ListItem\",\"position\":2,\"name\":\"Discount Pharmacies and pharmaceutical company Patient Assistance Programs\"}]},{\"@type\":\"WebSite\",\"@id\":\"https:\\\/\\\/floridareprofreedom.org\\\/#website\",\"url\":\"https:\\\/\\\/floridareprofreedom.org\\\/\",\"name\":\"Floridians For Reproductive Freedom\",\"description\":\"Advocating for convenient, affordable, and safe access to reproductive health care, including abortion.\",\"publisher\":{\"@id\":\"https:\\\/\\\/floridareprofreedom.org\\\/#organization\"},\"potentialAction\":[{\"@type\":\"SearchAction\",\"target\":{\"@type\":\"EntryPoint\",\"urlTemplate\":\"https:\\\/\\\/floridareprofreedom.org\\\/?s={search_term_string}\"},\"query-input\":{\"@type\":\"PropertyValueSpecification\",\"valueRequired\":true,\"valueName\":\"search_term_string\"}}],\"inLanguage\":\"vi\"},{\"@type\":\"Organization\",\"@id\":\"https:\\\/\\\/floridareprofreedom.org\\\/#organization\",\"name\":\"Floridians for Reproductive Freedom\",\"url\":\"https:\\\/\\\/floridareprofreedom.org\\\/\",\"logo\":{\"@type\":\"ImageObject\",\"inLanguage\":\"vi\",\"@id\":\"https:\\\/\\\/floridareprofreedom.org\\\/#\\\/schema\\\/logo\\\/image\\\/\",\"url\":\"https:\\\/\\\/floridareprofreedom.org\\\/wp-content\\\/uploads\\\/2019\\\/05\\\/Untitled.jpg\",\"contentUrl\":\"https:\\\/\\\/floridareprofreedom.org\\\/wp-content\\\/uploads\\\/2019\\\/05\\\/Untitled.jpg\",\"width\":174,\"height\":180,\"caption\":\"Floridians for Reproductive Freedom\"},\"image\":{\"@id\":\"https:\\\/\\\/floridareprofreedom.org\\\/#\\\/schema\\\/logo\\\/image\\\/\"},\"sameAs\":[\"https:\\\/\\\/www.facebook.com\\\/FloridaReproFreedom\\\/\",\"https:\\\/\\\/x.com\\\/FLReproFreedom\",\"https:\\\/\\\/www.instagram.com\\\/floridareprofreedom\\\/\"]}]}<\/script>\n<!-- \/ Yoast SEO plugin. -->","yoast_head_json":{"title":"C\u00e1c ch\u01b0\u01a1ng tr\u00ecnh h\u1ed7 tr\u1ee3 b\u1ec7nh nh\u00e2n c\u1ee7a c\u00f4ng ty d\u01b0\u1ee3c ph\u1ea9m v\u00e0 hi\u1ec7u thu\u1ed1c gi\u1ea3m gi\u00e1 - Ng\u01b0\u1eddi Florida v\u00ec t\u1ef1 do sinh s\u1ea3n","robots":{"index":"index","follow":"follow","max-snippet":"max-snippet:-1","max-image-preview":"max-image-preview:large","max-video-preview":"max-video-preview:-1"},"canonical":"https:\/\/floridareprofreedom.org\/vi\/giam-gia\/","og_locale":"vi_VN","og_type":"article","og_title":"Discount Pharmacies and pharmaceutical company Patient Assistance Programs - Floridians For Reproductive Freedom","og_description":"Discount Drug Programs Nearly all chain pharmacies, mass retailers, and grocery stores nationwide sell select contraceptives at deeply discounted prices.\u00a0 Some pharmacies require customers to sign up for membership or pay an annual fee. Others require only a doctor\u2019s prescription. Some memberships need to be renewed annually, while others are open-ended. Find out all the [&hellip;]","og_url":"https:\/\/floridareprofreedom.org\/vi\/giam-gia\/","og_site_name":"Floridians For Reproductive Freedom","article_publisher":"https:\/\/www.facebook.com\/FloridaReproFreedom\/","article_modified_time":"2020-11-12T21:23:30+00:00","twitter_card":"summary_large_image","twitter_site":"@FLReproFreedom","twitter_misc":{"\u01af\u1edbc t\u00ednh th\u1eddi gian \u0111\u1ecdc":"1 ph\u00fat"},"schema":{"@context":"https:\/\/schema.org","@graph":[{"@type":"WebPage","@id":"https:\/\/floridareprofreedom.org\/discount\/","url":"https:\/\/floridareprofreedom.org\/discount\/","name":"C\u00e1c ch\u01b0\u01a1ng tr\u00ecnh h\u1ed7 tr\u1ee3 b\u1ec7nh nh\u00e2n c\u1ee7a c\u00f4ng ty d\u01b0\u1ee3c ph\u1ea9m v\u00e0 hi\u1ec7u thu\u1ed1c gi\u1ea3m gi\u00e1 - Ng\u01b0\u1eddi Florida v\u00ec t\u1ef1 do sinh s\u1ea3n","isPartOf":{"@id":"https:\/\/floridareprofreedom.org\/#website"},"datePublished":"2020-11-12T20:39:58+00:00","dateModified":"2020-11-12T21:23:30+00:00","breadcrumb":{"@id":"https:\/\/floridareprofreedom.org\/discount\/#breadcrumb"},"inLanguage":"vi","potentialAction":[{"@type":"ReadAction","target":["https:\/\/floridareprofreedom.org\/discount\/"]}]},{"@type":"BreadcrumbList","@id":"https:\/\/floridareprofreedom.org\/discount\/#breadcrumb","itemListElement":[{"@type":"ListItem","position":1,"name":"Home","item":"https:\/\/floridareprofreedom.org\/"},{"@type":"ListItem","position":2,"name":"Discount Pharmacies and pharmaceutical company Patient Assistance Programs"}]},{"@type":"WebSite","@id":"https:\/\/floridareprofreedom.org\/#website","url":"https:\/\/floridareprofreedom.org\/","name":"Ng\u01b0\u1eddi Florida v\u00ec T\u1ef1 do Sinh s\u1ea3n","description":"V\u1eadn \u0111\u1ed9ng cho vi\u1ec7c ti\u1ebfp c\u1eadn d\u1ecbch v\u1ee5 ch\u0103m s\u00f3c s\u1ee9c kh\u1ecfe sinh s\u1ea3n, bao g\u1ed3m c\u1ea3 ph\u00e1 thai, m\u1ed9t c\u00e1ch thu\u1eadn ti\u1ec7n, gi\u00e1 c\u1ea3 ph\u1ea3i ch\u0103ng v\u00e0 an to\u00e0n.","publisher":{"@id":"https:\/\/floridareprofreedom.org\/#organization"},"potentialAction":[{"@type":"SearchAction","target":{"@type":"EntryPoint","urlTemplate":"https:\/\/floridareprofreedom.org\/?s={search_term_string}"},"query-input":{"@type":"PropertyValueSpecification","valueRequired":true,"valueName":"search_term_string"}}],"inLanguage":"vi"},{"@type":"Organization","@id":"https:\/\/floridareprofreedom.org\/#organization","name":"Ng\u01b0\u1eddi Florida v\u00ec T\u1ef1 do Sinh s\u1ea3n","url":"https:\/\/floridareprofreedom.org\/","logo":{"@type":"ImageObject","inLanguage":"vi","@id":"https:\/\/floridareprofreedom.org\/#\/schema\/logo\/image\/","url":"https:\/\/floridareprofreedom.org\/wp-content\/uploads\/2019\/05\/Untitled.jpg","contentUrl":"https:\/\/floridareprofreedom.org\/wp-content\/uploads\/2019\/05\/Untitled.jpg","width":174,"height":180,"caption":"Floridians for Reproductive Freedom"},"image":{"@id":"https:\/\/floridareprofreedom.org\/#\/schema\/logo\/image\/"},"sameAs":["https:\/\/www.facebook.com\/FloridaReproFreedom\/","https:\/\/x.com\/FLReproFreedom","https:\/\/www.instagram.com\/floridareprofreedom\/"]}]}},"_links":{"self":[{"href":"https:\/\/floridareprofreedom.org\/vi\/wp-json\/wp\/v2\/pages\/1400","targetHints":{"allow":["GET"]}}],"collection":[{"href":"https:\/\/floridareprofreedom.org\/vi\/wp-json\/wp\/v2\/pages"}],"about":[{"href":"https:\/\/floridareprofreedom.org\/vi\/wp-json\/wp\/v2\/types\/page"}],"author":[{"embeddable":true,"href":"https:\/\/floridareprofreedom.org\/vi\/wp-json\/wp\/v2\/users\/3"}],"replies":[{"embeddable":true,"href":"https:\/\/floridareprofreedom.org\/vi\/wp-json\/wp\/v2\/comments?post=1400"}],"version-history":[{"count":3,"href":"https:\/\/floridareprofreedom.org\/vi\/wp-json\/wp\/v2\/pages\/1400\/revisions"}],"predecessor-version":[{"id":1406,"href":"https:\/\/floridareprofreedom.org\/vi\/wp-json\/wp\/v2\/pages\/1400\/revisions\/1406"}],"wp:attachment":[{"href":"https:\/\/floridareprofreedom.org\/vi\/wp-json\/wp\/v2\/media?parent=1400"}],"wp:term":[{"taxonomy":"folder","embeddable":true,"href":"https:\/\/floridareprofreedom.org\/vi\/wp-json\/wp\/v2\/folder?post=1400"}],"curies":[{"name":"wp","href":"https:\/\/api.w.org\/{rel}","templated":true}]}}