{"id":1414,"date":"2020-11-13T14:32:29","date_gmt":"2020-11-13T14:32:29","guid":{"rendered":"https:\/\/floridareprofreedom.org\/?page_id=1414"},"modified":"2026-01-27T18:51:15","modified_gmt":"2026-01-27T18:51:15","slug":"pha-thai-hop-phap-o-florida-nguoi-lon","status":"publish","type":"page","link":"https:\/\/floridareprofreedom.org\/vi\/abortionislegalinflorida-old\/","title":{"rendered":"\u0110\u00fang v\u1eady! Ph\u00e1 thai v\u1eabn h\u1ee3p ph\u00e1p \u1edf Florida \u2013 OLD"},"content":{"rendered":"<p><a href=\"https:\/\/floridareprofreedom.org\/vi\/el-aborto-es-legal\/\"><img decoding=\"async\" class=\"alignnone\" src=\"https:\/\/floridareprofreedom.org\/wp-content\/uploads\/2020\/08\/Espanol-Button.png\" alt=\"En espa\u00f1ol\" width=\"132\" height=\"33\" \/><\/a><\/p>\n<p><span style=\"font-weight: 400;\">M\u1ecdi ng\u01b0\u1eddi mu\u1ed1n v\u00e0 x\u1ee9ng \u0111\u00e1ng \u0111\u01b0\u1ee3c t\u1ef1 \u0111\u01b0a ra quy\u1ebft \u0111\u1ecbnh y t\u1ebf c\u00e1 nh\u00e2n, ri\u00eang t\u01b0 c\u1ee7a m\u00ecnh v\u00e0 ch\u00fang t\u00f4i s\u1ebd <em>kh\u00f4ng bao gi\u1edd<\/em> h\u00e3y ng\u1eebng \u0111\u1ea5u tranh cho quy\u1ec1n t\u1ef1 do ki\u1ec3m so\u00e1t c\u01a1 th\u1ec3 v\u00e0 cu\u1ed9c s\u1ed1ng c\u1ee7a ch\u00fang ta.<br \/>\n<\/span><\/p>\n<p>Ph\u00e1 thai l\u00e0 bi\u1ec7n ph\u00e1p an to\u00e0n v\u00e0 ph\u1ed5 bi\u1ebfn, v\u00e0 b\u1ea1n c\u00f3 th\u1ec3 nh\u1eadn \u0111\u01b0\u1ee3c d\u1ecbch v\u1ee5 ch\u0103m s\u00f3c n\u00e0y n\u1ebfu c\u1ea7n.<\/p>\n<h3><strong>C\u00e1c h\u1ea1n ch\u1ebf v\u00e0 y\u00eau c\u1ea7u hi\u1ec7n h\u00e0nh v\u1ec1 ph\u00e1 thai:<\/strong><\/h3>\n<ul>\n<li><strong>M\u1edbi nh\u1ea5t:<\/strong> <span style=\"font-weight: 400;\">K\u1ec3 t\u1eeb ng\u00e0y 1 th\u00e1ng 5 n\u0103m 2024, ph\u00e1 thai s\u1ebd b\u1ecb c\u1ea5m \u1edf Florida sau 6 tu\u1ea7n. Ch\u00fang t\u00f4i hi\u1ec3u r\u1eb1ng \u0111i\u1ec1u n\u00e0y khi\u1ebfn vi\u1ec7c ti\u1ebfp c\u1eadn d\u1ecbch v\u1ee5 ch\u0103m s\u00f3c tr\u1edf n\u00ean v\u00f4 c\u00f9ng kh\u00f3 kh\u0103n \u0111\u1ed1i v\u1edbi r\u1ea5t nhi\u1ec1u ng\u01b0\u1eddi, nh\u01b0ng d\u00f9 th\u1ebf n\u00e0o \u0111i n\u1eefa, m\u1ecdi ng\u01b0\u1eddi v\u1eabn c\u00f3 nh\u1eefng l\u1ef1a ch\u1ecdn v\u00e0 c\u00e1c t\u1ed5 ch\u1ee9c s\u1eb5n s\u00e0ng h\u1ed7 tr\u1ee3.<\/span>\n<ul>\n<li style=\"list-style-type: none;\">\n<ul>\n<li><strong><span class=\"OYPEnA text-decoration-none text-strikethrough-none\">Mang thai d\u01b0\u1edbi 6 tu\u1ea7n: <\/span><\/strong><span class=\"OYPEnA text-decoration-none text-strikethrough-none\">M\u1ed9t ng\u01b0\u1eddi c\u00f3 th\u1ec3 ti\u1ebfp c\u1eadn d\u1ecbch v\u1ee5 ph\u00e1 thai trong ti\u1ec3u bang. (C\u1ea7n 2 cu\u1ed9c h\u1eb9n)<\/span><\/li>\n<li><strong><span class=\"OYPEnA text-decoration-none text-strikethrough-none\">Mang thai h\u01a1n 6 tu\u1ea7n: <\/span><\/strong><span class=\"OYPEnA text-decoration-none text-strikethrough-none\">M\u1ed9t ng\u01b0\u1eddi c\u00f3 th\u1ec3 c\u1ea7n ph\u1ea3i r\u1eddi kh\u1ecfi ti\u1ec3u bang \u0111\u1ec3 \u0111\u01b0\u1ee3c ch\u0103m s\u00f3c. Ng\u00e0y c\u00e0ng c\u00f3 nhi\u1ec1u ng\u01b0\u1eddi ti\u1ebfp c\u1eadn <\/span><strong><a class=\"OYPEnA text-decoration-underline text-strikethrough-none\" draggable=\"false\" href=\"http:\/\/plancpills.org\" target=\"_blank\" rel=\"noopener\">PlanCPills.org<\/a><\/strong><span class=\"OYPEnA text-decoration-none text-strikethrough-none\"> \u0111\u1ec3 t\u00ecm hi\u1ec3u v\u1ec1 thu\u1ed1c ph\u00e1 thai qua th\u01b0 v\u00e0 ph\u00e1 thai t\u1ef1 qu\u1ea3n.<\/span><\/li>\n<\/ul>\n<\/li>\n<\/ul>\n<ul>\n<li><strong>Th\u1eddi gian ch\u1edd b\u1eaft bu\u1ed9c:<\/strong> Florida y\u00eau c\u1ea7u ph\u1ea3i tr\u00ec ho\u00e3n b\u1eaft bu\u1ed9c trong v\u00f2ng 24 gi\u1edd, ngh\u0129a l\u00e0 b\u1ec7nh nh\u00e2n ph\u1ea3i \u0111\u01b0\u1ee3c t\u01b0 v\u1ea5n theo quy \u0111\u1ecbnh c\u1ee7a ti\u1ec3u bang \u00edt nh\u1ea5t 24 gi\u1edd tr\u01b0\u1edbc khi ph\u00e1 thai.<\/li>\n<li><strong>V\u1edbi t\u01b0 c\u00e1ch l\u00e0 ng\u01b0\u1eddi ch\u01b0a th\u00e0nh ni\u00ean:<\/strong> Ng\u01b0\u1eddi d\u01b0\u1edbi 18 tu\u1ed5i c\u1ea7n ph\u1ea3i th\u00f4ng b\u00e1o v\u00e0 \u0111\u1ed3ng \u00fd v\u1edbi cha m\u1eb9 \u0111\u1ec3 \u0111\u01b0\u1ee3c ph\u00e1 thai. N\u1ebfu b\u1ea1n kh\u00f4ng th\u1ec3 nh\u1edd cha m\u1eb9 can thi\u1ec7p, v\u1eabn c\u00f3 s\u1ef1 h\u1ed7 tr\u1ee3, nh\u01b0ng quy tr\u00ecnh n\u00e0y \u0111\u00e3 tr\u1edf n\u00ean kh\u00f3 kh\u0103n h\u01a1n nhi\u1ec1u k\u1ec3 t\u1eeb ph\u00e1n quy\u1ebft c\u1ee7a t\u00f2a \u00e1n v\u00e0o th\u00e1ng 5 n\u0103m 2025. N\u1ebfu b\u1ea1n c\u1ea7n h\u1ed7 tr\u1ee3 t\u00ecm lu\u1eadt s\u01b0 mi\u1ec5n ph\u00ed ho\u1eb7c c\u00f3 th\u1eafc m\u1eafc ph\u00e1p l\u00fd, vui l\u00f2ng li\u00ean h\u1ec7 <strong><a href=\"https:\/\/www.janenetworkfl.org\/\">M\u1ea1ng l\u01b0\u1edbi Jane<\/a><\/strong>.<\/li>\n<li><strong>B\u1ea1n c\u1ea7n trao \u0111\u1ed5i v\u1ec1 c\u00e1c l\u1ef1a ch\u1ecdn ph\u00e1 thai c\u1ee7a m\u00ecnh, bao g\u1ed3m c\u1ea3 thu\u1ed1c ph\u00e1 thai qua th\u01b0? H\u00e3y \u0111\u1ebfn <a href=\"https:\/\/www.chatwithcharley.org\/florida\/\">ChatWithCharley.org\/florida<\/a><\/strong> (ho\u1eb7c nh\u1ea5p v\u00e0o h\u1ed9p tr\u00f2 chuy\u1ec7n \u1edf g\u00f3c m\u00e0n h\u00ecnh hi\u1ec7n t\u1ea1i c\u1ee7a b\u1ea1n) \u0111\u1ec3 truy c\u1eadp v\u00e0o chatbot ri\u00eang t\u01b0, to\u00e0n di\u1ec7n s\u1ebd h\u01b0\u1edbng d\u1eabn b\u1ea1n c\u00e1ch ti\u1ebfp c\u1eadn d\u1ecbch v\u1ee5 ph\u00e1 thai b\u1eb1ng thu\u1ed1c, l\u00ean l\u1ecbch th\u1ee7 thu\u1eadt v\u00e0 c\u00e1ch gi\u1ea3i quy\u1ebft c\u00e1c v\u1ea5n \u0111\u1ec1 h\u1eadu c\u1ea7n v\u00e0 h\u1ea1n ch\u1ebf ph\u00e1p l\u00fd. <span style=\"font-weight: 400;\">\u0110\u1ec3 th\u1ea3o lu\u1eadn v\u1ec1 r\u1ee7i ro ph\u00e1p l\u00fd, m\u1ecdi ng\u01b0\u1eddi c\u00f3 th\u1ec3 tham kh\u1ea3o \u00fd ki\u1ebfn c\u1ee7a If\/When\/How&#039;s <\/span><a href=\"https:\/\/www.reprolegalhelpline.org\/\"><span style=\"font-weight: 400;\">\u0110\u01b0\u1eddng d\u00e2y tr\u1ee3 gi\u00fap ph\u00e1p l\u00fd Repro<\/span><\/a><span style=\"font-weight: 400;\">.<\/span><\/li>\n<li>M\u1ecdi ng\u01b0\u1eddi v\u1eabn \u0111ang nh\u1eadn \u0111\u01b0\u1ee3c\u00a0<strong>thu\u1ed1c ph\u00e1 thai qua th\u01b0<\/strong>\u00a0TRONG\u00a0<em>t\u1ea5t c\u1ea3<\/em> 50 ti\u1ec3u bang. Cho d\u00f9 l\u00e0 nhu c\u1ea7u c\u1ea5p thi\u1ebft hay &quot;ph\u00f2ng h\u1edd&quot;, gi\u00e1 thu\u1ed1c ph\u00e1 thai \u0111\u01b0\u1ee3c \u00e1p d\u1ee5ng theo thang tr\u01b0\u1ee3t gi\u00e1.<strong>\u00a0<a href=\"https:\/\/plancpills.org\/\">PlanCPills.org<\/a>.<\/strong><\/li>\n<li>T\u00ecnh tr\u1ea1ng nh\u1eadp c\u01b0 c\u1ee7a t\u00f4i c\u00f3 th\u1ec3 \u1ea3nh h\u01b0\u1edfng th\u1ebf n\u00e0o \u0111\u1ebfn quy\u1ec1n ph\u00e1 thai? <strong><a href=\"https:\/\/www.ineedana.com\/blog\/how-can-my-immigration-status-affect-abortion-access\">H\u01b0\u1edbng d\u1eabn d\u00e0nh cho ng\u01b0\u1eddi n\u01b0\u1edbc ngo\u00e0i v\u00e0 c\u1ed9ng \u0111\u1ed3ng c\u1ee7a ch\u00fang t\u00f4i.<\/a><\/strong><\/li>\n<\/ul>\n<h3><strong>Th\u0103m nom <a href=\"https:\/\/www.abortionfinder.org\/\">AbortionFinder.org<\/a> V\u00e0 <a href=\"http:\/\/IneedanA.com\">IneedanA.com<\/a> \u0111\u1ec3 t\u00ecm th\u00f4ng tin an to\u00e0n, b\u1ea3o m\u1eadt v\u00e0 c\u1eadp nh\u1eadt v\u1ec1 n\u01a1i b\u1ea1n c\u00f3 th\u1ec3 ph\u00e1 thai.<\/strong><\/h3>\n<p><a href=\"https:\/\/www.abortionfinder.org\/\"><img fetchpriority=\"high\" decoding=\"async\" src=\"https:\/\/floridareprofreedom.org\/wp-content\/uploads\/2020\/11\/play-300x284.png\" alt=\"B\u1ea3n \u0111\u1ed3 FL: Nh\u00e0 cung c\u1ea5p d\u1ecbch v\u1ee5 ph\u00e1 thai\" width=\"300\" height=\"284\" \/><\/a><\/p>\n<ul>\n<li><strong>H\u00e3y c\u1ea9n th\u1eadn v\u1edbi c\u00e1c trung t\u00e2m ch\u1ed1ng ph\u00e1 thai<\/strong> \u0111\u00f3ng gi\u1ea3 l\u00e0 ph\u00f2ng kh\u00e1m ph\u00e1 thai nh\u01b0ng l\u1ea1i l\u00e0m nh\u1ee5c v\u00e0 l\u1eeba d\u1ed1i nh\u1eefng ng\u01b0\u1eddi d\u00e2n Florida \u0111ang mang thai. <a href=\"https:\/\/floridareprofreedom.org\/vi\/phong-kham-gia\/\">T\u00ecm hi\u1ec3u th\u00eam t\u1ea1i \u0111\u00e2y.<\/a><\/li>\n<\/ul>\n<h2><strong>B\u1ea1n c\u1ea7n h\u1ed7 tr\u1ee3 chi tr\u1ea3 cho vi\u1ec7c ph\u00e1 thai?<\/strong><\/h2>\n<p>C\u00e1c t\u1ed5 ch\u1ee9c v\u00e0 ph\u00f2ng kh\u00e1m c\u00f3 th\u1ec3 gi\u00fap \u0111\u1ee1 <strong><a href=\"https:\/\/floridaabortionfunds.com\/\">h\u1ed7 tr\u1ee3 t\u00e0i ch\u00ednh v\u00e0 h\u1eadu c\u1ea7n<\/a><\/strong> D\u00e0nh cho nh\u1eefng ng\u01b0\u1eddi mu\u1ed1n ph\u00e1 thai t\u1ea1i Florida. Nh\u1ea5p v\u00e0o b\u00ean d\u01b0\u1edbi \u0111\u1ec3 t\u00ecm hi\u1ec3u th\u00eam ho\u1eb7c li\u00ean h\u1ec7 tr\u1ef1c ti\u1ebfp v\u1edbi ph\u00f2ng kh\u00e1m ph\u00e1 thai n\u1ebfu h\u1ecd c\u00f3 h\u1ed7 tr\u1ee3 t\u00e0i ch\u00ednh. <strong>\u0110\u1ec3 t\u00ednh to\u00e1n chi ph\u00ed d\u1ef1 ki\u1ebfn c\u1ee7a b\u1ea1n, <a href=\"https:\/\/www.ineedana.com\/estimate-abortion-costs\">nh\u1ea5p v\u00e0o \u0111\u00e2y<\/a>.<\/strong><\/p>\n<ul>\n<li><a href=\"https:\/\/bwefund.org\/site\/\" target=\"_blank\" rel=\"noopener noreferrer\"><strong>Qu\u1ef9 kh\u1ea9n c\u1ea5p d\u00e0nh cho ph\u1ee5 n\u1eef Broward<\/strong><\/a> \u2013 Qu\u1eadn Broward<\/li>\n<li><strong><a href=\"https:\/\/emawpb.org\/\" target=\"_blank\" rel=\"noopener noreferrer\">C\u00f4ng ty H\u1ed7 tr\u1ee3 Y t\u1ebf Kh\u1ea9n c\u1ea5p<\/a><\/strong> \u2013 B\u00e3i bi\u1ec3n Palm v\u00e0 B\u1edd bi\u1ec3n Treasure<\/li>\n<li><a href=\"https:\/\/www.flaccessnetwork.org\/\" target=\"_blank\" rel=\"noopener noreferrer\"><strong>M\u1ea1ng l\u01b0\u1edbi truy c\u1eadp Florida (FAN)<\/strong><\/a> \u2013 To\u00e0n ti\u1ec3u bang<\/li>\n<li><strong><a href=\"http:\/\/tbafund.com\/\" target=\"_blank\" rel=\"noopener noreferrer\">Qu\u1ef9 ph\u00e1 thai Tampa Bay<\/a><\/strong> \u2013 Khu v\u1ef1c V\u1ecbnh Tampa<\/li>\n<li><strong><a href=\"http:\/\/www.wen-online.org\/get-help-1.html\" target=\"_blank\" rel=\"noopener noreferrer\">M\u1ea1ng l\u01b0\u1edbi kh\u1ea9n c\u1ea5p c\u1ee7a ph\u1ee5 n\u1eef<\/a><\/strong> \u2013 Nam Florida<\/li>\n<li><strong><a href=\"https:\/\/arc-southeast.org\/\">Trung t\u00e2m Ch\u0103m s\u00f3c Sinh s\u1ea3n Access \u0110\u00f4ng Nam (ARC)<\/a><\/strong>\u00a0\u2013 \u0110a ti\u1ec3u bang<\/li>\n<li><a href=\"https:\/\/brigidalliance.org\/getcare-fl\/\"><strong>Li\u00ean minh Brigid<\/strong><\/a> \u2013 \u0110a ti\u1ec3u bang, \u01b0u ti\u00ean b\u1ec7nh nh\u00e2n sau 15 tu\u1ea7n mang thai<\/li>\n<li><a href=\"https:\/\/abortionfunds.org\/need-abortion\/\"><strong>M\u1ea1ng l\u01b0\u1edbi qu\u1ed1c gia v\u1ec1 qu\u1ef9 ph\u00e1 thai<\/strong><\/a> \u2013 To\u00e0n qu\u1ed1c<\/li>\n<\/ul>\n<h2><strong>H\u00e3y h\u00e0nh \u0111\u1ed9ng \u0111\u1ec3 kh\u00f4i ph\u1ee5c quy\u1ec1n ti\u1ebfp c\u1eadn ph\u00e1 thai:<\/strong><\/h2>\n<p>H\u00e3y tham gia c\u00f9ng ch\u00fang t\u00f4i \u0111\u1ec3 \u0111\u1ea5u tranh cho to\u00e0n b\u1ed9 c\u00e1c l\u1ef1a ch\u1ecdn v\u1ec1 s\u1ee9c kh\u1ecfe sinh s\u1ea3n. <strong><a href=\"https:\/\/actionnetwork.org\/forms\/join-floridians-for-reproductive-freedom-2?&amp;source=direct_link\">\u0110\u0103ng k\u00fd t\u1ea1i \u0111\u00e2y \u0111\u1ec3 nh\u1eadn b\u1ea3n tin h\u00e0ng tu\u1ea7n v\u00e0 c\u00e1c c\u1ea3nh b\u00e1o h\u00e0nh \u0111\u1ed9ng c\u1ee7a Floridan for Reproductive Freedom.<\/a><\/strong><\/li>\n<\/ul>","protected":false},"excerpt":{"rendered":"<p>People want and deserve to make their own personal, private, medical decisions, and we will never stop fighting for our freedom to control our bodies and our lives. Abortion is safe and common, and you can get this care if you need it. Current Abortion Restrictions &amp; Requirements: The Latest: As of May 1st, 2024, [&hellip;]<\/p>\n","protected":false},"author":3,"featured_media":1415,"parent":0,"menu_order":0,"comment_status":"closed","ping_status":"closed","template":"","meta":{"footnotes":""},"folder":[],"class_list":["post-1414","page","type-page","status-publish","has-post-thumbnail","hentry"],"yoast_head":"<!-- This site is optimized with the Yoast SEO plugin v27.3 - https:\/\/yoast.com\/product\/yoast-seo-wordpress\/ -->\n<title>Yes! Abortion is still legal in Florida - OLD - Floridians For Reproductive Freedom<\/title>\n<meta name=\"description\" content=\"As of today, abortion is legal up the 15 weeks and 6 days in Florida. Search for the closest abortion provider &amp; get links to Florida abortion funds who can help cover costs.\" \/>\n<meta name=\"robots\" content=\"index, follow, max-snippet:-1, max-image-preview:large, max-video-preview:-1\" \/>\n<link rel=\"canonical\" href=\"https:\/\/floridareprofreedom.org\/vi\/pha-thai-hop-phap-o-florida-nguoi-lon\/\" \/>\n<meta property=\"og:locale\" content=\"vi_VN\" \/>\n<meta property=\"og:type\" content=\"article\" \/>\n<meta property=\"og:title\" content=\"Yes! Abortion is still legal in Florida - OLD - Floridians For Reproductive Freedom\" \/>\n<meta property=\"og:description\" content=\"As of today, abortion is legal up the 15 weeks and 6 days in Florida. Search for the closest abortion provider &amp; get links to Florida abortion funds who can help cover costs.\" \/>\n<meta property=\"og:url\" content=\"https:\/\/floridareprofreedom.org\/vi\/pha-thai-hop-phap-o-florida-nguoi-lon\/\" \/>\n<meta property=\"og:site_name\" content=\"Floridians For Reproductive Freedom\" \/>\n<meta property=\"article:publisher\" content=\"https:\/\/www.facebook.com\/FloridaReproFreedom\/\" \/>\n<meta property=\"article:modified_time\" content=\"2026-01-27T18:51:15+00:00\" \/>\n<meta property=\"og:image\" content=\"https:\/\/floridareprofreedom.org\/wp-content\/uploads\/2020\/11\/play.png\" \/>\n\t<meta property=\"og:image:width\" content=\"750\" \/>\n\t<meta property=\"og:image:height\" content=\"711\" \/>\n\t<meta property=\"og:image:type\" content=\"image\/png\" \/>\n<meta name=\"twitter:card\" content=\"summary_large_image\" \/>\n<meta name=\"twitter:site\" content=\"@FLReproFreedom\" \/>\n<meta name=\"twitter:label1\" content=\"\u01af\u1edbc t\u00ednh th\u1eddi gian \u0111\u1ecdc\" \/>\n\t<meta name=\"twitter:data1\" content=\"3 ph\u00fat\" \/>\n<script type=\"application\/ld+json\" class=\"yoast-schema-graph\">{\"@context\":\"https:\\\/\\\/schema.org\",\"@graph\":[{\"@type\":\"WebPage\",\"@id\":\"https:\\\/\\\/floridareprofreedom.org\\\/abortionislegalinflorida-old\\\/\",\"url\":\"https:\\\/\\\/floridareprofreedom.org\\\/abortionislegalinflorida-old\\\/\",\"name\":\"Yes! Abortion is still legal in Florida - OLD - Floridians For Reproductive Freedom\",\"isPartOf\":{\"@id\":\"https:\\\/\\\/floridareprofreedom.org\\\/#website\"},\"primaryImageOfPage\":{\"@id\":\"https:\\\/\\\/floridareprofreedom.org\\\/abortionislegalinflorida-old\\\/#primaryimage\"},\"image\":{\"@id\":\"https:\\\/\\\/floridareprofreedom.org\\\/abortionislegalinflorida-old\\\/#primaryimage\"},\"thumbnailUrl\":\"https:\\\/\\\/floridareprofreedom.org\\\/wp-content\\\/uploads\\\/2020\\\/11\\\/play.png\",\"datePublished\":\"2020-11-13T14:32:29+00:00\",\"dateModified\":\"2026-01-27T18:51:15+00:00\",\"description\":\"As of today, abortion is legal up the 15 weeks and 6 days in Florida. Search for the closest abortion provider & get links to Florida abortion funds who can help cover costs.\",\"breadcrumb\":{\"@id\":\"https:\\\/\\\/floridareprofreedom.org\\\/abortionislegalinflorida-old\\\/#breadcrumb\"},\"inLanguage\":\"vi\",\"potentialAction\":[{\"@type\":\"ReadAction\",\"target\":[\"https:\\\/\\\/floridareprofreedom.org\\\/abortionislegalinflorida-old\\\/\"]}]},{\"@type\":\"ImageObject\",\"inLanguage\":\"vi\",\"@id\":\"https:\\\/\\\/floridareprofreedom.org\\\/abortionislegalinflorida-old\\\/#primaryimage\",\"url\":\"https:\\\/\\\/floridareprofreedom.org\\\/wp-content\\\/uploads\\\/2020\\\/11\\\/play.png\",\"contentUrl\":\"https:\\\/\\\/floridareprofreedom.org\\\/wp-content\\\/uploads\\\/2020\\\/11\\\/play.png\",\"width\":750,\"height\":711,\"caption\":\"FL Map: Abortion Providers\"},{\"@type\":\"BreadcrumbList\",\"@id\":\"https:\\\/\\\/floridareprofreedom.org\\\/abortionislegalinflorida-old\\\/#breadcrumb\",\"itemListElement\":[{\"@type\":\"ListItem\",\"position\":1,\"name\":\"Home\",\"item\":\"https:\\\/\\\/floridareprofreedom.org\\\/\"},{\"@type\":\"ListItem\",\"position\":2,\"name\":\"Yes! Abortion is still legal in Florida &#8211; OLD\"}]},{\"@type\":\"WebSite\",\"@id\":\"https:\\\/\\\/floridareprofreedom.org\\\/#website\",\"url\":\"https:\\\/\\\/floridareprofreedom.org\\\/\",\"name\":\"Floridians For Reproductive Freedom\",\"description\":\"Advocating for convenient, affordable, and safe access to reproductive health care, including abortion.\",\"publisher\":{\"@id\":\"https:\\\/\\\/floridareprofreedom.org\\\/#organization\"},\"potentialAction\":[{\"@type\":\"SearchAction\",\"target\":{\"@type\":\"EntryPoint\",\"urlTemplate\":\"https:\\\/\\\/floridareprofreedom.org\\\/?s={search_term_string}\"},\"query-input\":{\"@type\":\"PropertyValueSpecification\",\"valueRequired\":true,\"valueName\":\"search_term_string\"}}],\"inLanguage\":\"vi\"},{\"@type\":\"Organization\",\"@id\":\"https:\\\/\\\/floridareprofreedom.org\\\/#organization\",\"name\":\"Floridians for Reproductive Freedom\",\"url\":\"https:\\\/\\\/floridareprofreedom.org\\\/\",\"logo\":{\"@type\":\"ImageObject\",\"inLanguage\":\"vi\",\"@id\":\"https:\\\/\\\/floridareprofreedom.org\\\/#\\\/schema\\\/logo\\\/image\\\/\",\"url\":\"https:\\\/\\\/floridareprofreedom.org\\\/wp-content\\\/uploads\\\/2019\\\/05\\\/Untitled.jpg\",\"contentUrl\":\"https:\\\/\\\/floridareprofreedom.org\\\/wp-content\\\/uploads\\\/2019\\\/05\\\/Untitled.jpg\",\"width\":174,\"height\":180,\"caption\":\"Floridians for Reproductive Freedom\"},\"image\":{\"@id\":\"https:\\\/\\\/floridareprofreedom.org\\\/#\\\/schema\\\/logo\\\/image\\\/\"},\"sameAs\":[\"https:\\\/\\\/www.facebook.com\\\/FloridaReproFreedom\\\/\",\"https:\\\/\\\/x.com\\\/FLReproFreedom\",\"https:\\\/\\\/www.instagram.com\\\/floridareprofreedom\\\/\"]}]}<\/script>\n<!-- \/ Yoast SEO plugin. -->","yoast_head_json":{"title":"\u0110\u00fang v\u1eady! Ph\u00e1 thai v\u1eabn h\u1ee3p ph\u00e1p \u1edf Florida - C\u0168 - Ng\u01b0\u1eddi d\u00e2n Florida v\u00ec T\u1ef1 do Sinh s\u1ea3n","description":"T\u00ednh \u0111\u1ebfn h\u00f4m nay, ph\u00e1 thai \u0111\u01b0\u1ee3c h\u1ee3p ph\u00e1p h\u00f3a \u0111\u1ebfn tu\u1ea7n th\u1ee9 15 v\u00e0 ng\u00e0y th\u1ee9 6 t\u1ea1i Florida. H\u00e3y t\u00ecm ki\u1ebfm nh\u00e0 cung c\u1ea5p d\u1ecbch v\u1ee5 ph\u00e1 thai g\u1ea7n nh\u1ea5t v\u00e0 nh\u1eadn li\u00ean k\u1ebft \u0111\u1ebfn c\u00e1c qu\u1ef9 ph\u00e1 thai Florida c\u00f3 th\u1ec3 h\u1ed7 tr\u1ee3 chi tr\u1ea3 chi ph\u00ed.","robots":{"index":"index","follow":"follow","max-snippet":"max-snippet:-1","max-image-preview":"max-image-preview:large","max-video-preview":"max-video-preview:-1"},"canonical":"https:\/\/floridareprofreedom.org\/vi\/pha-thai-hop-phap-o-florida-nguoi-lon\/","og_locale":"vi_VN","og_type":"article","og_title":"Yes! Abortion is still legal in Florida - OLD - Floridians For Reproductive Freedom","og_description":"As of today, abortion is legal up the 15 weeks and 6 days in Florida. Search for the closest abortion provider & get links to Florida abortion funds who can help cover costs.","og_url":"https:\/\/floridareprofreedom.org\/vi\/pha-thai-hop-phap-o-florida-nguoi-lon\/","og_site_name":"Floridians For Reproductive Freedom","article_publisher":"https:\/\/www.facebook.com\/FloridaReproFreedom\/","article_modified_time":"2026-01-27T18:51:15+00:00","og_image":[{"width":750,"height":711,"url":"https:\/\/floridareprofreedom.org\/wp-content\/uploads\/2020\/11\/play.png","type":"image\/png"}],"twitter_card":"summary_large_image","twitter_site":"@FLReproFreedom","twitter_misc":{"\u01af\u1edbc t\u00ednh th\u1eddi gian \u0111\u1ecdc":"3 ph\u00fat"},"schema":{"@context":"https:\/\/schema.org","@graph":[{"@type":"WebPage","@id":"https:\/\/floridareprofreedom.org\/abortionislegalinflorida-old\/","url":"https:\/\/floridareprofreedom.org\/abortionislegalinflorida-old\/","name":"\u0110\u00fang v\u1eady! Ph\u00e1 thai v\u1eabn h\u1ee3p ph\u00e1p \u1edf Florida - C\u0168 - Ng\u01b0\u1eddi d\u00e2n Florida v\u00ec T\u1ef1 do Sinh s\u1ea3n","isPartOf":{"@id":"https:\/\/floridareprofreedom.org\/#website"},"primaryImageOfPage":{"@id":"https:\/\/floridareprofreedom.org\/abortionislegalinflorida-old\/#primaryimage"},"image":{"@id":"https:\/\/floridareprofreedom.org\/abortionislegalinflorida-old\/#primaryimage"},"thumbnailUrl":"https:\/\/floridareprofreedom.org\/wp-content\/uploads\/2020\/11\/play.png","datePublished":"2020-11-13T14:32:29+00:00","dateModified":"2026-01-27T18:51:15+00:00","description":"T\u00ednh \u0111\u1ebfn h\u00f4m nay, ph\u00e1 thai \u0111\u01b0\u1ee3c h\u1ee3p ph\u00e1p h\u00f3a \u0111\u1ebfn tu\u1ea7n th\u1ee9 15 v\u00e0 ng\u00e0y th\u1ee9 6 t\u1ea1i Florida. H\u00e3y t\u00ecm ki\u1ebfm nh\u00e0 cung c\u1ea5p d\u1ecbch v\u1ee5 ph\u00e1 thai g\u1ea7n nh\u1ea5t v\u00e0 nh\u1eadn li\u00ean k\u1ebft \u0111\u1ebfn c\u00e1c qu\u1ef9 ph\u00e1 thai Florida c\u00f3 th\u1ec3 h\u1ed7 tr\u1ee3 chi tr\u1ea3 chi ph\u00ed.","breadcrumb":{"@id":"https:\/\/floridareprofreedom.org\/abortionislegalinflorida-old\/#breadcrumb"},"inLanguage":"vi","potentialAction":[{"@type":"ReadAction","target":["https:\/\/floridareprofreedom.org\/abortionislegalinflorida-old\/"]}]},{"@type":"ImageObject","inLanguage":"vi","@id":"https:\/\/floridareprofreedom.org\/abortionislegalinflorida-old\/#primaryimage","url":"https:\/\/floridareprofreedom.org\/wp-content\/uploads\/2020\/11\/play.png","contentUrl":"https:\/\/floridareprofreedom.org\/wp-content\/uploads\/2020\/11\/play.png","width":750,"height":711,"caption":"FL Map: Abortion Providers"},{"@type":"BreadcrumbList","@id":"https:\/\/floridareprofreedom.org\/abortionislegalinflorida-old\/#breadcrumb","itemListElement":[{"@type":"ListItem","position":1,"name":"Home","item":"https:\/\/floridareprofreedom.org\/"},{"@type":"ListItem","position":2,"name":"Yes! Abortion is still legal in Florida &#8211; OLD"}]},{"@type":"WebSite","@id":"https:\/\/floridareprofreedom.org\/#website","url":"https:\/\/floridareprofreedom.org\/","name":"Ng\u01b0\u1eddi Florida v\u00ec T\u1ef1 do Sinh s\u1ea3n","description":"V\u1eadn \u0111\u1ed9ng cho vi\u1ec7c ti\u1ebfp c\u1eadn d\u1ecbch v\u1ee5 ch\u0103m s\u00f3c s\u1ee9c kh\u1ecfe sinh s\u1ea3n, bao g\u1ed3m c\u1ea3 ph\u00e1 thai, m\u1ed9t c\u00e1ch thu\u1eadn ti\u1ec7n, gi\u00e1 c\u1ea3 ph\u1ea3i ch\u0103ng v\u00e0 an to\u00e0n.","publisher":{"@id":"https:\/\/floridareprofreedom.org\/#organization"},"potentialAction":[{"@type":"SearchAction","target":{"@type":"EntryPoint","urlTemplate":"https:\/\/floridareprofreedom.org\/?s={search_term_string}"},"query-input":{"@type":"PropertyValueSpecification","valueRequired":true,"valueName":"search_term_string"}}],"inLanguage":"vi"},{"@type":"Organization","@id":"https:\/\/floridareprofreedom.org\/#organization","name":"Ng\u01b0\u1eddi Florida v\u00ec T\u1ef1 do Sinh s\u1ea3n","url":"https:\/\/floridareprofreedom.org\/","logo":{"@type":"ImageObject","inLanguage":"vi","@id":"https:\/\/floridareprofreedom.org\/#\/schema\/logo\/image\/","url":"https:\/\/floridareprofreedom.org\/wp-content\/uploads\/2019\/05\/Untitled.jpg","contentUrl":"https:\/\/floridareprofreedom.org\/wp-content\/uploads\/2019\/05\/Untitled.jpg","width":174,"height":180,"caption":"Floridians for Reproductive Freedom"},"image":{"@id":"https:\/\/floridareprofreedom.org\/#\/schema\/logo\/image\/"},"sameAs":["https:\/\/www.facebook.com\/FloridaReproFreedom\/","https:\/\/x.com\/FLReproFreedom","https:\/\/www.instagram.com\/floridareprofreedom\/"]}]}},"_links":{"self":[{"href":"https:\/\/floridareprofreedom.org\/vi\/wp-json\/wp\/v2\/pages\/1414","targetHints":{"allow":["GET"]}}],"collection":[{"href":"https:\/\/floridareprofreedom.org\/vi\/wp-json\/wp\/v2\/pages"}],"about":[{"href":"https:\/\/floridareprofreedom.org\/vi\/wp-json\/wp\/v2\/types\/page"}],"author":[{"embeddable":true,"href":"https:\/\/floridareprofreedom.org\/vi\/wp-json\/wp\/v2\/users\/3"}],"replies":[{"embeddable":true,"href":"https:\/\/floridareprofreedom.org\/vi\/wp-json\/wp\/v2\/comments?post=1414"}],"version-history":[{"count":67,"href":"https:\/\/floridareprofreedom.org\/vi\/wp-json\/wp\/v2\/pages\/1414\/revisions"}],"predecessor-version":[{"id":4754,"href":"https:\/\/floridareprofreedom.org\/vi\/wp-json\/wp\/v2\/pages\/1414\/revisions\/4754"}],"wp:featuredmedia":[{"embeddable":true,"href":"https:\/\/floridareprofreedom.org\/vi\/wp-json\/wp\/v2\/media\/1415"}],"wp:attachment":[{"href":"https:\/\/floridareprofreedom.org\/vi\/wp-json\/wp\/v2\/media?parent=1414"}],"wp:term":[{"taxonomy":"folder","embeddable":true,"href":"https:\/\/floridareprofreedom.org\/vi\/wp-json\/wp\/v2\/folder?post=1414"}],"curies":[{"name":"wp","href":"https:\/\/api.w.org\/{rel}","templated":true}]}}