{"id":1529,"date":"2020-11-16T15:41:45","date_gmt":"2020-11-16T15:41:45","guid":{"rendered":"https:\/\/floridareprofreedom.org\/?page_id=1529"},"modified":"2025-08-19T19:19:23","modified_gmt":"2025-08-19T19:19:23","slug":"el-aborto-es-legal","status":"publish","type":"page","link":"https:\/\/floridareprofreedom.org\/vi\/el-aborto-es-legal\/","title":{"rendered":"\u00a1\u1eea! El aborto sigue siendo ph\u00e1p l\u00fd \u1edf Florida."},"content":{"rendered":"<p><a href=\"https:\/\/floridareprofreedom.org\/vi\/pha-thai-hop-phap-o-florida\/\"><span style=\"font-weight: 400;\"><img decoding=\"async\" class=\"wp-image-3435 alignleft\" src=\"https:\/\/floridareprofreedom.org\/wp-content\/uploads\/2024\/04\/ENGLISH-2-e1713905338368-300x82.png\" alt=\"\" width=\"117\" height=\"32\" srcset=\"https:\/\/floridareprofreedom.org\/wp-content\/uploads\/2024\/04\/ENGLISH-2-e1713905338368-300x82.png 300w, https:\/\/floridareprofreedom.org\/wp-content\/uploads\/2024\/04\/ENGLISH-2-e1713905338368.png 532w\" sizes=\"(max-width: 117px) 100vw, 117px\" \/><\/span><\/a><\/p>\n<p>&nbsp;<\/p>\n<p><span style=\"font-weight: 400;\">Las Personas quieren y justcen tomar sus propias Decisiones Personales, privadas y medicas, y <\/span><i><span style=\"font-weight: 400;\">kh\u00f4ng bao gi\u1edd <\/span><\/i><span style=\"font-weight: 400;\">dejaremos de luchar por nuestra libbertad para controlar nuestros cuerpos v\u00e0 nuestras vidas.<\/span><\/p>\n<p><span style=\"font-weight: 400;\">Vi\u1ec7c ph\u00e1 thai l\u00e0 c\u00e1ch an to\u00e0n v\u00e0 b\u00ecnh th\u01b0\u1eddng, v\u00e0 b\u1ea1n c\u00f3 th\u1ec3 nh\u1eadn \u0111\u01b0\u1ee3c s\u1ef1 ch\u00fa \u00fd n\u1ebfu c\u1ea7n thi\u1ebft.<\/span><\/p>\n<p><b>Nh\u1eefng h\u1ea1n ch\u1ebf v\u00e0 y\u00eau c\u1ea7u th\u1ef1c t\u1ebf \u0111\u1ec3 c\u00f3 th\u1ec3 ph\u00e1 thai<\/b><span style=\"font-weight: 400;\">:<\/span><\/p>\n<ul>\n<li style=\"font-weight: 400;\" aria-level=\"1\"><b>Lo \u00faltimo:<\/b><span style=\"font-weight: 400;\"><span style=\"font-weight: 400;\"> V\u00e0o ng\u00e0y 1 th\u00e1ng 5, ng\u01b0\u1eddi ta \u0111\u00e3 c\u1ea5m ph\u00e1 thai \u1edf Florida sau tu\u1ea7n l\u1ec5 n\u00e0y.<\/span><\/span>\n<ul>\n<li style=\"font-weight: 400;\" aria-level=\"1\"><span style=\"font-weight: 400;\"><span style=\"font-weight: 400;\"><strong>Embarazo trong 6 tu\u1ea7n:<\/strong> <span class=\"OYPEnA text-decoration-none text-strikethrough-none\">M\u1ed9t ng\u01b0\u1eddi c\u00f3 th\u1ec3 gia nh\u1eadp v\u00e0 ph\u00e1 thai \u1edf th\u00e0nh ph\u1ed1 n\u00e0y. (Se y\u00eau c\u1ea7u 2 c\u00e2u) <\/span><\/span><\/span><\/li>\n<li style=\"font-weight: 400;\" aria-level=\"1\"><span style=\"font-weight: 400;\"><span style=\"font-weight: 400;\"><strong><span class=\"OYPEnA text-decoration-none text-strikethrough-none\">M\u00e1s de 6 semanas: <\/span><\/strong><span class=\"OYPEnA text-decoration-none text-strikethrough-none\">M\u1ed9t ng\u01b0\u1eddi c\u00f3 th\u1ec3 \u0111\u01b0\u1ee3c c\u1ee9u s\u1ed1ng \u0111\u1ec3 nh\u1eadn \u0111\u01b0\u1ee3c s\u1ef1 ch\u00fa \u00fd c\u1ee7a b\u00e1c s\u0129 ho\u1eb7c c\u00f3 th\u1ec3 gia nh\u1eadp <\/span><strong><a class=\"OYPEnA text-decoration-underline text-strikethrough-none\" draggable=\"false\" href=\"http:\/\/es.plancpills.org\" target=\"_blank\" rel=\"noopener\">es.PlanCPills.org<\/a><\/strong><span class=\"OYPEnA text-decoration-none text-strikethrough-none\"> \u0111\u1ec3 c\u00f3 \u0111\u01b0\u1ee3c ng\u01b0\u1eddi l\u00e0m c\u00f4ng vi\u1ec7c ph\u00e1 thai b\u1eb1ng c\u00e1ch \u0111\u00fang \u0111\u1eafn.<\/span><\/span><\/span><\/li>\n<\/ul>\n<\/li>\n<li><b>Per\u00edodo de espera requerido:<\/b><span style=\"font-weight: 400;\"> Florida y\u00eau c\u1ea7u m\u1ed9t ngh\u0129a v\u1ee5 ph\u1ea3i c\u00f3 trong 24 gi\u1edd, nh\u01b0ng \u0111i\u1ec1u \u0111\u00f3 c\u00f3 \u00fd ngh\u0129a quan tr\u1ecdng \u0111\u1ed1i v\u1edbi vi\u1ec7c m\u1ed9t ng\u01b0\u1eddi c\u00f3 th\u1ec3 nh\u1eadn \u0111\u01b0\u1ee3c m\u1ed9t kho\u1ea3n ti\u1ec1n nh\u01b0 v\u1eady s\u1ebd c\u1ea7n thi\u1ebft \u0111\u1ec3 th\u1ef1c hi\u1ec7n trong 24 gi\u1edd tr\u01b0\u1edbc khi gia nh\u1eadp vi\u1ec7c ph\u00e1 thai.<\/span><\/li>\n<li style=\"font-weight: 400;\" aria-level=\"1\"><b>Como menor de edad<\/b><span style=\"font-weight: 400;\">: Se requiere la notification and el \u0111\u1ed3ng \u00fd c\u1ee7a c\u00e1c padres para que una peoplea menor de 18 a\u00f1os pueda gia nh\u1eadp aborto. <a href=\"https:\/\/floridareprofreedom.org\/vi\/tu-phap-thay-the-o-florida\/\">Si no puede involver a uno de sus padres, hay ayuda<\/a>. H\u00e3y nh\u1ea5p v\u00e0o \u0111\u00e2y \u0111\u1ec3 c\u00f3 \u0111\u01b0\u1ee3c th\u00f4ng tin sobre c\u00f3mo c\u00f3 \u0111\u01b0\u1ee3c m\u1ed9t ngu\u1ed3n g\u1ed1c t\u01b0 ph\u00e1p \u0111\u1ec3 gia nh\u1eadp s\u1ef1 ch\u00fa \u00fd c\u1ee7a c\u00e1c cha m\u1eb9 tham gia.<\/span><\/li>\n<li style=\"font-weight: 400;\" aria-level=\"1\"><b>\u00bfB\u1ea1n c\u1ea7n trao \u0111\u1ed5i v\u1ec1 c\u00e1c ph\u01b0\u01a1ng \u00e1n ph\u00e1 thai, v\u00ec b\u1ea1n c\u00f3 th\u1ec3 b\u1ea3o v\u1ec7 c\u00e1c ph\u01b0\u01a1ng \u00e1n ph\u00e1 thai c\u00f3 \u0111\u00fang kh\u00f4ng?<\/b><span style=\"font-weight: 400;\"> Vaya a <strong><a href=\"https:\/\/www.chatwithcharley.org\/es\/florida\/\">ChatWithCharley.org\/florida<\/a><\/strong> \u0111\u1ec3 gia nh\u1eadp m\u1ed9t chatbot ri\u00eang t\u01b0 v\u00e0 ho\u00e0n t\u1ea5t vi\u1ec7c b\u1ea1n c\u00f3 th\u1ec3 truy c\u1eadp \u0111\u1ec3 h\u1ee7y b\u1ecf b\u00e1nh ng\u1ecdt, l\u1eadp tr\u00ecnh m\u1ed9t quy tr\u00ecnh v\u00e0 \u0111i\u1ec1u h\u01b0\u1edbng b\u1edfi log\u00edstica v\u00e0 c\u00e1c h\u1ea1n ch\u1ebf v\u1ec1 m\u1eb7t ph\u00e1p l\u00fd.<\/span><\/li>\n<li aria-level=\"1\">\u00bfC\u00f3mo puede mi tr\u1ea1ng th\u00e1i migratorio afectar el acceso al aborto? <strong><a href=\"https:\/\/www.ineedana.com\/es\/blog\/how-can-my-immigration-status-affect-abortion-access\">M\u1ed9t ng\u01b0\u1eddi d\u1eabn \u0111\u01b0\u1eddng cho nh\u1eefng ng\u01b0\u1eddi kh\u00f4ng c\u00f3 c\u1ed9ng \u0111\u1ed3ng v\u00e0 nh\u1eefng c\u1ed9ng \u0111\u1ed3ng m\u1edbi.<\/a><\/strong><\/li>\n<\/ul>\n<p><b>Gh\u00e9 th\u0103m <a href=\"https:\/\/www.abortionfinder.org\/es\">AbortionFinder.org<\/a> v\u00e0 <a href=\"https:\/\/www.ineedana.com\/es\">IneedanA.com<\/a> \u0111\u1ec3 thu th\u1eadp th\u00f4ng tin b\u00ed m\u1eadt, b\u00ed m\u1eadt v\u00e0 th\u1ef1c t\u1ebf h\u00f3a \u0111\u1ec3 c\u00f3 th\u1ec3 h\u1ee7y b\u1ecf.<\/b><\/p>\n<p><a href=\"https:\/\/www.abortionfinder.org\/es\"><img decoding=\"async\" src=\"https:\/\/floridareprofreedom.org\/wp-content\/uploads\/2020\/11\/play-300x284.png\" alt=\"B\u1ea3n \u0111\u1ed3 FL: Nh\u00e0 cung c\u1ea5p d\u1ecbch v\u1ee5 ph\u00e1 thai\" \/><\/a><\/p>\n<ul>\n<li style=\"font-weight: 400;\" aria-level=\"1\"><b>Tenga cuidado con los centros antiaborto <\/b><span style=\"font-weight: 400;\">B\u1ea1n c\u00f3 th\u1ec3 ph\u1ea3i l\u00e0m g\u00ec \u0111\u1ec3 kh\u00e1m ph\u00e1 thai t\u1ea1i ph\u00f2ng kh\u00e1m, nh\u01b0ng l\u1ea1i ph\u1ea3i \u0111\u1ed1i m\u1eb7t v\u1edbi t\u00ecnh tr\u1ea1ng embarazadas \u1edf Florida. <a href=\"https:\/\/floridareprofreedom.org\/vi\/phong-kham-gia\/\">M\u00e1s informaci\u00f3n aqu\u00ed.<\/a><\/span><\/li>\n<\/ul>\n<h2><span style=\"font-weight: 400;\">\u00bfB\u1ea1n c\u1ea7n ph\u1ea3i l\u00e0m g\u00ec \u0111\u1ec3 ph\u00e1 thai?<\/span><\/h2>\n<p><span style=\"font-weight: 400;\">C\u00e1c t\u1ed5 ch\u1ee9c v\u00e0 ph\u00f2ng kh\u00e1m c\u00f3 th\u1ec3 h\u1ed7 tr\u1ee3 t\u00e0i ch\u00ednh v\u00e0 h\u1eadu c\u1ea7n cho nh\u1eefng ng\u01b0\u1eddi c\u00f3 th\u1ec3 ph\u00e1 thai \u1edf Florida. H\u00e3y nh\u1ea5p v\u00e0o \u0111\u00e2y \u0111\u1ec3 ti\u1ebfp t\u1ee5c nh\u1eadn th\u00eam th\u00f4ng tin ho\u1eb7c cung c\u1ea5p th\u00f4ng tin tr\u1ef1c ti\u1ebfp v\u1ec1 m\u1ed9t ph\u00f2ng kh\u00e1m ph\u00e1 thai v\u00e0 h\u1ed7 tr\u1ee3 t\u00e0i ch\u00ednh. <strong><a href=\"https:\/\/www.ineedana.com\/es\/estimar-aborto-costos\">\u00bfCu\u00e1nto cuesta un aborto?<\/a><\/strong><br \/>\n<\/span><\/p>\n<ul>\n<li style=\"font-weight: 400;\" aria-level=\"1\"><span style=\"font-weight: 400;\"><a href=\"https:\/\/bwefund.org\/site\/\"><strong>Fondo de Emergencia cho mues de Broward<\/strong><\/a> \u2013 Condado de Broward<\/span><\/li>\n<li style=\"font-weight: 400;\" aria-level=\"1\"><span style=\"font-weight: 400;\"><strong><a href=\"https:\/\/emawpb.org\/\">Asistencia M\u00e9dica de Emergencia Inc.<\/a><\/strong> \u2013 B\u00e3i bi\u1ec3n Palm v\u00e0 B\u1edd bi\u1ec3n Kho b\u00e1u<\/span><\/li>\n<li style=\"font-weight: 400;\" aria-level=\"1\"><span style=\"font-weight: 400;\"><a href=\"https:\/\/www.flaccessnetwork.org\/\"><strong>Red de Acceso de Florida<\/strong><\/a> \u2013 En todo el estado<\/span><\/li>\n<li style=\"font-weight: 400;\" aria-level=\"1\"><span style=\"font-weight: 400;\"><a href=\"http:\/\/tbafund.com\/\"><strong>Fondo de Aborto de la Bah\u00eda de Tampa<\/strong><\/a> \u2013 V\u00f9ng la Bah\u00eda de Tampa<\/span><\/li>\n<li style=\"font-weight: 400;\" aria-level=\"1\"><span style=\"font-weight: 400;\"><strong><a href=\"http:\/\/www.wen-online.org\/get-help-1.html\">Red de Emergencia de Mujeres<\/a> <\/strong>\u2013 Sur de la Florida<\/span><\/li>\n<li style=\"font-weight: 400;\" aria-level=\"1\"><span style=\"font-weight: 400;\"><strong><a href=\"https:\/\/arc-southeast.org\/\">Truy c\u1eadp v\u00e0o Atenci\u00f3n Reproductiva del Sureste<\/a> <\/strong>\u2013 \u0110a \u0111\u1ecba \u1ed1c<\/span><\/li>\n<li style=\"font-weight: 400;\" aria-level=\"1\"><span style=\"font-weight: 400;\"><strong><a href=\"https:\/\/abortionfunds.org\/need-abortion\/\">Red Nacional de Fondos \u0111\u1ec3 h\u1ee7y b\u1ecf<\/a> <\/strong>\u2013 En todo el pais<\/span><\/li>\n<\/ul>\n<p><span style=\"font-weight: 400;\">La gente sigue recibiendo <\/span><b>p\u00edldoras h\u1ee7y b\u1ecf por correo <\/b><span style=\"font-weight: 400;\">vi<\/span><i><span style=\"font-weight: 400;\"> los 50 estados.<\/span><\/i><span style=\"font-weight: 400;\"> Ya sea para una necesidad inmediata ho\u1eb7c \u201cpor si acaso\u201d, las tarifas de escala m\u00f3vil est\u00e1n disponibles para las p\u00edldoras abortivas en <strong><a href=\"https:\/\/es.plancpills.org\/\">PlanCPills.org<\/a>.<\/strong><\/span><\/p>\n<p><b>Nh\u1eefng \u0111i\u1ec1u c\u1ea7n l\u00e0m \u0111\u1ec3 c\u00f3 th\u1ec3 h\u1ee7y b\u1ecf m\u1ed9t c\u00e1ch h\u1ee3p ph\u00e1p:<\/b><\/p>\n<ul>\n<li style=\"font-weight: 400;\" aria-level=\"1\"><span style=\"font-weight: 400;\">H\u00e3y t\u1eadn d\u1ee5ng t\u1ed1i \u0111a l\u1ee3i \u00edch c\u1ee7a ch\u00fang t\u00f4i \u0111\u1ec3 c\u00f3 \u0111\u01b0\u1ee3c s\u1ef1 sinh s\u1ea3n ho\u00e0n ch\u1ec9nh.<\/span><a href=\"https:\/\/bit.ly\/reproinfl\"><b> \u0110\u0103ng k\u00fd ngay \u0111\u1ec3 nh\u1eadn \u0111\u01b0\u1ee3c bolet\u00edn tinh th\u1ea7n \u1edf Florida b\u1edfi v\u00ec T\u1ef1 do sinh s\u1ea3n v\u00e0 c\u1ea3nh b\u00e1o h\u00e0nh \u0111\u1ed9ng.<\/b><\/a><\/li>\n<\/ul>","protected":false},"excerpt":{"rendered":"<p>&nbsp; Las personas quieren y merecen tomar sus propias decisiones personales, privadas y m\u00e9dicas, y nunca dejaremos de luchar por nuestra libertad para controlar nuestros cuerpos y nuestras vidas. El aborto es seguro y com\u00fan, y puedes obtener esta atenci\u00f3n si la necesitas. Restricciones y requisitos actuales sobre el aborto: Lo \u00faltimo: A partir del [&hellip;]<\/p>\n","protected":false},"author":3,"featured_media":1415,"parent":0,"menu_order":0,"comment_status":"closed","ping_status":"closed","template":"","meta":{"footnotes":""},"folder":[11],"class_list":["post-1529","page","type-page","status-publish","has-post-thumbnail","hentry"],"yoast_head":"<!-- This site is optimized with the Yoast SEO plugin v27.4 - https:\/\/yoast.com\/product\/yoast-seo-wordpress\/ -->\n<title>\u00a1S\u00ed! El aborto sigue siendo legal en Florida. - Floridians For Reproductive Freedom<\/title>\n<meta name=\"description\" content=\"Ahora mismo, el aborto es legal en Florida hasta las 15 semanas. Os mantendremos informados.\" \/>\n<meta name=\"robots\" content=\"index, follow, max-snippet:-1, max-image-preview:large, max-video-preview:-1\" \/>\n<link rel=\"canonical\" href=\"https:\/\/floridareprofreedom.org\/vi\/el-aborto-es-legal\/\" \/>\n<meta property=\"og:locale\" content=\"vi_VN\" \/>\n<meta property=\"og:type\" content=\"article\" \/>\n<meta property=\"og:title\" content=\"\u00a1S\u00ed! El aborto sigue siendo legal en Florida. - Floridians For Reproductive Freedom\" \/>\n<meta property=\"og:description\" content=\"Ahora mismo, el aborto es legal en Florida hasta las 15 semanas. Os mantendremos informados.\" \/>\n<meta property=\"og:url\" content=\"https:\/\/floridareprofreedom.org\/vi\/el-aborto-es-legal\/\" \/>\n<meta property=\"og:site_name\" content=\"Floridians For Reproductive Freedom\" \/>\n<meta property=\"article:publisher\" content=\"https:\/\/www.facebook.com\/FloridaReproFreedom\/\" \/>\n<meta property=\"article:modified_time\" content=\"2025-08-19T19:19:23+00:00\" \/>\n<meta property=\"og:image\" content=\"https:\/\/floridareprofreedom.org\/wp-content\/uploads\/2020\/11\/play.png\" \/>\n\t<meta property=\"og:image:width\" content=\"750\" \/>\n\t<meta property=\"og:image:height\" content=\"711\" \/>\n\t<meta property=\"og:image:type\" content=\"image\/png\" \/>\n<meta name=\"twitter:card\" content=\"summary_large_image\" \/>\n<meta name=\"twitter:site\" content=\"@FLReproFreedom\" \/>\n<meta name=\"twitter:label1\" content=\"\u01af\u1edbc t\u00ednh th\u1eddi gian \u0111\u1ecdc\" \/>\n\t<meta name=\"twitter:data1\" content=\"3 ph\u00fat\" \/>\n<script type=\"application\/ld+json\" class=\"yoast-schema-graph\">{\"@context\":\"https:\\\/\\\/schema.org\",\"@graph\":[{\"@type\":\"WebPage\",\"@id\":\"https:\\\/\\\/floridareprofreedom.org\\\/el-aborto-es-legal\\\/\",\"url\":\"https:\\\/\\\/floridareprofreedom.org\\\/el-aborto-es-legal\\\/\",\"name\":\"\u00a1S\u00ed! El aborto sigue siendo legal en Florida. - Floridians For Reproductive Freedom\",\"isPartOf\":{\"@id\":\"https:\\\/\\\/floridareprofreedom.org\\\/#website\"},\"primaryImageOfPage\":{\"@id\":\"https:\\\/\\\/floridareprofreedom.org\\\/el-aborto-es-legal\\\/#primaryimage\"},\"image\":{\"@id\":\"https:\\\/\\\/floridareprofreedom.org\\\/el-aborto-es-legal\\\/#primaryimage\"},\"thumbnailUrl\":\"https:\\\/\\\/floridareprofreedom.org\\\/wp-content\\\/uploads\\\/2020\\\/11\\\/play.png\",\"datePublished\":\"2020-11-16T15:41:45+00:00\",\"dateModified\":\"2025-08-19T19:19:23+00:00\",\"description\":\"Ahora mismo, el aborto es legal en Florida hasta las 15 semanas. Os mantendremos informados.\",\"breadcrumb\":{\"@id\":\"https:\\\/\\\/floridareprofreedom.org\\\/el-aborto-es-legal\\\/#breadcrumb\"},\"inLanguage\":\"vi\",\"potentialAction\":[{\"@type\":\"ReadAction\",\"target\":[\"https:\\\/\\\/floridareprofreedom.org\\\/el-aborto-es-legal\\\/\"]}]},{\"@type\":\"ImageObject\",\"inLanguage\":\"vi\",\"@id\":\"https:\\\/\\\/floridareprofreedom.org\\\/el-aborto-es-legal\\\/#primaryimage\",\"url\":\"https:\\\/\\\/floridareprofreedom.org\\\/wp-content\\\/uploads\\\/2020\\\/11\\\/play.png\",\"contentUrl\":\"https:\\\/\\\/floridareprofreedom.org\\\/wp-content\\\/uploads\\\/2020\\\/11\\\/play.png\",\"width\":750,\"height\":711,\"caption\":\"FL Map: Abortion Providers\"},{\"@type\":\"BreadcrumbList\",\"@id\":\"https:\\\/\\\/floridareprofreedom.org\\\/el-aborto-es-legal\\\/#breadcrumb\",\"itemListElement\":[{\"@type\":\"ListItem\",\"position\":1,\"name\":\"Home\",\"item\":\"https:\\\/\\\/floridareprofreedom.org\\\/\"},{\"@type\":\"ListItem\",\"position\":2,\"name\":\"\u00a1S\u00ed! El aborto sigue siendo legal en Florida.\"}]},{\"@type\":\"WebSite\",\"@id\":\"https:\\\/\\\/floridareprofreedom.org\\\/#website\",\"url\":\"https:\\\/\\\/floridareprofreedom.org\\\/\",\"name\":\"Floridians For Reproductive Freedom\",\"description\":\"Advocating for convenient, affordable, and safe access to reproductive health care, including abortion.\",\"publisher\":{\"@id\":\"https:\\\/\\\/floridareprofreedom.org\\\/#organization\"},\"potentialAction\":[{\"@type\":\"SearchAction\",\"target\":{\"@type\":\"EntryPoint\",\"urlTemplate\":\"https:\\\/\\\/floridareprofreedom.org\\\/?s={search_term_string}\"},\"query-input\":{\"@type\":\"PropertyValueSpecification\",\"valueRequired\":true,\"valueName\":\"search_term_string\"}}],\"inLanguage\":\"vi\"},{\"@type\":\"Organization\",\"@id\":\"https:\\\/\\\/floridareprofreedom.org\\\/#organization\",\"name\":\"Floridians for Reproductive Freedom\",\"url\":\"https:\\\/\\\/floridareprofreedom.org\\\/\",\"logo\":{\"@type\":\"ImageObject\",\"inLanguage\":\"vi\",\"@id\":\"https:\\\/\\\/floridareprofreedom.org\\\/#\\\/schema\\\/logo\\\/image\\\/\",\"url\":\"https:\\\/\\\/floridareprofreedom.org\\\/wp-content\\\/uploads\\\/2019\\\/05\\\/Untitled.jpg\",\"contentUrl\":\"https:\\\/\\\/floridareprofreedom.org\\\/wp-content\\\/uploads\\\/2019\\\/05\\\/Untitled.jpg\",\"width\":174,\"height\":180,\"caption\":\"Floridians for Reproductive Freedom\"},\"image\":{\"@id\":\"https:\\\/\\\/floridareprofreedom.org\\\/#\\\/schema\\\/logo\\\/image\\\/\"},\"sameAs\":[\"https:\\\/\\\/www.facebook.com\\\/FloridaReproFreedom\\\/\",\"https:\\\/\\\/x.com\\\/FLReproFreedom\",\"https:\\\/\\\/www.instagram.com\\\/floridareprofreedom\\\/\"]}]}<\/script>\n<!-- \/ Yoast SEO plugin. -->","yoast_head_json":{"title":"\u00a1\u1eea! El aborto sigue siendo ph\u00e1p l\u00fd \u1edf Florida. - Ng\u01b0\u1eddi d\u00e2n Florida v\u00ec t\u1ef1 do sinh s\u1ea3n","description":"Kh\u00f4ng may, vi\u1ec7c ph\u00e1 thai l\u00e0 h\u1ee3p ph\u00e1p \u1edf Florida ch\u1ec9 sau 15 tu\u1ea7n. Os mantendremos th\u00f4ng tin.","robots":{"index":"index","follow":"follow","max-snippet":"max-snippet:-1","max-image-preview":"max-image-preview:large","max-video-preview":"max-video-preview:-1"},"canonical":"https:\/\/floridareprofreedom.org\/vi\/el-aborto-es-legal\/","og_locale":"vi_VN","og_type":"article","og_title":"\u00a1S\u00ed! El aborto sigue siendo legal en Florida. - Floridians For Reproductive Freedom","og_description":"Ahora mismo, el aborto es legal en Florida hasta las 15 semanas. Os mantendremos informados.","og_url":"https:\/\/floridareprofreedom.org\/vi\/el-aborto-es-legal\/","og_site_name":"Floridians For Reproductive Freedom","article_publisher":"https:\/\/www.facebook.com\/FloridaReproFreedom\/","article_modified_time":"2025-08-19T19:19:23+00:00","og_image":[{"width":750,"height":711,"url":"https:\/\/floridareprofreedom.org\/wp-content\/uploads\/2020\/11\/play.png","type":"image\/png"}],"twitter_card":"summary_large_image","twitter_site":"@FLReproFreedom","twitter_misc":{"\u01af\u1edbc t\u00ednh th\u1eddi gian \u0111\u1ecdc":"3 ph\u00fat"},"schema":{"@context":"https:\/\/schema.org","@graph":[{"@type":"WebPage","@id":"https:\/\/floridareprofreedom.org\/el-aborto-es-legal\/","url":"https:\/\/floridareprofreedom.org\/el-aborto-es-legal\/","name":"\u00a1\u1eea! El aborto sigue siendo ph\u00e1p l\u00fd \u1edf Florida. - Ng\u01b0\u1eddi d\u00e2n Florida v\u00ec t\u1ef1 do sinh s\u1ea3n","isPartOf":{"@id":"https:\/\/floridareprofreedom.org\/#website"},"primaryImageOfPage":{"@id":"https:\/\/floridareprofreedom.org\/el-aborto-es-legal\/#primaryimage"},"image":{"@id":"https:\/\/floridareprofreedom.org\/el-aborto-es-legal\/#primaryimage"},"thumbnailUrl":"https:\/\/floridareprofreedom.org\/wp-content\/uploads\/2020\/11\/play.png","datePublished":"2020-11-16T15:41:45+00:00","dateModified":"2025-08-19T19:19:23+00:00","description":"Kh\u00f4ng may, vi\u1ec7c ph\u00e1 thai l\u00e0 h\u1ee3p ph\u00e1p \u1edf Florida ch\u1ec9 sau 15 tu\u1ea7n. Os mantendremos th\u00f4ng tin.","breadcrumb":{"@id":"https:\/\/floridareprofreedom.org\/el-aborto-es-legal\/#breadcrumb"},"inLanguage":"vi","potentialAction":[{"@type":"ReadAction","target":["https:\/\/floridareprofreedom.org\/el-aborto-es-legal\/"]}]},{"@type":"ImageObject","inLanguage":"vi","@id":"https:\/\/floridareprofreedom.org\/el-aborto-es-legal\/#primaryimage","url":"https:\/\/floridareprofreedom.org\/wp-content\/uploads\/2020\/11\/play.png","contentUrl":"https:\/\/floridareprofreedom.org\/wp-content\/uploads\/2020\/11\/play.png","width":750,"height":711,"caption":"FL Map: Abortion Providers"},{"@type":"BreadcrumbList","@id":"https:\/\/floridareprofreedom.org\/el-aborto-es-legal\/#breadcrumb","itemListElement":[{"@type":"ListItem","position":1,"name":"Home","item":"https:\/\/floridareprofreedom.org\/"},{"@type":"ListItem","position":2,"name":"\u00a1S\u00ed! El aborto sigue siendo legal en Florida."}]},{"@type":"WebSite","@id":"https:\/\/floridareprofreedom.org\/#website","url":"https:\/\/floridareprofreedom.org\/","name":"Ng\u01b0\u1eddi Florida v\u00ec T\u1ef1 do Sinh s\u1ea3n","description":"V\u1eadn \u0111\u1ed9ng cho vi\u1ec7c ti\u1ebfp c\u1eadn d\u1ecbch v\u1ee5 ch\u0103m s\u00f3c s\u1ee9c kh\u1ecfe sinh s\u1ea3n, bao g\u1ed3m c\u1ea3 ph\u00e1 thai, m\u1ed9t c\u00e1ch thu\u1eadn ti\u1ec7n, gi\u00e1 c\u1ea3 ph\u1ea3i ch\u0103ng v\u00e0 an to\u00e0n.","publisher":{"@id":"https:\/\/floridareprofreedom.org\/#organization"},"potentialAction":[{"@type":"SearchAction","target":{"@type":"EntryPoint","urlTemplate":"https:\/\/floridareprofreedom.org\/?s={search_term_string}"},"query-input":{"@type":"PropertyValueSpecification","valueRequired":true,"valueName":"search_term_string"}}],"inLanguage":"vi"},{"@type":"Organization","@id":"https:\/\/floridareprofreedom.org\/#organization","name":"Ng\u01b0\u1eddi Florida v\u00ec T\u1ef1 do Sinh s\u1ea3n","url":"https:\/\/floridareprofreedom.org\/","logo":{"@type":"ImageObject","inLanguage":"vi","@id":"https:\/\/floridareprofreedom.org\/#\/schema\/logo\/image\/","url":"https:\/\/floridareprofreedom.org\/wp-content\/uploads\/2019\/05\/Untitled.jpg","contentUrl":"https:\/\/floridareprofreedom.org\/wp-content\/uploads\/2019\/05\/Untitled.jpg","width":174,"height":180,"caption":"Floridians for Reproductive Freedom"},"image":{"@id":"https:\/\/floridareprofreedom.org\/#\/schema\/logo\/image\/"},"sameAs":["https:\/\/www.facebook.com\/FloridaReproFreedom\/","https:\/\/x.com\/FLReproFreedom","https:\/\/www.instagram.com\/floridareprofreedom\/"]}]}},"_links":{"self":[{"href":"https:\/\/floridareprofreedom.org\/vi\/wp-json\/wp\/v2\/pages\/1529","targetHints":{"allow":["GET"]}}],"collection":[{"href":"https:\/\/floridareprofreedom.org\/vi\/wp-json\/wp\/v2\/pages"}],"about":[{"href":"https:\/\/floridareprofreedom.org\/vi\/wp-json\/wp\/v2\/types\/page"}],"author":[{"embeddable":true,"href":"https:\/\/floridareprofreedom.org\/vi\/wp-json\/wp\/v2\/users\/3"}],"replies":[{"embeddable":true,"href":"https:\/\/floridareprofreedom.org\/vi\/wp-json\/wp\/v2\/comments?post=1529"}],"version-history":[{"count":18,"href":"https:\/\/floridareprofreedom.org\/vi\/wp-json\/wp\/v2\/pages\/1529\/revisions"}],"predecessor-version":[{"id":4221,"href":"https:\/\/floridareprofreedom.org\/vi\/wp-json\/wp\/v2\/pages\/1529\/revisions\/4221"}],"wp:featuredmedia":[{"embeddable":true,"href":"https:\/\/floridareprofreedom.org\/vi\/wp-json\/wp\/v2\/media\/1415"}],"wp:attachment":[{"href":"https:\/\/floridareprofreedom.org\/vi\/wp-json\/wp\/v2\/media?parent=1529"}],"wp:term":[{"taxonomy":"folder","embeddable":true,"href":"https:\/\/floridareprofreedom.org\/vi\/wp-json\/wp\/v2\/folder?post=1529"}],"curies":[{"name":"wp","href":"https:\/\/api.w.org\/{rel}","templated":true}]}}