{"id":1553,"date":"2020-12-18T17:27:34","date_gmt":"2020-12-18T17:27:34","guid":{"rendered":"https:\/\/floridareprofreedom.org\/?page_id=1553"},"modified":"2021-01-04T20:16:47","modified_gmt":"2021-01-04T20:16:47","slug":"khong-phai-tu-florida","status":"publish","type":"page","link":"https:\/\/floridareprofreedom.org\/vi\/not-from-florida\/","title":{"rendered":"Kh\u00f4ng ph\u1ea3i t\u1eeb Florida \u00e0?"},"content":{"rendered":"<p><span style=\"font-weight: 400;\">Nh\u1eefng ng\u01b0\u1eddi tr\u1ebb \u0111\u1ebfn t\u1eeb c\u00e1c ti\u1ec3u bang kh\u00e1c \u0111ang t\u00ecm ki\u1ebfm d\u1ecbch v\u1ee5 ph\u00e1 thai t\u1ea1i Florida c\u00f3 th\u1ec3 n\u1ed9p \u0111\u01a1n xin mi\u1ec5n tr\u1eeb t\u01b0 ph\u00e1p t\u1ea1i b\u1ea5t k\u1ef3 t\u00f2a \u00e1n qu\u1eadn n\u00e0o \u1edf Florida (xem b\u1ea3n \u0111\u1ed3 v\u00e0 danh s\u00e1ch b\u00ean d\u01b0\u1edbi). C\u01b0 d\u00e2n kh\u00f4ng ph\u1ea3i l\u00e0 c\u01b0 d\u00e2n Florida kh\u00f4ng b\u1ecb gi\u1edbi h\u1ea1n \u1edf b\u1ea5t k\u1ef3 qu\u1eadn c\u1ee5 th\u1ec3 n\u00e0o. \u0110i\u1ec1u n\u00e0y kh\u00e1c v\u1edbi c\u01b0 d\u00e2n Florida, nh\u1eefng ng\u01b0\u1eddi ph\u1ea3i n\u1ed9p \u0111\u01a1n t\u1ea1i t\u00f2a \u00e1n trong qu\u1eadn n\u01a1i h\u1ecd sinh s\u1ed1ng.<\/span><\/p>\n<p><span style=\"font-weight: 400;\"><strong>T\u1ed5ng quan v\u1ec1 v\u1ee5 \u00e1n T\u00f2a Ph\u00fac th\u1ea9m Qu\u1eadn 1 c\u1ee7a Florida n\u0103m 2008:<\/strong>\u00a0<\/span><span style=\"font-weight: 400;\">T\u00f2a \u00e1n c\u1ea5p qu\u1eadn \u0111\u00e3 ph\u00e1n quy\u1ebft r\u1eb1ng t\u00f2a kh\u00f4ng c\u00f3 th\u1ea9m quy\u1ec1n v\u00ec tr\u1ebb v\u1ecb th\u00e0nh ni\u00ean kh\u00f4ng c\u01b0 tr\u00fa trong ph\u1ea1m vi th\u1ea9m quy\u1ec1n c\u1ee7a t\u00f2a. B\u00ean kh\u00e1ng c\u00e1o l\u1eadp lu\u1eadn r\u1eb1ng t\u00f2a \u00e1n c\u1ea5p qu\u1eadn \u0111\u00e3 sai v\u1ec1 m\u1eb7t ph\u00e1p l\u00fd khi cho r\u1eb1ng t\u00f2a kh\u00f4ng c\u00f3 th\u1ea9m quy\u1ec1n th\u1ee5 l\u00fd \u0111\u01a1n ki\u1ec7n. <strong>Nguy\u00ean \u0111\u01a1n kh\u00e1ng c\u00e1o kh\u1eb3ng \u0111\u1ecbnh r\u1eb1ng khi m\u1ed9t tr\u1ebb v\u1ecb th\u00e0nh ni\u00ean kh\u00f4ng ph\u1ea3i l\u00e0 c\u01b0 d\u00e2n c\u1ee7a ti\u1ec3u bang, lu\u1eadt Florida bu\u1ed9c ph\u1ea3i k\u1ebft lu\u1eadn r\u1eb1ng tr\u1ebb c\u00f3 th\u1ec3 n\u1ed9p \u0111\u01a1n xin mi\u1ec5n tr\u1eeb t\u01b0 ph\u00e1p t\u1ea1i b\u1ea5t k\u1ef3 t\u00f2a \u00e1n c\u1ea5p qu\u1eadn n\u00e0o trong ti\u1ec3u bang. T\u00f2a ph\u00fac th\u1ea9m \u0111\u00e3 \u0111\u1ed3ng \u00fd.<\/strong> Tr\u00e1i ng\u01b0\u1ee3c v\u1edbi ph\u00e1n quy\u1ebft c\u1ee7a t\u00f2a \u00e1n c\u1ea5p qu\u1eadn, <\/span><a href=\"https:\/\/tracking.cirrusinsight.com\/2feb9f3e-8738-4724-99da-9356f28fa287\/advance-lexis-com-document\"><span style=\"font-weight: 400;\">\u00a7 390.01114(4)(a)<\/span><\/a><span style=\"font-weight: 400;\"> l\u00e0 lu\u1eadt v\u1ec1 \u0111\u1ecba \u0111i\u1ec3m x\u00e9t x\u1eed, ch\u1ee9 kh\u00f4ng ph\u1ea3i lu\u1eadt v\u1ec1 th\u1ea9m quy\u1ec1n t\u00e0i ph\u00e1n. V\u00ec lu\u1eadt kh\u00f4ng \u0111\u1ec1 c\u1eadp \u0111\u1ebfn \u0111\u1ecba \u0111i\u1ec3m m\u00e0 \u0111\u01b0\u01a1ng s\u1ef1 \u1edf ngo\u00e0i ti\u1ec3u bang ph\u1ea3i n\u1ed9p \u0111\u01a1n, n\u00ean kh\u00f4ng c\u00f3 \u0111\u1ecba \u0111i\u1ec3m c\u1ee5 th\u1ec3 n\u00e0o \u0111\u01b0\u1ee3c \u01b0u ti\u00ean, v\u00e0 ph\u00e1n quy\u1ebft c\u1ee7a t\u00f2a \u00e1n c\u1ea5p qu\u1eadn l\u00e0 sai. Tuy nhi\u00ean, d\u1ef1a tr\u00ean th\u1eddi h\u1ea1n quy \u0111\u1ecbnh trong \u0110\u1ea1o lu\u1eadt, vi\u1ec7c tr\u1ea3 l\u1ea1i \u0111\u01a1n \u0111\u1ec3 x\u00e9t x\u1eed l\u1ea1i t\u1ea1i t\u00f2a \u00e1n c\u1ea5p qu\u1eadn l\u00e0 kh\u00f4ng \u0111\u01b0\u1ee3c ph\u00e9p. Do \u0111\u00f3, tr\u01b0\u1edbc khi \u0111\u01b0a ra \u00fd ki\u1ebfn b\u1eb1ng v\u0103n b\u1ea3n, t\u00f2a ph\u00fac th\u1ea9m \u0111\u00e3 ch\u1ec9 \u0111\u1ea1o t\u00f2a \u00e1n c\u1ea5p qu\u1eadn ngay l\u1eadp t\u1ee9c ban h\u00e0nh l\u1ec7nh ch\u1ea5p thu\u1eadn \u0111\u01a1n.<\/span><\/p>\n<p><span style=\"font-weight: 400;\">To\u00e0n b\u1ed9 tr\u01b0\u1eddng h\u1ee3p: \u00a0<a href=\"https:\/\/floridareprofreedom.org\/wp-content\/uploads\/2020\/12\/In-re-Doe-07-B_-973-So.-2d-627.pdf\">Trong v\u1ee5 Doe 07-B_ 973 So. 2d 627<\/a><\/span><\/p>\n<p><img fetchpriority=\"high\" decoding=\"async\" class=\"alignnone size-full wp-image-1001\" src=\"https:\/\/floridareprofreedom.org\/wp-content\/uploads\/2020\/05\/flcircuitmap.jpeg\" alt=\"\" width=\"465\" height=\"390\" srcset=\"https:\/\/floridareprofreedom.org\/wp-content\/uploads\/2020\/05\/flcircuitmap.jpeg 465w, https:\/\/floridareprofreedom.org\/wp-content\/uploads\/2020\/05\/flcircuitmap-300x252.jpeg 300w\" sizes=\"(max-width: 465px) 100vw, 465px\" \/><\/p>\n<p><iframe src=\"https:\/\/docs.google.com\/spreadsheets\/d\/e\/2PACX-1vQB6krgtRma-96mkc9NufqrFn2t3gYItPYTXhaTc_euzRTZEXyRs9x90T-YutHr6CS_eNVijuyheuHR\/pubhtml?gid=1415876535&amp;single=true&amp;widget=true&amp;headers=false\" width=\"850\" height=\"1200\"><\/iframe><\/p>\n<p style=\"text-align: center;\"><a href=\"https:\/\/floridareprofreedom.org\/vi\/o-dau\/\"><img decoding=\"async\" class=\"alignnone wp-image-1014 size-full\" src=\"https:\/\/floridareprofreedom.org\/wp-content\/uploads\/2020\/05\/previous.gif\" alt=\"\" width=\"231\" height=\"32\" \/><\/a>\u00a0 \u00a0<a href=\"https:\/\/floridareprofreedom.org\/vi\/cac-hinh-thuc\/\"><img decoding=\"async\" class=\"alignnone wp-image-1015 size-full\" src=\"https:\/\/floridareprofreedom.org\/wp-content\/uploads\/2020\/05\/next.gif\" alt=\"\" width=\"231\" height=\"32\" \/><\/a><\/p>\n<p><b>C\u00e2u h\u1ecfi li\u00ean quan<\/b><\/p>\n<ul>\n<li style=\"font-weight: 400;\"><a href=\"https:\/\/floridareprofreedom.org\/vi\/bo-qua-tu-phap-2\/\"><span style=\"font-weight: 400;\">B\u1ecf qua th\u1ee7 t\u1ee5c ph\u00e1 thai l\u00e0 g\u00ec?<\/span><\/a><\/li>\n<li><a href=\"https:\/\/floridareprofreedom.org\/vi\/o-dau\/\">T\u00f4i ph\u1ea3i \u0111\u1ebfn \u0111\u00e2u \u0111\u1ec3 xin \u0111\u01b0\u1ee3c mi\u1ec5n tr\u1eeb t\u01b0 ph\u00e1p?<\/a><\/li>\n<li><a href=\"https:\/\/floridareprofreedom.org\/vi\/cac-hinh-thuc\/\">T\u00f4i c\u1ea7n nh\u1eefng m\u1eabu \u0111\u01a1n n\u00e0o?<\/a><\/li>\n<li><a href=\"https:\/\/floridareprofreedom.org\/vi\/phan-xet\/\"><span style=\"font-weight: 400;\">Th\u1ea9m ph\u00e1n s\u1ebd xem x\u00e9t \u0111i\u1ec1u g\u00ec?<\/span><\/a><\/li>\n<li style=\"font-weight: 400;\"><a href=\"https:\/\/floridareprofreedom.org\/vi\/luat-su\/\"><span style=\"font-weight: 400;\">T\u00f4i c\u00f3 c\u1ea7n lu\u1eadt s\u01b0 kh\u00f4ng?<\/span><\/a><\/li>\n<li style=\"font-weight: 400;\"><a href=\"https:\/\/floridareprofreedom.org\/vi\/bao-lau\/\"><span style=\"font-weight: 400;\">Ph\u1ea3i m\u1ea5t bao l\u00e2u \u0111\u1ec3 \u0111\u01b0\u1ee3c mi\u1ec5n tr\u1eeb t\u01b0 ph\u00e1p?<\/span><\/a><\/li>\n<li style=\"font-weight: 400;\"><a href=\"https:\/\/floridareprofreedom.org\/vi\/tri-gia\/\"><span style=\"font-weight: 400;\">C\u00f3 t\u1ed1n ti\u1ec1n \u0111\u1ec3 \u0111\u01b0\u1ee3c mi\u1ec5n tr\u1eeb t\u01b0 ph\u00e1p kh\u00f4ng?<\/span><\/a><\/li>\n<li style=\"font-weight: 400;\"><a href=\"https:\/\/floridareprofreedom.org\/vi\/co-ai-biet-khong\/\"><span style=\"font-weight: 400;\">C\u00f3 ai bi\u1ebft li\u1ec7u t\u00f4i c\u00f3 \u0111\u01b0\u1ee3c mi\u1ec5n tr\u1eeb t\u01b0 ph\u00e1p cho vi\u1ec7c ph\u00e1 thai kh\u00f4ng?<\/span><\/a><\/li>\n<li style=\"font-weight: 400;\"><a href=\"https:\/\/floridareprofreedom.org\/vi\/cau-hoitham-phan\/\"><span style=\"font-weight: 400;\">Th\u1ea9m ph\u00e1n s\u1ebd h\u1ecfi t\u00f4i nh\u1eefng c\u00e2u h\u1ecfi n\u00e0o?<\/span><\/a><\/li>\n<li style=\"font-weight: 400;\"><a href=\"https:\/\/floridareprofreedom.org\/vi\/mac\/\"><span style=\"font-weight: 400;\">T\u00f4i n\u00ean m\u1eb7c g\u00ec khi ra t\u00f2a?<\/span><\/a><\/li>\n<li style=\"font-weight: 400;\"><a href=\"https:\/\/floridareprofreedom.org\/vi\/da-len-lich\/\"><span style=\"font-weight: 400;\">\u0110i\u1ec1u g\u00ec s\u1ebd x\u1ea3y ra n\u1ebfu bu\u1ed5i \u0111i\u1ec1u tr\u1ea7n c\u1ee7a t\u00f4i \u0111\u01b0\u1ee3c l\u00ean l\u1ecbch v\u00e0o ng\u00e0y h\u1ecdc?<\/span><\/a><\/li>\n<li style=\"font-weight: 400;\"><a href=\"https:\/\/floridareprofreedom.org\/vi\/nguoi-khac\/\"><span style=\"font-weight: 400;\">Ng\u01b0\u1eddi kh\u00e1c c\u00f3 li\u00ean quan \u0111\u1ebfn vi\u1ec7c mang thai c\u1ee7a t\u00f4i c\u00f3 quy\u1ec1n quy\u1ebft \u0111\u1ecbnh vi\u1ec7c t\u00f4i c\u00f3 quy\u1ebft \u0111\u1ecbnh ph\u00e1 thai hay kh\u00f4ng?<\/span><\/a><\/li>\n<li style=\"font-weight: 400;\"><a href=\"https:\/\/floridareprofreedom.org\/vi\/cong-dan\/\"><span style=\"font-weight: 400;\">T\u00f4i c\u00f3 c\u1ea7n ph\u1ea3i l\u00e0 c\u00f4ng d\u00e2n Hoa K\u1ef3 m\u1edbi \u0111\u01b0\u1ee3c ph\u00e1 thai kh\u00f4ng? N\u1ebfu t\u00f4i kh\u00f4ng n\u00f3i ti\u1ebfng Anh gi\u1ecfi th\u00ec sao?<\/span><\/a><\/li>\n<li style=\"font-weight: 400;\"><a href=\"https:\/\/floridareprofreedom.org\/vi\/thay-doi\/\"><span style=\"font-weight: 400;\">T\u00f4i c\u00f3 th\u1ec3 thay \u0111\u1ed5i quy\u1ebft \u0111\u1ecbnh sau khi ph\u1eabu thu\u1eadt b\u1eafc c\u1ea7u kh\u00f4ng?<\/span><\/a><\/li>\n<li><a href=\"https:\/\/floridareprofreedom.org\/vi\/phu-nhan\/\">N\u1ebfu th\u1ea9m ph\u00e1n t\u1eeb ch\u1ed1i y\u00eau c\u1ea7u xin \u0111i \u0111\u01b0\u1eddng v\u00f2ng c\u1ee7a t\u00f4i th\u00ec sao?<\/a><\/li>\n<\/ul>","protected":false},"excerpt":{"rendered":"<p>Young people who are from other states who are seeking abortion care in Florida can file for a judicial bypass in any circuit court in Florida (see map and list below). Non-Florida residents are not restricted to any specific circuit. This is different from Florida residents who are to file in a court within the [&hellip;]<\/p>\n","protected":false},"author":3,"featured_media":0,"parent":0,"menu_order":0,"comment_status":"closed","ping_status":"closed","template":"","meta":{"footnotes":""},"folder":[8],"class_list":["post-1553","page","type-page","status-publish","hentry"],"yoast_head":"<!-- This site is optimized with the Yoast SEO plugin v27.3 - https:\/\/yoast.com\/product\/yoast-seo-wordpress\/ -->\n<title>Not from Florida? - Floridians For Reproductive Freedom<\/title>\n<meta name=\"robots\" content=\"index, follow, max-snippet:-1, max-image-preview:large, max-video-preview:-1\" \/>\n<link rel=\"canonical\" href=\"https:\/\/floridareprofreedom.org\/vi\/khong-phai-tu-florida\/\" \/>\n<meta property=\"og:locale\" content=\"vi_VN\" \/>\n<meta property=\"og:type\" content=\"article\" \/>\n<meta property=\"og:title\" content=\"Not from Florida? - Floridians For Reproductive Freedom\" \/>\n<meta property=\"og:description\" content=\"Young people who are from other states who are seeking abortion care in Florida can file for a judicial bypass in any circuit court in Florida (see map and list below). Non-Florida residents are not restricted to any specific circuit. This is different from Florida residents who are to file in a court within the [&hellip;]\" \/>\n<meta property=\"og:url\" content=\"https:\/\/floridareprofreedom.org\/vi\/khong-phai-tu-florida\/\" \/>\n<meta property=\"og:site_name\" content=\"Floridians For Reproductive Freedom\" \/>\n<meta property=\"article:publisher\" content=\"https:\/\/www.facebook.com\/FloridaReproFreedom\/\" \/>\n<meta property=\"article:modified_time\" content=\"2021-01-04T20:16:47+00:00\" \/>\n<meta property=\"og:image\" content=\"https:\/\/floridareprofreedom.org\/wp-content\/uploads\/2020\/05\/flcircuitmap.jpeg\" \/>\n<meta name=\"twitter:card\" content=\"summary_large_image\" \/>\n<meta name=\"twitter:site\" content=\"@FLReproFreedom\" \/>\n<meta name=\"twitter:label1\" content=\"\u01af\u1edbc t\u00ednh th\u1eddi gian \u0111\u1ecdc\" \/>\n\t<meta name=\"twitter:data1\" content=\"2 ph\u00fat\" \/>\n<script type=\"application\/ld+json\" class=\"yoast-schema-graph\">{\"@context\":\"https:\\\/\\\/schema.org\",\"@graph\":[{\"@type\":\"WebPage\",\"@id\":\"https:\\\/\\\/floridareprofreedom.org\\\/not-from-florida\\\/\",\"url\":\"https:\\\/\\\/floridareprofreedom.org\\\/not-from-florida\\\/\",\"name\":\"Not from Florida? - Floridians For Reproductive Freedom\",\"isPartOf\":{\"@id\":\"https:\\\/\\\/floridareprofreedom.org\\\/#website\"},\"primaryImageOfPage\":{\"@id\":\"https:\\\/\\\/floridareprofreedom.org\\\/not-from-florida\\\/#primaryimage\"},\"image\":{\"@id\":\"https:\\\/\\\/floridareprofreedom.org\\\/not-from-florida\\\/#primaryimage\"},\"thumbnailUrl\":\"https:\\\/\\\/floridareprofreedom.org\\\/wp-content\\\/uploads\\\/2020\\\/05\\\/flcircuitmap.jpeg\",\"datePublished\":\"2020-12-18T17:27:34+00:00\",\"dateModified\":\"2021-01-04T20:16:47+00:00\",\"breadcrumb\":{\"@id\":\"https:\\\/\\\/floridareprofreedom.org\\\/not-from-florida\\\/#breadcrumb\"},\"inLanguage\":\"vi\",\"potentialAction\":[{\"@type\":\"ReadAction\",\"target\":[\"https:\\\/\\\/floridareprofreedom.org\\\/not-from-florida\\\/\"]}]},{\"@type\":\"ImageObject\",\"inLanguage\":\"vi\",\"@id\":\"https:\\\/\\\/floridareprofreedom.org\\\/not-from-florida\\\/#primaryimage\",\"url\":\"https:\\\/\\\/floridareprofreedom.org\\\/wp-content\\\/uploads\\\/2020\\\/05\\\/flcircuitmap.jpeg\",\"contentUrl\":\"https:\\\/\\\/floridareprofreedom.org\\\/wp-content\\\/uploads\\\/2020\\\/05\\\/flcircuitmap.jpeg\"},{\"@type\":\"BreadcrumbList\",\"@id\":\"https:\\\/\\\/floridareprofreedom.org\\\/not-from-florida\\\/#breadcrumb\",\"itemListElement\":[{\"@type\":\"ListItem\",\"position\":1,\"name\":\"Home\",\"item\":\"https:\\\/\\\/floridareprofreedom.org\\\/\"},{\"@type\":\"ListItem\",\"position\":2,\"name\":\"Not from Florida?\"}]},{\"@type\":\"WebSite\",\"@id\":\"https:\\\/\\\/floridareprofreedom.org\\\/#website\",\"url\":\"https:\\\/\\\/floridareprofreedom.org\\\/\",\"name\":\"Floridians For Reproductive Freedom\",\"description\":\"Advocating for convenient, affordable, and safe access to reproductive health care, including abortion.\",\"publisher\":{\"@id\":\"https:\\\/\\\/floridareprofreedom.org\\\/#organization\"},\"potentialAction\":[{\"@type\":\"SearchAction\",\"target\":{\"@type\":\"EntryPoint\",\"urlTemplate\":\"https:\\\/\\\/floridareprofreedom.org\\\/?s={search_term_string}\"},\"query-input\":{\"@type\":\"PropertyValueSpecification\",\"valueRequired\":true,\"valueName\":\"search_term_string\"}}],\"inLanguage\":\"vi\"},{\"@type\":\"Organization\",\"@id\":\"https:\\\/\\\/floridareprofreedom.org\\\/#organization\",\"name\":\"Floridians for Reproductive Freedom\",\"url\":\"https:\\\/\\\/floridareprofreedom.org\\\/\",\"logo\":{\"@type\":\"ImageObject\",\"inLanguage\":\"vi\",\"@id\":\"https:\\\/\\\/floridareprofreedom.org\\\/#\\\/schema\\\/logo\\\/image\\\/\",\"url\":\"https:\\\/\\\/floridareprofreedom.org\\\/wp-content\\\/uploads\\\/2019\\\/05\\\/Untitled.jpg\",\"contentUrl\":\"https:\\\/\\\/floridareprofreedom.org\\\/wp-content\\\/uploads\\\/2019\\\/05\\\/Untitled.jpg\",\"width\":174,\"height\":180,\"caption\":\"Floridians for Reproductive Freedom\"},\"image\":{\"@id\":\"https:\\\/\\\/floridareprofreedom.org\\\/#\\\/schema\\\/logo\\\/image\\\/\"},\"sameAs\":[\"https:\\\/\\\/www.facebook.com\\\/FloridaReproFreedom\\\/\",\"https:\\\/\\\/x.com\\\/FLReproFreedom\",\"https:\\\/\\\/www.instagram.com\\\/floridareprofreedom\\\/\"]}]}<\/script>\n<!-- \/ Yoast SEO plugin. -->","yoast_head_json":{"title":"Kh\u00f4ng ph\u1ea3i ng\u01b0\u1eddi Florida? - Ng\u01b0\u1eddi Florida v\u00ec T\u1ef1 do Sinh s\u1ea3n","robots":{"index":"index","follow":"follow","max-snippet":"max-snippet:-1","max-image-preview":"max-image-preview:large","max-video-preview":"max-video-preview:-1"},"canonical":"https:\/\/floridareprofreedom.org\/vi\/khong-phai-tu-florida\/","og_locale":"vi_VN","og_type":"article","og_title":"Not from Florida? - Floridians For Reproductive Freedom","og_description":"Young people who are from other states who are seeking abortion care in Florida can file for a judicial bypass in any circuit court in Florida (see map and list below). Non-Florida residents are not restricted to any specific circuit. This is different from Florida residents who are to file in a court within the [&hellip;]","og_url":"https:\/\/floridareprofreedom.org\/vi\/khong-phai-tu-florida\/","og_site_name":"Floridians For Reproductive Freedom","article_publisher":"https:\/\/www.facebook.com\/FloridaReproFreedom\/","article_modified_time":"2021-01-04T20:16:47+00:00","og_image":[{"url":"https:\/\/floridareprofreedom.org\/wp-content\/uploads\/2020\/05\/flcircuitmap.jpeg","type":"","width":"","height":""}],"twitter_card":"summary_large_image","twitter_site":"@FLReproFreedom","twitter_misc":{"\u01af\u1edbc t\u00ednh th\u1eddi gian \u0111\u1ecdc":"2 ph\u00fat"},"schema":{"@context":"https:\/\/schema.org","@graph":[{"@type":"WebPage","@id":"https:\/\/floridareprofreedom.org\/not-from-florida\/","url":"https:\/\/floridareprofreedom.org\/not-from-florida\/","name":"Kh\u00f4ng ph\u1ea3i ng\u01b0\u1eddi Florida? - Ng\u01b0\u1eddi Florida v\u00ec T\u1ef1 do Sinh s\u1ea3n","isPartOf":{"@id":"https:\/\/floridareprofreedom.org\/#website"},"primaryImageOfPage":{"@id":"https:\/\/floridareprofreedom.org\/not-from-florida\/#primaryimage"},"image":{"@id":"https:\/\/floridareprofreedom.org\/not-from-florida\/#primaryimage"},"thumbnailUrl":"https:\/\/floridareprofreedom.org\/wp-content\/uploads\/2020\/05\/flcircuitmap.jpeg","datePublished":"2020-12-18T17:27:34+00:00","dateModified":"2021-01-04T20:16:47+00:00","breadcrumb":{"@id":"https:\/\/floridareprofreedom.org\/not-from-florida\/#breadcrumb"},"inLanguage":"vi","potentialAction":[{"@type":"ReadAction","target":["https:\/\/floridareprofreedom.org\/not-from-florida\/"]}]},{"@type":"ImageObject","inLanguage":"vi","@id":"https:\/\/floridareprofreedom.org\/not-from-florida\/#primaryimage","url":"https:\/\/floridareprofreedom.org\/wp-content\/uploads\/2020\/05\/flcircuitmap.jpeg","contentUrl":"https:\/\/floridareprofreedom.org\/wp-content\/uploads\/2020\/05\/flcircuitmap.jpeg"},{"@type":"BreadcrumbList","@id":"https:\/\/floridareprofreedom.org\/not-from-florida\/#breadcrumb","itemListElement":[{"@type":"ListItem","position":1,"name":"Home","item":"https:\/\/floridareprofreedom.org\/"},{"@type":"ListItem","position":2,"name":"Not from Florida?"}]},{"@type":"WebSite","@id":"https:\/\/floridareprofreedom.org\/#website","url":"https:\/\/floridareprofreedom.org\/","name":"Ng\u01b0\u1eddi Florida v\u00ec T\u1ef1 do Sinh s\u1ea3n","description":"V\u1eadn \u0111\u1ed9ng cho vi\u1ec7c ti\u1ebfp c\u1eadn d\u1ecbch v\u1ee5 ch\u0103m s\u00f3c s\u1ee9c kh\u1ecfe sinh s\u1ea3n, bao g\u1ed3m c\u1ea3 ph\u00e1 thai, m\u1ed9t c\u00e1ch thu\u1eadn ti\u1ec7n, gi\u00e1 c\u1ea3 ph\u1ea3i ch\u0103ng v\u00e0 an to\u00e0n.","publisher":{"@id":"https:\/\/floridareprofreedom.org\/#organization"},"potentialAction":[{"@type":"SearchAction","target":{"@type":"EntryPoint","urlTemplate":"https:\/\/floridareprofreedom.org\/?s={search_term_string}"},"query-input":{"@type":"PropertyValueSpecification","valueRequired":true,"valueName":"search_term_string"}}],"inLanguage":"vi"},{"@type":"Organization","@id":"https:\/\/floridareprofreedom.org\/#organization","name":"Ng\u01b0\u1eddi Florida v\u00ec T\u1ef1 do Sinh s\u1ea3n","url":"https:\/\/floridareprofreedom.org\/","logo":{"@type":"ImageObject","inLanguage":"vi","@id":"https:\/\/floridareprofreedom.org\/#\/schema\/logo\/image\/","url":"https:\/\/floridareprofreedom.org\/wp-content\/uploads\/2019\/05\/Untitled.jpg","contentUrl":"https:\/\/floridareprofreedom.org\/wp-content\/uploads\/2019\/05\/Untitled.jpg","width":174,"height":180,"caption":"Floridians for Reproductive Freedom"},"image":{"@id":"https:\/\/floridareprofreedom.org\/#\/schema\/logo\/image\/"},"sameAs":["https:\/\/www.facebook.com\/FloridaReproFreedom\/","https:\/\/x.com\/FLReproFreedom","https:\/\/www.instagram.com\/floridareprofreedom\/"]}]}},"_links":{"self":[{"href":"https:\/\/floridareprofreedom.org\/vi\/wp-json\/wp\/v2\/pages\/1553","targetHints":{"allow":["GET"]}}],"collection":[{"href":"https:\/\/floridareprofreedom.org\/vi\/wp-json\/wp\/v2\/pages"}],"about":[{"href":"https:\/\/floridareprofreedom.org\/vi\/wp-json\/wp\/v2\/types\/page"}],"author":[{"embeddable":true,"href":"https:\/\/floridareprofreedom.org\/vi\/wp-json\/wp\/v2\/users\/3"}],"replies":[{"embeddable":true,"href":"https:\/\/floridareprofreedom.org\/vi\/wp-json\/wp\/v2\/comments?post=1553"}],"version-history":[{"count":5,"href":"https:\/\/floridareprofreedom.org\/vi\/wp-json\/wp\/v2\/pages\/1553\/revisions"}],"predecessor-version":[{"id":1565,"href":"https:\/\/floridareprofreedom.org\/vi\/wp-json\/wp\/v2\/pages\/1553\/revisions\/1565"}],"wp:attachment":[{"href":"https:\/\/floridareprofreedom.org\/vi\/wp-json\/wp\/v2\/media?parent=1553"}],"wp:term":[{"taxonomy":"folder","embeddable":true,"href":"https:\/\/floridareprofreedom.org\/vi\/wp-json\/wp\/v2\/folder?post=1553"}],"curies":[{"name":"wp","href":"https:\/\/api.w.org\/{rel}","templated":true}]}}