{"id":1581,"date":"2021-01-19T17:21:25","date_gmt":"2021-01-19T17:21:25","guid":{"rendered":"https:\/\/floridareprofreedom.org\/?page_id=1581"},"modified":"2021-02-24T18:22:58","modified_gmt":"2021-02-24T18:22:58","slug":"bao-cao","status":"publish","type":"page","link":"https:\/\/floridareprofreedom.org\/vi\/report\/","title":{"rendered":"B\u00e1o c\u00e1o: Trung t\u00e2m Ch\u1ed1ng ph\u00e1 thai d\u00e0nh cho Ph\u1ee5 n\u1eef mang thai t\u1ea1i Florida"},"content":{"rendered":"<div data-elementor-type=\"wp-page\" data-elementor-id=\"1581\" class=\"elementor elementor-1581\" data-elementor-post-type=\"page\">\n\t\t\t\t\t\t<section class=\"elementor-section elementor-top-section elementor-element elementor-element-4bc6341c elementor-section-boxed elementor-section-height-default elementor-section-height-default\" data-id=\"4bc6341c\" data-element_type=\"section\" data-e-type=\"section\">\n\t\t\t\t\t\t<div class=\"elementor-container elementor-column-gap-default\">\n\t\t\t\t\t<div class=\"elementor-column elementor-col-100 elementor-top-column elementor-element elementor-element-145f8ba9\" data-id=\"145f8ba9\" data-element_type=\"column\" data-e-type=\"column\">\n\t\t\t<div class=\"elementor-widget-wrap elementor-element-populated\">\n\t\t\t\t\t\t<div class=\"elementor-element elementor-element-3e4274b7 elementor-widget elementor-widget-text-editor\" data-id=\"3e4274b7\" data-element_type=\"widget\" data-e-type=\"widget\" data-widget_type=\"text-editor.default\">\n\t\t\t\t<div class=\"elementor-widget-container\">\n\t\t\t\t\t\t\t\t\t<p>N\u0103m 2017, Nh\u00f3m C\u00f4ng t\u00e1c Ph\u00f2ng kh\u00e1m Gi\u1ea3 c\u1ee7a li\u00ean minh Ng\u01b0\u1eddi Florida v\u00ec T\u1ef1 do Sinh s\u1ea3n \u0111\u00e3 b\u1eaft \u0111\u1ea7u nghi\u00ean c\u1ee9u c\u00e1c trung t\u00e2m h\u1ed7 tr\u1ee3 thai s\u1ea3n ch\u1ed1ng ph\u00e1 thai \u1edf Florida \u0111\u1ec3 hi\u1ec3u r\u00f5 h\u01a1n v\u1ec1 ho\u1ea1t \u0111\u1ed9ng c\u1ee7a h\u1ecd. C\u00e1c th\u00e0nh vi\u00ean c\u1ee7a Nh\u00f3m C\u00f4ng t\u00e1c \u0111\u00e3 t\u00ecm ki\u1ebfm m\u1ed9t b\u1ee9c tranh r\u00f5 r\u00e0ng v\u1ec1 Ch\u01b0\u01a1ng tr\u00ecnh D\u1ecbch v\u1ee5 H\u1ed7 tr\u1ee3 Thai k\u1ef3 Florida c\u1ee7a ti\u1ec3u bang, ch\u01b0\u01a1ng tr\u00ecnh n\u00e0y \u0111\u00e3 h\u1ed7 tr\u1ee3 nhi\u1ec1u trung t\u00e2m h\u1ed7 tr\u1ee3 thai s\u1ea3n ch\u1ed1ng ph\u00e1 thai t\u1ea1i \u0111\u1ecba ph\u01b0\u01a1ng tr\u00ean kh\u1eafp Florida th\u00f4ng qua h\u1ee3p \u0111\u1ed3ng v\u1edbi M\u1ea1ng l\u01b0\u1edbi Ch\u0103m s\u00f3c Thai k\u1ef3 Florida, m\u1ed9t \u0111\u1ea1i l\u00fd t\u00e0i ch\u00ednh v\u00e0 nh\u00e0 th\u1ea7u c\u00f3 ban qu\u1ea3n tr\u1ecb g\u1ed3m nh\u1eefng ng\u01b0\u1eddi c\u1ef1c \u0111oan ch\u1ed1ng ph\u00e1 thai.<\/p><p>T\u1ef7 l\u1ec7 ph\u00e1 thai \u1edf Florida \u0111\u00e3 gi\u1ea3m k\u1ec3 t\u1eeb n\u0103m 2009. Tuy nhi\u00ean, ch\u00ednh quy\u1ec1n bang Florida v\u1eabn r\u00f3t h\u00e0ng tri\u1ec7u \u0111\u00f4 la ti\u1ec1n thu\u1ebf c\u1ee7a ng\u01b0\u1eddi d\u00e2n v\u00e0o c\u00e1c trung t\u00e2m h\u1ed7 tr\u1ee3 thai s\u1ea3n ch\u1ed1ng ph\u00e1 thai, nh\u1eefng n\u01a1i kh\u00f4ng cung c\u1ea5p d\u1ecbch v\u1ee5 y t\u1ebf. Thay v\u00e0o \u0111\u00f3, c\u00e1c trung t\u00e2m n\u00e0y qu\u1ea3ng b\u00e1 th\u00f4ng tin y t\u1ebf kh\u00f4ng ch\u00ednh x\u00e1c v\u00e0 n\u1ed9i dung t\u00f4n gi\u00e1o b\u1eb1ng ti\u1ec1n t\u00fai c\u1ee7a ng\u01b0\u1eddi d\u00e2n. Ch\u00ednh nh\u1eefng d\u1ecbch v\u1ee5 \u0111\u01b0\u1ee3c ho\u00e0n tr\u1ea3 cao n\u00e0y l\u1ea1i kh\u00f4ng ch\u1ecbu s\u1ef1 gi\u00e1m s\u00e1t ch\u1eb7t ch\u1ebd c\u1ee7a bang.<\/p><p>H\u1ee3p t\u00e1c v\u1edbi \u0111\u1ed1i t\u00e1c qu\u1ed1c gia, Equity Forward, v\u00e0 v\u1edbi s\u1ef1 l\u00e3nh \u0111\u1ea1o c\u1ee7a nh\u00e0 v\u0103n Julia C. Long, ch\u00fang t\u00f4i tr\u00ecnh b\u00e0y nh\u1eefng ph\u00e1t hi\u1ec7n c\u1ee7a m\u00ecnh <a href=\"https:\/\/floridareprofreedom.org\/wp-content\/uploads\/2021\/02\/Report-Anti-Abortion-Pregnancy-Centers-in-Florida.pdf\">qua t\u1ea3i xu\u1ed1ng PDF<\/a> ho\u1eb7c th\u00f4ng qua c\u00e1c li\u00ean k\u1ebft b\u00ean d\u01b0\u1edbi.<\/p>\t\t\t\t\t\t\t\t<\/div>\n\t\t\t\t<\/div>\n\t\t\t\t\t<\/div>\n\t\t<\/div>\n\t\t\t\t\t<\/div>\n\t\t<\/section>\n\t\t\t\t<section class=\"elementor-section elementor-top-section elementor-element elementor-element-965acd1 elementor-section-boxed elementor-section-height-default elementor-section-height-default\" data-id=\"965acd1\" data-element_type=\"section\" data-e-type=\"section\">\n\t\t\t\t\t\t<div class=\"elementor-container elementor-column-gap-default\">\n\t\t\t\t\t<div class=\"elementor-column elementor-col-33 elementor-top-column elementor-element elementor-element-1bc7826\" data-id=\"1bc7826\" data-element_type=\"column\" data-e-type=\"column\" data-settings=\"{&quot;background_background&quot;:&quot;classic&quot;}\">\n\t\t\t<div class=\"elementor-widget-wrap elementor-element-populated\">\n\t\t\t\t\t<div class=\"elementor-background-overlay\"><\/div>\n\t\t\t\t\t\t<div class=\"elementor-element elementor-element-db492af elementor-widget elementor-widget-heading\" data-id=\"db492af\" data-element_type=\"widget\" data-e-type=\"widget\" data-widget_type=\"heading.default\">\n\t\t\t\t<div class=\"elementor-widget-container\">\n\t\t\t\t\t<h2 class=\"elementor-heading-title elementor-size-default\"><a href=\"https:\/\/floridareprofreedom.org\/vi\/tom-tat-cua-giam-doc-dieu-hanh\/\" target=\"_blank\">T\u00f3m t\u1eaft \u0111i\u1ec1u h\u00e0nh<\/a><\/h2>\t\t\t\t<\/div>\n\t\t\t\t<\/div>\n\t\t\t\t<div class=\"elementor-element elementor-element-f6d5dc6 elementor-widget elementor-widget-text-editor\" data-id=\"f6d5dc6\" data-element_type=\"widget\" data-e-type=\"widget\" data-widget_type=\"text-editor.default\">\n\t\t\t\t<div class=\"elementor-widget-container\">\n\t\t\t\t\t\t\t\t\t<p>Nh\u1eefng ph\u00e1t hi\u1ec7n h\u00e0ng \u0111\u1ea7u<\/p>\t\t\t\t\t\t\t\t<\/div>\n\t\t\t\t<\/div>\n\t\t\t\t\t<\/div>\n\t\t<\/div>\n\t\t\t\t<div class=\"elementor-column elementor-col-33 elementor-top-column elementor-element elementor-element-da756eb\" data-id=\"da756eb\" data-element_type=\"column\" data-e-type=\"column\" data-settings=\"{&quot;background_background&quot;:&quot;classic&quot;}\">\n\t\t\t<div class=\"elementor-widget-wrap elementor-element-populated\">\n\t\t\t\t\t<div class=\"elementor-background-overlay\"><\/div>\n\t\t\t\t\t\t<div class=\"elementor-element elementor-element-b8c2bf5 elementor-widget elementor-widget-heading\" data-id=\"b8c2bf5\" data-element_type=\"widget\" data-e-type=\"widget\" data-widget_type=\"heading.default\">\n\t\t\t\t<div class=\"elementor-widget-container\">\n\t\t\t\t\t<h2 class=\"elementor-heading-title elementor-size-default\"><a href=\"https:\/\/floridareprofreedom.org\/vi\/fpssp\/\" target=\"_blank\">D\u1ecbch v\u1ee5 h\u1ed7 tr\u1ee3 mang thai<\/a><\/h2>\t\t\t\t<\/div>\n\t\t\t\t<\/div>\n\t\t\t\t<div class=\"elementor-element elementor-element-2ba44b2 elementor-widget elementor-widget-text-editor\" data-id=\"2ba44b2\" data-element_type=\"widget\" data-e-type=\"widget\" data-widget_type=\"text-editor.default\">\n\t\t\t\t<div class=\"elementor-widget-container\">\n\t\t\t\t\t\t\t\t\t<p>M\u1ed9t ch\u01b0\u01a1ng tr\u00ecnh c\u1ee7a DOH v\u1edbi s\u1ee9 m\u1ec7nh ch\u1ed1ng ph\u00e1 thai<\/p>\t\t\t\t\t\t\t\t<\/div>\n\t\t\t\t<\/div>\n\t\t\t\t\t<\/div>\n\t\t<\/div>\n\t\t\t\t<div class=\"elementor-column elementor-col-33 elementor-top-column elementor-element elementor-element-2c88051\" data-id=\"2c88051\" data-element_type=\"column\" data-e-type=\"column\" data-settings=\"{&quot;background_background&quot;:&quot;classic&quot;}\">\n\t\t\t<div class=\"elementor-widget-wrap elementor-element-populated\">\n\t\t\t\t\t<div class=\"elementor-background-overlay\"><\/div>\n\t\t\t\t\t\t<div class=\"elementor-element elementor-element-49b2774 elementor-widget elementor-widget-heading\" data-id=\"49b2774\" data-element_type=\"widget\" data-e-type=\"widget\" data-widget_type=\"heading.default\">\n\t\t\t\t<div class=\"elementor-widget-container\">\n\t\t\t\t\t<h2 class=\"elementor-heading-title elementor-size-default\"><a href=\"https:\/\/floridareprofreedom.org\/vi\/lich-su\/\" target=\"_blank\">Ch\u01b0\u01a1ng tr\u00ecnh K\u1ebf ho\u1ea1ch h\u00f3a Gia \u0111\u00ecnh v\u00e0 Ch\u01b0\u01a1ng tr\u00ecnh Ch\u1ed1ng Ph\u00e1 thai<\/a><\/h2>\t\t\t\t<\/div>\n\t\t\t\t<\/div>\n\t\t\t\t<div class=\"elementor-element elementor-element-5ba0762 elementor-widget elementor-widget-text-editor\" data-id=\"5ba0762\" data-element_type=\"widget\" data-e-type=\"widget\" data-widget_type=\"text-editor.default\">\n\t\t\t\t<div class=\"elementor-widget-container\">\n\t\t\t\t\t\t\t\t\t<p>L\u1ecbch s\u1eed t\u00e0i tr\u1ee3<\/p>\t\t\t\t\t\t\t\t<\/div>\n\t\t\t\t<\/div>\n\t\t\t\t\t<\/div>\n\t\t<\/div>\n\t\t\t\t\t<\/div>\n\t\t<\/section>\n\t\t\t\t<section class=\"elementor-section elementor-top-section elementor-element elementor-element-629cb1a elementor-section-boxed elementor-section-height-default elementor-section-height-default\" data-id=\"629cb1a\" data-element_type=\"section\" data-e-type=\"section\">\n\t\t\t\t\t\t<div class=\"elementor-container elementor-column-gap-default\">\n\t\t\t\t\t<div class=\"elementor-column elementor-col-33 elementor-top-column elementor-element elementor-element-f22f083\" data-id=\"f22f083\" data-element_type=\"column\" data-e-type=\"column\" data-settings=\"{&quot;background_background&quot;:&quot;classic&quot;}\">\n\t\t\t<div class=\"elementor-widget-wrap elementor-element-populated\">\n\t\t\t\t\t<div class=\"elementor-background-overlay\"><\/div>\n\t\t\t\t\t\t<div class=\"elementor-element elementor-element-e7dceee elementor-widget elementor-widget-heading\" data-id=\"e7dceee\" data-element_type=\"widget\" data-e-type=\"widget\" data-widget_type=\"heading.default\">\n\t\t\t\t<div class=\"elementor-widget-container\">\n\t\t\t\t\t<h3 class=\"elementor-heading-title elementor-size-default\"><a href=\"https:\/\/floridareprofreedom.org\/vi\/cac-nha-thau-phu\/\" target=\"_blank\">FPCN - M\u1ed9t t\u1ed5 ch\u1ee9c c\u1ee7a c\u00e1c nh\u00e0 th\u1ea7u ph\u1ee5 ch\u1ed1ng ph\u00e1 thai<\/a><\/h3>\t\t\t\t<\/div>\n\t\t\t\t<\/div>\n\t\t\t\t<div class=\"elementor-element elementor-element-8c65bcb elementor-widget elementor-widget-text-editor\" data-id=\"8c65bcb\" data-element_type=\"widget\" data-e-type=\"widget\" data-widget_type=\"text-editor.default\">\n\t\t\t\t<div class=\"elementor-widget-container\">\n\t\t\t\t\t\t\t\t\t<p>Chi ti\u00eau l\u00e3ng ph\u00ed, th\u00f4ng tin y t\u1ebf sai l\u1ec7ch, \u00e9p bu\u1ed9c t\u00f4n gi\u00e1o<\/p>\t\t\t\t\t\t\t\t<\/div>\n\t\t\t\t<\/div>\n\t\t\t\t\t<\/div>\n\t\t<\/div>\n\t\t\t\t<div class=\"elementor-column elementor-col-33 elementor-top-column elementor-element elementor-element-7bee0ed\" data-id=\"7bee0ed\" data-element_type=\"column\" data-e-type=\"column\" data-settings=\"{&quot;background_background&quot;:&quot;classic&quot;}\">\n\t\t\t<div class=\"elementor-widget-wrap elementor-element-populated\">\n\t\t\t\t\t<div class=\"elementor-background-overlay\"><\/div>\n\t\t\t\t\t\t<div class=\"elementor-element elementor-element-2baddf6 elementor-widget elementor-widget-heading\" data-id=\"2baddf6\" data-element_type=\"widget\" data-e-type=\"widget\" data-widget_type=\"heading.default\">\n\t\t\t\t<div class=\"elementor-widget-container\">\n\t\t\t\t\t<h2 class=\"elementor-heading-title elementor-size-default\"><a href=\"https:\/\/floridareprofreedom.org\/vi\/fpcn\/\" target=\"_blank\">FPCN - L\u00e3nh \u0111\u1ea1o C\u00f4ng \u0111o\u00e0n<\/a><\/h2>\t\t\t\t<\/div>\n\t\t\t\t<\/div>\n\t\t\t\t<div class=\"elementor-element elementor-element-58e8e27 elementor-widget elementor-widget-text-editor\" data-id=\"58e8e27\" data-element_type=\"widget\" data-e-type=\"widget\" data-widget_type=\"text-editor.default\">\n\t\t\t\t<div class=\"elementor-widget-container\">\n\t\t\t\t\t\t\t\t\t<p>L\u1ecbch s\u1eed v\u00e0 H\u1ed9i \u0111\u1ed3ng qu\u1ea3n tr\u1ecb<\/p>\t\t\t\t\t\t\t\t<\/div>\n\t\t\t\t<\/div>\n\t\t\t\t\t<\/div>\n\t\t<\/div>\n\t\t\t\t<div class=\"elementor-column elementor-col-33 elementor-top-column elementor-element elementor-element-a0d577e\" data-id=\"a0d577e\" data-element_type=\"column\" data-e-type=\"column\" data-settings=\"{&quot;background_background&quot;:&quot;classic&quot;}\">\n\t\t\t<div class=\"elementor-widget-wrap elementor-element-populated\">\n\t\t\t\t\t<div class=\"elementor-background-overlay\"><\/div>\n\t\t\t\t\t\t<div class=\"elementor-element elementor-element-a3e3fa5 elementor-widget elementor-widget-heading\" data-id=\"a3e3fa5\" data-element_type=\"widget\" data-e-type=\"widget\" data-widget_type=\"heading.default\">\n\t\t\t\t<div class=\"elementor-widget-container\">\n\t\t\t\t\t<h2 class=\"elementor-heading-title elementor-size-default\"><a href=\"https:\/\/floridareprofreedom.org\/vi\/phan-ket-luan\/\" target=\"_blank\">Ph\u1ea7n k\u1ebft lu\u1eadn<\/a><\/h2>\t\t\t\t<\/div>\n\t\t\t\t<\/div>\n\t\t\t\t<div class=\"elementor-element elementor-element-ee88462 elementor-widget elementor-widget-text-editor\" data-id=\"ee88462\" data-element_type=\"widget\" data-e-type=\"widget\" data-widget_type=\"text-editor.default\">\n\t\t\t\t<div class=\"elementor-widget-container\">\n\t\t\t\t\t\t\t\t\t<p>Florida s\u1ebd \u0111i v\u1ec1 \u0111\u00e2u t\u1eeb \u0111\u00e2y?<\/p>\t\t\t\t\t\t\t\t<\/div>\n\t\t\t\t<\/div>\n\t\t\t\t\t<\/div>\n\t\t<\/div>\n\t\t\t\t\t<\/div>\n\t\t<\/section>\n\t\t\t\t<\/div>","protected":false},"excerpt":{"rendered":"<p>In 2017, the Floridians for Reproductive Freedom coalition&#8217;s Fake Clinic Work Group began researching anti-abortion pregnancy centers in Florida to gain better understanding of their operations. Work Group members sought a clear picture of the state&#8217;s Florida Pregnancy Support Services Program which fuels many local anti-abortion pregnancy centers across Florida via a contract with Florida [&hellip;]<\/p>\n","protected":false},"author":3,"featured_media":0,"parent":0,"menu_order":0,"comment_status":"closed","ping_status":"closed","template":"","meta":{"footnotes":""},"folder":[17],"class_list":["post-1581","page","type-page","status-publish","hentry"],"yoast_head":"<!-- This site is optimized with the Yoast SEO plugin v27.4 - https:\/\/yoast.com\/product\/yoast-seo-wordpress\/ -->\n<title>Report: Anti-Abortion Pregnancy Centers in Florida - Floridians For Reproductive Freedom<\/title>\n<meta name=\"robots\" content=\"index, follow, max-snippet:-1, max-image-preview:large, max-video-preview:-1\" \/>\n<link rel=\"canonical\" href=\"https:\/\/floridareprofreedom.org\/vi\/bao-cao\/\" \/>\n<meta property=\"og:locale\" content=\"vi_VN\" \/>\n<meta property=\"og:type\" content=\"article\" \/>\n<meta property=\"og:title\" content=\"Report: Anti-Abortion Pregnancy Centers in Florida - Floridians For Reproductive Freedom\" \/>\n<meta property=\"og:description\" content=\"In 2017, the Floridians for Reproductive Freedom coalition&#8217;s Fake Clinic Work Group began researching anti-abortion pregnancy centers in Florida to gain better understanding of their operations. Work Group members sought a clear picture of the state&#8217;s Florida Pregnancy Support Services Program which fuels many local anti-abortion pregnancy centers across Florida via a contract with Florida [&hellip;]\" \/>\n<meta property=\"og:url\" content=\"https:\/\/floridareprofreedom.org\/vi\/bao-cao\/\" \/>\n<meta property=\"og:site_name\" content=\"Floridians For Reproductive Freedom\" \/>\n<meta property=\"article:publisher\" content=\"https:\/\/www.facebook.com\/FloridaReproFreedom\/\" \/>\n<meta property=\"article:modified_time\" content=\"2021-02-24T18:22:58+00:00\" \/>\n<meta name=\"twitter:card\" content=\"summary_large_image\" \/>\n<meta name=\"twitter:site\" content=\"@FLReproFreedom\" \/>\n<meta name=\"twitter:label1\" content=\"\u01af\u1edbc t\u00ednh th\u1eddi gian \u0111\u1ecdc\" \/>\n\t<meta name=\"twitter:data1\" content=\"1 ph\u00fat\" \/>\n<script type=\"application\/ld+json\" class=\"yoast-schema-graph\">{\"@context\":\"https:\\\/\\\/schema.org\",\"@graph\":[{\"@type\":\"WebPage\",\"@id\":\"https:\\\/\\\/floridareprofreedom.org\\\/report\\\/\",\"url\":\"https:\\\/\\\/floridareprofreedom.org\\\/report\\\/\",\"name\":\"Report: Anti-Abortion Pregnancy Centers in Florida - Floridians For Reproductive Freedom\",\"isPartOf\":{\"@id\":\"https:\\\/\\\/floridareprofreedom.org\\\/#website\"},\"datePublished\":\"2021-01-19T17:21:25+00:00\",\"dateModified\":\"2021-02-24T18:22:58+00:00\",\"breadcrumb\":{\"@id\":\"https:\\\/\\\/floridareprofreedom.org\\\/report\\\/#breadcrumb\"},\"inLanguage\":\"vi\",\"potentialAction\":[{\"@type\":\"ReadAction\",\"target\":[\"https:\\\/\\\/floridareprofreedom.org\\\/report\\\/\"]}]},{\"@type\":\"BreadcrumbList\",\"@id\":\"https:\\\/\\\/floridareprofreedom.org\\\/report\\\/#breadcrumb\",\"itemListElement\":[{\"@type\":\"ListItem\",\"position\":1,\"name\":\"Home\",\"item\":\"https:\\\/\\\/floridareprofreedom.org\\\/\"},{\"@type\":\"ListItem\",\"position\":2,\"name\":\"Report: Anti-Abortion Pregnancy Centers in Florida\"}]},{\"@type\":\"WebSite\",\"@id\":\"https:\\\/\\\/floridareprofreedom.org\\\/#website\",\"url\":\"https:\\\/\\\/floridareprofreedom.org\\\/\",\"name\":\"Floridians For Reproductive Freedom\",\"description\":\"Advocating for convenient, affordable, and safe access to reproductive health care, including abortion.\",\"publisher\":{\"@id\":\"https:\\\/\\\/floridareprofreedom.org\\\/#organization\"},\"potentialAction\":[{\"@type\":\"SearchAction\",\"target\":{\"@type\":\"EntryPoint\",\"urlTemplate\":\"https:\\\/\\\/floridareprofreedom.org\\\/?s={search_term_string}\"},\"query-input\":{\"@type\":\"PropertyValueSpecification\",\"valueRequired\":true,\"valueName\":\"search_term_string\"}}],\"inLanguage\":\"vi\"},{\"@type\":\"Organization\",\"@id\":\"https:\\\/\\\/floridareprofreedom.org\\\/#organization\",\"name\":\"Floridians for Reproductive Freedom\",\"url\":\"https:\\\/\\\/floridareprofreedom.org\\\/\",\"logo\":{\"@type\":\"ImageObject\",\"inLanguage\":\"vi\",\"@id\":\"https:\\\/\\\/floridareprofreedom.org\\\/#\\\/schema\\\/logo\\\/image\\\/\",\"url\":\"https:\\\/\\\/floridareprofreedom.org\\\/wp-content\\\/uploads\\\/2019\\\/05\\\/Untitled.jpg\",\"contentUrl\":\"https:\\\/\\\/floridareprofreedom.org\\\/wp-content\\\/uploads\\\/2019\\\/05\\\/Untitled.jpg\",\"width\":174,\"height\":180,\"caption\":\"Floridians for Reproductive Freedom\"},\"image\":{\"@id\":\"https:\\\/\\\/floridareprofreedom.org\\\/#\\\/schema\\\/logo\\\/image\\\/\"},\"sameAs\":[\"https:\\\/\\\/www.facebook.com\\\/FloridaReproFreedom\\\/\",\"https:\\\/\\\/x.com\\\/FLReproFreedom\",\"https:\\\/\\\/www.instagram.com\\\/floridareprofreedom\\\/\"]}]}<\/script>\n<!-- \/ Yoast SEO plugin. -->","yoast_head_json":{"title":"B\u00e1o c\u00e1o: C\u00e1c Trung t\u00e2m Ch\u1ed1ng Ph\u00e1 thai t\u1ea1i Florida - Ng\u01b0\u1eddi Florida V\u00ec T\u1ef1 do Sinh s\u1ea3n","robots":{"index":"index","follow":"follow","max-snippet":"max-snippet:-1","max-image-preview":"max-image-preview:large","max-video-preview":"max-video-preview:-1"},"canonical":"https:\/\/floridareprofreedom.org\/vi\/bao-cao\/","og_locale":"vi_VN","og_type":"article","og_title":"Report: Anti-Abortion Pregnancy Centers in Florida - Floridians For Reproductive Freedom","og_description":"In 2017, the Floridians for Reproductive Freedom coalition&#8217;s Fake Clinic Work Group began researching anti-abortion pregnancy centers in Florida to gain better understanding of their operations. Work Group members sought a clear picture of the state&#8217;s Florida Pregnancy Support Services Program which fuels many local anti-abortion pregnancy centers across Florida via a contract with Florida [&hellip;]","og_url":"https:\/\/floridareprofreedom.org\/vi\/bao-cao\/","og_site_name":"Floridians For Reproductive Freedom","article_publisher":"https:\/\/www.facebook.com\/FloridaReproFreedom\/","article_modified_time":"2021-02-24T18:22:58+00:00","twitter_card":"summary_large_image","twitter_site":"@FLReproFreedom","twitter_misc":{"\u01af\u1edbc t\u00ednh th\u1eddi gian \u0111\u1ecdc":"1 ph\u00fat"},"schema":{"@context":"https:\/\/schema.org","@graph":[{"@type":"WebPage","@id":"https:\/\/floridareprofreedom.org\/report\/","url":"https:\/\/floridareprofreedom.org\/report\/","name":"B\u00e1o c\u00e1o: C\u00e1c Trung t\u00e2m Ch\u1ed1ng Ph\u00e1 thai t\u1ea1i Florida - Ng\u01b0\u1eddi Florida V\u00ec T\u1ef1 do Sinh s\u1ea3n","isPartOf":{"@id":"https:\/\/floridareprofreedom.org\/#website"},"datePublished":"2021-01-19T17:21:25+00:00","dateModified":"2021-02-24T18:22:58+00:00","breadcrumb":{"@id":"https:\/\/floridareprofreedom.org\/report\/#breadcrumb"},"inLanguage":"vi","potentialAction":[{"@type":"ReadAction","target":["https:\/\/floridareprofreedom.org\/report\/"]}]},{"@type":"BreadcrumbList","@id":"https:\/\/floridareprofreedom.org\/report\/#breadcrumb","itemListElement":[{"@type":"ListItem","position":1,"name":"Home","item":"https:\/\/floridareprofreedom.org\/"},{"@type":"ListItem","position":2,"name":"Report: Anti-Abortion Pregnancy Centers in Florida"}]},{"@type":"WebSite","@id":"https:\/\/floridareprofreedom.org\/#website","url":"https:\/\/floridareprofreedom.org\/","name":"Ng\u01b0\u1eddi Florida v\u00ec T\u1ef1 do Sinh s\u1ea3n","description":"V\u1eadn \u0111\u1ed9ng cho vi\u1ec7c ti\u1ebfp c\u1eadn d\u1ecbch v\u1ee5 ch\u0103m s\u00f3c s\u1ee9c kh\u1ecfe sinh s\u1ea3n, bao g\u1ed3m c\u1ea3 ph\u00e1 thai, m\u1ed9t c\u00e1ch thu\u1eadn ti\u1ec7n, gi\u00e1 c\u1ea3 ph\u1ea3i ch\u0103ng v\u00e0 an to\u00e0n.","publisher":{"@id":"https:\/\/floridareprofreedom.org\/#organization"},"potentialAction":[{"@type":"SearchAction","target":{"@type":"EntryPoint","urlTemplate":"https:\/\/floridareprofreedom.org\/?s={search_term_string}"},"query-input":{"@type":"PropertyValueSpecification","valueRequired":true,"valueName":"search_term_string"}}],"inLanguage":"vi"},{"@type":"Organization","@id":"https:\/\/floridareprofreedom.org\/#organization","name":"Ng\u01b0\u1eddi Florida v\u00ec T\u1ef1 do Sinh s\u1ea3n","url":"https:\/\/floridareprofreedom.org\/","logo":{"@type":"ImageObject","inLanguage":"vi","@id":"https:\/\/floridareprofreedom.org\/#\/schema\/logo\/image\/","url":"https:\/\/floridareprofreedom.org\/wp-content\/uploads\/2019\/05\/Untitled.jpg","contentUrl":"https:\/\/floridareprofreedom.org\/wp-content\/uploads\/2019\/05\/Untitled.jpg","width":174,"height":180,"caption":"Floridians for Reproductive Freedom"},"image":{"@id":"https:\/\/floridareprofreedom.org\/#\/schema\/logo\/image\/"},"sameAs":["https:\/\/www.facebook.com\/FloridaReproFreedom\/","https:\/\/x.com\/FLReproFreedom","https:\/\/www.instagram.com\/floridareprofreedom\/"]}]}},"_links":{"self":[{"href":"https:\/\/floridareprofreedom.org\/vi\/wp-json\/wp\/v2\/pages\/1581","targetHints":{"allow":["GET"]}}],"collection":[{"href":"https:\/\/floridareprofreedom.org\/vi\/wp-json\/wp\/v2\/pages"}],"about":[{"href":"https:\/\/floridareprofreedom.org\/vi\/wp-json\/wp\/v2\/types\/page"}],"author":[{"embeddable":true,"href":"https:\/\/floridareprofreedom.org\/vi\/wp-json\/wp\/v2\/users\/3"}],"replies":[{"embeddable":true,"href":"https:\/\/floridareprofreedom.org\/vi\/wp-json\/wp\/v2\/comments?post=1581"}],"version-history":[{"count":77,"href":"https:\/\/floridareprofreedom.org\/vi\/wp-json\/wp\/v2\/pages\/1581\/revisions"}],"predecessor-version":[{"id":1907,"href":"https:\/\/floridareprofreedom.org\/vi\/wp-json\/wp\/v2\/pages\/1581\/revisions\/1907"}],"wp:attachment":[{"href":"https:\/\/floridareprofreedom.org\/vi\/wp-json\/wp\/v2\/media?parent=1581"}],"wp:term":[{"taxonomy":"folder","embeddable":true,"href":"https:\/\/floridareprofreedom.org\/vi\/wp-json\/wp\/v2\/folder?post=1581"}],"curies":[{"name":"wp","href":"https:\/\/api.w.org\/{rel}","templated":true}]}}