{"id":1609,"date":"2021-01-19T17:20:01","date_gmt":"2021-01-19T17:20:01","guid":{"rendered":"https:\/\/floridareprofreedom.org\/?page_id=1609"},"modified":"2025-09-03T19:22:44","modified_gmt":"2025-09-03T19:22:44","slug":"phan-ket-luan","status":"publish","type":"page","link":"https:\/\/floridareprofreedom.org\/vi\/conclusion\/","title":{"rendered":"Ph\u1ea7n k\u1ebft lu\u1eadn"},"content":{"rendered":"<p>T\u1ea1i th\u1eddi \u0111i\u1ec3m vi\u1ebft b\u00e1o c\u00e1o n\u00e0y, C\u01a1 quan L\u1eadp ph\u00e1p Florida \u0111\u00e3 ph\u00e2n b\u1ed5 $4 tri\u1ec7u \u0111\u00f4 la ti\u1ec1n thu\u1ebf c\u1ee7a ng\u01b0\u1eddi d\u00e2n m\u1ed7i n\u0103m cho Ch\u01b0\u01a1ng tr\u00ecnh D\u1ecbch v\u1ee5 H\u1ed7 tr\u1ee3 Mang thai Florida. Hi\u1ec7n t\u1ea1i, h\u1ecd ph\u00e2n b\u1ed5 $29,5 tri\u1ec7u \u0111\u00f4 la \u0111\u1ec3 \u00e9p bu\u1ed9c ng\u01b0\u1eddi d\u00e2n Florida \u0111ang mang thai kh\u00f4ng t\u00ecm ki\u1ebfm d\u1ecbch v\u1ee5 ph\u00e1 thai. C\u00e1c trung t\u00e2m ch\u1ed1ng ph\u00e1 thai nh\u1eadn \u0111\u01b0\u1ee3c ph\u1ea7n l\u1edbn ti\u1ec1n thu\u1ebf c\u1ee7a ng\u01b0\u1eddi d\u00e2n th\u00f4ng qua ch\u01b0\u01a1ng tr\u00ecnh n\u00e0y v\u00e0 vi ph\u1ea1m tr\u1ef1c ti\u1ebfp lu\u1eadt ph\u00e1p, d\u01b0\u1eddng nh\u01b0 c\u00e1c trung t\u00e2m n\u00e0y v\u1eeba truy\u1ec1n b\u00e1 th\u00f4ng tin y khoa kh\u00f4ng ch\u00ednh x\u00e1c v\u00e0 nguy hi\u1ec3m, t\u1ea5t c\u1ea3 nh\u1eb1m g\u00e2y \u00e1p l\u1ef1c bu\u1ed9c ng\u01b0\u1eddi mang thai ph\u1ea3i mang thai \u0111\u1ee7 th\u00e1ng.<\/p>\n<p>Cho \u0111\u1ebfn khi ng\u01b0\u1eddi n\u1ed9p thu\u1ebf c\u00f3 th\u1ec3 y\u00ean t\u00e2m r\u1eb1ng c\u00e1c trung t\u00e2m n\u00e0y tu\u00e2n th\u1ee7 c\u00e1c ti\u00eau chu\u1ea9n \u0111\u1ea1o \u0111\u1ee9c c\u1ee7a c\u00e1c c\u01a1 s\u1edf y t\u1ebf \u0111\u01b0\u1ee3c c\u1ea5p ph\u00e9p, cung c\u1ea5p l\u1eddi khuy\u00ean y t\u1ebf h\u1ee3p l\u00fd v\u00e0 kh\u00f4ng g\u00e2y h\u1ea1i, ti\u1ec3u bang Florida kh\u00f4ng n\u00ean tr\u1ef1c ti\u1ebfp ho\u1eb7c gi\u00e1n ti\u1ebfp t\u00e0i tr\u1ee3 cho c\u00e1c trung t\u00e2m mang thai ch\u1ed1ng ph\u00e1 thai.<\/p>\n<p style=\"text-align: center;\"><strong>Gh\u00e9 th\u0103m ch\u00fang t\u00f4i <a href=\"https:\/\/floridareprofreedom.org\/vi\/phong-kham-gia\/\">Trang h\u00e0nh \u0111\u1ed9ng<\/a> \u0111\u1ec3 t\u00ecm hi\u1ec3u v\u1ec1 c\u00e1c h\u00e0nh \u0111\u1ed9ng c\u1ee5 th\u1ec3 m\u00e0 li\u00ean minh c\u1ee7a ch\u00fang t\u00f4i \u0111ang th\u1ef1c hi\u1ec7n \u0111\u1ec3 thu h\u00fat s\u1ef1 ch\u00fa \u00fd \u0111\u1ebfn c\u00e1c v\u1ea5n \u0111\u1ec1 li\u00ean quan \u0111\u1ebfn vi\u1ec7c t\u00e0i tr\u1ee3 c\u00f4ng cho c\u00e1c trung t\u00e2m h\u1ed7 tr\u1ee3 thai k\u1ef3 ch\u1ed1ng ph\u00e1 thai.<\/strong><\/p>\n<p><a href=\"https:\/\/floridareprofreedom.org\/vi\/fpcn\/\"><img decoding=\"async\" class=\"alignnone wp-image-1625 size-full aligncenter\" src=\"https:\/\/floridareprofreedom.org\/wp-content\/uploads\/2021\/01\/previous.gif\" alt=\"\" width=\"143\" height=\"31\" \/><\/a><\/p>\n<p style=\"text-align: center;\"><a href=\"https:\/\/floridareprofreedom.org\/vi\/bao-cao\/\">Quay l\u1ea1i Trang ch\u1ee7 B\u00e1o c\u00e1o<\/a><\/p>","protected":false},"excerpt":{"rendered":"<p>At the time of writing this report, the Florida Legislature allocated $4 million a year of taxpayer funds to the Florida Pregnancy Support Services Program. Now, they allocate $29.5 million to coerce pregnant Floridians away from seeking abortion services. Anti-abortion\u00a0 centers receive the majority of taxpayer money through this program and in direct contravention of [&hellip;]<\/p>\n","protected":false},"author":3,"featured_media":0,"parent":0,"menu_order":0,"comment_status":"closed","ping_status":"closed","template":"","meta":{"footnotes":""},"folder":[17],"class_list":["post-1609","page","type-page","status-publish","hentry"],"yoast_head":"<!-- This site is optimized with the Yoast SEO plugin v27.3 - https:\/\/yoast.com\/product\/yoast-seo-wordpress\/ -->\n<title>Conclusion - Floridians For Reproductive Freedom<\/title>\n<meta name=\"robots\" content=\"index, follow, max-snippet:-1, max-image-preview:large, max-video-preview:-1\" \/>\n<link rel=\"canonical\" href=\"https:\/\/floridareprofreedom.org\/vi\/phan-ket-luan\/\" \/>\n<meta property=\"og:locale\" content=\"vi_VN\" \/>\n<meta property=\"og:type\" content=\"article\" \/>\n<meta property=\"og:title\" content=\"Conclusion - Floridians For Reproductive Freedom\" \/>\n<meta property=\"og:description\" content=\"At the time of writing this report, the Florida Legislature allocated $4 million a year of taxpayer funds to the Florida Pregnancy Support Services Program. Now, they allocate $29.5 million to coerce pregnant Floridians away from seeking abortion services. Anti-abortion\u00a0 centers receive the majority of taxpayer money through this program and in direct contravention of [&hellip;]\" \/>\n<meta property=\"og:url\" content=\"https:\/\/floridareprofreedom.org\/vi\/phan-ket-luan\/\" \/>\n<meta property=\"og:site_name\" content=\"Floridians For Reproductive Freedom\" \/>\n<meta property=\"article:publisher\" content=\"https:\/\/www.facebook.com\/FloridaReproFreedom\/\" \/>\n<meta property=\"article:modified_time\" content=\"2025-09-03T19:22:44+00:00\" \/>\n<meta property=\"og:image\" content=\"https:\/\/floridareprofreedom.org\/wp-content\/uploads\/2021\/01\/previous.gif\" \/>\n\t<meta property=\"og:image:width\" content=\"143\" \/>\n\t<meta property=\"og:image:height\" content=\"31\" \/>\n\t<meta property=\"og:image:type\" content=\"image\/gif\" \/>\n<meta name=\"twitter:card\" content=\"summary_large_image\" \/>\n<meta name=\"twitter:site\" content=\"@FLReproFreedom\" \/>\n<meta name=\"twitter:label1\" content=\"\u01af\u1edbc t\u00ednh th\u1eddi gian \u0111\u1ecdc\" \/>\n\t<meta name=\"twitter:data1\" content=\"1 ph\u00fat\" \/>\n<script type=\"application\/ld+json\" class=\"yoast-schema-graph\">{\"@context\":\"https:\\\/\\\/schema.org\",\"@graph\":[{\"@type\":\"WebPage\",\"@id\":\"https:\\\/\\\/floridareprofreedom.org\\\/conclusion\\\/\",\"url\":\"https:\\\/\\\/floridareprofreedom.org\\\/conclusion\\\/\",\"name\":\"Conclusion - Floridians For Reproductive Freedom\",\"isPartOf\":{\"@id\":\"https:\\\/\\\/floridareprofreedom.org\\\/#website\"},\"primaryImageOfPage\":{\"@id\":\"https:\\\/\\\/floridareprofreedom.org\\\/conclusion\\\/#primaryimage\"},\"image\":{\"@id\":\"https:\\\/\\\/floridareprofreedom.org\\\/conclusion\\\/#primaryimage\"},\"thumbnailUrl\":\"https:\\\/\\\/floridareprofreedom.org\\\/wp-content\\\/uploads\\\/2021\\\/01\\\/previous.gif\",\"datePublished\":\"2021-01-19T17:20:01+00:00\",\"dateModified\":\"2025-09-03T19:22:44+00:00\",\"breadcrumb\":{\"@id\":\"https:\\\/\\\/floridareprofreedom.org\\\/conclusion\\\/#breadcrumb\"},\"inLanguage\":\"vi\",\"potentialAction\":[{\"@type\":\"ReadAction\",\"target\":[\"https:\\\/\\\/floridareprofreedom.org\\\/conclusion\\\/\"]}]},{\"@type\":\"ImageObject\",\"inLanguage\":\"vi\",\"@id\":\"https:\\\/\\\/floridareprofreedom.org\\\/conclusion\\\/#primaryimage\",\"url\":\"https:\\\/\\\/floridareprofreedom.org\\\/wp-content\\\/uploads\\\/2021\\\/01\\\/previous.gif\",\"contentUrl\":\"https:\\\/\\\/floridareprofreedom.org\\\/wp-content\\\/uploads\\\/2021\\\/01\\\/previous.gif\"},{\"@type\":\"BreadcrumbList\",\"@id\":\"https:\\\/\\\/floridareprofreedom.org\\\/conclusion\\\/#breadcrumb\",\"itemListElement\":[{\"@type\":\"ListItem\",\"position\":1,\"name\":\"Home\",\"item\":\"https:\\\/\\\/floridareprofreedom.org\\\/\"},{\"@type\":\"ListItem\",\"position\":2,\"name\":\"Conclusion\"}]},{\"@type\":\"WebSite\",\"@id\":\"https:\\\/\\\/floridareprofreedom.org\\\/#website\",\"url\":\"https:\\\/\\\/floridareprofreedom.org\\\/\",\"name\":\"Floridians For Reproductive Freedom\",\"description\":\"Advocating for convenient, affordable, and safe access to reproductive health care, including abortion.\",\"publisher\":{\"@id\":\"https:\\\/\\\/floridareprofreedom.org\\\/#organization\"},\"potentialAction\":[{\"@type\":\"SearchAction\",\"target\":{\"@type\":\"EntryPoint\",\"urlTemplate\":\"https:\\\/\\\/floridareprofreedom.org\\\/?s={search_term_string}\"},\"query-input\":{\"@type\":\"PropertyValueSpecification\",\"valueRequired\":true,\"valueName\":\"search_term_string\"}}],\"inLanguage\":\"vi\"},{\"@type\":\"Organization\",\"@id\":\"https:\\\/\\\/floridareprofreedom.org\\\/#organization\",\"name\":\"Floridians for Reproductive Freedom\",\"url\":\"https:\\\/\\\/floridareprofreedom.org\\\/\",\"logo\":{\"@type\":\"ImageObject\",\"inLanguage\":\"vi\",\"@id\":\"https:\\\/\\\/floridareprofreedom.org\\\/#\\\/schema\\\/logo\\\/image\\\/\",\"url\":\"https:\\\/\\\/floridareprofreedom.org\\\/wp-content\\\/uploads\\\/2019\\\/05\\\/Untitled.jpg\",\"contentUrl\":\"https:\\\/\\\/floridareprofreedom.org\\\/wp-content\\\/uploads\\\/2019\\\/05\\\/Untitled.jpg\",\"width\":174,\"height\":180,\"caption\":\"Floridians for Reproductive Freedom\"},\"image\":{\"@id\":\"https:\\\/\\\/floridareprofreedom.org\\\/#\\\/schema\\\/logo\\\/image\\\/\"},\"sameAs\":[\"https:\\\/\\\/www.facebook.com\\\/FloridaReproFreedom\\\/\",\"https:\\\/\\\/x.com\\\/FLReproFreedom\",\"https:\\\/\\\/www.instagram.com\\\/floridareprofreedom\\\/\"]}]}<\/script>\n<!-- \/ Yoast SEO plugin. -->","yoast_head_json":{"title":"K\u1ebft lu\u1eadn - Ng\u01b0\u1eddi Florida V\u00ec T\u1ef1 Do Sinh S\u1ea3n","robots":{"index":"index","follow":"follow","max-snippet":"max-snippet:-1","max-image-preview":"max-image-preview:large","max-video-preview":"max-video-preview:-1"},"canonical":"https:\/\/floridareprofreedom.org\/vi\/phan-ket-luan\/","og_locale":"vi_VN","og_type":"article","og_title":"Conclusion - Floridians For Reproductive Freedom","og_description":"At the time of writing this report, the Florida Legislature allocated $4 million a year of taxpayer funds to the Florida Pregnancy Support Services Program. Now, they allocate $29.5 million to coerce pregnant Floridians away from seeking abortion services. Anti-abortion\u00a0 centers receive the majority of taxpayer money through this program and in direct contravention of [&hellip;]","og_url":"https:\/\/floridareprofreedom.org\/vi\/phan-ket-luan\/","og_site_name":"Floridians For Reproductive Freedom","article_publisher":"https:\/\/www.facebook.com\/FloridaReproFreedom\/","article_modified_time":"2025-09-03T19:22:44+00:00","og_image":[{"width":143,"height":31,"url":"https:\/\/floridareprofreedom.org\/wp-content\/uploads\/2021\/01\/previous.gif","type":"image\/gif"}],"twitter_card":"summary_large_image","twitter_site":"@FLReproFreedom","twitter_misc":{"\u01af\u1edbc t\u00ednh th\u1eddi gian \u0111\u1ecdc":"1 ph\u00fat"},"schema":{"@context":"https:\/\/schema.org","@graph":[{"@type":"WebPage","@id":"https:\/\/floridareprofreedom.org\/conclusion\/","url":"https:\/\/floridareprofreedom.org\/conclusion\/","name":"K\u1ebft lu\u1eadn - Ng\u01b0\u1eddi Florida V\u00ec T\u1ef1 Do Sinh S\u1ea3n","isPartOf":{"@id":"https:\/\/floridareprofreedom.org\/#website"},"primaryImageOfPage":{"@id":"https:\/\/floridareprofreedom.org\/conclusion\/#primaryimage"},"image":{"@id":"https:\/\/floridareprofreedom.org\/conclusion\/#primaryimage"},"thumbnailUrl":"https:\/\/floridareprofreedom.org\/wp-content\/uploads\/2021\/01\/previous.gif","datePublished":"2021-01-19T17:20:01+00:00","dateModified":"2025-09-03T19:22:44+00:00","breadcrumb":{"@id":"https:\/\/floridareprofreedom.org\/conclusion\/#breadcrumb"},"inLanguage":"vi","potentialAction":[{"@type":"ReadAction","target":["https:\/\/floridareprofreedom.org\/conclusion\/"]}]},{"@type":"ImageObject","inLanguage":"vi","@id":"https:\/\/floridareprofreedom.org\/conclusion\/#primaryimage","url":"https:\/\/floridareprofreedom.org\/wp-content\/uploads\/2021\/01\/previous.gif","contentUrl":"https:\/\/floridareprofreedom.org\/wp-content\/uploads\/2021\/01\/previous.gif"},{"@type":"BreadcrumbList","@id":"https:\/\/floridareprofreedom.org\/conclusion\/#breadcrumb","itemListElement":[{"@type":"ListItem","position":1,"name":"Home","item":"https:\/\/floridareprofreedom.org\/"},{"@type":"ListItem","position":2,"name":"Conclusion"}]},{"@type":"WebSite","@id":"https:\/\/floridareprofreedom.org\/#website","url":"https:\/\/floridareprofreedom.org\/","name":"Ng\u01b0\u1eddi Florida v\u00ec T\u1ef1 do Sinh s\u1ea3n","description":"V\u1eadn \u0111\u1ed9ng cho vi\u1ec7c ti\u1ebfp c\u1eadn d\u1ecbch v\u1ee5 ch\u0103m s\u00f3c s\u1ee9c kh\u1ecfe sinh s\u1ea3n, bao g\u1ed3m c\u1ea3 ph\u00e1 thai, m\u1ed9t c\u00e1ch thu\u1eadn ti\u1ec7n, gi\u00e1 c\u1ea3 ph\u1ea3i ch\u0103ng v\u00e0 an to\u00e0n.","publisher":{"@id":"https:\/\/floridareprofreedom.org\/#organization"},"potentialAction":[{"@type":"SearchAction","target":{"@type":"EntryPoint","urlTemplate":"https:\/\/floridareprofreedom.org\/?s={search_term_string}"},"query-input":{"@type":"PropertyValueSpecification","valueRequired":true,"valueName":"search_term_string"}}],"inLanguage":"vi"},{"@type":"Organization","@id":"https:\/\/floridareprofreedom.org\/#organization","name":"Ng\u01b0\u1eddi Florida v\u00ec T\u1ef1 do Sinh s\u1ea3n","url":"https:\/\/floridareprofreedom.org\/","logo":{"@type":"ImageObject","inLanguage":"vi","@id":"https:\/\/floridareprofreedom.org\/#\/schema\/logo\/image\/","url":"https:\/\/floridareprofreedom.org\/wp-content\/uploads\/2019\/05\/Untitled.jpg","contentUrl":"https:\/\/floridareprofreedom.org\/wp-content\/uploads\/2019\/05\/Untitled.jpg","width":174,"height":180,"caption":"Floridians for Reproductive Freedom"},"image":{"@id":"https:\/\/floridareprofreedom.org\/#\/schema\/logo\/image\/"},"sameAs":["https:\/\/www.facebook.com\/FloridaReproFreedom\/","https:\/\/x.com\/FLReproFreedom","https:\/\/www.instagram.com\/floridareprofreedom\/"]}]}},"_links":{"self":[{"href":"https:\/\/floridareprofreedom.org\/vi\/wp-json\/wp\/v2\/pages\/1609","targetHints":{"allow":["GET"]}}],"collection":[{"href":"https:\/\/floridareprofreedom.org\/vi\/wp-json\/wp\/v2\/pages"}],"about":[{"href":"https:\/\/floridareprofreedom.org\/vi\/wp-json\/wp\/v2\/types\/page"}],"author":[{"embeddable":true,"href":"https:\/\/floridareprofreedom.org\/vi\/wp-json\/wp\/v2\/users\/3"}],"replies":[{"embeddable":true,"href":"https:\/\/floridareprofreedom.org\/vi\/wp-json\/wp\/v2\/comments?post=1609"}],"version-history":[{"count":7,"href":"https:\/\/floridareprofreedom.org\/vi\/wp-json\/wp\/v2\/pages\/1609\/revisions"}],"predecessor-version":[{"id":4228,"href":"https:\/\/floridareprofreedom.org\/vi\/wp-json\/wp\/v2\/pages\/1609\/revisions\/4228"}],"wp:attachment":[{"href":"https:\/\/floridareprofreedom.org\/vi\/wp-json\/wp\/v2\/media?parent=1609"}],"wp:term":[{"taxonomy":"folder","embeddable":true,"href":"https:\/\/floridareprofreedom.org\/vi\/wp-json\/wp\/v2\/folder?post=1609"}],"curies":[{"name":"wp","href":"https:\/\/api.w.org\/{rel}","templated":true}]}}