{"id":1880,"date":"2021-02-12T14:51:34","date_gmt":"2021-02-12T14:51:34","guid":{"rendered":"https:\/\/floridareprofreedom.org\/?page_id=1880"},"modified":"2025-08-06T17:16:40","modified_gmt":"2025-08-06T17:16:40","slug":"chien-dich-dia-phuong","status":"publish","type":"page","link":"https:\/\/floridareprofreedom.org\/vi\/localcampaigns\/","title":{"rendered":"Chi\u1ebfn d\u1ecbch \u0111\u1ecba ph\u01b0\u01a1ng"},"content":{"rendered":"<p><span style=\"font-weight: 400;\">B\u1ea5t ch\u1ea5p c\u00e1c cu\u1ed9c t\u1ea5n c\u00f4ng v\u00e0o quy\u1ec1n ph\u00e1 thai v\u00e0 quy\u1ec1n ti\u1ebfp c\u1eadn ph\u00e1 thai, \u1edf c\u1ea3 c\u1ea5p qu\u1ed1c gia v\u00e0 c\u1ea5p ti\u1ec3u bang, li\u00ean minh Ng\u01b0\u1eddi Florida v\u00ec T\u1ef1 do Sinh s\u1ea3n nh\u00ecn th\u1ea5y nhi\u1ec1u c\u01a1 h\u1ed9i cho nh\u1eefng ti\u1ebfn b\u1ed9 ch\u1ee7 \u0111\u1ed9ng v\u00e0 h\u1ed7 tr\u1ee3 t\u1ea1i <\/span><b><i>\u0111\u1ecba ph\u01b0\u01a1ng <\/i><\/b><span style=\"font-weight: 400;\">m\u1ee9c \u0111\u1ed9 ki\u1ec3m so\u00e1t c\u01a1 th\u1ec3, gia \u0111\u00ecnh v\u00e0 con \u0111\u01b0\u1eddng s\u1ed1ng c\u1ee7a ch\u00fang ta. <\/span><\/p>\n<figure id=\"attachment_1852\" aria-describedby=\"caption-attachment-1852\" style=\"width: 388px\" class=\"wp-caption alignright\"><img fetchpriority=\"high\" decoding=\"async\" class=\"wp-image-1852\" src=\"https:\/\/floridareprofreedom.org\/wp-content\/uploads\/2021\/02\/1.jpg\" alt=\"\" width=\"388\" height=\"291\" srcset=\"https:\/\/floridareprofreedom.org\/wp-content\/uploads\/2021\/02\/1.jpg 960w, https:\/\/floridareprofreedom.org\/wp-content\/uploads\/2021\/02\/1-300x225.jpg 300w, https:\/\/floridareprofreedom.org\/wp-content\/uploads\/2021\/02\/1-768x576.jpg 768w\" sizes=\"(max-width: 388px) 100vw, 388px\" \/><figcaption id=\"caption-attachment-1852\" class=\"wp-caption-text\">Nh\u1eefng ng\u01b0\u1eddi \u1ee7ng h\u1ed9 quy\u1ec1n sinh s\u1ea3n c\u1ee7a Qu\u1eadn Broward v\u00e0 Ph\u00f3 Th\u1ecb tr\u01b0\u1edfng Sabrina Javellana (\u1edf gi\u1eefa) \u0111\u1ec1u m\u1ec9m c\u01b0\u1eddi sau khi ngh\u1ecb quy\u1ebft v\u1ec1 quy\u1ec1n sinh s\u1ea3n \u0111\u01b0\u1ee3c th\u00f4ng qua t\u1ea1i Hallandale Beach.<\/figcaption><\/figure>\n<p><span style=\"font-weight: 400;\">Do \u0111\u00f3, Nh\u00f3m c\u00f4ng t\u00e1c chi\u1ebfn d\u1ecbch \u0111\u1ecba ph\u01b0\u01a1ng \u0111\u00e3 ho\u1ea1t \u0111\u1ed9ng t\u1eeb n\u0103m 2020 \u0111\u1ebfn n\u0103m 2024 v\u1edbi c\u00e1c nh\u00f3m v\u00e0 c\u00e1 nh\u00e2n \u0111\u1ecba ph\u01b0\u01a1ng hi\u1ec7n \u0111ang n\u1eafm gi\u1eef ng\u1ecdn \u0111u\u1ed1c, t\u1ea5t c\u1ea3 \u0111\u1ec1u c\u00f3 s\u1ee9 m\u1ec7nh h\u1ee3p t\u00e1c v\u1edbi c\u00e1c quan ch\u1ee9c \u0111\u01b0\u1ee3c b\u1ea7u t\u1ea1i \u0111\u1ecba ph\u01b0\u01a1ng \u0111\u1ec3 th\u00f4ng qua c\u00e1c ngh\u1ecb quy\u1ebft tr\u00ean kh\u1eafp Florida. <\/span>h\u1ed7 tr\u1ee3 c\u00e1c ch\u00ednh s\u00e1ch v\u1ec1 quy\u1ec1n sinh s\u1ea3n v\u00e0 c\u00f4ng l\u00fd. <span style=\"font-weight: 400;\">Cho \u0111\u1ebfn nay, c\u00e1c ngh\u1ecb quy\u1ebft \u0111\u00e3 \u0111\u01b0\u1ee3c th\u00f4ng qua b\u1edfi c\u00e1c th\u00e0nh ph\u1ed1\u00a0<\/span>Miami Beach (17\/7\/19), Hallandale Beach (19\/2\/2020), St. Petersburg (4\/6\/2020), Ft. Lauderdale (09\/09\/2021), Wilton Manors (14\/9\/2021), Ban B\u1ea3o t\u1ed3n \u0110\u1ea5t v\u00e0 N\u01b0\u1edbc Qu\u1eadn Broward (16\/9\/2021), North Bay Village (12\/10\/2021), Lauderdale Lakes (12\/10\/2021), Coral Springs (20\/10\/2021), Gainesville (21\/10\/21), Tallahassee (27\/10\/21), Qu\u1eadn Broward (04\/11\/21), Dania Beach (09\/11\/21), Gulfport (th\u01b0, kh\u00f4ng ph\u1ea3i ngh\u1ecb quy\u1ebft \u2013 03\/12\/21), Lauderhill (11\/7\/22).<\/p>\n<p><span style=\"font-weight: 400;\">Quy\u1ec1n t\u1ef1 do sinh s\u1ea3n l\u00e0 m\u1ed9t gi\u00e1 tr\u1ecb quan tr\u1ecdng \u0111\u1ed1i v\u1edbi ng\u01b0\u1eddi d\u00e2n Florida. Nghi\u00ean c\u1ee9u cho th\u1ea5y s\u1ef1 \u1ee7ng h\u1ed9 r\u1ed9ng r\u00e3i \u0111\u1ed1i v\u1edbi vi\u1ec7c ti\u1ebfp c\u1eadn ph\u00e1 thai \u1edf Florida v\u00e0 tr\u00ean to\u00e0n qu\u1ed1c. \u0110a s\u1ed1 cho r\u1eb1ng ph\u00e1 thai n\u00ean \u0111\u01b0\u1ee3c h\u1ee3p ph\u00e1p h\u00f3a trong h\u1ea7u h\u1ebft c\u00e1c tr\u01b0\u1eddng h\u1ee3p (65%) v\u00e0 kh\u00f4ng cho r\u1eb1ng \u00e1n l\u1ec7 Roe ki\u1ec7n Wade n\u00ean b\u1ecb l\u1eadt ng\u01b0\u1ee3c (72%). T\u00e1m m\u01b0\u01a1i ph\u1ea7n tr\u0103m \u0111\u1ed3ng \u00fd r\u1eb1ng mi\u1ec5n l\u00e0 ph\u00e1 thai \u0111\u01b0\u1ee3c h\u1ee3p ph\u00e1p h\u00f3a, ph\u1ee5 n\u1eef n\u00ean \u0111\u01b0\u1ee3c h\u01b0\u1edfng d\u1ecbch v\u1ee5 ph\u00e1 thai an to\u00e0n, gi\u00e1 c\u1ea3 ph\u1ea3i ch\u0103ng v\u00e0 ch\u1ea5t l\u01b0\u1ee3ng t\u1ea1i c\u1ed9ng \u0111\u1ed3ng c\u1ee7a h\u1ecd.\u00b9<\/span><\/p>\n<p><b>Ch\u00ednh quy\u1ec1n c\u1ea5p ti\u1ec3u bang v\u00e0 li\u00ean bang \u0111ang th\u1ee5t l\u00f9i trong v\u1ea5n \u0111\u1ec1 s\u1ee9c kh\u1ecfe sinh s\u1ea3n. <\/b><span style=\"font-weight: 400;\">Trong th\u1eddi k\u1ef3 Trump-Pence, c\u00e1c ch\u00ednh s\u00e1ch \u0111\u00e3 \u0111\u01b0\u1ee3c \u0111\u01b0a ra nh\u1eb1m c\u1ea5m ph\u00e1 thai, c\u1eaft gi\u1ea3m b\u1ea3o hi\u1ec3m thai s\u1ea3n kh\u1ecfi c\u00e1c ch\u01b0\u01a1ng tr\u00ecnh b\u1ea3o hi\u1ec3m y t\u1ebf, c\u1eaft ng\u00e2n s\u00e1ch cho Planned Parenthood v\u00e0 c\u00e1c nh\u00e0 cung c\u1ea5p d\u1ecbch v\u1ee5 k\u1ebf ho\u1ea1ch h\u00f3a gia \u0111\u00ecnh kh\u00e1c, v\u00e0 h\u1ea1n ch\u1ebf kh\u1ea3 n\u0103ng ti\u1ebfp c\u1eadn c\u00e1c bi\u1ec7n ph\u00e1p tr\u00e1nh thai gi\u00e1 c\u1ea3 ph\u1ea3i ch\u0103ng. M\u1eb7c d\u00f9 li\u00ean minh Biden-Harris m\u1edbi <\/span><span style=\"font-weight: 400;\">ch\u00ednh quy\u1ec1n h\u1ed7 tr\u1ee3 quy\u1ec1n sinh s\u1ea3n, <\/span><span style=\"font-weight: 400;\">T\u00f2a \u00e1n T\u1ed1i cao v\u1eabn gi\u1eef quan \u0111i\u1ec3m ch\u1ed1ng l\u1ea1i quy\u1ec1n ph\u00e1 thai.\u00a0<\/span><\/p>\n<p><span style=\"font-weight: 400;\">Phe \u0111\u1ed1i l\u1eadp \u0111ang n\u1ed7 l\u1ef1c t\u00edch c\u1ef1c v\u00e0 c\u00f3 h\u1ec7 th\u1ed1ng \u0111\u1ec3 th\u00f4ng qua c\u00e1c lu\u1eadt ch\u1ed1ng ph\u00e1 thai \u1edf c\u1ea5p ti\u1ec3u bang v\u1edbi hy v\u1ecdng T\u00f2a \u00e1n T\u1ed1i cao m\u1edbi b\u1ea3o th\u1ee7 s\u1ebd \u1ee7ng h\u1ed9 ch\u00fang. T\u1ea1i Florida, C\u01a1 quan L\u1eadp ph\u00e1p \u0111\u00e3 c\u1ed1 g\u1eafng th\u00f4ng qua nhi\u1ec1u lu\u1eadt h\u1ea1n ch\u1ebf nh\u1eb1m ng\u0103n c\u1ea3n vi\u1ec7c ti\u1ebfp c\u1eadn ph\u00e1 thai. \u0110i\u1ec1u n\u00e0y bao g\u1ed3m vi\u1ec7c qu\u1ea3n l\u00fd c\u00f3 m\u1ee5c ti\u00eau c\u00e1c c\u01a1 s\u1edf cung c\u1ea5p d\u1ecbch v\u1ee5 ph\u00e1 thai, hay c\u00f2n g\u1ecdi l\u00e0 lu\u1eadt TRAP, v\u1ed1n kh\u00f4ng c\u1ea7n thi\u1ebft v\u1ec1 m\u1eb7t y khoa v\u00e0 g\u00e2y g\u00e1nh n\u1eb7ng \u0111\u00e1ng k\u1ec3 cho c\u00e1c c\u01a1 s\u1edf n\u00e0y, v\u00e0 th\u1eadm ch\u00ed l\u00e0 l\u1ec7nh c\u1ea5m ph\u00e1 thai ho\u00e0n to\u00e0n. N\u0103m 2020, m\u1ed9t d\u1ef1 lu\u1eadt y\u00eau c\u1ea7u ph\u1ea3i c\u00f3 s\u1ef1 \u0111\u1ed3ng \u00fd c\u1ee7a cha m\u1eb9 \u0111\u1ed1i v\u1edbi tr\u1ebb v\u1ecb th\u00e0nh ni\u00ean m\u1edbi \u0111\u01b0\u1ee3c ph\u00e1 thai \u0111\u00e3 \u0111\u01b0\u1ee3c th\u00f4ng qua, \u0111i\u1ec1u n\u00e0y c\u00e0ng h\u1ea1n ch\u1ebf h\u01a1n n\u1eefa quy\u1ec1n ti\u1ebfp c\u1eadn ph\u00e1 thai c\u1ee7a thanh thi\u1ebfu ni\u00ean.<\/span><\/p>\n<p><span style=\"font-weight: 400;\">Nh\u1eefng h\u1ea1n ch\u1ebf mang t\u00ednh t\u01b0 t\u01b0\u1edfng ch\u1ed1ng ph\u00e1 thai t\u1eeb Tallahassee hay Washington \u0111\u00e3 tr\u1edf th\u00e0nh hi\u1ec7n th\u1ef1c \u1edf c\u1ea5p \u0111\u1ecba ph\u01b0\u01a1ng, \u0111\u1ea9y vi\u1ec7c ch\u0103m s\u00f3c s\u1ee9c kh\u1ecfe sinh s\u1ea3n, ch\u1eb3ng h\u1ea1n nh\u01b0 ph\u00e1 thai, ra kh\u1ecfi t\u1ea7m v\u1edbi c\u1ee7a nh\u1eefng ng\u01b0\u1eddi v\u1ed1n \u0111\u00e3 ph\u1ea3i \u0111\u1ed1i m\u1eb7t v\u1edbi nhi\u1ec1u r\u00e0o c\u1ea3n: thanh ni\u00ean, ng\u01b0\u1eddi da m\u00e0u, ng\u01b0\u1eddi khuy\u1ebft t\u1eadt, ng\u01b0\u1eddi thu nh\u1eadp th\u1ea5p, ng\u01b0\u1eddi nh\u1eadp c\u01b0 thu\u1ed9c m\u1ecdi t\u1ea7ng l\u1edbp, v\u00e0 ng\u01b0\u1eddi d\u00e2n s\u1ed1ng \u1edf v\u00f9ng n\u00f4ng th\u00f4n. T\u00e1c \u0111\u1ed9ng n\u00e0y l\u00e0 th\u1ef1c s\u1ef1 \u0111\u1ed1i v\u1edbi h\u00e0ng x\u00f3m, c\u1ed9ng \u0111\u1ed3ng v\u00e0 gia \u0111\u00ecnh ch\u00fang ta.<\/span><\/p>\n<p><b>Gi\u1eefa cu\u1ed9c t\u1ea5n c\u00f4ng li\u00ean t\u1ee5c v\u00e0o ch\u0103m s\u00f3c s\u1ee9c kh\u1ecfe sinh s\u1ea3n, <\/b><b>nhi\u1ec1u th\u00e0nh ph\u1ed1 \u0111\u00e3 nh\u1eadn ra c\u1ea3 tr\u00e1ch nhi\u1ec7m v\u00e0 kh\u1ea3 n\u0103ng c\u1ee7a h\u1ecd trong vi\u1ec7c th\u00fac \u0111\u1ea9y quy\u1ec1n t\u1ef1 do sinh s\u1ea3n<\/b><b>. <\/b><span style=\"font-weight: 400;\">C\u00e1c nh\u00e0 l\u00e3nh \u0111\u1ea1o \u0111\u1ecba ph\u01b0\u01a1ng c\u00f3 th\u1ec3 kh\u1eb3ng \u0111\u1ecbnh r\u00f5 r\u00e0ng r\u1eb1ng h\u1ecd \u1ee7ng h\u1ed9 quy\u1ec1n t\u1ef1 do sinh s\u1ea3n v\u00e0 theo \u0111u\u1ed5i c\u00e1c ch\u00ednh s\u00e1ch ch\u1ee7 \u0111\u1ed9ng \u0111\u1ec3 m\u1edf r\u1ed9ng quy\u1ec1n ti\u1ebfp c\u1eadn trong c\u1ed9ng \u0111\u1ed3ng c\u1ee7a ch\u00fang ta.<\/span><\/p>\n<p><b>Ch\u00ednh quy\u1ec1n \u0111\u1ecba ph\u01b0\u01a1ng c\u00f3 th\u1ec3 h\u1ed7 tr\u1ee3 s\u1ee9c kh\u1ecfe sinh s\u1ea3n b\u1eb1ng c\u00e1ch tuy\u00ean b\u1ed1 cam k\u1ebft ch\u1eafc ch\u1eafn v\u1ec1 quy\u1ec1n t\u1ef1 do sinh s\u1ea3n.<\/b><span style=\"font-weight: 400;\"> C\u00e1c th\u00e0nh ph\u1ed1 v\u00e0 qu\u1eadn tr\u00ean kh\u1eafp \u0111\u1ea5t n\u01b0\u1edbc \u0111ang h\u00e0nh \u0111\u1ed9ng \u0111\u1ec3 b\u1ea3o v\u1ec7 quy\u1ec1n ph\u00e1 thai, ch\u0103m s\u00f3c s\u1ee9c kh\u1ecfe sinh s\u1ea3n, v\u00e0 quy\u1ec1n c\u1ee7a m\u1ed7i c\u00e1 nh\u00e2n trong vi\u1ec7c \u0111\u01b0a ra quy\u1ebft \u0111\u1ecbnh sinh s\u1ea3n li\u00ean quan \u0111\u1ebfn c\u01a1 th\u1ec3 c\u1ee7a ch\u00ednh m\u00ecnh. Ch\u00ednh quy\u1ec1n th\u00e0nh ph\u1ed1 v\u00e0 qu\u1eadn tr\u00ean kh\u1eafp \u0111\u1ea5t n\u01b0\u1edbc \u0111ang tham gia v\u00e0o m\u1ed9t phong tr\u00e0o ph\u1ea3n kh\u00e1ng to\u00e0n qu\u1ed1c nh\u1eb1m b\u1ea3o v\u1ec7 v\u00e0 th\u00fac \u0111\u1ea9y s\u1ee9c kh\u1ecfe sinh s\u1ea3n, quy\u1ec1n v\u00e0 c\u00f4ng l\u00fd. M\u1ed9t b\u01b0\u1edbc \u0111i nh\u01b0 v\u1eady kh\u1eb3ng \u0111\u1ecbnh r\u1eb1ng c\u1ed9ng \u0111\u1ed3ng coi tr\u1ecdng vi\u1ec7c ti\u1ebfp c\u1eadn d\u1ecbch v\u1ee5 ch\u0103m s\u00f3c s\u1ee9c kh\u1ecfe sinh s\u1ea3n to\u00e0n di\u1ec7n v\u00e0 \u0111\u1ea5u tranh ch\u1ed1ng l\u1ea1i s\u1ef1 k\u1ef3 th\u1ecb ph\u1ed5 bi\u1ebfn \u0111\u1ed1i v\u1edbi ph\u00e1 thai.\u00a0<\/span><\/p>\n<p><span style=\"font-weight: 400;\">Vi\u1ec7c th\u1ef1c hi\u1ec7n c\u00e1c ch\u00ednh s\u00e1ch nh\u01b0 v\u1eady c\u00f3 th\u1ec3 gi\u00fap c\u1ed9ng \u0111\u1ed3ng tr\u1edf th\u00e0nh \u0111i\u1ec3m s\u00e1ng v\u1ec1 s\u1ee9c kh\u1ecfe v\u00e0 quy\u1ec1n sinh s\u1ea3n \u2014 ngay c\u1ea3 \u1edf m\u1ed9t n\u01a1i nh\u01b0 Florida v\u1edbi ch\u00ednh quy\u1ec1n ti\u1ec3u bang \u0111\u1ea7y th\u00f9 \u0111\u1ecbch. H\u00e0nh \u0111\u1ed9ng c\u1ee7a ch\u00ednh quy\u1ec1n \u0111\u1ecba ph\u01b0\u01a1ng kh\u00f4ng ch\u1ec9 quan tr\u1ecdng \u0111\u1ed1i v\u1edbi c\u01b0 d\u00e2n m\u00e0 c\u00f2n c\u00f3 s\u1ee9c lan t\u1ecfa v\u01b0\u1ee3t ra ngo\u00e0i bi\u00ean gi\u1edbi. Ch\u00fang t\u00f4i bi\u1ebft r\u1eb1ng \u1edf Florida, c\u00e1c th\u00e0nh ph\u1ed1 c\u1ee7a ch\u00fang t\u00f4i l\u00e0 n\u01a1i h\u1ea7u h\u1ebft m\u1ecdi ng\u01b0\u1eddi ti\u1ebfp c\u1eadn d\u1ecbch v\u1ee5 ph\u00e1 thai, v\u00e0 nhi\u1ec1u ng\u01b0\u1eddi \u0111\u01b0\u1ee3c ti\u1ebfp c\u1eadn \u0111\u1ea7y \u0111\u1ee7 c\u00e1c d\u1ecbch v\u1ee5 ch\u0103m s\u00f3c s\u1ee9c kh\u1ecfe sinh s\u1ea3n.\u00a0<\/span><\/p>\n<p><b>Ti\u1ebfn tr\u00ecnh b\u1eaft \u0111\u1ea7u \u1edf c\u1ea5p \u0111\u1ecba ph\u01b0\u01a1ng. <\/b><span style=\"font-weight: 400;\">B\u00e2y gi\u1edd l\u00e0 l\u00fac c\u00e1c th\u00e0nh ph\u1ed1 v\u00e0 qu\u1eadn ph\u1ea3i l\u00e0m m\u1ecdi c\u00e1ch c\u00f3 th\u1ec3 \u0111\u1ec3 b\u1ea3o v\u1ec7 ng\u01b0\u1eddi d\u00e2n kh\u1ecfi nh\u1eefng h\u00e0nh \u0111\u1ed9ng c\u00f3 h\u1ea1i c\u1ee7a c\u00e1c nh\u00e0 l\u1eadp ph\u00e1p ch\u1ed1ng ph\u00e1 thai \u1edf c\u1ea5p ti\u1ec3u bang v\u00e0 li\u00ean bang.<\/span><\/p>\n<p>***<\/p>\n<p><span style=\"font-weight: 400;\"><strong>Cho d\u00f9 b\u1ea1n c\u00f3 quan t\u00e2m \u0111\u1ebfn vi\u1ec7c l\u00e0m vi\u1ec7c \u0111\u1ec3 thay \u0111\u1ed5i ch\u00ednh s\u00e1ch \u1edf c\u1ea5p Th\u00e0nh ph\u1ed1, Qu\u1eadn hay Ti\u1ec3u bang, s\u1ef1 tham gia c\u1ee7a b\u1ea1n \u0111\u1ec1u \u0111\u01b0\u1ee3c hoan ngh\u00eanh.<\/strong> <strong><a href=\"https:\/\/progressflorida.actionkit.com\/signup\/frf-grassroots-signup\/\">\u0110\u0103ng k\u00fd nh\u1eadn b\u1ea3n tin h\u00e0ng tu\u1ea7n c\u1ee7a ch\u00fang t\u00f4i<\/a> <\/strong>bao g\u1ed3m c\u00e1c c\u00e1ch th\u1ee9c tham gia \u1edf m\u1ecdi c\u1ea5p ch\u00ednh quy\u1ec1n.<\/span><\/p>\n<p>\u2014\u2014<\/p>\n<p>\u00b9<span style=\"font-weight: 400;\">\u00a0Kh\u1ea3o s\u00e1t c\u1ee7a PerryUndem\/Vi\u1ec7n S\u1ee9c kh\u1ecfe Sinh s\u1ea3n Qu\u1ed1c gia, \u201cThu h\u00fat c\u1eed tri v\u1ec1 v\u1ea5n \u0111\u1ec1 ph\u00e1 thai\u201d, \u0111\u01b0\u1ee3c th\u1ef1c hi\u1ec7n t\u1eeb ng\u00e0y 19 th\u00e1ng 8 \u0111\u1ebfn ng\u00e0y 1 th\u00e1ng 9 n\u0103m 2017. Th\u0103m d\u00f2 n\u1ed9i b\u1ed9 \u2013 c\u00f3 th\u1ec3 cung c\u1ea5p th\u00f4ng tin t\u00f3m t\u1eaft theo y\u00eau c\u1ea7u.<\/span><\/p>","protected":false},"excerpt":{"rendered":"<p>Despite attacks on abortion rights and access, at both the national and state levels, the Floridians for Reproductive Freedom coalition sees many opportunities for proactive advancements and support at the local level for control over our bodies, our families, and our life\u2019s path. As such, a Local Campaigns Work Group ran from 2020-2024 with local [&hellip;]<\/p>\n","protected":false},"author":3,"featured_media":0,"parent":0,"menu_order":0,"comment_status":"closed","ping_status":"closed","template":"","meta":{"footnotes":""},"folder":[],"class_list":["post-1880","page","type-page","status-publish","hentry"],"yoast_head":"<!-- This site is optimized with the Yoast SEO plugin v27.4 - https:\/\/yoast.com\/product\/yoast-seo-wordpress\/ -->\n<title>Local Campaigns - Floridians For Reproductive Freedom<\/title>\n<meta name=\"robots\" content=\"index, follow, max-snippet:-1, max-image-preview:large, max-video-preview:-1\" \/>\n<link rel=\"canonical\" href=\"https:\/\/floridareprofreedom.org\/vi\/chien-dich-dia-phuong\/\" \/>\n<meta property=\"og:locale\" content=\"vi_VN\" \/>\n<meta property=\"og:type\" content=\"article\" \/>\n<meta property=\"og:title\" content=\"Local Campaigns - Floridians For Reproductive Freedom\" \/>\n<meta property=\"og:description\" content=\"Despite attacks on abortion rights and access, at both the national and state levels, the Floridians for Reproductive Freedom coalition sees many opportunities for proactive advancements and support at the local level for control over our bodies, our families, and our life\u2019s path. As such, a Local Campaigns Work Group ran from 2020-2024 with local [&hellip;]\" \/>\n<meta property=\"og:url\" content=\"https:\/\/floridareprofreedom.org\/vi\/chien-dich-dia-phuong\/\" \/>\n<meta property=\"og:site_name\" content=\"Floridians For Reproductive Freedom\" \/>\n<meta property=\"article:publisher\" content=\"https:\/\/www.facebook.com\/FloridaReproFreedom\/\" \/>\n<meta property=\"article:modified_time\" content=\"2025-08-06T17:16:40+00:00\" \/>\n<meta property=\"og:image\" content=\"https:\/\/floridareprofreedom.org\/wp-content\/uploads\/2021\/02\/1.jpg\" \/>\n\t<meta property=\"og:image:width\" content=\"960\" \/>\n\t<meta property=\"og:image:height\" content=\"720\" \/>\n\t<meta property=\"og:image:type\" content=\"image\/jpeg\" \/>\n<meta name=\"twitter:card\" content=\"summary_large_image\" \/>\n<meta name=\"twitter:site\" content=\"@FLReproFreedom\" \/>\n<meta name=\"twitter:label1\" content=\"\u01af\u1edbc t\u00ednh th\u1eddi gian \u0111\u1ecdc\" \/>\n\t<meta name=\"twitter:data1\" content=\"4 ph\u00fat\" \/>\n<script type=\"application\/ld+json\" class=\"yoast-schema-graph\">{\"@context\":\"https:\\\/\\\/schema.org\",\"@graph\":[{\"@type\":\"WebPage\",\"@id\":\"https:\\\/\\\/floridareprofreedom.org\\\/localcampaigns\\\/\",\"url\":\"https:\\\/\\\/floridareprofreedom.org\\\/localcampaigns\\\/\",\"name\":\"Local Campaigns - Floridians For Reproductive Freedom\",\"isPartOf\":{\"@id\":\"https:\\\/\\\/floridareprofreedom.org\\\/#website\"},\"primaryImageOfPage\":{\"@id\":\"https:\\\/\\\/floridareprofreedom.org\\\/localcampaigns\\\/#primaryimage\"},\"image\":{\"@id\":\"https:\\\/\\\/floridareprofreedom.org\\\/localcampaigns\\\/#primaryimage\"},\"thumbnailUrl\":\"https:\\\/\\\/floridareprofreedom.org\\\/wp-content\\\/uploads\\\/2021\\\/02\\\/1.jpg\",\"datePublished\":\"2021-02-12T14:51:34+00:00\",\"dateModified\":\"2025-08-06T17:16:40+00:00\",\"breadcrumb\":{\"@id\":\"https:\\\/\\\/floridareprofreedom.org\\\/localcampaigns\\\/#breadcrumb\"},\"inLanguage\":\"vi\",\"potentialAction\":[{\"@type\":\"ReadAction\",\"target\":[\"https:\\\/\\\/floridareprofreedom.org\\\/localcampaigns\\\/\"]}]},{\"@type\":\"ImageObject\",\"inLanguage\":\"vi\",\"@id\":\"https:\\\/\\\/floridareprofreedom.org\\\/localcampaigns\\\/#primaryimage\",\"url\":\"https:\\\/\\\/floridareprofreedom.org\\\/wp-content\\\/uploads\\\/2021\\\/02\\\/1.jpg\",\"contentUrl\":\"https:\\\/\\\/floridareprofreedom.org\\\/wp-content\\\/uploads\\\/2021\\\/02\\\/1.jpg\"},{\"@type\":\"BreadcrumbList\",\"@id\":\"https:\\\/\\\/floridareprofreedom.org\\\/localcampaigns\\\/#breadcrumb\",\"itemListElement\":[{\"@type\":\"ListItem\",\"position\":1,\"name\":\"Home\",\"item\":\"https:\\\/\\\/floridareprofreedom.org\\\/\"},{\"@type\":\"ListItem\",\"position\":2,\"name\":\"Local Campaigns\"}]},{\"@type\":\"WebSite\",\"@id\":\"https:\\\/\\\/floridareprofreedom.org\\\/#website\",\"url\":\"https:\\\/\\\/floridareprofreedom.org\\\/\",\"name\":\"Floridians For Reproductive Freedom\",\"description\":\"Advocating for convenient, affordable, and safe access to reproductive health care, including abortion.\",\"publisher\":{\"@id\":\"https:\\\/\\\/floridareprofreedom.org\\\/#organization\"},\"potentialAction\":[{\"@type\":\"SearchAction\",\"target\":{\"@type\":\"EntryPoint\",\"urlTemplate\":\"https:\\\/\\\/floridareprofreedom.org\\\/?s={search_term_string}\"},\"query-input\":{\"@type\":\"PropertyValueSpecification\",\"valueRequired\":true,\"valueName\":\"search_term_string\"}}],\"inLanguage\":\"vi\"},{\"@type\":\"Organization\",\"@id\":\"https:\\\/\\\/floridareprofreedom.org\\\/#organization\",\"name\":\"Floridians for Reproductive Freedom\",\"url\":\"https:\\\/\\\/floridareprofreedom.org\\\/\",\"logo\":{\"@type\":\"ImageObject\",\"inLanguage\":\"vi\",\"@id\":\"https:\\\/\\\/floridareprofreedom.org\\\/#\\\/schema\\\/logo\\\/image\\\/\",\"url\":\"https:\\\/\\\/floridareprofreedom.org\\\/wp-content\\\/uploads\\\/2019\\\/05\\\/Untitled.jpg\",\"contentUrl\":\"https:\\\/\\\/floridareprofreedom.org\\\/wp-content\\\/uploads\\\/2019\\\/05\\\/Untitled.jpg\",\"width\":174,\"height\":180,\"caption\":\"Floridians for Reproductive Freedom\"},\"image\":{\"@id\":\"https:\\\/\\\/floridareprofreedom.org\\\/#\\\/schema\\\/logo\\\/image\\\/\"},\"sameAs\":[\"https:\\\/\\\/www.facebook.com\\\/FloridaReproFreedom\\\/\",\"https:\\\/\\\/x.com\\\/FLReproFreedom\",\"https:\\\/\\\/www.instagram.com\\\/floridareprofreedom\\\/\"]}]}<\/script>\n<!-- \/ Yoast SEO plugin. -->","yoast_head_json":{"title":"C\u00e1c chi\u1ebfn d\u1ecbch \u0111\u1ecba ph\u01b0\u01a1ng - Ng\u01b0\u1eddi Florida v\u00ec quy\u1ec1n t\u1ef1 do sinh s\u1ea3n","robots":{"index":"index","follow":"follow","max-snippet":"max-snippet:-1","max-image-preview":"max-image-preview:large","max-video-preview":"max-video-preview:-1"},"canonical":"https:\/\/floridareprofreedom.org\/vi\/chien-dich-dia-phuong\/","og_locale":"vi_VN","og_type":"article","og_title":"Local Campaigns - Floridians For Reproductive Freedom","og_description":"Despite attacks on abortion rights and access, at both the national and state levels, the Floridians for Reproductive Freedom coalition sees many opportunities for proactive advancements and support at the local level for control over our bodies, our families, and our life\u2019s path. As such, a Local Campaigns Work Group ran from 2020-2024 with local [&hellip;]","og_url":"https:\/\/floridareprofreedom.org\/vi\/chien-dich-dia-phuong\/","og_site_name":"Floridians For Reproductive Freedom","article_publisher":"https:\/\/www.facebook.com\/FloridaReproFreedom\/","article_modified_time":"2025-08-06T17:16:40+00:00","og_image":[{"width":960,"height":720,"url":"https:\/\/floridareprofreedom.org\/wp-content\/uploads\/2021\/02\/1.jpg","type":"image\/jpeg"}],"twitter_card":"summary_large_image","twitter_site":"@FLReproFreedom","twitter_misc":{"\u01af\u1edbc t\u00ednh th\u1eddi gian \u0111\u1ecdc":"4 ph\u00fat"},"schema":{"@context":"https:\/\/schema.org","@graph":[{"@type":"WebPage","@id":"https:\/\/floridareprofreedom.org\/localcampaigns\/","url":"https:\/\/floridareprofreedom.org\/localcampaigns\/","name":"C\u00e1c chi\u1ebfn d\u1ecbch \u0111\u1ecba ph\u01b0\u01a1ng - Ng\u01b0\u1eddi Florida v\u00ec quy\u1ec1n t\u1ef1 do sinh s\u1ea3n","isPartOf":{"@id":"https:\/\/floridareprofreedom.org\/#website"},"primaryImageOfPage":{"@id":"https:\/\/floridareprofreedom.org\/localcampaigns\/#primaryimage"},"image":{"@id":"https:\/\/floridareprofreedom.org\/localcampaigns\/#primaryimage"},"thumbnailUrl":"https:\/\/floridareprofreedom.org\/wp-content\/uploads\/2021\/02\/1.jpg","datePublished":"2021-02-12T14:51:34+00:00","dateModified":"2025-08-06T17:16:40+00:00","breadcrumb":{"@id":"https:\/\/floridareprofreedom.org\/localcampaigns\/#breadcrumb"},"inLanguage":"vi","potentialAction":[{"@type":"ReadAction","target":["https:\/\/floridareprofreedom.org\/localcampaigns\/"]}]},{"@type":"ImageObject","inLanguage":"vi","@id":"https:\/\/floridareprofreedom.org\/localcampaigns\/#primaryimage","url":"https:\/\/floridareprofreedom.org\/wp-content\/uploads\/2021\/02\/1.jpg","contentUrl":"https:\/\/floridareprofreedom.org\/wp-content\/uploads\/2021\/02\/1.jpg"},{"@type":"BreadcrumbList","@id":"https:\/\/floridareprofreedom.org\/localcampaigns\/#breadcrumb","itemListElement":[{"@type":"ListItem","position":1,"name":"Home","item":"https:\/\/floridareprofreedom.org\/"},{"@type":"ListItem","position":2,"name":"Local Campaigns"}]},{"@type":"WebSite","@id":"https:\/\/floridareprofreedom.org\/#website","url":"https:\/\/floridareprofreedom.org\/","name":"Ng\u01b0\u1eddi Florida v\u00ec T\u1ef1 do Sinh s\u1ea3n","description":"V\u1eadn \u0111\u1ed9ng cho vi\u1ec7c ti\u1ebfp c\u1eadn d\u1ecbch v\u1ee5 ch\u0103m s\u00f3c s\u1ee9c kh\u1ecfe sinh s\u1ea3n, bao g\u1ed3m c\u1ea3 ph\u00e1 thai, m\u1ed9t c\u00e1ch thu\u1eadn ti\u1ec7n, gi\u00e1 c\u1ea3 ph\u1ea3i ch\u0103ng v\u00e0 an to\u00e0n.","publisher":{"@id":"https:\/\/floridareprofreedom.org\/#organization"},"potentialAction":[{"@type":"SearchAction","target":{"@type":"EntryPoint","urlTemplate":"https:\/\/floridareprofreedom.org\/?s={search_term_string}"},"query-input":{"@type":"PropertyValueSpecification","valueRequired":true,"valueName":"search_term_string"}}],"inLanguage":"vi"},{"@type":"Organization","@id":"https:\/\/floridareprofreedom.org\/#organization","name":"Ng\u01b0\u1eddi Florida v\u00ec T\u1ef1 do Sinh s\u1ea3n","url":"https:\/\/floridareprofreedom.org\/","logo":{"@type":"ImageObject","inLanguage":"vi","@id":"https:\/\/floridareprofreedom.org\/#\/schema\/logo\/image\/","url":"https:\/\/floridareprofreedom.org\/wp-content\/uploads\/2019\/05\/Untitled.jpg","contentUrl":"https:\/\/floridareprofreedom.org\/wp-content\/uploads\/2019\/05\/Untitled.jpg","width":174,"height":180,"caption":"Floridians for Reproductive Freedom"},"image":{"@id":"https:\/\/floridareprofreedom.org\/#\/schema\/logo\/image\/"},"sameAs":["https:\/\/www.facebook.com\/FloridaReproFreedom\/","https:\/\/x.com\/FLReproFreedom","https:\/\/www.instagram.com\/floridareprofreedom\/"]}]}},"_links":{"self":[{"href":"https:\/\/floridareprofreedom.org\/vi\/wp-json\/wp\/v2\/pages\/1880","targetHints":{"allow":["GET"]}}],"collection":[{"href":"https:\/\/floridareprofreedom.org\/vi\/wp-json\/wp\/v2\/pages"}],"about":[{"href":"https:\/\/floridareprofreedom.org\/vi\/wp-json\/wp\/v2\/types\/page"}],"author":[{"embeddable":true,"href":"https:\/\/floridareprofreedom.org\/vi\/wp-json\/wp\/v2\/users\/3"}],"replies":[{"embeddable":true,"href":"https:\/\/floridareprofreedom.org\/vi\/wp-json\/wp\/v2\/comments?post=1880"}],"version-history":[{"count":7,"href":"https:\/\/floridareprofreedom.org\/vi\/wp-json\/wp\/v2\/pages\/1880\/revisions"}],"predecessor-version":[{"id":4186,"href":"https:\/\/floridareprofreedom.org\/vi\/wp-json\/wp\/v2\/pages\/1880\/revisions\/4186"}],"wp:attachment":[{"href":"https:\/\/floridareprofreedom.org\/vi\/wp-json\/wp\/v2\/media?parent=1880"}],"wp:term":[{"taxonomy":"folder","embeddable":true,"href":"https:\/\/floridareprofreedom.org\/vi\/wp-json\/wp\/v2\/folder?post=1880"}],"curies":[{"name":"wp","href":"https:\/\/api.w.org\/{rel}","templated":true}]}}