{"id":19,"date":"2018-08-19T21:20:07","date_gmt":"2018-08-19T21:20:07","guid":{"rendered":"http:\/\/frf:8888\/?page_id=19"},"modified":"2019-08-12T12:42:15","modified_gmt":"2019-08-12T12:42:15","slug":"uu-tien","status":"publish","type":"page","link":"https:\/\/floridareprofreedom.org\/vi\/priorities\/","title":{"rendered":"\u01afu ti\u00ean"},"content":{"rendered":"<p>C\u00e1c Nh\u00f3m C\u00f4ng t\u00e1c FRF l\u00e0 ph\u01b0\u01a1ng ti\u1ec7n ch\u00ednh \u0111\u1ec3 c\u00e1c th\u00e0nh vi\u00ean li\u00ean minh h\u1ee3p t\u00e1c. Hi\u1ec7n t\u1ea1i, ch\u00fang t\u00f4i c\u00f3 ba nh\u00f3m c\u00f4ng t\u00e1c th\u01b0\u1eddng tr\u1ef1c \u2014 Nh\u00f3m C\u00f4ng t\u00e1c Ph\u00f2ng kh\u00e1m Gi\u1ea3, Nh\u00f3m C\u00f4ng t\u00e1c Gi\u00e1o d\u1ee5c Gi\u1edbi t\u00ednh To\u00e0n di\u1ec7n v\u00e0 Nh\u00f3m C\u00f4ng t\u00e1c Gi\u00e1o d\u1ee5c L\u00e1 phi\u1ebfu. C\u00e1c nh\u00f3m c\u00f4ng t\u00e1c kh\u00e1c s\u1ebd \u0111\u01b0\u1ee3c th\u00e0nh l\u1eadp khi c\u00f3 nhu c\u1ea7u.<br \/>\n<a name=\"fake-clinics\"><\/a><\/p>\n<h4><a href=\"https:\/\/floridareprofreedom.org\/vi\/phong-kham-gia\/\"><strong>Ph\u00f2ng kh\u00e1m gi\u1ea3<\/strong><\/a><\/h4>\n<p>Nh\u00f3m C\u00f4ng t\u00e1c Ph\u00f2ng kh\u00e1m Gi\u1ea3 m\u1ea1o ho\u1ea1t \u0111\u1ed9ng nh\u1eb1m n\u00e2ng cao nh\u1eadn th\u1ee9c c\u1ed9ng \u0111\u1ed3ng v\u1ec1 c\u00e1c trung t\u00e2m h\u1ed7 tr\u1ee3 thai s\u1ea3n ch\u1ed1ng ph\u00e1 thai, v\u1edbi g\u1ea7n 200 trung t\u00e2m trong s\u1ed1 \u0111\u00f3 \u0111\u1eb7t t\u1ea1i Florida, v\u00e0 cu\u1ed1i c\u00f9ng l\u00e0 thay \u0111\u1ed5i c\u00e1c lu\u1eadt l\u1ec7 h\u1ee3p ph\u00e1p h\u00f3a v\u00e0 t\u00e0i tr\u1ee3 cho c\u00e1c t\u1ed5 ch\u1ee9c ch\u1ed1ng ph\u00e1 thai n\u00e0y. C\u00e1c ph\u00f2ng kh\u00e1m gi\u1ea3 m\u1ea1o th\u01b0\u1eddng ti\u1ebfp c\u1eadn nh\u1eefng ph\u1ee5 n\u1eef mang thai ngo\u00e0i \u00fd mu\u1ed1n, nh\u1eefng ng\u01b0\u1eddi c\u00f3 th\u1ec3 \u0111ang c\u00e2n nh\u1eafc vi\u1ec7c ph\u00e1 thai. Nhi\u1ec7m v\u1ee5 c\u1ee7a h\u1ecd l\u00e0 ng\u0103n ch\u1eb7n vi\u1ec7c ph\u00e1 thai b\u1eb1ng c\u00e1ch thuy\u1ebft ph\u1ee5c ph\u1ee5 n\u1eef r\u1eb1ng vi\u1ec7c nh\u1eadn con nu\u00f4i ho\u1eb7c nu\u00f4i con l\u00e0 l\u1ef1a ch\u1ecdn t\u1ed1t h\u01a1n, th\u01b0\u1eddng s\u1eed d\u1ee5ng s\u1ef1 x\u1ea5u h\u1ed5 v\u00e0 th\u00f4ng tin sai l\u1ec7ch.<\/p>\n<p>FRF \u1ee7ng h\u1ed9 quan \u0111i\u1ec3m r\u1eb1ng t\u1ea5t c\u1ea3 ph\u1ee5 n\u1eef \u0111\u1ec1u x\u1ee9ng \u0111\u00e1ng \u0111\u01b0\u1ee3c ti\u1ebfp c\u1eadn k\u1ecbp th\u1eddi v\u00e0 c\u00f3 \u0111\u1ea7y \u0111\u1ee7 c\u00e1c l\u1ef1a ch\u1ecdn ch\u0103m s\u00f3c, ch\u1ee9 kh\u00f4ng ph\u1ea3i th\u00f4ng tin y khoa kh\u00f4ng ch\u00ednh x\u00e1c v\u00e0 ph\u00e1n quy\u1ebft m\u00e0 c\u00e1c trung t\u00e2m ch\u1ed1ng ph\u00e1 thai \u00e1p \u0111\u1eb7t l\u00ean h\u1ecd.<\/p>\n<p><a name=\"sex-ed\"><\/a><\/p>\n<h4><a href=\"https:\/\/floridareprofreedom.org\/vi\/bi-cuong-buc\/\"><strong>Gi\u00e1o d\u1ee5c gi\u1edbi t\u00ednh to\u00e0n di\u1ec7n<\/strong><\/a><\/h4>\n<p>Nh\u00f3m c\u00f4ng t\u00e1c gi\u00e1o d\u1ee5c gi\u1edbi t\u00ednh to\u00e0n di\u1ec7n \u0111ang n\u1ed7 l\u1ef1c b\u1ea3o v\u1ec7 thanh thi\u1ebfu ni\u00ean Florida v\u00e0 t\u1ea1o ra nh\u1eefng c\u1ed9ng \u0111\u1ed3ng l\u00e0nh m\u1ea1nh h\u01a1n b\u1eb1ng c\u00e1ch th\u00fac \u0111\u1ea9y c\u00e1c ch\u00ednh s\u00e1ch \u0111\u1ec3 c\u00e1c tr\u01b0\u1eddng c\u00f4ng l\u1eadp gi\u1ea3ng d\u1ea1y v\u1ec1 s\u1ee9c kh\u1ecfe t\u00ecnh d\u1ee5c b\u1eb1ng c\u00e1ch s\u1eed d\u1ee5ng th\u00f4ng tin th\u1ef1c t\u1ebf to\u00e0n di\u1ec7n, ch\u00ednh x\u00e1c v\u1ec1 m\u1eb7t y t\u1ebf v\u00e0 ph\u00f9 h\u1ee3p v\u1edbi l\u1ee9a tu\u1ed5i.<\/p>\n<p>Vi\u1ec7c cung c\u1ea5p cho thanh thi\u1ebfu ni\u00ean v\u00e0 ng\u01b0\u1eddi tr\u1ebb nh\u1eefng th\u00f4ng tin c\u1ea7n thi\u1ebft \u0111\u1ec3 h\u1ecd c\u00f3 th\u1ec3 \u0111\u01b0a ra quy\u1ebft \u0111\u1ecbnh c\u00f3 tr\u00e1ch nhi\u1ec7m v\u1ec1 s\u1ee9c kh\u1ecfe t\u00ecnh d\u1ee5c c\u1ee7a m\u00ecnh l\u00e0 gi\u1ea3i ph\u00e1p h\u1ee3p l\u00fd \u0111\u1ec3 gi\u1ea3m thi\u1ec3u t\u00ecnh tr\u1ea1ng mang thai ngo\u00e0i \u00fd mu\u1ed1n \u1edf tu\u1ed5i v\u1ecb th\u00e0nh ni\u00ean v\u00e0 c\u00e1c b\u1ec7nh l\u00e2y truy\u1ec1n qua \u0111\u01b0\u1eddng t\u00ecnh d\u1ee5c. Hi\u1ec7n nay, gi\u00e1o d\u1ee5c gi\u1edbi t\u00ednh to\u00e0n di\u1ec7n c\u00f2n l\u00e2u m\u1edbi \u0111\u1ea1t chu\u1ea9n m\u1ef1c t\u1ea1i c\u00e1c tr\u01b0\u1eddng c\u00f4ng l\u1eadp \u1edf Florida v\u00ec ti\u1ec3u bang n\u00e0y kh\u00f4ng y\u00eau c\u1ea7u. Nh\u00ecn chung, c\u00e1c l\u1edbp h\u1ecdc \u1edf Florida ch\u1ec9 s\u1eed d\u1ee5ng t\u00e0i li\u1ec7u v\u1ec1 ki\u00eang khem, v\u1edbi tr\u1ecdng t\u00e2m ch\u00ednh l\u00e0 kh\u00f4ng quan h\u1ec7 t\u00ecnh d\u1ee5c ngo\u00e0i h\u00f4n nh\u00e2n d\u1ecb t\u00ednh v\u00e0 kh\u00f4ng \u0111\u01b0a v\u00e0o t\u00e0i li\u1ec7u v\u1ec1 bi\u1ec7n ph\u00e1p tr\u00e1nh thai ho\u1eb7c t\u00ecnh d\u1ee5c an to\u00e0n.<\/p>\n<p><a name=\"amendments\"><\/a><\/p>\n<h4><strong>C\u00e1c v\u1ea5n \u0111\u1ec1 l\u1eadp ph\u00e1p \/ Ch\u00ednh s\u00e1ch c\u1ee7a ti\u1ec3u bang<\/strong><\/h4>\n<p>Li\u00ean minh Ng\u01b0\u1eddi Florida V\u00ec T\u1ef1 Do Sinh S\u1ea3n (FRF) ho\u1ea1t \u0111\u1ed9ng quanh n\u0103m \u0111\u1ec3 v\u1eadn \u0111\u1ed9ng ch\u00ednh s\u00e1ch gi\u00fap to\u00e0n b\u1ed9 d\u1ecbch v\u1ee5 ch\u0103m s\u00f3c s\u1ee9c kh\u1ecfe sinh s\u1ea3n, bao g\u1ed3m c\u1ea3 d\u1ecbch v\u1ee5 ph\u00e1 thai, tr\u1edf n\u00ean thu\u1eadn ti\u1ec7n, gi\u00e1 c\u1ea3 ph\u1ea3i ch\u0103ng v\u00e0 an to\u00e0n t\u1ea1i ti\u1ec3u bang c\u1ee7a ch\u00fang ta. Ch\u00fang t\u00f4i ph\u1ea3n \u0111\u1ed1i \u00fd \u0111\u1ecbnh c\u1ee7a phe \u0111\u1ed1i l\u1eadp trong vi\u1ec7c d\u1ef1ng l\u00ean c\u00e1c r\u00e0o c\u1ea3n \u0111\u1ed1i v\u1edbi ph\u00e1 thai, bi\u1ec7n ph\u00e1p tr\u00e1nh thai v\u00e0 gi\u00e1o d\u1ee5c gi\u1edbi t\u00ednh d\u1ef1a tr\u00ean b\u1eb1ng ch\u1ee9ng. Ch\u00fang t\u00f4i l\u00e0m \u0111i\u1ec1u n\u00e0y b\u1eb1ng c\u00e1ch v\u1ea1ch tr\u1ea7n nh\u1eefng ch\u01b0\u01a1ng tr\u00ecnh v\u00e0 ch\u00ednh s\u00e1ch sai l\u1ea7m do c\u00e1c t\u1ed5 ch\u1ee9c v\u00e0 nh\u00e0 ho\u1ea1ch \u0111\u1ecbnh ch\u00ednh s\u00e1ch ch\u1ed1ng ph\u00e1 thai th\u00fac \u0111\u1ea9y. Ch\u00fang t\u00f4i th\u00fac \u0111\u1ea9y c\u00e1c ch\u00ednh s\u00e1ch, ch\u01b0\u01a1ng tr\u00ecnh v\u00e0 c\u1ea3i c\u00e1ch nh\u1eb1m n\u00e2ng cao l\u1ee3i \u00edch kinh t\u1ebf v\u00e0 x\u00e3 h\u1ed9i c\u1ee7a t\u1ef1 do sinh s\u1ea3n v\u00e0 kh\u1ea3 n\u0103ng ti\u1ebfp c\u1eadn ph\u00e1 thai.<\/p>\n<p>Quy\u1ec1n ti\u1ebfp c\u1eadn ph\u00e1 thai \u1edf Florida \u0111\u01b0\u1ee3c b\u1ea3o v\u1ec7 b\u1edfi \u0111i\u1ec1u kho\u1ea3n ri\u00eang t\u01b0 trong hi\u1ebfn ph\u00e1p ti\u1ec3u bang, trong \u0111\u00f3 n\u00eau r\u00f5 &quot;m\u1ecdi c\u00e1 nh\u00e2n \u0111\u1ec1u c\u00f3 quy\u1ec1n \u0111\u01b0\u1ee3c t\u1ef1 do v\u00e0 kh\u00f4ng b\u1ecb ch\u00ednh ph\u1ee7 can thi\u1ec7p v\u00e0o \u0111\u1eddi s\u1ed1ng ri\u00eang t\u01b0&quot;. Quy\u1ec1n b\u1ea3o v\u1ec7 n\u00e0y th\u1eadm ch\u00ed c\u00f2n l\u1edbn h\u01a1n c\u1ea3 quy\u1ec1n \u0111\u01b0\u1ee3c quy \u0111\u1ecbnh trong Hi\u1ebfn ph\u00e1p Hoa K\u1ef3. FRF gi\u00e1m s\u00e1t m\u1ecdi n\u1ed7 l\u1ef1c s\u1eeda \u0111\u1ed5i \u0111i\u1ec1u kho\u1ea3n ri\u00eang t\u01b0 trong Hi\u1ebfn ph\u00e1p Florida, ch\u1eb3ng h\u1ea1n nh\u01b0 th\u00f4ng qua bi\u1ec7n ph\u00e1p b\u1ecf phi\u1ebfu.<\/p>","protected":false},"excerpt":{"rendered":"<p>The FRF Work Groups are the principal vehicles through which coalition members collaborate. We currently have three standing work groups &#8212; the Fake Clinic Work Group, the Comprehensive Sex Ed Work Group, and the Ballot Education Work Group. Other work groups will emerge as needs arise. Fake Clinics The Fake Clinics Work Group works to [&hellip;]<\/p>\n","protected":false},"author":4,"featured_media":0,"parent":0,"menu_order":0,"comment_status":"closed","ping_status":"closed","template":"","meta":{"footnotes":""},"folder":[],"class_list":["post-19","page","type-page","status-publish","hentry"],"yoast_head":"<!-- This site is optimized with the Yoast SEO plugin v27.3 - https:\/\/yoast.com\/product\/yoast-seo-wordpress\/ -->\n<title>Priorities - Floridians For Reproductive Freedom<\/title>\n<meta name=\"robots\" content=\"index, follow, max-snippet:-1, max-image-preview:large, max-video-preview:-1\" \/>\n<link rel=\"canonical\" href=\"https:\/\/floridareprofreedom.org\/vi\/uu-tien\/\" \/>\n<meta property=\"og:locale\" content=\"vi_VN\" \/>\n<meta property=\"og:type\" content=\"article\" \/>\n<meta property=\"og:title\" content=\"Priorities - Floridians For Reproductive Freedom\" \/>\n<meta property=\"og:description\" content=\"The FRF Work Groups are the principal vehicles through which coalition members collaborate. We currently have three standing work groups &#8212; the Fake Clinic Work Group, the Comprehensive Sex Ed Work Group, and the Ballot Education Work Group. Other work groups will emerge as needs arise. Fake Clinics The Fake Clinics Work Group works to [&hellip;]\" \/>\n<meta property=\"og:url\" content=\"https:\/\/floridareprofreedom.org\/vi\/uu-tien\/\" \/>\n<meta property=\"og:site_name\" content=\"Floridians For Reproductive Freedom\" \/>\n<meta property=\"article:publisher\" content=\"https:\/\/www.facebook.com\/FloridaReproFreedom\/\" \/>\n<meta property=\"article:modified_time\" content=\"2019-08-12T12:42:15+00:00\" \/>\n<meta name=\"twitter:card\" content=\"summary_large_image\" \/>\n<meta name=\"twitter:site\" content=\"@FLReproFreedom\" \/>\n<meta name=\"twitter:label1\" content=\"\u01af\u1edbc t\u00ednh th\u1eddi gian \u0111\u1ecdc\" \/>\n\t<meta name=\"twitter:data1\" content=\"2 ph\u00fat\" \/>\n<script type=\"application\/ld+json\" class=\"yoast-schema-graph\">{\"@context\":\"https:\\\/\\\/schema.org\",\"@graph\":[{\"@type\":\"WebPage\",\"@id\":\"https:\\\/\\\/floridareprofreedom.org\\\/priorities\\\/\",\"url\":\"https:\\\/\\\/floridareprofreedom.org\\\/priorities\\\/\",\"name\":\"Priorities - Floridians For Reproductive Freedom\",\"isPartOf\":{\"@id\":\"https:\\\/\\\/floridareprofreedom.org\\\/#website\"},\"datePublished\":\"2018-08-19T21:20:07+00:00\",\"dateModified\":\"2019-08-12T12:42:15+00:00\",\"breadcrumb\":{\"@id\":\"https:\\\/\\\/floridareprofreedom.org\\\/priorities\\\/#breadcrumb\"},\"inLanguage\":\"vi\",\"potentialAction\":[{\"@type\":\"ReadAction\",\"target\":[\"https:\\\/\\\/floridareprofreedom.org\\\/priorities\\\/\"]}]},{\"@type\":\"BreadcrumbList\",\"@id\":\"https:\\\/\\\/floridareprofreedom.org\\\/priorities\\\/#breadcrumb\",\"itemListElement\":[{\"@type\":\"ListItem\",\"position\":1,\"name\":\"Home\",\"item\":\"https:\\\/\\\/floridareprofreedom.org\\\/\"},{\"@type\":\"ListItem\",\"position\":2,\"name\":\"Priorities\"}]},{\"@type\":\"WebSite\",\"@id\":\"https:\\\/\\\/floridareprofreedom.org\\\/#website\",\"url\":\"https:\\\/\\\/floridareprofreedom.org\\\/\",\"name\":\"Floridians For Reproductive Freedom\",\"description\":\"Advocating for convenient, affordable, and safe access to reproductive health care, including abortion.\",\"publisher\":{\"@id\":\"https:\\\/\\\/floridareprofreedom.org\\\/#organization\"},\"potentialAction\":[{\"@type\":\"SearchAction\",\"target\":{\"@type\":\"EntryPoint\",\"urlTemplate\":\"https:\\\/\\\/floridareprofreedom.org\\\/?s={search_term_string}\"},\"query-input\":{\"@type\":\"PropertyValueSpecification\",\"valueRequired\":true,\"valueName\":\"search_term_string\"}}],\"inLanguage\":\"vi\"},{\"@type\":\"Organization\",\"@id\":\"https:\\\/\\\/floridareprofreedom.org\\\/#organization\",\"name\":\"Floridians for Reproductive Freedom\",\"url\":\"https:\\\/\\\/floridareprofreedom.org\\\/\",\"logo\":{\"@type\":\"ImageObject\",\"inLanguage\":\"vi\",\"@id\":\"https:\\\/\\\/floridareprofreedom.org\\\/#\\\/schema\\\/logo\\\/image\\\/\",\"url\":\"https:\\\/\\\/floridareprofreedom.org\\\/wp-content\\\/uploads\\\/2019\\\/05\\\/Untitled.jpg\",\"contentUrl\":\"https:\\\/\\\/floridareprofreedom.org\\\/wp-content\\\/uploads\\\/2019\\\/05\\\/Untitled.jpg\",\"width\":174,\"height\":180,\"caption\":\"Floridians for Reproductive Freedom\"},\"image\":{\"@id\":\"https:\\\/\\\/floridareprofreedom.org\\\/#\\\/schema\\\/logo\\\/image\\\/\"},\"sameAs\":[\"https:\\\/\\\/www.facebook.com\\\/FloridaReproFreedom\\\/\",\"https:\\\/\\\/x.com\\\/FLReproFreedom\",\"https:\\\/\\\/www.instagram.com\\\/floridareprofreedom\\\/\"]}]}<\/script>\n<!-- \/ Yoast SEO plugin. -->","yoast_head_json":{"title":"\u01afu ti\u00ean - Ng\u01b0\u1eddi Florida v\u00ec T\u1ef1 do Sinh s\u1ea3n","robots":{"index":"index","follow":"follow","max-snippet":"max-snippet:-1","max-image-preview":"max-image-preview:large","max-video-preview":"max-video-preview:-1"},"canonical":"https:\/\/floridareprofreedom.org\/vi\/uu-tien\/","og_locale":"vi_VN","og_type":"article","og_title":"Priorities - Floridians For Reproductive Freedom","og_description":"The FRF Work Groups are the principal vehicles through which coalition members collaborate. We currently have three standing work groups &#8212; the Fake Clinic Work Group, the Comprehensive Sex Ed Work Group, and the Ballot Education Work Group. Other work groups will emerge as needs arise. Fake Clinics The Fake Clinics Work Group works to [&hellip;]","og_url":"https:\/\/floridareprofreedom.org\/vi\/uu-tien\/","og_site_name":"Floridians For Reproductive Freedom","article_publisher":"https:\/\/www.facebook.com\/FloridaReproFreedom\/","article_modified_time":"2019-08-12T12:42:15+00:00","twitter_card":"summary_large_image","twitter_site":"@FLReproFreedom","twitter_misc":{"\u01af\u1edbc t\u00ednh th\u1eddi gian \u0111\u1ecdc":"2 ph\u00fat"},"schema":{"@context":"https:\/\/schema.org","@graph":[{"@type":"WebPage","@id":"https:\/\/floridareprofreedom.org\/priorities\/","url":"https:\/\/floridareprofreedom.org\/priorities\/","name":"\u01afu ti\u00ean - Ng\u01b0\u1eddi Florida v\u00ec T\u1ef1 do Sinh s\u1ea3n","isPartOf":{"@id":"https:\/\/floridareprofreedom.org\/#website"},"datePublished":"2018-08-19T21:20:07+00:00","dateModified":"2019-08-12T12:42:15+00:00","breadcrumb":{"@id":"https:\/\/floridareprofreedom.org\/priorities\/#breadcrumb"},"inLanguage":"vi","potentialAction":[{"@type":"ReadAction","target":["https:\/\/floridareprofreedom.org\/priorities\/"]}]},{"@type":"BreadcrumbList","@id":"https:\/\/floridareprofreedom.org\/priorities\/#breadcrumb","itemListElement":[{"@type":"ListItem","position":1,"name":"Home","item":"https:\/\/floridareprofreedom.org\/"},{"@type":"ListItem","position":2,"name":"Priorities"}]},{"@type":"WebSite","@id":"https:\/\/floridareprofreedom.org\/#website","url":"https:\/\/floridareprofreedom.org\/","name":"Ng\u01b0\u1eddi Florida v\u00ec T\u1ef1 do Sinh s\u1ea3n","description":"V\u1eadn \u0111\u1ed9ng cho vi\u1ec7c ti\u1ebfp c\u1eadn d\u1ecbch v\u1ee5 ch\u0103m s\u00f3c s\u1ee9c kh\u1ecfe sinh s\u1ea3n, bao g\u1ed3m c\u1ea3 ph\u00e1 thai, m\u1ed9t c\u00e1ch thu\u1eadn ti\u1ec7n, gi\u00e1 c\u1ea3 ph\u1ea3i ch\u0103ng v\u00e0 an to\u00e0n.","publisher":{"@id":"https:\/\/floridareprofreedom.org\/#organization"},"potentialAction":[{"@type":"SearchAction","target":{"@type":"EntryPoint","urlTemplate":"https:\/\/floridareprofreedom.org\/?s={search_term_string}"},"query-input":{"@type":"PropertyValueSpecification","valueRequired":true,"valueName":"search_term_string"}}],"inLanguage":"vi"},{"@type":"Organization","@id":"https:\/\/floridareprofreedom.org\/#organization","name":"Ng\u01b0\u1eddi Florida v\u00ec T\u1ef1 do Sinh s\u1ea3n","url":"https:\/\/floridareprofreedom.org\/","logo":{"@type":"ImageObject","inLanguage":"vi","@id":"https:\/\/floridareprofreedom.org\/#\/schema\/logo\/image\/","url":"https:\/\/floridareprofreedom.org\/wp-content\/uploads\/2019\/05\/Untitled.jpg","contentUrl":"https:\/\/floridareprofreedom.org\/wp-content\/uploads\/2019\/05\/Untitled.jpg","width":174,"height":180,"caption":"Floridians for Reproductive Freedom"},"image":{"@id":"https:\/\/floridareprofreedom.org\/#\/schema\/logo\/image\/"},"sameAs":["https:\/\/www.facebook.com\/FloridaReproFreedom\/","https:\/\/x.com\/FLReproFreedom","https:\/\/www.instagram.com\/floridareprofreedom\/"]}]}},"_links":{"self":[{"href":"https:\/\/floridareprofreedom.org\/vi\/wp-json\/wp\/v2\/pages\/19","targetHints":{"allow":["GET"]}}],"collection":[{"href":"https:\/\/floridareprofreedom.org\/vi\/wp-json\/wp\/v2\/pages"}],"about":[{"href":"https:\/\/floridareprofreedom.org\/vi\/wp-json\/wp\/v2\/types\/page"}],"author":[{"embeddable":true,"href":"https:\/\/floridareprofreedom.org\/vi\/wp-json\/wp\/v2\/users\/4"}],"replies":[{"embeddable":true,"href":"https:\/\/floridareprofreedom.org\/vi\/wp-json\/wp\/v2\/comments?post=19"}],"version-history":[{"count":33,"href":"https:\/\/floridareprofreedom.org\/vi\/wp-json\/wp\/v2\/pages\/19\/revisions"}],"predecessor-version":[{"id":728,"href":"https:\/\/floridareprofreedom.org\/vi\/wp-json\/wp\/v2\/pages\/19\/revisions\/728"}],"wp:attachment":[{"href":"https:\/\/floridareprofreedom.org\/vi\/wp-json\/wp\/v2\/media?parent=19"}],"wp:term":[{"taxonomy":"folder","embeddable":true,"href":"https:\/\/floridareprofreedom.org\/vi\/wp-json\/wp\/v2\/folder?post=19"}],"curies":[{"name":"wp","href":"https:\/\/api.w.org\/{rel}","templated":true}]}}