{"id":1956,"date":"2021-04-13T13:16:46","date_gmt":"2021-04-13T13:16:46","guid":{"rendered":"https:\/\/floridareprofreedom.org\/?page_id=1956"},"modified":"2025-05-19T16:44:10","modified_gmt":"2025-05-19T16:44:10","slug":"quy-pha-thai","status":"publish","type":"page","link":"https:\/\/floridareprofreedom.org\/vi\/abortion-funds\/","title":{"rendered":"Qu\u1ef9 ph\u00e1 thai \u1edf Florida"},"content":{"rendered":"<div data-elementor-type=\"wp-page\" data-elementor-id=\"1956\" class=\"elementor elementor-1956\" data-elementor-post-type=\"page\">\n\t\t\t\t\t\t<section class=\"elementor-section elementor-top-section elementor-element elementor-element-4c50efe1 elementor-section-boxed elementor-section-height-default elementor-section-height-default\" data-id=\"4c50efe1\" data-element_type=\"section\" data-e-type=\"section\">\n\t\t\t\t\t\t<div class=\"elementor-container elementor-column-gap-default\">\n\t\t\t\t\t<div class=\"elementor-column elementor-col-100 elementor-top-column elementor-element elementor-element-6f0d7866\" data-id=\"6f0d7866\" data-element_type=\"column\" data-e-type=\"column\">\n\t\t\t<div class=\"elementor-widget-wrap elementor-element-populated\">\n\t\t\t\t\t\t<div class=\"elementor-element elementor-element-2292a868 elementor-widget elementor-widget-text-editor\" data-id=\"2292a868\" data-element_type=\"widget\" data-e-type=\"widget\" data-widget_type=\"text-editor.default\">\n\t\t\t\t<div class=\"elementor-widget-container\">\n\t\t\t\t\t\t\t\t\t<p><a href=\"http:\/\/floridareprofreedom.org\/vi\/el-aborto-es-legal\/\"><img decoding=\"async\" class=\"alignright wp-image-1309\" src=\"https:\/\/floridareprofreedom.org\/wp-content\/uploads\/2020\/08\/Espanol-Button.png\" alt=\"\" width=\"104\" height=\"26\" srcset=\"https:\/\/floridareprofreedom.org\/wp-content\/uploads\/2020\/08\/Espanol-Button.png 500w, https:\/\/floridareprofreedom.org\/wp-content\/uploads\/2020\/08\/Espanol-Button-300x75.png 300w\" sizes=\"(max-width: 104px) 100vw, 104px\" \/><\/a><span style=\"font-size: 1.15em; color: inherit; font-family: inherit;\">B\u1ea1n c\u1ea7n h\u1ed7 tr\u1ee3 chi tr\u1ea3 cho vi\u1ec7c ph\u00e1 thai? Ch\u00fang t\u00f4i lu\u00f4n s\u1eb5n s\u00e0ng h\u1ed7 tr\u1ee3. C\u00e1c t\u1ed5 ch\u1ee9c v\u00e0 ph\u00f2ng kh\u00e1m c\u00f3 th\u1ec3 h\u1ed7 tr\u1ee3 t\u00e0i ch\u00ednh v\u00e0 h\u1eadu c\u1ea7n cho nh\u1eefng ng\u01b0\u1eddi mu\u1ed1n ph\u00e1 thai t\u1ea1i Florida. Nh\u1ea5p v\u00e0o b\u00ean d\u01b0\u1edbi \u0111\u1ec3 t\u00ecm hi\u1ec3u th\u00eam.<\/span><\/p><div class=\"row sqs-row\"><div class=\"col sqs-col-6 span-6\"><div class=\"row sqs-row\"><div class=\"col sqs-col-5 span-5\"><div id=\"block-yui_3_17_2_1_1566564744621_6950\" class=\"sqs-block html-block sqs-block-html\" data-block-type=\"2\"><div class=\"sqs-block-content\"><div class=\"col sqs-col-5 span-5\"><div id=\"block-yui_3_17_2_1_1566564744621_7856\" class=\"sqs-block html-block sqs-block-html\" data-block-type=\"2\"><div class=\"sqs-block-content\"><ul><li><a href=\"https:\/\/bwefund.org\/site\/\" target=\"_blank\" rel=\"noopener noreferrer\"><strong>Qu\u1ef9 kh\u1ea9n c\u1ea5p d\u00e0nh cho ph\u1ee5 n\u1eef Broward<\/strong><\/a> \u2013 Qu\u1eadn Broward<\/li><li><strong><a href=\"https:\/\/emawpb.org\/\" target=\"_blank\" rel=\"noopener noreferrer\">C\u00f4ng ty H\u1ed7 tr\u1ee3 Y t\u1ebf Kh\u1ea9n c\u1ea5p<\/a><\/strong> \u2013 B\u00e3i bi\u1ec3n Palm v\u00e0 B\u1edd bi\u1ec3n Treasure<\/li><li><a href=\"https:\/\/www.flaccessnetwork.org\/\" target=\"_blank\" rel=\"noopener noreferrer\"><strong>M\u1ea1ng l\u01b0\u1edbi truy c\u1eadp Florida (FAN)<\/strong><\/a> \u2013 To\u00e0n ti\u1ec3u bang<\/li><li><strong><a href=\"http:\/\/tbafund.com\/\" target=\"_blank\" rel=\"noopener noreferrer\">Qu\u1ef9 ph\u00e1 thai Tampa Bay<\/a><\/strong> \u2013 Khu v\u1ef1c V\u1ecbnh Tampa<\/li><li><strong><a href=\"http:\/\/www.wen-online.org\/get-help-1.html\" target=\"_blank\" rel=\"noopener noreferrer\">M\u1ea1ng l\u01b0\u1edbi kh\u1ea9n c\u1ea5p c\u1ee7a ph\u1ee5 n\u1eef<\/a><\/strong> \u2013 Nam Florida<\/li><li><strong><a href=\"https:\/\/arc-southeast.org\/\">Trung t\u00e2m Ch\u0103m s\u00f3c Sinh s\u1ea3n Access \u0110\u00f4ng Nam (ARC)<\/a><\/strong> \u2013 \u0110a ti\u1ec3u bang<\/li><li><a href=\"https:\/\/brigidalliance.org\/getcare-fl\/\"><strong>Li\u00ean minh Brigid<\/strong><\/a> \u2013 \u0110a ti\u1ec3u bang, \u01b0u ti\u00ean b\u1ec7nh nh\u00e2n sau 15 tu\u1ea7n mang thai<\/li><li><a href=\"https:\/\/abortionfunds.org\/need-abortion\/\"><strong>M\u1ea1ng l\u01b0\u1edbi qu\u1ed1c gia v\u1ec1 qu\u1ef9 ph\u00e1 thai<\/strong><\/a> \u2013 To\u00e0n qu\u1ed1c<\/li><\/ul><\/div><\/div><\/div><\/div><\/div><\/div><\/div><\/div><\/div>\t\t\t\t\t\t\t\t<\/div>\n\t\t\t\t<\/div>\n\t\t\t\t\t<\/div>\n\t\t<\/div>\n\t\t\t\t\t<\/div>\n\t\t<\/section>\n\t\t\t\t<section class=\"elementor-section elementor-top-section elementor-element elementor-element-f67c796 elementor-section-boxed elementor-section-height-default elementor-section-height-default\" data-id=\"f67c796\" data-element_type=\"section\" data-e-type=\"section\">\n\t\t\t\t\t\t<div class=\"elementor-container elementor-column-gap-default\">\n\t\t\t\t\t<div class=\"elementor-column elementor-col-100 elementor-top-column elementor-element elementor-element-57c7295\" data-id=\"57c7295\" data-element_type=\"column\" data-e-type=\"column\">\n\t\t\t<div class=\"elementor-widget-wrap elementor-element-populated\">\n\t\t\t\t\t\t<div class=\"elementor-element elementor-element-f87a054 elementor-widget elementor-widget-text-editor\" data-id=\"f87a054\" data-element_type=\"widget\" data-e-type=\"widget\" data-widget_type=\"text-editor.default\">\n\t\t\t\t<div class=\"elementor-widget-container\">\n\t\t\t\t\t\t\t\t\t<p>\u0110\u1ec3 bi\u1ebft th\u00f4ng tin v\u1ec1 ph\u00e1 thai t\u1ef1 qu\u1ea3n l\u00fd, h\u00e3y truy c\u1eadp\u00a0<a style=\"background-color: #ffffff; color: #0099cc;\" href=\"https:\/\/plancpills.org\/\">PlanCPills.org<\/a>.<\/p>\t\t\t\t\t\t\t\t<\/div>\n\t\t\t\t<\/div>\n\t\t\t\t\t<\/div>\n\t\t<\/div>\n\t\t\t\t\t<\/div>\n\t\t<\/section>\n\t\t\t\t<section class=\"elementor-section elementor-top-section elementor-element elementor-element-bf4af21 elementor-section-boxed elementor-section-height-default elementor-section-height-default\" data-id=\"bf4af21\" data-element_type=\"section\" data-e-type=\"section\">\n\t\t\t\t\t\t<div class=\"elementor-container elementor-column-gap-default\">\n\t\t\t\t\t<div class=\"elementor-column elementor-col-100 elementor-top-column elementor-element elementor-element-bdac39f\" data-id=\"bdac39f\" data-element_type=\"column\" data-e-type=\"column\">\n\t\t\t<div class=\"elementor-widget-wrap elementor-element-populated\">\n\t\t\t\t\t\t<div class=\"elementor-element elementor-element-a2b61f1 elementor-widget elementor-widget-heading\" data-id=\"a2b61f1\" data-element_type=\"widget\" data-e-type=\"widget\" data-widget_type=\"heading.default\">\n\t\t\t\t<div class=\"elementor-widget-container\">\n\t\t\t\t\t<h2 class=\"elementor-heading-title elementor-size-default\"><h3 style=\"font-family: franklin-gothic-urw, sans-serif\"><b>T\u00f4i c\u00f3 th\u1ec3 ph\u00e1 thai \u1edf \u0111\u00e2u t\u1ea1i Florida?<em>&nbsp; &nbsp;&nbsp;<\/em><\/b><span style=\"font-size: 2rem;font-weight: 600\"><\/span><\/h3><\/h2>\t\t\t\t<\/div>\n\t\t\t\t<\/div>\n\t\t\t\t\t<\/div>\n\t\t<\/div>\n\t\t\t\t\t<\/div>\n\t\t<\/section>\n\t\t\t\t<section class=\"elementor-section elementor-top-section elementor-element elementor-element-6ab2e43 elementor-section-boxed elementor-section-height-default elementor-section-height-default\" data-id=\"6ab2e43\" data-element_type=\"section\" data-e-type=\"section\">\n\t\t\t\t\t\t<div class=\"elementor-container elementor-column-gap-default\">\n\t\t\t\t\t<div class=\"elementor-column elementor-col-100 elementor-top-column elementor-element elementor-element-d93e702\" data-id=\"d93e702\" data-element_type=\"column\" data-e-type=\"column\">\n\t\t\t<div class=\"elementor-widget-wrap elementor-element-populated\">\n\t\t\t\t\t\t<div class=\"elementor-element elementor-element-7e3c4ac elementor-widget elementor-widget-text-editor\" data-id=\"7e3c4ac\" data-element_type=\"widget\" data-e-type=\"widget\" data-widget_type=\"text-editor.default\">\n\t\t\t\t<div class=\"elementor-widget-container\">\n\t\t\t\t\t\t\t\t\t<p><a style=\"background-color: #ffffff; color: #0099cc;\" href=\"https:\/\/floridareprofreedom.org\/vi\/pha-thai-hop-phap-o-florida\/\">T\u00ecm hi\u1ec3u th\u00eam v\u1ec1 c\u00e1c l\u1ef1a ch\u1ecdn c\u1ee7a b\u1ea1n t\u1ea1i \u0111\u00e2y.<\/a><\/p>\t\t\t\t\t\t\t\t<\/div>\n\t\t\t\t<\/div>\n\t\t\t\t\t<\/div>\n\t\t<\/div>\n\t\t\t\t\t<\/div>\n\t\t<\/section>\n\t\t\t\t<\/div>","protected":false},"excerpt":{"rendered":"<p>Need helping paying for your abortion? There\u2019s help. Organizations and clinics can help with financial and logistical support for people seeking abortions in Florida. Click below to learn more. Broward Women\u2019s Emergency Fund &#8211; Broward County Emergency Medical Assistance Inc. &#8211; Palm Beaches and Treasure Coast Florida Access Network (FAN) &#8211; Statewide Tampa Bay Abortion [&hellip;]<\/p>\n","protected":false},"author":3,"featured_media":1756,"parent":0,"menu_order":0,"comment_status":"closed","ping_status":"closed","template":"","meta":{"footnotes":""},"folder":[],"class_list":["post-1956","page","type-page","status-publish","has-post-thumbnail","hentry"],"yoast_head":"<!-- This site is optimized with the Yoast SEO plugin v27.4 - https:\/\/yoast.com\/product\/yoast-seo-wordpress\/ -->\n<title>Abortion Funds in Florida - Floridians For Reproductive Freedom<\/title>\n<meta name=\"description\" content=\"Need $ for your abortion? Organizations and clinics can help with financial and logistical support for people seeking abortions in Florida.\" \/>\n<meta name=\"robots\" content=\"index, follow, max-snippet:-1, max-image-preview:large, max-video-preview:-1\" \/>\n<link rel=\"canonical\" href=\"https:\/\/floridareprofreedom.org\/vi\/quy-pha-thai\/\" \/>\n<meta property=\"og:locale\" content=\"vi_VN\" \/>\n<meta property=\"og:type\" content=\"article\" \/>\n<meta property=\"og:title\" content=\"Abortion Funds in Florida - Floridians For Reproductive Freedom\" \/>\n<meta property=\"og:description\" content=\"Need $ for your abortion? Organizations and clinics can help with financial and logistical support for people seeking abortions in Florida.\" \/>\n<meta property=\"og:url\" content=\"https:\/\/floridareprofreedom.org\/vi\/quy-pha-thai\/\" \/>\n<meta property=\"og:site_name\" content=\"Floridians For Reproductive Freedom\" \/>\n<meta property=\"article:publisher\" content=\"https:\/\/www.facebook.com\/FloridaReproFreedom\/\" \/>\n<meta property=\"article:modified_time\" content=\"2025-05-19T16:44:10+00:00\" \/>\n<meta property=\"og:image\" content=\"https:\/\/floridareprofreedom.org\/wp-content\/uploads\/2021\/01\/hero.png\" \/>\n\t<meta property=\"og:image:width\" content=\"900\" \/>\n\t<meta property=\"og:image:height\" content=\"480\" \/>\n\t<meta property=\"og:image:type\" content=\"image\/png\" \/>\n<meta name=\"twitter:card\" content=\"summary_large_image\" \/>\n<meta name=\"twitter:site\" content=\"@FLReproFreedom\" \/>\n<meta name=\"twitter:label1\" content=\"\u01af\u1edbc t\u00ednh th\u1eddi gian \u0111\u1ecdc\" \/>\n\t<meta name=\"twitter:data1\" content=\"1 ph\u00fat\" \/>\n<script type=\"application\/ld+json\" class=\"yoast-schema-graph\">{\"@context\":\"https:\\\/\\\/schema.org\",\"@graph\":[{\"@type\":\"WebPage\",\"@id\":\"https:\\\/\\\/floridareprofreedom.org\\\/abortion-funds\\\/\",\"url\":\"https:\\\/\\\/floridareprofreedom.org\\\/abortion-funds\\\/\",\"name\":\"Abortion Funds in Florida - Floridians For Reproductive Freedom\",\"isPartOf\":{\"@id\":\"https:\\\/\\\/floridareprofreedom.org\\\/#website\"},\"primaryImageOfPage\":{\"@id\":\"https:\\\/\\\/floridareprofreedom.org\\\/abortion-funds\\\/#primaryimage\"},\"image\":{\"@id\":\"https:\\\/\\\/floridareprofreedom.org\\\/abortion-funds\\\/#primaryimage\"},\"thumbnailUrl\":\"https:\\\/\\\/floridareprofreedom.org\\\/wp-content\\\/uploads\\\/2021\\\/01\\\/hero.png\",\"datePublished\":\"2021-04-13T13:16:46+00:00\",\"dateModified\":\"2025-05-19T16:44:10+00:00\",\"description\":\"Need $ for your abortion? Organizations and clinics can help with financial and logistical support for people seeking abortions in Florida.\",\"breadcrumb\":{\"@id\":\"https:\\\/\\\/floridareprofreedom.org\\\/abortion-funds\\\/#breadcrumb\"},\"inLanguage\":\"vi\",\"potentialAction\":[{\"@type\":\"ReadAction\",\"target\":[\"https:\\\/\\\/floridareprofreedom.org\\\/abortion-funds\\\/\"]}]},{\"@type\":\"ImageObject\",\"inLanguage\":\"vi\",\"@id\":\"https:\\\/\\\/floridareprofreedom.org\\\/abortion-funds\\\/#primaryimage\",\"url\":\"https:\\\/\\\/floridareprofreedom.org\\\/wp-content\\\/uploads\\\/2021\\\/01\\\/hero.png\",\"contentUrl\":\"https:\\\/\\\/floridareprofreedom.org\\\/wp-content\\\/uploads\\\/2021\\\/01\\\/hero.png\",\"width\":900,\"height\":480},{\"@type\":\"BreadcrumbList\",\"@id\":\"https:\\\/\\\/floridareprofreedom.org\\\/abortion-funds\\\/#breadcrumb\",\"itemListElement\":[{\"@type\":\"ListItem\",\"position\":1,\"name\":\"Home\",\"item\":\"https:\\\/\\\/floridareprofreedom.org\\\/\"},{\"@type\":\"ListItem\",\"position\":2,\"name\":\"Abortion Funds in Florida\"}]},{\"@type\":\"WebSite\",\"@id\":\"https:\\\/\\\/floridareprofreedom.org\\\/#website\",\"url\":\"https:\\\/\\\/floridareprofreedom.org\\\/\",\"name\":\"Floridians For Reproductive Freedom\",\"description\":\"Advocating for convenient, affordable, and safe access to reproductive health care, including abortion.\",\"publisher\":{\"@id\":\"https:\\\/\\\/floridareprofreedom.org\\\/#organization\"},\"potentialAction\":[{\"@type\":\"SearchAction\",\"target\":{\"@type\":\"EntryPoint\",\"urlTemplate\":\"https:\\\/\\\/floridareprofreedom.org\\\/?s={search_term_string}\"},\"query-input\":{\"@type\":\"PropertyValueSpecification\",\"valueRequired\":true,\"valueName\":\"search_term_string\"}}],\"inLanguage\":\"vi\"},{\"@type\":\"Organization\",\"@id\":\"https:\\\/\\\/floridareprofreedom.org\\\/#organization\",\"name\":\"Floridians for Reproductive Freedom\",\"url\":\"https:\\\/\\\/floridareprofreedom.org\\\/\",\"logo\":{\"@type\":\"ImageObject\",\"inLanguage\":\"vi\",\"@id\":\"https:\\\/\\\/floridareprofreedom.org\\\/#\\\/schema\\\/logo\\\/image\\\/\",\"url\":\"https:\\\/\\\/floridareprofreedom.org\\\/wp-content\\\/uploads\\\/2019\\\/05\\\/Untitled.jpg\",\"contentUrl\":\"https:\\\/\\\/floridareprofreedom.org\\\/wp-content\\\/uploads\\\/2019\\\/05\\\/Untitled.jpg\",\"width\":174,\"height\":180,\"caption\":\"Floridians for Reproductive Freedom\"},\"image\":{\"@id\":\"https:\\\/\\\/floridareprofreedom.org\\\/#\\\/schema\\\/logo\\\/image\\\/\"},\"sameAs\":[\"https:\\\/\\\/www.facebook.com\\\/FloridaReproFreedom\\\/\",\"https:\\\/\\\/x.com\\\/FLReproFreedom\",\"https:\\\/\\\/www.instagram.com\\\/floridareprofreedom\\\/\"]}]}<\/script>\n<!-- \/ Yoast SEO plugin. -->","yoast_head_json":{"title":"Qu\u1ef9 ph\u00e1 thai t\u1ea1i Florida - Ng\u01b0\u1eddi Florida v\u00ec T\u1ef1 do Sinh s\u1ea3n","description":"B\u1ea1n c\u1ea7n $ cho vi\u1ec7c ph\u00e1 thai? C\u00e1c t\u1ed5 ch\u1ee9c v\u00e0 ph\u00f2ng kh\u00e1m c\u00f3 th\u1ec3 h\u1ed7 tr\u1ee3 t\u00e0i ch\u00ednh v\u00e0 h\u1eadu c\u1ea7n cho nh\u1eefng ng\u01b0\u1eddi mu\u1ed1n ph\u00e1 thai t\u1ea1i Florida.","robots":{"index":"index","follow":"follow","max-snippet":"max-snippet:-1","max-image-preview":"max-image-preview:large","max-video-preview":"max-video-preview:-1"},"canonical":"https:\/\/floridareprofreedom.org\/vi\/quy-pha-thai\/","og_locale":"vi_VN","og_type":"article","og_title":"Abortion Funds in Florida - Floridians For Reproductive Freedom","og_description":"Need $ for your abortion? Organizations and clinics can help with financial and logistical support for people seeking abortions in Florida.","og_url":"https:\/\/floridareprofreedom.org\/vi\/quy-pha-thai\/","og_site_name":"Floridians For Reproductive Freedom","article_publisher":"https:\/\/www.facebook.com\/FloridaReproFreedom\/","article_modified_time":"2025-05-19T16:44:10+00:00","og_image":[{"width":900,"height":480,"url":"https:\/\/floridareprofreedom.org\/wp-content\/uploads\/2021\/01\/hero.png","type":"image\/png"}],"twitter_card":"summary_large_image","twitter_site":"@FLReproFreedom","twitter_misc":{"\u01af\u1edbc t\u00ednh th\u1eddi gian \u0111\u1ecdc":"1 ph\u00fat"},"schema":{"@context":"https:\/\/schema.org","@graph":[{"@type":"WebPage","@id":"https:\/\/floridareprofreedom.org\/abortion-funds\/","url":"https:\/\/floridareprofreedom.org\/abortion-funds\/","name":"Qu\u1ef9 ph\u00e1 thai t\u1ea1i Florida - Ng\u01b0\u1eddi Florida v\u00ec T\u1ef1 do Sinh s\u1ea3n","isPartOf":{"@id":"https:\/\/floridareprofreedom.org\/#website"},"primaryImageOfPage":{"@id":"https:\/\/floridareprofreedom.org\/abortion-funds\/#primaryimage"},"image":{"@id":"https:\/\/floridareprofreedom.org\/abortion-funds\/#primaryimage"},"thumbnailUrl":"https:\/\/floridareprofreedom.org\/wp-content\/uploads\/2021\/01\/hero.png","datePublished":"2021-04-13T13:16:46+00:00","dateModified":"2025-05-19T16:44:10+00:00","description":"B\u1ea1n c\u1ea7n $ cho vi\u1ec7c ph\u00e1 thai? C\u00e1c t\u1ed5 ch\u1ee9c v\u00e0 ph\u00f2ng kh\u00e1m c\u00f3 th\u1ec3 h\u1ed7 tr\u1ee3 t\u00e0i ch\u00ednh v\u00e0 h\u1eadu c\u1ea7n cho nh\u1eefng ng\u01b0\u1eddi mu\u1ed1n ph\u00e1 thai t\u1ea1i Florida.","breadcrumb":{"@id":"https:\/\/floridareprofreedom.org\/abortion-funds\/#breadcrumb"},"inLanguage":"vi","potentialAction":[{"@type":"ReadAction","target":["https:\/\/floridareprofreedom.org\/abortion-funds\/"]}]},{"@type":"ImageObject","inLanguage":"vi","@id":"https:\/\/floridareprofreedom.org\/abortion-funds\/#primaryimage","url":"https:\/\/floridareprofreedom.org\/wp-content\/uploads\/2021\/01\/hero.png","contentUrl":"https:\/\/floridareprofreedom.org\/wp-content\/uploads\/2021\/01\/hero.png","width":900,"height":480},{"@type":"BreadcrumbList","@id":"https:\/\/floridareprofreedom.org\/abortion-funds\/#breadcrumb","itemListElement":[{"@type":"ListItem","position":1,"name":"Home","item":"https:\/\/floridareprofreedom.org\/"},{"@type":"ListItem","position":2,"name":"Abortion Funds in Florida"}]},{"@type":"WebSite","@id":"https:\/\/floridareprofreedom.org\/#website","url":"https:\/\/floridareprofreedom.org\/","name":"Ng\u01b0\u1eddi Florida v\u00ec T\u1ef1 do Sinh s\u1ea3n","description":"V\u1eadn \u0111\u1ed9ng cho vi\u1ec7c ti\u1ebfp c\u1eadn d\u1ecbch v\u1ee5 ch\u0103m s\u00f3c s\u1ee9c kh\u1ecfe sinh s\u1ea3n, bao g\u1ed3m c\u1ea3 ph\u00e1 thai, m\u1ed9t c\u00e1ch thu\u1eadn ti\u1ec7n, gi\u00e1 c\u1ea3 ph\u1ea3i ch\u0103ng v\u00e0 an to\u00e0n.","publisher":{"@id":"https:\/\/floridareprofreedom.org\/#organization"},"potentialAction":[{"@type":"SearchAction","target":{"@type":"EntryPoint","urlTemplate":"https:\/\/floridareprofreedom.org\/?s={search_term_string}"},"query-input":{"@type":"PropertyValueSpecification","valueRequired":true,"valueName":"search_term_string"}}],"inLanguage":"vi"},{"@type":"Organization","@id":"https:\/\/floridareprofreedom.org\/#organization","name":"Ng\u01b0\u1eddi Florida v\u00ec T\u1ef1 do Sinh s\u1ea3n","url":"https:\/\/floridareprofreedom.org\/","logo":{"@type":"ImageObject","inLanguage":"vi","@id":"https:\/\/floridareprofreedom.org\/#\/schema\/logo\/image\/","url":"https:\/\/floridareprofreedom.org\/wp-content\/uploads\/2019\/05\/Untitled.jpg","contentUrl":"https:\/\/floridareprofreedom.org\/wp-content\/uploads\/2019\/05\/Untitled.jpg","width":174,"height":180,"caption":"Floridians for Reproductive Freedom"},"image":{"@id":"https:\/\/floridareprofreedom.org\/#\/schema\/logo\/image\/"},"sameAs":["https:\/\/www.facebook.com\/FloridaReproFreedom\/","https:\/\/x.com\/FLReproFreedom","https:\/\/www.instagram.com\/floridareprofreedom\/"]}]}},"_links":{"self":[{"href":"https:\/\/floridareprofreedom.org\/vi\/wp-json\/wp\/v2\/pages\/1956","targetHints":{"allow":["GET"]}}],"collection":[{"href":"https:\/\/floridareprofreedom.org\/vi\/wp-json\/wp\/v2\/pages"}],"about":[{"href":"https:\/\/floridareprofreedom.org\/vi\/wp-json\/wp\/v2\/types\/page"}],"author":[{"embeddable":true,"href":"https:\/\/floridareprofreedom.org\/vi\/wp-json\/wp\/v2\/users\/3"}],"replies":[{"embeddable":true,"href":"https:\/\/floridareprofreedom.org\/vi\/wp-json\/wp\/v2\/comments?post=1956"}],"version-history":[{"count":21,"href":"https:\/\/floridareprofreedom.org\/vi\/wp-json\/wp\/v2\/pages\/1956\/revisions"}],"predecessor-version":[{"id":4036,"href":"https:\/\/floridareprofreedom.org\/vi\/wp-json\/wp\/v2\/pages\/1956\/revisions\/4036"}],"wp:featuredmedia":[{"embeddable":true,"href":"https:\/\/floridareprofreedom.org\/vi\/wp-json\/wp\/v2\/media\/1756"}],"wp:attachment":[{"href":"https:\/\/floridareprofreedom.org\/vi\/wp-json\/wp\/v2\/media?parent=1956"}],"wp:term":[{"taxonomy":"folder","embeddable":true,"href":"https:\/\/floridareprofreedom.org\/vi\/wp-json\/wp\/v2\/folder?post=1956"}],"curies":[{"name":"wp","href":"https:\/\/api.w.org\/{rel}","templated":true}]}}