{"id":1975,"date":"2021-05-18T20:18:49","date_gmt":"2021-05-18T20:18:49","guid":{"rendered":"https:\/\/floridareprofreedom.org\/?page_id=1975"},"modified":"2021-05-19T19:58:01","modified_gmt":"2021-05-19T19:58:01","slug":"thuoc-chong-thu-thai","status":"publish","type":"page","link":"https:\/\/floridareprofreedom.org\/vi\/anticonceptivos\/","title":{"rendered":"Nh\u00f3m Trabajo de Acceso v\u00e0 Anticonceptivos"},"content":{"rendered":"<p><i><span style=\"font-weight: 400;\">\u201cM\u00e1s b\u1eadn t\u00e2m \u0111\u1ebfn cu\u1ed9c tranh lu\u1eadn b\u00ean ngo\u00e0i ch\u01b0\u01a1ng tr\u00ecnh sobre el control de la natalidad, es la vehemencia con la que las mujeres necesitan justificar ho\u1eb7c explicar por qu\u00e9 toman anticonceptivos: razones de salud, para normal los per\u00edodos, ya sabes, como si hubiera algo malo en tomar anticonceptivos simplemente porque quieres tener relaciones sexes sin que ese sexo resulte en embarazo\u201d. \u2013 Roxane Gay v\u00e0 Nh\u00e0 n\u1eef quy\u1ec1n t\u1ed3i: Ensayos (Harper Perennial)<\/span><\/i><\/p>\n<h2><b>Truy c\u1eadp v\u00e0o anticonceptivos (ki\u1ec3m so\u00e1t de la natalidad)<\/b><\/h2>\n<p><span style=\"font-weight: 400;\">T\u1ea5t c\u1ea3 c\u00e1c c\u01b0 d\u00e2n \u1edf Florida \u0111\u1ec1u c\u00f3 quy\u1ec1n truy c\u1eadp m\u1ed9t c\u00e1ch c\u00f4ng b\u1eb1ng v\u00e0 c\u00f3 c\u01a1 h\u1ed9i ho\u00e0n th\u00e0nh c\u00e1c l\u1ef1a ch\u1ecdn ki\u1ec3m so\u00e1t ng\u00e0y sinh.\u00a0<\/span><\/p>\n<p><span style=\"font-weight: 400;\">Ahora m\u00e1s que nonca, se deben gi\u1ea3m b\u1edbt nh\u1eefng r\u00e0o c\u1ea3n \u0111\u1ec3 thu \u0111\u01b0\u1ee3c nh\u1eefng ph\u1ea3n \u0111\u1ed1i th\u1ee5 thai, t\u0103ng c\u01b0\u1eddng gi\u00e1o d\u1ee5c tr\u1ef1c ti\u1ebfp v\u1ec1 nh\u1eefng ph\u1ea3n \u0111\u1ed1i th\u1ee5 thai v\u00e0 nh\u1eefng d\u1ecbch v\u1ee5 t\u00edch h\u1ee3p \u0111\u1ec3 thu h\u00fat s\u1ef1 sinh s\u1ea3n c\u1ee7a salud.<\/span><\/p>\n<p><span style=\"font-weight: 400;\">Nh\u1eefng ng\u01b0\u1eddi b\u1ea3o tr\u1ee3 kh\u00f4ng c\u00f3 chi ph\u00ed cho vi\u1ec7c ch\u1ed1ng l\u1ea1i kh\u00e1i ni\u1ec7m, nh\u1eefng ng\u01b0\u1eddi b\u1ea3o tr\u1ee3 t\u00e0i ch\u00ednh cho n\u1ec1n gi\u00e1o d\u1ee5c t\u00ecnh d\u1ee5c \u0111\u1ed9c quy\u1ec1n v\u00e0 ki\u00eang khem v\u00e0 m\u1ea5t \u201cmong mu\u1ed1n ch\u1ed1ng l\u1ea1i kh\u00e1i ni\u1ec7m\u201d con trai peligrosos para el bienestar v\u00e0 la seguridad de las Personas con necesidades \u0111a d\u1ea1ng v\u00e0 \u00fanicas de control de la natalidad.<\/span><\/p>\n<p><span style=\"font-weight: 400;\">\u00a0<\/span><span style=\"font-weight: 400;\">El <\/span><b>Grupo de Trabajo de Acceso a<\/b> <b>Anticonceptivos<\/b> <i><span style=\"font-weight: 400;\">Ng\u01b0\u1eddi Florida v\u00ec T\u1ef1 do Sinh s\u1ea3n<\/span><\/i><span style=\"font-weight: 400;\"> (FRF) \u0111\u00e3 bi\u00ean t\u1eadp l\u1ea1i c\u00e1c th\u00f4ng tin sau \u0111\u00e2y nh\u01b0 m\u1ed9t H\u01b0\u1edbng d\u1eabn l\u1eb7p l\u1ea1i \u0111\u1ec3 thu \u0111\u01b0\u1ee3c s\u1ef1 ch\u00fa \u00fd li\u00ean quan \u0111\u1ebfn vi\u1ec7c ki\u1ec3m so\u00e1t ng\u00e0y sinh v\u00e0 t\u1ea5t c\u1ea3 c\u00e1c c\u00f4ng vi\u1ec7c \u1edf th\u00e0nh ph\u1ed1 Florida, c\u0169ng nh\u01b0 th\u00f4ng tin b\u1ed5 \u00edch v\u1ec1 gi\u00e1o d\u1ee5c v\u00e0 qu\u1ea3ng c\u00e1o (<\/span><a href=\"https:\/\/docs.google.com\/spreadsheets\/d\/1vxwTO-bQe_npuS4Zsu3T5gJbv_Madw-EbluHclm2Yvg\/edit?usp=sharing\"><span style=\"font-weight: 400;\">format imprimible aqu\u00ed<\/span><\/a><span style=\"font-weight: 400;\">):<\/span><\/p>\n<ul>\n<li><a href=\"https:\/\/floridareprofreedom.org\/vi\/descuento\/\"><span style=\"font-weight: 400;\">Trang tr\u1ea1i gi\u1ea3i c\u1ee9u v\u00e0 ch\u01b0\u01a1ng tr\u00ecnh h\u1ed7 tr\u1ee3 ng\u01b0\u1eddi ti\u00eau d\u00f9ng thu\u1ed1c do ch\u1ebf t\u1ea1o thu\u1ed1c<\/span><\/a><\/li>\n<li><a href=\"https:\/\/floridareprofreedom.org\/vi\/phuong-phap-kiem-soat-sinh-de\/\"><span style=\"font-weight: 400;\">C\u00e1c l\u1ef1a ch\u1ecdn v\u00e0 gi\u00e1 tr\u1ecb c\u1ee7a nh\u1eefng \u00fd ki\u1ebfn ph\u1ea3n \u0111\u1ed1i: danh s\u00e1ch c\u00e1c ph\u01b0\u01a1ng ph\u00e1p<\/span><\/a><\/li>\n<li><a href=\"https:\/\/floridareprofreedom.org\/vi\/departamentos-de-salud\/\"><span style=\"font-weight: 400;\">C\u00e1c ch\u01b0\u01a1ng tr\u00ecnh l\u1eadp k\u1ebf ho\u1ea1ch quen thu\u1ed9c \u1edf Departamentos de Salud de Florida (por chung c\u01b0)<\/span><\/a><\/li>\n<li><a href=\"https:\/\/floridareprofreedom.org\/vi\/tai-nguyen-2\/\"><span style=\"font-weight: 400;\">Recursos de Educaci\u00f3n and Promoci\u00f3n \u2013 d\u00e0nh cho ng\u01b0\u1eddi \u0111\u00e3 ch\u1ee9ng minh v\u00e0 ng\u01b0\u1eddi ti\u00eau d\u00f9ng<\/span><\/a><\/li>\n<li><a href=\"https:\/\/nwlc.org\/having-trouble-getting-birth-control\/\"><span style=\"font-weight: 400;\">Tr\u00ecnh gi\u1ea3i quy\u1ebft v\u1ea5n \u0111\u1ec1 seguro: sin copagos u otros gastos de su bolsillo para el control de la natalidad<\/span><\/a>\u00a0(ti\u1ebfng Anh, Trung t\u00e2m Lu\u1eadt Ph\u1ee5 n\u1eef Qu\u1ed1c gia)<\/li>\n<li><a href=\"https:\/\/floridareprofreedom.org\/vi\/ec\/\"><span style=\"font-weight: 400;\">Trang h\u00e0nh \u0111\u1ed9ng: N\u00e0y Publix! #DontHideEC<\/span><\/a> (b\u1eb1ng ti\u1ebfng Anh)<\/li>\n<\/ul>\n<h2><b>Acerca del Grupo de Trabajo de Acceso v\u00e0 Anticonceptivos<\/b><\/h2>\n<p><span style=\"font-weight: 400;\">Nuestros objetivos son ayudar a <\/span><b>c\u00e1ch ti\u1ebfp c\u1eadn ph\u01b0\u01a1ng ph\u00e1p ch\u1ed1ng kh\u00e1i ni\u1ec7m<\/b><span style=\"font-weight: 400;\"> cho nh\u1eefng ng\u01b0\u1eddi c\u00f3 nh\u1eefng r\u00e0o c\u1ea3n t\u1ef1 do ki\u1ec3m so\u00e1t \u1edf natalidad, nh\u1eefng c\u00e2u chuy\u1ec7n nh\u01b0:<\/span><\/p>\n<ul>\n<li><span style=\"font-weight: 400;\">Falta de seguro y t\u1ebf ho\u1eb7c chi ph\u00ed bao g\u1ed3m c\u1ea3 seguro<\/span><\/li>\n<li><span style=\"font-weight: 400;\">Problemas de transportaci\u00f3n<\/span><\/li>\n<li><span style=\"font-weight: 400;\">Miedo a la discriminaci\u00f3n<\/span><\/li>\n<li><span style=\"font-weight: 400;\">M\u1ed1i b\u1eadn t\u00e2m v\u1ec1 vi\u1ec7c tham gia c\u1ee7a c\u00e1c linh m\u1ee5c<\/span><\/li>\n<li><span style=\"font-weight: 400;\">Barrera del idioma<\/span><\/li>\n<\/ul>\n<p><span style=\"font-weight: 400;\">Tambi\u00e9n buscamos conectar a pacientes, \u0111\u00e3 ch\u1ee9ng minh c\u00e1c b\u00e1c s\u0129 v\u00e0 c\u00e1c t\u1ed5 ch\u1ee9c li\u00ean quan \u0111\u1ebfn c\u00e1c l\u1ea7n t\u00e1i di\u1ec5n c\u00e1c d\u1ecbch v\u1ee5 ch\u1ed1ng l\u1ea1i kh\u00e1i ni\u1ec7m <\/span><b>aequibles, t\u00edch ph\u00e2n y centrados en el paciente<\/b><span style=\"font-weight: 400;\">.<\/span><\/p>\n<p><span style=\"font-weight: 400;\">Apoyamos los esfuerzos que <\/span><b>abogan por openir la cobertura de Medicaid, fondos c\u00f4ng c\u1ed9ng v\u00e0 de los m\u00e1y bay ri\u00eang t\u01b0 b\u1ea3o m\u1eadt<\/b><span style=\"font-weight: 400;\"> ki\u1ec3m so\u00e1t para el de la natalidad; <\/span><b>empoderar<\/b><span style=\"font-weight: 400;\"> a los pacientes y provenores para conocer <\/span><b>todo el espectro<\/b><span style=\"font-weight: 400;\"> de opciones de <\/span><b>\u0111i\u1ec1u khi\u1ec3n<\/b><span style=\"font-weight: 400;\"> de la natalidad (m\u00e1s all\u00e1 de aquellos basados en la abstinencia o los ph\u01b0\u01a1ng ph\u00e1p de planificaci\u00f3n quen thu\u1ed9c \u201ct\u1ef1 nhi\u00ean\u201d).<\/span><\/p>\n<p><span style=\"font-weight: 400;\">M\u1ee5c ti\u00eau m\u1edbi l\u00e0 t\u0103ng c\u01b0\u1eddng ti\u1ebft l\u1ed9 th\u00f4ng tin kinh doanh v\u00e0 quy\u1ec1n truy c\u1eadp c\u1ee7a b\u1ea1n <\/span><b>ph\u01b0\u01a1ng ph\u00e1p ch\u1ed1ng kh\u00e1i ni\u1ec7m kh\u1ea9n c\u1ea5p<\/b><span style=\"font-weight: 400;\"> (Plan B, Ella) y de los <\/span><b>ph\u01b0\u01a1ng ph\u00e1p ch\u1ed1ng kh\u00e1i ni\u1ec7m c\u00f3 th\u1ec3 \u0111\u1ea3o ng\u01b0\u1ee3c<\/b><span style=\"font-weight: 400;\"> h\u00e0nh \u0111\u1ed9ng k\u00e9o d\u00e0i (LARC) nh\u01b0 DIU ho\u1eb7c c\u1ea5y gh\u00e9p, nh\u01b0 m\u1ed9t ph\u1ea7n <\/span><b>ph\u01b0\u01a1ng ph\u00e1p ch\u1ed1ng kh\u00e1i ni\u1ec7m t\u1ed9i l\u1ed7i<\/b><span style=\"font-weight: 400;\">.<\/span><\/p>\n<ul>\n<li>C<span style=\"font-weight: 400;\">\u0110\u00e2y l\u00e0 m\u1ed9t chi\u1ebfn d\u1ecbch th\u1ef1c t\u1ebf m\u1edbi \u0111\u1ec3 b\u1eaft \u0111\u1ea7u m\u1ed9t Publix \u0111\u1ec3 EC c\u00f3 th\u1ec3 ti\u1ebfp c\u1eadn \u0111\u01b0\u1ee3c kh\u00e1ch h\u00e0ng c\u1ee7a b\u1ea1n \u0111\u1ec3 b\u00e1n m\u1ed9t m\u00f3n \u0111\u1ed3 quy ho\u1ea1ch quen thu\u1ed9c v\u00e0 detr\u00e1s del Mostrador de la farmacia: <\/span><a href=\"https:\/\/floridareprofreedom.org\/vi\/ec\/\">Xin ch\u00e0o Publix! #DontHideEC<\/a><\/li>\n<\/ul>\n<p><a href=\"https:\/\/floridareprofreedom.org\/vi\/ec\/\"><img fetchpriority=\"high\" decoding=\"async\" class=\"size-large wp-image-1374 aligncenter\" src=\"https:\/\/floridareprofreedom.org\/wp-content\/uploads\/2020\/10\/2-1-1024x791.png\" alt=\"\" width=\"800\" height=\"618\" srcset=\"https:\/\/floridareprofreedom.org\/wp-content\/uploads\/2020\/10\/2-1-1024x791.png 1024w, https:\/\/floridareprofreedom.org\/wp-content\/uploads\/2020\/10\/2-1-300x232.png 300w, https:\/\/floridareprofreedom.org\/wp-content\/uploads\/2020\/10\/2-1-768x593.png 768w, https:\/\/floridareprofreedom.org\/wp-content\/uploads\/2020\/10\/2-1-1536x1187.png 1536w, https:\/\/floridareprofreedom.org\/wp-content\/uploads\/2020\/10\/2-1.png 1650w\" sizes=\"(max-width: 800px) 100vw, 800px\" \/><\/a><\/p>\n<h2><b>Invol\u00facrese<\/b><\/h2>\n<p><span style=\"font-weight: 400;\">\u00bfLe interesa trabajar para lograr un cambio de politica a nivel b\u1ea5t \u0111\u1ed9ng s\u1ea3n? Nh\u00f3m Trabajo de Acceso v\u00e0 Anticonceptivos de FRF n\u00e2ng c\u1ea5p s\u1ef1 tham gia c\u1ee7a b\u1ea1n.<\/span><\/p>\n<p><span style=\"font-weight: 400;\">Comparta bao g\u1ed3m m\u1ed9t trang n\u00e0y v\u00e0 m\u1ed9t s\u1ed1 H\u01b0\u1edbng d\u1eabn l\u1eb7p l\u1ea1i tr\u00ean m\u1ea1ng x\u00e3 h\u1ed9i, c\u00e1c d\u1ecbch v\u1ee5 danh s\u00e1ch truy c\u1eadp \u0111i\u1ec7n t\u1eed v\u00e0 c\u00e1c trang web th\u00f4ng tin; so s\u00e1nh v\u1edbi c\u00e1c t\u1ed5 ch\u1ee9c hi\u1ec7p h\u1ed9i \/ h\u1ed9i \u0111\u1ed3ng \/ ph\u00f2ng kh\u00e1m; b\u1ea1n c\u00f3 th\u1ec3 t\u1ea3i xu\u1ed1ng, b\u1eaft \u0111\u1ea7u v\u00e0 ph\u00e2n ph\u1ed1i.<\/span><\/p>\n<p><span style=\"font-weight: 400;\">\u00a0<\/span><span style=\"font-weight: 400;\">N\u1ebfu b\u1ea1n c\u00f3 th\u00f4ng tin \u0111\u1ec3 t\u1ed5ng h\u1ee3p\/bi\u00ean t\u1eadp, h\u00e3y xem m\u1ed9t b\u1ea3n \u0111i\u1ec7n t\u1eed c\u1ee7a t\u1ed5ng th\u1ed1ng <\/span><b>Nh\u00f3m Trabajo de Acceso v\u00e0 Anticonceptivos de FRF<\/b><span style=\"font-weight: 400;\">,<\/span> <a href=\"mailto: reerob71@gmail.com\">Reesa Roberts<\/a>.<\/p>\n<p><span style=\"font-weight: 400;\">An\u00f3tese para participar:\u00a0<\/span><a href=\"https:\/\/progressflorida.actionkit.com\/signup\/frf-grassroots-signup\" target=\"_blank\" rel=\"noopener\"><button>\u0110\u0103ng k\u00fd \u0111\u1ec3 tham gia<\/button><\/a><\/p>","protected":false},"excerpt":{"rendered":"<p>&#8220;M\u00e1s preocupante que este debate extra\u00f1amente programado sobre el control de la natalidad, es la vehemencia con la que las mujeres necesitan justificar o explicar por qu\u00e9 toman anticonceptivos: razones de salud, para regular los per\u00edodos, ya sabes, como si hubiera algo malo en tomar anticonceptivos simplemente porque quieres tener relaciones sexuales sin que ese [&hellip;]<\/p>\n","protected":false},"author":3,"featured_media":0,"parent":0,"menu_order":0,"comment_status":"closed","ping_status":"closed","template":"","meta":{"footnotes":""},"folder":[20],"class_list":["post-1975","page","type-page","status-publish","hentry"],"yoast_head":"<!-- This site is optimized with the Yoast SEO plugin v27.4 - https:\/\/yoast.com\/product\/yoast-seo-wordpress\/ -->\n<title>Grupo de Trabajo de Acceso a Anticonceptivos - Floridians For Reproductive Freedom<\/title>\n<meta name=\"robots\" content=\"index, follow, max-snippet:-1, max-image-preview:large, max-video-preview:-1\" \/>\n<link rel=\"canonical\" href=\"https:\/\/floridareprofreedom.org\/vi\/thuoc-chong-thu-thai\/\" \/>\n<meta property=\"og:locale\" content=\"vi_VN\" \/>\n<meta property=\"og:type\" content=\"article\" \/>\n<meta property=\"og:title\" content=\"Grupo de Trabajo de Acceso a Anticonceptivos - Floridians For Reproductive Freedom\" \/>\n<meta property=\"og:description\" content=\"&#8220;M\u00e1s preocupante que este debate extra\u00f1amente programado sobre el control de la natalidad, es la vehemencia con la que las mujeres necesitan justificar o explicar por qu\u00e9 toman anticonceptivos: razones de salud, para regular los per\u00edodos, ya sabes, como si hubiera algo malo en tomar anticonceptivos simplemente porque quieres tener relaciones sexuales sin que ese [&hellip;]\" \/>\n<meta property=\"og:url\" content=\"https:\/\/floridareprofreedom.org\/vi\/thuoc-chong-thu-thai\/\" \/>\n<meta property=\"og:site_name\" content=\"Floridians For Reproductive Freedom\" \/>\n<meta property=\"article:publisher\" content=\"https:\/\/www.facebook.com\/FloridaReproFreedom\/\" \/>\n<meta property=\"article:modified_time\" content=\"2021-05-19T19:58:01+00:00\" \/>\n<meta property=\"og:image\" content=\"https:\/\/floridareprofreedom.org\/wp-content\/uploads\/2020\/10\/2-1-1024x791.png\" \/>\n<meta name=\"twitter:card\" content=\"summary_large_image\" \/>\n<meta name=\"twitter:site\" content=\"@FLReproFreedom\" \/>\n<meta name=\"twitter:label1\" content=\"\u01af\u1edbc t\u00ednh th\u1eddi gian \u0111\u1ecdc\" \/>\n\t<meta name=\"twitter:data1\" content=\"3 ph\u00fat\" \/>\n<script type=\"application\/ld+json\" class=\"yoast-schema-graph\">{\"@context\":\"https:\\\/\\\/schema.org\",\"@graph\":[{\"@type\":\"WebPage\",\"@id\":\"https:\\\/\\\/floridareprofreedom.org\\\/anticonceptivos\\\/\",\"url\":\"https:\\\/\\\/floridareprofreedom.org\\\/anticonceptivos\\\/\",\"name\":\"Grupo de Trabajo de Acceso a Anticonceptivos - Floridians For Reproductive Freedom\",\"isPartOf\":{\"@id\":\"https:\\\/\\\/floridareprofreedom.org\\\/#website\"},\"primaryImageOfPage\":{\"@id\":\"https:\\\/\\\/floridareprofreedom.org\\\/anticonceptivos\\\/#primaryimage\"},\"image\":{\"@id\":\"https:\\\/\\\/floridareprofreedom.org\\\/anticonceptivos\\\/#primaryimage\"},\"thumbnailUrl\":\"https:\\\/\\\/floridareprofreedom.org\\\/wp-content\\\/uploads\\\/2020\\\/10\\\/2-1-1024x791.png\",\"datePublished\":\"2021-05-18T20:18:49+00:00\",\"dateModified\":\"2021-05-19T19:58:01+00:00\",\"breadcrumb\":{\"@id\":\"https:\\\/\\\/floridareprofreedom.org\\\/anticonceptivos\\\/#breadcrumb\"},\"inLanguage\":\"vi\",\"potentialAction\":[{\"@type\":\"ReadAction\",\"target\":[\"https:\\\/\\\/floridareprofreedom.org\\\/anticonceptivos\\\/\"]}]},{\"@type\":\"ImageObject\",\"inLanguage\":\"vi\",\"@id\":\"https:\\\/\\\/floridareprofreedom.org\\\/anticonceptivos\\\/#primaryimage\",\"url\":\"https:\\\/\\\/floridareprofreedom.org\\\/wp-content\\\/uploads\\\/2020\\\/10\\\/2-1-1024x791.png\",\"contentUrl\":\"https:\\\/\\\/floridareprofreedom.org\\\/wp-content\\\/uploads\\\/2020\\\/10\\\/2-1-1024x791.png\"},{\"@type\":\"BreadcrumbList\",\"@id\":\"https:\\\/\\\/floridareprofreedom.org\\\/anticonceptivos\\\/#breadcrumb\",\"itemListElement\":[{\"@type\":\"ListItem\",\"position\":1,\"name\":\"Home\",\"item\":\"https:\\\/\\\/floridareprofreedom.org\\\/\"},{\"@type\":\"ListItem\",\"position\":2,\"name\":\"Grupo de Trabajo de Acceso a Anticonceptivos\"}]},{\"@type\":\"WebSite\",\"@id\":\"https:\\\/\\\/floridareprofreedom.org\\\/#website\",\"url\":\"https:\\\/\\\/floridareprofreedom.org\\\/\",\"name\":\"Floridians For Reproductive Freedom\",\"description\":\"Advocating for convenient, affordable, and safe access to reproductive health care, including abortion.\",\"publisher\":{\"@id\":\"https:\\\/\\\/floridareprofreedom.org\\\/#organization\"},\"potentialAction\":[{\"@type\":\"SearchAction\",\"target\":{\"@type\":\"EntryPoint\",\"urlTemplate\":\"https:\\\/\\\/floridareprofreedom.org\\\/?s={search_term_string}\"},\"query-input\":{\"@type\":\"PropertyValueSpecification\",\"valueRequired\":true,\"valueName\":\"search_term_string\"}}],\"inLanguage\":\"vi\"},{\"@type\":\"Organization\",\"@id\":\"https:\\\/\\\/floridareprofreedom.org\\\/#organization\",\"name\":\"Floridians for Reproductive Freedom\",\"url\":\"https:\\\/\\\/floridareprofreedom.org\\\/\",\"logo\":{\"@type\":\"ImageObject\",\"inLanguage\":\"vi\",\"@id\":\"https:\\\/\\\/floridareprofreedom.org\\\/#\\\/schema\\\/logo\\\/image\\\/\",\"url\":\"https:\\\/\\\/floridareprofreedom.org\\\/wp-content\\\/uploads\\\/2019\\\/05\\\/Untitled.jpg\",\"contentUrl\":\"https:\\\/\\\/floridareprofreedom.org\\\/wp-content\\\/uploads\\\/2019\\\/05\\\/Untitled.jpg\",\"width\":174,\"height\":180,\"caption\":\"Floridians for Reproductive Freedom\"},\"image\":{\"@id\":\"https:\\\/\\\/floridareprofreedom.org\\\/#\\\/schema\\\/logo\\\/image\\\/\"},\"sameAs\":[\"https:\\\/\\\/www.facebook.com\\\/FloridaReproFreedom\\\/\",\"https:\\\/\\\/x.com\\\/FLReproFreedom\",\"https:\\\/\\\/www.instagram.com\\\/floridareprofreedom\\\/\"]}]}<\/script>\n<!-- \/ Yoast SEO plugin. -->","yoast_head_json":{"title":"Grupo de Trabajo de Acceso a Anticonceptivos - Ng\u01b0\u1eddi Floridians V\u00ec T\u1ef1 do Sinh s\u1ea3n","robots":{"index":"index","follow":"follow","max-snippet":"max-snippet:-1","max-image-preview":"max-image-preview:large","max-video-preview":"max-video-preview:-1"},"canonical":"https:\/\/floridareprofreedom.org\/vi\/thuoc-chong-thu-thai\/","og_locale":"vi_VN","og_type":"article","og_title":"Grupo de Trabajo de Acceso a Anticonceptivos - Floridians For Reproductive Freedom","og_description":"&#8220;M\u00e1s preocupante que este debate extra\u00f1amente programado sobre el control de la natalidad, es la vehemencia con la que las mujeres necesitan justificar o explicar por qu\u00e9 toman anticonceptivos: razones de salud, para regular los per\u00edodos, ya sabes, como si hubiera algo malo en tomar anticonceptivos simplemente porque quieres tener relaciones sexuales sin que ese [&hellip;]","og_url":"https:\/\/floridareprofreedom.org\/vi\/thuoc-chong-thu-thai\/","og_site_name":"Floridians For Reproductive Freedom","article_publisher":"https:\/\/www.facebook.com\/FloridaReproFreedom\/","article_modified_time":"2021-05-19T19:58:01+00:00","og_image":[{"url":"https:\/\/floridareprofreedom.org\/wp-content\/uploads\/2020\/10\/2-1-1024x791.png","type":"","width":"","height":""}],"twitter_card":"summary_large_image","twitter_site":"@FLReproFreedom","twitter_misc":{"\u01af\u1edbc t\u00ednh th\u1eddi gian \u0111\u1ecdc":"3 ph\u00fat"},"schema":{"@context":"https:\/\/schema.org","@graph":[{"@type":"WebPage","@id":"https:\/\/floridareprofreedom.org\/anticonceptivos\/","url":"https:\/\/floridareprofreedom.org\/anticonceptivos\/","name":"Grupo de Trabajo de Acceso a Anticonceptivos - Ng\u01b0\u1eddi Floridians V\u00ec T\u1ef1 do Sinh s\u1ea3n","isPartOf":{"@id":"https:\/\/floridareprofreedom.org\/#website"},"primaryImageOfPage":{"@id":"https:\/\/floridareprofreedom.org\/anticonceptivos\/#primaryimage"},"image":{"@id":"https:\/\/floridareprofreedom.org\/anticonceptivos\/#primaryimage"},"thumbnailUrl":"https:\/\/floridareprofreedom.org\/wp-content\/uploads\/2020\/10\/2-1-1024x791.png","datePublished":"2021-05-18T20:18:49+00:00","dateModified":"2021-05-19T19:58:01+00:00","breadcrumb":{"@id":"https:\/\/floridareprofreedom.org\/anticonceptivos\/#breadcrumb"},"inLanguage":"vi","potentialAction":[{"@type":"ReadAction","target":["https:\/\/floridareprofreedom.org\/anticonceptivos\/"]}]},{"@type":"ImageObject","inLanguage":"vi","@id":"https:\/\/floridareprofreedom.org\/anticonceptivos\/#primaryimage","url":"https:\/\/floridareprofreedom.org\/wp-content\/uploads\/2020\/10\/2-1-1024x791.png","contentUrl":"https:\/\/floridareprofreedom.org\/wp-content\/uploads\/2020\/10\/2-1-1024x791.png"},{"@type":"BreadcrumbList","@id":"https:\/\/floridareprofreedom.org\/anticonceptivos\/#breadcrumb","itemListElement":[{"@type":"ListItem","position":1,"name":"Home","item":"https:\/\/floridareprofreedom.org\/"},{"@type":"ListItem","position":2,"name":"Grupo de Trabajo de Acceso a Anticonceptivos"}]},{"@type":"WebSite","@id":"https:\/\/floridareprofreedom.org\/#website","url":"https:\/\/floridareprofreedom.org\/","name":"Ng\u01b0\u1eddi Florida v\u00ec T\u1ef1 do Sinh s\u1ea3n","description":"V\u1eadn \u0111\u1ed9ng cho vi\u1ec7c ti\u1ebfp c\u1eadn d\u1ecbch v\u1ee5 ch\u0103m s\u00f3c s\u1ee9c kh\u1ecfe sinh s\u1ea3n, bao g\u1ed3m c\u1ea3 ph\u00e1 thai, m\u1ed9t c\u00e1ch thu\u1eadn ti\u1ec7n, gi\u00e1 c\u1ea3 ph\u1ea3i ch\u0103ng v\u00e0 an to\u00e0n.","publisher":{"@id":"https:\/\/floridareprofreedom.org\/#organization"},"potentialAction":[{"@type":"SearchAction","target":{"@type":"EntryPoint","urlTemplate":"https:\/\/floridareprofreedom.org\/?s={search_term_string}"},"query-input":{"@type":"PropertyValueSpecification","valueRequired":true,"valueName":"search_term_string"}}],"inLanguage":"vi"},{"@type":"Organization","@id":"https:\/\/floridareprofreedom.org\/#organization","name":"Ng\u01b0\u1eddi Florida v\u00ec T\u1ef1 do Sinh s\u1ea3n","url":"https:\/\/floridareprofreedom.org\/","logo":{"@type":"ImageObject","inLanguage":"vi","@id":"https:\/\/floridareprofreedom.org\/#\/schema\/logo\/image\/","url":"https:\/\/floridareprofreedom.org\/wp-content\/uploads\/2019\/05\/Untitled.jpg","contentUrl":"https:\/\/floridareprofreedom.org\/wp-content\/uploads\/2019\/05\/Untitled.jpg","width":174,"height":180,"caption":"Floridians for Reproductive Freedom"},"image":{"@id":"https:\/\/floridareprofreedom.org\/#\/schema\/logo\/image\/"},"sameAs":["https:\/\/www.facebook.com\/FloridaReproFreedom\/","https:\/\/x.com\/FLReproFreedom","https:\/\/www.instagram.com\/floridareprofreedom\/"]}]}},"_links":{"self":[{"href":"https:\/\/floridareprofreedom.org\/vi\/wp-json\/wp\/v2\/pages\/1975","targetHints":{"allow":["GET"]}}],"collection":[{"href":"https:\/\/floridareprofreedom.org\/vi\/wp-json\/wp\/v2\/pages"}],"about":[{"href":"https:\/\/floridareprofreedom.org\/vi\/wp-json\/wp\/v2\/types\/page"}],"author":[{"embeddable":true,"href":"https:\/\/floridareprofreedom.org\/vi\/wp-json\/wp\/v2\/users\/3"}],"replies":[{"embeddable":true,"href":"https:\/\/floridareprofreedom.org\/vi\/wp-json\/wp\/v2\/comments?post=1975"}],"version-history":[{"count":6,"href":"https:\/\/floridareprofreedom.org\/vi\/wp-json\/wp\/v2\/pages\/1975\/revisions"}],"predecessor-version":[{"id":2003,"href":"https:\/\/floridareprofreedom.org\/vi\/wp-json\/wp\/v2\/pages\/1975\/revisions\/2003"}],"wp:attachment":[{"href":"https:\/\/floridareprofreedom.org\/vi\/wp-json\/wp\/v2\/media?parent=1975"}],"wp:term":[{"taxonomy":"folder","embeddable":true,"href":"https:\/\/floridareprofreedom.org\/vi\/wp-json\/wp\/v2\/folder?post=1975"}],"curies":[{"name":"wp","href":"https:\/\/api.w.org\/{rel}","templated":true}]}}