{"id":1977,"date":"2021-05-18T20:23:49","date_gmt":"2021-05-18T20:23:49","guid":{"rendered":"https:\/\/floridareprofreedom.org\/?page_id=1977"},"modified":"2021-05-19T18:56:49","modified_gmt":"2021-05-19T18:56:49","slug":"descuento","status":"publish","type":"page","link":"https:\/\/floridareprofreedom.org\/vi\/descuento\/","title":{"rendered":"Trang tr\u1ea1i gi\u1ea3i c\u1ee9u v\u00e0 ch\u01b0\u01a1ng tr\u00ecnh h\u1ed7 tr\u1ee3 ng\u01b0\u1eddi ti\u00eau d\u00f9ng thu\u1ed1c do ch\u1ebf t\u1ea1o thu\u1ed1c"},"content":{"rendered":"<h2><b>Ch\u01b0\u01a1ng tr\u00ecnh gi\u1ea3i c\u1ee9u thu\u1ed1c <\/b><\/h2>\n<p><span style=\"font-weight: 400;\">Casi todas las cadenas de farmacia, detallistas and tiendas de comtibles alrededor de la naci\u00f3n venden<\/span><span style=\"font-weight: 400;\"> bi\u1ec7n ph\u00e1p tr\u00e1nh thai ch\u1ecdn l\u1ecdc v\u00e0 gi\u1ea3m thi\u1ec3u. M\u1ed9t s\u1ed1 trang tr\u1ea1i y\u00eau c\u1ea7u kh\u00e1ch h\u00e0ng ph\u1ea3i \u0111\u0103ng k\u00fd \u0111\u1ec3 h\u1ecd c\u00f3 th\u1ec3 \u0111\u0103ng k\u00fd ho\u1eb7c n\u1ed9p thu\u1ebf h\u00e0ng n\u0103m. Otros solo y\u00eau c\u1ea7u nh\u1eadn thu\u1ed1c. M\u1ed9t s\u1ed1 membres\u00edas deben \u0111\u1ed5i m\u1edbi h\u00e0ng n\u0103m, mientras que otras son indefinidas. Conozca todos los detalles antes de que necesite surtir una receta in caso de que el th\u1ee7 t\u1ee5c ghi ch\u00fa demo h\u01a1n tr\u01b0\u1edbc \u0111\u00f3.<\/span><\/p>\n<h2><b>Ch\u01b0\u01a1ng tr\u00ecnh h\u1ed7 tr\u1ee3 b\u1ec7nh nh\u00e2n<\/b><\/h2>\n<p><span style=\"font-weight: 400;\">Ch\u01b0\u01a1ng tr\u00ecnh h\u1ed7 tr\u1ee3 b\u1ec7nh nh\u00e2n \u0111\u01b0\u1ee3c thi\u1ebft k\u1ebf \u0111\u1ec3 cung c\u1ea5p cho c\u01b0 d\u00e2n c\u00e1c c\u01a1 s\u1edf ch\u0103m s\u00f3c s\u1ee9c kh\u1ecfe v\u1edbi bajos v\u1edbi c\u00e1c d\u1ecbch v\u1ee5 y t\u1ebf mi\u1ec5n ph\u00ed ho\u1eb7c chi ph\u00ed bajo. Dichos ch\u01b0\u01a1ng tr\u00ecnh n\u00f3i chung v\u1ec1 vi\u1ec7c s\u1eed d\u1ee5ng thu\u1ed1c \u0111\u01a1n l\u1ebb c\u1ee7a c\u00e1c c\u00f4ng ty v\u00e0 con trai qu\u1ea3n l\u00fd c\u00e1 nh\u00e2n c\u1ee7a c\u00e1c c\u00f4ng ty trang tr\u1ea1i m\u00e0 h\u1ecd ch\u1ebf t\u1ea1o thu\u1ed1c.<\/span><\/p>\n<p style=\"text-align: center;\"><a href=\"https:\/\/floridareprofreedom.org\/vi\/thuoc-chong-thu-thai\/\">Regresar al inicio<\/a><\/p>\n<p><iframe src=\"https:\/\/docs.google.com\/spreadsheets\/d\/e\/2PACX-1vTcbuEGnB0yJaX_Umj-wcaRiRxPAF0GUey58bYTg8ZWroY7tmqgGXl-5Xp_LeCDKwe5K0zPElxegQ8R\/pubhtml?gid=0&amp;single=true&amp;widget=true&amp;headers=false\" width=\"850\" height=\"1200\"><span data-mce-type=\"bookmark\" style=\"display: inline-block; width: 0px; overflow: hidden; line-height: 0;\" class=\"mce_SELRES_start\"><\/span><span data-mce-type=\"bookmark\" style=\"display: inline-block; width: 0px; overflow: hidden; line-height: 0;\" class=\"mce_SELRES_start\"><\/span><span data-mce-type=\"bookmark\" style=\"display: inline-block; width: 0px; overflow: hidden; line-height: 0;\" class=\"mce_SELRES_start\"><\/span><\/iframe><\/p>\n<p style=\"text-align: center;\"><a href=\"https:\/\/floridareprofreedom.org\/vi\/thuoc-chong-thu-thai\/\">Regresar al inicio<\/a><\/p>","protected":false},"excerpt":{"rendered":"<p>Programas de descuento de medicamentos Casi todas las cadenas de farmacia, detallistas y tiendas de comestibles alrededor de la naci\u00f3n venden contraceptivos selectos a precios muy reducidos. Algunas farmacias requieren que los clientes se registren para ser miembros o paguen una tarifa anual. Otros solo requieren receta m\u00e9dica. Algunas membres\u00edas deben renovarse anualmente, mientras que [&hellip;]<\/p>\n","protected":false},"author":3,"featured_media":0,"parent":0,"menu_order":0,"comment_status":"closed","ping_status":"closed","template":"","meta":{"footnotes":""},"folder":[20,10],"class_list":["post-1977","page","type-page","status-publish","hentry"],"yoast_head":"<!-- This site is optimized with the Yoast SEO plugin v27.4 - https:\/\/yoast.com\/product\/yoast-seo-wordpress\/ -->\n<title>Farmacias de descuento y programas de asistencia al consumidor ofrecidos por fabricantes de medicamentos - Floridians For Reproductive Freedom<\/title>\n<meta name=\"robots\" content=\"index, follow, max-snippet:-1, max-image-preview:large, max-video-preview:-1\" \/>\n<link rel=\"canonical\" href=\"https:\/\/floridareprofreedom.org\/vi\/descuento\/\" \/>\n<meta property=\"og:locale\" content=\"vi_VN\" \/>\n<meta property=\"og:type\" content=\"article\" \/>\n<meta property=\"og:title\" content=\"Farmacias de descuento y programas de asistencia al consumidor ofrecidos por fabricantes de medicamentos - Floridians For Reproductive Freedom\" \/>\n<meta property=\"og:description\" content=\"Programas de descuento de medicamentos Casi todas las cadenas de farmacia, detallistas y tiendas de comestibles alrededor de la naci\u00f3n venden contraceptivos selectos a precios muy reducidos. Algunas farmacias requieren que los clientes se registren para ser miembros o paguen una tarifa anual. Otros solo requieren receta m\u00e9dica. Algunas membres\u00edas deben renovarse anualmente, mientras que [&hellip;]\" \/>\n<meta property=\"og:url\" content=\"https:\/\/floridareprofreedom.org\/vi\/descuento\/\" \/>\n<meta property=\"og:site_name\" content=\"Floridians For Reproductive Freedom\" \/>\n<meta property=\"article:publisher\" content=\"https:\/\/www.facebook.com\/FloridaReproFreedom\/\" \/>\n<meta property=\"article:modified_time\" content=\"2021-05-19T18:56:49+00:00\" \/>\n<meta name=\"twitter:card\" content=\"summary_large_image\" \/>\n<meta name=\"twitter:site\" content=\"@FLReproFreedom\" \/>\n<meta name=\"twitter:label1\" content=\"\u01af\u1edbc t\u00ednh th\u1eddi gian \u0111\u1ecdc\" \/>\n\t<meta name=\"twitter:data1\" content=\"1 ph\u00fat\" \/>\n<script type=\"application\/ld+json\" class=\"yoast-schema-graph\">{\"@context\":\"https:\\\/\\\/schema.org\",\"@graph\":[{\"@type\":\"WebPage\",\"@id\":\"https:\\\/\\\/floridareprofreedom.org\\\/descuento\\\/\",\"url\":\"https:\\\/\\\/floridareprofreedom.org\\\/descuento\\\/\",\"name\":\"Farmacias de descuento y programas de asistencia al consumidor ofrecidos por fabricantes de medicamentos - Floridians For Reproductive Freedom\",\"isPartOf\":{\"@id\":\"https:\\\/\\\/floridareprofreedom.org\\\/#website\"},\"datePublished\":\"2021-05-18T20:23:49+00:00\",\"dateModified\":\"2021-05-19T18:56:49+00:00\",\"breadcrumb\":{\"@id\":\"https:\\\/\\\/floridareprofreedom.org\\\/descuento\\\/#breadcrumb\"},\"inLanguage\":\"vi\",\"potentialAction\":[{\"@type\":\"ReadAction\",\"target\":[\"https:\\\/\\\/floridareprofreedom.org\\\/descuento\\\/\"]}]},{\"@type\":\"BreadcrumbList\",\"@id\":\"https:\\\/\\\/floridareprofreedom.org\\\/descuento\\\/#breadcrumb\",\"itemListElement\":[{\"@type\":\"ListItem\",\"position\":1,\"name\":\"Home\",\"item\":\"https:\\\/\\\/floridareprofreedom.org\\\/\"},{\"@type\":\"ListItem\",\"position\":2,\"name\":\"Farmacias de descuento y programas de asistencia al consumidor ofrecidos por fabricantes de medicamentos\"}]},{\"@type\":\"WebSite\",\"@id\":\"https:\\\/\\\/floridareprofreedom.org\\\/#website\",\"url\":\"https:\\\/\\\/floridareprofreedom.org\\\/\",\"name\":\"Floridians For Reproductive Freedom\",\"description\":\"Advocating for convenient, affordable, and safe access to reproductive health care, including abortion.\",\"publisher\":{\"@id\":\"https:\\\/\\\/floridareprofreedom.org\\\/#organization\"},\"potentialAction\":[{\"@type\":\"SearchAction\",\"target\":{\"@type\":\"EntryPoint\",\"urlTemplate\":\"https:\\\/\\\/floridareprofreedom.org\\\/?s={search_term_string}\"},\"query-input\":{\"@type\":\"PropertyValueSpecification\",\"valueRequired\":true,\"valueName\":\"search_term_string\"}}],\"inLanguage\":\"vi\"},{\"@type\":\"Organization\",\"@id\":\"https:\\\/\\\/floridareprofreedom.org\\\/#organization\",\"name\":\"Floridians for Reproductive Freedom\",\"url\":\"https:\\\/\\\/floridareprofreedom.org\\\/\",\"logo\":{\"@type\":\"ImageObject\",\"inLanguage\":\"vi\",\"@id\":\"https:\\\/\\\/floridareprofreedom.org\\\/#\\\/schema\\\/logo\\\/image\\\/\",\"url\":\"https:\\\/\\\/floridareprofreedom.org\\\/wp-content\\\/uploads\\\/2019\\\/05\\\/Untitled.jpg\",\"contentUrl\":\"https:\\\/\\\/floridareprofreedom.org\\\/wp-content\\\/uploads\\\/2019\\\/05\\\/Untitled.jpg\",\"width\":174,\"height\":180,\"caption\":\"Floridians for Reproductive Freedom\"},\"image\":{\"@id\":\"https:\\\/\\\/floridareprofreedom.org\\\/#\\\/schema\\\/logo\\\/image\\\/\"},\"sameAs\":[\"https:\\\/\\\/www.facebook.com\\\/FloridaReproFreedom\\\/\",\"https:\\\/\\\/x.com\\\/FLReproFreedom\",\"https:\\\/\\\/www.instagram.com\\\/floridareprofreedom\\\/\"]}]}<\/script>\n<!-- \/ Yoast SEO plugin. -->","yoast_head_json":{"title":"Farmacias de descuento v\u00e0 ch\u01b0\u01a1ng tr\u00ecnh h\u1ed7 tr\u1ee3 ng\u01b0\u1eddi ti\u00eau d\u00f9ng thu\u1ed1c do ch\u1ebf t\u1ea1o thu\u1ed1c - Floridians For Reproduction Freedom","robots":{"index":"index","follow":"follow","max-snippet":"max-snippet:-1","max-image-preview":"max-image-preview:large","max-video-preview":"max-video-preview:-1"},"canonical":"https:\/\/floridareprofreedom.org\/vi\/descuento\/","og_locale":"vi_VN","og_type":"article","og_title":"Farmacias de descuento y programas de asistencia al consumidor ofrecidos por fabricantes de medicamentos - Floridians For Reproductive Freedom","og_description":"Programas de descuento de medicamentos Casi todas las cadenas de farmacia, detallistas y tiendas de comestibles alrededor de la naci\u00f3n venden contraceptivos selectos a precios muy reducidos. Algunas farmacias requieren que los clientes se registren para ser miembros o paguen una tarifa anual. Otros solo requieren receta m\u00e9dica. Algunas membres\u00edas deben renovarse anualmente, mientras que [&hellip;]","og_url":"https:\/\/floridareprofreedom.org\/vi\/descuento\/","og_site_name":"Floridians For Reproductive Freedom","article_publisher":"https:\/\/www.facebook.com\/FloridaReproFreedom\/","article_modified_time":"2021-05-19T18:56:49+00:00","twitter_card":"summary_large_image","twitter_site":"@FLReproFreedom","twitter_misc":{"\u01af\u1edbc t\u00ednh th\u1eddi gian \u0111\u1ecdc":"1 ph\u00fat"},"schema":{"@context":"https:\/\/schema.org","@graph":[{"@type":"WebPage","@id":"https:\/\/floridareprofreedom.org\/descuento\/","url":"https:\/\/floridareprofreedom.org\/descuento\/","name":"Farmacias de descuento v\u00e0 ch\u01b0\u01a1ng tr\u00ecnh h\u1ed7 tr\u1ee3 ng\u01b0\u1eddi ti\u00eau d\u00f9ng thu\u1ed1c do ch\u1ebf t\u1ea1o thu\u1ed1c - Floridians For Reproduction Freedom","isPartOf":{"@id":"https:\/\/floridareprofreedom.org\/#website"},"datePublished":"2021-05-18T20:23:49+00:00","dateModified":"2021-05-19T18:56:49+00:00","breadcrumb":{"@id":"https:\/\/floridareprofreedom.org\/descuento\/#breadcrumb"},"inLanguage":"vi","potentialAction":[{"@type":"ReadAction","target":["https:\/\/floridareprofreedom.org\/descuento\/"]}]},{"@type":"BreadcrumbList","@id":"https:\/\/floridareprofreedom.org\/descuento\/#breadcrumb","itemListElement":[{"@type":"ListItem","position":1,"name":"Home","item":"https:\/\/floridareprofreedom.org\/"},{"@type":"ListItem","position":2,"name":"Farmacias de descuento y programas de asistencia al consumidor ofrecidos por fabricantes de medicamentos"}]},{"@type":"WebSite","@id":"https:\/\/floridareprofreedom.org\/#website","url":"https:\/\/floridareprofreedom.org\/","name":"Ng\u01b0\u1eddi Florida v\u00ec T\u1ef1 do Sinh s\u1ea3n","description":"V\u1eadn \u0111\u1ed9ng cho vi\u1ec7c ti\u1ebfp c\u1eadn d\u1ecbch v\u1ee5 ch\u0103m s\u00f3c s\u1ee9c kh\u1ecfe sinh s\u1ea3n, bao g\u1ed3m c\u1ea3 ph\u00e1 thai, m\u1ed9t c\u00e1ch thu\u1eadn ti\u1ec7n, gi\u00e1 c\u1ea3 ph\u1ea3i ch\u0103ng v\u00e0 an to\u00e0n.","publisher":{"@id":"https:\/\/floridareprofreedom.org\/#organization"},"potentialAction":[{"@type":"SearchAction","target":{"@type":"EntryPoint","urlTemplate":"https:\/\/floridareprofreedom.org\/?s={search_term_string}"},"query-input":{"@type":"PropertyValueSpecification","valueRequired":true,"valueName":"search_term_string"}}],"inLanguage":"vi"},{"@type":"Organization","@id":"https:\/\/floridareprofreedom.org\/#organization","name":"Ng\u01b0\u1eddi Florida v\u00ec T\u1ef1 do Sinh s\u1ea3n","url":"https:\/\/floridareprofreedom.org\/","logo":{"@type":"ImageObject","inLanguage":"vi","@id":"https:\/\/floridareprofreedom.org\/#\/schema\/logo\/image\/","url":"https:\/\/floridareprofreedom.org\/wp-content\/uploads\/2019\/05\/Untitled.jpg","contentUrl":"https:\/\/floridareprofreedom.org\/wp-content\/uploads\/2019\/05\/Untitled.jpg","width":174,"height":180,"caption":"Floridians for Reproductive Freedom"},"image":{"@id":"https:\/\/floridareprofreedom.org\/#\/schema\/logo\/image\/"},"sameAs":["https:\/\/www.facebook.com\/FloridaReproFreedom\/","https:\/\/x.com\/FLReproFreedom","https:\/\/www.instagram.com\/floridareprofreedom\/"]}]}},"_links":{"self":[{"href":"https:\/\/floridareprofreedom.org\/vi\/wp-json\/wp\/v2\/pages\/1977","targetHints":{"allow":["GET"]}}],"collection":[{"href":"https:\/\/floridareprofreedom.org\/vi\/wp-json\/wp\/v2\/pages"}],"about":[{"href":"https:\/\/floridareprofreedom.org\/vi\/wp-json\/wp\/v2\/types\/page"}],"author":[{"embeddable":true,"href":"https:\/\/floridareprofreedom.org\/vi\/wp-json\/wp\/v2\/users\/3"}],"replies":[{"embeddable":true,"href":"https:\/\/floridareprofreedom.org\/vi\/wp-json\/wp\/v2\/comments?post=1977"}],"version-history":[{"count":4,"href":"https:\/\/floridareprofreedom.org\/vi\/wp-json\/wp\/v2\/pages\/1977\/revisions"}],"predecessor-version":[{"id":1998,"href":"https:\/\/floridareprofreedom.org\/vi\/wp-json\/wp\/v2\/pages\/1977\/revisions\/1998"}],"wp:attachment":[{"href":"https:\/\/floridareprofreedom.org\/vi\/wp-json\/wp\/v2\/media?parent=1977"}],"wp:term":[{"taxonomy":"folder","embeddable":true,"href":"https:\/\/floridareprofreedom.org\/vi\/wp-json\/wp\/v2\/folder?post=1977"}],"curies":[{"name":"wp","href":"https:\/\/api.w.org\/{rel}","templated":true}]}}