{"id":1981,"date":"2021-05-18T20:27:30","date_gmt":"2021-05-18T20:27:30","guid":{"rendered":"https:\/\/floridareprofreedom.org\/?page_id=1981"},"modified":"2021-05-19T18:58:01","modified_gmt":"2021-05-19T18:58:01","slug":"departamentos-de-salud","status":"publish","type":"page","link":"https:\/\/floridareprofreedom.org\/vi\/departamentos-de-salud\/","title":{"rendered":"Kh\u1edfi h\u00e0nh c\u1ee7a Salud del Condado"},"content":{"rendered":"<p><span style=\"font-weight: 400;\">C\u00e1c d\u1ecbch v\u1ee5 l\u1eadp k\u1ebf ho\u1ea1ch quen thu\u1ed9c v\u00e0 c\u00e1c d\u1ecbch v\u1ee5 ph\u00f2ng ng\u1eeba \u1edf Florida \u0111\u01b0\u1ee3c cung c\u1ea5p cho t\u1ea5t c\u1ea3 c\u00e1c c\u01b0 d\u00e2n \u1edf th\u00e0nh ph\u1ed1, bao g\u1ed3m c\u1ea3 nh\u1eefng ng\u01b0\u1eddi tr\u1ebb tu\u1ed5i, trong 67 c\u0103n h\u1ed9 v\u00e0 chuy\u1ebfn \u0111i c\u1ee7a c\u00e1c c\u01a1 quan du l\u1ecbch \u0111\u1ecba ph\u01b0\u01a1ng ho\u1eb7c c\u00e1c c\u01a1 quan t\u01b0\u01a1ng ph\u1ea3n. C\u00e1c d\u1ecbch v\u1ee5 l\u1eadp k\u1ebf ho\u1ea1ch quen thu\u1ed9c c\u00f3 th\u1ec3 \u0111\u01b0\u1ee3c cung c\u1ea5p theo h\u00ecnh th\u1ee9c t\u1ef1 nguy\u1ec7n v\u00e0 c\u00e1ch b\u1ea3o m\u1eadt. \u0110\u00e2y l\u00e0 th\u00f4ng tin v\u0103n h\u00f3a h\u1ee3p l\u00fd v\u00e0 t\u1ea7m quan tr\u1ecdng c\u1ee7a vi\u1ec7c l\u1eadp k\u1ebf ho\u1ea1ch cho c\u00e1c embarazos v\u1edbi vi\u1ec7c cu\u1ed1i c\u00f9ng l\u00e0 c\u00f3 th\u1ec3 \u0111\u01b0a ra quy\u1ebft \u0111\u1ecbnh th\u00f4ng tin m\u1ed9t c\u00e1ch t\u1ec9nh t\u00e1o v\u1ec1 vi\u1ec7c s\u1eed d\u1ee5ng c\u00e1c ph\u1ea3n kh\u00e1i ni\u1ec7m.<\/span><\/p>\n<p><span style=\"font-weight: 400;\">H\u00e3y tham kh\u1ea3o \u00fd ki\u1ebfn c\u1ee7a ch\u00fang t\u00f4i v\u1ec1 c\u00e1ch b\u1ea1n c\u00f3 th\u1ec3 t\u1eadp trung v\u00e0o vi\u1ec7c s\u1eed d\u1ee5ng c\u00e1c d\u1ecbch v\u1ee5 c\u00f3 s\u1eb5n trong cada condado. \u0110\u1ec3 nh\u1eadn \u0111\u01b0\u1ee3c th\u00f4ng tin nhi\u1ec1u h\u01a1n, h\u00e3y truy c\u1eadp trang web ch\u00ednh c\u1ee7a trang web\u00a0<\/span><a href=\"http:\/\/www.floridahealth.gov\/programs-and-services\/womens-health\/family-planning\/index.html\"><span style=\"font-weight: 400;\">ch\u01b0\u01a1ng tr\u00ecnh K\u1ebf ho\u1ea1ch quen thu\u1ed9c c\u1ee7a S\u1edf Salud de Florida<\/span><\/a>.<\/p>\n<p style=\"text-align: center;\"><a href=\"https:\/\/floridareprofreedom.org\/vi\/thuoc-chong-thu-thai\/\">Regresar al inicio<\/a><\/p>\n<p><iframe src=\"https:\/\/docs.google.com\/spreadsheets\/d\/e\/2PACX-1vTcbuEGnB0yJaX_Umj-wcaRiRxPAF0GUey58bYTg8ZWroY7tmqgGXl-5Xp_LeCDKwe5K0zPElxegQ8R\/pubhtml?gid=2004341484&amp;single=true&amp;amp\" width=\"850\" height=\"1200\"><\/iframe><\/p>\n<p style=\"text-align: center;\"><a href=\"https:\/\/floridareprofreedom.org\/vi\/thuoc-chong-thu-thai\/\">Regresar al inicio<\/a><\/p>","protected":false},"excerpt":{"rendered":"<p>Los servicios de planificaci\u00f3n familiar y los de salud preventiva de Florida est\u00e1n disponibles para todos los residentes del estado, incluyendo los j\u00f3venes, en los 67 condados a trav\u00e9s de los departamentos de salud de cada condado local o de agencias contratadas. Los servicios de planificaci\u00f3n familiar se prestan de forma voluntaria y de manera [&hellip;]<\/p>\n","protected":false},"author":3,"featured_media":0,"parent":0,"menu_order":0,"comment_status":"closed","ping_status":"closed","template":"","meta":{"footnotes":""},"folder":[20,10],"class_list":["post-1981","page","type-page","status-publish","hentry"],"yoast_head":"<!-- This site is optimized with the Yoast SEO plugin v27.4 - https:\/\/yoast.com\/product\/yoast-seo-wordpress\/ -->\n<title>Departamentos de Salud del Condado - Floridians For Reproductive Freedom<\/title>\n<meta name=\"robots\" content=\"index, follow, max-snippet:-1, max-image-preview:large, max-video-preview:-1\" \/>\n<link rel=\"canonical\" href=\"https:\/\/floridareprofreedom.org\/vi\/departamentos-de-salud\/\" \/>\n<meta property=\"og:locale\" content=\"vi_VN\" \/>\n<meta property=\"og:type\" content=\"article\" \/>\n<meta property=\"og:title\" content=\"Departamentos de Salud del Condado - Floridians For Reproductive Freedom\" \/>\n<meta property=\"og:description\" content=\"Los servicios de planificaci\u00f3n familiar y los de salud preventiva de Florida est\u00e1n disponibles para todos los residentes del estado, incluyendo los j\u00f3venes, en los 67 condados a trav\u00e9s de los departamentos de salud de cada condado local o de agencias contratadas. Los servicios de planificaci\u00f3n familiar se prestan de forma voluntaria y de manera [&hellip;]\" \/>\n<meta property=\"og:url\" content=\"https:\/\/floridareprofreedom.org\/vi\/departamentos-de-salud\/\" \/>\n<meta property=\"og:site_name\" content=\"Floridians For Reproductive Freedom\" \/>\n<meta property=\"article:publisher\" content=\"https:\/\/www.facebook.com\/FloridaReproFreedom\/\" \/>\n<meta property=\"article:modified_time\" content=\"2021-05-19T18:58:01+00:00\" \/>\n<meta name=\"twitter:card\" content=\"summary_large_image\" \/>\n<meta name=\"twitter:site\" content=\"@FLReproFreedom\" \/>\n<meta name=\"twitter:label1\" content=\"\u01af\u1edbc t\u00ednh th\u1eddi gian \u0111\u1ecdc\" \/>\n\t<meta name=\"twitter:data1\" content=\"1 ph\u00fat\" \/>\n<script type=\"application\/ld+json\" class=\"yoast-schema-graph\">{\"@context\":\"https:\\\/\\\/schema.org\",\"@graph\":[{\"@type\":\"WebPage\",\"@id\":\"https:\\\/\\\/floridareprofreedom.org\\\/departamentos-de-salud\\\/\",\"url\":\"https:\\\/\\\/floridareprofreedom.org\\\/departamentos-de-salud\\\/\",\"name\":\"Departamentos de Salud del Condado - Floridians For Reproductive Freedom\",\"isPartOf\":{\"@id\":\"https:\\\/\\\/floridareprofreedom.org\\\/#website\"},\"datePublished\":\"2021-05-18T20:27:30+00:00\",\"dateModified\":\"2021-05-19T18:58:01+00:00\",\"breadcrumb\":{\"@id\":\"https:\\\/\\\/floridareprofreedom.org\\\/departamentos-de-salud\\\/#breadcrumb\"},\"inLanguage\":\"vi\",\"potentialAction\":[{\"@type\":\"ReadAction\",\"target\":[\"https:\\\/\\\/floridareprofreedom.org\\\/departamentos-de-salud\\\/\"]}]},{\"@type\":\"BreadcrumbList\",\"@id\":\"https:\\\/\\\/floridareprofreedom.org\\\/departamentos-de-salud\\\/#breadcrumb\",\"itemListElement\":[{\"@type\":\"ListItem\",\"position\":1,\"name\":\"Home\",\"item\":\"https:\\\/\\\/floridareprofreedom.org\\\/\"},{\"@type\":\"ListItem\",\"position\":2,\"name\":\"Departamentos de Salud del Condado\"}]},{\"@type\":\"WebSite\",\"@id\":\"https:\\\/\\\/floridareprofreedom.org\\\/#website\",\"url\":\"https:\\\/\\\/floridareprofreedom.org\\\/\",\"name\":\"Floridians For Reproductive Freedom\",\"description\":\"Advocating for convenient, affordable, and safe access to reproductive health care, including abortion.\",\"publisher\":{\"@id\":\"https:\\\/\\\/floridareprofreedom.org\\\/#organization\"},\"potentialAction\":[{\"@type\":\"SearchAction\",\"target\":{\"@type\":\"EntryPoint\",\"urlTemplate\":\"https:\\\/\\\/floridareprofreedom.org\\\/?s={search_term_string}\"},\"query-input\":{\"@type\":\"PropertyValueSpecification\",\"valueRequired\":true,\"valueName\":\"search_term_string\"}}],\"inLanguage\":\"vi\"},{\"@type\":\"Organization\",\"@id\":\"https:\\\/\\\/floridareprofreedom.org\\\/#organization\",\"name\":\"Floridians for Reproductive Freedom\",\"url\":\"https:\\\/\\\/floridareprofreedom.org\\\/\",\"logo\":{\"@type\":\"ImageObject\",\"inLanguage\":\"vi\",\"@id\":\"https:\\\/\\\/floridareprofreedom.org\\\/#\\\/schema\\\/logo\\\/image\\\/\",\"url\":\"https:\\\/\\\/floridareprofreedom.org\\\/wp-content\\\/uploads\\\/2019\\\/05\\\/Untitled.jpg\",\"contentUrl\":\"https:\\\/\\\/floridareprofreedom.org\\\/wp-content\\\/uploads\\\/2019\\\/05\\\/Untitled.jpg\",\"width\":174,\"height\":180,\"caption\":\"Floridians for Reproductive Freedom\"},\"image\":{\"@id\":\"https:\\\/\\\/floridareprofreedom.org\\\/#\\\/schema\\\/logo\\\/image\\\/\"},\"sameAs\":[\"https:\\\/\\\/www.facebook.com\\\/FloridaReproFreedom\\\/\",\"https:\\\/\\\/x.com\\\/FLReproFreedom\",\"https:\\\/\\\/www.instagram.com\\\/floridareprofreedom\\\/\"]}]}<\/script>\n<!-- \/ Yoast SEO plugin. -->","yoast_head_json":{"title":"Departamentos de Salud del Condado - Ng\u01b0\u1eddi Floridians V\u00ec T\u1ef1 do Sinh s\u1ea3n","robots":{"index":"index","follow":"follow","max-snippet":"max-snippet:-1","max-image-preview":"max-image-preview:large","max-video-preview":"max-video-preview:-1"},"canonical":"https:\/\/floridareprofreedom.org\/vi\/departamentos-de-salud\/","og_locale":"vi_VN","og_type":"article","og_title":"Departamentos de Salud del Condado - Floridians For Reproductive Freedom","og_description":"Los servicios de planificaci\u00f3n familiar y los de salud preventiva de Florida est\u00e1n disponibles para todos los residentes del estado, incluyendo los j\u00f3venes, en los 67 condados a trav\u00e9s de los departamentos de salud de cada condado local o de agencias contratadas. Los servicios de planificaci\u00f3n familiar se prestan de forma voluntaria y de manera [&hellip;]","og_url":"https:\/\/floridareprofreedom.org\/vi\/departamentos-de-salud\/","og_site_name":"Floridians For Reproductive Freedom","article_publisher":"https:\/\/www.facebook.com\/FloridaReproFreedom\/","article_modified_time":"2021-05-19T18:58:01+00:00","twitter_card":"summary_large_image","twitter_site":"@FLReproFreedom","twitter_misc":{"\u01af\u1edbc t\u00ednh th\u1eddi gian \u0111\u1ecdc":"1 ph\u00fat"},"schema":{"@context":"https:\/\/schema.org","@graph":[{"@type":"WebPage","@id":"https:\/\/floridareprofreedom.org\/departamentos-de-salud\/","url":"https:\/\/floridareprofreedom.org\/departamentos-de-salud\/","name":"Departamentos de Salud del Condado - Ng\u01b0\u1eddi Floridians V\u00ec T\u1ef1 do Sinh s\u1ea3n","isPartOf":{"@id":"https:\/\/floridareprofreedom.org\/#website"},"datePublished":"2021-05-18T20:27:30+00:00","dateModified":"2021-05-19T18:58:01+00:00","breadcrumb":{"@id":"https:\/\/floridareprofreedom.org\/departamentos-de-salud\/#breadcrumb"},"inLanguage":"vi","potentialAction":[{"@type":"ReadAction","target":["https:\/\/floridareprofreedom.org\/departamentos-de-salud\/"]}]},{"@type":"BreadcrumbList","@id":"https:\/\/floridareprofreedom.org\/departamentos-de-salud\/#breadcrumb","itemListElement":[{"@type":"ListItem","position":1,"name":"Home","item":"https:\/\/floridareprofreedom.org\/"},{"@type":"ListItem","position":2,"name":"Departamentos de Salud del Condado"}]},{"@type":"WebSite","@id":"https:\/\/floridareprofreedom.org\/#website","url":"https:\/\/floridareprofreedom.org\/","name":"Ng\u01b0\u1eddi Florida v\u00ec T\u1ef1 do Sinh s\u1ea3n","description":"V\u1eadn \u0111\u1ed9ng cho vi\u1ec7c ti\u1ebfp c\u1eadn d\u1ecbch v\u1ee5 ch\u0103m s\u00f3c s\u1ee9c kh\u1ecfe sinh s\u1ea3n, bao g\u1ed3m c\u1ea3 ph\u00e1 thai, m\u1ed9t c\u00e1ch thu\u1eadn ti\u1ec7n, gi\u00e1 c\u1ea3 ph\u1ea3i ch\u0103ng v\u00e0 an to\u00e0n.","publisher":{"@id":"https:\/\/floridareprofreedom.org\/#organization"},"potentialAction":[{"@type":"SearchAction","target":{"@type":"EntryPoint","urlTemplate":"https:\/\/floridareprofreedom.org\/?s={search_term_string}"},"query-input":{"@type":"PropertyValueSpecification","valueRequired":true,"valueName":"search_term_string"}}],"inLanguage":"vi"},{"@type":"Organization","@id":"https:\/\/floridareprofreedom.org\/#organization","name":"Ng\u01b0\u1eddi Florida v\u00ec T\u1ef1 do Sinh s\u1ea3n","url":"https:\/\/floridareprofreedom.org\/","logo":{"@type":"ImageObject","inLanguage":"vi","@id":"https:\/\/floridareprofreedom.org\/#\/schema\/logo\/image\/","url":"https:\/\/floridareprofreedom.org\/wp-content\/uploads\/2019\/05\/Untitled.jpg","contentUrl":"https:\/\/floridareprofreedom.org\/wp-content\/uploads\/2019\/05\/Untitled.jpg","width":174,"height":180,"caption":"Floridians for Reproductive Freedom"},"image":{"@id":"https:\/\/floridareprofreedom.org\/#\/schema\/logo\/image\/"},"sameAs":["https:\/\/www.facebook.com\/FloridaReproFreedom\/","https:\/\/x.com\/FLReproFreedom","https:\/\/www.instagram.com\/floridareprofreedom\/"]}]}},"_links":{"self":[{"href":"https:\/\/floridareprofreedom.org\/vi\/wp-json\/wp\/v2\/pages\/1981","targetHints":{"allow":["GET"]}}],"collection":[{"href":"https:\/\/floridareprofreedom.org\/vi\/wp-json\/wp\/v2\/pages"}],"about":[{"href":"https:\/\/floridareprofreedom.org\/vi\/wp-json\/wp\/v2\/types\/page"}],"author":[{"embeddable":true,"href":"https:\/\/floridareprofreedom.org\/vi\/wp-json\/wp\/v2\/users\/3"}],"replies":[{"embeddable":true,"href":"https:\/\/floridareprofreedom.org\/vi\/wp-json\/wp\/v2\/comments?post=1981"}],"version-history":[{"count":4,"href":"https:\/\/floridareprofreedom.org\/vi\/wp-json\/wp\/v2\/pages\/1981\/revisions"}],"predecessor-version":[{"id":2000,"href":"https:\/\/floridareprofreedom.org\/vi\/wp-json\/wp\/v2\/pages\/1981\/revisions\/2000"}],"wp:attachment":[{"href":"https:\/\/floridareprofreedom.org\/vi\/wp-json\/wp\/v2\/media?parent=1981"}],"wp:term":[{"taxonomy":"folder","embeddable":true,"href":"https:\/\/floridareprofreedom.org\/vi\/wp-json\/wp\/v2\/folder?post=1981"}],"curies":[{"name":"wp","href":"https:\/\/api.w.org\/{rel}","templated":true}]}}