{"id":2057,"date":"2021-08-12T16:51:07","date_gmt":"2021-08-12T16:51:07","guid":{"rendered":"https:\/\/floridareprofreedom.org\/?page_id=2057"},"modified":"2026-03-19T16:04:59","modified_gmt":"2026-03-19T16:04:59","slug":"nguoi-ho-tong-benh-nhan","status":"publish","type":"page","link":"https:\/\/floridareprofreedom.org\/vi\/patientescort\/","title":{"rendered":"Ti\u1ebfp c\u1eadn ph\u00e1 thai: T\u00ecnh nguy\u1ec7n l\u00e0m ng\u01b0\u1eddi h\u1ed9 t\u1ed1ng b\u1ec7nh nh\u00e2n"},"content":{"rendered":"<p>M\u1ed9t khi ai \u0111\u00f3 \u0111\u00e3 quy\u1ebft \u0111\u1ecbnh ph\u00e1 thai, h\u1ecd kh\u00f4ng n\u00ean c\u1ea3m th\u1ea5y x\u1ea5u h\u1ed5 hay b\u1ecb \u00e1p l\u1ef1c. Tuy nhi\u00ean, s\u1ed1 l\u01b0\u1ee3ng ng\u01b0\u1eddi qu\u1ea5y r\u1ed1i b\u1ec7nh nh\u00e2n t\u1ea1i c\u00e1c ph\u00f2ng kh\u00e1m s\u1ee9c kh\u1ecfe sinh s\u1ea3n \u1edf Florida \u0111ang gia t\u0103ng v\u00e0 nh\u1eefng k\u1ebb qu\u1ea5y r\u1ed1i ng\u00e0y c\u00e0ng hung h\u0103ng h\u01a1n \u0111\u1ed1i v\u1edbi b\u1ec7nh nh\u00e2n khi h\u1ecd \u0111\u1ebfn v\u00e0 r\u1eddi \u0111i. Vi\u1ec7c l\u00e0m nh\u1ee5c n\u01a1i c\u00f4ng c\u1ed9ng, x\u00e2m ph\u1ea1m tr\u00e1i ph\u00e9p, quay phim, g\u00e2y \u1ed3n \u00e0o, h\u1ed7n lo\u1ea1n, v\u00e0 c\u1ea3n tr\u1edf, chuy\u1ec3n h\u01b0\u1edbng giao th\u00f4ng l\u00e0 nh\u1eefng chi\u1ebfn thu\u1eadt \u0111i\u1ec3n h\u00ecnh.<\/p>\n<p><strong>R\u1ea5t c\u1ea7n th\u00eam nhi\u1ec1u t\u00ecnh nguy\u1ec7n vi\u00ean h\u1ed9 t\u1ed1ng b\u1ec7nh nh\u00e2n t\u1ea1i ph\u00f2ng kh\u00e1m.<\/strong><\/p>\n<p><strong>\u0110i\u1ec1u \u0111\u00f3 c\u00f3 ngh\u0129a l\u00e0 nh\u01b0 sau:<\/strong><\/p>\n<ul>\n<li>B\u1ea1n s\u1ebd \u0111i c\u00f9ng (v\u1edbi s\u1ef1 \u0111\u1ed3ng \u00fd c\u1ee7a h\u1ecd) c\u00e1c b\u1ec7nh nh\u00e2n t\u00ecm ki\u1ebfm d\u1ecbch v\u1ee5 ch\u0103m s\u00f3c s\u1ee9c kh\u1ecfe sinh s\u1ea3n tr\u00ean \u0111o\u1ea1n \u0111\u01b0\u1eddng t\u1eeb ph\u01b0\u01a1ng ti\u1ec7n di chuy\u1ec3n \u0111\u1ebfn ph\u00f2ng kh\u00e1m, trong \u0111\u00f3 b\u1ec7nh nh\u00e2n c\u00f3 th\u1ec3 g\u1eb7p nh\u1eefng ng\u01b0\u1eddi bi\u1ec3u t\u00ecnh ph\u1ea3n \u0111\u1ed1i ph\u00e1 thai, nh\u1eefng ng\u01b0\u1eddi c\u1ed1 g\u1eafng l\u00e0m h\u1ecd x\u1ea5u h\u1ed5 ho\u1eb7c thuy\u1ebft ph\u1ee5c h\u1ecd t\u1eeb b\u1ecf th\u1ee7 t\u1ee5c n\u00e0y.<\/li>\n<li>B\u1ea1n h\u1ed7 tr\u1ee3 ng\u01b0\u1eddi th\u00e2n, b\u1ea1n b\u00e8 ho\u1eb7c con c\u00e1i c\u1ee7a h\u1ecd v\u00e0 n\u1ed7 l\u1ef1c \u0111\u1ec3 c\u1ea3i thi\u1ec7n tr\u1ea3i nghi\u1ec7m c\u1ee7a h\u1ecd.<\/li>\n<li>Ng\u01b0\u1eddi h\u1ed9 t\u1ed1ng b\u1ec7nh nh\u00e2n g\u00f3p ph\u1ea7n t\u1ea1o ra m\u00f4i tr\u01b0\u1eddng ch\u00e0o \u0111\u00f3n, h\u1ed7 tr\u1ee3 cho b\u1ec7nh nh\u00e2n v\u00e0 \u0111\u00f3ng vai tr\u00f2 thi\u1ebft y\u1ebfu trong vi\u1ec7c x\u00f3a b\u1ecf k\u1ef3 th\u1ecb \u0111\u1ed1i v\u1edbi ph\u00e1 thai - m\u1ed9t ph\u1ea7n b\u00ecnh th\u01b0\u1eddng c\u1ee7a ch\u0103m s\u00f3c s\u1ee9c kh\u1ecfe.<\/li>\n<li><strong>Ng\u01b0\u1eddi h\u1ed9 t\u1ed1ng b\u1ec7nh nh\u00e2n KH\u00d4NG \u0111\u01b0\u1ee3c ti\u1ebfp x\u00fac v\u1edbi ng\u01b0\u1eddi bi\u1ec3u t\u00ecnh. \u0110\u00e2y kh\u00f4ng ph\u1ea3i l\u00e0 m\u1ed9t cu\u1ed9c bi\u1ec3u t\u00ecnh hay s\u1ef1 ki\u1ec7n x\u00e3 h\u1ed9i; m\u1ee5c \u0111\u00edch ch\u00ednh l\u00e0 ch\u0103m s\u00f3c, \u0111\u1ea3m b\u1ea3o an to\u00e0n v\u00e0 s\u1ee9c kh\u1ecfe tinh th\u1ea7n c\u1ee7a b\u1ec7nh nh\u00e2n. <em>b\u1ec7nh nh\u00e2n<\/em>.<\/strong><\/li>\n<\/ul>\n<p>Vi\u1ec7c ti\u1ebfp c\u1eadn d\u1ecbch v\u1ee5 ph\u00e1 thai c\u00f3 th\u1ec3 r\u1ea5t ph\u1ee9c t\u1ea1p, v\u00ec v\u1eady ng\u01b0\u1eddi \u0111i c\u00f9ng b\u1ec7nh nh\u00e2n ph\u1ea3i t\u00f4n tr\u1ecdng m\u1ecdi tr\u1ea3i nghi\u1ec7m v\u00e0 l\u00fd do m\u00e0 ng\u01b0\u1eddi \u0111\u00f3 t\u00ecm \u0111\u1ebfn d\u1ecbch v\u1ee5 ch\u0103m s\u00f3c s\u1ee9c kh\u1ecfe n\u00e0y.<\/p>\n<ul>\n<li aria-level=\"1\"><strong>N\u01b0\u1edbc trong v\u1eaft\u00a0<\/strong>\u2013 Trung t\u00e2m S\u1ee9c kh\u1ecfe Ph\u1ee5 n\u1eef Bread and Roses. Li\u00ean h\u1ec7 \u0111i\u1ec1u ph\u1ed1i vi\u00ean d\u1ecbch v\u1ee5 h\u1ed9 t\u1ed1ng Jean t\u1ea1i <a href=\"mailto:jeanj1356@icloud.com\">jeanj1356@icloud.com<\/a> \u0111\u1ec3 bi\u1ebft th\u00f4ng tin \u0111\u00e0o t\u1ea1o. \u0110\u1ed9i h\u1ed9 t\u1ed1ng \u0111\u01b0\u1ee3c l\u00ean l\u1ecbch v\u00e0o c\u00e1c ng\u00e0y th\u1ee9 B\u1ea3y theo l\u1ecbch lu\u00e2n phi\u00ean h\u00e0ng th\u00e1ng; kho\u1ea3ng m\u1ed9t ca m\u1ed7i th\u00e1ng.<\/li>\n<li aria-level=\"1\"><strong>Jacksonville\u00a0<\/strong>\u2013 L\u1ef1a ch\u1ecdn c\u1ee7a ph\u1ee5 n\u1eef. Ho\u00e0n th\u00e0nh\u00a0<a href=\"https:\/\/progressflorida.actionkit.com\/go\/256592?t=5&amp;akid=23390%2E239463%2E3EImNb\" target=\"_blank\" rel=\"noopener\" data-saferedirecturl=\"https:\/\/www.google.com\/url?q=https:\/\/progressflorida.actionkit.com\/go\/256592?t%3D5%26akid%3D23390%252E239463%252E3EImNb&amp;source=gmail&amp;ust=1628873171215000&amp;usg=AFQjCNEp3PasCH3xLnwblcoSZXiTLSbq5A\">\u0110\u01a1n xin l\u00e0m t\u00ecnh nguy\u1ec7n vi\u00ean h\u1ed9 t\u1ed1ng tr\u1ef1c tuy\u1ebfn<\/a>.<\/li>\n<li aria-level=\"1\"><strong><span class=\"il\">Lakeland<\/span>\u00a0<\/strong>\u2013\u00a0<span class=\"il\">Lakeland<\/span>\u00a0Trung t\u00e2m S\u1ee9c kh\u1ecfe Ph\u1ee5 n\u1eef.\u00a0<a href=\"https:\/\/progressflorida.actionkit.com\/go\/256593?t=6&amp;akid=23390%2E239463%2E3EImNb\" target=\"_blank\" rel=\"noopener\" data-saferedirecturl=\"https:\/\/www.google.com\/url?q=https:\/\/progressflorida.actionkit.com\/go\/256593?t%3D6%26akid%3D23390%252E239463%252E3EImNb&amp;source=gmail&amp;ust=1628873171215000&amp;usg=AFQjCNEU_7Ubb8VOG0JMOZ-bA_W_aWpe7w\">Tham gia nh\u00f3m Facebook c\u1ee7a Li\u00ean \u0111o\u00e0n \u1ee7ng h\u1ed9 quy\u1ec1n l\u1ef1a ch\u1ecdn Polk (PAL)<\/a>\u00a0n\u01a1i l\u1ecbch tr\u00ecnh lu\u00f4n \u0111\u01b0\u1ee3c \u0111\u0103ng \u1edf \u0111\u1ea7u trang ho\u1eb7c li\u00ean h\u1ec7 v\u1edbi ng\u01b0\u1eddi \u0111i\u1ec1u ph\u1ed1i h\u1ed9 t\u1ed1ng\u00a0<a href=\"mailto:PALofPolkCounty@gmail.com\" target=\"_blank\" rel=\"noopener\">qua email<\/a>.<\/li>\n<li aria-level=\"1\"><strong>B\u00e3i bi\u1ec3n West Palm<\/strong>\u00a0\u2013 Trung t\u00e2m Ph\u1ee5 n\u1eef T\u1ed5ng th\u1ed1ng.\u00a0<a href=\"mailto:EBenavides@presidentialcenter.com\" target=\"_blank\" rel=\"noopener\">Li\u00ean h\u1ec7 v\u1edbi \u0111i\u1ec1u ph\u1ed1i vi\u00ean h\u1ed9 t\u1ed1ng Ellen<\/a>\u00a0\u0111\u1ec3 bi\u1ebft th\u00f4ng tin \u0111\u00e0o t\u1ea1o. C\u1ea7n ng\u01b0\u1eddi h\u1ed9 t\u1ed1ng v\u00e0o th\u1ee9 B\u1ea3y.<\/li>\n<\/ul>\n<p>N\u1ebfu b\u1ea1n s\u1ed1ng \u1edf m\u1ed9t c\u1ed9ng \u0111\u1ed3ng kh\u00e1c v\u1edbi nh\u1eefng c\u1ed9ng \u0111\u1ed3ng \u0111\u01b0\u1ee3c li\u1ec7t k\u00ea \u1edf tr\u00ean,\u00a0<a href=\"http:\/\/ineedana.com\/\" target=\"_blank\" rel=\"noopener\" data-saferedirecturl=\"https:\/\/www.google.com\/url?q=https:\/\/progressflorida.actionkit.com\/go\/252778?t%3D7%26akid%3D23390%252E239463%252E3EImNb&amp;source=gmail&amp;ust=1628873171215000&amp;usg=AFQjCNHPOjWWsTU_jpoARQMu94P3A9QlDA\">t\u00ecm nh\u00e0 cung c\u1ea5p d\u1ecbch v\u1ee5 ph\u00e1 thai t\u1ea1i \u0111\u1ecba ph\u01b0\u01a1ng c\u1ee7a b\u1ea1n \u1edf \u0111\u00e2y<\/a>. Sau \u0111\u00f3, khi b\u1ea1n \u0111\u00e3 quy\u1ebft \u0111\u1ecbnh \u0111\u01b0\u1ee3c m\u1ed9t ho\u1eb7c hai n\u01a1i b\u1ea1n mu\u1ed1n l\u00e0m t\u00ecnh nguy\u1ec7n, h\u00e3y li\u00ean h\u1ec7 v\u1edbi nh\u00e0 cung c\u1ea5p \u0111\u1ec3 h\u1ecfi v\u1ec1 nhu c\u1ea7u c\u1ee7a h\u1ecd.<\/p>\n<p><strong>M\u1ed9t c\u00e1ch kh\u00e1c \u0111\u1ec3 h\u1ed7 tr\u1ee3 b\u1ec7nh nh\u00e2n trong c\u1ed9ng \u0111\u1ed3ng c\u1ee7a b\u1ea1n c\u1ea7n ph\u00e1 thai l\u00e0 quy\u00ean g\u00f3p cho qu\u1ef9 ph\u00e1 thai \u0111\u1ecba ph\u01b0\u01a1ng c\u1ee7a b\u1ea1n<\/strong> \u2013 c\u00e1c t\u1ed5 ch\u1ee9c cam k\u1ebft lo\u1ea1i b\u1ecf c\u00e1c r\u00e0o c\u1ea3n v\u1ec1 t\u00e0i ch\u00ednh v\u00e0 h\u1eadu c\u1ea7n \u0111\u1ed1i v\u1edbi vi\u1ec7c ti\u1ebfp c\u1eadn d\u1ecbch v\u1ee5 ph\u00e1 thai cho nh\u1eefng b\u1ec7nh nh\u00e2n c\u00f3 nhu c\u1ea7u. <a href=\"https:\/\/floridaabortionfunds.com\/\" target=\"_blank\" rel=\"noopener\" data-saferedirecturl=\"https:\/\/www.google.com\/url?q=https:\/\/progressflorida.actionkit.com\/go\/256594?t%3D9%26akid%3D23390%252E239463%252E3EImNb&amp;source=gmail&amp;ust=1628873171215000&amp;usg=AFQjCNEO_wRTIwbIxhc1PfQ3NkraBgpiIg\">T\u00ecm qu\u1ef9 ph\u1ee5c v\u1ee5 b\u1ec7nh nh\u00e2n \u1edf khu v\u1ef1c Florida c\u1ee7a b\u1ea1n t\u1ea1i \u0111\u00e2y<\/a>.<\/p>","protected":false},"excerpt":{"rendered":"<p>Once someone has decided to have an abortion, there should be no shame or pressure. However, the number of people showing up to harass patients at reproductive health clinics in Florida is escalating and the harassers are getting more aggressive toward patients as they arrive and depart. Public shaming, trespassing, filming, creating a noisy, chaotic [&hellip;]<\/p>\n","protected":false},"author":3,"featured_media":0,"parent":0,"menu_order":0,"comment_status":"closed","ping_status":"closed","template":"","meta":{"footnotes":""},"folder":[],"class_list":["post-2057","page","type-page","status-publish","hentry"],"yoast_head":"<!-- This site is optimized with the Yoast SEO plugin v27.5 - https:\/\/yoast.com\/product\/yoast-seo-wordpress\/ -->\n<title>Abortion Access: Volunteer as a Patient Escort - Floridians For Reproductive Freedom<\/title>\n<meta name=\"robots\" content=\"index, follow, max-snippet:-1, max-image-preview:large, max-video-preview:-1\" \/>\n<link rel=\"canonical\" href=\"https:\/\/floridareprofreedom.org\/vi\/nguoi-ho-tong-benh-nhan\/\" \/>\n<meta property=\"og:locale\" content=\"vi_VN\" \/>\n<meta property=\"og:type\" content=\"article\" \/>\n<meta property=\"og:title\" content=\"Abortion Access: Volunteer as a Patient Escort - Floridians For Reproductive Freedom\" \/>\n<meta property=\"og:description\" content=\"Once someone has decided to have an abortion, there should be no shame or pressure. However, the number of people showing up to harass patients at reproductive health clinics in Florida is escalating and the harassers are getting more aggressive toward patients as they arrive and depart. Public shaming, trespassing, filming, creating a noisy, chaotic [&hellip;]\" \/>\n<meta property=\"og:url\" content=\"https:\/\/floridareprofreedom.org\/vi\/nguoi-ho-tong-benh-nhan\/\" \/>\n<meta property=\"og:site_name\" content=\"Floridians For Reproductive Freedom\" \/>\n<meta property=\"article:publisher\" content=\"https:\/\/www.facebook.com\/FloridaReproFreedom\/\" \/>\n<meta property=\"article:modified_time\" content=\"2026-03-19T16:04:59+00:00\" \/>\n<meta name=\"twitter:card\" content=\"summary_large_image\" \/>\n<meta name=\"twitter:site\" content=\"@FLReproFreedom\" \/>\n<meta name=\"twitter:label1\" content=\"\u01af\u1edbc t\u00ednh th\u1eddi gian \u0111\u1ecdc\" \/>\n\t<meta name=\"twitter:data1\" content=\"2 ph\u00fat\" \/>\n<script type=\"application\/ld+json\" class=\"yoast-schema-graph\">{\"@context\":\"https:\\\/\\\/schema.org\",\"@graph\":[{\"@type\":\"WebPage\",\"@id\":\"https:\\\/\\\/floridareprofreedom.org\\\/patientescort\\\/\",\"url\":\"https:\\\/\\\/floridareprofreedom.org\\\/patientescort\\\/\",\"name\":\"Abortion Access: Volunteer as a Patient Escort - Floridians For Reproductive Freedom\",\"isPartOf\":{\"@id\":\"https:\\\/\\\/floridareprofreedom.org\\\/#website\"},\"datePublished\":\"2021-08-12T16:51:07+00:00\",\"dateModified\":\"2026-03-19T16:04:59+00:00\",\"breadcrumb\":{\"@id\":\"https:\\\/\\\/floridareprofreedom.org\\\/patientescort\\\/#breadcrumb\"},\"inLanguage\":\"vi\",\"potentialAction\":[{\"@type\":\"ReadAction\",\"target\":[\"https:\\\/\\\/floridareprofreedom.org\\\/patientescort\\\/\"]}]},{\"@type\":\"BreadcrumbList\",\"@id\":\"https:\\\/\\\/floridareprofreedom.org\\\/patientescort\\\/#breadcrumb\",\"itemListElement\":[{\"@type\":\"ListItem\",\"position\":1,\"name\":\"Home\",\"item\":\"https:\\\/\\\/floridareprofreedom.org\\\/\"},{\"@type\":\"ListItem\",\"position\":2,\"name\":\"Abortion Access: Volunteer as a Patient Escort\"}]},{\"@type\":\"WebSite\",\"@id\":\"https:\\\/\\\/floridareprofreedom.org\\\/#website\",\"url\":\"https:\\\/\\\/floridareprofreedom.org\\\/\",\"name\":\"Floridians For Reproductive Freedom\",\"description\":\"Advocating for convenient, affordable, and safe access to reproductive health care, including abortion.\",\"publisher\":{\"@id\":\"https:\\\/\\\/floridareprofreedom.org\\\/#organization\"},\"potentialAction\":[{\"@type\":\"SearchAction\",\"target\":{\"@type\":\"EntryPoint\",\"urlTemplate\":\"https:\\\/\\\/floridareprofreedom.org\\\/?s={search_term_string}\"},\"query-input\":{\"@type\":\"PropertyValueSpecification\",\"valueRequired\":true,\"valueName\":\"search_term_string\"}}],\"inLanguage\":\"vi\"},{\"@type\":\"Organization\",\"@id\":\"https:\\\/\\\/floridareprofreedom.org\\\/#organization\",\"name\":\"Floridians for Reproductive Freedom\",\"url\":\"https:\\\/\\\/floridareprofreedom.org\\\/\",\"logo\":{\"@type\":\"ImageObject\",\"inLanguage\":\"vi\",\"@id\":\"https:\\\/\\\/floridareprofreedom.org\\\/#\\\/schema\\\/logo\\\/image\\\/\",\"url\":\"https:\\\/\\\/floridareprofreedom.org\\\/wp-content\\\/uploads\\\/2019\\\/05\\\/Untitled.jpg\",\"contentUrl\":\"https:\\\/\\\/floridareprofreedom.org\\\/wp-content\\\/uploads\\\/2019\\\/05\\\/Untitled.jpg\",\"width\":174,\"height\":180,\"caption\":\"Floridians for Reproductive Freedom\"},\"image\":{\"@id\":\"https:\\\/\\\/floridareprofreedom.org\\\/#\\\/schema\\\/logo\\\/image\\\/\"},\"sameAs\":[\"https:\\\/\\\/www.facebook.com\\\/FloridaReproFreedom\\\/\",\"https:\\\/\\\/x.com\\\/FLReproFreedom\",\"https:\\\/\\\/www.instagram.com\\\/floridareprofreedom\\\/\"]}]}<\/script>\n<!-- \/ Yoast SEO plugin. -->","yoast_head_json":{"title":"Ti\u1ebfp c\u1eadn ph\u00e1 thai: T\u00ecnh nguy\u1ec7n l\u00e0m ng\u01b0\u1eddi h\u1ed9 t\u1ed1ng b\u1ec7nh nh\u00e2n - Ng\u01b0\u1eddi Florida v\u00ec T\u1ef1 do Sinh s\u1ea3n","robots":{"index":"index","follow":"follow","max-snippet":"max-snippet:-1","max-image-preview":"max-image-preview:large","max-video-preview":"max-video-preview:-1"},"canonical":"https:\/\/floridareprofreedom.org\/vi\/nguoi-ho-tong-benh-nhan\/","og_locale":"vi_VN","og_type":"article","og_title":"Abortion Access: Volunteer as a Patient Escort - Floridians For Reproductive Freedom","og_description":"Once someone has decided to have an abortion, there should be no shame or pressure. However, the number of people showing up to harass patients at reproductive health clinics in Florida is escalating and the harassers are getting more aggressive toward patients as they arrive and depart. Public shaming, trespassing, filming, creating a noisy, chaotic [&hellip;]","og_url":"https:\/\/floridareprofreedom.org\/vi\/nguoi-ho-tong-benh-nhan\/","og_site_name":"Floridians For Reproductive Freedom","article_publisher":"https:\/\/www.facebook.com\/FloridaReproFreedom\/","article_modified_time":"2026-03-19T16:04:59+00:00","twitter_card":"summary_large_image","twitter_site":"@FLReproFreedom","twitter_misc":{"\u01af\u1edbc t\u00ednh th\u1eddi gian \u0111\u1ecdc":"2 ph\u00fat"},"schema":{"@context":"https:\/\/schema.org","@graph":[{"@type":"WebPage","@id":"https:\/\/floridareprofreedom.org\/patientescort\/","url":"https:\/\/floridareprofreedom.org\/patientescort\/","name":"Ti\u1ebfp c\u1eadn ph\u00e1 thai: T\u00ecnh nguy\u1ec7n l\u00e0m ng\u01b0\u1eddi h\u1ed9 t\u1ed1ng b\u1ec7nh nh\u00e2n - Ng\u01b0\u1eddi Florida v\u00ec T\u1ef1 do Sinh s\u1ea3n","isPartOf":{"@id":"https:\/\/floridareprofreedom.org\/#website"},"datePublished":"2021-08-12T16:51:07+00:00","dateModified":"2026-03-19T16:04:59+00:00","breadcrumb":{"@id":"https:\/\/floridareprofreedom.org\/patientescort\/#breadcrumb"},"inLanguage":"vi","potentialAction":[{"@type":"ReadAction","target":["https:\/\/floridareprofreedom.org\/patientescort\/"]}]},{"@type":"BreadcrumbList","@id":"https:\/\/floridareprofreedom.org\/patientescort\/#breadcrumb","itemListElement":[{"@type":"ListItem","position":1,"name":"Home","item":"https:\/\/floridareprofreedom.org\/"},{"@type":"ListItem","position":2,"name":"Abortion Access: Volunteer as a Patient Escort"}]},{"@type":"WebSite","@id":"https:\/\/floridareprofreedom.org\/#website","url":"https:\/\/floridareprofreedom.org\/","name":"Ng\u01b0\u1eddi Florida v\u00ec T\u1ef1 do Sinh s\u1ea3n","description":"V\u1eadn \u0111\u1ed9ng cho vi\u1ec7c ti\u1ebfp c\u1eadn d\u1ecbch v\u1ee5 ch\u0103m s\u00f3c s\u1ee9c kh\u1ecfe sinh s\u1ea3n, bao g\u1ed3m c\u1ea3 ph\u00e1 thai, m\u1ed9t c\u00e1ch thu\u1eadn ti\u1ec7n, gi\u00e1 c\u1ea3 ph\u1ea3i ch\u0103ng v\u00e0 an to\u00e0n.","publisher":{"@id":"https:\/\/floridareprofreedom.org\/#organization"},"potentialAction":[{"@type":"SearchAction","target":{"@type":"EntryPoint","urlTemplate":"https:\/\/floridareprofreedom.org\/?s={search_term_string}"},"query-input":{"@type":"PropertyValueSpecification","valueRequired":true,"valueName":"search_term_string"}}],"inLanguage":"vi"},{"@type":"Organization","@id":"https:\/\/floridareprofreedom.org\/#organization","name":"Ng\u01b0\u1eddi Florida v\u00ec T\u1ef1 do Sinh s\u1ea3n","url":"https:\/\/floridareprofreedom.org\/","logo":{"@type":"ImageObject","inLanguage":"vi","@id":"https:\/\/floridareprofreedom.org\/#\/schema\/logo\/image\/","url":"https:\/\/floridareprofreedom.org\/wp-content\/uploads\/2019\/05\/Untitled.jpg","contentUrl":"https:\/\/floridareprofreedom.org\/wp-content\/uploads\/2019\/05\/Untitled.jpg","width":174,"height":180,"caption":"Floridians for Reproductive Freedom"},"image":{"@id":"https:\/\/floridareprofreedom.org\/#\/schema\/logo\/image\/"},"sameAs":["https:\/\/www.facebook.com\/FloridaReproFreedom\/","https:\/\/x.com\/FLReproFreedom","https:\/\/www.instagram.com\/floridareprofreedom\/"]}]}},"_links":{"self":[{"href":"https:\/\/floridareprofreedom.org\/vi\/wp-json\/wp\/v2\/pages\/2057","targetHints":{"allow":["GET"]}}],"collection":[{"href":"https:\/\/floridareprofreedom.org\/vi\/wp-json\/wp\/v2\/pages"}],"about":[{"href":"https:\/\/floridareprofreedom.org\/vi\/wp-json\/wp\/v2\/types\/page"}],"author":[{"embeddable":true,"href":"https:\/\/floridareprofreedom.org\/vi\/wp-json\/wp\/v2\/users\/3"}],"replies":[{"embeddable":true,"href":"https:\/\/floridareprofreedom.org\/vi\/wp-json\/wp\/v2\/comments?post=2057"}],"version-history":[{"count":4,"href":"https:\/\/floridareprofreedom.org\/vi\/wp-json\/wp\/v2\/pages\/2057\/revisions"}],"predecessor-version":[{"id":4999,"href":"https:\/\/floridareprofreedom.org\/vi\/wp-json\/wp\/v2\/pages\/2057\/revisions\/4999"}],"wp:attachment":[{"href":"https:\/\/floridareprofreedom.org\/vi\/wp-json\/wp\/v2\/media?parent=2057"}],"wp:term":[{"taxonomy":"folder","embeddable":true,"href":"https:\/\/floridareprofreedom.org\/vi\/wp-json\/wp\/v2\/folder?post=2057"}],"curies":[{"name":"wp","href":"https:\/\/api.w.org\/{rel}","templated":true}]}}