{"id":2069,"date":"2021-08-18T19:07:25","date_gmt":"2021-08-18T19:07:25","guid":{"rendered":"https:\/\/floridareprofreedom.org\/?page_id=2069"},"modified":"2021-08-18T19:08:14","modified_gmt":"2021-08-18T19:08:14","slug":"tiep-can-bien-phap-tranh-thai-hc","status":"publish","type":"page","link":"https:\/\/floridareprofreedom.org\/vi\/contraceptives-access-hc\/","title":{"rendered":"Gwoup Travay Aks\u00e8 Kontraseptif"},"content":{"rendered":"<p><span style=\"font-weight: 400;\">\u201cNan l\u00e8 etranj sa a, plis boulv\u00e8san pase deba sou planin, se ak ki pasyon ke fanm bezwen jistifye oswa eksplike poukisa yo pran planin-rezon sante, kontwole r\u00e8g, ou konnen, tankou gen yon bagay ki mal nan pran planin tou senpleman paske ou vle f\u00e8 s\u00e8ks san ch\u1eafc ch\u1eafn l\u00e0 pa vinn lak\u00f2z gwos\u00e8s.\u201d \u2013 Roxane Gay nan Move Feminis (Harper Perennial)<\/span><\/p>\n<h2>Aks\u00e8 kontraseptif (planin)<\/h2>\n<p><span style=\"font-weight: 400;\">Tout Floridyen ta dwe gen aks\u00e8 ab\u00f2dab epi al\u00e8 sou tout seri opsyon planin yo.<\/span><\/p>\n<p><span style=\"font-weight: 400;\">Plis pase l\u00f2t tan yo, bary\u00e8 pou jwenn planin ta dwe gi\u1ea3m thi\u1ec3u, pandan edikasyon egzat sou planin ak s\u00e8vis swen sante Repwodiksyon konpl\u00e8 ta dwe maksimize.<\/span><\/p>\n<p><span style=\"font-weight: 400;\">Anplway\u00e8 ki pa kouvri depans pou planin, lwa ki finanse edikasyon seksy\u00e8l ki baze sou abstinans s\u00e8lman, ak \u201cdez\u00e8 kontrasepsyon\u201d yo, danjere pou byenn\u00e8t ak sekirite moun ki gen bezwen planin ki div\u00e8s epi inik.<\/span><\/p>\n<p><b>Gwoup Travay Aks\u00e8 Kontraseptif Floridyen pou Lib\u00e8te Repwodiksyon<\/b><span style=\"font-weight: 400;\"> (FRF) b\u1ea1n c\u00f3 th\u1ec3 t\u00ecm th\u1ea5y m\u1ed9t th\u00f4ng tin m\u1edbi v\u1ec1 vi\u1ec7c n\u00e0y <\/span><b>Gid Resous<\/b><span style=\"font-weight: 400;\"> sou jwenn swen pou planin nan tout eta Florid la, epi tou edikasyon adisyon\u00e8l ak enf\u00f2masyon defans (f\u00f2ma enprimab isit la):<\/span><\/p>\n<ul>\n<li style=\"font-weight: 400;\" aria-level=\"1\"><a href=\"https:\/\/floridareprofreedom.org\/vi\/cac-hieu-thuoc-giam-gia-va-cac-chuong-trinh-ho-tro-benh-nhan-cua-cong-ty-duoc-pham-hc\/\"><span style=\"font-weight: 400;\">Rab\u00e8 Famasi v\u00e0 Pwogram Asistans pou Konsomat\u00e8 ki ofri pa manifaktir\u00e8 medikaman yo<\/span><\/a><\/li>\n<li style=\"font-weight: 400;\" aria-level=\"1\"><a href=\"https:\/\/floridareprofreedom.org\/vi\/thuoc-tranh-thai-creole\/\"><span style=\"font-weight: 400;\">K\u1ebf ho\u1ea1ch c\u1ee7a b\u1ea1n s\u1ebd \u0111\u01b0\u1ee3c th\u1ef1c hi\u1ec7n \u2013 ki nan lis lan pa met\u00f2d<\/span><\/a><\/li>\n<li style=\"font-weight: 400;\" aria-level=\"1\"><a href=\"https:\/\/floridareprofreedom.org\/vi\/so-y-te-quan-hc\/\"><span style=\"font-weight: 400;\">Pwogram Planifikasyon Fanmi nan Depatman Sante Florid (pa konte)<\/span><\/a><\/li>\n<li style=\"font-weight: 400;\" aria-level=\"1\"><a href=\"https:\/\/floridareprofreedom.org\/vi\/tai-nguyen-giao-duc-hc\/\"><span style=\"font-weight: 400;\">Resous Edikasyon ak Defans \u2013 pou Dokt\u00e8 ak Konsomat\u00e8<\/span><\/a><\/li>\n<li style=\"font-weight: 400;\" aria-level=\"1\"><span style=\"font-weight: 400;\"><a href=\"https:\/\/nwlc.org\/having-trouble-getting-birth-control\/\">Rezoud pwobl\u00e8m asirans: pa gen okenn kopeman ni l\u00f2t depans pou soti-nan-p\u00f2ch pou planin<\/a> (Sant Lwa Fanm Nasyonal)<\/span><\/li>\n<li style=\"font-weight: 400;\" aria-level=\"1\"><a href=\"https:\/\/floridareprofreedom.org\/vi\/ec\/\"><span style=\"font-weight: 400;\">Paj Aksyon: N\u00e0y Publix! #DontHideEC<\/span><\/a><\/li>\n<\/ul>\n<p><strong>Kons\u00e8nan Gwoup Travay Aks\u00e8 Kontraseptif yo<\/strong><\/p>\n<ul>\n<li><span style=\"font-weight: 400;\">Objektif nou yo se pou ede <\/span><b>kenbe aks\u00e8 ak kontrasepsyon<\/b><span style=\"font-weight: 400;\"> pou moun ki gen bary\u00e8 pou swen planin tankou:<\/span>\n<ul>\n<li style=\"font-weight: 400;\" aria-level=\"1\"><span style=\"font-weight: 400;\">Manke asirans sante oswa pri ki toujou wo menm av\u00e8k asirans\u00a0<\/span><\/li>\n<li style=\"font-weight: 400;\" aria-level=\"1\"><span style=\"font-weight: 400;\">Pwobl\u00e8m transp\u00f2tasyon<\/span><\/li>\n<li style=\"font-weight: 400;\" aria-level=\"1\"><span style=\"font-weight: 400;\">P\u00e8 diskriminasyon<\/span><\/li>\n<li style=\"font-weight: 400;\" aria-level=\"1\"><span style=\"font-weight: 400;\">Enkyetid sou patisipasyon paran yo<\/span><\/li>\n<li style=\"font-weight: 400;\" aria-level=\"1\"><span style=\"font-weight: 400;\">Bary\u00e8 langaj<\/span><\/li>\n<\/ul>\n<p><span style=\"font-weight: 400;\">Epi tou, nou f\u00e8 ef\u00f2 pou <\/span><b>konekte<\/b><span style=\"font-weight: 400;\"> pasyan yo, founis\u00e8 medikal yo, \u00f2ganizasyon patn\u00e8 yo, ak resous ki ofri <\/span><b>pri ki-efikas<\/b><span style=\"font-weight: 400;\">, <\/span><b>konpl\u00e8<\/b><span style=\"font-weight: 400;\">, ak s\u00e8vis planin ki <\/span><b>santre-sou<\/b><span style=\"font-weight: 400;\"> pasyan.<\/span><span style=\"font-weight: 400;\"><br \/>\n<\/span><span style=\"font-weight: 400;\"><br \/>\n<\/span><span style=\"font-weight: 400;\">Nou sip\u00f2te ef\u00f2 <\/span><b>nh\u1eefng ng\u01b0\u1eddi ch\u1ed1ng \u0111\u1ed1i<\/b><span style=\"font-weight: 400;\"> ki <\/span><b>elaji Medicaid<\/b><span style=\"font-weight: 400;\">, <\/span><b>fon gouv\u00e8nman v\u00e0 kouv\u00e8ti plan asirans prive<\/b><span style=\"font-weight: 400;\"> k\u1ebf ho\u1ea1ch; bay pasyan yo ak founis\u00e8 yo <\/span><b>pouvwa<\/b><span style=\"font-weight: 400;\"> pou yo aprann <\/span><b>tout opsyon<\/b><span style=\"font-weight: 400;\"> nan planin n\u00e8t (pi plis pase sak baze sou abstinans oswa met\u00f2d planifikasyon \u201cnatir\u00e8l\u201d pou fanmi an).<\/span><span style=\"font-weight: 400;\"><br \/>\n<\/span><span style=\"font-weight: 400;\"><br \/>\n<\/span><span style=\"font-weight: 400;\">B\u00e2y gi\u1edd b\u1ea1n c\u00f3 th\u1ec3 nh\u1eafn tin ho\u1eb7c g\u1eedi tin nh\u1eafn <\/span><b>kontrasepsyon ijans<\/b><span style=\"font-weight: 400;\"> (K\u1ebf ho\u1ea1ch B, Ella) ak <\/span><b>k\u1ebf ho\u1ea1ch c\u1ea3i ti\u1ebfn c\u1ee7a aji-lontan<\/b><span style=\"font-weight: 400;\"> (LARC) v\u00f2ng tr\u00e1nh thai IUD oswa enplimant, epi <\/span><b>ph\u01b0\u01a1ng ph\u00e1p k\u1ebf ho\u1ea1ch san preskripsyon<\/b><span style=\"font-weight: 400;\"> ch\u1ea1m.<\/span><\/p>\n<ul>\n<li style=\"font-weight: 400;\" aria-level=\"1\"><span style=\"font-weight: 400;\">Tcheke kanpay nou gen kounye a pou mande Publix pou f\u00e8 EC aksesib a kliyan li yo, pou yo vann li nan ale Planifikasyon Fanmi an olye nan d\u00e8y\u00e8 biwo famasi a: N\u00e0y Publix! #DontHideEC<\/span>: <a href=\"https:\/\/floridareprofreedom.org\/vi\/ec\/\">Xin ch\u00e0o Publix! #DontHideEC<\/a><\/li>\n<\/ul>\n<\/li>\n<\/ul>\n<p><a href=\"https:\/\/floridareprofreedom.org\/vi\/ec\/\"><img fetchpriority=\"high\" decoding=\"async\" class=\"size-large wp-image-1374 aligncenter\" src=\"https:\/\/floridareprofreedom.org\/wp-content\/uploads\/2020\/10\/2-1-1024x791.png\" alt=\"\" width=\"800\" height=\"618\" srcset=\"https:\/\/floridareprofreedom.org\/wp-content\/uploads\/2020\/10\/2-1-1024x791.png 1024w, https:\/\/floridareprofreedom.org\/wp-content\/uploads\/2020\/10\/2-1-300x232.png 300w, https:\/\/floridareprofreedom.org\/wp-content\/uploads\/2020\/10\/2-1-768x593.png 768w, https:\/\/floridareprofreedom.org\/wp-content\/uploads\/2020\/10\/2-1-1536x1187.png 1536w, https:\/\/floridareprofreedom.org\/wp-content\/uploads\/2020\/10\/2-1.png 1650w\" sizes=\"(max-width: 800px) 100vw, 800px\" \/><\/a><\/p>\n<h2>Patisipe<\/h2>\n<p><span style=\"font-weight: 400;\">Enterese nan travay pou chanjman lwa nan nivo Eta a? Gwoup Travay Aks\u00e8 Kontraseptif FRF la akeyi patisipasyon ou.<\/span><span style=\"font-weight: 400;\"><br \/>\n<\/span><span style=\"font-weight: 400;\"><br \/>\n<\/span><span style=\"font-weight: 400;\">Pataje lyen paj sa ak Gid Resous nou an sou rezo sosyal, lis s\u00e8vis imel, ak bilten lokal yo; pataje av\u00e8k \u00f2ganizasyon patn\u00e8 ou yo\/lek\u00f2l\/klinik; gendwa telechaje, enprime, ak distribuye tou.<\/span><span style=\"font-weight: 400;\"><br \/>\n<\/span><span style=\"font-weight: 400;\"><br \/>\n<\/span><span style=\"font-weight: 400;\">N\u1ebfu b\u1ea1n mu\u1ed1n c\u00f3 m\u1ed9t th\u00f4ng tin c\u00f3 th\u1ec3 \u0111\u01b0\u1ee3c s\u1eeda \u0111\u1ed5i\/s\u1eeda \u0111\u1ed5i, b\u1ea1n c\u00f3 th\u1ec3 l\u00e0m \u0111i\u1ec1u \u0111\u00f3 v\u1edbi T\u00e8t Komite <\/span><b>Gwoup Travay Aks\u00e8 Kontraseptif FRF<\/b><span style=\"font-weight: 400;\">, <\/span><a href=\"mailto: reerob71@gmail.com\">Reesa Roberts<\/a>.<\/p>\n<p><a href=\"https:\/\/progressflorida.actionkit.com\/signup\/frf-grassroots-signup\" target=\"_blank\" rel=\"noopener\"><button>\u0110\u0103ng k\u00fd \u0111\u1ec3 tham gia<\/button><\/a><\/p>","protected":false},"excerpt":{"rendered":"<p>&#8220;Nan l\u00e8 etranj sa a, plis boulv\u00e8san pase deba sou planin, se ak ki pasyon ke fanm bezwen jistifye oswa eksplike poukisa yo pran planin-rezon sante, kontwole r\u00e8g, ou konnen, tankou gen yon bagay ki mal nan pran planin tou senpleman paske ou vle f\u00e8 s\u00e8ks san s\u00e8ks sa a pa vinn lak\u00f2z gwos\u00e8s.&#8221; &#8211; [&hellip;]<\/p>\n","protected":false},"author":3,"featured_media":0,"parent":0,"menu_order":0,"comment_status":"closed","ping_status":"closed","template":"","meta":{"footnotes":""},"folder":[21,10],"class_list":["post-2069","page","type-page","status-publish","hentry"],"yoast_head":"<!-- This site is optimized with the Yoast SEO plugin v27.4 - https:\/\/yoast.com\/product\/yoast-seo-wordpress\/ -->\n<title>Gwoup Travay Aks\u00e8 Kontraseptif - Floridians For Reproductive Freedom<\/title>\n<meta name=\"robots\" content=\"index, follow, max-snippet:-1, max-image-preview:large, max-video-preview:-1\" \/>\n<link rel=\"canonical\" href=\"https:\/\/floridareprofreedom.org\/vi\/tiep-can-bien-phap-tranh-thai-hc\/\" \/>\n<meta property=\"og:locale\" content=\"vi_VN\" \/>\n<meta property=\"og:type\" content=\"article\" \/>\n<meta property=\"og:title\" content=\"Gwoup Travay Aks\u00e8 Kontraseptif - Floridians For Reproductive Freedom\" \/>\n<meta property=\"og:description\" content=\"&#8220;Nan l\u00e8 etranj sa a, plis boulv\u00e8san pase deba sou planin, se ak ki pasyon ke fanm bezwen jistifye oswa eksplike poukisa yo pran planin-rezon sante, kontwole r\u00e8g, ou konnen, tankou gen yon bagay ki mal nan pran planin tou senpleman paske ou vle f\u00e8 s\u00e8ks san s\u00e8ks sa a pa vinn lak\u00f2z gwos\u00e8s.&#8221; &#8211; [&hellip;]\" \/>\n<meta property=\"og:url\" content=\"https:\/\/floridareprofreedom.org\/vi\/tiep-can-bien-phap-tranh-thai-hc\/\" \/>\n<meta property=\"og:site_name\" content=\"Floridians For Reproductive Freedom\" \/>\n<meta property=\"article:publisher\" content=\"https:\/\/www.facebook.com\/FloridaReproFreedom\/\" \/>\n<meta property=\"article:modified_time\" content=\"2021-08-18T19:08:14+00:00\" \/>\n<meta property=\"og:image\" content=\"https:\/\/floridareprofreedom.org\/wp-content\/uploads\/2020\/10\/2-1-1024x791.png\" \/>\n<meta name=\"twitter:card\" content=\"summary_large_image\" \/>\n<meta name=\"twitter:site\" content=\"@FLReproFreedom\" \/>\n<meta name=\"twitter:label1\" content=\"\u01af\u1edbc t\u00ednh th\u1eddi gian \u0111\u1ecdc\" \/>\n\t<meta name=\"twitter:data1\" content=\"3 ph\u00fat\" \/>\n<script type=\"application\/ld+json\" class=\"yoast-schema-graph\">{\"@context\":\"https:\\\/\\\/schema.org\",\"@graph\":[{\"@type\":\"WebPage\",\"@id\":\"https:\\\/\\\/floridareprofreedom.org\\\/contraceptives-access-hc\\\/\",\"url\":\"https:\\\/\\\/floridareprofreedom.org\\\/contraceptives-access-hc\\\/\",\"name\":\"Gwoup Travay Aks\u00e8 Kontraseptif - Floridians For Reproductive Freedom\",\"isPartOf\":{\"@id\":\"https:\\\/\\\/floridareprofreedom.org\\\/#website\"},\"primaryImageOfPage\":{\"@id\":\"https:\\\/\\\/floridareprofreedom.org\\\/contraceptives-access-hc\\\/#primaryimage\"},\"image\":{\"@id\":\"https:\\\/\\\/floridareprofreedom.org\\\/contraceptives-access-hc\\\/#primaryimage\"},\"thumbnailUrl\":\"https:\\\/\\\/floridareprofreedom.org\\\/wp-content\\\/uploads\\\/2020\\\/10\\\/2-1-1024x791.png\",\"datePublished\":\"2021-08-18T19:07:25+00:00\",\"dateModified\":\"2021-08-18T19:08:14+00:00\",\"breadcrumb\":{\"@id\":\"https:\\\/\\\/floridareprofreedom.org\\\/contraceptives-access-hc\\\/#breadcrumb\"},\"inLanguage\":\"vi\",\"potentialAction\":[{\"@type\":\"ReadAction\",\"target\":[\"https:\\\/\\\/floridareprofreedom.org\\\/contraceptives-access-hc\\\/\"]}]},{\"@type\":\"ImageObject\",\"inLanguage\":\"vi\",\"@id\":\"https:\\\/\\\/floridareprofreedom.org\\\/contraceptives-access-hc\\\/#primaryimage\",\"url\":\"https:\\\/\\\/floridareprofreedom.org\\\/wp-content\\\/uploads\\\/2020\\\/10\\\/2-1-1024x791.png\",\"contentUrl\":\"https:\\\/\\\/floridareprofreedom.org\\\/wp-content\\\/uploads\\\/2020\\\/10\\\/2-1-1024x791.png\"},{\"@type\":\"BreadcrumbList\",\"@id\":\"https:\\\/\\\/floridareprofreedom.org\\\/contraceptives-access-hc\\\/#breadcrumb\",\"itemListElement\":[{\"@type\":\"ListItem\",\"position\":1,\"name\":\"Home\",\"item\":\"https:\\\/\\\/floridareprofreedom.org\\\/\"},{\"@type\":\"ListItem\",\"position\":2,\"name\":\"Gwoup Travay Aks\u00e8 Kontraseptif\"}]},{\"@type\":\"WebSite\",\"@id\":\"https:\\\/\\\/floridareprofreedom.org\\\/#website\",\"url\":\"https:\\\/\\\/floridareprofreedom.org\\\/\",\"name\":\"Floridians For Reproductive Freedom\",\"description\":\"Advocating for convenient, affordable, and safe access to reproductive health care, including abortion.\",\"publisher\":{\"@id\":\"https:\\\/\\\/floridareprofreedom.org\\\/#organization\"},\"potentialAction\":[{\"@type\":\"SearchAction\",\"target\":{\"@type\":\"EntryPoint\",\"urlTemplate\":\"https:\\\/\\\/floridareprofreedom.org\\\/?s={search_term_string}\"},\"query-input\":{\"@type\":\"PropertyValueSpecification\",\"valueRequired\":true,\"valueName\":\"search_term_string\"}}],\"inLanguage\":\"vi\"},{\"@type\":\"Organization\",\"@id\":\"https:\\\/\\\/floridareprofreedom.org\\\/#organization\",\"name\":\"Floridians for Reproductive Freedom\",\"url\":\"https:\\\/\\\/floridareprofreedom.org\\\/\",\"logo\":{\"@type\":\"ImageObject\",\"inLanguage\":\"vi\",\"@id\":\"https:\\\/\\\/floridareprofreedom.org\\\/#\\\/schema\\\/logo\\\/image\\\/\",\"url\":\"https:\\\/\\\/floridareprofreedom.org\\\/wp-content\\\/uploads\\\/2019\\\/05\\\/Untitled.jpg\",\"contentUrl\":\"https:\\\/\\\/floridareprofreedom.org\\\/wp-content\\\/uploads\\\/2019\\\/05\\\/Untitled.jpg\",\"width\":174,\"height\":180,\"caption\":\"Floridians for Reproductive Freedom\"},\"image\":{\"@id\":\"https:\\\/\\\/floridareprofreedom.org\\\/#\\\/schema\\\/logo\\\/image\\\/\"},\"sameAs\":[\"https:\\\/\\\/www.facebook.com\\\/FloridaReproFreedom\\\/\",\"https:\\\/\\\/x.com\\\/FLReproFreedom\",\"https:\\\/\\\/www.instagram.com\\\/floridareprofreedom\\\/\"]}]}<\/script>\n<!-- \/ Yoast SEO plugin. -->","yoast_head_json":{"title":"Gwoup Travay Aks\u00e8 Kontraseptif - Ng\u01b0\u1eddi Floridians V\u00ec T\u1ef1 Do Sinh S\u1ea3n","robots":{"index":"index","follow":"follow","max-snippet":"max-snippet:-1","max-image-preview":"max-image-preview:large","max-video-preview":"max-video-preview:-1"},"canonical":"https:\/\/floridareprofreedom.org\/vi\/tiep-can-bien-phap-tranh-thai-hc\/","og_locale":"vi_VN","og_type":"article","og_title":"Gwoup Travay Aks\u00e8 Kontraseptif - Floridians For Reproductive Freedom","og_description":"&#8220;Nan l\u00e8 etranj sa a, plis boulv\u00e8san pase deba sou planin, se ak ki pasyon ke fanm bezwen jistifye oswa eksplike poukisa yo pran planin-rezon sante, kontwole r\u00e8g, ou konnen, tankou gen yon bagay ki mal nan pran planin tou senpleman paske ou vle f\u00e8 s\u00e8ks san s\u00e8ks sa a pa vinn lak\u00f2z gwos\u00e8s.&#8221; &#8211; [&hellip;]","og_url":"https:\/\/floridareprofreedom.org\/vi\/tiep-can-bien-phap-tranh-thai-hc\/","og_site_name":"Floridians For Reproductive Freedom","article_publisher":"https:\/\/www.facebook.com\/FloridaReproFreedom\/","article_modified_time":"2021-08-18T19:08:14+00:00","og_image":[{"url":"https:\/\/floridareprofreedom.org\/wp-content\/uploads\/2020\/10\/2-1-1024x791.png","type":"","width":"","height":""}],"twitter_card":"summary_large_image","twitter_site":"@FLReproFreedom","twitter_misc":{"\u01af\u1edbc t\u00ednh th\u1eddi gian \u0111\u1ecdc":"3 ph\u00fat"},"schema":{"@context":"https:\/\/schema.org","@graph":[{"@type":"WebPage","@id":"https:\/\/floridareprofreedom.org\/contraceptives-access-hc\/","url":"https:\/\/floridareprofreedom.org\/contraceptives-access-hc\/","name":"Gwoup Travay Aks\u00e8 Kontraseptif - Ng\u01b0\u1eddi Floridians V\u00ec T\u1ef1 Do Sinh S\u1ea3n","isPartOf":{"@id":"https:\/\/floridareprofreedom.org\/#website"},"primaryImageOfPage":{"@id":"https:\/\/floridareprofreedom.org\/contraceptives-access-hc\/#primaryimage"},"image":{"@id":"https:\/\/floridareprofreedom.org\/contraceptives-access-hc\/#primaryimage"},"thumbnailUrl":"https:\/\/floridareprofreedom.org\/wp-content\/uploads\/2020\/10\/2-1-1024x791.png","datePublished":"2021-08-18T19:07:25+00:00","dateModified":"2021-08-18T19:08:14+00:00","breadcrumb":{"@id":"https:\/\/floridareprofreedom.org\/contraceptives-access-hc\/#breadcrumb"},"inLanguage":"vi","potentialAction":[{"@type":"ReadAction","target":["https:\/\/floridareprofreedom.org\/contraceptives-access-hc\/"]}]},{"@type":"ImageObject","inLanguage":"vi","@id":"https:\/\/floridareprofreedom.org\/contraceptives-access-hc\/#primaryimage","url":"https:\/\/floridareprofreedom.org\/wp-content\/uploads\/2020\/10\/2-1-1024x791.png","contentUrl":"https:\/\/floridareprofreedom.org\/wp-content\/uploads\/2020\/10\/2-1-1024x791.png"},{"@type":"BreadcrumbList","@id":"https:\/\/floridareprofreedom.org\/contraceptives-access-hc\/#breadcrumb","itemListElement":[{"@type":"ListItem","position":1,"name":"Home","item":"https:\/\/floridareprofreedom.org\/"},{"@type":"ListItem","position":2,"name":"Gwoup Travay Aks\u00e8 Kontraseptif"}]},{"@type":"WebSite","@id":"https:\/\/floridareprofreedom.org\/#website","url":"https:\/\/floridareprofreedom.org\/","name":"Ng\u01b0\u1eddi Florida v\u00ec T\u1ef1 do Sinh s\u1ea3n","description":"V\u1eadn \u0111\u1ed9ng cho vi\u1ec7c ti\u1ebfp c\u1eadn d\u1ecbch v\u1ee5 ch\u0103m s\u00f3c s\u1ee9c kh\u1ecfe sinh s\u1ea3n, bao g\u1ed3m c\u1ea3 ph\u00e1 thai, m\u1ed9t c\u00e1ch thu\u1eadn ti\u1ec7n, gi\u00e1 c\u1ea3 ph\u1ea3i ch\u0103ng v\u00e0 an to\u00e0n.","publisher":{"@id":"https:\/\/floridareprofreedom.org\/#organization"},"potentialAction":[{"@type":"SearchAction","target":{"@type":"EntryPoint","urlTemplate":"https:\/\/floridareprofreedom.org\/?s={search_term_string}"},"query-input":{"@type":"PropertyValueSpecification","valueRequired":true,"valueName":"search_term_string"}}],"inLanguage":"vi"},{"@type":"Organization","@id":"https:\/\/floridareprofreedom.org\/#organization","name":"Ng\u01b0\u1eddi Florida v\u00ec T\u1ef1 do Sinh s\u1ea3n","url":"https:\/\/floridareprofreedom.org\/","logo":{"@type":"ImageObject","inLanguage":"vi","@id":"https:\/\/floridareprofreedom.org\/#\/schema\/logo\/image\/","url":"https:\/\/floridareprofreedom.org\/wp-content\/uploads\/2019\/05\/Untitled.jpg","contentUrl":"https:\/\/floridareprofreedom.org\/wp-content\/uploads\/2019\/05\/Untitled.jpg","width":174,"height":180,"caption":"Floridians for Reproductive Freedom"},"image":{"@id":"https:\/\/floridareprofreedom.org\/#\/schema\/logo\/image\/"},"sameAs":["https:\/\/www.facebook.com\/FloridaReproFreedom\/","https:\/\/x.com\/FLReproFreedom","https:\/\/www.instagram.com\/floridareprofreedom\/"]}]}},"_links":{"self":[{"href":"https:\/\/floridareprofreedom.org\/vi\/wp-json\/wp\/v2\/pages\/2069","targetHints":{"allow":["GET"]}}],"collection":[{"href":"https:\/\/floridareprofreedom.org\/vi\/wp-json\/wp\/v2\/pages"}],"about":[{"href":"https:\/\/floridareprofreedom.org\/vi\/wp-json\/wp\/v2\/types\/page"}],"author":[{"embeddable":true,"href":"https:\/\/floridareprofreedom.org\/vi\/wp-json\/wp\/v2\/users\/3"}],"replies":[{"embeddable":true,"href":"https:\/\/floridareprofreedom.org\/vi\/wp-json\/wp\/v2\/comments?post=2069"}],"version-history":[{"count":4,"href":"https:\/\/floridareprofreedom.org\/vi\/wp-json\/wp\/v2\/pages\/2069\/revisions"}],"predecessor-version":[{"id":2079,"href":"https:\/\/floridareprofreedom.org\/vi\/wp-json\/wp\/v2\/pages\/2069\/revisions\/2079"}],"wp:attachment":[{"href":"https:\/\/floridareprofreedom.org\/vi\/wp-json\/wp\/v2\/media?parent=2069"}],"wp:term":[{"taxonomy":"folder","embeddable":true,"href":"https:\/\/floridareprofreedom.org\/vi\/wp-json\/wp\/v2\/folder?post=2069"}],"curies":[{"name":"wp","href":"https:\/\/api.w.org\/{rel}","templated":true}]}}