{"id":2071,"date":"2021-08-18T19:05:07","date_gmt":"2021-08-18T19:05:07","guid":{"rendered":"https:\/\/floridareprofreedom.org\/?page_id=2071"},"modified":"2021-08-18T19:05:07","modified_gmt":"2021-08-18T19:05:07","slug":"cac-hieu-thuoc-giam-gia-va-cac-chuong-trinh-ho-tro-benh-nhan-cua-cong-ty-duoc-pham-hc","status":"publish","type":"page","link":"https:\/\/floridareprofreedom.org\/vi\/discount-pharmacies-and-pharmaceutical-company-patient-assistance-programs-hc\/","title":{"rendered":"Rab\u00e8 Famasi ak Pwogram Asistans Pasyan nan Konpayi Famasetik yo"},"content":{"rendered":"<h2>Pwogram Rab\u00e8 Medikaman<\/h2>\n<p><span style=\"font-weight: 400;\">N\u1ebfu b\u1ea1n mu\u1ed1n ch\u00e8n s\u1ef1 n\u1ed5i ti\u1ebfng, thu h\u1ed3i m\u1ed9t gwo, b\u1ea1n c\u00f3 th\u1ec3 l\u00e0m \u0111i\u1ec1u \u0111\u00f3 b\u1eb1ng c\u00e1ch ch\u1ecdn m\u1ed9t trong nh\u1eefng l\u1ef1a ch\u1ecdn t\u1ed1t nh\u1ea5t m\u00e0 b\u1ea1n c\u00f3 th\u1ec3 l\u00e0m cho pwofondman rab\u00e8. Gen k\u00e8k famasi ki mande pou kliyan yo enskri k\u00f2m yon manm oswa peye yon fr\u00e8 chak ane. T\u00f4i kh\u00f4ng th\u1ec3 l\u00e0m g\u00ec \u0111\u01b0\u1ee3c n\u1eefa. Gen k\u00e8k afilyasyon ki bezwen renouvle chak ane, pandan gen l\u00f2t ki rete ouv\u00e8. B\u1ea1n c\u00f3 th\u1ec3 c\u1ed1 g\u1eafng gi\u1ea3i quy\u1ebft v\u1ea5n \u0111\u1ec1 c\u1ee7a m\u00ecnh b\u1eb1ng c\u00e1ch th\u1ef1c hi\u1ec7n k\u1ebf ho\u1ea1ch c\u1ee7a m\u00ecnh, b\u1ea1n c\u00f3 th\u1ec3 \u0111\u0103ng k\u00fd v\u00e0 th\u1ef1c hi\u1ec7n m\u1ed9t c\u00e1ch d\u1ec5 d\u00e0ng \u0111\u1ec3 ch\u1ed1ng d\u1ecb \u1ee9ng.<\/span><\/p>\n<h2>Pwogram Asians Pasyan yo<\/h2>\n<p><span data-sheets-value=\"{&quot;1&quot;:2,&quot;2&quot;:&quot;-Patient Assistance Programs (PAP) are designed to support low-income US residents with free or low cost prescriptions\\n-PAP programs usually cover brand name drugs only and are administered individually by pharmaceutical companies that manufacture the drugs&quot;}\" data-sheets-userformat=\"{&quot;2&quot;:11203,&quot;3&quot;:{&quot;1&quot;:0},&quot;4&quot;:{&quot;1&quot;:2,&quot;2&quot;:16777215},&quot;9&quot;:0,&quot;10&quot;:0,&quot;11&quot;:4,&quot;12&quot;:0,&quot;14&quot;:{&quot;1&quot;:2,&quot;2&quot;:0},&quot;16&quot;:10}\"><span style=\"font-weight: 400;\">Pwogram Asistans Pasyan yo f\u00e8t pou nh\u1ea5m nh\u00e1pe rezidan Etazini av\u00e8k preskripsyon gratis oswa nan pri ki ba. Ch\u01b0\u01a1ng tr\u00ecnh b\u1ed5 sung \u0111\u1ec3 b\u1ea1n c\u00f3 th\u1ec3 s\u1eed d\u1ee5ng thu\u1ed1c v\u00e0 c\u00f3 th\u1ec3 qu\u1ea3n l\u00fd endividy\u00e8lman b\u1eb1ng c\u00e1ch s\u1eed d\u1ee5ng d\u01b0\u1ee3c ph\u1ea9m ki manifakti thu\u1ed1c.<\/span><\/span><\/p>\n<p><iframe src=\"https:\/\/docs.google.com\/spreadsheets\/d\/e\/2PACX-1vTy6Xrb7sJ746xOaPjaiOcYPTAHmcH7uKjVGS0KgEKOG4rWVRcHQea38atZSRMA1RIbpEgecIeCRYf9\/pubhtml?gid=0&amp;single=true&amp;widget=true&amp;headers=false\" width=\"850\" height=\"1200\"><span data-mce-type=\"bookmark\" style=\"display: inline-block; width: 0px; overflow: hidden; line-height: 0;\" class=\"mce_SELRES_start\"><\/span><span data-mce-type=\"bookmark\" style=\"display: inline-block; width: 0px; overflow: hidden; line-height: 0;\" class=\"mce_SELRES_start\"><\/span><span data-mce-type=\"bookmark\" style=\"display: inline-block; width: 0px; overflow: hidden; line-height: 0;\" class=\"mce_SELRES_start\"><\/span><\/iframe><\/p>\n<p>&nbsp;<\/p>","protected":false},"excerpt":{"rendered":"<p>Pwogram Rab\u00e8 Medikaman Pr\u00e8ske tout ch\u00e8n famasi, revand\u00e8 an gwo, ak mak\u00e8t nan tout peyi yo vann kontraseptif selektif nan yon pri ki pwofondman a rab\u00e8. Gen k\u00e8k famasi ki mande pou kliyan yo enskri k\u00f2m yon manm oswa peye yon fr\u00e8 chak ane. L\u00f2t anit f\u00e8 demann pou preskripsyon dokt\u00e8 s\u00e8lman. Gen k\u00e8k afilyasyon [&hellip;]<\/p>\n","protected":false},"author":3,"featured_media":0,"parent":0,"menu_order":0,"comment_status":"closed","ping_status":"closed","template":"","meta":{"footnotes":""},"folder":[21,10],"class_list":["post-2071","page","type-page","status-publish","hentry"],"yoast_head":"<!-- This site is optimized with the Yoast SEO plugin v27.4 - https:\/\/yoast.com\/product\/yoast-seo-wordpress\/ -->\n<title>Rab\u00e8 Famasi ak Pwogram Asistans Pasyan nan Konpayi Famasetik yo - Floridians For Reproductive Freedom<\/title>\n<meta name=\"robots\" content=\"index, follow, max-snippet:-1, max-image-preview:large, max-video-preview:-1\" \/>\n<link rel=\"canonical\" href=\"https:\/\/floridareprofreedom.org\/vi\/cac-hieu-thuoc-giam-gia-va-cac-chuong-trinh-ho-tro-benh-nhan-cua-cong-ty-duoc-pham-hc\/\" \/>\n<meta property=\"og:locale\" content=\"vi_VN\" \/>\n<meta property=\"og:type\" content=\"article\" \/>\n<meta property=\"og:title\" content=\"Rab\u00e8 Famasi ak Pwogram Asistans Pasyan nan Konpayi Famasetik yo - Floridians For Reproductive Freedom\" \/>\n<meta property=\"og:description\" content=\"Pwogram Rab\u00e8 Medikaman Pr\u00e8ske tout ch\u00e8n famasi, revand\u00e8 an gwo, ak mak\u00e8t nan tout peyi yo vann kontraseptif selektif nan yon pri ki pwofondman a rab\u00e8. Gen k\u00e8k famasi ki mande pou kliyan yo enskri k\u00f2m yon manm oswa peye yon fr\u00e8 chak ane. L\u00f2t anit f\u00e8 demann pou preskripsyon dokt\u00e8 s\u00e8lman. Gen k\u00e8k afilyasyon [&hellip;]\" \/>\n<meta property=\"og:url\" content=\"https:\/\/floridareprofreedom.org\/vi\/cac-hieu-thuoc-giam-gia-va-cac-chuong-trinh-ho-tro-benh-nhan-cua-cong-ty-duoc-pham-hc\/\" \/>\n<meta property=\"og:site_name\" content=\"Floridians For Reproductive Freedom\" \/>\n<meta property=\"article:publisher\" content=\"https:\/\/www.facebook.com\/FloridaReproFreedom\/\" \/>\n<meta name=\"twitter:card\" content=\"summary_large_image\" \/>\n<meta name=\"twitter:site\" content=\"@FLReproFreedom\" \/>\n<meta name=\"twitter:label1\" content=\"\u01af\u1edbc t\u00ednh th\u1eddi gian \u0111\u1ecdc\" \/>\n\t<meta name=\"twitter:data1\" content=\"1 ph\u00fat\" \/>\n<script type=\"application\/ld+json\" class=\"yoast-schema-graph\">{\"@context\":\"https:\\\/\\\/schema.org\",\"@graph\":[{\"@type\":\"WebPage\",\"@id\":\"https:\\\/\\\/floridareprofreedom.org\\\/discount-pharmacies-and-pharmaceutical-company-patient-assistance-programs-hc\\\/\",\"url\":\"https:\\\/\\\/floridareprofreedom.org\\\/discount-pharmacies-and-pharmaceutical-company-patient-assistance-programs-hc\\\/\",\"name\":\"Rab\u00e8 Famasi ak Pwogram Asistans Pasyan nan Konpayi Famasetik yo - Floridians For Reproductive Freedom\",\"isPartOf\":{\"@id\":\"https:\\\/\\\/floridareprofreedom.org\\\/#website\"},\"datePublished\":\"2021-08-18T19:05:07+00:00\",\"breadcrumb\":{\"@id\":\"https:\\\/\\\/floridareprofreedom.org\\\/discount-pharmacies-and-pharmaceutical-company-patient-assistance-programs-hc\\\/#breadcrumb\"},\"inLanguage\":\"vi\",\"potentialAction\":[{\"@type\":\"ReadAction\",\"target\":[\"https:\\\/\\\/floridareprofreedom.org\\\/discount-pharmacies-and-pharmaceutical-company-patient-assistance-programs-hc\\\/\"]}]},{\"@type\":\"BreadcrumbList\",\"@id\":\"https:\\\/\\\/floridareprofreedom.org\\\/discount-pharmacies-and-pharmaceutical-company-patient-assistance-programs-hc\\\/#breadcrumb\",\"itemListElement\":[{\"@type\":\"ListItem\",\"position\":1,\"name\":\"Home\",\"item\":\"https:\\\/\\\/floridareprofreedom.org\\\/\"},{\"@type\":\"ListItem\",\"position\":2,\"name\":\"Rab\u00e8 Famasi ak Pwogram Asistans Pasyan nan Konpayi Famasetik yo\"}]},{\"@type\":\"WebSite\",\"@id\":\"https:\\\/\\\/floridareprofreedom.org\\\/#website\",\"url\":\"https:\\\/\\\/floridareprofreedom.org\\\/\",\"name\":\"Floridians For Reproductive Freedom\",\"description\":\"Advocating for convenient, affordable, and safe access to reproductive health care, including abortion.\",\"publisher\":{\"@id\":\"https:\\\/\\\/floridareprofreedom.org\\\/#organization\"},\"potentialAction\":[{\"@type\":\"SearchAction\",\"target\":{\"@type\":\"EntryPoint\",\"urlTemplate\":\"https:\\\/\\\/floridareprofreedom.org\\\/?s={search_term_string}\"},\"query-input\":{\"@type\":\"PropertyValueSpecification\",\"valueRequired\":true,\"valueName\":\"search_term_string\"}}],\"inLanguage\":\"vi\"},{\"@type\":\"Organization\",\"@id\":\"https:\\\/\\\/floridareprofreedom.org\\\/#organization\",\"name\":\"Floridians for Reproductive Freedom\",\"url\":\"https:\\\/\\\/floridareprofreedom.org\\\/\",\"logo\":{\"@type\":\"ImageObject\",\"inLanguage\":\"vi\",\"@id\":\"https:\\\/\\\/floridareprofreedom.org\\\/#\\\/schema\\\/logo\\\/image\\\/\",\"url\":\"https:\\\/\\\/floridareprofreedom.org\\\/wp-content\\\/uploads\\\/2019\\\/05\\\/Untitled.jpg\",\"contentUrl\":\"https:\\\/\\\/floridareprofreedom.org\\\/wp-content\\\/uploads\\\/2019\\\/05\\\/Untitled.jpg\",\"width\":174,\"height\":180,\"caption\":\"Floridians for Reproductive Freedom\"},\"image\":{\"@id\":\"https:\\\/\\\/floridareprofreedom.org\\\/#\\\/schema\\\/logo\\\/image\\\/\"},\"sameAs\":[\"https:\\\/\\\/www.facebook.com\\\/FloridaReproFreedom\\\/\",\"https:\\\/\\\/x.com\\\/FLReproFreedom\",\"https:\\\/\\\/www.instagram.com\\\/floridareprofreedom\\\/\"]}]}<\/script>\n<!-- \/ Yoast SEO plugin. -->","yoast_head_json":{"title":"Rab\u00e8 Famasi ak Pwogram Asistans Pasyan nan Konpayi Famasetik yo - Ng\u01b0\u1eddi Floridians V\u00ec T\u1ef1 do Sinh s\u1ea3n","robots":{"index":"index","follow":"follow","max-snippet":"max-snippet:-1","max-image-preview":"max-image-preview:large","max-video-preview":"max-video-preview:-1"},"canonical":"https:\/\/floridareprofreedom.org\/vi\/cac-hieu-thuoc-giam-gia-va-cac-chuong-trinh-ho-tro-benh-nhan-cua-cong-ty-duoc-pham-hc\/","og_locale":"vi_VN","og_type":"article","og_title":"Rab\u00e8 Famasi ak Pwogram Asistans Pasyan nan Konpayi Famasetik yo - Floridians For Reproductive Freedom","og_description":"Pwogram Rab\u00e8 Medikaman Pr\u00e8ske tout ch\u00e8n famasi, revand\u00e8 an gwo, ak mak\u00e8t nan tout peyi yo vann kontraseptif selektif nan yon pri ki pwofondman a rab\u00e8. Gen k\u00e8k famasi ki mande pou kliyan yo enskri k\u00f2m yon manm oswa peye yon fr\u00e8 chak ane. L\u00f2t anit f\u00e8 demann pou preskripsyon dokt\u00e8 s\u00e8lman. Gen k\u00e8k afilyasyon [&hellip;]","og_url":"https:\/\/floridareprofreedom.org\/vi\/cac-hieu-thuoc-giam-gia-va-cac-chuong-trinh-ho-tro-benh-nhan-cua-cong-ty-duoc-pham-hc\/","og_site_name":"Floridians For Reproductive Freedom","article_publisher":"https:\/\/www.facebook.com\/FloridaReproFreedom\/","twitter_card":"summary_large_image","twitter_site":"@FLReproFreedom","twitter_misc":{"\u01af\u1edbc t\u00ednh th\u1eddi gian \u0111\u1ecdc":"1 ph\u00fat"},"schema":{"@context":"https:\/\/schema.org","@graph":[{"@type":"WebPage","@id":"https:\/\/floridareprofreedom.org\/discount-pharmacies-and-pharmaceutical-company-patient-assistance-programs-hc\/","url":"https:\/\/floridareprofreedom.org\/discount-pharmacies-and-pharmaceutical-company-patient-assistance-programs-hc\/","name":"Rab\u00e8 Famasi ak Pwogram Asistans Pasyan nan Konpayi Famasetik yo - Ng\u01b0\u1eddi Floridians V\u00ec T\u1ef1 do Sinh s\u1ea3n","isPartOf":{"@id":"https:\/\/floridareprofreedom.org\/#website"},"datePublished":"2021-08-18T19:05:07+00:00","breadcrumb":{"@id":"https:\/\/floridareprofreedom.org\/discount-pharmacies-and-pharmaceutical-company-patient-assistance-programs-hc\/#breadcrumb"},"inLanguage":"vi","potentialAction":[{"@type":"ReadAction","target":["https:\/\/floridareprofreedom.org\/discount-pharmacies-and-pharmaceutical-company-patient-assistance-programs-hc\/"]}]},{"@type":"BreadcrumbList","@id":"https:\/\/floridareprofreedom.org\/discount-pharmacies-and-pharmaceutical-company-patient-assistance-programs-hc\/#breadcrumb","itemListElement":[{"@type":"ListItem","position":1,"name":"Home","item":"https:\/\/floridareprofreedom.org\/"},{"@type":"ListItem","position":2,"name":"Rab\u00e8 Famasi ak Pwogram Asistans Pasyan nan Konpayi Famasetik yo"}]},{"@type":"WebSite","@id":"https:\/\/floridareprofreedom.org\/#website","url":"https:\/\/floridareprofreedom.org\/","name":"Ng\u01b0\u1eddi Florida v\u00ec T\u1ef1 do Sinh s\u1ea3n","description":"V\u1eadn \u0111\u1ed9ng cho vi\u1ec7c ti\u1ebfp c\u1eadn d\u1ecbch v\u1ee5 ch\u0103m s\u00f3c s\u1ee9c kh\u1ecfe sinh s\u1ea3n, bao g\u1ed3m c\u1ea3 ph\u00e1 thai, m\u1ed9t c\u00e1ch thu\u1eadn ti\u1ec7n, gi\u00e1 c\u1ea3 ph\u1ea3i ch\u0103ng v\u00e0 an to\u00e0n.","publisher":{"@id":"https:\/\/floridareprofreedom.org\/#organization"},"potentialAction":[{"@type":"SearchAction","target":{"@type":"EntryPoint","urlTemplate":"https:\/\/floridareprofreedom.org\/?s={search_term_string}"},"query-input":{"@type":"PropertyValueSpecification","valueRequired":true,"valueName":"search_term_string"}}],"inLanguage":"vi"},{"@type":"Organization","@id":"https:\/\/floridareprofreedom.org\/#organization","name":"Ng\u01b0\u1eddi Florida v\u00ec T\u1ef1 do Sinh s\u1ea3n","url":"https:\/\/floridareprofreedom.org\/","logo":{"@type":"ImageObject","inLanguage":"vi","@id":"https:\/\/floridareprofreedom.org\/#\/schema\/logo\/image\/","url":"https:\/\/floridareprofreedom.org\/wp-content\/uploads\/2019\/05\/Untitled.jpg","contentUrl":"https:\/\/floridareprofreedom.org\/wp-content\/uploads\/2019\/05\/Untitled.jpg","width":174,"height":180,"caption":"Floridians for Reproductive Freedom"},"image":{"@id":"https:\/\/floridareprofreedom.org\/#\/schema\/logo\/image\/"},"sameAs":["https:\/\/www.facebook.com\/FloridaReproFreedom\/","https:\/\/x.com\/FLReproFreedom","https:\/\/www.instagram.com\/floridareprofreedom\/"]}]}},"_links":{"self":[{"href":"https:\/\/floridareprofreedom.org\/vi\/wp-json\/wp\/v2\/pages\/2071","targetHints":{"allow":["GET"]}}],"collection":[{"href":"https:\/\/floridareprofreedom.org\/vi\/wp-json\/wp\/v2\/pages"}],"about":[{"href":"https:\/\/floridareprofreedom.org\/vi\/wp-json\/wp\/v2\/types\/page"}],"author":[{"embeddable":true,"href":"https:\/\/floridareprofreedom.org\/vi\/wp-json\/wp\/v2\/users\/3"}],"replies":[{"embeddable":true,"href":"https:\/\/floridareprofreedom.org\/vi\/wp-json\/wp\/v2\/comments?post=2071"}],"version-history":[{"count":2,"href":"https:\/\/floridareprofreedom.org\/vi\/wp-json\/wp\/v2\/pages\/2071\/revisions"}],"predecessor-version":[{"id":2085,"href":"https:\/\/floridareprofreedom.org\/vi\/wp-json\/wp\/v2\/pages\/2071\/revisions\/2085"}],"wp:attachment":[{"href":"https:\/\/floridareprofreedom.org\/vi\/wp-json\/wp\/v2\/media?parent=2071"}],"wp:term":[{"taxonomy":"folder","embeddable":true,"href":"https:\/\/floridareprofreedom.org\/vi\/wp-json\/wp\/v2\/folder?post=2071"}],"curies":[{"name":"wp","href":"https:\/\/api.w.org\/{rel}","templated":true}]}}