{"id":2484,"date":"2022-06-08T19:38:25","date_gmt":"2022-06-08T19:38:25","guid":{"rendered":"https:\/\/floridareprofreedom.org\/?page_id=2484"},"modified":"2022-06-08T19:43:42","modified_gmt":"2022-06-08T19:43:42","slug":"cong-ty-sp","status":"publish","type":"page","link":"https:\/\/floridareprofreedom.org\/vi\/corporate-sp\/","title":{"rendered":"Pidamos g\u1ee3i \u00fd m\u1ed9t las c\u00f4ng ty ch\u1ed1ng ph\u00e1 thai v\u00ec ng\u01b0\u1eddi \u0111\u01b0\u1ee3c h\u01b0\u1edfng l\u1ee3i t\u1eeb nuestros cuerpos"},"content":{"rendered":"<p><img fetchpriority=\"high\" decoding=\"async\" src=\"https:\/\/floridareprofreedom.org\/wp-content\/uploads\/2022\/05\/corporate-accountability-600-long.png\" alt=\"\" width=\"600\" height=\"193\" \/><\/p>\n<h2><span style=\"font-weight: 400;\">C\u00e1c c\u00f4ng ty t\u00e0i ch\u00ednh b\u1ecb c\u1ea5m c\u00e1c h\u00e0nh vi c\u1ef1c \u0111oan ph\u00e1 thai <\/span><\/h2>\n<p><span style=\"font-weight: 400;\">S\u1ef1 \u0111\u1ed9c l\u1eadp c\u1ee7a vi\u1ec7c quy\u1ebft \u0111\u1ecbnh nh\u1eefng \u0111i\u1ec1u c\u1ef1c \u0111oan tr\u00ean v\u1ecf n\u00e3o, c\u00e1c d\u1ecbch v\u1ee5 ph\u00e1 thai c\u00f3 th\u1ec3 ti\u1ebfp c\u1eadn \u0111\u01b0\u1ee3c v\u00e0 estar disponibles para todos los que los necesitan, sin importar qui\u00e9nes sean y de d\u00f3nde vengan.\u00a0<\/span><\/p>\n<p><span style=\"font-weight: 400;\">Los Floridanos deber\u00edan poder abortar cuando lo necesiten, donde sea que lo necesiten, sin verg\u00fcenza ni estigma. Pero sabemos que ese no es el caso.\u00a0<\/span><\/p>\n<p><b>Para empeorar una mala situaci\u00f3n, las compa\u00f1\u00edas que conocemos, desde la industria del entretenimiento hasta el cuidado de salud y los servicios de alimentos, ya las que todos los d\u00edas damos el dinero que nos hemos ganado con nuestro arduo trabajo, son las mismas que financian a los politicos antiaborto \u1edf Florida que nos est\u00e1n quitando nuestras t\u1ef1 do sinh s\u1ea3n v\u00e0 derechos colectivos.\u00a0<\/b><\/p>\n<p><span style=\"font-weight: 400;\">Walt Disney World \u0111\u00e3 c\u00f3 Quy\u1ec1n l\u1ef1c v\u00e0 \u00c1nh s\u00e1ng Florida, c\u00e1c t\u1eadp \u0111o\u00e0n kh\u1eb3ng \u0111\u1ecbnh r\u1eb1ng h\u1ecd c\u00f3 th\u1ec3 ki\u1ebfm \u0111\u01b0\u1ee3c nhi\u1ec1u ti\u1ec1n h\u01a1n, hai ng\u00f4i sao v\u00e0 c\u00e1c c\u1ed9ng \u0111\u1ed3ng \u0111a d\u1ea1ng, t\u1ea5t c\u1ea3 nh\u1eefng g\u00ec b\u1ea1n c\u00f3 th\u1ec3 thu h\u00fat h\u00e0ng tri\u1ec7u \u0111\u00f4 la m\u1ed9t ch\u1ee9c n\u0103ng b\u1ea7u ch\u1ecdn c\u1ef1c \u0111oan m\u00e0 th\u00e1ng t\u01b0 c\u00f3 th\u1ec3 h\u1ea1n ch\u1ebf n\u0103ng l\u1ef1c x\u00e1c \u0111\u1ecbnh c\u1ee7a b\u1ea1n, c\u00f3 th\u1ec3 b\u1ea1n c\u00f3 th\u1ec3 x\u00e2y d\u1ef1ng cu\u1ed9c s\u1ed1ng gia \u0111\u00ecnh m\u1edbi nuestros propios t\u00e9rminos. Es hora de que pongan su dinero donde est\u00e1n sus s\u00e1o r\u1ed7ng.<\/span><\/p>\n<p><b>Ch\u00ednh tr\u1ecb gia v\u00e0 c\u00e1c t\u1eadp \u0111o\u00e0n m\u00e0 nh\u00e0 t\u00e0i ch\u00ednh kh\u00f4ng c\u00f3 t\u00e0i ch\u00ednh v\u00e0 c\u00e1c quy\u1ebft \u0111\u1ecbnh quan tr\u1ecdng v\u1ec1 y t\u1ebf ri\u00eang t\u01b0. Se est\u00e1n beneficiando econ\u00f3micamente de nuestros cuerpos, v\u00e0 esto tiene que parar. <\/b><\/p>\n<h2 style=\"text-align: center;\"><em><strong><a href=\"https:\/\/act.progressflorida.org\/signup\/repro-corporate-accountability_sp\/\"><img decoding=\"async\" src=\"https:\/\/floridareprofreedom.org\/wp-content\/uploads\/2022\/05\/click-here-100.jpg\" alt=\"\" width=\"149\" height=\"74\" \/>H\u00e3y ghi nh\u1edb nh\u1eefng \u0111i\u1ec1u b\u1ea1n c\u00f3 th\u1ec3 l\u00e0m v\u1edbi c\u00e1c c\u00f4ng ty hi\u1ec7n t\u1ea1i.<\/a><\/strong><\/em><\/h2>\n<h2><span style=\"font-weight: 400;\">Conozcan a Abortion Injustice Inc.<\/span><\/h2>\n<p><span style=\"font-weight: 400;\">T\u00f4i c\u00f3 th\u1ec3 l\u00e0 m\u1ed9t trong nh\u1eefng di\u1ec5n vi\u00ean l\u00e0 nh\u00e0 t\u00e0i ch\u00ednh v\u00e0 ch\u00ednh tr\u1ecb gia ch\u1ed1ng ph\u00e1 thai \u0111\u1ec3 ng\u0103n ch\u1eb7n vi\u1ec7c ph\u00e1 thai v\u00e0 cai tr\u1ecb t\u00e1i s\u1ea3n xu\u1ea5t \u1edf Florida. Estos son los montos Totales de los fondos otorgados entre los a\u00f1os 2020-2022 a los patrocinadores and copatrocinadores del proyecto de ley 5 de la C\u00e1mara de Repantes, la c\u1ea5m ph\u00e1 thai 15 tu\u1ea7n \u1edf Florida.<\/span><\/p>\n<p><b>C\u00f4ng ty Walt Disney \u2013 $927,359.81<\/b><\/p>\n<p><span style=\"font-weight: 400;\">Disney, ng\u01b0\u1eddi tuy\u1ec3n d\u1ee5ng l\u1edbn nh\u1ea5t \u1edf khu v\u1ef1c trung t\u00e2m Florida, \u0111\u00e3 kh\u1eb3ng \u0111\u1ecbnh r\u1eb1ng h\u1ecd s\u1ebd tr\u1edf th\u00e0nh gia \u0111\u00ecnh. Pero en los \u00faltimos dos a\u00f1os dieron a los politicos antiaborto casi $1 mill\u00f3n. T\u00f4i \u0111\u00e3 t\u1eebng g\u1eb7p nhi\u1ec1u kh\u00f3 kh\u0103n h\u01a1n \u0111\u1ed1i v\u1edbi nh\u1eefng ng\u01b0\u1eddi th\u00e2n trong gia \u0111\u00ecnh v\u00ec nh\u1eefng hijos que tienen, v\u00e0 kh\u00f3 kh\u0103n h\u01a1n \u0111\u1ed1i v\u1edbi nh\u1eefng c\u00e1 t\u00ednh x\u00e2y d\u1ef1ng t\u01b0\u01a1ng lai c\u1ee7a b\u1ea1n.<\/span><\/p>\n<p><b>NBCUniversal \u2013 $204.000,00<\/b><\/p>\n<p><span style=\"font-weight: 400;\">Gi\u1ed1ng nh\u01b0 m\u1ed9t trong nh\u1eefng c\u00f4ng ty ch\u00ednh v\u1ec1 ph\u01b0\u01a1ng ti\u1ec7n truy\u1ec1n th\u00f4ng v\u00e0 gi\u1ea3i tr\u00ed trong th\u1ebf gi\u1edbi, ng\u01b0\u1eddi t\u1ea1o ra nh\u1eefng vi\u1ec7c c\u1ea7n l\u00e0m, lo\u1ea1i b\u1ecf nh\u1eefng th\u00f4ng b\u00e1o m\u00e0 ng\u01b0\u1eddi ta \u0111\u00e3 \u0111\u1ec3 m\u1ea5t c\u00e1c ch\u01b0\u01a1ng tr\u00ecnh m\u00e0 ch\u00fang ta \u0111ang c\u00f3, c\u00e1c c\u00f4ng c\u1ee5 tem\u00e1ticos trong m\u1ed9t th\u1eddi gian ng\u1eafn v\u1edbi c\u00e1c gia \u0111\u00ecnh m\u1edbi, NBCUniversal tham gia v\u00e0o c\u1ea5u h\u00ecnh n\u1ec1n v\u0103n h\u00f3a nuestra. Th\u01b0\u1eddng xuy\u00ean c\u00f3 nh\u1eefng ho\u1ea1t \u0111\u1ed9ng t\u00edch c\u1ef1c v\u00e0 n\u1ed9i dung \u201cb\u1ea1n b\u00e8 th\u00e2n thi\u1ebft v\u1edbi gia \u0111\u00ecnh\u201d, nh\u01b0ng b\u1ea1n c\u00f3 th\u1ec3 l\u00e0m \u0111i\u1ec1u n\u00e0y v\u1edbi m\u1ed9t c\u00e1 nh\u00e2n v\u00e0 gia \u0111\u00ecnh th\u1ef1c s\u1ef1, \u0111i\u1ec1u \u0111\u00f3 khi\u1ebfn b\u1ea1n c\u1ea3m th\u1ea5y ng\u01b0\u1ee3c l\u1ea1i.<\/span><\/p>\n<p><b>Publix \u2013 $422,500.00<\/b><\/p>\n<p><span style=\"font-weight: 400;\">V\u1edbi t\u01b0 c\u00e1ch l\u00e0 ng\u01b0\u1eddi l\u00e0m vi\u1ec7c l\u1edbn nh\u1ea5t \u1edf Florida, c\u00e1c si\u00eau th\u1ecb Publix \u0111\u00e3 kh\u1eb3ng \u0111\u1ecbnh r\u1eb1ng h\u1ecd c\u00f3 th\u1ec3 ki\u1ebfm \u0111\u01b0\u1ee3c 200.000 nh\u00e2n c\u00f4ng v\u00e0 h\u00e0ng tri\u1ec7u gia \u0111\u00ecnh \u1edf Florida. V\u00ec v\u1eady, b\u1ea1n c\u00f3 th\u1ec3 k\u00edch ho\u1ea1t c\u00e1c nhu c\u1ea7u c\u1ea7n thi\u1ebft v\u00e0 t\u1ef1 do c\u1ee7a kh\u00e1ch h\u00e0ng v\u00e0 y\u00eau c\u1ea7u cung c\u1ea5p t\u00e0i ch\u00ednh cho ch\u00ednh tr\u1ecb gia \u0111ang b\u1ecb trabajan \u0111\u1ec3 ng\u0103n c\u1ea3n vi\u1ec7c ti\u1ebfp c\u1eadn m\u1edbi c\u1ee7a b\u1ea1n.<\/span><\/p>\n<p><b>Florida Blue \u2013 $1.036.500,00<\/b><\/p>\n<p><span style=\"font-weight: 400;\">Gi\u1ed1ng nh\u01b0 m\u1ed9t c\u00f4ng ty cung c\u1ea5p d\u1ecbch v\u1ee5 b\u1ea3o v\u1ec7 an ninh \u0111\u01b0\u1ee3c s\u1eed d\u1ee5ng nhi\u1ec1u h\u01a1n \u1edf FL, Florida Blue kh\u1eb3ng \u0111\u1ecbnh r\u1eb1ng b\u1ea1n c\u00f3 th\u1ec3 s\u1eed d\u1ee5ng ph\u01b0\u01a1ng ph\u00e1p c\u01b0\u1ee1i ng\u1ef1a v\u00e0 chi\u1ebfn \u0111\u1ea5u v\u1edbi ch\u1ee7 ngh\u0129a ph\u00e2n bi\u1ec7t ch\u1ee7ng t\u1ed9c. \u00bfC\u00f3mo es bueno para nuestra salud ho\u1eb7c para luchar contra la opresi\u00f3n sist\u00e9mica donar mores de $1 mill\u00f3n a los politicos antiaborto? Sabemos que las las prohibiciones al aborto afectan desproporcionadamente a las percolor ya aquellas que Experimentan barreras sist\u00e9micas al cuidado. Nh\u1eefng ng\u01b0\u1eddi tham gia Florida Blue \u0111ang ph\u1ea3n \u0111\u1ed1i nh\u1eefng l\u1eddi h\u1ee9a h\u1eb9n c\u1ee7a h\u1ecd.<\/span><\/p>\n<p><b>\u0110i\u1ec7n l\u1ef1c v\u00e0 \u00c1nh s\u00e1ng Florida (FPL) \u2013 $685,912.52<\/b><\/p>\n<p><span style=\"font-weight: 400;\">Nh\u01b0 m\u1ed9t c\u00f4ng ty d\u1ecbch v\u1ee5 \u0111i\u1ec7n t\u1eed l\u1edbn h\u01a1n \u1edf Estados Unidos, n\u00f3 gi\u00fap cho c\u00e1c d\u1ecbch v\u1ee5 c\u1ee7a b\u1ea1n c\u00f3 th\u00eam 12 tri\u1ec7u nh\u00e2n c\u00e1ch, FPL\/NextEra nos provene nuestro derecho b\u00e1sico a la energ\u00eda v\u00e0 la calefacci\u00f3n en nuestros hogares, al tiempo que resetringe activate nuestro derecho a elegi si y c\u00f3mo kem nuestras gia \u0111\u00ecnh.<\/span><\/p>\n<p><b>Hi\u1ec7p h\u1ed9i B\u1ec7nh vi\u1ec7n Florida (FHA) \u2013 $541.800,00<\/b><\/p>\n<p><span style=\"font-weight: 400;\">FHA c\u00f3 th\u00eam 200 b\u1ec7nh vi\u1ec7n \u1edf Florida v\u00e0 \u0111\u01b0\u1ee3c x\u00e1c nh\u1eadn l\u00e0 m\u1ed9t trong nh\u1eefng ng\u01b0\u1eddi d\u1eabn \u0111\u1ea7u v\u1ec1 vi\u1ec7c ch\u1eefa tr\u1ecb. C\u00e1c b\u1ec7nh vi\u1ec7n n\u00e0y s\u1ebd ph\u1ea3i h\u1ee7y b\u1ecf t\u1ea5t c\u1ea3 c\u00e1c h\u00ecnh th\u1ee9c ch\u0103m s\u00f3c y t\u1ebf v\u00e0 c\u00e1c bi\u1ec7n ph\u00e1p kh\u1eafc ph\u1ee5c, kh\u00f4ng c\u00f3 m\u1ed9t h\u1ea1n ch\u1ebf n\u00e0o \u0111\u1ed1i v\u1edbi vi\u1ec7c b\u1ea1n c\u00f3 th\u1ec3 tham gia v\u00e0o vi\u1ec7c h\u1ee7y b\u1ecf t\u00e0i ch\u00ednh v\u00e0 c\u00e1c ch\u00ednh s\u00e1ch ch\u00ednh tr\u1ecb m\u00e0 b\u1ea1n c\u00f3 th\u1ec3 gi\u00fap \u0111\u1ee1 v\u1ec1 v\u1ea5n \u0111\u1ec1 c\u1ee9u tr\u1ee3 c\u1ea7n thi\u1ebft.<\/span><\/p>\n<p><b>T\u1eadp \u0111o\u00e0n GEO \u2013 $457.800,00<\/b><\/p>\n<p><span style=\"font-weight: 400;\">V\u1edbi t\u01b0 c\u00e1ch l\u00e0 c\u00f4ng ty b\u1ea3o m\u1eadt t\u01b0 nh\u00e2n l\u1edbn nh\u1ea5t th\u1ebf gi\u1edbi v\u00e0 th\u1ecb tr\u01b0\u1edfng \u0111\u00e0m ph\u00e1n \u201cs\u1eeda ch\u1eefa trong c\u00e1c c\u1ed9ng \u0111\u1ed3ng\u201d v\u00e0 h\u1ea1n ch\u1ebf quy\u1ec1n t\u1ef1 do c\u1ee7a c\u00e1c ph\u01b0\u01a1ng ti\u1ec7n truy\u1ec1n th\u00f4ng \u0111i\u1ec7n t\u1eed, GEO Group da dinero a los nh\u00e0 l\u1eadp ph\u00e1p ch\u1ed1ng ph\u00e1 b\u1ecf t\u1ed9i ph\u1ea1m t\u1ed9i ph\u1ea1m nuestro cuidado de salud, para que se beneficien kinh t\u1ebf h\u00f3a t\u1ed9i ph\u1ea1m m\u1edbi l\u00e0 th\u1ee7 ph\u1ea1m v\u00e0 m\u1ed9t s\u1ed1 c\u00e1ch sai l\u1ea7m kh\u00e1c, gi\u00fap b\u1ea1n c\u00f3 \u0111\u01b0\u1ee3c m\u1ed9t g\u00f3i h\u00e0ng l\u1edbn. GEO Group l\u00e0 m\u1ed9t trong nh\u1eefng c\u00f4ng ty \u0111\u01b0\u1ee3c h\u01b0\u1edfng l\u1ee3i nhi\u1ec1u nh\u1ea5t t\u1eeb c\u00e1c c\u00f4ng ty kinh t\u1ebf m\u1edbi.<\/span><\/p>\n<p><b>T\u1eadp \u0111o\u00e0n \u0110\u01b0\u1eddng Hoa K\u1ef3 \u2013 $911.500,00<\/b><\/p>\n<p><span style=\"font-weight: 400;\">US Sugar Corporation, \u0111\u00e3 b\u00e1n \u0111\u01b0\u1ee3c 230.000 m\u1eabu \u0111\u1ea5t \u1edf Florida, l\u00e0 th\u1ecb tr\u01b0\u1edfng s\u1ea3n xu\u1ea5t c\u1ee7a ca\u00f1a de az\u00facar por kh\u1ed1i l\u01b0\u1ee3ng \u1edf Estados Unidos. Kh\u1eb3ng \u0111\u1ecbnh r\u1eb1ng b\u1ea1n c\u00f3 th\u1ec3 g\u00e2y ra c\u00e1c v\u1ea5n \u0111\u1ec1 c\u00f4ng d\u00e2n, x\u00e3 h\u1ed9i v\u00e0 gi\u00e1o d\u1ee5c, nh\u01b0ng c\u00f3 th\u1ec3 c\u00f3 m\u1ed9t s\u1ed1 ph\u01b0\u01a1ng ti\u1ec7n \u0111\u1ec3 b\u1ea1n c\u00f3 th\u1ec3 tho\u00e1t kh\u1ecfi ch\u00ednh tr\u1ecb ch\u1ed1ng ph\u00e1 thai m\u00e0 b\u1ea1n g\u1eb7p nhi\u1ec1u kh\u00f3 kh\u0103n h\u01a1n khi b\u1ea1n s\u1ed1ng trong m\u1ed9t gia \u0111\u00ecnh m\u1edbi?<\/span><\/p>\n<p><span style=\"font-weight: 400;\">Kh\u00f4ng c\u00f3 tiene por qu\u00e9 ser as\u00ed. Los floridanos justcen algo mejor. De estas corporaciones. De nuestros provenores de cuidados de salud. De nuestros funcionarios electos. De nuestras comunidades.<\/span><\/p>\n<h2 style=\"text-align: center;\"><em><strong><a href=\"https:\/\/act.progressflorida.org\/signup\/repro-corporate-accountability\/\"><img decoding=\"async\" src=\"https:\/\/floridareprofreedom.org\/wp-content\/uploads\/2022\/05\/click-here-100.jpg\" alt=\"\" width=\"149\" height=\"74\" \/><\/a><\/strong><\/em><em><strong><a href=\"https:\/\/act.progressflorida.org\/signup\/repro-corporate-accountability_sp\/\">X\u00e2y d\u1ef1ng c\u01a1 s\u1edf \u0111\u1ec3 th\u1ed1ng nh\u1ea5t ng\u01b0\u1eddi d\u00e2n Floridians v\u00ec quy\u1ec1n t\u1ef1 do sinh s\u1ea3n v\u00e0 c\u00e1c g\u1ee3i \u00fd xu\u1ea5t s\u1eafc cho c\u00e1c t\u1eadp \u0111o\u00e0n.<\/a><\/strong><\/em><\/h2>","protected":false},"excerpt":{"rendered":"<p>Las corporaciones est\u00e1n financiando prohibiciones extremistas al aborto Independientemente de qu\u00e9 decidan los extremistas en la corte, los servicios de aborto deben ser accesibles y estar disponibles para todos los que los necesitan, sin importar qui\u00e9nes sean y de d\u00f3nde vengan.\u00a0 Los floridanos deber\u00edan poder abortar cuando lo necesiten, donde sea que lo necesiten, sin [&hellip;]<\/p>\n","protected":false},"author":3,"featured_media":0,"parent":0,"menu_order":0,"comment_status":"closed","ping_status":"closed","template":"","meta":{"footnotes":""},"folder":[],"class_list":["post-2484","page","type-page","status-publish","hentry"],"yoast_head":"<!-- This site is optimized with the Yoast SEO plugin v27.3 - https:\/\/yoast.com\/product\/yoast-seo-wordpress\/ -->\n<title>Pidamos cuentas a las corporaciones antiaborto por beneficiarse de nuestros cuerpos - Floridians For Reproductive Freedom<\/title>\n<meta name=\"robots\" content=\"index, follow, max-snippet:-1, max-image-preview:large, max-video-preview:-1\" \/>\n<link rel=\"canonical\" href=\"https:\/\/floridareprofreedom.org\/vi\/cong-ty-sp\/\" \/>\n<meta property=\"og:locale\" content=\"vi_VN\" \/>\n<meta property=\"og:type\" content=\"article\" \/>\n<meta property=\"og:title\" content=\"Pidamos cuentas a las corporaciones antiaborto por beneficiarse de nuestros cuerpos - Floridians For Reproductive Freedom\" \/>\n<meta property=\"og:description\" content=\"Las corporaciones est\u00e1n financiando prohibiciones extremistas al aborto Independientemente de qu\u00e9 decidan los extremistas en la corte, los servicios de aborto deben ser accesibles y estar disponibles para todos los que los necesitan, sin importar qui\u00e9nes sean y de d\u00f3nde vengan.\u00a0 Los floridanos deber\u00edan poder abortar cuando lo necesiten, donde sea que lo necesiten, sin [&hellip;]\" \/>\n<meta property=\"og:url\" content=\"https:\/\/floridareprofreedom.org\/vi\/cong-ty-sp\/\" \/>\n<meta property=\"og:site_name\" content=\"Floridians For Reproductive Freedom\" \/>\n<meta property=\"article:publisher\" content=\"https:\/\/www.facebook.com\/FloridaReproFreedom\/\" \/>\n<meta property=\"article:modified_time\" content=\"2022-06-08T19:43:42+00:00\" \/>\n<meta property=\"og:image\" content=\"https:\/\/floridareprofreedom.org\/wp-content\/uploads\/2022\/05\/corporate-accountability-600-long.png\" \/>\n<meta name=\"twitter:card\" content=\"summary_large_image\" \/>\n<meta name=\"twitter:site\" content=\"@FLReproFreedom\" \/>\n<meta name=\"twitter:label1\" content=\"\u01af\u1edbc t\u00ednh th\u1eddi gian \u0111\u1ecdc\" \/>\n\t<meta name=\"twitter:data1\" content=\"4 ph\u00fat\" \/>\n<script type=\"application\/ld+json\" class=\"yoast-schema-graph\">{\"@context\":\"https:\\\/\\\/schema.org\",\"@graph\":[{\"@type\":\"WebPage\",\"@id\":\"https:\\\/\\\/floridareprofreedom.org\\\/corporate-sp\\\/\",\"url\":\"https:\\\/\\\/floridareprofreedom.org\\\/corporate-sp\\\/\",\"name\":\"Pidamos cuentas a las corporaciones antiaborto por beneficiarse de nuestros cuerpos - Floridians For Reproductive Freedom\",\"isPartOf\":{\"@id\":\"https:\\\/\\\/floridareprofreedom.org\\\/#website\"},\"primaryImageOfPage\":{\"@id\":\"https:\\\/\\\/floridareprofreedom.org\\\/corporate-sp\\\/#primaryimage\"},\"image\":{\"@id\":\"https:\\\/\\\/floridareprofreedom.org\\\/corporate-sp\\\/#primaryimage\"},\"thumbnailUrl\":\"https:\\\/\\\/floridareprofreedom.org\\\/wp-content\\\/uploads\\\/2022\\\/05\\\/corporate-accountability-600-long.png\",\"datePublished\":\"2022-06-08T19:38:25+00:00\",\"dateModified\":\"2022-06-08T19:43:42+00:00\",\"breadcrumb\":{\"@id\":\"https:\\\/\\\/floridareprofreedom.org\\\/corporate-sp\\\/#breadcrumb\"},\"inLanguage\":\"vi\",\"potentialAction\":[{\"@type\":\"ReadAction\",\"target\":[\"https:\\\/\\\/floridareprofreedom.org\\\/corporate-sp\\\/\"]}]},{\"@type\":\"ImageObject\",\"inLanguage\":\"vi\",\"@id\":\"https:\\\/\\\/floridareprofreedom.org\\\/corporate-sp\\\/#primaryimage\",\"url\":\"https:\\\/\\\/floridareprofreedom.org\\\/wp-content\\\/uploads\\\/2022\\\/05\\\/corporate-accountability-600-long.png\",\"contentUrl\":\"https:\\\/\\\/floridareprofreedom.org\\\/wp-content\\\/uploads\\\/2022\\\/05\\\/corporate-accountability-600-long.png\"},{\"@type\":\"BreadcrumbList\",\"@id\":\"https:\\\/\\\/floridareprofreedom.org\\\/corporate-sp\\\/#breadcrumb\",\"itemListElement\":[{\"@type\":\"ListItem\",\"position\":1,\"name\":\"Home\",\"item\":\"https:\\\/\\\/floridareprofreedom.org\\\/\"},{\"@type\":\"ListItem\",\"position\":2,\"name\":\"Pidamos cuentas a las corporaciones antiaborto por beneficiarse de nuestros cuerpos\"}]},{\"@type\":\"WebSite\",\"@id\":\"https:\\\/\\\/floridareprofreedom.org\\\/#website\",\"url\":\"https:\\\/\\\/floridareprofreedom.org\\\/\",\"name\":\"Floridians For Reproductive Freedom\",\"description\":\"Advocating for convenient, affordable, and safe access to reproductive health care, including abortion.\",\"publisher\":{\"@id\":\"https:\\\/\\\/floridareprofreedom.org\\\/#organization\"},\"potentialAction\":[{\"@type\":\"SearchAction\",\"target\":{\"@type\":\"EntryPoint\",\"urlTemplate\":\"https:\\\/\\\/floridareprofreedom.org\\\/?s={search_term_string}\"},\"query-input\":{\"@type\":\"PropertyValueSpecification\",\"valueRequired\":true,\"valueName\":\"search_term_string\"}}],\"inLanguage\":\"vi\"},{\"@type\":\"Organization\",\"@id\":\"https:\\\/\\\/floridareprofreedom.org\\\/#organization\",\"name\":\"Floridians for Reproductive Freedom\",\"url\":\"https:\\\/\\\/floridareprofreedom.org\\\/\",\"logo\":{\"@type\":\"ImageObject\",\"inLanguage\":\"vi\",\"@id\":\"https:\\\/\\\/floridareprofreedom.org\\\/#\\\/schema\\\/logo\\\/image\\\/\",\"url\":\"https:\\\/\\\/floridareprofreedom.org\\\/wp-content\\\/uploads\\\/2019\\\/05\\\/Untitled.jpg\",\"contentUrl\":\"https:\\\/\\\/floridareprofreedom.org\\\/wp-content\\\/uploads\\\/2019\\\/05\\\/Untitled.jpg\",\"width\":174,\"height\":180,\"caption\":\"Floridians for Reproductive Freedom\"},\"image\":{\"@id\":\"https:\\\/\\\/floridareprofreedom.org\\\/#\\\/schema\\\/logo\\\/image\\\/\"},\"sameAs\":[\"https:\\\/\\\/www.facebook.com\\\/FloridaReproFreedom\\\/\",\"https:\\\/\\\/x.com\\\/FLReproFreedom\",\"https:\\\/\\\/www.instagram.com\\\/floridareprofreedom\\\/\"]}]}<\/script>\n<!-- \/ Yoast SEO plugin. -->","yoast_head_json":{"title":"Pidamos Cuentas a las corporaciones antiaborto por beneficiarse de nuestros cuerpos - Floridians For Reproduction Freedom","robots":{"index":"index","follow":"follow","max-snippet":"max-snippet:-1","max-image-preview":"max-image-preview:large","max-video-preview":"max-video-preview:-1"},"canonical":"https:\/\/floridareprofreedom.org\/vi\/cong-ty-sp\/","og_locale":"vi_VN","og_type":"article","og_title":"Pidamos cuentas a las corporaciones antiaborto por beneficiarse de nuestros cuerpos - Floridians For Reproductive Freedom","og_description":"Las corporaciones est\u00e1n financiando prohibiciones extremistas al aborto Independientemente de qu\u00e9 decidan los extremistas en la corte, los servicios de aborto deben ser accesibles y estar disponibles para todos los que los necesitan, sin importar qui\u00e9nes sean y de d\u00f3nde vengan.\u00a0 Los floridanos deber\u00edan poder abortar cuando lo necesiten, donde sea que lo necesiten, sin [&hellip;]","og_url":"https:\/\/floridareprofreedom.org\/vi\/cong-ty-sp\/","og_site_name":"Floridians For Reproductive Freedom","article_publisher":"https:\/\/www.facebook.com\/FloridaReproFreedom\/","article_modified_time":"2022-06-08T19:43:42+00:00","og_image":[{"url":"https:\/\/floridareprofreedom.org\/wp-content\/uploads\/2022\/05\/corporate-accountability-600-long.png","type":"","width":"","height":""}],"twitter_card":"summary_large_image","twitter_site":"@FLReproFreedom","twitter_misc":{"\u01af\u1edbc t\u00ednh th\u1eddi gian \u0111\u1ecdc":"4 ph\u00fat"},"schema":{"@context":"https:\/\/schema.org","@graph":[{"@type":"WebPage","@id":"https:\/\/floridareprofreedom.org\/corporate-sp\/","url":"https:\/\/floridareprofreedom.org\/corporate-sp\/","name":"Pidamos Cuentas a las corporaciones antiaborto por beneficiarse de nuestros cuerpos - Floridians For Reproduction Freedom","isPartOf":{"@id":"https:\/\/floridareprofreedom.org\/#website"},"primaryImageOfPage":{"@id":"https:\/\/floridareprofreedom.org\/corporate-sp\/#primaryimage"},"image":{"@id":"https:\/\/floridareprofreedom.org\/corporate-sp\/#primaryimage"},"thumbnailUrl":"https:\/\/floridareprofreedom.org\/wp-content\/uploads\/2022\/05\/corporate-accountability-600-long.png","datePublished":"2022-06-08T19:38:25+00:00","dateModified":"2022-06-08T19:43:42+00:00","breadcrumb":{"@id":"https:\/\/floridareprofreedom.org\/corporate-sp\/#breadcrumb"},"inLanguage":"vi","potentialAction":[{"@type":"ReadAction","target":["https:\/\/floridareprofreedom.org\/corporate-sp\/"]}]},{"@type":"ImageObject","inLanguage":"vi","@id":"https:\/\/floridareprofreedom.org\/corporate-sp\/#primaryimage","url":"https:\/\/floridareprofreedom.org\/wp-content\/uploads\/2022\/05\/corporate-accountability-600-long.png","contentUrl":"https:\/\/floridareprofreedom.org\/wp-content\/uploads\/2022\/05\/corporate-accountability-600-long.png"},{"@type":"BreadcrumbList","@id":"https:\/\/floridareprofreedom.org\/corporate-sp\/#breadcrumb","itemListElement":[{"@type":"ListItem","position":1,"name":"Home","item":"https:\/\/floridareprofreedom.org\/"},{"@type":"ListItem","position":2,"name":"Pidamos cuentas a las corporaciones antiaborto por beneficiarse de nuestros cuerpos"}]},{"@type":"WebSite","@id":"https:\/\/floridareprofreedom.org\/#website","url":"https:\/\/floridareprofreedom.org\/","name":"Ng\u01b0\u1eddi Florida v\u00ec T\u1ef1 do Sinh s\u1ea3n","description":"V\u1eadn \u0111\u1ed9ng cho vi\u1ec7c ti\u1ebfp c\u1eadn d\u1ecbch v\u1ee5 ch\u0103m s\u00f3c s\u1ee9c kh\u1ecfe sinh s\u1ea3n, bao g\u1ed3m c\u1ea3 ph\u00e1 thai, m\u1ed9t c\u00e1ch thu\u1eadn ti\u1ec7n, gi\u00e1 c\u1ea3 ph\u1ea3i ch\u0103ng v\u00e0 an to\u00e0n.","publisher":{"@id":"https:\/\/floridareprofreedom.org\/#organization"},"potentialAction":[{"@type":"SearchAction","target":{"@type":"EntryPoint","urlTemplate":"https:\/\/floridareprofreedom.org\/?s={search_term_string}"},"query-input":{"@type":"PropertyValueSpecification","valueRequired":true,"valueName":"search_term_string"}}],"inLanguage":"vi"},{"@type":"Organization","@id":"https:\/\/floridareprofreedom.org\/#organization","name":"Ng\u01b0\u1eddi Florida v\u00ec T\u1ef1 do Sinh s\u1ea3n","url":"https:\/\/floridareprofreedom.org\/","logo":{"@type":"ImageObject","inLanguage":"vi","@id":"https:\/\/floridareprofreedom.org\/#\/schema\/logo\/image\/","url":"https:\/\/floridareprofreedom.org\/wp-content\/uploads\/2019\/05\/Untitled.jpg","contentUrl":"https:\/\/floridareprofreedom.org\/wp-content\/uploads\/2019\/05\/Untitled.jpg","width":174,"height":180,"caption":"Floridians for Reproductive Freedom"},"image":{"@id":"https:\/\/floridareprofreedom.org\/#\/schema\/logo\/image\/"},"sameAs":["https:\/\/www.facebook.com\/FloridaReproFreedom\/","https:\/\/x.com\/FLReproFreedom","https:\/\/www.instagram.com\/floridareprofreedom\/"]}]}},"_links":{"self":[{"href":"https:\/\/floridareprofreedom.org\/vi\/wp-json\/wp\/v2\/pages\/2484","targetHints":{"allow":["GET"]}}],"collection":[{"href":"https:\/\/floridareprofreedom.org\/vi\/wp-json\/wp\/v2\/pages"}],"about":[{"href":"https:\/\/floridareprofreedom.org\/vi\/wp-json\/wp\/v2\/types\/page"}],"author":[{"embeddable":true,"href":"https:\/\/floridareprofreedom.org\/vi\/wp-json\/wp\/v2\/users\/3"}],"replies":[{"embeddable":true,"href":"https:\/\/floridareprofreedom.org\/vi\/wp-json\/wp\/v2\/comments?post=2484"}],"version-history":[{"count":3,"href":"https:\/\/floridareprofreedom.org\/vi\/wp-json\/wp\/v2\/pages\/2484\/revisions"}],"predecessor-version":[{"id":2487,"href":"https:\/\/floridareprofreedom.org\/vi\/wp-json\/wp\/v2\/pages\/2484\/revisions\/2487"}],"wp:attachment":[{"href":"https:\/\/floridareprofreedom.org\/vi\/wp-json\/wp\/v2\/media?parent=2484"}],"wp:term":[{"taxonomy":"folder","embeddable":true,"href":"https:\/\/floridareprofreedom.org\/vi\/wp-json\/wp\/v2\/folder?post=2484"}],"curies":[{"name":"wp","href":"https:\/\/api.w.org\/{rel}","templated":true}]}}