{"id":3165,"date":"2024-01-02T22:09:04","date_gmt":"2024-01-02T22:09:04","guid":{"rendered":"https:\/\/floridareprofreedom.org\/?page_id=3165"},"modified":"2024-01-02T22:23:58","modified_gmt":"2024-01-02T22:23:58","slug":"ki-sa-ki-yon-egzansyon-jidisye-pou-avotman","status":"publish","type":"page","link":"https:\/\/floridareprofreedom.org\/vi\/judicialbypass\/egzansyon-jidisye-an-florid\/ki-sa-ki-yon-egzansyon-jidisye-pou-avotman\/","title":{"rendered":"Ki sa ki yon egzansyon jidisy\u00e8 pou av\u00f2tman?"},"content":{"rendered":"<p><span style=\"font-weight: 400;\">L\u00e8 yon j\u00e8n nan Florid pa ka nh\u1ea1t ak fanmi l sou desizyon av\u00f2tman l, li gen opsyon pou li fe demann pou yon egzansyon jidisy\u00e8, ki rele tou yon egzansyon jidisy\u00e8 oswa yon \u201cl\u00f2d\u201d. <strong>B\u1ea1n c\u00f3 th\u1ec3 mu\u1ed1n jidisy\u00e8 bay j\u00e8n ki poko gen 18 an p\u00e8misyon pou yo f\u00e8 yon av\u00f2tman san patisipasyon paran yo.<\/strong><\/span><\/p>\n<p><span style=\"font-weight: 400;\">B\u1ea1n c\u00f3 th\u1ec3 mu\u1ed1n l\u00e0m \u0111i\u1ec1u \u0111\u00f3, b\u1ea1n c\u00f3 th\u1ec3 gi\u1ed1ng nh\u01b0 m\u1ed9t th\u1ea9m ph\u00e1n c\u1ee7a t\u00f2a \u00e1n. Pif\u00f2 moun ale nan tribinal nan pw\u00f2p zon yo, men si w gen enkyetid pou enfomasyon w ret prive, ou ka ale nan yon tribinal nan yon l\u00f2t zon, men li dwe nan <strong>sikwi<\/strong> kote w ap viv la. Zon Florid b\u1ea1n c\u00f3 th\u1ec3 ansanm pou f\u00f2me <strong>20 sikwi<\/strong>, wap jwenn zon ou sou kat la oswa lis ki paret anba a pou det\u00e8mine nan ki sikwi w ap viv.<\/span><\/p>\n<p><span style=\"font-weight: 400;\">Detay sou ki kote pou ale ak moun pou nh\u1ea1t avek yo nan chak zon ak lokal ki disponib pou fe demann nan, ap nan lis nan tablo ki anba paj la. <strong>L\u00e8 w ap like pou yon egzansyon jidisy\u00e8<\/strong>, konsidere kontakte grefye Tribinal la davans pou verifye ki kote pou w ale ak sa pou w f\u00e8 pou k\u00f2manse. Gen k\u00e8k kh\u00e1c bi\u1ec7t nan chak zon. Konfime l\u00e8 operasyon yo, lokal yo ak pakin yo.<\/span><\/p>\n<p><span style=\"font-weight: 400;\"><strong>Gen 2 f\u00f2mile ki dwe ranpli.<\/strong> Nan k\u00e8k zon, yon grefye ap ba w f\u00f2mile yo pou w ranpli poukont ou, nan qu\u00e1t zon yon grefye ap ede w ranpli f\u00f2m yo, al\u00f2ske nan l\u00f2t lokal ap gen yon avoka ki nonmen nan Tribinal la pou ede w oswa menm f\u00e8 li sou non w apre yo fin nh\u1ea1t avek ou. H\u00e3y \u0111\u1ec3 ch\u00fang t\u00f4i gi\u00fap b\u1ea1n c\u00f3 th\u1ec3 t\u00ecm th\u1ea5y m\u1ed9t s\u1ed1 th\u00f4ng tin b\u1ea1n c\u00f3 th\u1ec3 t\u00ecm th\u1ea5y \u1edf \u0111\u00e2y.\u00a0<\/span><\/p>\n<p><span style=\"font-weight: 400;\"><strong>\u201cDeklarasyon S\u00e8man sou Vr\u00e8 Non w ak Psedonim\u201d<\/strong> \u2013 Dokiman sa a asire w ke p\u00e8sonn pa p konnen si wale nan Tribinal pou w jwenn egzansyon sa a. Li p\u00e8m\u00e8t ou chwazi yon non diferan pou Tribinal la itilize, olye de non rey\u00e8l ou. B\u1ea1n c\u00f3 th\u1ec3 ph\u1ea3i \u0111\u1ed1i m\u1eb7t v\u1edbi T\u00f2a \u00e1n x\u00e9t x\u1eed b\u1eb1ng c\u00e1ch \u0111\u01b0a ra quy\u1ebft \u0111\u1ecbnh sai tr\u00e1i v\u1ec1 v\u1ea5n \u0111\u1ec1 c\u1ee7a b\u1ea1n. Li pwoteje dwa w pou w f\u00e8 av\u00f2tman san paran w oswa gadyen w pa konnen.<\/span><\/p>\n<p><span style=\"font-weight: 400;\"><strong>\u201cPetisyon egzansyon Jidisy\u00e8\u201d<\/strong> \u2013 Papye sa a se yon demann pou Jij la. B\u1ea1n c\u00f3 th\u1ec3 chwazi pou w ekri pw\u00f2p petisyon w epi pote l av\u00e8k ou, oswa ou ka ranpli f\u00f2m sa a. Petisyon ou ta dwe genyen ladan l:<\/span><\/p>\n<ol>\n<li style=\"list-style-type: none;\">\n<ol>\n<li><span style=\"font-weight: 400;\"> b\u1ea1n s\u1ebd c\u00f3 \u0111\u01b0\u1ee3c ch\u1ea5t l\u01b0\u1ee3ng t\u1ed1t nh\u1ea5t c\u00f3 th\u1ec3 n\u1ebfu b\u1ea1n mu\u1ed1n c\u00f3 \u0111\u01b0\u1ee3c m\u1ed9t cu\u1ed9c s\u1ed1ng tuy\u1ec7t v\u1eddi;<\/span><\/li>\n<li><span style=\"font-weight: 400;\"> b\u1ea1n s\u1ebd c\u00f3 m\u1ed9t cu\u1ed9c s\u1ed1ng t\u1ed1t \u0111\u1eb9p h\u01a1n b\u1ea1n c\u00f3 th\u1ec3 l\u00e0m \u0111i\u1ec1u \u0111\u00f3 v\u1edbi b\u1ea1n; oswa<\/span><\/li>\n<li><span style=\"font-weight: 400;\"> t\u00f4i s\u1ebd th\u00f4ng b\u00e1o cho b\u1ea1n v\u1ec1 \u0111i\u1ec1u ki\u1ec7n h\u1ee3p ph\u00e1p c\u1ee7a b\u1ea1n ho\u1eb7c c\u00e1ch b\u1ea1n l\u00e0m vi\u1ec7c v\u1edbi t\u00f4i.<\/span>\n<ol>\n<li style=\"font-weight: 400;\" aria-level=\"1\"><span style=\"font-weight: 400;\">Psedonim ou oswa inisyal ou (k\u00e8lkeswa sa w chwazi pou w itilize sou Deklarasyon S\u00e8man Vr\u00e8 Non ak Psedonim ou)<\/span><\/li>\n<li style=\"font-weight: 400;\" aria-level=\"1\"><span style=\"font-weight: 400;\">Laj ou<\/span><\/li>\n<li style=\"font-weight: 400;\" aria-level=\"1\"><span style=\"font-weight: 400;\">B\u1ea1n c\u00f3 th\u1ec3 gi\u1ea3i quy\u1ebft v\u1ea5n \u0111\u1ec1 c\u1ee7a m\u00ecnh v\u00e0 \u0111\u1ed3ng \u00fd v\u1edbi \u00fd ki\u1ebfn c\u1ee7a b\u1ea1n v\u1ec1 c\u00e1ch b\u1ea1n c\u00f3 th\u1ec3 \u0111\u01b0a ra quy\u1ebft \u0111\u1ecbnh c\u1ee7a m\u00ecnh v\u1ec1 c\u00e1ch b\u1ea1n c\u00f3 th\u1ec3 l\u00e0m \u0111i\u1ec1u \u0111\u00f3.<\/span><\/li>\n<li style=\"font-weight: 400;\" aria-level=\"1\"><span style=\"font-weight: 400;\">B\u1ea1n c\u00f3 th\u1ec3 gi\u1ea3i quy\u1ebft v\u1ea5n \u0111\u1ec1 c\u1ee7a m\u00ecnh b\u1eb1ng c\u00e1ch gi\u00fap b\u1ea1n (f\u00e8 yon av\u00f2tman) san w pa di paran w oswa gadyen legal ou<\/span><\/li>\n<li style=\"font-weight: 400;\" aria-level=\"1\"><span style=\"font-weight: 400;\">B\u1ea1n n\u00ean l\u00e0m g\u00ec \u0111\u1ec3 c\u00f3 th\u1ec3 \u0111\u1ea1t \u0111\u01b0\u1ee3c \u0111i\u1ec1u \u0111\u00f3. B\u1ea1n c\u00f3 th\u1ec3 mu\u1ed1n l\u00e0m \u0111i\u1ec1u \u0111\u00f3 b\u1eb1ng c\u00e1ch \u0111\u01b0a ra quy\u1ebft \u0111\u1ecbnh c\u1ee7a m\u00ecnh. Ch\u00fang t\u00f4i s\u1ebd gi\u00fap b\u1ea1n l\u00e0m \u0111i\u1ec1u \u0111\u00f3. N\u1ebfu b\u1ea1n th\u00edch b\u1ea1n, b\u1ea1n c\u00f3 th\u1ec3 gi\u1ed1ng nh\u01b0 v\u1eady, b\u1ea1n c\u00f3 th\u1ec3 gi\u1ed1ng t\u00f4i. B\u1ea1n mu\u1ed1n bi\u1ebft \u0111i\u1ec1u g\u00ec:\u00a0<\/span>\n<ol>\n<li aria-level=\"1\"><span style=\"font-weight: 400;\">\u00a0b\u1ea1n s\u1ebd c\u00f3 \u0111\u01b0\u1ee3c ch\u1ea5t l\u01b0\u1ee3ng t\u1ed1t nh\u1ea5t c\u00f3 th\u1ec3 n\u1ebfu b\u1ea1n mu\u1ed1n c\u00f3 \u0111\u01b0\u1ee3c m\u1ed9t cu\u1ed9c s\u1ed1ng tuy\u1ec7t v\u1eddi;<\/span><\/li>\n<li aria-level=\"1\"><span style=\"font-weight: 400;\">b\u1ea1n s\u1ebd c\u00f3 m\u1ed9t cu\u1ed9c s\u1ed1ng t\u1ed1t \u0111\u1eb9p h\u01a1n b\u1ea1n c\u00f3 th\u1ec3 l\u00e0m \u0111i\u1ec1u \u0111\u00f3 v\u1edbi b\u1ea1n; oswa<\/span><\/li>\n<li><span style=\"font-weight: 400;\"> t\u00f4i s\u1ebd th\u00f4ng b\u00e1o cho b\u1ea1n v\u1ec1 \u0111i\u1ec1u ki\u1ec7n h\u1ee3p ph\u00e1p c\u1ee7a b\u1ea1n ho\u1eb7c c\u00e1ch b\u1ea1n l\u00e0m vi\u1ec7c v\u1edbi t\u00f4i.<\/span><\/li>\n<\/ol>\n<\/li>\n<\/ol>\n<\/li>\n<\/ol>\n<\/li>\n<\/ol>\n<p><span style=\"font-weight: 400;\">Tr\u01b0\u1edbc khi li\u00ean h\u1ec7 v\u1edbi t\u00f2a \u00e1n la, b\u1ea1n c\u00f3 k\u1ebf ho\u1ea1ch kh\u1ea9n c\u1ea5p v\u1ec1 reynyon prive kote w ap nh\u1ea1t ak yon Jij sou rezon ki f\u00e8 w gen matirite oswa ou byen enf\u00f2me pou w planifye avotman pa w. Pou plis enf\u00f2masyon detaye sou sa Jij la ap eseye ch\u00e8che konnen, gade nan pwochen paj \u201cKisa jij la pral konsidere?\u201d<\/span><\/p>\n<p><span style=\"font-weight: 400;\">** Si wap konsidere nh\u1ea1t ak paran w sou desizyon w epi w bezwen \u00e8d pou w reflechi sou fason pou w nh\u1ea1t sou sa, ou ka jwenn kons\u00e8y nan patn\u00e8 nou an, <a href=\"https:\/\/janesdueprocess.org\/blog\/talking-to-parents-about-abortion\/\">Jane&#039;s Due Process sou blog sa a<\/a>.<\/span><\/p>\n<p><img fetchpriority=\"high\" decoding=\"async\" class=\"alignnone size-full wp-image-1001\" src=\"https:\/\/floridareprofreedom.org\/wp-content\/uploads\/2020\/05\/flcircuitmap.jpeg\" alt=\"\" width=\"465\" height=\"390\" srcset=\"https:\/\/floridareprofreedom.org\/wp-content\/uploads\/2020\/05\/flcircuitmap.jpeg 465w, https:\/\/floridareprofreedom.org\/wp-content\/uploads\/2020\/05\/flcircuitmap-300x252.jpeg 300w\" sizes=\"(max-width: 465px) 100vw, 465px\" \/><\/p>\n<p><iframe src=\"https:\/\/docs.google.com\/spreadsheets\/d\/e\/2PACX-1vQB6krgtRma-96mkc9NufqrFn2t3gYItPYTXhaTc_euzRTZEXyRs9x90T-YutHr6CS_eNVijuyheuHR\/pubhtml?gid=1415876535&amp;single=true&amp;widget=true&amp;headers=false\" width=\"850\" height=\"1200\"><\/iframe><\/p>","protected":false},"excerpt":{"rendered":"<p>L\u00e8 yon j\u00e8n nan Florid pa ka pale ak fanmi l sou desizyon av\u00f2tman l, li gen opsyon pou li fe demann pou yon egzansyon jidisy\u00e8, ki rele tou yon egzansyon jidisy\u00e8 oswa yon &#8220;l\u00f2d&#8221;. Yon egzansyon jidisy\u00e8 bay j\u00e8n ki poko gen 18 an p\u00e8misyon pou yo f\u00e8 yon av\u00f2tman san patisipasyon paran yo. [&hellip;]<\/p>\n","protected":false},"author":7,"featured_media":0,"parent":3142,"menu_order":0,"comment_status":"closed","ping_status":"closed","template":"","meta":{"footnotes":""},"folder":[35],"class_list":["post-3165","page","type-page","status-publish","hentry"],"yoast_head":"<!-- This site is optimized with the Yoast SEO plugin v27.3 - https:\/\/yoast.com\/product\/yoast-seo-wordpress\/ -->\n<title>Ki sa ki yon egzansyon jidisy\u00e8 pou av\u00f2tman? - Floridians For Reproductive Freedom<\/title>\n<meta name=\"description\" content=\"Si w pa ka jwenn p\u00e8misyon paran w oswa mande paran w, ou ka f\u00e8 yon av\u00f2tman san okenn paran w pa enplike si w ale nan tribinal epi yo ba w yon \u201cegzansyon jidisy\u00e8\u201d.\" \/>\n<meta name=\"robots\" content=\"index, follow, max-snippet:-1, max-image-preview:large, max-video-preview:-1\" \/>\n<link rel=\"canonical\" href=\"https:\/\/floridareprofreedom.org\/vi\/bo-qua-tu-phap\/egzansyon-jidisye-an-florid\/ki-sa-ki-yon-egzansyon-jidisye-pou-avotman\/\" \/>\n<meta property=\"og:locale\" content=\"vi_VN\" \/>\n<meta property=\"og:type\" content=\"article\" \/>\n<meta property=\"og:title\" content=\"Ki sa ki yon egzansyon jidisy\u00e8 pou av\u00f2tman? - Floridians For Reproductive Freedom\" \/>\n<meta property=\"og:description\" content=\"Si w pa ka jwenn p\u00e8misyon paran w oswa mande paran w, ou ka f\u00e8 yon av\u00f2tman san okenn paran w pa enplike si w ale nan tribinal epi yo ba w yon \u201cegzansyon jidisy\u00e8\u201d.\" \/>\n<meta property=\"og:url\" content=\"https:\/\/floridareprofreedom.org\/vi\/bo-qua-tu-phap\/egzansyon-jidisye-an-florid\/ki-sa-ki-yon-egzansyon-jidisye-pou-avotman\/\" \/>\n<meta property=\"og:site_name\" content=\"Floridians For Reproductive Freedom\" \/>\n<meta property=\"article:publisher\" content=\"https:\/\/www.facebook.com\/FloridaReproFreedom\/\" \/>\n<meta property=\"article:modified_time\" content=\"2024-01-02T22:23:58+00:00\" \/>\n<meta property=\"og:image\" content=\"https:\/\/floridareprofreedom.org\/wp-content\/uploads\/2020\/05\/flcircuitmap.jpeg\" \/>\n<meta name=\"twitter:card\" content=\"summary_large_image\" \/>\n<meta name=\"twitter:site\" content=\"@FLReproFreedom\" \/>\n<meta name=\"twitter:label1\" content=\"\u01af\u1edbc t\u00ednh th\u1eddi gian \u0111\u1ecdc\" \/>\n\t<meta name=\"twitter:data1\" content=\"4 ph\u00fat\" \/>\n<script type=\"application\/ld+json\" class=\"yoast-schema-graph\">{\"@context\":\"https:\\\/\\\/schema.org\",\"@graph\":[{\"@type\":\"WebPage\",\"@id\":\"https:\\\/\\\/floridareprofreedom.org\\\/judicialbypass\\\/egzansyon-jidisye-an-florid\\\/ki-sa-ki-yon-egzansyon-jidisye-pou-avotman\\\/\",\"url\":\"https:\\\/\\\/floridareprofreedom.org\\\/judicialbypass\\\/egzansyon-jidisye-an-florid\\\/ki-sa-ki-yon-egzansyon-jidisye-pou-avotman\\\/\",\"name\":\"Ki sa ki yon egzansyon jidisy\u00e8 pou av\u00f2tman? - Floridians For Reproductive Freedom\",\"isPartOf\":{\"@id\":\"https:\\\/\\\/floridareprofreedom.org\\\/#website\"},\"primaryImageOfPage\":{\"@id\":\"https:\\\/\\\/floridareprofreedom.org\\\/judicialbypass\\\/egzansyon-jidisye-an-florid\\\/ki-sa-ki-yon-egzansyon-jidisye-pou-avotman\\\/#primaryimage\"},\"image\":{\"@id\":\"https:\\\/\\\/floridareprofreedom.org\\\/judicialbypass\\\/egzansyon-jidisye-an-florid\\\/ki-sa-ki-yon-egzansyon-jidisye-pou-avotman\\\/#primaryimage\"},\"thumbnailUrl\":\"https:\\\/\\\/floridareprofreedom.org\\\/wp-content\\\/uploads\\\/2020\\\/05\\\/flcircuitmap.jpeg\",\"datePublished\":\"2024-01-02T22:09:04+00:00\",\"dateModified\":\"2024-01-02T22:23:58+00:00\",\"description\":\"Si w pa ka jwenn p\u00e8misyon paran w oswa mande paran w, ou ka f\u00e8 yon av\u00f2tman san okenn paran w pa enplike si w ale nan tribinal epi yo ba w yon \u201cegzansyon jidisy\u00e8\u201d.\",\"breadcrumb\":{\"@id\":\"https:\\\/\\\/floridareprofreedom.org\\\/judicialbypass\\\/egzansyon-jidisye-an-florid\\\/ki-sa-ki-yon-egzansyon-jidisye-pou-avotman\\\/#breadcrumb\"},\"inLanguage\":\"vi\",\"potentialAction\":[{\"@type\":\"ReadAction\",\"target\":[\"https:\\\/\\\/floridareprofreedom.org\\\/judicialbypass\\\/egzansyon-jidisye-an-florid\\\/ki-sa-ki-yon-egzansyon-jidisye-pou-avotman\\\/\"]}]},{\"@type\":\"ImageObject\",\"inLanguage\":\"vi\",\"@id\":\"https:\\\/\\\/floridareprofreedom.org\\\/judicialbypass\\\/egzansyon-jidisye-an-florid\\\/ki-sa-ki-yon-egzansyon-jidisye-pou-avotman\\\/#primaryimage\",\"url\":\"https:\\\/\\\/floridareprofreedom.org\\\/wp-content\\\/uploads\\\/2020\\\/05\\\/flcircuitmap.jpeg\",\"contentUrl\":\"https:\\\/\\\/floridareprofreedom.org\\\/wp-content\\\/uploads\\\/2020\\\/05\\\/flcircuitmap.jpeg\"},{\"@type\":\"BreadcrumbList\",\"@id\":\"https:\\\/\\\/floridareprofreedom.org\\\/judicialbypass\\\/egzansyon-jidisye-an-florid\\\/ki-sa-ki-yon-egzansyon-jidisye-pou-avotman\\\/#breadcrumb\",\"itemListElement\":[{\"@type\":\"ListItem\",\"position\":1,\"name\":\"Home\",\"item\":\"https:\\\/\\\/floridareprofreedom.org\\\/\"},{\"@type\":\"ListItem\",\"position\":2,\"name\":\"Judicial Bypass in Florida\",\"item\":\"https:\\\/\\\/floridareprofreedom.org\\\/judicialbypass\\\/\"},{\"@type\":\"ListItem\",\"position\":3,\"name\":\"Egzansyon Jidisy\u00e8 an Florid\",\"item\":\"https:\\\/\\\/floridareprofreedom.org\\\/judicialbypass\\\/egzansyon-jidisye-an-florid\\\/\"},{\"@type\":\"ListItem\",\"position\":4,\"name\":\"Ki sa ki yon egzansyon jidisy\u00e8 pou av\u00f2tman?\"}]},{\"@type\":\"WebSite\",\"@id\":\"https:\\\/\\\/floridareprofreedom.org\\\/#website\",\"url\":\"https:\\\/\\\/floridareprofreedom.org\\\/\",\"name\":\"Floridians For Reproductive Freedom\",\"description\":\"Advocating for convenient, affordable, and safe access to reproductive health care, including abortion.\",\"publisher\":{\"@id\":\"https:\\\/\\\/floridareprofreedom.org\\\/#organization\"},\"potentialAction\":[{\"@type\":\"SearchAction\",\"target\":{\"@type\":\"EntryPoint\",\"urlTemplate\":\"https:\\\/\\\/floridareprofreedom.org\\\/?s={search_term_string}\"},\"query-input\":{\"@type\":\"PropertyValueSpecification\",\"valueRequired\":true,\"valueName\":\"search_term_string\"}}],\"inLanguage\":\"vi\"},{\"@type\":\"Organization\",\"@id\":\"https:\\\/\\\/floridareprofreedom.org\\\/#organization\",\"name\":\"Floridians for Reproductive Freedom\",\"url\":\"https:\\\/\\\/floridareprofreedom.org\\\/\",\"logo\":{\"@type\":\"ImageObject\",\"inLanguage\":\"vi\",\"@id\":\"https:\\\/\\\/floridareprofreedom.org\\\/#\\\/schema\\\/logo\\\/image\\\/\",\"url\":\"https:\\\/\\\/floridareprofreedom.org\\\/wp-content\\\/uploads\\\/2019\\\/05\\\/Untitled.jpg\",\"contentUrl\":\"https:\\\/\\\/floridareprofreedom.org\\\/wp-content\\\/uploads\\\/2019\\\/05\\\/Untitled.jpg\",\"width\":174,\"height\":180,\"caption\":\"Floridians for Reproductive Freedom\"},\"image\":{\"@id\":\"https:\\\/\\\/floridareprofreedom.org\\\/#\\\/schema\\\/logo\\\/image\\\/\"},\"sameAs\":[\"https:\\\/\\\/www.facebook.com\\\/FloridaReproFreedom\\\/\",\"https:\\\/\\\/x.com\\\/FLReproFreedom\",\"https:\\\/\\\/www.instagram.com\\\/floridareprofreedom\\\/\"]}]}<\/script>\n<!-- \/ Yoast SEO plugin. -->","yoast_head_json":{"title":"Ki sa ki yon egzansyon jidisy\u00e8 pou av\u00f2tman? - Ng\u01b0\u1eddi d\u00e2n Florida v\u00ec t\u1ef1 do sinh s\u1ea3n","description":"Si w pa ka jwenn p\u00e8misyon paran w oswa mande paran w, ou ka f\u00e8 yon av\u00f2tman san okenn paran w pa enplike si w ale nan Tribinal epi yo ba wyon \u201cegzansyon jidisy\u00e8\u201d.","robots":{"index":"index","follow":"follow","max-snippet":"max-snippet:-1","max-image-preview":"max-image-preview:large","max-video-preview":"max-video-preview:-1"},"canonical":"https:\/\/floridareprofreedom.org\/vi\/bo-qua-tu-phap\/egzansyon-jidisye-an-florid\/ki-sa-ki-yon-egzansyon-jidisye-pou-avotman\/","og_locale":"vi_VN","og_type":"article","og_title":"Ki sa ki yon egzansyon jidisy\u00e8 pou av\u00f2tman? - Floridians For Reproductive Freedom","og_description":"Si w pa ka jwenn p\u00e8misyon paran w oswa mande paran w, ou ka f\u00e8 yon av\u00f2tman san okenn paran w pa enplike si w ale nan tribinal epi yo ba w yon \u201cegzansyon jidisy\u00e8\u201d.","og_url":"https:\/\/floridareprofreedom.org\/vi\/bo-qua-tu-phap\/egzansyon-jidisye-an-florid\/ki-sa-ki-yon-egzansyon-jidisye-pou-avotman\/","og_site_name":"Floridians For Reproductive Freedom","article_publisher":"https:\/\/www.facebook.com\/FloridaReproFreedom\/","article_modified_time":"2024-01-02T22:23:58+00:00","og_image":[{"url":"https:\/\/floridareprofreedom.org\/wp-content\/uploads\/2020\/05\/flcircuitmap.jpeg","type":"","width":"","height":""}],"twitter_card":"summary_large_image","twitter_site":"@FLReproFreedom","twitter_misc":{"\u01af\u1edbc t\u00ednh th\u1eddi gian \u0111\u1ecdc":"4 ph\u00fat"},"schema":{"@context":"https:\/\/schema.org","@graph":[{"@type":"WebPage","@id":"https:\/\/floridareprofreedom.org\/judicialbypass\/egzansyon-jidisye-an-florid\/ki-sa-ki-yon-egzansyon-jidisye-pou-avotman\/","url":"https:\/\/floridareprofreedom.org\/judicialbypass\/egzansyon-jidisye-an-florid\/ki-sa-ki-yon-egzansyon-jidisye-pou-avotman\/","name":"Ki sa ki yon egzansyon jidisy\u00e8 pou av\u00f2tman? - Ng\u01b0\u1eddi d\u00e2n Florida v\u00ec t\u1ef1 do sinh s\u1ea3n","isPartOf":{"@id":"https:\/\/floridareprofreedom.org\/#website"},"primaryImageOfPage":{"@id":"https:\/\/floridareprofreedom.org\/judicialbypass\/egzansyon-jidisye-an-florid\/ki-sa-ki-yon-egzansyon-jidisye-pou-avotman\/#primaryimage"},"image":{"@id":"https:\/\/floridareprofreedom.org\/judicialbypass\/egzansyon-jidisye-an-florid\/ki-sa-ki-yon-egzansyon-jidisye-pou-avotman\/#primaryimage"},"thumbnailUrl":"https:\/\/floridareprofreedom.org\/wp-content\/uploads\/2020\/05\/flcircuitmap.jpeg","datePublished":"2024-01-02T22:09:04+00:00","dateModified":"2024-01-02T22:23:58+00:00","description":"Si w pa ka jwenn p\u00e8misyon paran w oswa mande paran w, ou ka f\u00e8 yon av\u00f2tman san okenn paran w pa enplike si w ale nan Tribinal epi yo ba wyon \u201cegzansyon jidisy\u00e8\u201d.","breadcrumb":{"@id":"https:\/\/floridareprofreedom.org\/judicialbypass\/egzansyon-jidisye-an-florid\/ki-sa-ki-yon-egzansyon-jidisye-pou-avotman\/#breadcrumb"},"inLanguage":"vi","potentialAction":[{"@type":"ReadAction","target":["https:\/\/floridareprofreedom.org\/judicialbypass\/egzansyon-jidisye-an-florid\/ki-sa-ki-yon-egzansyon-jidisye-pou-avotman\/"]}]},{"@type":"ImageObject","inLanguage":"vi","@id":"https:\/\/floridareprofreedom.org\/judicialbypass\/egzansyon-jidisye-an-florid\/ki-sa-ki-yon-egzansyon-jidisye-pou-avotman\/#primaryimage","url":"https:\/\/floridareprofreedom.org\/wp-content\/uploads\/2020\/05\/flcircuitmap.jpeg","contentUrl":"https:\/\/floridareprofreedom.org\/wp-content\/uploads\/2020\/05\/flcircuitmap.jpeg"},{"@type":"BreadcrumbList","@id":"https:\/\/floridareprofreedom.org\/judicialbypass\/egzansyon-jidisye-an-florid\/ki-sa-ki-yon-egzansyon-jidisye-pou-avotman\/#breadcrumb","itemListElement":[{"@type":"ListItem","position":1,"name":"Home","item":"https:\/\/floridareprofreedom.org\/"},{"@type":"ListItem","position":2,"name":"Judicial Bypass in Florida","item":"https:\/\/floridareprofreedom.org\/judicialbypass\/"},{"@type":"ListItem","position":3,"name":"Egzansyon Jidisy\u00e8 an Florid","item":"https:\/\/floridareprofreedom.org\/judicialbypass\/egzansyon-jidisye-an-florid\/"},{"@type":"ListItem","position":4,"name":"Ki sa ki yon egzansyon jidisy\u00e8 pou av\u00f2tman?"}]},{"@type":"WebSite","@id":"https:\/\/floridareprofreedom.org\/#website","url":"https:\/\/floridareprofreedom.org\/","name":"Ng\u01b0\u1eddi Florida v\u00ec T\u1ef1 do Sinh s\u1ea3n","description":"V\u1eadn \u0111\u1ed9ng cho vi\u1ec7c ti\u1ebfp c\u1eadn d\u1ecbch v\u1ee5 ch\u0103m s\u00f3c s\u1ee9c kh\u1ecfe sinh s\u1ea3n, bao g\u1ed3m c\u1ea3 ph\u00e1 thai, m\u1ed9t c\u00e1ch thu\u1eadn ti\u1ec7n, gi\u00e1 c\u1ea3 ph\u1ea3i ch\u0103ng v\u00e0 an to\u00e0n.","publisher":{"@id":"https:\/\/floridareprofreedom.org\/#organization"},"potentialAction":[{"@type":"SearchAction","target":{"@type":"EntryPoint","urlTemplate":"https:\/\/floridareprofreedom.org\/?s={search_term_string}"},"query-input":{"@type":"PropertyValueSpecification","valueRequired":true,"valueName":"search_term_string"}}],"inLanguage":"vi"},{"@type":"Organization","@id":"https:\/\/floridareprofreedom.org\/#organization","name":"Ng\u01b0\u1eddi Florida v\u00ec T\u1ef1 do Sinh s\u1ea3n","url":"https:\/\/floridareprofreedom.org\/","logo":{"@type":"ImageObject","inLanguage":"vi","@id":"https:\/\/floridareprofreedom.org\/#\/schema\/logo\/image\/","url":"https:\/\/floridareprofreedom.org\/wp-content\/uploads\/2019\/05\/Untitled.jpg","contentUrl":"https:\/\/floridareprofreedom.org\/wp-content\/uploads\/2019\/05\/Untitled.jpg","width":174,"height":180,"caption":"Floridians for Reproductive Freedom"},"image":{"@id":"https:\/\/floridareprofreedom.org\/#\/schema\/logo\/image\/"},"sameAs":["https:\/\/www.facebook.com\/FloridaReproFreedom\/","https:\/\/x.com\/FLReproFreedom","https:\/\/www.instagram.com\/floridareprofreedom\/"]}]}},"_links":{"self":[{"href":"https:\/\/floridareprofreedom.org\/vi\/wp-json\/wp\/v2\/pages\/3165","targetHints":{"allow":["GET"]}}],"collection":[{"href":"https:\/\/floridareprofreedom.org\/vi\/wp-json\/wp\/v2\/pages"}],"about":[{"href":"https:\/\/floridareprofreedom.org\/vi\/wp-json\/wp\/v2\/types\/page"}],"author":[{"embeddable":true,"href":"https:\/\/floridareprofreedom.org\/vi\/wp-json\/wp\/v2\/users\/7"}],"replies":[{"embeddable":true,"href":"https:\/\/floridareprofreedom.org\/vi\/wp-json\/wp\/v2\/comments?post=3165"}],"version-history":[{"count":2,"href":"https:\/\/floridareprofreedom.org\/vi\/wp-json\/wp\/v2\/pages\/3165\/revisions"}],"predecessor-version":[{"id":3173,"href":"https:\/\/floridareprofreedom.org\/vi\/wp-json\/wp\/v2\/pages\/3165\/revisions\/3173"}],"up":[{"embeddable":true,"href":"https:\/\/floridareprofreedom.org\/vi\/wp-json\/wp\/v2\/pages\/3142"}],"wp:attachment":[{"href":"https:\/\/floridareprofreedom.org\/vi\/wp-json\/wp\/v2\/media?parent=3165"}],"wp:term":[{"taxonomy":"folder","embeddable":true,"href":"https:\/\/floridareprofreedom.org\/vi\/wp-json\/wp\/v2\/folder?post=3165"}],"curies":[{"name":"wp","href":"https:\/\/api.w.org\/{rel}","templated":true}]}}