{"id":3170,"date":"2024-01-02T22:21:50","date_gmt":"2024-01-02T22:21:50","guid":{"rendered":"https:\/\/floridareprofreedom.org\/?page_id=3170"},"modified":"2024-01-02T22:21:50","modified_gmt":"2024-01-02T22:21:50","slug":"ki-fomile-mwen-bezwen","status":"publish","type":"page","link":"https:\/\/floridareprofreedom.org\/vi\/judicialbypass\/egzansyon-jidisye-an-florid\/ki-fomile-mwen-bezwen\/","title":{"rendered":"Ki f\u00f2mile mwen bezwen?"},"content":{"rendered":"<p><span style=\"font-weight: 400;\">Mande grrefye nan Tribinal la pou enfomasyon sou f\u00f2mile yo. <a href=\"https:\/\/floridareprofreedom.org\/vi\/o-dau\/\">Jwenn enf\u00f2masyon kontak pou chak grefye nan chak zon sou tablo ki nan paj sa a.<\/a><\/span><\/p>\n<p><span style=\"font-weight: 400;\">Sau \u0111\u00f3, grefye a ap rem\u00e8t yo bay adolesan an pou l konplete yo poukont li. N\u1ebfu kh\u00f4ng, b\u1ea1n c\u00f3 th\u1ec3 ap ede adolesan v\u00e0 ranpli f\u00f2m yo. Et nan k\u00e8k r\u1ea5t nhi\u1ec1u zon yon avoka yo nonmen nan Tribinal la ap ede adolesan an oswa menm ranpli l nan non yo apre yo fin ak yo.<\/span><\/p>\n<p><span style=\"font-weight: 400;\">Gen plis enf\u00f2masyon sou fason yo trete f\u00f2mile yo nan chak zon nan tablo ki nan paj la, <a href=\"https:\/\/floridareprofreedom.org\/vi\/o-dau\/\">\u201cKi kote pou m ale pou m jwenn yon egzansyon jidisy\u00e8?\u201d<\/a><\/span><\/p>\n<p><span style=\"font-weight: 400;\">De f\u00f2m adolesan and we ranpli epi siyen yo se:<\/span><\/p>\n<ol>\n<li style=\"font-weight: 400;\" aria-level=\"1\"><span style=\"font-weight: 400;\"><strong>\u201cDeklarasyon S\u00e8man sou Vr\u00e8 Non ak Psedonim\u201d<\/strong> \u2013 Dokiman sa a asire w ke p\u00e8sonn pa konnen si wale nan Tribinal la pou w jwenn egzansyon sa a. Li p\u00e8m\u00e8t ou chwazi yon non diferan pou Tribinal la itilize, olye de non rey\u00e8l ou. N\u1ebfu b\u1ea1n mu\u1ed1n, t\u00f2a \u00e1n s\u1ebd \u0111\u01b0a ra tr\u1ecdng t\u00e0i cho b\u1ea1n. Li pwoteje dwa w pou w f\u00e8 av\u00f2tman san paran w oswa gadyen w pa konnen.<\/span><\/li>\n<li style=\"font-weight: 400;\" aria-level=\"1\"><span style=\"font-weight: 400;\"><strong>\u201cPetisyon pou egzansyon jidisy\u00e8 konsantman paran yo oswa avi sou konsantman pou sispann gwos\u00e8s la\u201d<\/strong> \u2013 Papye sa a se yon demann a Jij la. B\u1ea1n c\u00f3 th\u1ec3 chwazi pou w ekri pw\u00f2p petisyon w epi pote l av\u00e8k ou, oswa ou ka ranpli f\u00f2m sa a. Petisyon ou ta dwe genyen ladan yo:<\/span><\/li>\n<\/ol>\n<ul>\n<li style=\"list-style-type: none;\">\n<ul>\n<li style=\"font-weight: 400;\" aria-level=\"1\"><span style=\"font-weight: 400;\">Psedonim ou oswa inisyal ou (k\u00e8lkeswa sa ou te chwazi pou itilize sou Deklarasyon S\u00e8man ou sou Vr\u00e8 Non ak Psedonim nan)<\/span><\/li>\n<li style=\"font-weight: 400;\" aria-level=\"1\"><span style=\"font-weight: 400;\">Laj ou<\/span><\/li>\n<li style=\"font-weight: 400;\" aria-level=\"1\"><span style=\"font-weight: 400;\">B\u1ea1n c\u00f3 th\u1ec3 gi\u1ea3i quy\u1ebft v\u1ea5n \u0111\u1ec1 c\u1ee7a m\u00ecnh v\u00e0 kh\u00f4ng \u0111\u1ed3ng \u00fd v\u1edbi \u00fd ki\u1ebfn c\u1ee7a b\u1ea1n v\u1ec1 c\u00e1ch b\u1ea1n c\u00f3 th\u1ec3 l\u00e0m \u0111i\u1ec1u \u0111\u00f3 v\u1edbi b\u1ea1n.<\/span><\/li>\n<li style=\"font-weight: 400;\" aria-level=\"1\"><span style=\"font-weight: 400;\">B\u1ea1n c\u00f3 th\u1ec3 gi\u1ea3i quy\u1ebft v\u1ea5n \u0111\u1ec1 c\u1ee7a m\u00ecnh b\u1eb1ng c\u00e1ch l\u00e0m cho n\u00f3 tr\u1edf n\u00ean h\u1ee3p ph\u00e1p h\u01a1n. Asire w ou tcheke <strong>\u201ckonsantman ak avi\u201d.<\/strong><\/span><\/li>\n<li style=\"font-weight: 400;\" aria-level=\"1\"><span style=\"font-weight: 400;\">B\u1ea1n c\u00f3 th\u1ec3 l\u00e0m \u0111i\u1ec1u \u0111\u00f3 \u0111\u1ec3 c\u00f3 th\u1ec3 l\u00e0m \u0111\u01b0\u1ee3c \u0111i\u1ec1u \u0111\u00f3. Gen 3 fason ou ka jwenn yon egzansyon jidisy\u00e8 nan men Jij la. Ch\u00fang t\u00f4i s\u1ebd gi\u00fap b\u1ea1n l\u00e0m \u0111i\u1ec1u \u0111\u00f3. N\u1ebfu b\u1ea1n th\u00edch b\u1ea1n, b\u1ea1n c\u00f3 th\u1ec3 gi\u1ed1ng nh\u01b0 v\u1eady, b\u1ea1n c\u00f3 th\u1ec3 gi\u1ed1ng t\u00f4i. 3 khu v\u1ef1c b\u1ea1n s\u1ebd th\u1ea5y:<\/span><\/li>\n<\/ul>\n<\/li>\n<\/ul>\n<ol>\n<li style=\"list-style-type: none;\">\n<ol>\n<li style=\"list-style-type: none;\">\n<ol>\n<li style=\"font-weight: 400;\" aria-level=\"1\"><span style=\"font-weight: 400;\">b\u1ea1n s\u1ebd c\u00f3 \u0111\u01b0\u1ee3c ch\u1ea5t l\u01b0\u1ee3ng t\u1ed1t nh\u1ea5t c\u00f3 th\u1ec3 n\u1ebfu b\u1ea1n mu\u1ed1n c\u00f3 \u0111\u01b0\u1ee3c m\u1ed9t cu\u1ed9c s\u1ed1ng tuy\u1ec7t v\u1eddi;<\/span><\/li>\n<li style=\"font-weight: 400;\" aria-level=\"1\"><span style=\"font-weight: 400;\">b\u1ea1n s\u1ebd c\u00f3 m\u1ed9t cu\u1ed9c s\u1ed1ng t\u1ed1t \u0111\u1eb9p h\u01a1n b\u1ea1n c\u00f3 th\u1ec3 l\u00e0m \u0111i\u1ec1u \u0111\u00f3 v\u1edbi b\u1ea1n; oswa<\/span><\/li>\n<li style=\"font-weight: 400;\" aria-level=\"1\"><span style=\"font-weight: 400;\">N\u1ebfu t\u00f4i th\u00f4ng b\u00e1o cho b\u1ea1n v\u1ec1 v\u1ea5n \u0111\u1ec1 ph\u00e1p l\u00fd, li pa tap nan pi bon enter\u00e8 ou.<\/span><\/li>\n<\/ol>\n<\/li>\n<\/ol>\n<\/li>\n<\/ol>","protected":false},"excerpt":{"rendered":"<p>Mande grefye nan tribinal la pou enfomasyon sou f\u00f2mile yo. Jwenn enf\u00f2masyon kontak pou chak grefye nan chak zon sou tablo ki nan paj sa a. Nan k\u00e8k zon, grefye a ap rem\u00e8t yo bay adolesan an pou l konplete yo poukont li. Nan l\u00f2t zon, yon grefye ap ede adolesan an ranpli f\u00f2m yo. [&hellip;]<\/p>\n","protected":false},"author":7,"featured_media":0,"parent":3142,"menu_order":0,"comment_status":"closed","ping_status":"closed","template":"","meta":{"footnotes":""},"folder":[35,8],"class_list":["post-3170","page","type-page","status-publish","hentry"],"yoast_head":"<!-- This site is optimized with the Yoast SEO plugin v27.3 - https:\/\/yoast.com\/product\/yoast-seo-wordpress\/ -->\n<title>Ki f\u00f2mile mwen bezwen? - Floridians For Reproductive Freedom<\/title>\n<meta name=\"description\" content=\"Si w pa ka jwenn p\u00e8misyon paran w oswa mande paran w, ou ka f\u00e8 yon av\u00f2tman san okenn paran w pa enplike si w ale nan tribinal epi yo ba w yon \u201cegzansyon jidisy\u00e8\u201d.\" \/>\n<meta name=\"robots\" content=\"index, follow, max-snippet:-1, max-image-preview:large, max-video-preview:-1\" \/>\n<link rel=\"canonical\" href=\"https:\/\/floridareprofreedom.org\/vi\/bo-qua-tu-phap\/egzansyon-jidisye-an-florid\/ki-fomile-mwen-bezwen\/\" \/>\n<meta property=\"og:locale\" content=\"vi_VN\" \/>\n<meta property=\"og:type\" content=\"article\" \/>\n<meta property=\"og:title\" content=\"Ki f\u00f2mile mwen bezwen? - Floridians For Reproductive Freedom\" \/>\n<meta property=\"og:description\" content=\"Si w pa ka jwenn p\u00e8misyon paran w oswa mande paran w, ou ka f\u00e8 yon av\u00f2tman san okenn paran w pa enplike si w ale nan tribinal epi yo ba w yon \u201cegzansyon jidisy\u00e8\u201d.\" \/>\n<meta property=\"og:url\" content=\"https:\/\/floridareprofreedom.org\/vi\/bo-qua-tu-phap\/egzansyon-jidisye-an-florid\/ki-fomile-mwen-bezwen\/\" \/>\n<meta property=\"og:site_name\" content=\"Floridians For Reproductive Freedom\" \/>\n<meta property=\"article:publisher\" content=\"https:\/\/www.facebook.com\/FloridaReproFreedom\/\" \/>\n<meta name=\"twitter:card\" content=\"summary_large_image\" \/>\n<meta name=\"twitter:site\" content=\"@FLReproFreedom\" \/>\n<meta name=\"twitter:label1\" content=\"\u01af\u1edbc t\u00ednh th\u1eddi gian \u0111\u1ecdc\" \/>\n\t<meta name=\"twitter:data1\" content=\"2 ph\u00fat\" \/>\n<script type=\"application\/ld+json\" class=\"yoast-schema-graph\">{\"@context\":\"https:\\\/\\\/schema.org\",\"@graph\":[{\"@type\":\"WebPage\",\"@id\":\"https:\\\/\\\/floridareprofreedom.org\\\/judicialbypass\\\/egzansyon-jidisye-an-florid\\\/ki-fomile-mwen-bezwen\\\/\",\"url\":\"https:\\\/\\\/floridareprofreedom.org\\\/judicialbypass\\\/egzansyon-jidisye-an-florid\\\/ki-fomile-mwen-bezwen\\\/\",\"name\":\"Ki f\u00f2mile mwen bezwen? - Floridians For Reproductive Freedom\",\"isPartOf\":{\"@id\":\"https:\\\/\\\/floridareprofreedom.org\\\/#website\"},\"datePublished\":\"2024-01-02T22:21:50+00:00\",\"description\":\"Si w pa ka jwenn p\u00e8misyon paran w oswa mande paran w, ou ka f\u00e8 yon av\u00f2tman san okenn paran w pa enplike si w ale nan tribinal epi yo ba w yon \u201cegzansyon jidisy\u00e8\u201d.\",\"breadcrumb\":{\"@id\":\"https:\\\/\\\/floridareprofreedom.org\\\/judicialbypass\\\/egzansyon-jidisye-an-florid\\\/ki-fomile-mwen-bezwen\\\/#breadcrumb\"},\"inLanguage\":\"vi\",\"potentialAction\":[{\"@type\":\"ReadAction\",\"target\":[\"https:\\\/\\\/floridareprofreedom.org\\\/judicialbypass\\\/egzansyon-jidisye-an-florid\\\/ki-fomile-mwen-bezwen\\\/\"]}]},{\"@type\":\"BreadcrumbList\",\"@id\":\"https:\\\/\\\/floridareprofreedom.org\\\/judicialbypass\\\/egzansyon-jidisye-an-florid\\\/ki-fomile-mwen-bezwen\\\/#breadcrumb\",\"itemListElement\":[{\"@type\":\"ListItem\",\"position\":1,\"name\":\"Home\",\"item\":\"https:\\\/\\\/floridareprofreedom.org\\\/\"},{\"@type\":\"ListItem\",\"position\":2,\"name\":\"Judicial Bypass in Florida\",\"item\":\"https:\\\/\\\/floridareprofreedom.org\\\/judicialbypass\\\/\"},{\"@type\":\"ListItem\",\"position\":3,\"name\":\"Egzansyon Jidisy\u00e8 an Florid\",\"item\":\"https:\\\/\\\/floridareprofreedom.org\\\/judicialbypass\\\/egzansyon-jidisye-an-florid\\\/\"},{\"@type\":\"ListItem\",\"position\":4,\"name\":\"Ki f\u00f2mile mwen bezwen?\"}]},{\"@type\":\"WebSite\",\"@id\":\"https:\\\/\\\/floridareprofreedom.org\\\/#website\",\"url\":\"https:\\\/\\\/floridareprofreedom.org\\\/\",\"name\":\"Floridians For Reproductive Freedom\",\"description\":\"Advocating for convenient, affordable, and safe access to reproductive health care, including abortion.\",\"publisher\":{\"@id\":\"https:\\\/\\\/floridareprofreedom.org\\\/#organization\"},\"potentialAction\":[{\"@type\":\"SearchAction\",\"target\":{\"@type\":\"EntryPoint\",\"urlTemplate\":\"https:\\\/\\\/floridareprofreedom.org\\\/?s={search_term_string}\"},\"query-input\":{\"@type\":\"PropertyValueSpecification\",\"valueRequired\":true,\"valueName\":\"search_term_string\"}}],\"inLanguage\":\"vi\"},{\"@type\":\"Organization\",\"@id\":\"https:\\\/\\\/floridareprofreedom.org\\\/#organization\",\"name\":\"Floridians for Reproductive Freedom\",\"url\":\"https:\\\/\\\/floridareprofreedom.org\\\/\",\"logo\":{\"@type\":\"ImageObject\",\"inLanguage\":\"vi\",\"@id\":\"https:\\\/\\\/floridareprofreedom.org\\\/#\\\/schema\\\/logo\\\/image\\\/\",\"url\":\"https:\\\/\\\/floridareprofreedom.org\\\/wp-content\\\/uploads\\\/2019\\\/05\\\/Untitled.jpg\",\"contentUrl\":\"https:\\\/\\\/floridareprofreedom.org\\\/wp-content\\\/uploads\\\/2019\\\/05\\\/Untitled.jpg\",\"width\":174,\"height\":180,\"caption\":\"Floridians for Reproductive Freedom\"},\"image\":{\"@id\":\"https:\\\/\\\/floridareprofreedom.org\\\/#\\\/schema\\\/logo\\\/image\\\/\"},\"sameAs\":[\"https:\\\/\\\/www.facebook.com\\\/FloridaReproFreedom\\\/\",\"https:\\\/\\\/x.com\\\/FLReproFreedom\",\"https:\\\/\\\/www.instagram.com\\\/floridareprofreedom\\\/\"]}]}<\/script>\n<!-- \/ Yoast SEO plugin. -->","yoast_head_json":{"title":"B\u1ea1n c\u00f3 th\u1ec3 l\u00e0m g\u00ec v\u1edbi t\u00f4i? - Ng\u01b0\u1eddi d\u00e2n Florida v\u00ec t\u1ef1 do sinh s\u1ea3n","description":"Si w pa ka jwenn p\u00e8misyon paran w oswa mande paran w, ou ka f\u00e8 yon av\u00f2tman san okenn paran w pa enplike si w ale nan Tribinal epi yo ba wyon \u201cegzansyon jidisy\u00e8\u201d.","robots":{"index":"index","follow":"follow","max-snippet":"max-snippet:-1","max-image-preview":"max-image-preview:large","max-video-preview":"max-video-preview:-1"},"canonical":"https:\/\/floridareprofreedom.org\/vi\/bo-qua-tu-phap\/egzansyon-jidisye-an-florid\/ki-fomile-mwen-bezwen\/","og_locale":"vi_VN","og_type":"article","og_title":"Ki f\u00f2mile mwen bezwen? - Floridians For Reproductive Freedom","og_description":"Si w pa ka jwenn p\u00e8misyon paran w oswa mande paran w, ou ka f\u00e8 yon av\u00f2tman san okenn paran w pa enplike si w ale nan tribinal epi yo ba w yon \u201cegzansyon jidisy\u00e8\u201d.","og_url":"https:\/\/floridareprofreedom.org\/vi\/bo-qua-tu-phap\/egzansyon-jidisye-an-florid\/ki-fomile-mwen-bezwen\/","og_site_name":"Floridians For Reproductive Freedom","article_publisher":"https:\/\/www.facebook.com\/FloridaReproFreedom\/","twitter_card":"summary_large_image","twitter_site":"@FLReproFreedom","twitter_misc":{"\u01af\u1edbc t\u00ednh th\u1eddi gian \u0111\u1ecdc":"2 ph\u00fat"},"schema":{"@context":"https:\/\/schema.org","@graph":[{"@type":"WebPage","@id":"https:\/\/floridareprofreedom.org\/judicialbypass\/egzansyon-jidisye-an-florid\/ki-fomile-mwen-bezwen\/","url":"https:\/\/floridareprofreedom.org\/judicialbypass\/egzansyon-jidisye-an-florid\/ki-fomile-mwen-bezwen\/","name":"B\u1ea1n c\u00f3 th\u1ec3 l\u00e0m g\u00ec v\u1edbi t\u00f4i? - Ng\u01b0\u1eddi d\u00e2n Florida v\u00ec t\u1ef1 do sinh s\u1ea3n","isPartOf":{"@id":"https:\/\/floridareprofreedom.org\/#website"},"datePublished":"2024-01-02T22:21:50+00:00","description":"Si w pa ka jwenn p\u00e8misyon paran w oswa mande paran w, ou ka f\u00e8 yon av\u00f2tman san okenn paran w pa enplike si w ale nan Tribinal epi yo ba wyon \u201cegzansyon jidisy\u00e8\u201d.","breadcrumb":{"@id":"https:\/\/floridareprofreedom.org\/judicialbypass\/egzansyon-jidisye-an-florid\/ki-fomile-mwen-bezwen\/#breadcrumb"},"inLanguage":"vi","potentialAction":[{"@type":"ReadAction","target":["https:\/\/floridareprofreedom.org\/judicialbypass\/egzansyon-jidisye-an-florid\/ki-fomile-mwen-bezwen\/"]}]},{"@type":"BreadcrumbList","@id":"https:\/\/floridareprofreedom.org\/judicialbypass\/egzansyon-jidisye-an-florid\/ki-fomile-mwen-bezwen\/#breadcrumb","itemListElement":[{"@type":"ListItem","position":1,"name":"Home","item":"https:\/\/floridareprofreedom.org\/"},{"@type":"ListItem","position":2,"name":"Judicial Bypass in Florida","item":"https:\/\/floridareprofreedom.org\/judicialbypass\/"},{"@type":"ListItem","position":3,"name":"Egzansyon Jidisy\u00e8 an Florid","item":"https:\/\/floridareprofreedom.org\/judicialbypass\/egzansyon-jidisye-an-florid\/"},{"@type":"ListItem","position":4,"name":"Ki f\u00f2mile mwen bezwen?"}]},{"@type":"WebSite","@id":"https:\/\/floridareprofreedom.org\/#website","url":"https:\/\/floridareprofreedom.org\/","name":"Ng\u01b0\u1eddi Florida v\u00ec T\u1ef1 do Sinh s\u1ea3n","description":"V\u1eadn \u0111\u1ed9ng cho vi\u1ec7c ti\u1ebfp c\u1eadn d\u1ecbch v\u1ee5 ch\u0103m s\u00f3c s\u1ee9c kh\u1ecfe sinh s\u1ea3n, bao g\u1ed3m c\u1ea3 ph\u00e1 thai, m\u1ed9t c\u00e1ch thu\u1eadn ti\u1ec7n, gi\u00e1 c\u1ea3 ph\u1ea3i ch\u0103ng v\u00e0 an to\u00e0n.","publisher":{"@id":"https:\/\/floridareprofreedom.org\/#organization"},"potentialAction":[{"@type":"SearchAction","target":{"@type":"EntryPoint","urlTemplate":"https:\/\/floridareprofreedom.org\/?s={search_term_string}"},"query-input":{"@type":"PropertyValueSpecification","valueRequired":true,"valueName":"search_term_string"}}],"inLanguage":"vi"},{"@type":"Organization","@id":"https:\/\/floridareprofreedom.org\/#organization","name":"Ng\u01b0\u1eddi Florida v\u00ec T\u1ef1 do Sinh s\u1ea3n","url":"https:\/\/floridareprofreedom.org\/","logo":{"@type":"ImageObject","inLanguage":"vi","@id":"https:\/\/floridareprofreedom.org\/#\/schema\/logo\/image\/","url":"https:\/\/floridareprofreedom.org\/wp-content\/uploads\/2019\/05\/Untitled.jpg","contentUrl":"https:\/\/floridareprofreedom.org\/wp-content\/uploads\/2019\/05\/Untitled.jpg","width":174,"height":180,"caption":"Floridians for Reproductive Freedom"},"image":{"@id":"https:\/\/floridareprofreedom.org\/#\/schema\/logo\/image\/"},"sameAs":["https:\/\/www.facebook.com\/FloridaReproFreedom\/","https:\/\/x.com\/FLReproFreedom","https:\/\/www.instagram.com\/floridareprofreedom\/"]}]}},"_links":{"self":[{"href":"https:\/\/floridareprofreedom.org\/vi\/wp-json\/wp\/v2\/pages\/3170","targetHints":{"allow":["GET"]}}],"collection":[{"href":"https:\/\/floridareprofreedom.org\/vi\/wp-json\/wp\/v2\/pages"}],"about":[{"href":"https:\/\/floridareprofreedom.org\/vi\/wp-json\/wp\/v2\/types\/page"}],"author":[{"embeddable":true,"href":"https:\/\/floridareprofreedom.org\/vi\/wp-json\/wp\/v2\/users\/7"}],"replies":[{"embeddable":true,"href":"https:\/\/floridareprofreedom.org\/vi\/wp-json\/wp\/v2\/comments?post=3170"}],"version-history":[{"count":1,"href":"https:\/\/floridareprofreedom.org\/vi\/wp-json\/wp\/v2\/pages\/3170\/revisions"}],"predecessor-version":[{"id":3171,"href":"https:\/\/floridareprofreedom.org\/vi\/wp-json\/wp\/v2\/pages\/3170\/revisions\/3171"}],"up":[{"embeddable":true,"href":"https:\/\/floridareprofreedom.org\/vi\/wp-json\/wp\/v2\/pages\/3142"}],"wp:attachment":[{"href":"https:\/\/floridareprofreedom.org\/vi\/wp-json\/wp\/v2\/media?parent=3170"}],"wp:term":[{"taxonomy":"folder","embeddable":true,"href":"https:\/\/floridareprofreedom.org\/vi\/wp-json\/wp\/v2\/folder?post=3170"}],"curies":[{"name":"wp","href":"https:\/\/api.w.org\/{rel}","templated":true}]}}