{"id":3174,"date":"2024-01-02T22:28:39","date_gmt":"2024-01-02T22:28:39","guid":{"rendered":"https:\/\/floridareprofreedom.org\/?page_id=3174"},"modified":"2024-01-02T22:57:54","modified_gmt":"2024-01-02T22:57:54","slug":"kisa-jij-la-pral-konsidere","status":"publish","type":"page","link":"https:\/\/floridareprofreedom.org\/vi\/judicialbypass\/egzansyon-jidisye-an-florid\/kisa-jij-la-pral-konsidere\/","title":{"rendered":"Kisa jij la pral konsidere?"},"content":{"rendered":"<p><span style=\"font-weight: 400;\">C\u00f3 hai c\u00e1ch kh\u00e1c nhau m\u00e0 b\u1ea1n c\u00f3 th\u1ec3 l\u00e0m \u0111\u01b0\u1ee3c n\u1ebfu mu\u1ed1n. <strong>B\u1ea1n c\u00f3 th\u1ec3 l\u00e0m \u0111i\u1ec1u \u0111\u00f3 v\u1edbi b\u1ea1n v\u00e0 b\u1ea1n c\u0169ng v\u1eady.<\/strong> Si plis pase youn nan twa rezon sila yo aplike pou ou, ou ta dwe eksplike chak rezon ki aplikab yo. B\u1ea1n mu\u1ed1n bi\u1ebft \u0111i\u1ec1u g\u00ec:<\/span><\/p>\n<p><b>Ke ou gen ase matirite<\/b><\/p>\n<ul>\n<li style=\"font-weight: 400;\" aria-level=\"1\"><span style=\"font-weight: 400;\">Pou pwouve ke ou gen ase matirite pou ou pran desizyon sispann gwos\u00e8s ou, ou ap bezwen montre sa ak \u201d pr\u00e8v ki kl\u00e8 epi konvenkan .\u201d Sa vle di ke li dwe gen anpil chans pase paske ou gen matirite ase pou pran desizyon sa a poukont ou.<\/span><\/li>\n<li style=\"font-weight: 400;\" aria-level=\"1\"><span style=\"font-weight: 400;\">Pou det\u00e8mine si ou gen ase matirite pou pran desizyon sa a poukont ou, lalwa Florid mande pou jij la konsidere sa yo:<\/span><\/li>\n<\/ul>\n<ul>\n<li style=\"list-style-type: none;\">\n<ul>\n<li style=\"font-weight: 400;\" aria-level=\"1\"><span style=\"font-weight: 400;\">laj<\/span><\/li>\n<li style=\"font-weight: 400;\" aria-level=\"1\"><span style=\"font-weight: 400;\">ent\u00e8lijans jeneral<\/span><\/li>\n<li style=\"font-weight: 400;\" aria-level=\"1\"><span style=\"font-weight: 400;\">nh\u00e0 ph\u00e1t tri\u1ec3n c\u1ea3m x\u00fac v\u00e0 s\u1ef1 \u1ed5n \u0111\u1ecbnh<\/span><\/li>\n<li style=\"font-weight: 400;\" aria-level=\"1\"><span style=\"font-weight: 400;\">kredibilite ak fason ou aji<\/span><\/li>\n<li style=\"font-weight: 400;\" aria-level=\"1\"><span style=\"font-weight: 400;\">kh\u1ea3 n\u0103ng \u0111\u00e1p \u1ee9ng c\u1ee7a kapasite<\/span><\/li>\n<li style=\"font-weight: 400;\" aria-level=\"1\"><span style=\"font-weight: 400;\">kh\u1ea3 n\u0103ng c\u00f3 th\u1ec3 gi\u00fap b\u1ea1n c\u00f3 \u0111\u01b0\u1ee3c k\u1ebf ho\u1ea1ch ngay l\u1eadp t\u1ee9c v\u00e0 c\u0169ng c\u00f3 th\u1ec3 l\u00e0 m\u1ed9t \u0111i\u1ec1u tuy\u1ec7t v\u1eddi cho b\u1ea1n<\/span><\/li>\n<li style=\"font-weight: 400;\" aria-level=\"1\"><span style=\"font-weight: 400;\">kapasite pou konprann epi eksplike r\u1ee7i ro y t\u1ebf ki genyen nan sisspann gwos\u00e8s ou, ak kapasite pou aplike konpreyansyon sa a nan desizyon ou.<\/span><\/li>\n<\/ul>\n<\/li>\n<\/ul>\n<ul>\n<li style=\"font-weight: 400;\" aria-level=\"1\"><span style=\"font-weight: 400;\">Lalwa egzije pou jij la deside ke pa gen okenn \u201cabi enfliyans\u201d pa yon l\u00f2t moun sou desizyon ou pou f\u00e8 yon av\u00f2tman an. Enfliyans san rezon se yon l\u00f2t moun ki f\u00f2se ou pran desizyon sa a si se pa desizyon ou vle pran an.<\/span><\/li>\n<\/ul>\n<ul>\n<li style=\"list-style-type: none;\">\n<ul>\n<li style=\"font-weight: 400;\" aria-level=\"1\"><span style=\"font-weight: 400;\">V\u00ed d\u1ee5, n\u1ebfu b\u1ea1n mu\u1ed1n, b\u1ea1n c\u00f3 th\u1ec3, oswa yon l\u00f2t moun ap eseye konvenk ou pou f\u00e8 yon av\u00f2tman l\u00e8 se pa sa ou vle f\u00e8 vre, Jij la ap konsidere sa l\u00e8 li deside si li ap ak\u00f2de oswa refize nhu c\u1ea7u ou pou egzansyon jidisy\u00e8 a. .<\/span><\/li>\n<\/ul>\n<\/li>\n<\/ul>\n<ul>\n<li style=\"font-weight: 400;\" aria-level=\"1\"><span style=\"font-weight: 400;\">Pou ede jij la pwouve ke ou ase matirite pou ou chwazi mete fen nan gwos\u00e8s ou san ou pa enplike yon paran, ou ta dwe bay jij la enf\u00f2masyon sou lek\u00f2l ou, patisipasyon kominote ou, eksperyans travay ou, ak plan konkr\u00e8 pou lavni ou, tankou plan pou ale nano kol\u00e8j oswa pouswiv yon s\u00e8ten kary\u00e8 oswa chemen pwofesyon\u00e8l ou.<\/span><\/li>\n<li style=\"font-weight: 400;\" aria-level=\"1\"><span style=\"font-weight: 400;\">Jij la ka mande si ou te nh\u1ea1t ak l\u00f2t granmoun ou f\u00e8 konfyans sou desizyon ou an. B\u1ea1n s\u1ebd c\u1ea3m th\u1ea5y th\u00edch th\u00fa khi c\u00f3 c\u01a1 h\u1ed9i ti\u1ebfp c\u1eadn v\u1edbi t\u00f4i n\u1ebfu b\u1ea1n mu\u1ed1n th\u1ef1c hi\u1ec7n \u0111i\u1ec1u \u0111\u00f3, b\u1ea1n c\u00f3 th\u1ec3 l\u00e0m \u0111i\u1ec1u \u0111\u00f3 n\u1ebfu b\u1ea1n kh\u00f4ng mu\u1ed1n l\u00e0m \u0111i\u1ec1u \u0111\u00f3 v\u1edbi b\u1ea1n.<\/span><\/li>\n<li style=\"font-weight: 400;\" aria-level=\"1\"><span style=\"font-weight: 400;\">H\u00e3y chu\u1ea9n b\u1ecb ou pou ou eksplike kijan ou ap peye depans pou av\u00f2tman an poukont ou, san ou pa jwenn \u00e8d paran ou.<\/span><\/li>\n<li style=\"font-weight: 400;\" aria-level=\"1\"><span style=\"font-weight: 400;\">B\u1ea1n jij ka vle tou pou w\u00e8 ke ou te x\u1ebfp h\u1ea1ng ak yon dokt\u00e8 epi konnen sou pwosedi a akrisk ki genyen nan f\u00e8 pwosedi a.<\/span><\/li>\n<li style=\"font-weight: 400;\" aria-level=\"1\"><span style=\"font-weight: 400;\">Pafwa jij yo konn deside ke yon min\u00e8 pa gen ase matirite pou deside f\u00e8 yon av\u00f2tman san yo pa enplike yon paran. Sa rive l\u00e8 min\u00e8 a pa t kapab qu\u1ef7tre:<\/span><\/li>\n<\/ul>\n<ul>\n<li style=\"list-style-type: none;\">\n<ul>\n<li style=\"font-weight: 400;\" aria-level=\"1\"><span style=\"font-weight: 400;\">nenp\u00f2t konesans kons\u00e8nan r\u1ee7i ro espesifik fizik, emosyon\u00e8l, oswa sikolojik imedya oswa alont\u00e8m pou f\u00e8 yon av\u00f2tman,<\/span><\/li>\n<li style=\"font-weight: 400;\" aria-level=\"1\"><span style=\"font-weight: 400;\">pr\u00e8v ke yo te ch\u00e8che kons\u00e8y oswa ng\u1ee5m emosyon\u00e8l nan men nenp\u00f2t adilt,<\/span><\/li>\n<li style=\"font-weight: 400;\" aria-level=\"1\"><span style=\"font-weight: 400;\">kisa li ta f\u00e8 si nenp\u00f2t konplikasyon fizik oswa emosyon\u00e8l rive nan av\u00f2tman,<\/span><\/li>\n<li style=\"font-weight: 400;\" aria-level=\"1\"><span style=\"font-weight: 400;\">konesans sou kisa eksperyans av\u00f2tman v\u00e0 oswa konplikasyon potansy\u00e8l yo.<\/span><\/li>\n<\/ul>\n<\/li>\n<\/ul>\n<ul>\n<li style=\"font-weight: 400;\" aria-level=\"1\"><span style=\"font-weight: 400;\">Tribinal Laflorid yo te det\u00e8mine matirite l\u00e8 yo tyre \u201cenferans\u201d ki soti nan konpozisyon min\u00e8 a, kapasite analiz, aparans, refleksyon, ton vwa, ekspresyon, ak kapasite li pou eksprime rez\u00f2nman ak konklizyon li. Tribinal yo ka konsidere tou eksperyans ou tankou eksperyans travay anvan, eksperyans l\u00e8 ou tap viv lwen kay ou, oswa eksperyans nan jere finans p\u00e8son\u00e8l.<\/span><\/li>\n<li style=\"font-weight: 400;\" aria-level=\"1\"><span style=\"font-weight: 400;\">Chak min\u00e8 diferan, epi yo ta dwe deside matirite dapre sikonstans p\u00e8son\u00e8l chak moun ak istwa lavi yo, olye yon s\u00e8l estanda matirite.<\/span><\/li>\n<\/ul>\n<p><b>\u00a0Ke ou se yon moun ki viktim abi<\/b><\/p>\n<ul>\n<li style=\"font-weight: 400;\" aria-level=\"1\"><span style=\"font-weight: 400;\">N\u1ebfu b\u1ea1n ap eseye pwouve ke yon paran oswa yon gadyen te abize ou, b\u1ea1n ap bezwen pwouve sa bay jij la pa yon \u201cpreponderans nan pr\u00e8v.\u201d Sa vle di jij la bezwen tande ke li gen plis chans paske ou te soufri abi sa a. Li ka difisil pou ou di jij la egzakteman ki sa abi a te ye, men li enp\u00f2tan pou ou di laverite epi bay jij la detay espesifik pou li ka konprann poukisa ou vle sispann gwos\u00e8s ou.<\/span><\/li>\n<li style=\"font-weight: 400;\" aria-level=\"1\"><span style=\"font-weight: 400;\">L\u00e0m l\u1ea1i byen ke si tribinal la jwenn pr\u00e8v abi sou timoun oswa abi seksy\u00e8l pa nenp\u00f2t moun, Tribinal la gen obligasyon dapr\u00e8 lalwa pou rap\u00f2te pr\u00e8v abi sou timoun oswa abi seksy\u00e8l.<\/span><\/li>\n<\/ul>\n<p><b>Ke li nan pi bon enter\u00e8 ou<\/b><\/p>\n<ul>\n<li style=\"font-weight: 400;\" aria-level=\"1\"><span style=\"font-weight: 400;\">N\u1ebfu b\u1ea1n ap eseye pwouve enplikasyon paran (oswa gadyen legal) sou gwos\u00e8s ou a pa nan pi bon enter\u00e8 ou, b\u1ea1n ap oblije pwouve sa bay jij la l\u00e8 l s\u00e8vi av\u00e8k pr\u00e8v kl\u00e8 ak konvenkan. Tr\u01b0\u1edbc ti\u00ean h\u00e3y h\u1ecfi t\u00f4i v\u1ec1 c\u00e1ch b\u1ea1n c\u00f3 th\u1ec3 l\u00e0m vi\u1ec7c v\u1edbi t\u00f4i sau khi b\u1ea1n c\u00f3 th\u1ec3 l\u00e0m \u0111i\u1ec1u \u0111\u00f3.<\/span><\/li>\n<li style=\"font-weight: 400;\" aria-level=\"1\"><span style=\"font-weight: 400;\">Tribinal Florid yo pa konsidere laper\u00e8z ou pou yo enplike yon paran se yon rezon ase pou jwenn sa ke ou bezwen yon egzansyon jidisy\u00e8 nan egzijans avi a. Gen yon laper\u00e8z jeneral ke yon paran pa pral konprann av\u00f2tman oswa tonbe fache sou gwos\u00e8s ou a anjeneral pa ase pou etabli ke li nan pi bon enter\u00e8 ou pa enplike paran ou oswa gadyen.<\/span><\/li>\n<li style=\"font-weight: 400;\" aria-level=\"1\"><span style=\"font-weight: 400;\">Plizy\u00e8 Tribinal nan Eta Florid te baze desizyon yo pou det\u00e8mine ke yon egzansyon jidisy\u00e8 se nan pi bon enter\u00e8 min\u00e8 a l\u00e8 yo konsidere fakt\u00e8 sa yo:<\/span><\/li>\n<\/ul>\n<ul>\n<li style=\"list-style-type: none;\">\n<ul>\n<li style=\"font-weight: 400;\" aria-level=\"1\"><span style=\"font-weight: 400;\">h\u00e3y l\u00e0m cho t\u00f4i c\u1ea3m th\u1ea5y tho\u1ea3i m\u00e1i h\u01a1n;<\/span><\/li>\n<li style=\"font-weight: 400;\" aria-level=\"1\"><span style=\"font-weight: 400;\">posiblite pou entimidasyon, l\u00f2t blesi emosyon\u00e8l, oswa danje fizik pou min\u00e8 a;<\/span><\/li>\n<li style=\"font-weight: 400;\" aria-level=\"1\"><span style=\"font-weight: 400;\">s\u1ef1 \u1ed5n \u0111\u1ecbnh c\u00f3 th\u1ec3 x\u1ea3y ra v\u00e0 c\u00f3 kh\u1ea3 n\u0103ng b\u1ea1n s\u1ebd nh\u1eadn \u0111\u01b0\u1ee3c th\u00f4ng b\u00e1o v\u1ec1 ph\u1ea1m vi ho\u1ea1t \u0111\u1ed9ng c\u1ee7a m\u00ecnh v\u00e0 c\u00f3 th\u1ec3 khi\u1ebfn ng\u01b0\u1eddi h\u00e2m m\u1ed9 c\u1ee7a b\u1ea1n c\u1ea3m th\u1ea5y \u1ed5n \u0111\u1ecbnh;<\/span><\/li>\n<li style=\"font-weight: 400;\" aria-level=\"1\"><span style=\"font-weight: 400;\">relasyon ant paran yo ak min\u00e8 a ak ef\u00e8 notifikasyon sou relasyon sa a, epi<\/span><\/li>\n<li style=\"font-weight: 400;\" aria-level=\"1\"><span style=\"font-weight: 400;\">posibilite ke notifikasyon ka mennen paran yo h\u01b0u k\u00f2 yo emosyon\u00e8lman<\/span><\/li>\n<\/ul>\n<\/li>\n<\/ul>\n<p><span style=\"font-weight: 400;\"><br \/>\nGade tou \u201c<\/span><a href=\"https:\/\/floridareprofreedom.org\/vi\/bo-qua-tu-phap\/egzansyon-jidisye-an-florid\/ki-kalite-kesyon-jij-la-ap-poze-mwen\/\"><span style=\"font-weight: 400;\">Ki kalite kesyon jij la ap poze mwen<\/span><\/a><span style=\"font-weight: 400;\">?\u201d.<\/span><\/p>","protected":false},"excerpt":{"rendered":"<p>Gen twa rezon diferan ke yon jij pral deside bay yon baypas jidisy\u00e8. Ou dwe ka moutre omwen youn nan twa rezon sila yo. Si plis pase youn nan twa rezon sila yo aplike pou ou, ou ta dwe eksplike chak rezon ki aplikab yo. Twa rezon yo se: Ke ou gen ase matirite Pou [&hellip;]<\/p>\n","protected":false},"author":7,"featured_media":0,"parent":3142,"menu_order":0,"comment_status":"closed","ping_status":"closed","template":"","meta":{"footnotes":""},"folder":[35,8],"class_list":["post-3174","page","type-page","status-publish","hentry"],"yoast_head":"<!-- This site is optimized with the Yoast SEO plugin v27.3 - https:\/\/yoast.com\/product\/yoast-seo-wordpress\/ -->\n<title>Kisa jij la pral konsidere? - Floridians For Reproductive Freedom<\/title>\n<meta name=\"description\" content=\"Si w pa ka jwenn p\u00e8misyon paran w oswa mande paran w, ou ka f\u00e8 yon av\u00f2tman san okenn paran w pa enplike si w ale nan tribinal epi yo ba w yon \u201cegzansyon jidisy\u00e8\u201d.\" \/>\n<meta name=\"robots\" content=\"index, follow, max-snippet:-1, max-image-preview:large, max-video-preview:-1\" \/>\n<link rel=\"canonical\" href=\"https:\/\/floridareprofreedom.org\/vi\/bo-qua-tu-phap\/egzansyon-jidisye-an-florid\/kisa-jij-la-pral-konsidere\/\" \/>\n<meta property=\"og:locale\" content=\"vi_VN\" \/>\n<meta property=\"og:type\" content=\"article\" \/>\n<meta property=\"og:title\" content=\"Kisa jij la pral konsidere? - Floridians For Reproductive Freedom\" \/>\n<meta property=\"og:description\" content=\"Si w pa ka jwenn p\u00e8misyon paran w oswa mande paran w, ou ka f\u00e8 yon av\u00f2tman san okenn paran w pa enplike si w ale nan tribinal epi yo ba w yon \u201cegzansyon jidisy\u00e8\u201d.\" \/>\n<meta property=\"og:url\" content=\"https:\/\/floridareprofreedom.org\/vi\/bo-qua-tu-phap\/egzansyon-jidisye-an-florid\/kisa-jij-la-pral-konsidere\/\" \/>\n<meta property=\"og:site_name\" content=\"Floridians For Reproductive Freedom\" \/>\n<meta property=\"article:publisher\" content=\"https:\/\/www.facebook.com\/FloridaReproFreedom\/\" \/>\n<meta property=\"article:modified_time\" content=\"2024-01-02T22:57:54+00:00\" \/>\n<meta name=\"twitter:card\" content=\"summary_large_image\" \/>\n<meta name=\"twitter:site\" content=\"@FLReproFreedom\" \/>\n<meta name=\"twitter:label1\" content=\"\u01af\u1edbc t\u00ednh th\u1eddi gian \u0111\u1ecdc\" \/>\n\t<meta name=\"twitter:data1\" content=\"5 ph\u00fat\" \/>\n<script type=\"application\/ld+json\" class=\"yoast-schema-graph\">{\"@context\":\"https:\\\/\\\/schema.org\",\"@graph\":[{\"@type\":\"WebPage\",\"@id\":\"https:\\\/\\\/floridareprofreedom.org\\\/judicialbypass\\\/egzansyon-jidisye-an-florid\\\/kisa-jij-la-pral-konsidere\\\/\",\"url\":\"https:\\\/\\\/floridareprofreedom.org\\\/judicialbypass\\\/egzansyon-jidisye-an-florid\\\/kisa-jij-la-pral-konsidere\\\/\",\"name\":\"Kisa jij la pral konsidere? - Floridians For Reproductive Freedom\",\"isPartOf\":{\"@id\":\"https:\\\/\\\/floridareprofreedom.org\\\/#website\"},\"datePublished\":\"2024-01-02T22:28:39+00:00\",\"dateModified\":\"2024-01-02T22:57:54+00:00\",\"description\":\"Si w pa ka jwenn p\u00e8misyon paran w oswa mande paran w, ou ka f\u00e8 yon av\u00f2tman san okenn paran w pa enplike si w ale nan tribinal epi yo ba w yon \u201cegzansyon jidisy\u00e8\u201d.\",\"breadcrumb\":{\"@id\":\"https:\\\/\\\/floridareprofreedom.org\\\/judicialbypass\\\/egzansyon-jidisye-an-florid\\\/kisa-jij-la-pral-konsidere\\\/#breadcrumb\"},\"inLanguage\":\"vi\",\"potentialAction\":[{\"@type\":\"ReadAction\",\"target\":[\"https:\\\/\\\/floridareprofreedom.org\\\/judicialbypass\\\/egzansyon-jidisye-an-florid\\\/kisa-jij-la-pral-konsidere\\\/\"]}]},{\"@type\":\"BreadcrumbList\",\"@id\":\"https:\\\/\\\/floridareprofreedom.org\\\/judicialbypass\\\/egzansyon-jidisye-an-florid\\\/kisa-jij-la-pral-konsidere\\\/#breadcrumb\",\"itemListElement\":[{\"@type\":\"ListItem\",\"position\":1,\"name\":\"Home\",\"item\":\"https:\\\/\\\/floridareprofreedom.org\\\/\"},{\"@type\":\"ListItem\",\"position\":2,\"name\":\"Judicial Bypass in Florida\",\"item\":\"https:\\\/\\\/floridareprofreedom.org\\\/judicialbypass\\\/\"},{\"@type\":\"ListItem\",\"position\":3,\"name\":\"Egzansyon Jidisy\u00e8 an Florid\",\"item\":\"https:\\\/\\\/floridareprofreedom.org\\\/judicialbypass\\\/egzansyon-jidisye-an-florid\\\/\"},{\"@type\":\"ListItem\",\"position\":4,\"name\":\"Kisa jij la pral konsidere?\"}]},{\"@type\":\"WebSite\",\"@id\":\"https:\\\/\\\/floridareprofreedom.org\\\/#website\",\"url\":\"https:\\\/\\\/floridareprofreedom.org\\\/\",\"name\":\"Floridians For Reproductive Freedom\",\"description\":\"Advocating for convenient, affordable, and safe access to reproductive health care, including abortion.\",\"publisher\":{\"@id\":\"https:\\\/\\\/floridareprofreedom.org\\\/#organization\"},\"potentialAction\":[{\"@type\":\"SearchAction\",\"target\":{\"@type\":\"EntryPoint\",\"urlTemplate\":\"https:\\\/\\\/floridareprofreedom.org\\\/?s={search_term_string}\"},\"query-input\":{\"@type\":\"PropertyValueSpecification\",\"valueRequired\":true,\"valueName\":\"search_term_string\"}}],\"inLanguage\":\"vi\"},{\"@type\":\"Organization\",\"@id\":\"https:\\\/\\\/floridareprofreedom.org\\\/#organization\",\"name\":\"Floridians for Reproductive Freedom\",\"url\":\"https:\\\/\\\/floridareprofreedom.org\\\/\",\"logo\":{\"@type\":\"ImageObject\",\"inLanguage\":\"vi\",\"@id\":\"https:\\\/\\\/floridareprofreedom.org\\\/#\\\/schema\\\/logo\\\/image\\\/\",\"url\":\"https:\\\/\\\/floridareprofreedom.org\\\/wp-content\\\/uploads\\\/2019\\\/05\\\/Untitled.jpg\",\"contentUrl\":\"https:\\\/\\\/floridareprofreedom.org\\\/wp-content\\\/uploads\\\/2019\\\/05\\\/Untitled.jpg\",\"width\":174,\"height\":180,\"caption\":\"Floridians for Reproductive Freedom\"},\"image\":{\"@id\":\"https:\\\/\\\/floridareprofreedom.org\\\/#\\\/schema\\\/logo\\\/image\\\/\"},\"sameAs\":[\"https:\\\/\\\/www.facebook.com\\\/FloridaReproFreedom\\\/\",\"https:\\\/\\\/x.com\\\/FLReproFreedom\",\"https:\\\/\\\/www.instagram.com\\\/floridareprofreedom\\\/\"]}]}<\/script>\n<!-- \/ Yoast SEO plugin. -->","yoast_head_json":{"title":"Kisa jij la pral konsidere? - Ng\u01b0\u1eddi d\u00e2n Florida v\u00ec t\u1ef1 do sinh s\u1ea3n","description":"Si w pa ka jwenn p\u00e8misyon paran w oswa mande paran w, ou ka f\u00e8 yon av\u00f2tman san okenn paran w pa enplike si w ale nan Tribinal epi yo ba wyon \u201cegzansyon jidisy\u00e8\u201d.","robots":{"index":"index","follow":"follow","max-snippet":"max-snippet:-1","max-image-preview":"max-image-preview:large","max-video-preview":"max-video-preview:-1"},"canonical":"https:\/\/floridareprofreedom.org\/vi\/bo-qua-tu-phap\/egzansyon-jidisye-an-florid\/kisa-jij-la-pral-konsidere\/","og_locale":"vi_VN","og_type":"article","og_title":"Kisa jij la pral konsidere? - Floridians For Reproductive Freedom","og_description":"Si w pa ka jwenn p\u00e8misyon paran w oswa mande paran w, ou ka f\u00e8 yon av\u00f2tman san okenn paran w pa enplike si w ale nan tribinal epi yo ba w yon \u201cegzansyon jidisy\u00e8\u201d.","og_url":"https:\/\/floridareprofreedom.org\/vi\/bo-qua-tu-phap\/egzansyon-jidisye-an-florid\/kisa-jij-la-pral-konsidere\/","og_site_name":"Floridians For Reproductive Freedom","article_publisher":"https:\/\/www.facebook.com\/FloridaReproFreedom\/","article_modified_time":"2024-01-02T22:57:54+00:00","twitter_card":"summary_large_image","twitter_site":"@FLReproFreedom","twitter_misc":{"\u01af\u1edbc t\u00ednh th\u1eddi gian \u0111\u1ecdc":"5 ph\u00fat"},"schema":{"@context":"https:\/\/schema.org","@graph":[{"@type":"WebPage","@id":"https:\/\/floridareprofreedom.org\/judicialbypass\/egzansyon-jidisye-an-florid\/kisa-jij-la-pral-konsidere\/","url":"https:\/\/floridareprofreedom.org\/judicialbypass\/egzansyon-jidisye-an-florid\/kisa-jij-la-pral-konsidere\/","name":"Kisa jij la pral konsidere? - Ng\u01b0\u1eddi d\u00e2n Florida v\u00ec t\u1ef1 do sinh s\u1ea3n","isPartOf":{"@id":"https:\/\/floridareprofreedom.org\/#website"},"datePublished":"2024-01-02T22:28:39+00:00","dateModified":"2024-01-02T22:57:54+00:00","description":"Si w pa ka jwenn p\u00e8misyon paran w oswa mande paran w, ou ka f\u00e8 yon av\u00f2tman san okenn paran w pa enplike si w ale nan Tribinal epi yo ba wyon \u201cegzansyon jidisy\u00e8\u201d.","breadcrumb":{"@id":"https:\/\/floridareprofreedom.org\/judicialbypass\/egzansyon-jidisye-an-florid\/kisa-jij-la-pral-konsidere\/#breadcrumb"},"inLanguage":"vi","potentialAction":[{"@type":"ReadAction","target":["https:\/\/floridareprofreedom.org\/judicialbypass\/egzansyon-jidisye-an-florid\/kisa-jij-la-pral-konsidere\/"]}]},{"@type":"BreadcrumbList","@id":"https:\/\/floridareprofreedom.org\/judicialbypass\/egzansyon-jidisye-an-florid\/kisa-jij-la-pral-konsidere\/#breadcrumb","itemListElement":[{"@type":"ListItem","position":1,"name":"Home","item":"https:\/\/floridareprofreedom.org\/"},{"@type":"ListItem","position":2,"name":"Judicial Bypass in Florida","item":"https:\/\/floridareprofreedom.org\/judicialbypass\/"},{"@type":"ListItem","position":3,"name":"Egzansyon Jidisy\u00e8 an Florid","item":"https:\/\/floridareprofreedom.org\/judicialbypass\/egzansyon-jidisye-an-florid\/"},{"@type":"ListItem","position":4,"name":"Kisa jij la pral konsidere?"}]},{"@type":"WebSite","@id":"https:\/\/floridareprofreedom.org\/#website","url":"https:\/\/floridareprofreedom.org\/","name":"Ng\u01b0\u1eddi Florida v\u00ec T\u1ef1 do Sinh s\u1ea3n","description":"V\u1eadn \u0111\u1ed9ng cho vi\u1ec7c ti\u1ebfp c\u1eadn d\u1ecbch v\u1ee5 ch\u0103m s\u00f3c s\u1ee9c kh\u1ecfe sinh s\u1ea3n, bao g\u1ed3m c\u1ea3 ph\u00e1 thai, m\u1ed9t c\u00e1ch thu\u1eadn ti\u1ec7n, gi\u00e1 c\u1ea3 ph\u1ea3i ch\u0103ng v\u00e0 an to\u00e0n.","publisher":{"@id":"https:\/\/floridareprofreedom.org\/#organization"},"potentialAction":[{"@type":"SearchAction","target":{"@type":"EntryPoint","urlTemplate":"https:\/\/floridareprofreedom.org\/?s={search_term_string}"},"query-input":{"@type":"PropertyValueSpecification","valueRequired":true,"valueName":"search_term_string"}}],"inLanguage":"vi"},{"@type":"Organization","@id":"https:\/\/floridareprofreedom.org\/#organization","name":"Ng\u01b0\u1eddi Florida v\u00ec T\u1ef1 do Sinh s\u1ea3n","url":"https:\/\/floridareprofreedom.org\/","logo":{"@type":"ImageObject","inLanguage":"vi","@id":"https:\/\/floridareprofreedom.org\/#\/schema\/logo\/image\/","url":"https:\/\/floridareprofreedom.org\/wp-content\/uploads\/2019\/05\/Untitled.jpg","contentUrl":"https:\/\/floridareprofreedom.org\/wp-content\/uploads\/2019\/05\/Untitled.jpg","width":174,"height":180,"caption":"Floridians for Reproductive Freedom"},"image":{"@id":"https:\/\/floridareprofreedom.org\/#\/schema\/logo\/image\/"},"sameAs":["https:\/\/www.facebook.com\/FloridaReproFreedom\/","https:\/\/x.com\/FLReproFreedom","https:\/\/www.instagram.com\/floridareprofreedom\/"]}]}},"_links":{"self":[{"href":"https:\/\/floridareprofreedom.org\/vi\/wp-json\/wp\/v2\/pages\/3174","targetHints":{"allow":["GET"]}}],"collection":[{"href":"https:\/\/floridareprofreedom.org\/vi\/wp-json\/wp\/v2\/pages"}],"about":[{"href":"https:\/\/floridareprofreedom.org\/vi\/wp-json\/wp\/v2\/types\/page"}],"author":[{"embeddable":true,"href":"https:\/\/floridareprofreedom.org\/vi\/wp-json\/wp\/v2\/users\/7"}],"replies":[{"embeddable":true,"href":"https:\/\/floridareprofreedom.org\/vi\/wp-json\/wp\/v2\/comments?post=3174"}],"version-history":[{"count":3,"href":"https:\/\/floridareprofreedom.org\/vi\/wp-json\/wp\/v2\/pages\/3174\/revisions"}],"predecessor-version":[{"id":3187,"href":"https:\/\/floridareprofreedom.org\/vi\/wp-json\/wp\/v2\/pages\/3174\/revisions\/3187"}],"up":[{"embeddable":true,"href":"https:\/\/floridareprofreedom.org\/vi\/wp-json\/wp\/v2\/pages\/3142"}],"wp:attachment":[{"href":"https:\/\/floridareprofreedom.org\/vi\/wp-json\/wp\/v2\/media?parent=3174"}],"wp:term":[{"taxonomy":"folder","embeddable":true,"href":"https:\/\/floridareprofreedom.org\/vi\/wp-json\/wp\/v2\/folder?post=3174"}],"curies":[{"name":"wp","href":"https:\/\/api.w.org\/{rel}","templated":true}]}}