{"id":3181,"date":"2024-01-02T22:39:21","date_gmt":"2024-01-02T22:39:21","guid":{"rendered":"https:\/\/floridareprofreedom.org\/?page_id=3181"},"modified":"2024-01-02T22:39:21","modified_gmt":"2024-01-02T22:39:21","slug":"eske-sa-koute-kob-pou-mwen-applike-pou-yon-egzansyon-jidisye","status":"publish","type":"page","link":"https:\/\/floridareprofreedom.org\/vi\/judicialbypass\/egzansyon-jidisye-an-florid\/eske-sa-koute-kob-pou-mwen-applike-pou-yon-egzansyon-jidisye\/","title":{"rendered":"B\u1ea1n c\u00f3 n\u00ean s\u1eed d\u1ee5ng \u1ee9ng d\u1ee5ng n\u00e0y kh\u00f4ng?"},"content":{"rendered":"<p><span style=\"font-weight: 400;\">Pa gen okenn fr\u00e8 legal l\u00e8 wap applike pou egzansyon jidisy\u00e8 nan hoa m\u1ef9. Si ou vle yon avoka Tribinal la chwazi pou edew, Ou pap peye pou sa. (<a href=\"https:\/\/floridareprofreedom.org\/vi\/bo-qua-tu-phap\/egzansyon-jidisye-an-florid\/eske-mwen-bezwen-yon-avoka\/\">B\u1ea1n c\u00f3 mu\u1ed1n l\u00e0m \u0111i\u1ec1u \u0111\u00f3 kh\u00f4ng? Pou plis enf\u00f2masyon<\/a>).<\/span><\/p>\n<p><span style=\"font-weight: 400;\">Nan k\u00e8k t\u00f2a \u00e1n Ou ka bezwen Peye pouw pake.<\/span><\/p>\n<p><span style=\"font-weight: 400;\">Wap gen pouw peye randevou klinik la pou pwosedi a. N\u1ebfu b\u1ea1n l\u00e0 ng\u01b0\u1eddi c\u00f3 kh\u1ea3 n\u0103ng s\u1ebd ph\u1ea3i tr\u1ea3 ti\u1ec1n cho b\u1ea1n, b\u1ea1n s\u1ebd b\u1ecb k\u1eb9tk rezo ng\u01b0\u1eddi t\u00e0i ch\u00ednh lokal v\u00e0 b\u1ea1n c\u00f3 th\u1ec3 g\u1eb7p kh\u00f3 kh\u0103n. (Gade lis ki anba a).<\/span><\/p>\n<p><span style=\"font-weight: 400;\">Oubyen tou ou kapab mande klinik oubyen moun kap f\u00e8 av\u00f2tman an pou ou a, si yo kapab edew peye pou li .\u00a0<\/span><\/p>\n<ul>\n<li style=\"font-weight: 400;\" aria-level=\"1\"><a href=\"https:\/\/www.prochoice.org\/\"><span style=\"font-weight: 400;\">Li\u00ean \u0111o\u00e0n ph\u00e1 thai qu\u1ed1c gia<\/span><\/a><span style=\"font-weight: 400;\">: 1-800-772-9100<\/span><\/li>\n<li style=\"font-weight: 400;\" aria-level=\"1\"><a href=\"https:\/\/www.plannedparenthood.org\/teens\"><span style=\"font-weight: 400;\">K\u1ebf ho\u1ea1ch h\u00f3a gia \u0111\u00ecnh<\/span><\/a><span style=\"font-weight: 400;\">: 1-800-230-7526<\/span><\/li>\n<li style=\"font-weight: 400;\" aria-level=\"1\"><a href=\"http:\/\/www.flaccessnetwork.org\/\"><span style=\"font-weight: 400;\">M\u1ea1ng l\u01b0\u1edbi truy c\u1eadp Florida<\/span><\/a><span style=\"font-weight: 400;\">: H\u1ed7 tr\u1ee3 to\u00e0n Florida<\/span><\/li>\n<li style=\"font-weight: 400;\" aria-level=\"1\"><a href=\"https:\/\/emawpb.org\/\"><span style=\"font-weight: 400;\">C\u00f4ng ty H\u1ed7 tr\u1ee3 Y t\u1ebf Kh\u1ea9n c\u1ea5p<\/span><\/a><span style=\"font-weight: 400;\">: Palm Beaches v\u00e0 Treasure Coast<\/span><\/li>\n<li style=\"font-weight: 400;\" aria-level=\"1\"><a href=\"https:\/\/bwefund.org\/site\/\"><span style=\"font-weight: 400;\">Broward Women&#039;s Emergency Fun<\/span><\/a><span style=\"font-weight: 400;\">d: Qu\u1eadn Broward<\/span><\/li>\n<li style=\"font-weight: 400;\" aria-level=\"1\"><a href=\"https:\/\/abortionfunds.org\/fund\/womens-emergency-network\/\"><span style=\"font-weight: 400;\">M\u1ea1ng l\u01b0\u1edbi kh\u1ea9n c\u1ea5p c\u1ee7a ph\u1ee5 n\u1eef<\/span><\/a><span style=\"font-weight: 400;\">: C\u00e1c qu\u1eadn Miami-Dade, Broward v\u00e0 Monroe<\/span><\/li>\n<li style=\"font-weight: 400;\" aria-level=\"1\"><a href=\"https:\/\/abortionfunds.org\/fund\/tampa-bay-abortion-fund\/\"><span style=\"font-weight: 400;\">Qu\u1ef9 ph\u00e1 thai Tampa Bay<\/span><\/a><span style=\"font-weight: 400;\">: C\u00e1c qu\u1eadn Pinellas, Hillsborough, Pasco, Polk<\/span><\/li>\n<\/ul>","protected":false},"excerpt":{"rendered":"<p>Pa gen okenn fr\u00e8 legal l\u00e8 wap applike pou egzansyon jidisy\u00e8 nan florid. Si ou vle yon avoka tribinal la chwazi pou edew, Ou pap peye pou sa. (Gade \u00e8ske mwen bezwen yon avoka? Pou plis enf\u00f2masyon). Nan k\u00e8k tribinal Ou ka bezwen Peye pouw pake. Wap gen pouw peye randevou klinik la pou pwosedi [&hellip;]<\/p>\n","protected":false},"author":7,"featured_media":0,"parent":3142,"menu_order":0,"comment_status":"closed","ping_status":"closed","template":"","meta":{"footnotes":""},"folder":[35,8],"class_list":["post-3181","page","type-page","status-publish","hentry"],"yoast_head":"<!-- This site is optimized with the Yoast SEO plugin v27.3 - https:\/\/yoast.com\/product\/yoast-seo-wordpress\/ -->\n<title>\u00c8ske sa koute k\u00f2b pou mwen applike pou yon egzansyon jidisy\u00e8? - Floridians For Reproductive Freedom<\/title>\n<meta name=\"description\" content=\"Si ou pa gen mwayen pouw peye pou av\u00f2tman ou an, gen k\u00e8k rezo finansman lokal ak nasyonal ki kapab edew.\" \/>\n<meta name=\"robots\" content=\"index, follow, max-snippet:-1, max-image-preview:large, max-video-preview:-1\" \/>\n<link rel=\"canonical\" href=\"https:\/\/floridareprofreedom.org\/vi\/bo-qua-tu-phap\/egzansyon-jidisye-an-florid\/eske-sa-koute-kob-pou-mwen-applike-pou-yon-egzansyon-jidisye\/\" \/>\n<meta property=\"og:locale\" content=\"vi_VN\" \/>\n<meta property=\"og:type\" content=\"article\" \/>\n<meta property=\"og:title\" content=\"\u00c8ske sa koute k\u00f2b pou mwen applike pou yon egzansyon jidisy\u00e8? - Floridians For Reproductive Freedom\" \/>\n<meta property=\"og:description\" content=\"Si ou pa gen mwayen pouw peye pou av\u00f2tman ou an, gen k\u00e8k rezo finansman lokal ak nasyonal ki kapab edew.\" \/>\n<meta property=\"og:url\" content=\"https:\/\/floridareprofreedom.org\/vi\/bo-qua-tu-phap\/egzansyon-jidisye-an-florid\/eske-sa-koute-kob-pou-mwen-applike-pou-yon-egzansyon-jidisye\/\" \/>\n<meta property=\"og:site_name\" content=\"Floridians For Reproductive Freedom\" \/>\n<meta property=\"article:publisher\" content=\"https:\/\/www.facebook.com\/FloridaReproFreedom\/\" \/>\n<meta name=\"twitter:card\" content=\"summary_large_image\" \/>\n<meta name=\"twitter:site\" content=\"@FLReproFreedom\" \/>\n<meta name=\"twitter:label1\" content=\"\u01af\u1edbc t\u00ednh th\u1eddi gian \u0111\u1ecdc\" \/>\n\t<meta name=\"twitter:data1\" content=\"1 ph\u00fat\" \/>\n<script type=\"application\/ld+json\" class=\"yoast-schema-graph\">{\"@context\":\"https:\\\/\\\/schema.org\",\"@graph\":[{\"@type\":\"WebPage\",\"@id\":\"https:\\\/\\\/floridareprofreedom.org\\\/judicialbypass\\\/egzansyon-jidisye-an-florid\\\/eske-sa-koute-kob-pou-mwen-applike-pou-yon-egzansyon-jidisye\\\/\",\"url\":\"https:\\\/\\\/floridareprofreedom.org\\\/judicialbypass\\\/egzansyon-jidisye-an-florid\\\/eske-sa-koute-kob-pou-mwen-applike-pou-yon-egzansyon-jidisye\\\/\",\"name\":\"\u00c8ske sa koute k\u00f2b pou mwen applike pou yon egzansyon jidisy\u00e8? - Floridians For Reproductive Freedom\",\"isPartOf\":{\"@id\":\"https:\\\/\\\/floridareprofreedom.org\\\/#website\"},\"datePublished\":\"2024-01-02T22:39:21+00:00\",\"description\":\"Si ou pa gen mwayen pouw peye pou av\u00f2tman ou an, gen k\u00e8k rezo finansman lokal ak nasyonal ki kapab edew.\",\"breadcrumb\":{\"@id\":\"https:\\\/\\\/floridareprofreedom.org\\\/judicialbypass\\\/egzansyon-jidisye-an-florid\\\/eske-sa-koute-kob-pou-mwen-applike-pou-yon-egzansyon-jidisye\\\/#breadcrumb\"},\"inLanguage\":\"vi\",\"potentialAction\":[{\"@type\":\"ReadAction\",\"target\":[\"https:\\\/\\\/floridareprofreedom.org\\\/judicialbypass\\\/egzansyon-jidisye-an-florid\\\/eske-sa-koute-kob-pou-mwen-applike-pou-yon-egzansyon-jidisye\\\/\"]}]},{\"@type\":\"BreadcrumbList\",\"@id\":\"https:\\\/\\\/floridareprofreedom.org\\\/judicialbypass\\\/egzansyon-jidisye-an-florid\\\/eske-sa-koute-kob-pou-mwen-applike-pou-yon-egzansyon-jidisye\\\/#breadcrumb\",\"itemListElement\":[{\"@type\":\"ListItem\",\"position\":1,\"name\":\"Home\",\"item\":\"https:\\\/\\\/floridareprofreedom.org\\\/\"},{\"@type\":\"ListItem\",\"position\":2,\"name\":\"Judicial Bypass in Florida\",\"item\":\"https:\\\/\\\/floridareprofreedom.org\\\/judicialbypass\\\/\"},{\"@type\":\"ListItem\",\"position\":3,\"name\":\"Egzansyon Jidisy\u00e8 an Florid\",\"item\":\"https:\\\/\\\/floridareprofreedom.org\\\/judicialbypass\\\/egzansyon-jidisye-an-florid\\\/\"},{\"@type\":\"ListItem\",\"position\":4,\"name\":\"\u00c8ske sa koute k\u00f2b pou mwen applike pou yon egzansyon jidisy\u00e8?\"}]},{\"@type\":\"WebSite\",\"@id\":\"https:\\\/\\\/floridareprofreedom.org\\\/#website\",\"url\":\"https:\\\/\\\/floridareprofreedom.org\\\/\",\"name\":\"Floridians For Reproductive Freedom\",\"description\":\"Advocating for convenient, affordable, and safe access to reproductive health care, including abortion.\",\"publisher\":{\"@id\":\"https:\\\/\\\/floridareprofreedom.org\\\/#organization\"},\"potentialAction\":[{\"@type\":\"SearchAction\",\"target\":{\"@type\":\"EntryPoint\",\"urlTemplate\":\"https:\\\/\\\/floridareprofreedom.org\\\/?s={search_term_string}\"},\"query-input\":{\"@type\":\"PropertyValueSpecification\",\"valueRequired\":true,\"valueName\":\"search_term_string\"}}],\"inLanguage\":\"vi\"},{\"@type\":\"Organization\",\"@id\":\"https:\\\/\\\/floridareprofreedom.org\\\/#organization\",\"name\":\"Floridians for Reproductive Freedom\",\"url\":\"https:\\\/\\\/floridareprofreedom.org\\\/\",\"logo\":{\"@type\":\"ImageObject\",\"inLanguage\":\"vi\",\"@id\":\"https:\\\/\\\/floridareprofreedom.org\\\/#\\\/schema\\\/logo\\\/image\\\/\",\"url\":\"https:\\\/\\\/floridareprofreedom.org\\\/wp-content\\\/uploads\\\/2019\\\/05\\\/Untitled.jpg\",\"contentUrl\":\"https:\\\/\\\/floridareprofreedom.org\\\/wp-content\\\/uploads\\\/2019\\\/05\\\/Untitled.jpg\",\"width\":174,\"height\":180,\"caption\":\"Floridians for Reproductive Freedom\"},\"image\":{\"@id\":\"https:\\\/\\\/floridareprofreedom.org\\\/#\\\/schema\\\/logo\\\/image\\\/\"},\"sameAs\":[\"https:\\\/\\\/www.facebook.com\\\/FloridaReproFreedom\\\/\",\"https:\\\/\\\/x.com\\\/FLReproFreedom\",\"https:\\\/\\\/www.instagram.com\\\/floridareprofreedom\\\/\"]}]}<\/script>\n<!-- \/ Yoast SEO plugin. -->","yoast_head_json":{"title":"B\u1ea1n c\u00f3 n\u00ean s\u1eed d\u1ee5ng \u1ee9ng d\u1ee5ng n\u00e0y kh\u00f4ng? - Ng\u01b0\u1eddi d\u00e2n Florida v\u00ec t\u1ef1 do sinh s\u1ea3n","description":"N\u1ebfu b\u1ea1n l\u00e0 ng\u01b0\u1eddi c\u00f3 kh\u1ea3 n\u0103ng s\u1ebd ph\u1ea3i tr\u1ea3 ti\u1ec1n cho b\u1ea1n, b\u1ea1n s\u1ebd b\u1ecb k\u1eb9tk rezo ng\u01b0\u1eddi t\u00e0i ch\u00ednh lokal v\u00e0 b\u1ea1n c\u00f3 th\u1ec3 g\u1eb7p kh\u00f3 kh\u0103n.","robots":{"index":"index","follow":"follow","max-snippet":"max-snippet:-1","max-image-preview":"max-image-preview:large","max-video-preview":"max-video-preview:-1"},"canonical":"https:\/\/floridareprofreedom.org\/vi\/bo-qua-tu-phap\/egzansyon-jidisye-an-florid\/eske-sa-koute-kob-pou-mwen-applike-pou-yon-egzansyon-jidisye\/","og_locale":"vi_VN","og_type":"article","og_title":"\u00c8ske sa koute k\u00f2b pou mwen applike pou yon egzansyon jidisy\u00e8? - Floridians For Reproductive Freedom","og_description":"Si ou pa gen mwayen pouw peye pou av\u00f2tman ou an, gen k\u00e8k rezo finansman lokal ak nasyonal ki kapab edew.","og_url":"https:\/\/floridareprofreedom.org\/vi\/bo-qua-tu-phap\/egzansyon-jidisye-an-florid\/eske-sa-koute-kob-pou-mwen-applike-pou-yon-egzansyon-jidisye\/","og_site_name":"Floridians For Reproductive Freedom","article_publisher":"https:\/\/www.facebook.com\/FloridaReproFreedom\/","twitter_card":"summary_large_image","twitter_site":"@FLReproFreedom","twitter_misc":{"\u01af\u1edbc t\u00ednh th\u1eddi gian \u0111\u1ecdc":"1 ph\u00fat"},"schema":{"@context":"https:\/\/schema.org","@graph":[{"@type":"WebPage","@id":"https:\/\/floridareprofreedom.org\/judicialbypass\/egzansyon-jidisye-an-florid\/eske-sa-koute-kob-pou-mwen-applike-pou-yon-egzansyon-jidisye\/","url":"https:\/\/floridareprofreedom.org\/judicialbypass\/egzansyon-jidisye-an-florid\/eske-sa-koute-kob-pou-mwen-applike-pou-yon-egzansyon-jidisye\/","name":"B\u1ea1n c\u00f3 n\u00ean s\u1eed d\u1ee5ng \u1ee9ng d\u1ee5ng n\u00e0y kh\u00f4ng? - Ng\u01b0\u1eddi d\u00e2n Florida v\u00ec t\u1ef1 do sinh s\u1ea3n","isPartOf":{"@id":"https:\/\/floridareprofreedom.org\/#website"},"datePublished":"2024-01-02T22:39:21+00:00","description":"N\u1ebfu b\u1ea1n l\u00e0 ng\u01b0\u1eddi c\u00f3 kh\u1ea3 n\u0103ng s\u1ebd ph\u1ea3i tr\u1ea3 ti\u1ec1n cho b\u1ea1n, b\u1ea1n s\u1ebd b\u1ecb k\u1eb9tk rezo ng\u01b0\u1eddi t\u00e0i ch\u00ednh lokal v\u00e0 b\u1ea1n c\u00f3 th\u1ec3 g\u1eb7p kh\u00f3 kh\u0103n.","breadcrumb":{"@id":"https:\/\/floridareprofreedom.org\/judicialbypass\/egzansyon-jidisye-an-florid\/eske-sa-koute-kob-pou-mwen-applike-pou-yon-egzansyon-jidisye\/#breadcrumb"},"inLanguage":"vi","potentialAction":[{"@type":"ReadAction","target":["https:\/\/floridareprofreedom.org\/judicialbypass\/egzansyon-jidisye-an-florid\/eske-sa-koute-kob-pou-mwen-applike-pou-yon-egzansyon-jidisye\/"]}]},{"@type":"BreadcrumbList","@id":"https:\/\/floridareprofreedom.org\/judicialbypass\/egzansyon-jidisye-an-florid\/eske-sa-koute-kob-pou-mwen-applike-pou-yon-egzansyon-jidisye\/#breadcrumb","itemListElement":[{"@type":"ListItem","position":1,"name":"Home","item":"https:\/\/floridareprofreedom.org\/"},{"@type":"ListItem","position":2,"name":"Judicial Bypass in Florida","item":"https:\/\/floridareprofreedom.org\/judicialbypass\/"},{"@type":"ListItem","position":3,"name":"Egzansyon Jidisy\u00e8 an Florid","item":"https:\/\/floridareprofreedom.org\/judicialbypass\/egzansyon-jidisye-an-florid\/"},{"@type":"ListItem","position":4,"name":"\u00c8ske sa koute k\u00f2b pou mwen applike pou yon egzansyon jidisy\u00e8?"}]},{"@type":"WebSite","@id":"https:\/\/floridareprofreedom.org\/#website","url":"https:\/\/floridareprofreedom.org\/","name":"Ng\u01b0\u1eddi Florida v\u00ec T\u1ef1 do Sinh s\u1ea3n","description":"V\u1eadn \u0111\u1ed9ng cho vi\u1ec7c ti\u1ebfp c\u1eadn d\u1ecbch v\u1ee5 ch\u0103m s\u00f3c s\u1ee9c kh\u1ecfe sinh s\u1ea3n, bao g\u1ed3m c\u1ea3 ph\u00e1 thai, m\u1ed9t c\u00e1ch thu\u1eadn ti\u1ec7n, gi\u00e1 c\u1ea3 ph\u1ea3i ch\u0103ng v\u00e0 an to\u00e0n.","publisher":{"@id":"https:\/\/floridareprofreedom.org\/#organization"},"potentialAction":[{"@type":"SearchAction","target":{"@type":"EntryPoint","urlTemplate":"https:\/\/floridareprofreedom.org\/?s={search_term_string}"},"query-input":{"@type":"PropertyValueSpecification","valueRequired":true,"valueName":"search_term_string"}}],"inLanguage":"vi"},{"@type":"Organization","@id":"https:\/\/floridareprofreedom.org\/#organization","name":"Ng\u01b0\u1eddi Florida v\u00ec T\u1ef1 do Sinh s\u1ea3n","url":"https:\/\/floridareprofreedom.org\/","logo":{"@type":"ImageObject","inLanguage":"vi","@id":"https:\/\/floridareprofreedom.org\/#\/schema\/logo\/image\/","url":"https:\/\/floridareprofreedom.org\/wp-content\/uploads\/2019\/05\/Untitled.jpg","contentUrl":"https:\/\/floridareprofreedom.org\/wp-content\/uploads\/2019\/05\/Untitled.jpg","width":174,"height":180,"caption":"Floridians for Reproductive Freedom"},"image":{"@id":"https:\/\/floridareprofreedom.org\/#\/schema\/logo\/image\/"},"sameAs":["https:\/\/www.facebook.com\/FloridaReproFreedom\/","https:\/\/x.com\/FLReproFreedom","https:\/\/www.instagram.com\/floridareprofreedom\/"]}]}},"_links":{"self":[{"href":"https:\/\/floridareprofreedom.org\/vi\/wp-json\/wp\/v2\/pages\/3181","targetHints":{"allow":["GET"]}}],"collection":[{"href":"https:\/\/floridareprofreedom.org\/vi\/wp-json\/wp\/v2\/pages"}],"about":[{"href":"https:\/\/floridareprofreedom.org\/vi\/wp-json\/wp\/v2\/types\/page"}],"author":[{"embeddable":true,"href":"https:\/\/floridareprofreedom.org\/vi\/wp-json\/wp\/v2\/users\/7"}],"replies":[{"embeddable":true,"href":"https:\/\/floridareprofreedom.org\/vi\/wp-json\/wp\/v2\/comments?post=3181"}],"version-history":[{"count":1,"href":"https:\/\/floridareprofreedom.org\/vi\/wp-json\/wp\/v2\/pages\/3181\/revisions"}],"predecessor-version":[{"id":3182,"href":"https:\/\/floridareprofreedom.org\/vi\/wp-json\/wp\/v2\/pages\/3181\/revisions\/3182"}],"up":[{"embeddable":true,"href":"https:\/\/floridareprofreedom.org\/vi\/wp-json\/wp\/v2\/pages\/3142"}],"wp:attachment":[{"href":"https:\/\/floridareprofreedom.org\/vi\/wp-json\/wp\/v2\/media?parent=3181"}],"wp:term":[{"taxonomy":"folder","embeddable":true,"href":"https:\/\/floridareprofreedom.org\/vi\/wp-json\/wp\/v2\/folder?post=3181"}],"curies":[{"name":"wp","href":"https:\/\/api.w.org\/{rel}","templated":true}]}}