{"id":3183,"date":"2024-01-02T22:51:53","date_gmt":"2024-01-02T22:51:53","guid":{"rendered":"https:\/\/floridareprofreedom.org\/?page_id=3183"},"modified":"2024-01-02T22:51:53","modified_gmt":"2024-01-02T22:51:53","slug":"eske-moun-ap-konnen-mwen-te-ale-nan-tribinal-pou-egzansyon-jidisye","status":"publish","type":"page","link":"https:\/\/floridareprofreedom.org\/vi\/judicialbypass\/egzansyon-jidisye-an-florid\/eske-moun-ap-konnen-mwen-te-ale-nan-tribinal-pou-egzansyon-jidisye\/","title":{"rendered":"B\u1ea1n c\u00f3 mu\u1ed1n l\u00e0m \u0111i\u1ec1u \u0111\u00f3 kh\u00f4ng?"},"content":{"rendered":"<p><span style=\"font-weight: 400;\">Pwosesis egzansyon jidisy\u00e8 a, selon la lwa se yon pwosesis konfidansy\u00e8l. Pa gen moun ki ta sipoze ka konnen non w, oubyen konnen ou depoze yon aplikasyon, pa menm paran w. Menm jij la pa bezwen konnen non ou, tout dosye Tribinal yo ap itilize inisyal ou oubyen fo non ou chwazi a.\u00a0<\/span><\/p>\n<p><span style=\"font-weight: 400;\">B\u1ea1n \u0111ang avokaw ap x\u1ebfp h\u1ea1ng avek yon jij an prive nan yon chanm femen. Yo ankouraje jij yo pou kenbe lodyans sa yo nan yon kote ak tan ki p\u00e8m\u00e8t ou kenbe sa an prive. B\u1ea1n c\u00f3 th\u1ec3 u\u1ed1ng m\u1ed9t ng\u1ee5m ho\u1eb7c okenn moun ki pa otorize pa nan sal Tribinal la oubyen ka w\u00e8 osinon tande pwosesis la. B\u1ea1n c\u00f3 th\u1ec3 l\u00e0m \u0111i\u1ec1u \u0111\u00f3 m\u1ed9t c\u00e1ch d\u1ec5 d\u00e0ng.<\/span><\/p>\n<p><span style=\"font-weight: 400;\">An reyalite, menm si lalwa mande pou pwosesi la rete konfidansy\u00e8l, toujou gen posibilite pouw kontre yon moun ou konnen nan tribinal la, espesyalman si z\u00f2n wap viv la, kote tribinal la ye a piti anpil.Si yon moun ki rekon\u00e8t ou rive w\u00e8w nan Tribinal la, pa gen Anyen ki anpeche yo al di l\u00f2t moun yo te w\u00e8w. H\u00e3y chu\u1ea9n b\u1ecb s\u1eb5n s\u00e0ng cho b\u1ea1n.<\/span><\/p>\n<p><strong>B\u1ea1n s\u1ebd c\u00f3 nhi\u1ec1u c\u00e1ch \u0111\u1ec3 c\u00f3 th\u1ec3 \u0111\u01b0a ra quy\u1ebft \u0111\u1ecbnh c\u1ee7a t\u00f2a \u00e1n v\u1ec1 vi\u1ec7c gi\u1ea3i quy\u1ebft:<\/strong><\/p>\n<ul>\n<li style=\"font-weight: 400;\" aria-level=\"1\"><span style=\"font-weight: 400;\">N\u1ebfu b\u1ea1n gen mwayen transp\u00f2 ak tan ou ka konsidere depoze petisyon w lan nan yon tribinal nan yon l\u00f2t kominn men ki toujou nan sikwi ou ye a. La lwa di f\u00f2k petisyon an depoze nan yon Tribinal ki nan sikwi ou ye a. (kominn hoa m\u1ef9 yo tout ansanm regwoupe an 20 sikwi, ch\u00e8che kominn wap viv la nan kat ki anba paj la pouw ka konen nan ki sikwi wap viv)<\/span><\/li>\n<li style=\"font-weight: 400;\" aria-level=\"1\"><span style=\"font-weight: 400;\">Detay sou ki kote pouw ale, ak ki moun pouw nh\u1ea1t nan chak kominn, si yo disponib, wap jwenn yo nan tablo ki anba paj la. L\u00e8 wap applike pou yon detou jidisy\u00e8, <strong>konsidere kontakte anplwaye Tribinal la avan ou ale pouw ka verifye ki kote pouw ale ak kisa pouw f\u00e8 pouw kapab koumanse pwosesis la<\/strong>. Gen kek kh\u00e1c nhau v\u00e0 kominn yo. Avan ou ale konfime l\u00e8 yo fonksyone, adr\u00e8s yo ak kijan pouw pake le ou rive.<\/span><\/li>\n<\/ul>\n<p><img fetchpriority=\"high\" decoding=\"async\" class=\"wp-image-1001 aligncenter\" src=\"https:\/\/floridareprofreedom.org\/wp-content\/uploads\/2020\/05\/flcircuitmap.jpeg\" alt=\"\" width=\"601\" height=\"503\" srcset=\"https:\/\/floridareprofreedom.org\/wp-content\/uploads\/2020\/05\/flcircuitmap.jpeg 465w, https:\/\/floridareprofreedom.org\/wp-content\/uploads\/2020\/05\/flcircuitmap-300x252.jpeg 300w\" sizes=\"(max-width: 601px) 100vw, 601px\" \/><\/p>\n<p><b>Trang web c\u1ee7a T\u00f2a \u00e1n Qu\u1eadn<\/b><\/p>\n<ol>\n<li><a href=\"http:\/\/www.firstjudicialcircuit.org\/\"><span style=\"font-weight: 400;\">V\u00f2ng \u0111\u1ea7u ti\u00ean<\/span><\/a><span style=\"font-weight: 400;\"> \u2014 Escambia, Okaloosa, Santa Rosa v\u00e0 Walton<\/span><\/li>\n<li><a href=\"http:\/\/2ndcircuit.leoncountyfl.gov\/\"><span style=\"font-weight: 400;\">V\u00f2ng hai<\/span><\/a> <span style=\"font-weight: 400;\">\u2014 Franklin, Gadsden, Jefferson, Leon, Liberty v\u00e0 Wakulla<\/span><\/li>\n<li><a href=\"http:\/\/www.jud3.flcourts.org\/\"><span style=\"font-weight: 400;\">T\u00f2a \u00e1n li\u00ean bang khu v\u1ef1c th\u1ee9 ba<\/span><\/a><span style=\"font-weight: 400;\"> \u2014 Columbia, Dixie, Hamilton, Lafayette, Madison, Suwannee v\u00e0 Taylor<\/span><\/li>\n<li><a href=\"http:\/\/www.coj.net\/departments\/fourth-judicial-circuit-court.aspx\"><span style=\"font-weight: 400;\">T\u00f2a \u00e1n li\u00ean bang khu v\u1ef1c th\u1ee9 t\u01b0<\/span><\/a><span style=\"font-weight: 400;\"> \u2014 Clay, Duval v\u00e0 Nassau<\/span><\/li>\n<li><a href=\"http:\/\/www.circuit5.org\/c5\/\"><span style=\"font-weight: 400;\">T\u00f2a \u00e1n li\u00ean bang khu v\u1ef1c th\u1ee9 n\u0103m<\/span><\/a><span style=\"font-weight: 400;\"> \u2014 Citrus, Hernando, Lake, Marion v\u00e0 Sumter<\/span><\/li>\n<li><a href=\"http:\/\/www.jud6.org\/\"><span style=\"font-weight: 400;\">T\u00f2a \u00e1n li\u00ean bang khu v\u1ef1c th\u1ee9 s\u00e1u<\/span><\/a> <span style=\"font-weight: 400;\">\u2014 Pasco v\u00e0 Pinellas<\/span><\/li>\n<li><a href=\"http:\/\/www.circuit7.org\/\"><span style=\"font-weight: 400;\">T\u00f2a \u00e1n li\u00ean bang khu v\u1ef1c th\u1ee9 b\u1ea3y<\/span> <\/a><span style=\"font-weight: 400;\">\u2014 St. Johns, Volusia, Flagler v\u00e0 Putnam<\/span><\/li>\n<li><a href=\"http:\/\/www.circuit8.org\/\"><span style=\"font-weight: 400;\">T\u00f2a \u00e1n li\u00ean bang khu v\u1ef1c th\u1ee9 t\u00e1m<\/span><\/a><span style=\"font-weight: 400;\"> \u2014 Alachua, Baker, Bradford, Gilchrist, Levy v\u00e0 Union<\/span><\/li>\n<li><a href=\"http:\/\/www.ninthcircuit.org\/\"><span style=\"font-weight: 400;\">T\u00f2a \u00e1n li\u00ean bang khu v\u1ef1c th\u1ee9 ch\u00edn<\/span><\/a><span style=\"font-weight: 400;\"> \u2014 Cam v\u00e0 Osceola<\/span><\/li>\n<li><a href=\"http:\/\/www.jud10.flcourts.org\/\"><span style=\"font-weight: 400;\">Khu v\u1ef1c th\u1ee9 m\u01b0\u1eddi<\/span><\/a><span style=\"font-weight: 400;\">t<\/span><span style=\"font-weight: 400;\"> \u2014 Hardee, Highlands v\u00e0 Polk<\/span><\/li>\n<li><a href=\"http:\/\/www.jud11.flcourts.org\/\"><span style=\"font-weight: 400;\">T\u00f2a \u00e1n li\u00ean bang khu v\u1ef1c th\u1ee9 m\u01b0\u1eddi m\u1ed9t<\/span><\/a><span style=\"font-weight: 400;\"> \u2014 Dade<\/span><\/li>\n<li><a href=\"http:\/\/www.jud12.flcourts.org\/\"><span style=\"font-weight: 400;\">T\u00f2a \u00e1n li\u00ean bang khu v\u1ef1c th\u1ee9 m\u01b0\u1eddi hai<\/span><\/a><span style=\"font-weight: 400;\"> \u2014 DeSoto, Manatee v\u00e0 Sarasota<\/span><\/li>\n<li><a href=\"http:\/\/www.fljud13.org\/\"><span style=\"font-weight: 400;\">T\u00f2a \u00e1n li\u00ean bang khu v\u1ef1c th\u1ee9 m\u01b0\u1eddi ba<\/span><\/a><span style=\"font-weight: 400;\"> \u2014 Hillsborough<\/span><\/li>\n<li><a href=\"http:\/\/www.jud14.flcourts.org\/index.htm\"><span style=\"font-weight: 400;\">Khu v\u1ef1c th\u1ee9 m\u01b0\u1eddi b\u1ed1n<\/span><\/a><span style=\"font-weight: 400;\">t<\/span><span style=\"font-weight: 400;\"> \u2014 Bay, Calhoun, Gulf, Holmes, Jackson v\u00e0 Washington<\/span><\/li>\n<li><a href=\"http:\/\/15thcircuit.co.palm-beach.fl.us\/\"><span style=\"font-weight: 400;\">T\u00f2a \u00e1n li\u00ean bang khu v\u1ef1c th\u1ee9 m\u01b0\u1eddi l\u0103m<\/span> <\/a><span style=\"font-weight: 400;\">\u2014 B\u00e3i bi\u1ec3n Palm<\/span><\/li>\n<li><a href=\"http:\/\/www.keyscourts.net\/\"><span style=\"font-weight: 400;\">T\u00f2a \u00e1n li\u00ean bang khu v\u1ef1c th\u1ee9 m\u01b0\u1eddi s\u00e1u<\/span><\/a><span style=\"font-weight: 400;\"> \u2014 Monroe<\/span><\/li>\n<li><a href=\"http:\/\/www.17th.flcourts.org\/\"><span style=\"font-weight: 400;\">T\u00f2a \u00e1n li\u00ean bang khu v\u1ef1c th\u1ee9 m\u01b0\u1eddi b\u1ea3y<\/span><\/a><span style=\"font-weight: 400;\"> \u2014 Broward<\/span><\/li>\n<li><a href=\"http:\/\/www.flcourts18.org\/page.php?2\"><span style=\"font-weight: 400;\">T\u00f2a \u00e1n li\u00ean bang khu v\u1ef1c th\u1ee9 m\u01b0\u1eddi t\u00e1m<\/span><\/a><span style=\"font-weight: 400;\"> \u2014 Brevard v\u00e0 Seminole<\/span><\/li>\n<li><a href=\"http:\/\/www.circuit19.org\/\"><span style=\"font-weight: 400;\">T\u00f2a \u00e1n li\u00ean bang khu v\u1ef1c th\u1ee9 m\u01b0\u1eddi ch\u00edn<\/span><\/a><span style=\"font-weight: 400;\"> \u2014 Indian River, Martin, Okeechobee v\u00e0 St. Lucie<\/span><\/li>\n<li><a href=\"http:\/\/www.ca.cjis20.org\/home\/main\/homepage.asp\"><span style=\"font-weight: 400;\">V\u00f2ng th\u1ee9 hai m\u01b0\u01a1i<\/span><\/a><span style=\"font-weight: 400;\"> \u2014 Charlotte, Collier, Glades, Hendry v\u00e0 Lee<\/span><\/li>\n<\/ol>\n<p><iframe src=\"https:\/\/docs.google.com\/spreadsheets\/d\/e\/2PACX-1vQB6krgtRma-96mkc9NufqrFn2t3gYItPYTXhaTc_euzRTZEXyRs9x90T-YutHr6CS_eNVijuyheuHR\/pubhtml?gid=1415876535&amp;single=true&amp;widget=true&amp;headers=false\" width=\"850\" height=\"1200\"><\/iframe><\/p>","protected":false},"excerpt":{"rendered":"<p>Pwosesis egzansyon jidisy\u00e8 a, selon la lwa se yon pwosesis konfidansy\u00e8l. Pa gen moun ki ta sipoze ka konnen non w, oubyen konnen ou depoze yon aplikasyon, pa menm paran w. Menm jij la pa bezwen konnen non ou, tout dosye tribinal yo ap itilize inisyal ou oubyen fo non ou chwazi a.\u00a0 Ou menm [&hellip;]<\/p>\n","protected":false},"author":7,"featured_media":0,"parent":3142,"menu_order":0,"comment_status":"closed","ping_status":"closed","template":"","meta":{"footnotes":""},"folder":[35,8],"class_list":["post-3183","page","type-page","status-publish","hentry"],"yoast_head":"<!-- This site is optimized with the Yoast SEO plugin v27.3 - https:\/\/yoast.com\/product\/yoast-seo-wordpress\/ -->\n<title>\u00c8ske moun ap konnen mwen te ale nan tribinal pou egzansyon jidisy\u00e8? - Floridians For Reproductive Freedom<\/title>\n<meta name=\"description\" content=\"Pwosesis egzansyon jidisy\u00e8 a, selon la lwa se yon pwosesis konfidansy\u00e8l.\" \/>\n<meta name=\"robots\" content=\"index, follow, max-snippet:-1, max-image-preview:large, max-video-preview:-1\" \/>\n<link rel=\"canonical\" href=\"https:\/\/floridareprofreedom.org\/vi\/bo-qua-tu-phap\/egzansyon-jidisye-an-florid\/eske-moun-ap-konnen-mwen-te-ale-nan-tribinal-pou-egzansyon-jidisye\/\" \/>\n<meta property=\"og:locale\" content=\"vi_VN\" \/>\n<meta property=\"og:type\" content=\"article\" \/>\n<meta property=\"og:title\" content=\"\u00c8ske moun ap konnen mwen te ale nan tribinal pou egzansyon jidisy\u00e8? - Floridians For Reproductive Freedom\" \/>\n<meta property=\"og:description\" content=\"Pwosesis egzansyon jidisy\u00e8 a, selon la lwa se yon pwosesis konfidansy\u00e8l.\" \/>\n<meta property=\"og:url\" content=\"https:\/\/floridareprofreedom.org\/vi\/bo-qua-tu-phap\/egzansyon-jidisye-an-florid\/eske-moun-ap-konnen-mwen-te-ale-nan-tribinal-pou-egzansyon-jidisye\/\" \/>\n<meta property=\"og:site_name\" content=\"Floridians For Reproductive Freedom\" \/>\n<meta property=\"article:publisher\" content=\"https:\/\/www.facebook.com\/FloridaReproFreedom\/\" \/>\n<meta property=\"og:image\" content=\"https:\/\/floridareprofreedom.org\/wp-content\/uploads\/2020\/05\/flcircuitmap.jpeg\" \/>\n<meta name=\"twitter:card\" content=\"summary_large_image\" \/>\n<meta name=\"twitter:site\" content=\"@FLReproFreedom\" \/>\n<meta name=\"twitter:label1\" content=\"\u01af\u1edbc t\u00ednh th\u1eddi gian \u0111\u1ecdc\" \/>\n\t<meta name=\"twitter:data1\" content=\"3 ph\u00fat\" \/>\n<script type=\"application\/ld+json\" class=\"yoast-schema-graph\">{\"@context\":\"https:\\\/\\\/schema.org\",\"@graph\":[{\"@type\":\"WebPage\",\"@id\":\"https:\\\/\\\/floridareprofreedom.org\\\/judicialbypass\\\/egzansyon-jidisye-an-florid\\\/eske-moun-ap-konnen-mwen-te-ale-nan-tribinal-pou-egzansyon-jidisye\\\/\",\"url\":\"https:\\\/\\\/floridareprofreedom.org\\\/judicialbypass\\\/egzansyon-jidisye-an-florid\\\/eske-moun-ap-konnen-mwen-te-ale-nan-tribinal-pou-egzansyon-jidisye\\\/\",\"name\":\"\u00c8ske moun ap konnen mwen te ale nan tribinal pou egzansyon jidisy\u00e8? - Floridians For Reproductive Freedom\",\"isPartOf\":{\"@id\":\"https:\\\/\\\/floridareprofreedom.org\\\/#website\"},\"primaryImageOfPage\":{\"@id\":\"https:\\\/\\\/floridareprofreedom.org\\\/judicialbypass\\\/egzansyon-jidisye-an-florid\\\/eske-moun-ap-konnen-mwen-te-ale-nan-tribinal-pou-egzansyon-jidisye\\\/#primaryimage\"},\"image\":{\"@id\":\"https:\\\/\\\/floridareprofreedom.org\\\/judicialbypass\\\/egzansyon-jidisye-an-florid\\\/eske-moun-ap-konnen-mwen-te-ale-nan-tribinal-pou-egzansyon-jidisye\\\/#primaryimage\"},\"thumbnailUrl\":\"https:\\\/\\\/floridareprofreedom.org\\\/wp-content\\\/uploads\\\/2020\\\/05\\\/flcircuitmap.jpeg\",\"datePublished\":\"2024-01-02T22:51:53+00:00\",\"description\":\"Pwosesis egzansyon jidisy\u00e8 a, selon la lwa se yon pwosesis konfidansy\u00e8l.\",\"breadcrumb\":{\"@id\":\"https:\\\/\\\/floridareprofreedom.org\\\/judicialbypass\\\/egzansyon-jidisye-an-florid\\\/eske-moun-ap-konnen-mwen-te-ale-nan-tribinal-pou-egzansyon-jidisye\\\/#breadcrumb\"},\"inLanguage\":\"vi\",\"potentialAction\":[{\"@type\":\"ReadAction\",\"target\":[\"https:\\\/\\\/floridareprofreedom.org\\\/judicialbypass\\\/egzansyon-jidisye-an-florid\\\/eske-moun-ap-konnen-mwen-te-ale-nan-tribinal-pou-egzansyon-jidisye\\\/\"]}]},{\"@type\":\"ImageObject\",\"inLanguage\":\"vi\",\"@id\":\"https:\\\/\\\/floridareprofreedom.org\\\/judicialbypass\\\/egzansyon-jidisye-an-florid\\\/eske-moun-ap-konnen-mwen-te-ale-nan-tribinal-pou-egzansyon-jidisye\\\/#primaryimage\",\"url\":\"https:\\\/\\\/floridareprofreedom.org\\\/wp-content\\\/uploads\\\/2020\\\/05\\\/flcircuitmap.jpeg\",\"contentUrl\":\"https:\\\/\\\/floridareprofreedom.org\\\/wp-content\\\/uploads\\\/2020\\\/05\\\/flcircuitmap.jpeg\"},{\"@type\":\"BreadcrumbList\",\"@id\":\"https:\\\/\\\/floridareprofreedom.org\\\/judicialbypass\\\/egzansyon-jidisye-an-florid\\\/eske-moun-ap-konnen-mwen-te-ale-nan-tribinal-pou-egzansyon-jidisye\\\/#breadcrumb\",\"itemListElement\":[{\"@type\":\"ListItem\",\"position\":1,\"name\":\"Home\",\"item\":\"https:\\\/\\\/floridareprofreedom.org\\\/\"},{\"@type\":\"ListItem\",\"position\":2,\"name\":\"Judicial Bypass in Florida\",\"item\":\"https:\\\/\\\/floridareprofreedom.org\\\/judicialbypass\\\/\"},{\"@type\":\"ListItem\",\"position\":3,\"name\":\"Egzansyon Jidisy\u00e8 an Florid\",\"item\":\"https:\\\/\\\/floridareprofreedom.org\\\/judicialbypass\\\/egzansyon-jidisye-an-florid\\\/\"},{\"@type\":\"ListItem\",\"position\":4,\"name\":\"\u00c8ske moun ap konnen mwen te ale nan tribinal pou egzansyon jidisy\u00e8?\"}]},{\"@type\":\"WebSite\",\"@id\":\"https:\\\/\\\/floridareprofreedom.org\\\/#website\",\"url\":\"https:\\\/\\\/floridareprofreedom.org\\\/\",\"name\":\"Floridians For Reproductive Freedom\",\"description\":\"Advocating for convenient, affordable, and safe access to reproductive health care, including abortion.\",\"publisher\":{\"@id\":\"https:\\\/\\\/floridareprofreedom.org\\\/#organization\"},\"potentialAction\":[{\"@type\":\"SearchAction\",\"target\":{\"@type\":\"EntryPoint\",\"urlTemplate\":\"https:\\\/\\\/floridareprofreedom.org\\\/?s={search_term_string}\"},\"query-input\":{\"@type\":\"PropertyValueSpecification\",\"valueRequired\":true,\"valueName\":\"search_term_string\"}}],\"inLanguage\":\"vi\"},{\"@type\":\"Organization\",\"@id\":\"https:\\\/\\\/floridareprofreedom.org\\\/#organization\",\"name\":\"Floridians for Reproductive Freedom\",\"url\":\"https:\\\/\\\/floridareprofreedom.org\\\/\",\"logo\":{\"@type\":\"ImageObject\",\"inLanguage\":\"vi\",\"@id\":\"https:\\\/\\\/floridareprofreedom.org\\\/#\\\/schema\\\/logo\\\/image\\\/\",\"url\":\"https:\\\/\\\/floridareprofreedom.org\\\/wp-content\\\/uploads\\\/2019\\\/05\\\/Untitled.jpg\",\"contentUrl\":\"https:\\\/\\\/floridareprofreedom.org\\\/wp-content\\\/uploads\\\/2019\\\/05\\\/Untitled.jpg\",\"width\":174,\"height\":180,\"caption\":\"Floridians for Reproductive Freedom\"},\"image\":{\"@id\":\"https:\\\/\\\/floridareprofreedom.org\\\/#\\\/schema\\\/logo\\\/image\\\/\"},\"sameAs\":[\"https:\\\/\\\/www.facebook.com\\\/FloridaReproFreedom\\\/\",\"https:\\\/\\\/x.com\\\/FLReproFreedom\",\"https:\\\/\\\/www.instagram.com\\\/floridareprofreedom\\\/\"]}]}<\/script>\n<!-- \/ Yoast SEO plugin. -->","yoast_head_json":{"title":"B\u1ea1n c\u00f3 mu\u1ed1n l\u00e0m \u0111i\u1ec1u \u0111\u00f3 kh\u00f4ng? - Ng\u01b0\u1eddi d\u00e2n Florida v\u00ec t\u1ef1 do sinh s\u1ea3n","description":"Pwosesis egzansyon jidisy\u00e8 a, selon la lwa se yon pwosesis konfidansy\u00e8l.","robots":{"index":"index","follow":"follow","max-snippet":"max-snippet:-1","max-image-preview":"max-image-preview:large","max-video-preview":"max-video-preview:-1"},"canonical":"https:\/\/floridareprofreedom.org\/vi\/bo-qua-tu-phap\/egzansyon-jidisye-an-florid\/eske-moun-ap-konnen-mwen-te-ale-nan-tribinal-pou-egzansyon-jidisye\/","og_locale":"vi_VN","og_type":"article","og_title":"\u00c8ske moun ap konnen mwen te ale nan tribinal pou egzansyon jidisy\u00e8? - Floridians For Reproductive Freedom","og_description":"Pwosesis egzansyon jidisy\u00e8 a, selon la lwa se yon pwosesis konfidansy\u00e8l.","og_url":"https:\/\/floridareprofreedom.org\/vi\/bo-qua-tu-phap\/egzansyon-jidisye-an-florid\/eske-moun-ap-konnen-mwen-te-ale-nan-tribinal-pou-egzansyon-jidisye\/","og_site_name":"Floridians For Reproductive Freedom","article_publisher":"https:\/\/www.facebook.com\/FloridaReproFreedom\/","og_image":[{"url":"https:\/\/floridareprofreedom.org\/wp-content\/uploads\/2020\/05\/flcircuitmap.jpeg","type":"","width":"","height":""}],"twitter_card":"summary_large_image","twitter_site":"@FLReproFreedom","twitter_misc":{"\u01af\u1edbc t\u00ednh th\u1eddi gian \u0111\u1ecdc":"3 ph\u00fat"},"schema":{"@context":"https:\/\/schema.org","@graph":[{"@type":"WebPage","@id":"https:\/\/floridareprofreedom.org\/judicialbypass\/egzansyon-jidisye-an-florid\/eske-moun-ap-konnen-mwen-te-ale-nan-tribinal-pou-egzansyon-jidisye\/","url":"https:\/\/floridareprofreedom.org\/judicialbypass\/egzansyon-jidisye-an-florid\/eske-moun-ap-konnen-mwen-te-ale-nan-tribinal-pou-egzansyon-jidisye\/","name":"B\u1ea1n c\u00f3 mu\u1ed1n l\u00e0m \u0111i\u1ec1u \u0111\u00f3 kh\u00f4ng? - Ng\u01b0\u1eddi d\u00e2n Florida v\u00ec t\u1ef1 do sinh s\u1ea3n","isPartOf":{"@id":"https:\/\/floridareprofreedom.org\/#website"},"primaryImageOfPage":{"@id":"https:\/\/floridareprofreedom.org\/judicialbypass\/egzansyon-jidisye-an-florid\/eske-moun-ap-konnen-mwen-te-ale-nan-tribinal-pou-egzansyon-jidisye\/#primaryimage"},"image":{"@id":"https:\/\/floridareprofreedom.org\/judicialbypass\/egzansyon-jidisye-an-florid\/eske-moun-ap-konnen-mwen-te-ale-nan-tribinal-pou-egzansyon-jidisye\/#primaryimage"},"thumbnailUrl":"https:\/\/floridareprofreedom.org\/wp-content\/uploads\/2020\/05\/flcircuitmap.jpeg","datePublished":"2024-01-02T22:51:53+00:00","description":"Pwosesis egzansyon jidisy\u00e8 a, selon la lwa se yon pwosesis konfidansy\u00e8l.","breadcrumb":{"@id":"https:\/\/floridareprofreedom.org\/judicialbypass\/egzansyon-jidisye-an-florid\/eske-moun-ap-konnen-mwen-te-ale-nan-tribinal-pou-egzansyon-jidisye\/#breadcrumb"},"inLanguage":"vi","potentialAction":[{"@type":"ReadAction","target":["https:\/\/floridareprofreedom.org\/judicialbypass\/egzansyon-jidisye-an-florid\/eske-moun-ap-konnen-mwen-te-ale-nan-tribinal-pou-egzansyon-jidisye\/"]}]},{"@type":"ImageObject","inLanguage":"vi","@id":"https:\/\/floridareprofreedom.org\/judicialbypass\/egzansyon-jidisye-an-florid\/eske-moun-ap-konnen-mwen-te-ale-nan-tribinal-pou-egzansyon-jidisye\/#primaryimage","url":"https:\/\/floridareprofreedom.org\/wp-content\/uploads\/2020\/05\/flcircuitmap.jpeg","contentUrl":"https:\/\/floridareprofreedom.org\/wp-content\/uploads\/2020\/05\/flcircuitmap.jpeg"},{"@type":"BreadcrumbList","@id":"https:\/\/floridareprofreedom.org\/judicialbypass\/egzansyon-jidisye-an-florid\/eske-moun-ap-konnen-mwen-te-ale-nan-tribinal-pou-egzansyon-jidisye\/#breadcrumb","itemListElement":[{"@type":"ListItem","position":1,"name":"Home","item":"https:\/\/floridareprofreedom.org\/"},{"@type":"ListItem","position":2,"name":"Judicial Bypass in Florida","item":"https:\/\/floridareprofreedom.org\/judicialbypass\/"},{"@type":"ListItem","position":3,"name":"Egzansyon Jidisy\u00e8 an Florid","item":"https:\/\/floridareprofreedom.org\/judicialbypass\/egzansyon-jidisye-an-florid\/"},{"@type":"ListItem","position":4,"name":"\u00c8ske moun ap konnen mwen te ale nan tribinal pou egzansyon jidisy\u00e8?"}]},{"@type":"WebSite","@id":"https:\/\/floridareprofreedom.org\/#website","url":"https:\/\/floridareprofreedom.org\/","name":"Ng\u01b0\u1eddi Florida v\u00ec T\u1ef1 do Sinh s\u1ea3n","description":"V\u1eadn \u0111\u1ed9ng cho vi\u1ec7c ti\u1ebfp c\u1eadn d\u1ecbch v\u1ee5 ch\u0103m s\u00f3c s\u1ee9c kh\u1ecfe sinh s\u1ea3n, bao g\u1ed3m c\u1ea3 ph\u00e1 thai, m\u1ed9t c\u00e1ch thu\u1eadn ti\u1ec7n, gi\u00e1 c\u1ea3 ph\u1ea3i ch\u0103ng v\u00e0 an to\u00e0n.","publisher":{"@id":"https:\/\/floridareprofreedom.org\/#organization"},"potentialAction":[{"@type":"SearchAction","target":{"@type":"EntryPoint","urlTemplate":"https:\/\/floridareprofreedom.org\/?s={search_term_string}"},"query-input":{"@type":"PropertyValueSpecification","valueRequired":true,"valueName":"search_term_string"}}],"inLanguage":"vi"},{"@type":"Organization","@id":"https:\/\/floridareprofreedom.org\/#organization","name":"Ng\u01b0\u1eddi Florida v\u00ec T\u1ef1 do Sinh s\u1ea3n","url":"https:\/\/floridareprofreedom.org\/","logo":{"@type":"ImageObject","inLanguage":"vi","@id":"https:\/\/floridareprofreedom.org\/#\/schema\/logo\/image\/","url":"https:\/\/floridareprofreedom.org\/wp-content\/uploads\/2019\/05\/Untitled.jpg","contentUrl":"https:\/\/floridareprofreedom.org\/wp-content\/uploads\/2019\/05\/Untitled.jpg","width":174,"height":180,"caption":"Floridians for Reproductive Freedom"},"image":{"@id":"https:\/\/floridareprofreedom.org\/#\/schema\/logo\/image\/"},"sameAs":["https:\/\/www.facebook.com\/FloridaReproFreedom\/","https:\/\/x.com\/FLReproFreedom","https:\/\/www.instagram.com\/floridareprofreedom\/"]}]}},"_links":{"self":[{"href":"https:\/\/floridareprofreedom.org\/vi\/wp-json\/wp\/v2\/pages\/3183","targetHints":{"allow":["GET"]}}],"collection":[{"href":"https:\/\/floridareprofreedom.org\/vi\/wp-json\/wp\/v2\/pages"}],"about":[{"href":"https:\/\/floridareprofreedom.org\/vi\/wp-json\/wp\/v2\/types\/page"}],"author":[{"embeddable":true,"href":"https:\/\/floridareprofreedom.org\/vi\/wp-json\/wp\/v2\/users\/7"}],"replies":[{"embeddable":true,"href":"https:\/\/floridareprofreedom.org\/vi\/wp-json\/wp\/v2\/comments?post=3183"}],"version-history":[{"count":1,"href":"https:\/\/floridareprofreedom.org\/vi\/wp-json\/wp\/v2\/pages\/3183\/revisions"}],"predecessor-version":[{"id":3184,"href":"https:\/\/floridareprofreedom.org\/vi\/wp-json\/wp\/v2\/pages\/3183\/revisions\/3184"}],"up":[{"embeddable":true,"href":"https:\/\/floridareprofreedom.org\/vi\/wp-json\/wp\/v2\/pages\/3142"}],"wp:attachment":[{"href":"https:\/\/floridareprofreedom.org\/vi\/wp-json\/wp\/v2\/media?parent=3183"}],"wp:term":[{"taxonomy":"folder","embeddable":true,"href":"https:\/\/floridareprofreedom.org\/vi\/wp-json\/wp\/v2\/folder?post=3183"}],"curies":[{"name":"wp","href":"https:\/\/api.w.org\/{rel}","templated":true}]}}