{"id":3192,"date":"2024-01-02T23:05:47","date_gmt":"2024-01-02T23:05:47","guid":{"rendered":"https:\/\/floridareprofreedom.org\/?page_id=3192"},"modified":"2024-01-02T23:05:47","modified_gmt":"2024-01-02T23:05:47","slug":"eske-rat-nhieu-moun-ki-enplike-nan-gwoses-mwen-fan-gen-yon-opinyon-sou-si-mwen-chwazi-fe-yon-avotman","status":"publish","type":"page","link":"https:\/\/floridareprofreedom.org\/vi\/judicialbypass\/egzansyon-jidisye-an-florid\/eske-lot-moun-ki-enplike-nan-gwoses-mwen-fan-gen-yon-opinyon-sou-si-mwen-chwazi-fe-yon-avotman\/","title":{"rendered":"B\u1ea1n c\u00f3 mu\u1ed1n l\u00e0m \u0111i\u1ec1u \u0111\u00f3 v\u1edbi b\u1ea1n kh\u00f4ng?"},"content":{"rendered":"<p><span style=\"font-weight: 400;\">Kh\u00f4ng. Moun ki ansent la se s\u00e8l li ki gen dwa Final pou l deside. Pa gen okenn kondisyon ou jwenn konsantman gason and oswa ou avize l&#039;.\u00a0<\/span><\/p>\n<p><span style=\"font-weight: 400;\">N\u1ebfu kh\u00f4ng, jij la ka mande pou gason an ki te enplike nan gwos\u00e8s ou, asire ke ou gen repons pou kesyon sa yo. V\u00ed d\u1ee5, b\u1ea1n c\u00f3 th\u1ec3 mu\u1ed1n n\u00f3i g\u00ec v\u1ec1 vi\u1ec7c b\u1ea1n s\u1ebd kh\u00f4ng th\u1ec3 \u0111\u1ed3ng \u00fd v\u00e0 y\u00eau c\u1ea7u b\u1ea1n l\u00e0m \u0111i\u1ec1u \u0111\u00f3. Jij la kapab mande si gason an konnen de desizyon w pran pou w fe yon av\u00f2tman epi si yo ankouraje w.<\/span><\/p>","protected":false},"excerpt":{"rendered":"<p>Non. Moun ki ansent la se s\u00e8l li ki gen dwa final pou l deside. Pa gen okenn kondisyon ou jwenn konsantman gason an oswa ou avize l&#8217;.\u00a0 Malgre sa, jij la ka mande pou gason an ki te enplike nan gwos\u00e8s ou, asire ke ou gen repons pou kesyon sa yo. Pa egzanp, yo [&hellip;]<\/p>\n","protected":false},"author":7,"featured_media":0,"parent":3142,"menu_order":0,"comment_status":"closed","ping_status":"closed","template":"","meta":{"footnotes":""},"folder":[35,8],"class_list":["post-3192","page","type-page","status-publish","hentry"],"yoast_head":"<!-- This site is optimized with the Yoast SEO plugin v27.3 - https:\/\/yoast.com\/product\/yoast-seo-wordpress\/ -->\n<title>\u00c8ske l\u00f2t moun ki enplike nan gwos\u00e8s mwen fan gen yon opinyon sou si mwen chwazi fe yon av\u00f2tman? - Floridians For Reproductive Freedom<\/title>\n<meta name=\"description\" content=\"Non. Moun ki ansent la se s\u00e8l li ki gen dwa final pou l deside.\" \/>\n<meta name=\"robots\" content=\"index, follow, max-snippet:-1, max-image-preview:large, max-video-preview:-1\" \/>\n<link rel=\"canonical\" href=\"https:\/\/floridareprofreedom.org\/vi\/bo-qua-tu-phap\/egzansyon-jidisye-an-florid\/eske-rat-nhieu-moun-ki-enplike-nan-gwoses-mwen-fan-gen-yon-opinyon-sou-si-mwen-chwazi-fe-yon-avotman\/\" \/>\n<meta property=\"og:locale\" content=\"vi_VN\" \/>\n<meta property=\"og:type\" content=\"article\" \/>\n<meta property=\"og:title\" content=\"\u00c8ske l\u00f2t moun ki enplike nan gwos\u00e8s mwen fan gen yon opinyon sou si mwen chwazi fe yon av\u00f2tman? - Floridians For Reproductive Freedom\" \/>\n<meta property=\"og:description\" content=\"Non. Moun ki ansent la se s\u00e8l li ki gen dwa final pou l deside.\" \/>\n<meta property=\"og:url\" content=\"https:\/\/floridareprofreedom.org\/vi\/bo-qua-tu-phap\/egzansyon-jidisye-an-florid\/eske-rat-nhieu-moun-ki-enplike-nan-gwoses-mwen-fan-gen-yon-opinyon-sou-si-mwen-chwazi-fe-yon-avotman\/\" \/>\n<meta property=\"og:site_name\" content=\"Floridians For Reproductive Freedom\" \/>\n<meta property=\"article:publisher\" content=\"https:\/\/www.facebook.com\/FloridaReproFreedom\/\" \/>\n<meta name=\"twitter:card\" content=\"summary_large_image\" \/>\n<meta name=\"twitter:site\" content=\"@FLReproFreedom\" \/>\n<meta name=\"twitter:label1\" content=\"\u01af\u1edbc t\u00ednh th\u1eddi gian \u0111\u1ecdc\" \/>\n\t<meta name=\"twitter:data1\" content=\"1 ph\u00fat\" \/>\n<script type=\"application\/ld+json\" class=\"yoast-schema-graph\">{\"@context\":\"https:\\\/\\\/schema.org\",\"@graph\":[{\"@type\":\"WebPage\",\"@id\":\"https:\\\/\\\/floridareprofreedom.org\\\/judicialbypass\\\/egzansyon-jidisye-an-florid\\\/eske-lot-moun-ki-enplike-nan-gwoses-mwen-fan-gen-yon-opinyon-sou-si-mwen-chwazi-fe-yon-avotman\\\/\",\"url\":\"https:\\\/\\\/floridareprofreedom.org\\\/judicialbypass\\\/egzansyon-jidisye-an-florid\\\/eske-lot-moun-ki-enplike-nan-gwoses-mwen-fan-gen-yon-opinyon-sou-si-mwen-chwazi-fe-yon-avotman\\\/\",\"name\":\"\u00c8ske l\u00f2t moun ki enplike nan gwos\u00e8s mwen fan gen yon opinyon sou si mwen chwazi fe yon av\u00f2tman? - Floridians For Reproductive Freedom\",\"isPartOf\":{\"@id\":\"https:\\\/\\\/floridareprofreedom.org\\\/#website\"},\"datePublished\":\"2024-01-02T23:05:47+00:00\",\"description\":\"Non. Moun ki ansent la se s\u00e8l li ki gen dwa final pou l deside.\",\"breadcrumb\":{\"@id\":\"https:\\\/\\\/floridareprofreedom.org\\\/judicialbypass\\\/egzansyon-jidisye-an-florid\\\/eske-lot-moun-ki-enplike-nan-gwoses-mwen-fan-gen-yon-opinyon-sou-si-mwen-chwazi-fe-yon-avotman\\\/#breadcrumb\"},\"inLanguage\":\"vi\",\"potentialAction\":[{\"@type\":\"ReadAction\",\"target\":[\"https:\\\/\\\/floridareprofreedom.org\\\/judicialbypass\\\/egzansyon-jidisye-an-florid\\\/eske-lot-moun-ki-enplike-nan-gwoses-mwen-fan-gen-yon-opinyon-sou-si-mwen-chwazi-fe-yon-avotman\\\/\"]}]},{\"@type\":\"BreadcrumbList\",\"@id\":\"https:\\\/\\\/floridareprofreedom.org\\\/judicialbypass\\\/egzansyon-jidisye-an-florid\\\/eske-lot-moun-ki-enplike-nan-gwoses-mwen-fan-gen-yon-opinyon-sou-si-mwen-chwazi-fe-yon-avotman\\\/#breadcrumb\",\"itemListElement\":[{\"@type\":\"ListItem\",\"position\":1,\"name\":\"Home\",\"item\":\"https:\\\/\\\/floridareprofreedom.org\\\/\"},{\"@type\":\"ListItem\",\"position\":2,\"name\":\"Judicial Bypass in Florida\",\"item\":\"https:\\\/\\\/floridareprofreedom.org\\\/judicialbypass\\\/\"},{\"@type\":\"ListItem\",\"position\":3,\"name\":\"Egzansyon Jidisy\u00e8 an Florid\",\"item\":\"https:\\\/\\\/floridareprofreedom.org\\\/judicialbypass\\\/egzansyon-jidisye-an-florid\\\/\"},{\"@type\":\"ListItem\",\"position\":4,\"name\":\"\u00c8ske l\u00f2t moun ki enplike nan gwos\u00e8s mwen fan gen yon opinyon sou si mwen chwazi fe yon av\u00f2tman?\"}]},{\"@type\":\"WebSite\",\"@id\":\"https:\\\/\\\/floridareprofreedom.org\\\/#website\",\"url\":\"https:\\\/\\\/floridareprofreedom.org\\\/\",\"name\":\"Floridians For Reproductive Freedom\",\"description\":\"Advocating for convenient, affordable, and safe access to reproductive health care, including abortion.\",\"publisher\":{\"@id\":\"https:\\\/\\\/floridareprofreedom.org\\\/#organization\"},\"potentialAction\":[{\"@type\":\"SearchAction\",\"target\":{\"@type\":\"EntryPoint\",\"urlTemplate\":\"https:\\\/\\\/floridareprofreedom.org\\\/?s={search_term_string}\"},\"query-input\":{\"@type\":\"PropertyValueSpecification\",\"valueRequired\":true,\"valueName\":\"search_term_string\"}}],\"inLanguage\":\"vi\"},{\"@type\":\"Organization\",\"@id\":\"https:\\\/\\\/floridareprofreedom.org\\\/#organization\",\"name\":\"Floridians for Reproductive Freedom\",\"url\":\"https:\\\/\\\/floridareprofreedom.org\\\/\",\"logo\":{\"@type\":\"ImageObject\",\"inLanguage\":\"vi\",\"@id\":\"https:\\\/\\\/floridareprofreedom.org\\\/#\\\/schema\\\/logo\\\/image\\\/\",\"url\":\"https:\\\/\\\/floridareprofreedom.org\\\/wp-content\\\/uploads\\\/2019\\\/05\\\/Untitled.jpg\",\"contentUrl\":\"https:\\\/\\\/floridareprofreedom.org\\\/wp-content\\\/uploads\\\/2019\\\/05\\\/Untitled.jpg\",\"width\":174,\"height\":180,\"caption\":\"Floridians for Reproductive Freedom\"},\"image\":{\"@id\":\"https:\\\/\\\/floridareprofreedom.org\\\/#\\\/schema\\\/logo\\\/image\\\/\"},\"sameAs\":[\"https:\\\/\\\/www.facebook.com\\\/FloridaReproFreedom\\\/\",\"https:\\\/\\\/x.com\\\/FLReproFreedom\",\"https:\\\/\\\/www.instagram.com\\\/floridareprofreedom\\\/\"]}]}<\/script>\n<!-- \/ Yoast SEO plugin. -->","yoast_head_json":{"title":"B\u1ea1n c\u00f3 mu\u1ed1n l\u00e0m \u0111i\u1ec1u \u0111\u00f3 v\u1edbi b\u1ea1n kh\u00f4ng? - Ng\u01b0\u1eddi Floridians V\u00ec T\u1ef1 do Sinh s\u1ea3n","description":"Kh\u00f4ng. Moun ki ansent la se s\u00e8l li ki gen dwa Final pou l deside.","robots":{"index":"index","follow":"follow","max-snippet":"max-snippet:-1","max-image-preview":"max-image-preview:large","max-video-preview":"max-video-preview:-1"},"canonical":"https:\/\/floridareprofreedom.org\/vi\/bo-qua-tu-phap\/egzansyon-jidisye-an-florid\/eske-rat-nhieu-moun-ki-enplike-nan-gwoses-mwen-fan-gen-yon-opinyon-sou-si-mwen-chwazi-fe-yon-avotman\/","og_locale":"vi_VN","og_type":"article","og_title":"\u00c8ske l\u00f2t moun ki enplike nan gwos\u00e8s mwen fan gen yon opinyon sou si mwen chwazi fe yon av\u00f2tman? - Floridians For Reproductive Freedom","og_description":"Non. Moun ki ansent la se s\u00e8l li ki gen dwa final pou l deside.","og_url":"https:\/\/floridareprofreedom.org\/vi\/bo-qua-tu-phap\/egzansyon-jidisye-an-florid\/eske-rat-nhieu-moun-ki-enplike-nan-gwoses-mwen-fan-gen-yon-opinyon-sou-si-mwen-chwazi-fe-yon-avotman\/","og_site_name":"Floridians For Reproductive Freedom","article_publisher":"https:\/\/www.facebook.com\/FloridaReproFreedom\/","twitter_card":"summary_large_image","twitter_site":"@FLReproFreedom","twitter_misc":{"\u01af\u1edbc t\u00ednh th\u1eddi gian \u0111\u1ecdc":"1 ph\u00fat"},"schema":{"@context":"https:\/\/schema.org","@graph":[{"@type":"WebPage","@id":"https:\/\/floridareprofreedom.org\/judicialbypass\/egzansyon-jidisye-an-florid\/eske-lot-moun-ki-enplike-nan-gwoses-mwen-fan-gen-yon-opinyon-sou-si-mwen-chwazi-fe-yon-avotman\/","url":"https:\/\/floridareprofreedom.org\/judicialbypass\/egzansyon-jidisye-an-florid\/eske-lot-moun-ki-enplike-nan-gwoses-mwen-fan-gen-yon-opinyon-sou-si-mwen-chwazi-fe-yon-avotman\/","name":"B\u1ea1n c\u00f3 mu\u1ed1n l\u00e0m \u0111i\u1ec1u \u0111\u00f3 v\u1edbi b\u1ea1n kh\u00f4ng? - Ng\u01b0\u1eddi Floridians V\u00ec T\u1ef1 do Sinh s\u1ea3n","isPartOf":{"@id":"https:\/\/floridareprofreedom.org\/#website"},"datePublished":"2024-01-02T23:05:47+00:00","description":"Kh\u00f4ng. Moun ki ansent la se s\u00e8l li ki gen dwa Final pou l deside.","breadcrumb":{"@id":"https:\/\/floridareprofreedom.org\/judicialbypass\/egzansyon-jidisye-an-florid\/eske-lot-moun-ki-enplike-nan-gwoses-mwen-fan-gen-yon-opinyon-sou-si-mwen-chwazi-fe-yon-avotman\/#breadcrumb"},"inLanguage":"vi","potentialAction":[{"@type":"ReadAction","target":["https:\/\/floridareprofreedom.org\/judicialbypass\/egzansyon-jidisye-an-florid\/eske-lot-moun-ki-enplike-nan-gwoses-mwen-fan-gen-yon-opinyon-sou-si-mwen-chwazi-fe-yon-avotman\/"]}]},{"@type":"BreadcrumbList","@id":"https:\/\/floridareprofreedom.org\/judicialbypass\/egzansyon-jidisye-an-florid\/eske-lot-moun-ki-enplike-nan-gwoses-mwen-fan-gen-yon-opinyon-sou-si-mwen-chwazi-fe-yon-avotman\/#breadcrumb","itemListElement":[{"@type":"ListItem","position":1,"name":"Home","item":"https:\/\/floridareprofreedom.org\/"},{"@type":"ListItem","position":2,"name":"Judicial Bypass in Florida","item":"https:\/\/floridareprofreedom.org\/judicialbypass\/"},{"@type":"ListItem","position":3,"name":"Egzansyon Jidisy\u00e8 an Florid","item":"https:\/\/floridareprofreedom.org\/judicialbypass\/egzansyon-jidisye-an-florid\/"},{"@type":"ListItem","position":4,"name":"\u00c8ske l\u00f2t moun ki enplike nan gwos\u00e8s mwen fan gen yon opinyon sou si mwen chwazi fe yon av\u00f2tman?"}]},{"@type":"WebSite","@id":"https:\/\/floridareprofreedom.org\/#website","url":"https:\/\/floridareprofreedom.org\/","name":"Ng\u01b0\u1eddi Florida v\u00ec T\u1ef1 do Sinh s\u1ea3n","description":"V\u1eadn \u0111\u1ed9ng cho vi\u1ec7c ti\u1ebfp c\u1eadn d\u1ecbch v\u1ee5 ch\u0103m s\u00f3c s\u1ee9c kh\u1ecfe sinh s\u1ea3n, bao g\u1ed3m c\u1ea3 ph\u00e1 thai, m\u1ed9t c\u00e1ch thu\u1eadn ti\u1ec7n, gi\u00e1 c\u1ea3 ph\u1ea3i ch\u0103ng v\u00e0 an to\u00e0n.","publisher":{"@id":"https:\/\/floridareprofreedom.org\/#organization"},"potentialAction":[{"@type":"SearchAction","target":{"@type":"EntryPoint","urlTemplate":"https:\/\/floridareprofreedom.org\/?s={search_term_string}"},"query-input":{"@type":"PropertyValueSpecification","valueRequired":true,"valueName":"search_term_string"}}],"inLanguage":"vi"},{"@type":"Organization","@id":"https:\/\/floridareprofreedom.org\/#organization","name":"Ng\u01b0\u1eddi Florida v\u00ec T\u1ef1 do Sinh s\u1ea3n","url":"https:\/\/floridareprofreedom.org\/","logo":{"@type":"ImageObject","inLanguage":"vi","@id":"https:\/\/floridareprofreedom.org\/#\/schema\/logo\/image\/","url":"https:\/\/floridareprofreedom.org\/wp-content\/uploads\/2019\/05\/Untitled.jpg","contentUrl":"https:\/\/floridareprofreedom.org\/wp-content\/uploads\/2019\/05\/Untitled.jpg","width":174,"height":180,"caption":"Floridians for Reproductive Freedom"},"image":{"@id":"https:\/\/floridareprofreedom.org\/#\/schema\/logo\/image\/"},"sameAs":["https:\/\/www.facebook.com\/FloridaReproFreedom\/","https:\/\/x.com\/FLReproFreedom","https:\/\/www.instagram.com\/floridareprofreedom\/"]}]}},"_links":{"self":[{"href":"https:\/\/floridareprofreedom.org\/vi\/wp-json\/wp\/v2\/pages\/3192","targetHints":{"allow":["GET"]}}],"collection":[{"href":"https:\/\/floridareprofreedom.org\/vi\/wp-json\/wp\/v2\/pages"}],"about":[{"href":"https:\/\/floridareprofreedom.org\/vi\/wp-json\/wp\/v2\/types\/page"}],"author":[{"embeddable":true,"href":"https:\/\/floridareprofreedom.org\/vi\/wp-json\/wp\/v2\/users\/7"}],"replies":[{"embeddable":true,"href":"https:\/\/floridareprofreedom.org\/vi\/wp-json\/wp\/v2\/comments?post=3192"}],"version-history":[{"count":1,"href":"https:\/\/floridareprofreedom.org\/vi\/wp-json\/wp\/v2\/pages\/3192\/revisions"}],"predecessor-version":[{"id":3193,"href":"https:\/\/floridareprofreedom.org\/vi\/wp-json\/wp\/v2\/pages\/3192\/revisions\/3193"}],"up":[{"embeddable":true,"href":"https:\/\/floridareprofreedom.org\/vi\/wp-json\/wp\/v2\/pages\/3142"}],"wp:attachment":[{"href":"https:\/\/floridareprofreedom.org\/vi\/wp-json\/wp\/v2\/media?parent=3192"}],"wp:term":[{"taxonomy":"folder","embeddable":true,"href":"https:\/\/floridareprofreedom.org\/vi\/wp-json\/wp\/v2\/folder?post=3192"}],"curies":[{"name":"wp","href":"https:\/\/api.w.org\/{rel}","templated":true}]}}