{"id":416,"date":"2019-05-31T16:08:44","date_gmt":"2019-05-31T16:08:44","guid":{"rendered":"https:\/\/floridareprofreedom.org\/?page_id=416"},"modified":"2019-06-03T16:05:09","modified_gmt":"2019-06-03T16:05:09","slug":"pha-thai-4","status":"publish","type":"page","link":"https:\/\/floridareprofreedom.org\/vi\/abortion-2\/","title":{"rendered":"Ph\u00e1 thai"},"content":{"rendered":"<h2>S\u1ed1ng m\u1ed9t cu\u1ed9c s\u1ed1ng an to\u00e0n v\u00e0 kh\u1ecfe m\u1ea1nh l\u00e0 quy\u1ec1n c\u01a1 b\u1ea3n \u2013 c\u0169ng nh\u01b0 quy\u1ec1n t\u1ef1 do x\u00e1c \u0111\u1ecbnh con \u0111\u01b0\u1eddng c\u1ee7a ri\u00eang m\u00ecnh.<\/h2>\n<p>Ch\u00fang ta kh\u00f4ng th\u1ef1c s\u1ef1 t\u1ef1 do n\u1ebfu kh\u00f4ng th\u1ec3 t\u1ef1 quy\u1ebft \u0111\u1ecbnh v\u1ec1 c\u01a1 th\u1ec3, cu\u1ed9c s\u1ed1ng v\u00e0 t\u01b0\u01a1ng lai c\u1ee7a m\u00ecnh - d\u00f9 \u0111\u00f3 l\u00e0 n\u00f3i kh\u00f4ng v\u1edbi nh\u1eefng l\u1eddi g\u1ea1 g\u1eabm t\u00ecnh d\u1ee5c kh\u00f4ng mong mu\u1ed1n, n\u00f3i kh\u00f4ng v\u1edbi vi\u1ec7c mang thai ngo\u00e0i \u00fd mu\u1ed1n, hay \u0111\u1ed3ng \u00fd l\u00e0m cha m\u1eb9. Khi m\u1ed9t ng\u01b0\u1eddi quy\u1ebft \u0111\u1ecbnh ph\u00e1 thai, vi\u1ec7c \u0111\u00f3 ph\u1ea3i an to\u00e0n, ph\u1ea3i ch\u0103ng, v\u00e0 kh\u00f4ng b\u1ecb tr\u1eebng ph\u1ea1t hay ph\u00e1n x\u00e9t. Quy\u1ebft \u0111\u1ecbnh v\u1ec1 vi\u1ec7c c\u00f3 n\u00ean l\u00e0m cha m\u1eb9 hay kh\u00f4ng v\u00e0 khi n\u00e0o n\u00ean l\u00e0m cha m\u1eb9 l\u00e0 m\u1ed9t trong nh\u1eefng quy\u1ebft \u0111\u1ecbnh quan tr\u1ecdng nh\u1ea5t trong cu\u1ed9c \u0111\u1eddi. Khi m\u1ecdi ng\u01b0\u1eddi c\u00f3 th\u1ec3 \u0111\u01b0a ra nh\u1eefng quy\u1ebft \u0111\u1ecbnh t\u1ed1t nh\u1ea5t cho cu\u1ed9c s\u1ed1ng c\u1ee7a m\u00ecnh, gia \u0111\u00ecnh s\u1ebd ph\u00e1t tri\u1ec3n th\u1ecbnh v\u01b0\u1ee3ng v\u00e0 ch\u00fang ta x\u00e2y d\u1ef1ng nh\u1eefng c\u1ed9ng \u0111\u1ed3ng n\u01a1i m\u1ed7i ng\u01b0\u1eddi \u0111\u1ec1u c\u00f3 th\u1ec3 tham gia m\u1ed9t c\u00e1ch c\u00f3 ph\u1ea9m gi\u00e1.<\/p>\n<h2>Tr\u00ean kh\u1eafp \u0111\u1ea5t n\u01b0\u1edbc, c\u00e1c ch\u00ednh tr\u1ecb gia ch\u1ed1ng ph\u00e1 thai \u0111\u00e3 n\u1ed7 l\u1ef1c \u0111\u1ea9y d\u1ecbch v\u1ee5 ph\u00e1 thai ra kh\u1ecfi t\u1ea7m v\u1edbi ho\u1eb7c c\u1ea5m ho\u00e0n to\u00e0n.<\/h2>\n<p>Nh\u1eefng ng\u01b0\u1eddi c\u1ef1c \u0111oan trong C\u01a1 quan L\u1eadp ph\u00e1p Florida \u0111\u00e3 th\u00f4ng qua c\u00e1c h\u1ea1n ch\u1ebf kh\u00f4ng c\u1ea7n thi\u1ebft v\u1ec1 m\u1eb7t y t\u1ebf v\u00e0 mang \u0111\u1ed9ng c\u01a1 ch\u00ednh tr\u1ecb, t\u1ea1o ra m\u1ed9t m\u1ea1ng l\u01b0\u1edbi r\u00e0o c\u1ea3n \u0111\u1ea9y d\u1ecbch v\u1ee5 ph\u00e1 thai an to\u00e0n v\u00e0 gi\u00e1 c\u1ea3 ph\u1ea3i ch\u0103ng ra kh\u1ecfi t\u1ea7m v\u1edbi, \u0111\u1eb7c bi\u1ec7t l\u00e0 \u0111\u1ed1i v\u1edbi ph\u1ee5 n\u1eef ngh\u00e8o, thanh thi\u1ebfu ni\u00ean v\u00e0 ng\u01b0\u1eddi da m\u00e0u. H\u1ecd c\u1ed1 g\u1eafng th\u00f4ng qua c\u00e1c lu\u1eadt bu\u1ed9c c\u00e1c nh\u00e0 cung c\u1ea5p d\u1ecbch v\u1ee5 ch\u0103m s\u00f3c s\u1ee9c kh\u1ecfe ph\u1ea3i n\u00f3i d\u1ed1i b\u1ec7nh nh\u00e2n; bu\u1ed9c ph\u1ee5 n\u1eef ph\u1ea3i \u0111\u1ebfn nhi\u1ec1u cu\u1ed9c h\u1eb9n kh\u00f4ng c\u1ea7n thi\u1ebft v\u1ec1 m\u1eb7t y t\u1ebf; v\u00e0 y\u00eau c\u1ea7u b\u1ec7nh nh\u00e2n tr\u1ea3i qua c\u00e1c th\u1ee7 thu\u1eadt x\u00e2m l\u1ea5n v\u00e0 \u0111\u00f4i khi kh\u00f4ng c\u1ea7n thi\u1ebft v\u1ec1 m\u1eb7t y t\u1ebf. Nh\u1eefng lu\u1eadt y\u00eau c\u1ea7u ti\u00eau chu\u1ea9n x\u00e2y d\u1ef1ng kh\u1eaft khe h\u01a1n \u0111\u1ed1i v\u1edbi c\u00e1c nh\u00e0 cung c\u1ea5p d\u1ecbch v\u1ee5 ph\u00e1 thai so v\u1edbi c\u00e1c nh\u00e0 cung c\u1ea5p d\u1ecbch v\u1ee5 y t\u1ebf kh\u00e1c l\u00e0 m\u1ed9t n\u1ed7 l\u1ef1c tr\u1eafng tr\u1ee3n nh\u1eb1m bu\u1ed9c c\u00e1c ph\u00f2ng kh\u00e1m ph\u1ea3i \u0111\u00f3ng c\u1eeda.<\/p>\n<p>Vi\u1ec7c \u00e9p bu\u1ed9c m\u1ed9t ng\u01b0\u1eddi mang thai c\u00f3 th\u1ec3 g\u00e2y ra h\u1eadu qu\u1ea3 t\u00e0n kh\u1ed1c v\u00e0 l\u00e2u d\u00e0i cho ng\u01b0\u1eddi ph\u1ee5 n\u1eef v\u00e0 gia \u0111\u00ecnh h\u1ecd. <a href=\"https:\/\/www.ansirh.org\/resources\/issue-briefs\">Nghi\u00ean c\u1ee9u<\/a> cho th\u1ea5y m\u1ed9t ph\u1ee5 n\u1eef b\u1ecb t\u1eeb ch\u1ed1i d\u1ecbch v\u1ee5 ph\u00e1 thai c\u00f3 nhi\u1ec1u kh\u1ea3 n\u0103ng r\u01a1i v\u00e0o c\u1ea3nh ngh\u00e8o \u0111\u00f3i h\u01a1n m\u1ed9t ph\u1ee5 n\u1eef \u0111\u01b0\u1ee3c ch\u0103m s\u00f3c \u0111\u1ea7y \u0111\u1ee7. Sau khi b\u1ecb t\u1eeb ch\u1ed1i ph\u00e1 thai, m\u1ed9t ph\u1ee5 n\u1eef c\u00f3 nguy c\u01a1 th\u1ea5t nghi\u1ec7p cao g\u1ea5p ba l\u1ea7n so v\u1edbi m\u1ed9t ph\u1ee5 n\u1eef \u0111\u01b0\u1ee3c h\u1ed7 tr\u1ee3 ph\u00e1 thai. M\u1eb7t kh\u00e1c, nh\u1eefng ph\u1ee5 n\u1eef \u0111\u01b0\u1ee3c h\u1ed7 tr\u1ee3 ph\u00e1 thai, so v\u1edbi nh\u1eefng ng\u01b0\u1eddi b\u1ecb t\u1eeb ch\u1ed1i, c\u00f3 kh\u1ea3 n\u0103ng l\u1eadp k\u1ebf ho\u1ea1ch cu\u1ed9c s\u1ed1ng t\u00edch c\u1ef1c v\u00e0 \u0111\u1ea1t \u0111\u01b0\u1ee3c nh\u1eefng k\u1ebf ho\u1ea1ch \u0111\u00f3 cao g\u1ea5p s\u00e1u l\u1ea7n.<\/p>","protected":false},"excerpt":{"rendered":"<p>Living a safe and healthy life is a basic right \u2013 as is the freedom to define our own path. We aren\u2019t truly free if we cannot make our own decisions about our bodies, our lives, and our futures\u2014whether that is saying no to unwanted sexual advances, no to an unintended pregnancy, or yes to [&hellip;]<\/p>\n","protected":false},"author":3,"featured_media":0,"parent":0,"menu_order":0,"comment_status":"closed","ping_status":"closed","template":"","meta":{"footnotes":""},"folder":[],"class_list":["post-416","page","type-page","status-publish","hentry"],"yoast_head":"<!-- This site is optimized with the Yoast SEO plugin v27.4 - https:\/\/yoast.com\/product\/yoast-seo-wordpress\/ -->\n<title>Abortion - Floridians For Reproductive Freedom<\/title>\n<meta name=\"robots\" content=\"index, follow, max-snippet:-1, max-image-preview:large, max-video-preview:-1\" \/>\n<link rel=\"canonical\" href=\"https:\/\/floridareprofreedom.org\/vi\/pha-thai-4\/\" \/>\n<meta property=\"og:locale\" content=\"vi_VN\" \/>\n<meta property=\"og:type\" content=\"article\" \/>\n<meta property=\"og:title\" content=\"Abortion - Floridians For Reproductive Freedom\" \/>\n<meta property=\"og:description\" content=\"Living a safe and healthy life is a basic right \u2013 as is the freedom to define our own path. We aren\u2019t truly free if we cannot make our own decisions about our bodies, our lives, and our futures\u2014whether that is saying no to unwanted sexual advances, no to an unintended pregnancy, or yes to [&hellip;]\" \/>\n<meta property=\"og:url\" content=\"https:\/\/floridareprofreedom.org\/vi\/pha-thai-4\/\" \/>\n<meta property=\"og:site_name\" content=\"Floridians For Reproductive Freedom\" \/>\n<meta property=\"article:publisher\" content=\"https:\/\/www.facebook.com\/FloridaReproFreedom\/\" \/>\n<meta property=\"article:modified_time\" content=\"2019-06-03T16:05:09+00:00\" \/>\n<meta name=\"twitter:card\" content=\"summary_large_image\" \/>\n<meta name=\"twitter:site\" content=\"@FLReproFreedom\" \/>\n<meta name=\"twitter:label1\" content=\"\u01af\u1edbc t\u00ednh th\u1eddi gian \u0111\u1ecdc\" \/>\n\t<meta name=\"twitter:data1\" content=\"2 ph\u00fat\" \/>\n<script type=\"application\/ld+json\" class=\"yoast-schema-graph\">{\"@context\":\"https:\\\/\\\/schema.org\",\"@graph\":[{\"@type\":\"WebPage\",\"@id\":\"https:\\\/\\\/floridareprofreedom.org\\\/abortion-2\\\/\",\"url\":\"https:\\\/\\\/floridareprofreedom.org\\\/abortion-2\\\/\",\"name\":\"Abortion - Floridians For Reproductive Freedom\",\"isPartOf\":{\"@id\":\"https:\\\/\\\/floridareprofreedom.org\\\/#website\"},\"datePublished\":\"2019-05-31T16:08:44+00:00\",\"dateModified\":\"2019-06-03T16:05:09+00:00\",\"breadcrumb\":{\"@id\":\"https:\\\/\\\/floridareprofreedom.org\\\/abortion-2\\\/#breadcrumb\"},\"inLanguage\":\"vi\",\"potentialAction\":[{\"@type\":\"ReadAction\",\"target\":[\"https:\\\/\\\/floridareprofreedom.org\\\/abortion-2\\\/\"]}]},{\"@type\":\"BreadcrumbList\",\"@id\":\"https:\\\/\\\/floridareprofreedom.org\\\/abortion-2\\\/#breadcrumb\",\"itemListElement\":[{\"@type\":\"ListItem\",\"position\":1,\"name\":\"Home\",\"item\":\"https:\\\/\\\/floridareprofreedom.org\\\/\"},{\"@type\":\"ListItem\",\"position\":2,\"name\":\"Abortion\"}]},{\"@type\":\"WebSite\",\"@id\":\"https:\\\/\\\/floridareprofreedom.org\\\/#website\",\"url\":\"https:\\\/\\\/floridareprofreedom.org\\\/\",\"name\":\"Floridians For Reproductive Freedom\",\"description\":\"Advocating for convenient, affordable, and safe access to reproductive health care, including abortion.\",\"publisher\":{\"@id\":\"https:\\\/\\\/floridareprofreedom.org\\\/#organization\"},\"potentialAction\":[{\"@type\":\"SearchAction\",\"target\":{\"@type\":\"EntryPoint\",\"urlTemplate\":\"https:\\\/\\\/floridareprofreedom.org\\\/?s={search_term_string}\"},\"query-input\":{\"@type\":\"PropertyValueSpecification\",\"valueRequired\":true,\"valueName\":\"search_term_string\"}}],\"inLanguage\":\"vi\"},{\"@type\":\"Organization\",\"@id\":\"https:\\\/\\\/floridareprofreedom.org\\\/#organization\",\"name\":\"Floridians for Reproductive Freedom\",\"url\":\"https:\\\/\\\/floridareprofreedom.org\\\/\",\"logo\":{\"@type\":\"ImageObject\",\"inLanguage\":\"vi\",\"@id\":\"https:\\\/\\\/floridareprofreedom.org\\\/#\\\/schema\\\/logo\\\/image\\\/\",\"url\":\"https:\\\/\\\/floridareprofreedom.org\\\/wp-content\\\/uploads\\\/2019\\\/05\\\/Untitled.jpg\",\"contentUrl\":\"https:\\\/\\\/floridareprofreedom.org\\\/wp-content\\\/uploads\\\/2019\\\/05\\\/Untitled.jpg\",\"width\":174,\"height\":180,\"caption\":\"Floridians for Reproductive Freedom\"},\"image\":{\"@id\":\"https:\\\/\\\/floridareprofreedom.org\\\/#\\\/schema\\\/logo\\\/image\\\/\"},\"sameAs\":[\"https:\\\/\\\/www.facebook.com\\\/FloridaReproFreedom\\\/\",\"https:\\\/\\\/x.com\\\/FLReproFreedom\",\"https:\\\/\\\/www.instagram.com\\\/floridareprofreedom\\\/\"]}]}<\/script>\n<!-- \/ Yoast SEO plugin. -->","yoast_head_json":{"title":"Ph\u00e1 thai - Ng\u01b0\u1eddi Florida v\u00ec T\u1ef1 do Sinh s\u1ea3n","robots":{"index":"index","follow":"follow","max-snippet":"max-snippet:-1","max-image-preview":"max-image-preview:large","max-video-preview":"max-video-preview:-1"},"canonical":"https:\/\/floridareprofreedom.org\/vi\/pha-thai-4\/","og_locale":"vi_VN","og_type":"article","og_title":"Abortion - Floridians For Reproductive Freedom","og_description":"Living a safe and healthy life is a basic right \u2013 as is the freedom to define our own path. We aren\u2019t truly free if we cannot make our own decisions about our bodies, our lives, and our futures\u2014whether that is saying no to unwanted sexual advances, no to an unintended pregnancy, or yes to [&hellip;]","og_url":"https:\/\/floridareprofreedom.org\/vi\/pha-thai-4\/","og_site_name":"Floridians For Reproductive Freedom","article_publisher":"https:\/\/www.facebook.com\/FloridaReproFreedom\/","article_modified_time":"2019-06-03T16:05:09+00:00","twitter_card":"summary_large_image","twitter_site":"@FLReproFreedom","twitter_misc":{"\u01af\u1edbc t\u00ednh th\u1eddi gian \u0111\u1ecdc":"2 ph\u00fat"},"schema":{"@context":"https:\/\/schema.org","@graph":[{"@type":"WebPage","@id":"https:\/\/floridareprofreedom.org\/abortion-2\/","url":"https:\/\/floridareprofreedom.org\/abortion-2\/","name":"Ph\u00e1 thai - Ng\u01b0\u1eddi Florida v\u00ec T\u1ef1 do Sinh s\u1ea3n","isPartOf":{"@id":"https:\/\/floridareprofreedom.org\/#website"},"datePublished":"2019-05-31T16:08:44+00:00","dateModified":"2019-06-03T16:05:09+00:00","breadcrumb":{"@id":"https:\/\/floridareprofreedom.org\/abortion-2\/#breadcrumb"},"inLanguage":"vi","potentialAction":[{"@type":"ReadAction","target":["https:\/\/floridareprofreedom.org\/abortion-2\/"]}]},{"@type":"BreadcrumbList","@id":"https:\/\/floridareprofreedom.org\/abortion-2\/#breadcrumb","itemListElement":[{"@type":"ListItem","position":1,"name":"Home","item":"https:\/\/floridareprofreedom.org\/"},{"@type":"ListItem","position":2,"name":"Abortion"}]},{"@type":"WebSite","@id":"https:\/\/floridareprofreedom.org\/#website","url":"https:\/\/floridareprofreedom.org\/","name":"Ng\u01b0\u1eddi Florida v\u00ec T\u1ef1 do Sinh s\u1ea3n","description":"V\u1eadn \u0111\u1ed9ng cho vi\u1ec7c ti\u1ebfp c\u1eadn d\u1ecbch v\u1ee5 ch\u0103m s\u00f3c s\u1ee9c kh\u1ecfe sinh s\u1ea3n, bao g\u1ed3m c\u1ea3 ph\u00e1 thai, m\u1ed9t c\u00e1ch thu\u1eadn ti\u1ec7n, gi\u00e1 c\u1ea3 ph\u1ea3i ch\u0103ng v\u00e0 an to\u00e0n.","publisher":{"@id":"https:\/\/floridareprofreedom.org\/#organization"},"potentialAction":[{"@type":"SearchAction","target":{"@type":"EntryPoint","urlTemplate":"https:\/\/floridareprofreedom.org\/?s={search_term_string}"},"query-input":{"@type":"PropertyValueSpecification","valueRequired":true,"valueName":"search_term_string"}}],"inLanguage":"vi"},{"@type":"Organization","@id":"https:\/\/floridareprofreedom.org\/#organization","name":"Ng\u01b0\u1eddi Florida v\u00ec T\u1ef1 do Sinh s\u1ea3n","url":"https:\/\/floridareprofreedom.org\/","logo":{"@type":"ImageObject","inLanguage":"vi","@id":"https:\/\/floridareprofreedom.org\/#\/schema\/logo\/image\/","url":"https:\/\/floridareprofreedom.org\/wp-content\/uploads\/2019\/05\/Untitled.jpg","contentUrl":"https:\/\/floridareprofreedom.org\/wp-content\/uploads\/2019\/05\/Untitled.jpg","width":174,"height":180,"caption":"Floridians for Reproductive Freedom"},"image":{"@id":"https:\/\/floridareprofreedom.org\/#\/schema\/logo\/image\/"},"sameAs":["https:\/\/www.facebook.com\/FloridaReproFreedom\/","https:\/\/x.com\/FLReproFreedom","https:\/\/www.instagram.com\/floridareprofreedom\/"]}]}},"_links":{"self":[{"href":"https:\/\/floridareprofreedom.org\/vi\/wp-json\/wp\/v2\/pages\/416","targetHints":{"allow":["GET"]}}],"collection":[{"href":"https:\/\/floridareprofreedom.org\/vi\/wp-json\/wp\/v2\/pages"}],"about":[{"href":"https:\/\/floridareprofreedom.org\/vi\/wp-json\/wp\/v2\/types\/page"}],"author":[{"embeddable":true,"href":"https:\/\/floridareprofreedom.org\/vi\/wp-json\/wp\/v2\/users\/3"}],"replies":[{"embeddable":true,"href":"https:\/\/floridareprofreedom.org\/vi\/wp-json\/wp\/v2\/comments?post=416"}],"version-history":[{"count":2,"href":"https:\/\/floridareprofreedom.org\/vi\/wp-json\/wp\/v2\/pages\/416\/revisions"}],"predecessor-version":[{"id":651,"href":"https:\/\/floridareprofreedom.org\/vi\/wp-json\/wp\/v2\/pages\/416\/revisions\/651"}],"wp:attachment":[{"href":"https:\/\/floridareprofreedom.org\/vi\/wp-json\/wp\/v2\/media?parent=416"}],"wp:term":[{"taxonomy":"folder","embeddable":true,"href":"https:\/\/floridareprofreedom.org\/vi\/wp-json\/wp\/v2\/folder?post=416"}],"curies":[{"name":"wp","href":"https:\/\/api.w.org\/{rel}","templated":true}]}}