{"id":432,"date":"2019-02-18T21:31:12","date_gmt":"2019-02-18T21:31:12","guid":{"rendered":"https:\/\/floridareprofreedom.org\/?page_id=432"},"modified":"2023-08-17T14:48:27","modified_gmt":"2023-08-17T14:48:27","slug":"pha-thai","status":"publish","type":"page","link":"https:\/\/floridareprofreedom.org\/vi\/abortion\/","title":{"rendered":"Ph\u00e1 thai l\u00e0 ch\u0103m s\u00f3c s\u1ee9c kh\u1ecfe"},"content":{"rendered":"<h4><em><a href=\"https:\/\/floridareprofreedom.org\/vi\/pha-thai-hop-phap-o-florida\/\"><strong>B\u1ea1n \u0111ang t\u00ecm ki\u1ebfm d\u1ecbch v\u1ee5 ph\u00e1 thai? Nh\u1ea5p v\u00e0o \u0111\u00e2y.<\/strong><\/a><\/em><\/h4>\n<h4><strong>Ch\u00fang ta ch\u0103m s\u00f3c gia \u0111\u00ecnh b\u1eb1ng c\u00e1ch ch\u0103m s\u00f3c ch\u00ednh m\u00ecnh.<\/strong><\/h4>\n<h4><strong><img fetchpriority=\"high\" decoding=\"async\" class=\"size-medium wp-image-489 alignleft\" src=\"https:\/\/floridareprofreedom.org\/wp-content\/uploads\/2019\/02\/acare-billboard-300x200.jpg\" alt=\"\" width=\"300\" height=\"200\" srcset=\"https:\/\/floridareprofreedom.org\/wp-content\/uploads\/2019\/02\/acare-billboard-300x200.jpg 300w, https:\/\/floridareprofreedom.org\/wp-content\/uploads\/2019\/02\/acare-billboard.jpg 600w\" sizes=\"(max-width: 300px) 100vw, 300px\" \/><\/strong><strong>S\u1ee9c kh\u1ecfe v\u00e0 s\u1ef1 an to\u00e0n l\u00e0 nh\u1eefng quy\u1ec1n c\u01a1 b\u1ea3n \u2013 c\u0169ng nh\u01b0 quy\u1ec1n t\u1ef1 do x\u00e1c \u0111\u1ecbnh con \u0111\u01b0\u1eddng c\u1ee7a ri\u00eang m\u00ecnh.<\/strong><\/h4>\n<p>Ng\u01b0\u1eddi d\u00e2n Florida kh\u00f4ng th\u1ef1c s\u1ef1 t\u1ef1 do n\u1ebfu ch\u00fang ta kh\u00f4ng th\u1ec3 t\u1ef1 quy\u1ebft \u0111\u1ecbnh v\u1ec1 c\u01a1 th\u1ec3, cu\u1ed9c s\u1ed1ng v\u00e0 t\u01b0\u01a1ng lai c\u1ee7a m\u00ecnh - d\u00f9 \u0111\u00f3 l\u00e0 t\u1eeb ch\u1ed1i nh\u1eefng l\u1eddi t\u00e1n t\u1ec9nh kh\u00f4ng mong mu\u1ed1n, t\u1eeb ch\u1ed1i mang thai ngo\u00e0i \u00fd mu\u1ed1n, hay \u0111\u1ed3ng \u00fd l\u00e0m cha m\u1eb9. Khi ai \u0111\u00f3 quy\u1ebft \u0111\u1ecbnh ph\u00e1 thai, vi\u1ec7c \u0111\u00f3 ph\u1ea3i an to\u00e0n, chi ph\u00ed ph\u1ea3i ch\u0103ng, v\u00e0 kh\u00f4ng b\u1ecb tr\u1eebng ph\u1ea1t hay ph\u00e1n x\u00e9t.<\/p>\n<h4><strong>Tr\u00ean kh\u1eafp c\u1ea3 n\u01b0\u1edbc v\u00e0 t\u1ea1i Florida, c\u00e1c ch\u00ednh tr\u1ecb gia ch\u1ed1ng ph\u00e1 thai \u0111\u00e3 n\u1ed7 l\u1ef1c \u0111\u1ea9y d\u1ecbch v\u1ee5 ph\u00e1 thai ra kh\u1ecfi t\u1ea7m v\u1edbi ho\u1eb7c c\u1ea5m ho\u00e0n to\u00e0n.<\/strong><\/h4>\n<p><img decoding=\"async\" class=\"alignright\" src=\"\/wp-content\/uploads\/2019\/02\/oneinfour-1.jpg\" width=\"250\" height=\"250\" \/>H\u00e0ng n\u0103m, c\u00e1c nh\u00e0 l\u1eadp ph\u00e1p ch\u1ed1ng ph\u00e1 thai l\u1ea1i th\u00fac \u0111\u1ea9y c\u00e1c d\u1ef1 lu\u1eadt v\u1edbi nh\u1eefng h\u1ea1n ch\u1ebf kh\u00f4ng c\u1ea7n thi\u1ebft v\u1ec1 m\u1eb7t y khoa v\u00e0 mang \u0111\u1ed9ng c\u01a1 ch\u00ednh tr\u1ecb. H\u1ecd mu\u1ed1n t\u1ea1o ra m\u1ed9t m\u1ea1ng l\u01b0\u1edbi r\u00e0o c\u1ea3n \u0111\u1ea9y d\u1ecbch v\u1ee5 ph\u00e1 thai an to\u00e0n v\u00e0 gi\u00e1 c\u1ea3 ph\u1ea3i ch\u0103ng ra kh\u1ecfi t\u1ea7m v\u1edbi, \u0111\u1eb7c bi\u1ec7t l\u00e0 \u0111\u1ed1i v\u1edbi nh\u1eefng ng\u01b0\u1eddi c\u00f3 thu nh\u1eadp th\u1ea5p, ng\u01b0\u1eddi tr\u1ebb tu\u1ed5i v\u00e0 ng\u01b0\u1eddi da m\u00e0u. Nh\u1eefng n\u1ed7 l\u1ef1c n\u00e0y \u0111\u01b0\u1ee3c ph\u1ed1i h\u1ee3p tr\u00ean to\u00e0n qu\u1ed1c nh\u01b0 m\u1ed9t ph\u1ea7n c\u1ee7a ch\u01b0\u01a1ng tr\u00ecnh ngh\u1ecb s\u1ef1, nh\u1eb1m t\u1eebng b\u01b0\u1edbc lo\u1ea1i b\u1ecf ho\u00e0n to\u00e0n vi\u1ec7c ph\u00e1 thai.<\/p>\n<p>C\u00e1c nh\u00e0 l\u1eadp ph\u00e1p ch\u1ed1ng ph\u00e1 thai \u0111\u00e3 th\u00f4ng qua ho\u1eb7c c\u1ed1 g\u1eafng th\u00f4ng qua c\u00e1c lu\u1eadt b\u1eaft ch\u01b0\u1edbc t\u1eeb c\u00e1c ti\u1ec3u bang kh\u00e1c, bu\u1ed9c c\u00e1c nh\u00e0 cung c\u1ea5p d\u1ecbch v\u1ee5 ch\u0103m s\u00f3c s\u1ee9c kh\u1ecfe ph\u1ea3i n\u00f3i d\u1ed1i b\u1ec7nh nh\u00e2n; bu\u1ed9c b\u1ec7nh nh\u00e2n ph\u1ea3i \u0111\u1ebfn nhi\u1ec1u cu\u1ed9c h\u1eb9n kh\u00f4ng c\u1ea7n thi\u1ebft v\u1ec1 m\u1eb7t y t\u1ebf; v\u00e0 y\u00eau c\u1ea7u b\u1ec7nh nh\u00e2n tr\u1ea3i qua c\u00e1c th\u1ee7 thu\u1eadt x\u00e2m l\u1ea5n v\u00e0 \u0111\u00f4i khi kh\u00f4ng c\u1ea7n thi\u1ebft v\u1ec1 m\u1eb7t y t\u1ebf. Nh\u1eefng lu\u1eadt y\u00eau c\u1ea7u ti\u00eau chu\u1ea9n x\u00e2y d\u1ef1ng kh\u1eaft khe h\u01a1n \u0111\u1ed1i v\u1edbi c\u00e1c nh\u00e0 cung c\u1ea5p d\u1ecbch v\u1ee5 ph\u00e1 thai so v\u1edbi c\u00e1c nh\u00e0 cung c\u1ea5p d\u1ecbch v\u1ee5 y t\u1ebf kh\u00e1c l\u00e0 m\u1ed9t n\u1ed7 l\u1ef1c tr\u1eafng tr\u1ee3n nh\u1eb1m bu\u1ed9c c\u00e1c ph\u00f2ng kh\u00e1m \u1edf Florida ph\u1ea3i \u0111\u00f3ng c\u1eeda. Hi\u1ec7n t\u1ea1i, 70% c\u1ee7a c\u00e1c qu\u1eadn Florida kh\u00f4ng c\u00f3 nh\u00e0 cung c\u1ea5p n\u00e0o cung c\u1ea5p d\u1ecbch v\u1ee5 ph\u00e1 thai.<\/p>\n<h4><strong>Vi\u1ec7c \u00e9p bu\u1ed9c ai \u0111\u00f3 mang thai c\u00f3 th\u1ec3 g\u00e2y ra h\u1eadu qu\u1ea3 t\u00e0n kh\u1ed1c v\u00e0 l\u00e2u d\u00e0i.<\/strong><\/h4>\n<p><img decoding=\"async\" class=\"size-medium wp-image-484 alignleft\" src=\"https:\/\/floridareprofreedom.org\/wp-content\/uploads\/2019\/02\/acare-1-1-300x300.jpg\" alt=\"\" width=\"300\" height=\"300\" srcset=\"https:\/\/floridareprofreedom.org\/wp-content\/uploads\/2019\/02\/acare-1-1-300x300.jpg 300w, https:\/\/floridareprofreedom.org\/wp-content\/uploads\/2019\/02\/acare-1-1-150x150.jpg 150w, https:\/\/floridareprofreedom.org\/wp-content\/uploads\/2019\/02\/acare-1-1-768x768.jpg 768w, https:\/\/floridareprofreedom.org\/wp-content\/uploads\/2019\/02\/acare-1-1.jpg 800w\" sizes=\"(max-width: 300px) 100vw, 300px\" \/>C\u00e1c nghi\u00ean c\u1ee9u cho th\u1ea5y khi m\u1ed9t ng\u01b0\u1eddi b\u1ecb t\u1eeb ch\u1ed1i d\u1ecbch v\u1ee5 ph\u00e1 thai, h\u1ecd c\u00f3 nhi\u1ec1u kh\u1ea3 n\u0103ng r\u01a1i v\u00e0o c\u1ea3nh ngh\u00e8o \u0111\u00f3i h\u01a1n nh\u1eefng ng\u01b0\u1eddi \u0111\u01b0\u1ee3c ch\u0103m s\u00f3c c\u1ea7n thi\u1ebft. Sau khi b\u1ecb t\u1eeb ch\u1ed1i ph\u00e1 thai, m\u1ed9t ng\u01b0\u1eddi c\u00f3 nguy c\u01a1 th\u1ea5t nghi\u1ec7p cao g\u1ea5p ba l\u1ea7n so v\u1edbi ng\u01b0\u1eddi \u0111\u01b0\u1ee3c h\u1ed7 tr\u1ee3 ph\u00e1 thai. M\u1eb7t kh\u00e1c, nh\u1eefng ng\u01b0\u1eddi \u0111\u01b0\u1ee3c h\u1ed7 tr\u1ee3 ph\u00e1 thai, so v\u1edbi nh\u1eefng ng\u01b0\u1eddi b\u1ecb t\u1eeb ch\u1ed1i, c\u00f3 kh\u1ea3 n\u0103ng l\u1eadp k\u1ebf ho\u1ea1ch cu\u1ed9c s\u1ed1ng t\u00edch c\u1ef1c v\u00e0 \u0111\u1ea1t \u0111\u01b0\u1ee3c nh\u1eefng k\u1ebf ho\u1ea1ch \u0111\u00f3 cao g\u1ea5p s\u00e1u l\u1ea7n.<\/p>\n<div class=\"row bottom-buffer\">\n<div class=\"col-md-9\">\n<h4><strong>\u0110\u00e3 \u0111\u1ebfn l\u00fac ph\u1ea3i l\u00ean ti\u1ebfng v\u00e0 h\u00e0nh \u0111\u1ed9ng \u0111\u1ec3 \u0111\u1ea3m b\u1ea3o d\u1ecbch v\u1ee5 ph\u00e1 thai \u0111\u01b0\u1ee3c cung c\u1ea5p m\u1ed9t c\u00e1ch t\u00f4n tr\u1ecdng v\u00e0 c\u00f3 ph\u1ea9m gi\u00e1 t\u1ea1i c\u00e1c c\u1ed9ng \u0111\u1ed3ng \u1edf Florida \u2014 v\u00e0 ch\u1ea5m d\u1ee9t nh\u1eefng h\u1ea1n ch\u1ebf d\u1ef1a tr\u00ean tu\u1ed5i t\u00e1c, danh t\u00ednh ho\u1eb7c n\u01a1i ch\u00fang ta sinh s\u1ed1ng.<\/strong><\/h4>\n<p>Li\u00ean minh Ng\u01b0\u1eddi Florida V\u00ec T\u1ef1 Do Sinh S\u1ea3n \u0111ang ki\u1ebfn t\u1ea1o m\u1ed9t t\u01b0\u01a1ng lai b\u1ea3o v\u1ec7 vi\u1ec7c ch\u0103m s\u00f3c ph\u00e1 thai, b\u1ea3o v\u1ec7 c\u00e1c quy\u1ec1n c\u01a1 b\u1ea3n v\u00e0 c\u00f4ng l\u00fd, \u0111\u1ed3ng th\u1eddi t\u00f4n tr\u1ecdng quy\u1ebft \u0111\u1ecbnh c\u1ee7a ch\u00fang ta. Ch\u00fang t\u00f4i \u0111ang huy \u0111\u1ed9ng b\u1ea3y trong m\u01b0\u1eddi ng\u01b0\u1eddi Florida \u1ee7ng h\u1ed9 ph\u00e1 thai h\u1ee3p ph\u00e1p \u0111\u1ec3 g\u00e2y \u00e1p l\u1ef1c l\u00ean t\u00f2a \u00e1n, c\u01a1 quan l\u1eadp ph\u00e1p v\u00e0 Th\u1ed1ng \u0111\u1ed1c. H\u00e3y c\u00f9ng ch\u00fang t\u00f4i t\u0103ng c\u01b0\u1eddng b\u1ea3o v\u1ec7 quy\u1ec1n ph\u00e1 thai v\u00e0 ng\u0103n ch\u1eb7n c\u00e1c cu\u1ed9c t\u1ea5n c\u00f4ng ti\u1ebfp theo v\u00e0o quy\u1ec1n ti\u1ebfp c\u1eadn ph\u00e1 thai. \u0110\u0103ng k\u00fd ngay \u0111\u1ec3 nh\u1eadn th\u00f4ng b\u00e1o h\u00e0nh \u0111\u1ed9ng v\u00e0 th\u00f4ng tin v\u1ec1 vi\u1ec7c tham gia phong tr\u00e0o c\u1ee7a ch\u00fang t\u00f4i.<\/p>\n<\/div>\n<\/div>\n<h4><strong>Ch\u00fang t\u00f4i c\u1ea7n b\u1ea1n tham gia. H\u00e3y tham gia phong tr\u00e0o v\u00ec quy\u1ec1n t\u1ef1 do sinh s\u1ea3n v\u00e0 quy\u1ec1n ph\u00e1 thai ngay h\u00f4m nay.<\/strong><\/h4>\n<p><a href=\"https:\/\/progressflorida.actionkit.com\/signup\/frf-grassroots-signup\" target=\"_blank\" rel=\"noopener\"><button>\u0110\u0103ng k\u00fd \u0111\u1ec3 tham gia<\/button><\/a><\/p>","protected":false},"excerpt":{"rendered":"<p>Seeking an abortion provider? Click here. We take care of our families by taking care of ourselves. Health and safety are basic rights \u2013 as is the freedom to define our own path. Floridians aren\u2019t truly free if we can\u2019t make our own decisions about our bodies, our lives, and our futures\u2014whether that is saying [&hellip;]<\/p>\n","protected":false},"author":4,"featured_media":0,"parent":0,"menu_order":0,"comment_status":"closed","ping_status":"closed","template":"","meta":{"footnotes":""},"folder":[],"class_list":["post-432","page","type-page","status-publish","hentry"],"yoast_head":"<!-- This site is optimized with the Yoast SEO plugin v27.4 - https:\/\/yoast.com\/product\/yoast-seo-wordpress\/ -->\n<title>Abortion is Health Care - Floridians For Reproductive Freedom<\/title>\n<meta name=\"robots\" content=\"index, follow, max-snippet:-1, max-image-preview:large, max-video-preview:-1\" \/>\n<link rel=\"canonical\" href=\"https:\/\/floridareprofreedom.org\/vi\/pha-thai\/\" \/>\n<meta property=\"og:locale\" content=\"vi_VN\" \/>\n<meta property=\"og:type\" content=\"article\" \/>\n<meta property=\"og:title\" content=\"Abortion is Health Care - Floridians For Reproductive Freedom\" \/>\n<meta property=\"og:description\" content=\"Seeking an abortion provider? Click here. We take care of our families by taking care of ourselves. Health and safety are basic rights \u2013 as is the freedom to define our own path. Floridians aren\u2019t truly free if we can\u2019t make our own decisions about our bodies, our lives, and our futures\u2014whether that is saying [&hellip;]\" \/>\n<meta property=\"og:url\" content=\"https:\/\/floridareprofreedom.org\/vi\/pha-thai\/\" \/>\n<meta property=\"og:site_name\" content=\"Floridians For Reproductive Freedom\" \/>\n<meta property=\"article:publisher\" content=\"https:\/\/www.facebook.com\/FloridaReproFreedom\/\" \/>\n<meta property=\"article:modified_time\" content=\"2023-08-17T14:48:27+00:00\" \/>\n<meta property=\"og:image\" content=\"https:\/\/floridareprofreedom.org\/wp-content\/uploads\/2019\/02\/acare-billboard-300x200.jpg\" \/>\n<meta name=\"twitter:card\" content=\"summary_large_image\" \/>\n<meta name=\"twitter:site\" content=\"@FLReproFreedom\" \/>\n<meta name=\"twitter:label1\" content=\"\u01af\u1edbc t\u00ednh th\u1eddi gian \u0111\u1ecdc\" \/>\n\t<meta name=\"twitter:data1\" content=\"3 ph\u00fat\" \/>\n<script type=\"application\/ld+json\" class=\"yoast-schema-graph\">{\"@context\":\"https:\\\/\\\/schema.org\",\"@graph\":[{\"@type\":\"WebPage\",\"@id\":\"https:\\\/\\\/floridareprofreedom.org\\\/abortion\\\/\",\"url\":\"https:\\\/\\\/floridareprofreedom.org\\\/abortion\\\/\",\"name\":\"Abortion is Health Care - Floridians For Reproductive Freedom\",\"isPartOf\":{\"@id\":\"https:\\\/\\\/floridareprofreedom.org\\\/#website\"},\"primaryImageOfPage\":{\"@id\":\"https:\\\/\\\/floridareprofreedom.org\\\/abortion\\\/#primaryimage\"},\"image\":{\"@id\":\"https:\\\/\\\/floridareprofreedom.org\\\/abortion\\\/#primaryimage\"},\"thumbnailUrl\":\"https:\\\/\\\/floridareprofreedom.org\\\/wp-content\\\/uploads\\\/2019\\\/02\\\/acare-billboard-300x200.jpg\",\"datePublished\":\"2019-02-18T21:31:12+00:00\",\"dateModified\":\"2023-08-17T14:48:27+00:00\",\"breadcrumb\":{\"@id\":\"https:\\\/\\\/floridareprofreedom.org\\\/abortion\\\/#breadcrumb\"},\"inLanguage\":\"vi\",\"potentialAction\":[{\"@type\":\"ReadAction\",\"target\":[\"https:\\\/\\\/floridareprofreedom.org\\\/abortion\\\/\"]}]},{\"@type\":\"ImageObject\",\"inLanguage\":\"vi\",\"@id\":\"https:\\\/\\\/floridareprofreedom.org\\\/abortion\\\/#primaryimage\",\"url\":\"https:\\\/\\\/floridareprofreedom.org\\\/wp-content\\\/uploads\\\/2019\\\/02\\\/acare-billboard-300x200.jpg\",\"contentUrl\":\"https:\\\/\\\/floridareprofreedom.org\\\/wp-content\\\/uploads\\\/2019\\\/02\\\/acare-billboard-300x200.jpg\"},{\"@type\":\"BreadcrumbList\",\"@id\":\"https:\\\/\\\/floridareprofreedom.org\\\/abortion\\\/#breadcrumb\",\"itemListElement\":[{\"@type\":\"ListItem\",\"position\":1,\"name\":\"Home\",\"item\":\"https:\\\/\\\/floridareprofreedom.org\\\/\"},{\"@type\":\"ListItem\",\"position\":2,\"name\":\"Abortion is Health Care\"}]},{\"@type\":\"WebSite\",\"@id\":\"https:\\\/\\\/floridareprofreedom.org\\\/#website\",\"url\":\"https:\\\/\\\/floridareprofreedom.org\\\/\",\"name\":\"Floridians For Reproductive Freedom\",\"description\":\"Advocating for convenient, affordable, and safe access to reproductive health care, including abortion.\",\"publisher\":{\"@id\":\"https:\\\/\\\/floridareprofreedom.org\\\/#organization\"},\"potentialAction\":[{\"@type\":\"SearchAction\",\"target\":{\"@type\":\"EntryPoint\",\"urlTemplate\":\"https:\\\/\\\/floridareprofreedom.org\\\/?s={search_term_string}\"},\"query-input\":{\"@type\":\"PropertyValueSpecification\",\"valueRequired\":true,\"valueName\":\"search_term_string\"}}],\"inLanguage\":\"vi\"},{\"@type\":\"Organization\",\"@id\":\"https:\\\/\\\/floridareprofreedom.org\\\/#organization\",\"name\":\"Floridians for Reproductive Freedom\",\"url\":\"https:\\\/\\\/floridareprofreedom.org\\\/\",\"logo\":{\"@type\":\"ImageObject\",\"inLanguage\":\"vi\",\"@id\":\"https:\\\/\\\/floridareprofreedom.org\\\/#\\\/schema\\\/logo\\\/image\\\/\",\"url\":\"https:\\\/\\\/floridareprofreedom.org\\\/wp-content\\\/uploads\\\/2019\\\/05\\\/Untitled.jpg\",\"contentUrl\":\"https:\\\/\\\/floridareprofreedom.org\\\/wp-content\\\/uploads\\\/2019\\\/05\\\/Untitled.jpg\",\"width\":174,\"height\":180,\"caption\":\"Floridians for Reproductive Freedom\"},\"image\":{\"@id\":\"https:\\\/\\\/floridareprofreedom.org\\\/#\\\/schema\\\/logo\\\/image\\\/\"},\"sameAs\":[\"https:\\\/\\\/www.facebook.com\\\/FloridaReproFreedom\\\/\",\"https:\\\/\\\/x.com\\\/FLReproFreedom\",\"https:\\\/\\\/www.instagram.com\\\/floridareprofreedom\\\/\"]}]}<\/script>\n<!-- \/ Yoast SEO plugin. -->","yoast_head_json":{"title":"Ph\u00e1 thai l\u00e0 ch\u0103m s\u00f3c s\u1ee9c kh\u1ecfe - Ng\u01b0\u1eddi Florida v\u00ec quy\u1ec1n t\u1ef1 do sinh s\u1ea3n","robots":{"index":"index","follow":"follow","max-snippet":"max-snippet:-1","max-image-preview":"max-image-preview:large","max-video-preview":"max-video-preview:-1"},"canonical":"https:\/\/floridareprofreedom.org\/vi\/pha-thai\/","og_locale":"vi_VN","og_type":"article","og_title":"Abortion is Health Care - Floridians For Reproductive Freedom","og_description":"Seeking an abortion provider? Click here. We take care of our families by taking care of ourselves. Health and safety are basic rights \u2013 as is the freedom to define our own path. Floridians aren\u2019t truly free if we can\u2019t make our own decisions about our bodies, our lives, and our futures\u2014whether that is saying [&hellip;]","og_url":"https:\/\/floridareprofreedom.org\/vi\/pha-thai\/","og_site_name":"Floridians For Reproductive Freedom","article_publisher":"https:\/\/www.facebook.com\/FloridaReproFreedom\/","article_modified_time":"2023-08-17T14:48:27+00:00","og_image":[{"url":"https:\/\/floridareprofreedom.org\/wp-content\/uploads\/2019\/02\/acare-billboard-300x200.jpg","type":"","width":"","height":""}],"twitter_card":"summary_large_image","twitter_site":"@FLReproFreedom","twitter_misc":{"\u01af\u1edbc t\u00ednh th\u1eddi gian \u0111\u1ecdc":"3 ph\u00fat"},"schema":{"@context":"https:\/\/schema.org","@graph":[{"@type":"WebPage","@id":"https:\/\/floridareprofreedom.org\/abortion\/","url":"https:\/\/floridareprofreedom.org\/abortion\/","name":"Ph\u00e1 thai l\u00e0 ch\u0103m s\u00f3c s\u1ee9c kh\u1ecfe - Ng\u01b0\u1eddi Florida v\u00ec quy\u1ec1n t\u1ef1 do sinh s\u1ea3n","isPartOf":{"@id":"https:\/\/floridareprofreedom.org\/#website"},"primaryImageOfPage":{"@id":"https:\/\/floridareprofreedom.org\/abortion\/#primaryimage"},"image":{"@id":"https:\/\/floridareprofreedom.org\/abortion\/#primaryimage"},"thumbnailUrl":"https:\/\/floridareprofreedom.org\/wp-content\/uploads\/2019\/02\/acare-billboard-300x200.jpg","datePublished":"2019-02-18T21:31:12+00:00","dateModified":"2023-08-17T14:48:27+00:00","breadcrumb":{"@id":"https:\/\/floridareprofreedom.org\/abortion\/#breadcrumb"},"inLanguage":"vi","potentialAction":[{"@type":"ReadAction","target":["https:\/\/floridareprofreedom.org\/abortion\/"]}]},{"@type":"ImageObject","inLanguage":"vi","@id":"https:\/\/floridareprofreedom.org\/abortion\/#primaryimage","url":"https:\/\/floridareprofreedom.org\/wp-content\/uploads\/2019\/02\/acare-billboard-300x200.jpg","contentUrl":"https:\/\/floridareprofreedom.org\/wp-content\/uploads\/2019\/02\/acare-billboard-300x200.jpg"},{"@type":"BreadcrumbList","@id":"https:\/\/floridareprofreedom.org\/abortion\/#breadcrumb","itemListElement":[{"@type":"ListItem","position":1,"name":"Home","item":"https:\/\/floridareprofreedom.org\/"},{"@type":"ListItem","position":2,"name":"Abortion is Health Care"}]},{"@type":"WebSite","@id":"https:\/\/floridareprofreedom.org\/#website","url":"https:\/\/floridareprofreedom.org\/","name":"Ng\u01b0\u1eddi Florida v\u00ec T\u1ef1 do Sinh s\u1ea3n","description":"V\u1eadn \u0111\u1ed9ng cho vi\u1ec7c ti\u1ebfp c\u1eadn d\u1ecbch v\u1ee5 ch\u0103m s\u00f3c s\u1ee9c kh\u1ecfe sinh s\u1ea3n, bao g\u1ed3m c\u1ea3 ph\u00e1 thai, m\u1ed9t c\u00e1ch thu\u1eadn ti\u1ec7n, gi\u00e1 c\u1ea3 ph\u1ea3i ch\u0103ng v\u00e0 an to\u00e0n.","publisher":{"@id":"https:\/\/floridareprofreedom.org\/#organization"},"potentialAction":[{"@type":"SearchAction","target":{"@type":"EntryPoint","urlTemplate":"https:\/\/floridareprofreedom.org\/?s={search_term_string}"},"query-input":{"@type":"PropertyValueSpecification","valueRequired":true,"valueName":"search_term_string"}}],"inLanguage":"vi"},{"@type":"Organization","@id":"https:\/\/floridareprofreedom.org\/#organization","name":"Ng\u01b0\u1eddi Florida v\u00ec T\u1ef1 do Sinh s\u1ea3n","url":"https:\/\/floridareprofreedom.org\/","logo":{"@type":"ImageObject","inLanguage":"vi","@id":"https:\/\/floridareprofreedom.org\/#\/schema\/logo\/image\/","url":"https:\/\/floridareprofreedom.org\/wp-content\/uploads\/2019\/05\/Untitled.jpg","contentUrl":"https:\/\/floridareprofreedom.org\/wp-content\/uploads\/2019\/05\/Untitled.jpg","width":174,"height":180,"caption":"Floridians for Reproductive Freedom"},"image":{"@id":"https:\/\/floridareprofreedom.org\/#\/schema\/logo\/image\/"},"sameAs":["https:\/\/www.facebook.com\/FloridaReproFreedom\/","https:\/\/x.com\/FLReproFreedom","https:\/\/www.instagram.com\/floridareprofreedom\/"]}]}},"_links":{"self":[{"href":"https:\/\/floridareprofreedom.org\/vi\/wp-json\/wp\/v2\/pages\/432","targetHints":{"allow":["GET"]}}],"collection":[{"href":"https:\/\/floridareprofreedom.org\/vi\/wp-json\/wp\/v2\/pages"}],"about":[{"href":"https:\/\/floridareprofreedom.org\/vi\/wp-json\/wp\/v2\/types\/page"}],"author":[{"embeddable":true,"href":"https:\/\/floridareprofreedom.org\/vi\/wp-json\/wp\/v2\/users\/4"}],"replies":[{"embeddable":true,"href":"https:\/\/floridareprofreedom.org\/vi\/wp-json\/wp\/v2\/comments?post=432"}],"version-history":[{"count":56,"href":"https:\/\/floridareprofreedom.org\/vi\/wp-json\/wp\/v2\/pages\/432\/revisions"}],"predecessor-version":[{"id":2895,"href":"https:\/\/floridareprofreedom.org\/vi\/wp-json\/wp\/v2\/pages\/432\/revisions\/2895"}],"wp:attachment":[{"href":"https:\/\/floridareprofreedom.org\/vi\/wp-json\/wp\/v2\/media?parent=432"}],"wp:term":[{"taxonomy":"folder","embeddable":true,"href":"https:\/\/floridareprofreedom.org\/vi\/wp-json\/wp\/v2\/folder?post=432"}],"curies":[{"name":"wp","href":"https:\/\/api.w.org\/{rel}","templated":true}]}}