{"id":490,"date":"2019-02-28T14:10:16","date_gmt":"2019-02-28T14:10:16","guid":{"rendered":"https:\/\/floridareprofreedom.org\/?page_id=490"},"modified":"2019-03-07T16:11:44","modified_gmt":"2019-03-07T16:11:44","slug":"pha-thai-3","status":"publish","type":"page","link":"https:\/\/floridareprofreedom.org\/vi\/aborto\/","title":{"rendered":"B\u1ecf thai m\u1ed9t c\u00e1ch an to\u00e0n v\u00e0 c\u00f3 th\u1ec3 ti\u1ebfp c\u1eadn \u0111\u01b0\u1ee3c v\u1edbi b\u00e1c s\u0129"},"content":{"rendered":"<div class=\"row bottom-buffer\" style=\"background: #eee;\">\n<div class=\"col-md-4\" style=\"padding: 1.5em;\"><img decoding=\"async\" src=\"\/wp-content\/uploads\/2019\/02\/acare-2.jpg\" \/><\/div>\n<div class=\"col-md-8\" style=\"padding: 1.5em;\">\n<h4><strong>Las mujeres cuidan mejor de sus familias cuando se cuidan a s\u00ed mismas.<\/strong><\/h4>\n<h4>B\u1ea1n c\u00f3 th\u1ec3 truy c\u1eadp \u0111\u1ec3 h\u1ee7y b\u1ecf b\u00ed m\u1eadt ph\u00e1p l\u00fd v\u00e0 l\u00e0 m\u1ed9t ph\u1ea7n c\u1ee7a h\u1ec7 th\u1ed1ng c\u1ee9u h\u1ed9 c\u00e1 nh\u00e2n. M\u1ed9t trong nh\u1eefng m\u00f3n \u0111\u1ed3 c\u1ee7a b\u1ea1n s\u1ebd tr\u1edf th\u00e0nh hi\u1ec7n th\u1ef1c. Chuy\u1ec3n \u0111\u1ed5i c\u00e1c linh m\u1ee5c th\u00e0nh m\u1ed9t trong nh\u1eefng quy\u1ebft \u0111\u1ecbnh quan tr\u1ecdng nh\u1ea5t trong cu\u1ed9c s\u1ed1ng m\u1edbi. Cuando somos libres de tomar las mejores Decisions para nuestro diario vivir, nuestras gia \u0111\u00ecnh ti\u1ebfn b\u1ed9 v\u00e0 ng\u01b0\u1eddi tham gia c\u00f3 gi\u00e1 tr\u1ecb v\u00e0 igualdad de comunidades Floridanas nhi\u1ec1u h\u01a1n fuertes v\u00e0 inclusivas.<\/h4>\n<\/div>\n<\/div>\n<h4><strong>L\u1eddi ch\u00e0o v\u00e0 s\u1ef1 b\u1ea3o \u0111\u1ea3m an to\u00e0n cho b\u1ea1n, gi\u1ed1ng nh\u01b0 s\u1ef1 t\u1ef1 do c\u1ee7a b\u1ea1n, c\u00f3 th\u1ec3 \u0111\u01b0\u1ee3c x\u00e1c \u0111\u1ecbnh l\u00e0 m\u1ed9t camino m\u1edbi.<\/strong><\/h4>\n<p>Los Floridanos no son del todo libres si no tienen autonom\u00eda h\u1ea1 s\u0129 v\u00e0 si no pueden decidir sobre sus vidas o futuros, ya sea rechazando avances sexes, dici\u00e9ndole \u201cno\u201d a un embarazo no deseado, o \u0111\u01a1n gi\u1ea3n v\u1edbi m\u1ed9t \u201cs\u00ed\u201d m\u1ed9t ng\u01b0\u1eddi c\u1ea3i \u0111\u1ea1o trong c\u00e1c linh m\u1ee5c. N\u1ebfu b\u1ea1n quy\u1ebft \u0111\u1ecbnh th\u1ef1c hi\u1ec7n vi\u1ec7c ph\u00e1 thai, \u0111i\u1ec1u \u0111\u00f3 c\u00f3 th\u1ec3 x\u1ea3y ra m\u1ed9t c\u00e1ch c\u00f4ng b\u1eb1ng v\u00e0 mi\u1ec5n ph\u00ed cho vi\u1ec7c h\u00ecnh s\u1ef1 h\u00f3a ho\u1eb7c th\u00e0nh ki\u1ebfn.<\/p>\n<h4><strong>T\u1ea1i t\u1ea5t c\u1ea3 nh\u1eefng n\u01a1i \u1edf Florida, c\u00e1c ch\u00ednh tr\u1ecb gia ch\u1ed1ng ch\u1ebf \u0111\u1ed9 n\u00f4 l\u1ec7 \u0111\u00e3 c\u1ed1 g\u1eafng h\u1ebft s\u1ee9c \u0111\u1ec3 ng\u0103n ch\u1eb7n vi\u1ec7c ph\u00e1 thai m\u1ed9t c\u00e1ch h\u1ee3p ph\u00e1p, an to\u00e0n v\u00e0 c\u00f3 th\u1ec3 ti\u1ebfp c\u1eadn \u0111\u01b0\u1ee3c.<\/strong><\/h4>\n<p><img fetchpriority=\"high\" decoding=\"async\" class=\"alignright\" src=\"\/wp-content\/uploads\/2019\/03\/oneinfour-espanol.jpg\" width=\"250\" height=\"250\" \/>V\u00ec v\u1eady, c\u00e1c nh\u00e0 l\u1eadp ph\u00e1p ch\u1ed1ng l\u1ea1i s\u1ef1 \u1ee7ng h\u1ed9 c\u00e1c bi\u1ec7n ph\u00e1p ng\u0103n ch\u1eb7n vi\u1ec7c bus c\u00f3 th\u1ec3 th\u1ef1c hi\u1ec7n c\u00e1c h\u1ea1n ch\u1ebf v\u1ec1 y t\u1ebf v\u00e0 ch\u00ednh tr\u1ecb m\u00e0 con ng\u01b0\u1eddi kh\u00f4ng c\u1ea7n thi\u1ebft. Han estado ocupados creando una red de barreras para que el aborto seguro sea inaccesible para las mujeres pobres, la gente joven y las Personas de color. V\u00ec v\u1eady, \u00f4ng \u0111\u00e3 \u0111i\u1ec1u ph\u1ed1i con trai m\u00ecnh th\u00e0nh m\u1ed9t ph\u1ea7n qu\u1ed1c gia nh\u1ecf nh\u01b0 m\u1ed9t ph\u1ea7n c\u1ee7a ch\u01b0\u01a1ng tr\u00ecnh ngh\u1ecb s\u1ef1, v\u00ec v\u1eady cu\u1ed1i c\u00f9ng n\u00f3 c\u00f3 th\u1ec3 b\u1ecb ng\u0103n c\u1ea3n b\u1edfi vi\u1ec7c ho\u00e0n th\u00e0nh vi\u1ec7c h\u1ee7y b\u1ecf \u0111\u1ec3 \u0111\u1ea3m b\u1ea3o h\u1ee3p ph\u00e1p. <\/p>\n<p>C\u00e1c nh\u00e0 l\u1eadp ph\u00e1p ch\u1ed1ng ph\u00e1 thai \u1edf hi\u1ec7n t\u1ea1i v\u00e0 \u00e1p d\u1ee5ng c\u00e1c bi\u1ec7n ph\u00e1p l\u1eadp ph\u00e1p ho\u1eb7c tratando de imitar c\u00e1c c\u01a1 quan l\u1eadp ph\u00e1p c\u1ee7a c\u00e1c qu\u1ed1c gia kh\u00e1c c\u00f3 ngh\u0129a v\u1ee5 ph\u1ea3i ch\u1ee9ng minh r\u1eb1ng h\u1ecd c\u00f3 th\u1ec3 gi\u00fap \u0111\u1ee1 m\u1ed9t ng\u01b0\u1eddi c\u00f3 t\u00e2m tr\u00ed v\u00e0 m\u1ed9t s\u1ed1 th\u1ee7 t\u1ee5c y t\u1ebf c\u1ea7n thi\u1ebft v\u00e0 x\u00e2m l\u1ea5n. Leyes que requieren penalidades or est\u00e1ndares m\u00e1s altos para los provenores de borto que no las tienen otros provenes de salud, son otro c\u00f3 \u00fd \u0111\u1ecbnh tr\u1eafng tr\u1ee3n v\u00ec que las clinicas tengan que cerrar sus puertas al public. Tr\u00ean th\u1ef1c t\u1ebf, c\u00f3 70 kh\u00e1ch s\u1ea1n \u1edf Florida kh\u00f4ng c\u00f3 d\u1ecbch v\u1ee5 ph\u00e1 thai n\u00e0o g\u1ea7n \u0111\u00e2y. <\/p>\n<h4><strong>Ngh\u0129a v\u1ee5 c\u1ee7a m\u1ed9t ng\u01b0\u1eddi l\u00e0 m\u1ed9t ng\u01b0\u1eddi c\u00f3 nguy c\u01a1 b\u1ecb m\u1eafc k\u1eb9t kh\u00f4ng ph\u1ea3i l\u00e0 c\u00f3 th\u1ec3 l\u00e0m cho c\u00f4 \u1ea5y c\u1ea3m x\u00fac t\u00e0n ph\u00e1 v\u00e0 \u0111au kh\u1ed5 trong las mujeres v\u00e0 gia \u0111\u00ecnh.<\/strong><\/h4>\n<p>Estudios demuestran que cuando a a mujer se le niega el derecho de obtener un aborto seguro, c\u00f3 nhi\u1ec1u kh\u1ea3 n\u0103ng l\u00e0 b\u1ea1n s\u1ebd ch\u1ea5m d\u1ee9t m\u1ed9t c\u00f4ng vi\u1ec7c m\u00e0 b\u1ea1n c\u00f3 th\u1ec3 nh\u1eadn \u0111\u01b0\u1ee3c tr\u1ee3 gi\u00fap y t\u1ebf. Por otro lado, mujeres que reciben servicios de interrupci\u00f3n de embarazo en so s\u00e1nh v\u1edbi las que no reciben la asistencia, son seis veces m\u00e1s propensas a lograr sus metas ya llevar una vida m\u00e1s positiva.<\/p>\n<div class=\"row bottom-buffer\">\n<div class=\"col-md-3\"><img decoding=\"async\" src=\"\/wp-content\/uploads\/2019\/03\/acare-1-espanol.jpg\" \/><\/div>\n<div class=\"col-md-9\">\n<h4><strong>\u0110\u00e2y l\u00e0 kho\u1ea3nh kh\u1eafc cu\u1ed1i c\u00f9ng c\u1ee7a b\u1ea1n v\u00e0 quy\u1ebft \u0111\u1ecbnh hi\u1ec7n t\u1ea1i \u0111\u1ec3 \u0111\u1ea3m b\u1ea3o vi\u1ec7c h\u1ee7y b\u1ecf b\u00ed m\u1eadt v\u00e0 h\u1ee3p ph\u00e1p l\u00e0 m\u1ed9t \u0111i\u1ec1u v\u00f4 ngh\u0129a \u0111\u1ed1i v\u1edbi c\u00e1c c\u1ed9ng \u0111\u1ed3ng \u1edf Florida. Kho\u1ea3nh kh\u1eafc n\u00e0y s\u1ebd k\u1ebft th\u00fac \u1edf nh\u1eefng h\u1ea1n ch\u1ebf c\u01a1 b\u1ea3n v\u00e0 \u0111\u00e3 \u0111\u01b0\u1ee3c ch\u1ec9nh s\u1eeda, \u0111\u01b0\u1ee3c x\u00e1c \u0111\u1ecbnh b\u1edfi b\u01b0u \u0111i\u1ec7n c\u00f3 digo de donde vivimos.<\/strong><\/h4>\n<p>T\u1ed5 ch\u1ee9c Floridians v\u00ec T\u1ef1 do Sinh s\u1ea3n l\u00e0 m\u1ed9t li\u00ean minh c\u00f3 li\u00ean quan \u0111\u1ebfn vi\u1ec7c t\u1ea1o ra m\u1ed9t t\u01b0\u01a1ng lai b\u1ea3o v\u1ec7 ng\u01b0\u1eddi \u0111\u01b0\u1ee3c ti\u1ebfp c\u1eadn d\u1ecbch v\u1ee5 ph\u00e1 thai theo quy \u0111\u1ecbnh, th\u00e1ch th\u1ee9c c\u00e1c quy\u1ec1n c\u00f4ng l\u00fd v\u00e0 t\u00f4n tr\u1ecdng qu\u00e1 tr\u00ecnh \u0111\u01b0a ra c\u00e1c quy\u1ebft \u0111\u1ecbnh c\u1ee7a c\u00e1 nh\u00e2n. Estamos movilizando 7 v\u00e0 10 Florida que respaldan el aborto ph\u00e1p l\u00fd \u0111\u1ec3 ti\u1ebfp t\u1ee5c \u00e1p d\u1ee5ng h\u1ec7 th\u1ed1ng t\u01b0 ph\u00e1p, c\u01a1 quan l\u1eadp ph\u00e1p v\u00e0 ch\u00ednh quy\u1ec1n. H\u00e3y t\u00ecm c\u00e1ch b\u1ea3o v\u1ec7 c\u00e1c bi\u1ec7n ph\u00e1p b\u1ea3o v\u1ec7 hi\u1ec7n c\u00f3 khi ph\u00e1 thai v\u00e0 giam gi\u1eef nh\u1eefng \u0111i\u1ec1u b\u1ed5 sung. Ch\u1ee9ng minh d\u1eef li\u1ec7u c\u1ee7a b\u1ea1n v\u1ec1 c\u00e1c c\u1ea3nh b\u00e1o nh\u1eadn \u0111\u01b0\u1ee3c, b\u00e1o c\u00e1o h\u00e0nh \u0111\u1ed9ng v\u00e0 th\u00f4ng tin c\u00f3 th\u1ec3 t\u00edch h\u1ee3p v\u00e0o m\u1ed9t b\u1ed9 phim.<\/p>\n<\/div>\n<\/div>\n<form class=\"action_form\" accept-charset=\"utf-8\" action=\"https:\/\/act.progressflorida.org\/act\/\" method=\"POST\" name=\"act\"><input name=\"page\" type=\"hidden\" value=\"frf-grassroots\" \/><\/p>\n<div class=\"form-row\">\n<div class=\"field-group col-md-6\"><label for=\"id_first_name\"><br \/>\nT\u00ean<span class=\"ak-required-flag\">*<\/span><br \/>\n<\/label><br \/>\n<input id=\"id_first_name\" class=\"form-control\" name=\"first_name\" type=\"text\" \/><\/div>\n<div class=\"field-group col-md-6\"><label for=\"id_last_name\"><br \/>\nApellido<span class=\"ak-required-flag\">*<\/span><br \/>\n<\/label><br \/>\n<input id=\"id_last_name\" class=\"form-control\" name=\"last_name\" type=\"text\" \/><\/div>\n<\/div>\n<div class=\"field-group\"><label for=\"id_email\"><br \/>\nCorreo Electr\u00f3nico<span class=\"ak-required-flag\">*<\/span><br \/>\n<\/label><br \/>\n<input id=\"id_email\" class=\"form-control\" name=\"email\" type=\"text\" \/><\/div>\n<div class=\"field-group\"><label for=\"id_address1\"><br \/>\nCh\u1ec9 \u0111\u1ea1o<br \/>\n<\/label><br \/>\n<input id=\"id_address1\" class=\"form-control\" name=\"address1\" type=\"text\" \/><\/div>\n<div class=\"form-row\">\n<div class=\"field-group col-md-6\"><label for=\"id_city\"><br \/>\nTh\u00e0nh ph\u1ed1<br \/>\n<\/label><br \/>\n<input id=\"id_city\" class=\"form-control\" name=\"city\" type=\"text\" \/><\/div>\n<div class=\"field-group col-md-4\"><label for=\"id_state\"><br \/>\nNh\u00e0 n\u01b0\u1edbc<br \/>\n<\/label><br \/>\n<select id=\"id_state\" class=\"form-control\" name=\"state\"><option value=\"\">T\u00ecnh tr\u1ea1ng<\/option><option value=\"AL\">Alabama<\/option><option value=\"AK\">Alaska<\/option><option value=\"AZ\">Arizona<\/option><option value=\"AR\">Arkansas<\/option><option value=\"CA\">California<\/option><option value=\"CO\">Colorado<\/option><option value=\"CT\">Connecticut<\/option><option value=\"DE\">Delaware<\/option><option value=\"DC\">Qu\u1eadn Columbia<\/option><option value=\"FL\">Florida<\/option><option value=\"GA\">Georgia<\/option><option value=\"HI\">Hawaii<\/option><option value=\"ID\">Idaho<\/option><option value=\"IL\">Illinois<\/option><option value=\"IN\">Indiana<\/option><option value=\"IA\">Iowa<\/option><option value=\"KS\">Kansas<\/option><option value=\"KY\">Kentucky<\/option><option value=\"LA\">Louisiana<\/option><option value=\"ME\">Maine<\/option><option value=\"MD\">Maryland<\/option><option value=\"MA\">Massachusetts<\/option><option value=\"MI\">Michigan<\/option><option value=\"MN\">Minnesota<\/option><option value=\"MS\">Mississippi<\/option><option value=\"MO\">Missouri<\/option><option value=\"MT\">Montana<\/option><option value=\"NE\">Nebraska<\/option><option value=\"NV\">Nevada<\/option><option value=\"NH\">New Hampshire<\/option><option value=\"NJ\">New Jersey<\/option><option value=\"NM\">New Mexico<\/option><option value=\"NY\">New York<\/option><option value=\"NC\">B\u1eafc Carolina<\/option><option value=\"ND\">B\u1eafc Dakota<\/option><option value=\"OH\">Ohio<\/option><option value=\"OK\">Oklahoma<\/option><option value=\"OR\">Oregon<\/option><option value=\"PA\">Pennsylvania<\/option><option value=\"RI\">\u0110\u1ea3o Rhode<\/option><option value=\"SC\">Nam Carolina<\/option><option value=\"SD\">Nam Dakota<\/option><option value=\"TN\">Tennessee<\/option><option value=\"TX\">Texas<\/option><option value=\"UT\">Utah<\/option><option value=\"VT\">Vermont<\/option><option value=\"VA\">Virginia<\/option><option value=\"WA\">Washington<\/option><option value=\"DC\">Washington, DC<\/option><option value=\"WV\">T\u00e2y Virginia<\/option><option value=\"WI\">Wisconsin<\/option><option value=\"WY\">Wyoming<\/option><\/select><\/div>\n<div class=\"field-group col-md-2\"><label for=\"id_zip\"><br \/>\nM\u00e3 b\u01b0u ch\u00ednh<span class=\"ak-required-flag\">*<\/span><br \/>\n<\/label><br \/>\n<input id=\"id_zip\" class=\"form-control\" name=\"zip\" type=\"text\" \/><\/div>\n<\/div>\n<div class=\"field-group\"><label for=\"id_phone\"><br \/>\n\u0110i\u1ec7n tho\u1ea1i<br \/>\n<\/label><br \/>\n<input id=\"id_phone\" class=\"form-control\" name=\"phone\" type=\"text\" \/><\/div>\n<p><input name=\"country\" type=\"hidden\" value=\"United States\" \/><\/p>\n<p><button class=\"btn\" type=\"submit\">Ghi ch\u00e9p<\/button><br \/>\n<small class=\"text-muted\"><br \/>\nNg\u01b0\u1eddi ch\u1ee9ng minh th\u00f4ng tin c\u00e1 nh\u00e2n c\u1ee7a t\u00f4i c\u00f3 \u0111\u01b0\u1ee3c s\u1ef1 \u0111\u1ed3ng \u00fd c\u1ee7a ng\u01b0\u1eddi d\u00e2n Floridians v\u00ec quy\u1ec1n t\u1ef1 do sinh s\u1ea3n v\u00e0 b\u00ed danh c\u1ee7a h\u1ecd \u0111\u1ec3 t\u00f4i li\u00ean h\u1ec7 v\u1edbi b\u1ea1n trong t\u01b0\u01a1ng lai c\u1ee7a c\u00e1c chi\u1ebfn d\u1ecbch.<br \/>\n<\/small><\/p>\n<\/form>","protected":false},"excerpt":{"rendered":"<p>Las mujeres cuidan mejor de sus familias cuando se cuidan a s\u00ed mismas. Tener acceso a un aborto seguro y legal es parte del sistema de cuidado de salud de los individuos. Una de cuatro mujeres se realiza uno. Convertirnos en padres es una de las decisiones m\u00e1s importantes de nuestras vidas. Cuando somos libres [&hellip;]<\/p>\n","protected":false},"author":4,"featured_media":0,"parent":0,"menu_order":0,"comment_status":"closed","ping_status":"closed","template":"","meta":{"footnotes":""},"folder":[],"class_list":["post-490","page","type-page","status-publish","hentry"],"yoast_head":"<!-- This site is optimized with the Yoast SEO plugin v27.4 - https:\/\/yoast.com\/product\/yoast-seo-wordpress\/ -->\n<title>Un aborto seguro y accesible es cuidado m\u00e9dico - Floridians For Reproductive Freedom<\/title>\n<meta name=\"robots\" content=\"index, follow, max-snippet:-1, max-image-preview:large, max-video-preview:-1\" \/>\n<link rel=\"canonical\" href=\"https:\/\/floridareprofreedom.org\/vi\/pha-thai-3\/\" \/>\n<meta property=\"og:locale\" content=\"vi_VN\" \/>\n<meta property=\"og:type\" content=\"article\" \/>\n<meta property=\"og:title\" content=\"Un aborto seguro y accesible es cuidado m\u00e9dico - Floridians For Reproductive Freedom\" \/>\n<meta property=\"og:description\" content=\"Las mujeres cuidan mejor de sus familias cuando se cuidan a s\u00ed mismas. Tener acceso a un aborto seguro y legal es parte del sistema de cuidado de salud de los individuos. Una de cuatro mujeres se realiza uno. Convertirnos en padres es una de las decisiones m\u00e1s importantes de nuestras vidas. Cuando somos libres [&hellip;]\" \/>\n<meta property=\"og:url\" content=\"https:\/\/floridareprofreedom.org\/vi\/pha-thai-3\/\" \/>\n<meta property=\"og:site_name\" content=\"Floridians For Reproductive Freedom\" \/>\n<meta property=\"article:publisher\" content=\"https:\/\/www.facebook.com\/FloridaReproFreedom\/\" \/>\n<meta property=\"article:modified_time\" content=\"2019-03-07T16:11:44+00:00\" \/>\n<meta property=\"og:image\" content=\"https:\/\/floridareprofreedom.org\/wp-content\/uploads\/2019\/02\/acare-2.jpg\" \/>\n<meta name=\"twitter:card\" content=\"summary_large_image\" \/>\n<meta name=\"twitter:site\" content=\"@FLReproFreedom\" \/>\n<meta name=\"twitter:label1\" content=\"\u01af\u1edbc t\u00ednh th\u1eddi gian \u0111\u1ecdc\" \/>\n\t<meta name=\"twitter:data1\" content=\"4 ph\u00fat\" \/>\n<script type=\"application\/ld+json\" class=\"yoast-schema-graph\">{\"@context\":\"https:\\\/\\\/schema.org\",\"@graph\":[{\"@type\":\"WebPage\",\"@id\":\"https:\\\/\\\/floridareprofreedom.org\\\/aborto\\\/\",\"url\":\"https:\\\/\\\/floridareprofreedom.org\\\/aborto\\\/\",\"name\":\"Un aborto seguro y accesible es cuidado m\u00e9dico - Floridians For Reproductive Freedom\",\"isPartOf\":{\"@id\":\"https:\\\/\\\/floridareprofreedom.org\\\/#website\"},\"datePublished\":\"2019-02-28T14:10:16+00:00\",\"dateModified\":\"2019-03-07T16:11:44+00:00\",\"breadcrumb\":{\"@id\":\"https:\\\/\\\/floridareprofreedom.org\\\/aborto\\\/#breadcrumb\"},\"inLanguage\":\"vi\",\"potentialAction\":[{\"@type\":\"ReadAction\",\"target\":[\"https:\\\/\\\/floridareprofreedom.org\\\/aborto\\\/\"]}]},{\"@type\":\"BreadcrumbList\",\"@id\":\"https:\\\/\\\/floridareprofreedom.org\\\/aborto\\\/#breadcrumb\",\"itemListElement\":[{\"@type\":\"ListItem\",\"position\":1,\"name\":\"Home\",\"item\":\"https:\\\/\\\/floridareprofreedom.org\\\/\"},{\"@type\":\"ListItem\",\"position\":2,\"name\":\"Un aborto seguro y accesible es cuidado m\u00e9dico\"}]},{\"@type\":\"WebSite\",\"@id\":\"https:\\\/\\\/floridareprofreedom.org\\\/#website\",\"url\":\"https:\\\/\\\/floridareprofreedom.org\\\/\",\"name\":\"Floridians For Reproductive Freedom\",\"description\":\"Advocating for convenient, affordable, and safe access to reproductive health care, including abortion.\",\"publisher\":{\"@id\":\"https:\\\/\\\/floridareprofreedom.org\\\/#organization\"},\"potentialAction\":[{\"@type\":\"SearchAction\",\"target\":{\"@type\":\"EntryPoint\",\"urlTemplate\":\"https:\\\/\\\/floridareprofreedom.org\\\/?s={search_term_string}\"},\"query-input\":{\"@type\":\"PropertyValueSpecification\",\"valueRequired\":true,\"valueName\":\"search_term_string\"}}],\"inLanguage\":\"vi\"},{\"@type\":\"Organization\",\"@id\":\"https:\\\/\\\/floridareprofreedom.org\\\/#organization\",\"name\":\"Floridians for Reproductive Freedom\",\"url\":\"https:\\\/\\\/floridareprofreedom.org\\\/\",\"logo\":{\"@type\":\"ImageObject\",\"inLanguage\":\"vi\",\"@id\":\"https:\\\/\\\/floridareprofreedom.org\\\/#\\\/schema\\\/logo\\\/image\\\/\",\"url\":\"https:\\\/\\\/floridareprofreedom.org\\\/wp-content\\\/uploads\\\/2019\\\/05\\\/Untitled.jpg\",\"contentUrl\":\"https:\\\/\\\/floridareprofreedom.org\\\/wp-content\\\/uploads\\\/2019\\\/05\\\/Untitled.jpg\",\"width\":174,\"height\":180,\"caption\":\"Floridians for Reproductive Freedom\"},\"image\":{\"@id\":\"https:\\\/\\\/floridareprofreedom.org\\\/#\\\/schema\\\/logo\\\/image\\\/\"},\"sameAs\":[\"https:\\\/\\\/www.facebook.com\\\/FloridaReproFreedom\\\/\",\"https:\\\/\\\/x.com\\\/FLReproFreedom\",\"https:\\\/\\\/www.instagram.com\\\/floridareprofreedom\\\/\"]}]}<\/script>\n<!-- \/ Yoast SEO plugin. -->","yoast_head_json":{"title":"Ph\u00e1 thai c\u00e1ch ly v\u00e0 c\u00f3 th\u1ec3 ti\u1ebfp c\u1eadn \u0111\u01b0\u1ee3c v\u1edbi b\u00e1c s\u0129 - Floridians For Reproduction Freedom","robots":{"index":"index","follow":"follow","max-snippet":"max-snippet:-1","max-image-preview":"max-image-preview:large","max-video-preview":"max-video-preview:-1"},"canonical":"https:\/\/floridareprofreedom.org\/vi\/pha-thai-3\/","og_locale":"vi_VN","og_type":"article","og_title":"Un aborto seguro y accesible es cuidado m\u00e9dico - Floridians For Reproductive Freedom","og_description":"Las mujeres cuidan mejor de sus familias cuando se cuidan a s\u00ed mismas. Tener acceso a un aborto seguro y legal es parte del sistema de cuidado de salud de los individuos. Una de cuatro mujeres se realiza uno. Convertirnos en padres es una de las decisiones m\u00e1s importantes de nuestras vidas. Cuando somos libres [&hellip;]","og_url":"https:\/\/floridareprofreedom.org\/vi\/pha-thai-3\/","og_site_name":"Floridians For Reproductive Freedom","article_publisher":"https:\/\/www.facebook.com\/FloridaReproFreedom\/","article_modified_time":"2019-03-07T16:11:44+00:00","og_image":[{"url":"https:\/\/floridareprofreedom.org\/wp-content\/uploads\/2019\/02\/acare-2.jpg","type":"","width":"","height":""}],"twitter_card":"summary_large_image","twitter_site":"@FLReproFreedom","twitter_misc":{"\u01af\u1edbc t\u00ednh th\u1eddi gian \u0111\u1ecdc":"4 ph\u00fat"},"schema":{"@context":"https:\/\/schema.org","@graph":[{"@type":"WebPage","@id":"https:\/\/floridareprofreedom.org\/aborto\/","url":"https:\/\/floridareprofreedom.org\/aborto\/","name":"Ph\u00e1 thai c\u00e1ch ly v\u00e0 c\u00f3 th\u1ec3 ti\u1ebfp c\u1eadn \u0111\u01b0\u1ee3c v\u1edbi b\u00e1c s\u0129 - Floridians For Reproduction Freedom","isPartOf":{"@id":"https:\/\/floridareprofreedom.org\/#website"},"datePublished":"2019-02-28T14:10:16+00:00","dateModified":"2019-03-07T16:11:44+00:00","breadcrumb":{"@id":"https:\/\/floridareprofreedom.org\/aborto\/#breadcrumb"},"inLanguage":"vi","potentialAction":[{"@type":"ReadAction","target":["https:\/\/floridareprofreedom.org\/aborto\/"]}]},{"@type":"BreadcrumbList","@id":"https:\/\/floridareprofreedom.org\/aborto\/#breadcrumb","itemListElement":[{"@type":"ListItem","position":1,"name":"Home","item":"https:\/\/floridareprofreedom.org\/"},{"@type":"ListItem","position":2,"name":"Un aborto seguro y accesible es cuidado m\u00e9dico"}]},{"@type":"WebSite","@id":"https:\/\/floridareprofreedom.org\/#website","url":"https:\/\/floridareprofreedom.org\/","name":"Ng\u01b0\u1eddi Florida v\u00ec T\u1ef1 do Sinh s\u1ea3n","description":"V\u1eadn \u0111\u1ed9ng cho vi\u1ec7c ti\u1ebfp c\u1eadn d\u1ecbch v\u1ee5 ch\u0103m s\u00f3c s\u1ee9c kh\u1ecfe sinh s\u1ea3n, bao g\u1ed3m c\u1ea3 ph\u00e1 thai, m\u1ed9t c\u00e1ch thu\u1eadn ti\u1ec7n, gi\u00e1 c\u1ea3 ph\u1ea3i ch\u0103ng v\u00e0 an to\u00e0n.","publisher":{"@id":"https:\/\/floridareprofreedom.org\/#organization"},"potentialAction":[{"@type":"SearchAction","target":{"@type":"EntryPoint","urlTemplate":"https:\/\/floridareprofreedom.org\/?s={search_term_string}"},"query-input":{"@type":"PropertyValueSpecification","valueRequired":true,"valueName":"search_term_string"}}],"inLanguage":"vi"},{"@type":"Organization","@id":"https:\/\/floridareprofreedom.org\/#organization","name":"Ng\u01b0\u1eddi Florida v\u00ec T\u1ef1 do Sinh s\u1ea3n","url":"https:\/\/floridareprofreedom.org\/","logo":{"@type":"ImageObject","inLanguage":"vi","@id":"https:\/\/floridareprofreedom.org\/#\/schema\/logo\/image\/","url":"https:\/\/floridareprofreedom.org\/wp-content\/uploads\/2019\/05\/Untitled.jpg","contentUrl":"https:\/\/floridareprofreedom.org\/wp-content\/uploads\/2019\/05\/Untitled.jpg","width":174,"height":180,"caption":"Floridians for Reproductive Freedom"},"image":{"@id":"https:\/\/floridareprofreedom.org\/#\/schema\/logo\/image\/"},"sameAs":["https:\/\/www.facebook.com\/FloridaReproFreedom\/","https:\/\/x.com\/FLReproFreedom","https:\/\/www.instagram.com\/floridareprofreedom\/"]}]}},"_links":{"self":[{"href":"https:\/\/floridareprofreedom.org\/vi\/wp-json\/wp\/v2\/pages\/490","targetHints":{"allow":["GET"]}}],"collection":[{"href":"https:\/\/floridareprofreedom.org\/vi\/wp-json\/wp\/v2\/pages"}],"about":[{"href":"https:\/\/floridareprofreedom.org\/vi\/wp-json\/wp\/v2\/types\/page"}],"author":[{"embeddable":true,"href":"https:\/\/floridareprofreedom.org\/vi\/wp-json\/wp\/v2\/users\/4"}],"replies":[{"embeddable":true,"href":"https:\/\/floridareprofreedom.org\/vi\/wp-json\/wp\/v2\/comments?post=490"}],"version-history":[{"count":7,"href":"https:\/\/floridareprofreedom.org\/vi\/wp-json\/wp\/v2\/pages\/490\/revisions"}],"predecessor-version":[{"id":515,"href":"https:\/\/floridareprofreedom.org\/vi\/wp-json\/wp\/v2\/pages\/490\/revisions\/515"}],"wp:attachment":[{"href":"https:\/\/floridareprofreedom.org\/vi\/wp-json\/wp\/v2\/media?parent=490"}],"wp:term":[{"taxonomy":"folder","embeddable":true,"href":"https:\/\/floridareprofreedom.org\/vi\/wp-json\/wp\/v2\/folder?post=490"}],"curies":[{"name":"wp","href":"https:\/\/api.w.org\/{rel}","templated":true}]}}