{"id":572,"date":"2019-04-04T18:25:12","date_gmt":"2019-04-04T18:25:12","guid":{"rendered":"https:\/\/floridareprofreedom.org\/?page_id=572"},"modified":"2021-02-08T14:20:49","modified_gmt":"2021-02-08T14:20:49","slug":"tham-gia","status":"publish","type":"page","link":"https:\/\/floridareprofreedom.org\/vi\/join\/","title":{"rendered":"Tham gia c\u00f9ng ng\u01b0\u1eddi d\u00e2n Florida v\u00ec quy\u1ec1n t\u1ef1 do sinh s\u1ea3n"},"content":{"rendered":"<div data-elementor-type=\"wp-page\" data-elementor-id=\"572\" class=\"elementor elementor-572\" data-elementor-post-type=\"page\">\n\t\t\t\t\t\t<section class=\"elementor-section elementor-top-section elementor-element elementor-element-6e755e27 elementor-section-boxed elementor-section-height-default elementor-section-height-default\" data-id=\"6e755e27\" data-element_type=\"section\" data-e-type=\"section\">\n\t\t\t\t\t\t<div class=\"elementor-container elementor-column-gap-default\">\n\t\t\t\t\t<div class=\"elementor-column elementor-col-100 elementor-top-column elementor-element elementor-element-22172c17\" data-id=\"22172c17\" data-element_type=\"column\" data-e-type=\"column\">\n\t\t\t<div class=\"elementor-widget-wrap elementor-element-populated\">\n\t\t\t\t\t\t<div class=\"elementor-element elementor-element-5d47b669 elementor-widget elementor-widget-text-editor\" data-id=\"5d47b669\" data-element_type=\"widget\" data-e-type=\"widget\" data-widget_type=\"text-editor.default\">\n\t\t\t\t<div class=\"elementor-widget-container\">\n\t\t\t\t\t\t\t\t\tL\u00e0 ng\u01b0\u1eddi d\u00e2n Florida, ch\u00fang ta h\u00e3y \u0111\u1ea3m b\u1ea3o r\u1eb1ng ch\u00fang ta \u0111\u01b0\u1ee3c h\u01b0\u1edfng m\u1ecdi quy\u1ec1n, t\u1ef1 do v\u00e0 c\u01a1 h\u1ed9i \u0111\u1ec3 l\u00e0m ch\u1ee7 cu\u1ed9c s\u1ed1ng c\u1ee7a m\u00ecnh \u1edf m\u1ee9c \u0111\u1ed9 c\u01a1 b\u1ea3n nh\u1ea5t: c\u01a1 th\u1ec3, gia \u0111\u00ecnh v\u00e0 con \u0111\u01b0\u1eddng cu\u1ed9c s\u1ed1ng \u2013 bao g\u1ed3m c\u1ea3 quy\u1ec1n v\u00e0 kh\u1ea3 n\u0103ng ph\u00e1 thai. H\u00e3y \u0111\u0103ng k\u00fd tham gia danh s\u00e1ch email Quy\u1ec1n Sinh s\u1ea3n c\u1ee7a Florida v\u00e0 nh\u1eadn nh\u1eefng l\u1ee3i \u00edch sau:\n<ul>\n \t<li>B\u1ea3n tin \u0111i\u1ec7n t\u1eed h\u00e0ng tu\u1ea7n v\u1edbi n\u1ed9i dung t\u00f3m t\u1eaft \u0111\u01b0\u1ee3c ch\u1ecdn l\u1ecdc v\u1ec1 c\u00e1c li\u00ean k\u1ebft \u0111\u1ebfn c\u00e1c s\u1ef1 ki\u1ec7n s\u1eafp t\u1edbi, tin t\u1ee9c m\u1edbi nh\u1ea5t, vi\u1ec7c l\u00e0m v\u00e0 c\u00e1c h\u00e0nh \u0111\u1ed9ng b\u1ea1n c\u00f3 th\u1ec3 th\u1ef1c hi\u1ec7n li\u00ean quan \u0111\u1ebfn s\u1ee9c kh\u1ecfe sinh s\u1ea3n v\u00e0 quy\u1ec1n sinh s\u1ea3n t\u1ea1i ti\u1ec3u bang v\u00e0 qu\u1ed1c gia c\u1ee7a ch\u00fang ta.<\/li>\n<\/ul>\n<ul>\n \t<li>C\u1ea3nh b\u00e1o h\u00e0nh \u0111\u1ed9ng quan tr\u1ecdng cung c\u1ea5p chi\u1ebfn thu\u1eadt hi\u1ec7u qu\u1ea3 \u0111\u1ec3 b\u1ea1n l\u00ean ti\u1ebfng.<\/li>\n<\/ul>\n<ul>\n \t<li>Th\u00f4ng b\u00e1o tr\u01b0\u1edbc v\u1ec1 c\u00e1c s\u1ef1 ki\u1ec7n li\u00ean quan \u0111\u1ebfn quy\u1ec1n sinh s\u1ea3n v\u00e0 x\u00e2y d\u1ef1ng quy\u1ec1n l\u1ef1c c\u01a1 s\u1edf di\u1ec5n ra t\u1ea1i Florida.<\/li>\n<\/ul>\n<ul>\n \t<li>Th\u00f4ng tin s\u1ebd cung c\u1ea5p cho b\u1ea1n nh\u1eefng s\u1ef1 ki\u1ec7n, th\u00f4ng \u0111i\u1ec7p ch\u00ednh v\u00e0 ngu\u1ed3n c\u1ea3m h\u1ee9ng \u0111\u1ec3 v\u1eadn \u0111\u1ed9ng.<\/li>\n<\/ul>\t\t\t\t\t\t\t\t<\/div>\n\t\t\t\t<\/div>\n\t\t\t\t<div class=\"elementor-element elementor-element-972c341 elementor-widget elementor-widget-html\" data-id=\"972c341\" data-element_type=\"widget\" data-e-type=\"widget\" data-widget_type=\"html.default\">\n\t\t\t\t<div class=\"elementor-widget-container\">\n\t\t\t\t\t<form class=\"action_form\" name=\"act\" method=\"POST\" action=\"https:\/\/progressflorida.actionkit.com\/act\/\" accept-charset=\"utf-8\">\n    \n    <div class=\"ak-grid-row\">\n        <div id=\"signup-story\" class=\"ak-grid-col ak-grid-col-6-of-12\">\n\n            <div class=\"ak-mobile-lead\"><\/div>\n\n        <\/div>\n\n        <div id=\"signup-form\" class=\"ak-grid-col ak-grid-col-6-of-12 ak-styled-fields ak-labels-overlaid ak-errs-below\">\n        <div class=\"statement-text-wrapper ak-field-box ak-field-box-borderless\">\n\n            <ul class=\"compact\" id=\"ak-errors\"><\/ul>\n<div id=\"unknown_user\" class=\"ak-user-form\">\n    \n\n    <div id=\"ak-fieldbox-first_name\" class=\"required\">\n        <label for=\"id_first_name\">\n            T\u00ean<span class=\"ak-required-flag\">*<\/span>\n        <\/label>\n                <input type=\"text\" name=\"first_name\" id=\"id_first_name\" class=\"ak-userfield-input\">\n    <\/div>\n    <div id=\"ak-fieldbox-last_name\" class=\"required\">\n        <label for=\"id_last_name\">\n            H\u1ecd<span class=\"ak-required-flag\">*<\/span>\n        <\/label>\n                <input type=\"text\" name=\"last_name\" id=\"id_last_name\" class=\"ak-userfield-input\">\n    <\/div>\n    <div id=\"ak-fieldbox-email\" class=\"required\">\n        <label for=\"id_email\">\n            \u0110\u1ecba ch\u1ec9 email<span class=\"ak-required-flag\">*<\/span>\n        <\/label>\n                <input type=\"text\" name=\"email\" id=\"id_email\" class=\"ak-userfield-input\">\n    <\/div>\n    <div id=\"ak-fieldbox-address1\" >\n        <label for=\"id_address1\">\n            \u0110\u1ecba ch\u1ec9 \u0111\u01b0\u1eddng ph\u1ed1\n        <\/label>\n                <input type=\"text\" name=\"address1\" id=\"id_address1\" class=\"ak-userfield-input\">\n    <\/div>\n    <div id=\"ak-fieldbox-city\" >\n        <label for=\"id_city\">\n            Th\u00e0nh ph\u1ed1\n        <\/label>\n                <input type=\"text\" name=\"city\" id=\"id_city\" class=\"ak-userfield-input\">\n    <\/div>\n    <div id=\"ak-fieldbox-state\" >\n        <label for=\"id_state\">\n            T\u00ecnh tr\u1ea1ng\n        <\/label>\n                <select name=\"state\" id=\"id_state\" >\n    <option value=\"\">T\u00ecnh tr\u1ea1ng<\/option>\n    <option value=\"AL\">Alabama<\/option>\n    <option value=\"AK\">Alaska<\/option>\n    <option value=\"AZ\">Arizona<\/option>\n    <option value=\"AR\">Arkansas<\/option>\n    <option value=\"CA\">California<\/option>\n    <option value=\"CO\">Colorado<\/option>\n    <option value=\"CT\">Connecticut<\/option>\n    <option value=\"DE\">Delaware<\/option>\n    <option value=\"DC\">Qu\u1eadn Columbia<\/option>\n    <option value=\"FL\">Florida<\/option>\n    <option value=\"GA\">Georgia<\/option>\n    <option value=\"HI\">Hawaii<\/option>\n    <option value=\"ID\">Idaho<\/option>\n    <option value=\"IL\">Illinois<\/option>\n    <option value=\"IN\">Indiana<\/option>\n    <option value=\"IA\">Iowa<\/option>\n    <option value=\"KS\">Kansas<\/option>\n    <option value=\"KY\">Kentucky<\/option>\n    <option value=\"LA\">Louisiana<\/option>\n    <option value=\"ME\">Maine<\/option>\n    <option value=\"MD\">Maryland<\/option>\n    <option value=\"MA\">Massachusetts<\/option>\n    <option value=\"MI\">Michigan<\/option>\n    <option value=\"MN\">Minnesota<\/option>\n    <option value=\"MS\">Mississippi<\/option>\n    <option value=\"MO\">Missouri<\/option>\n    <option value=\"MT\">Montana<\/option>\n    <option value=\"NE\">Nebraska<\/option>\n    <option value=\"NV\">Nevada<\/option>\n    <option value=\"NH\">New Hampshire<\/option>\n    <option value=\"NJ\">New Jersey<\/option>\n    <option value=\"NM\">New Mexico<\/option>\n    <option value=\"NY\">New York<\/option>\n    <option value=\"NC\">B\u1eafc Carolina<\/option>\n    <option value=\"ND\">B\u1eafc Dakota<\/option>\n    <option value=\"OH\">Ohio<\/option>\n    <option value=\"OK\">Oklahoma<\/option>\n    <option value=\"OR\">Oregon<\/option>\n    <option value=\"PA\">Pennsylvania<\/option>\n    <option value=\"RI\">\u0110\u1ea3o Rhode<\/option>\n    <option value=\"SC\">Nam Carolina<\/option>\n    <option value=\"SD\">Nam Dakota<\/option>\n    <option value=\"TN\">Tennessee<\/option>\n    <option value=\"TX\">Texas<\/option>\n    <option value=\"UT\">Utah<\/option>\n    <option value=\"VT\">Vermont<\/option>\n    <option value=\"VA\">Virginia<\/option>\n    <option value=\"WA\">Washington<\/option>\n    <option value=\"DC\">Washington, DC<\/option>\n    <option value=\"WV\">T\u00e2y Virginia<\/option>\n    <option value=\"WI\">Wisconsin<\/option>\n    <option value=\"WY\">Wyoming<\/option>\n<\/select>\n    <\/div>\n\n    <div id=\"ak-fieldbox-zip\" class=\"required\">\n        <label for=\"id_zip\">\n            M\u00e3 b\u01b0u ch\u00ednh<span class=\"ak-required-flag\">*<\/span>\n        <\/label>\n                <input type=\"text\" name=\"zip\" id=\"id_zip\" class=\"ak-userfield-input\">\n    <\/div>\n    <div id=\"ak-fieldbox-postal\" >\n        <label for=\"id_postal\">\n            M\u00e3 b\u01b0u ch\u00ednh\n        <\/label>\n                <input type=\"text\" name=\"postal\" id=\"id_postal\" class=\"ak-userfield-input\">\n    <\/div>\n    <div id=\"ak-fieldbox-phone\" >\n        <label for=\"id_phone\">\n            \u0110i\u1ec7n tho\u1ea1i\n        <\/label>\n                <input type=\"text\" name=\"phone\" id=\"id_phone\" class=\"ak-userfield-input\">\n    <\/div>\n    <input type=\"hidden\" name=\"country\" value=\"United States\">\n\n\n<\/div>\n\n\n            <button type=\"submit\" class=\"ak-submit-button\">\u0110\u0103ng k\u00fd<\/button>\n\n\n        <\/div>\n        <\/div>\n    <\/div>\n    \n    <input type=\"hidden\" name=\"page\" value=\"frf-grassroots\">\n<\/form>\t\t\t\t<\/div>\n\t\t\t\t<\/div>\n\t\t\t\t\t<\/div>\n\t\t<\/div>\n\t\t\t\t\t<\/div>\n\t\t<\/section>\n\t\t\t\t<\/div>","protected":false},"excerpt":{"rendered":"<p>As Floridians, let\u2019s make sure we keep all the rights, freedoms, and opportunities to control our lives at the most basic level: our bodies, our families, and our life\u2019s path \u2013 and that includes the right and the ability to have an abortion. Sign up to join Florida\u2019s Reproductive Rights email list and receive the [&hellip;]<\/p>\n","protected":false},"author":4,"featured_media":0,"parent":0,"menu_order":0,"comment_status":"closed","ping_status":"closed","template":"","meta":{"footnotes":""},"folder":[],"class_list":["post-572","page","type-page","status-publish","hentry"],"yoast_head":"<!-- This site is optimized with the Yoast SEO plugin v27.3 - https:\/\/yoast.com\/product\/yoast-seo-wordpress\/ -->\n<title>Join Floridians For Reproductive Freedom - Floridians For Reproductive Freedom<\/title>\n<meta name=\"robots\" content=\"index, follow, max-snippet:-1, max-image-preview:large, max-video-preview:-1\" \/>\n<link rel=\"canonical\" href=\"https:\/\/floridareprofreedom.org\/vi\/tham-gia\/\" \/>\n<meta property=\"og:locale\" content=\"vi_VN\" \/>\n<meta property=\"og:type\" content=\"article\" \/>\n<meta property=\"og:title\" content=\"Join Floridians For Reproductive Freedom - Floridians For Reproductive Freedom\" \/>\n<meta property=\"og:description\" content=\"As Floridians, let\u2019s make sure we keep all the rights, freedoms, and opportunities to control our lives at the most basic level: our bodies, our families, and our life\u2019s path \u2013 and that includes the right and the ability to have an abortion. Sign up to join Florida\u2019s Reproductive Rights email list and receive the [&hellip;]\" \/>\n<meta property=\"og:url\" content=\"https:\/\/floridareprofreedom.org\/vi\/tham-gia\/\" \/>\n<meta property=\"og:site_name\" content=\"Floridians For Reproductive Freedom\" \/>\n<meta property=\"article:publisher\" content=\"https:\/\/www.facebook.com\/FloridaReproFreedom\/\" \/>\n<meta property=\"article:modified_time\" content=\"2021-02-08T14:20:49+00:00\" \/>\n<meta name=\"twitter:card\" content=\"summary_large_image\" \/>\n<meta name=\"twitter:site\" content=\"@FLReproFreedom\" \/>\n<meta name=\"twitter:label1\" content=\"\u01af\u1edbc t\u00ednh th\u1eddi gian \u0111\u1ecdc\" \/>\n\t<meta name=\"twitter:data1\" content=\"1 ph\u00fat\" \/>\n<script type=\"application\/ld+json\" class=\"yoast-schema-graph\">{\"@context\":\"https:\\\/\\\/schema.org\",\"@graph\":[{\"@type\":\"WebPage\",\"@id\":\"https:\\\/\\\/floridareprofreedom.org\\\/join\\\/\",\"url\":\"https:\\\/\\\/floridareprofreedom.org\\\/join\\\/\",\"name\":\"Join Floridians For Reproductive Freedom - Floridians For Reproductive Freedom\",\"isPartOf\":{\"@id\":\"https:\\\/\\\/floridareprofreedom.org\\\/#website\"},\"datePublished\":\"2019-04-04T18:25:12+00:00\",\"dateModified\":\"2021-02-08T14:20:49+00:00\",\"breadcrumb\":{\"@id\":\"https:\\\/\\\/floridareprofreedom.org\\\/join\\\/#breadcrumb\"},\"inLanguage\":\"vi\",\"potentialAction\":[{\"@type\":\"ReadAction\",\"target\":[\"https:\\\/\\\/floridareprofreedom.org\\\/join\\\/\"]}]},{\"@type\":\"BreadcrumbList\",\"@id\":\"https:\\\/\\\/floridareprofreedom.org\\\/join\\\/#breadcrumb\",\"itemListElement\":[{\"@type\":\"ListItem\",\"position\":1,\"name\":\"Home\",\"item\":\"https:\\\/\\\/floridareprofreedom.org\\\/\"},{\"@type\":\"ListItem\",\"position\":2,\"name\":\"Join Floridians For Reproductive Freedom\"}]},{\"@type\":\"WebSite\",\"@id\":\"https:\\\/\\\/floridareprofreedom.org\\\/#website\",\"url\":\"https:\\\/\\\/floridareprofreedom.org\\\/\",\"name\":\"Floridians For Reproductive Freedom\",\"description\":\"Advocating for convenient, affordable, and safe access to reproductive health care, including abortion.\",\"publisher\":{\"@id\":\"https:\\\/\\\/floridareprofreedom.org\\\/#organization\"},\"potentialAction\":[{\"@type\":\"SearchAction\",\"target\":{\"@type\":\"EntryPoint\",\"urlTemplate\":\"https:\\\/\\\/floridareprofreedom.org\\\/?s={search_term_string}\"},\"query-input\":{\"@type\":\"PropertyValueSpecification\",\"valueRequired\":true,\"valueName\":\"search_term_string\"}}],\"inLanguage\":\"vi\"},{\"@type\":\"Organization\",\"@id\":\"https:\\\/\\\/floridareprofreedom.org\\\/#organization\",\"name\":\"Floridians for Reproductive Freedom\",\"url\":\"https:\\\/\\\/floridareprofreedom.org\\\/\",\"logo\":{\"@type\":\"ImageObject\",\"inLanguage\":\"vi\",\"@id\":\"https:\\\/\\\/floridareprofreedom.org\\\/#\\\/schema\\\/logo\\\/image\\\/\",\"url\":\"https:\\\/\\\/floridareprofreedom.org\\\/wp-content\\\/uploads\\\/2019\\\/05\\\/Untitled.jpg\",\"contentUrl\":\"https:\\\/\\\/floridareprofreedom.org\\\/wp-content\\\/uploads\\\/2019\\\/05\\\/Untitled.jpg\",\"width\":174,\"height\":180,\"caption\":\"Floridians for Reproductive Freedom\"},\"image\":{\"@id\":\"https:\\\/\\\/floridareprofreedom.org\\\/#\\\/schema\\\/logo\\\/image\\\/\"},\"sameAs\":[\"https:\\\/\\\/www.facebook.com\\\/FloridaReproFreedom\\\/\",\"https:\\\/\\\/x.com\\\/FLReproFreedom\",\"https:\\\/\\\/www.instagram.com\\\/floridareprofreedom\\\/\"]}]}<\/script>\n<!-- \/ Yoast SEO plugin. -->","yoast_head_json":{"title":"Tham gia Floridans For Reproductive Freedom - Floridans For Reproductive Freedom","robots":{"index":"index","follow":"follow","max-snippet":"max-snippet:-1","max-image-preview":"max-image-preview:large","max-video-preview":"max-video-preview:-1"},"canonical":"https:\/\/floridareprofreedom.org\/vi\/tham-gia\/","og_locale":"vi_VN","og_type":"article","og_title":"Join Floridians For Reproductive Freedom - Floridians For Reproductive Freedom","og_description":"As Floridians, let\u2019s make sure we keep all the rights, freedoms, and opportunities to control our lives at the most basic level: our bodies, our families, and our life\u2019s path \u2013 and that includes the right and the ability to have an abortion. Sign up to join Florida\u2019s Reproductive Rights email list and receive the [&hellip;]","og_url":"https:\/\/floridareprofreedom.org\/vi\/tham-gia\/","og_site_name":"Floridians For Reproductive Freedom","article_publisher":"https:\/\/www.facebook.com\/FloridaReproFreedom\/","article_modified_time":"2021-02-08T14:20:49+00:00","twitter_card":"summary_large_image","twitter_site":"@FLReproFreedom","twitter_misc":{"\u01af\u1edbc t\u00ednh th\u1eddi gian \u0111\u1ecdc":"1 ph\u00fat"},"schema":{"@context":"https:\/\/schema.org","@graph":[{"@type":"WebPage","@id":"https:\/\/floridareprofreedom.org\/join\/","url":"https:\/\/floridareprofreedom.org\/join\/","name":"Tham gia Floridans For Reproductive Freedom - Floridans For Reproductive Freedom","isPartOf":{"@id":"https:\/\/floridareprofreedom.org\/#website"},"datePublished":"2019-04-04T18:25:12+00:00","dateModified":"2021-02-08T14:20:49+00:00","breadcrumb":{"@id":"https:\/\/floridareprofreedom.org\/join\/#breadcrumb"},"inLanguage":"vi","potentialAction":[{"@type":"ReadAction","target":["https:\/\/floridareprofreedom.org\/join\/"]}]},{"@type":"BreadcrumbList","@id":"https:\/\/floridareprofreedom.org\/join\/#breadcrumb","itemListElement":[{"@type":"ListItem","position":1,"name":"Home","item":"https:\/\/floridareprofreedom.org\/"},{"@type":"ListItem","position":2,"name":"Join Floridians For Reproductive Freedom"}]},{"@type":"WebSite","@id":"https:\/\/floridareprofreedom.org\/#website","url":"https:\/\/floridareprofreedom.org\/","name":"Ng\u01b0\u1eddi Florida v\u00ec T\u1ef1 do Sinh s\u1ea3n","description":"V\u1eadn \u0111\u1ed9ng cho vi\u1ec7c ti\u1ebfp c\u1eadn d\u1ecbch v\u1ee5 ch\u0103m s\u00f3c s\u1ee9c kh\u1ecfe sinh s\u1ea3n, bao g\u1ed3m c\u1ea3 ph\u00e1 thai, m\u1ed9t c\u00e1ch thu\u1eadn ti\u1ec7n, gi\u00e1 c\u1ea3 ph\u1ea3i ch\u0103ng v\u00e0 an to\u00e0n.","publisher":{"@id":"https:\/\/floridareprofreedom.org\/#organization"},"potentialAction":[{"@type":"SearchAction","target":{"@type":"EntryPoint","urlTemplate":"https:\/\/floridareprofreedom.org\/?s={search_term_string}"},"query-input":{"@type":"PropertyValueSpecification","valueRequired":true,"valueName":"search_term_string"}}],"inLanguage":"vi"},{"@type":"Organization","@id":"https:\/\/floridareprofreedom.org\/#organization","name":"Ng\u01b0\u1eddi Florida v\u00ec T\u1ef1 do Sinh s\u1ea3n","url":"https:\/\/floridareprofreedom.org\/","logo":{"@type":"ImageObject","inLanguage":"vi","@id":"https:\/\/floridareprofreedom.org\/#\/schema\/logo\/image\/","url":"https:\/\/floridareprofreedom.org\/wp-content\/uploads\/2019\/05\/Untitled.jpg","contentUrl":"https:\/\/floridareprofreedom.org\/wp-content\/uploads\/2019\/05\/Untitled.jpg","width":174,"height":180,"caption":"Floridians for Reproductive Freedom"},"image":{"@id":"https:\/\/floridareprofreedom.org\/#\/schema\/logo\/image\/"},"sameAs":["https:\/\/www.facebook.com\/FloridaReproFreedom\/","https:\/\/x.com\/FLReproFreedom","https:\/\/www.instagram.com\/floridareprofreedom\/"]}]}},"_links":{"self":[{"href":"https:\/\/floridareprofreedom.org\/vi\/wp-json\/wp\/v2\/pages\/572","targetHints":{"allow":["GET"]}}],"collection":[{"href":"https:\/\/floridareprofreedom.org\/vi\/wp-json\/wp\/v2\/pages"}],"about":[{"href":"https:\/\/floridareprofreedom.org\/vi\/wp-json\/wp\/v2\/types\/page"}],"author":[{"embeddable":true,"href":"https:\/\/floridareprofreedom.org\/vi\/wp-json\/wp\/v2\/users\/4"}],"replies":[{"embeddable":true,"href":"https:\/\/floridareprofreedom.org\/vi\/wp-json\/wp\/v2\/comments?post=572"}],"version-history":[{"count":30,"href":"https:\/\/floridareprofreedom.org\/vi\/wp-json\/wp\/v2\/pages\/572\/revisions"}],"predecessor-version":[{"id":1838,"href":"https:\/\/floridareprofreedom.org\/vi\/wp-json\/wp\/v2\/pages\/572\/revisions\/1838"}],"wp:attachment":[{"href":"https:\/\/floridareprofreedom.org\/vi\/wp-json\/wp\/v2\/media?parent=572"}],"wp:term":[{"taxonomy":"folder","embeddable":true,"href":"https:\/\/floridareprofreedom.org\/vi\/wp-json\/wp\/v2\/folder?post=572"}],"curies":[{"name":"wp","href":"https:\/\/api.w.org\/{rel}","templated":true}]}}