{"id":963,"date":"2020-05-20T13:29:48","date_gmt":"2020-05-20T13:29:48","guid":{"rendered":"https:\/\/floridareprofreedom.org\/?page_id=963"},"modified":"2025-11-17T14:19:40","modified_gmt":"2025-11-17T14:19:40","slug":"bo-qua-tu-phap","status":"publish","type":"page","link":"https:\/\/floridareprofreedom.org\/vi\/judicialbypass\/","title":{"rendered":"B\u1ecf qua t\u01b0 ph\u00e1p \u1edf Florida"},"content":{"rendered":"<h3>\u27a1\ufe0f<a href=\"https:\/\/floridareprofreedom.org\/vi\/tu-phap-thay-the-o-florida\/\">Ti\u1ebfng T\u00e2y Ban Nha<\/a><br \/>\n\u27a1\ufe0f<a href=\"https:\/\/floridareprofreedom.org\/vi\/bo-qua-tu-phap\/egzansyon-jidisye-an-florid\/\">Ti\u1ebfng Creole<\/a><\/h3>\n<h3><em>Ph\u00e1 thai m\u00e0 kh\u00f4ng c\u1ea7n s\u1ef1 tham gia c\u1ee7a cha m\u1eb9.\u00a0 \u00a0<\/em><\/h3>\n<p>B\u1ea1n c\u1ea7n h\u1ed7 tr\u1ee3 ph\u00e1p l\u00fd mi\u1ec5n ph\u00ed \u0111\u1ec3 v\u01b0\u1ee3t qua th\u1ee7 t\u1ee5c t\u01b0 ph\u00e1p t\u1ea1i Florida? H\u00e3y li\u00ean h\u1ec7 v\u1edbi Jane Network t\u1ea1i\u00a0<a href=\"mailto:info@janenetworkfl.org\">info@janenetworkfl.org<\/a> ho\u1eb7c truy c\u1eadp <a href=\"https:\/\/janenetworkfl.org\/\">trang web c\u1ee7a h\u1ecd \u1edf \u0111\u00e2y<\/a> \u0111\u1ec3 \u0111\u01b0\u1ee3c gi\u00fap \u0111\u1ee1.<\/p>\n<p><b>Lu\u1eadt ph\u00e1p Florida y\u00eau c\u1ea7u cha m\u1eb9 ph\u1ea3i cho ph\u00e9p<\/b> <b>n\u1ebfu m\u1ed9t ng\u01b0\u1eddi tr\u1ebb d\u01b0\u1edbi 18 tu\u1ed5i \u0111ang c\u1ed1 g\u1eafng ph\u00e1 thai.<\/b><span style=\"font-weight: 400;\"> (Th\u00f4ng tin th\u00eam v\u1ec1 <\/span><a href=\"https:\/\/reprolegalhelpline.org\/abortion-laws-by-state\/florida\/\"><span style=\"font-weight: 400;\">Lu\u1eadt ph\u00e1p Florida \u1edf \u0111\u00e2y<\/span><\/a><span style=\"font-weight: 400;\">.) Ch\u00fang t\u00f4i bi\u1ebft h\u1ea7u h\u1ebft ng\u01b0\u1eddi tr\u1ebb \u0111\u1ec1u n\u00f3i chuy\u1ec7n v\u1edbi cha m\u1eb9 khi c\u1ea7n ph\u00e1 thai \u2013 nh\u01b0ng m\u1ed9t s\u1ed1 ng\u01b0\u1eddi kh\u00f4ng th\u1ec3, v\u00ec s\u1ef1 an to\u00e0n c\u1ee7a b\u1ea3n th\u00e2n ho\u1eb7c do nh\u1eefng r\u00e0o c\u1ea3n v\u1ec1 m\u1eb7t h\u1eadu c\u1ea7n. T\u1ea5t c\u1ea3 m\u1ecdi ng\u01b0\u1eddi, b\u1ea5t k\u1ec3 tu\u1ed5i t\u00e1c hay ho\u00e0n c\u1ea3nh, \u0111\u1ec1u n\u00ean \u0111\u01b0\u1ee3c ti\u1ebfp c\u1eadn d\u1ecbch v\u1ee5 ch\u0103m s\u00f3c sinh s\u1ea3n \u2013 bao g\u1ed3m c\u1ea3 ph\u00e1 thai.<\/span><\/p>\n<p><b>N\u1ebfu b\u1ea1n kh\u00f4ng th\u1ec3 xin \u0111\u01b0\u1ee3c s\u1ef1 cho ph\u00e9p c\u1ee7a cha m\u1eb9 ho\u1eb7c kh\u00f4ng th\u1ec3 h\u1ecfi cha m\u1eb9, b\u1ea1n c\u00f3 th\u1ec3 ph\u00e1 thai m\u00e0 kh\u00f4ng c\u1ea7n s\u1ef1 tham gia c\u1ee7a cha m\u1eb9.<\/b><span style=\"font-weight: 400;\"> n\u1ebfu b\u1ea1n ra t\u00f2a v\u00e0 \u0111\u01b0\u1ee3c c\u1ea5p \u201cquy\u1ec1n b\u1ecf qua t\u01b0 ph\u00e1p\u201d. <\/span><span style=\"font-weight: 400;\"><br \/>\n<\/span><span style=\"font-weight: 400;\">\u0110\u00e2y l\u00e0 s\u1ef1 mi\u1ec5n tr\u1eeb t\u1eeb t\u00f2a \u00e1n cho ph\u00e9p b\u1ea1n ph\u00e1 thai m\u00e0 kh\u00f4ng c\u1ea7n s\u1ef1 can thi\u1ec7p c\u1ee7a cha m\u1eb9 b\u1ea1n trong m\u1ed9t s\u1ed1 t\u00ecnh hu\u1ed1ng nh\u1ea5t \u0111\u1ecbnh bao g\u1ed3m <\/span><span style=\"font-weight: 400;\">nh\u01b0ng kh\u00f4ng gi\u1edbi h\u1ea1n \u1edf<\/span><span style=\"font-weight: 400;\"> n\u1ebfu nh\u01b0:<\/span><span style=\"font-weight: 400;\"><br \/>\n<\/span><\/p>\n<ul>\n<li style=\"font-weight: 400;\" aria-level=\"1\"><span style=\"font-weight: 400;\">B\u1ea1n \u0111ang trong h\u1ec7 th\u1ed1ng nu\u00f4i d\u01b0\u1ee1ng ho\u1eb7c \u0111ang trong s\u1ef1 gi\u00e1m h\u1ed9 c\u1ee7a ti\u1ec3u bang sau khi \u0111\u01b0\u1ee3c S\u1edf Tr\u1ebb em v\u00e0 Gia \u0111\u00ecnh Florida can thi\u1ec7p\u00a0<\/span><\/li>\n<li style=\"font-weight: 400;\" aria-level=\"1\"><span style=\"font-weight: 400;\">B\u1ea1n \u0111ang b\u1ecb cha m\u1eb9 ho\u1eb7c ng\u01b0\u1eddi gi\u00e1m h\u1ed9 h\u1ee3p ph\u00e1p l\u1ea1m d\u1ee5ng ho\u1eb7c x\u00e2m h\u1ea1i t\u00ecnh d\u1ee5c<\/span><\/li>\n<\/ul>\n<p><span style=\"font-weight: 400;\"><br \/>\nDo nh\u1eefng h\u1ea1n ch\u1ebf v\u1ec1 ph\u00e1 thai c\u1ee7a Florida, d\u00f2ng th\u1eddi gian n\u00e0y di\u1ec5n ra nhanh ch\u00f3ng. <\/span>N\u1ebfu b\u1ea1n ngh\u0129 r\u1eb1ng b\u1ea1n c\u00f3 th\u1ec3 c\u1ea7n m\u1ed9t bi\u1ec7n ph\u00e1p b\u1ecf qua t\u01b0 ph\u00e1p\u2014ho\u1eb7c b\u1ea1n kh\u00f4ng ch\u1eafc ch\u1eafn li\u1ec7u t\u00ecnh hu\u1ed1ng c\u1ee7a b\u1ea1n c\u00f3 \u0111\u1ee7 \u0111i\u1ec1u ki\u1ec7n hay kh\u00f4ng\u2014<strong>li\u00ean h\u1ec7\u00a0<a href=\"https:\/\/share.hsforms.com\/1jrl5GO2gThWo8Cl3yE7nUgnq4ky\" target=\"_blank\" rel=\"noopener\" data-saferedirecturl=\"https:\/\/www.google.com\/url?q=https:\/\/share.hsforms.com\/1jrl5GO2gThWo8Cl3yE7nUgnq4ky&amp;source=gmail&amp;ust=1749570774849000&amp;usg=AOvVaw2OWP7psYsEiPR3FQCIeLoz\">M\u1ea1ng l\u01b0\u1edbi Jane<\/a>\u00a0\u0111\u1ec3 \u0111\u01b0\u1ee3c h\u1ed7 tr\u1ee3 ph\u00e1p l\u00fd mi\u1ec5n ph\u00ed.<\/strong><\/p>\n<p><span style=\"font-weight: 400;\">M\u1ed9t ph\u00e1n quy\u1ebft g\u1ea7n \u0111\u00e2y c\u1ee7a t\u00f2a \u00e1n Florida \u0111\u00e3 h\u1ea1n ch\u1ebf quy\u1ec1n ti\u1ebfp c\u1eadn quy tr\u00ecnh b\u1ecf qua th\u1ee7 t\u1ee5c t\u01b0 ph\u00e1p nh\u01b0ng Jane Network c\u00f3 th\u1ec3 gi\u00fap b\u1ea1n hi\u1ec3u li\u1ec7u quy tr\u00ecnh n\u00e0y c\u00f3 \u00e1p d\u1ee5ng cho b\u1ea1n hay kh\u00f4ng v\u00e0 \u00e1p d\u1ee5ng nh\u01b0 th\u1ebf n\u00e0o. <\/span><span style=\"font-weight: 400;\">(\u0110\u1ec3 bi\u1ebft th\u00eam th\u00f4ng tin v\u1ec1 The Jane Network, <\/span><a href=\"https:\/\/www.janenetworkfl.org\/\"><span style=\"font-weight: 400;\">nh\u1ea5p v\u00e0o \u0111\u00e2y<\/span><\/a><span style=\"font-weight: 400;\">.)<\/span><span style=\"font-weight: 400;\">\u00a0<\/span><\/p>\n<p><b>B\u1ea1n c\u00f3 th\u1ec3 <\/b><b>kh\u00f4ng<\/b><b> c\u1ea7n c\u00f3 cha m\u1eb9, ng\u01b0\u1eddi gi\u00e1m h\u1ed9 ho\u1eb7c gi\u1ea5y mi\u1ec5n tr\u1eeb c\u1ee7a t\u00f2a \u00e1n \u0111\u1ec3 ph\u00e1 thai n\u1ebfu m\u1ed9t trong nh\u1eefng \u0111i\u1ec1u sau \u0111\u00e2y \u00e1p d\u1ee5ng cho b\u1ea1n.<\/b><span style=\"font-weight: 400;\"> N\u00f3i c\u00e1ch kh\u00e1c, b\u1ea1n c\u00f3 th\u1ec3 ph\u00e1 thai m\u00e0 kh\u00f4ng c\u1ea7n s\u1ef1 tham gia c\u1ee7a cha m\u1eb9 HO\u1eb6C tr\u1ea3i qua qu\u00e1 tr\u00ecnh b\u1ecf qua th\u1ee7 t\u1ee5c t\u01b0 ph\u00e1p n\u1ebfu:<\/span><\/p>\n<ul>\n<li style=\"font-weight: 400;\" aria-level=\"1\"><span style=\"font-weight: 400;\">B\u1ea1n \u0111\u00e3 ho\u1eb7c \u0111ang k\u1ebft h\u00f4n\u00a0<\/span><\/li>\n<li style=\"font-weight: 400;\" aria-level=\"1\"><span style=\"font-weight: 400;\">B\u1ea1n \u0111\u00e3 c\u00f3 con r\u1ed3i<\/span><\/li>\n<li style=\"font-weight: 400;\" aria-level=\"1\"><span style=\"font-weight: 400;\">B\u1ea1n \u0111\u00e3 \u0111\u01b0\u1ee3c gi\u1ea3i ph\u00f3ng (\u0111\u00e3 \u0111\u01b0\u1ee3c &quot;x\u00f3a b\u1ecf t\u00ecnh tr\u1ea1ng khuy\u1ebft t\u1eadt v\u1ecb th\u00e0nh ni\u00ean&quot;) theo lu\u1eadt ti\u1ec3u bang<\/span><\/li>\n<\/ul>\n<p><strong><br \/>\nNh\u1eefng c\u00e2u h\u1ecfi th\u01b0\u1eddng g\u1eb7p:<\/strong><\/p>\n<ul>\n<li style=\"font-weight: 400;\"><a href=\"https:\/\/floridareprofreedom.org\/vi\/bo-qua-tu-phap-2\/\"><span style=\"font-weight: 400;\">B\u1ecf qua th\u1ee7 t\u1ee5c ph\u00e1 thai l\u00e0 g\u00ec?<\/span><\/a><\/li>\n<li><a href=\"https:\/\/floridareprofreedom.org\/vi\/o-dau\/\">T\u00f4i ph\u1ea3i \u0111\u1ebfn \u0111\u00e2u \u0111\u1ec3 xin \u0111\u01b0\u1ee3c mi\u1ec5n tr\u1eeb t\u01b0 ph\u00e1p?<\/a><\/li>\n<li><a href=\"https:\/\/floridareprofreedom.org\/vi\/cac-hinh-thuc\/\">T\u00f4i c\u1ea7n nh\u1eefng m\u1eabu \u0111\u01a1n n\u00e0o?<\/a><\/li>\n<li style=\"font-weight: 400;\"><a href=\"https:\/\/floridareprofreedom.org\/vi\/luat-su\/\"><span style=\"font-weight: 400;\">T\u00f4i c\u00f3 c\u1ea7n lu\u1eadt s\u01b0 kh\u00f4ng?<\/span><\/a><\/li>\n<li style=\"font-weight: 400;\"><a href=\"https:\/\/floridareprofreedom.org\/vi\/bao-lau\/\"><span style=\"font-weight: 400;\">Ph\u1ea3i m\u1ea5t bao l\u00e2u \u0111\u1ec3 \u0111\u01b0\u1ee3c mi\u1ec5n tr\u1eeb t\u01b0 ph\u00e1p?<\/span><\/a><\/li>\n<li style=\"font-weight: 400;\"><a href=\"https:\/\/floridareprofreedom.org\/vi\/tri-gia\/\"><span style=\"font-weight: 400;\">C\u00f3 t\u1ed1n ti\u1ec1n \u0111\u1ec3 \u0111\u01b0\u1ee3c mi\u1ec5n tr\u1eeb t\u01b0 ph\u00e1p kh\u00f4ng?<\/span><\/a><\/li>\n<li style=\"font-weight: 400;\"><a href=\"https:\/\/floridareprofreedom.org\/vi\/co-ai-biet-khong\/\"><span style=\"font-weight: 400;\">C\u00f3 ai bi\u1ebft li\u1ec7u t\u00f4i c\u00f3 \u0111\u01b0\u1ee3c mi\u1ec5n tr\u1eeb t\u01b0 ph\u00e1p cho vi\u1ec7c ph\u00e1 thai kh\u00f4ng?<\/span><\/a><\/li>\n<li style=\"font-weight: 400;\"><a href=\"https:\/\/floridareprofreedom.org\/vi\/cau-hoitham-phan\/\"><span style=\"font-weight: 400;\">Th\u1ea9m ph\u00e1n s\u1ebd h\u1ecfi t\u00f4i nh\u1eefng c\u00e2u h\u1ecfi n\u00e0o?<\/span><\/a><\/li>\n<li style=\"font-weight: 400;\"><a href=\"https:\/\/floridareprofreedom.org\/vi\/mac\/\"><span style=\"font-weight: 400;\">T\u00f4i n\u00ean m\u1eb7c g\u00ec khi ra t\u00f2a?<\/span><\/a><\/li>\n<li style=\"font-weight: 400;\"><a href=\"https:\/\/floridareprofreedom.org\/vi\/da-len-lich\/\"><span style=\"font-weight: 400;\">\u0110i\u1ec1u g\u00ec s\u1ebd x\u1ea3y ra n\u1ebfu bu\u1ed5i \u0111i\u1ec1u tr\u1ea7n c\u1ee7a t\u00f4i \u0111\u01b0\u1ee3c l\u00ean l\u1ecbch v\u00e0o ng\u00e0y h\u1ecdc?<\/span><\/a><\/li>\n<li style=\"font-weight: 400;\"><a href=\"https:\/\/floridareprofreedom.org\/vi\/nguoi-khac\/\"><span style=\"font-weight: 400;\">Ng\u01b0\u1eddi kh\u00e1c c\u00f3 li\u00ean quan \u0111\u1ebfn vi\u1ec7c mang thai c\u1ee7a t\u00f4i c\u00f3 quy\u1ec1n quy\u1ebft \u0111\u1ecbnh vi\u1ec7c t\u00f4i c\u00f3 quy\u1ebft \u0111\u1ecbnh ph\u00e1 thai hay kh\u00f4ng?<\/span><\/a><\/li>\n<li style=\"font-weight: 400;\"><a href=\"https:\/\/floridareprofreedom.org\/vi\/cong-dan\/\"><span style=\"font-weight: 400;\">T\u00f4i c\u00f3 c\u1ea7n ph\u1ea3i l\u00e0 c\u00f4ng d\u00e2n Hoa K\u1ef3 m\u1edbi \u0111\u01b0\u1ee3c ph\u00e1 thai kh\u00f4ng? N\u1ebfu t\u00f4i kh\u00f4ng n\u00f3i ti\u1ebfng Anh gi\u1ecfi th\u00ec sao?<\/span><\/a><\/li>\n<li style=\"font-weight: 400;\"><a href=\"https:\/\/floridareprofreedom.org\/vi\/thay-doi\/\"><span style=\"font-weight: 400;\">T\u00f4i c\u00f3 th\u1ec3 thay \u0111\u1ed5i quy\u1ebft \u0111\u1ecbnh sau khi ph\u1eabu thu\u1eadt b\u1eafc c\u1ea7u kh\u00f4ng?<\/span><\/a><\/li>\n<li><a href=\"https:\/\/floridareprofreedom.org\/vi\/phu-nhan\/\">N\u1ebfu th\u1ea9m ph\u00e1n t\u1eeb ch\u1ed1i y\u00eau c\u1ea7u xin \u0111i \u0111\u01b0\u1eddng v\u00f2ng c\u1ee7a t\u00f4i th\u00ec sao?<\/a><\/li>\n<\/ul>\n<p><strong><br \/>\nM\u1ea1ng l\u01b0\u1edbi Jane<\/strong> c\u00f3 th\u1ec3 k\u1ebft n\u1ed1i b\u1ea1n v\u1edbi m\u1ed9t lu\u1eadt s\u01b0 c\u00f3 th\u1ec3 \u0111\u1ea1i di\u1ec7n cho b\u1ea1n trong v\u1ee5 ki\u1ec7n b\u1ecf qua th\u1ee7 t\u1ee5c t\u01b0 ph\u00e1p mi\u1ec5n ph\u00ed. <a href=\"https:\/\/www.janenetworkfl.org\/\">Nh\u1ea5p v\u00e0o \u0111\u00e2y \u0111\u1ec3 truy c\u1eadp trang web c\u1ee7a h\u1ecd<\/a>.<\/p>\n<p><b>B\u1ea1n \u0111ang t\u00ecm ki\u1ebfm th\u00f4ng tin v\u1ec1 vi\u1ec7c b\u1ecf qua th\u1ee7 t\u1ee5c t\u01b0 ph\u00e1p cho m\u1ed9t ti\u1ec3u bang kh\u00e1c ngo\u00e0i Florida? <\/b><b><br \/>\n<\/b><span style=\"font-weight: 400;\">Ki\u1ec3m tra <\/span><a href=\"https:\/\/judicialbypasswiki.ifwhenhow.org\/\"><span style=\"font-weight: 400;\">trang web c\u1ee7a \u0111\u1ed1i t\u00e1c qu\u1ed1c gia c\u1ee7a ch\u00fang t\u00f4i, If\/When\/How<\/span><\/a><span style=\"font-weight: 400;\">, \u0111\u1ec3 \u0111\u01b0\u1ee3c gi\u00fap \u0111\u1ee1.<\/span><\/p>\n<p><a href=\"https:\/\/www.janenetworkfl.org\/\"><img fetchpriority=\"high\" decoding=\"async\" class=\"alignnone size-full wp-image-1325\" src=\"https:\/\/floridareprofreedom.org\/wp-content\/uploads\/2020\/08\/webpage-image-2-JB-website-1.png\" alt=\"\" width=\"820\" height=\"312\" srcset=\"https:\/\/floridareprofreedom.org\/wp-content\/uploads\/2020\/08\/webpage-image-2-JB-website-1.png 820w, https:\/\/floridareprofreedom.org\/wp-content\/uploads\/2020\/08\/webpage-image-2-JB-website-1-300x114.png 300w, https:\/\/floridareprofreedom.org\/wp-content\/uploads\/2020\/08\/webpage-image-2-JB-website-1-768x292.png 768w\" sizes=\"(max-width: 820px) 100vw, 820px\" \/><\/a><\/p>","protected":false},"excerpt":{"rendered":"<p>\u27a1\ufe0fEspa\u00f1ol \u27a1\ufe0fCreole Get an abortion without a parent involved.\u00a0 \u00a0 Need free legal assistance for a judicial bypass in\u00a0Florida? Contact The Jane\u00a0Network at\u00a0info@janenetworkfl.org or access their website here for help. Florida law requires a parent to give permission if a young person under 18 years old is trying to get an abortion. (More info on [&hellip;]<\/p>\n","protected":false},"author":3,"featured_media":0,"parent":0,"menu_order":0,"comment_status":"closed","ping_status":"closed","template":"","meta":{"footnotes":""},"folder":[],"class_list":["post-963","page","type-page","status-publish","hentry"],"yoast_head":"<!-- This site is optimized with the Yoast SEO plugin v27.4 - https:\/\/yoast.com\/product\/yoast-seo-wordpress\/ -->\n<title>Judicial Bypass in Florida - Floridians For Reproductive Freedom<\/title>\n<meta name=\"description\" content=\"Under 18 in Florida and need an abortion, but can&#039;t involve a parent? You can get an abortion without a parent involved if a judge allows it.\" \/>\n<meta name=\"robots\" content=\"index, follow, max-snippet:-1, max-image-preview:large, max-video-preview:-1\" \/>\n<link rel=\"canonical\" href=\"https:\/\/floridareprofreedom.org\/vi\/bo-qua-tu-phap\/\" \/>\n<meta property=\"og:locale\" content=\"vi_VN\" \/>\n<meta property=\"og:type\" content=\"article\" \/>\n<meta property=\"og:title\" content=\"Judicial Bypass in Florida - Floridians For Reproductive Freedom\" \/>\n<meta property=\"og:description\" content=\"Under 18 in Florida and need an abortion, but can&#039;t involve a parent? You can get an abortion without a parent involved if a judge allows it.\" \/>\n<meta property=\"og:url\" content=\"https:\/\/floridareprofreedom.org\/vi\/bo-qua-tu-phap\/\" \/>\n<meta property=\"og:site_name\" content=\"Floridians For Reproductive Freedom\" \/>\n<meta property=\"article:publisher\" content=\"https:\/\/www.facebook.com\/FloridaReproFreedom\/\" \/>\n<meta property=\"article:modified_time\" content=\"2025-11-17T14:19:40+00:00\" \/>\n<meta property=\"og:image\" content=\"https:\/\/floridareprofreedom.org\/wp-content\/uploads\/2020\/08\/webpage-image-2-JB-website-1.png\" \/>\n\t<meta property=\"og:image:width\" content=\"820\" \/>\n\t<meta property=\"og:image:height\" content=\"312\" \/>\n\t<meta property=\"og:image:type\" content=\"image\/png\" \/>\n<meta name=\"twitter:card\" content=\"summary_large_image\" \/>\n<meta name=\"twitter:site\" content=\"@FLReproFreedom\" \/>\n<meta name=\"twitter:label1\" content=\"\u01af\u1edbc t\u00ednh th\u1eddi gian \u0111\u1ecdc\" \/>\n\t<meta name=\"twitter:data1\" content=\"3 ph\u00fat\" \/>\n<script type=\"application\/ld+json\" class=\"yoast-schema-graph\">{\"@context\":\"https:\\\/\\\/schema.org\",\"@graph\":[{\"@type\":\"WebPage\",\"@id\":\"https:\\\/\\\/floridareprofreedom.org\\\/judicialbypass\\\/\",\"url\":\"https:\\\/\\\/floridareprofreedom.org\\\/judicialbypass\\\/\",\"name\":\"Judicial Bypass in Florida - Floridians For Reproductive Freedom\",\"isPartOf\":{\"@id\":\"https:\\\/\\\/floridareprofreedom.org\\\/#website\"},\"primaryImageOfPage\":{\"@id\":\"https:\\\/\\\/floridareprofreedom.org\\\/judicialbypass\\\/#primaryimage\"},\"image\":{\"@id\":\"https:\\\/\\\/floridareprofreedom.org\\\/judicialbypass\\\/#primaryimage\"},\"thumbnailUrl\":\"https:\\\/\\\/floridareprofreedom.org\\\/wp-content\\\/uploads\\\/2020\\\/08\\\/webpage-image-2-JB-website-1.png\",\"datePublished\":\"2020-05-20T13:29:48+00:00\",\"dateModified\":\"2025-11-17T14:19:40+00:00\",\"description\":\"Under 18 in Florida and need an abortion, but can't involve a parent? You can get an abortion without a parent involved if a judge allows it.\",\"breadcrumb\":{\"@id\":\"https:\\\/\\\/floridareprofreedom.org\\\/judicialbypass\\\/#breadcrumb\"},\"inLanguage\":\"vi\",\"potentialAction\":[{\"@type\":\"ReadAction\",\"target\":[\"https:\\\/\\\/floridareprofreedom.org\\\/judicialbypass\\\/\"]}]},{\"@type\":\"ImageObject\",\"inLanguage\":\"vi\",\"@id\":\"https:\\\/\\\/floridareprofreedom.org\\\/judicialbypass\\\/#primaryimage\",\"url\":\"https:\\\/\\\/floridareprofreedom.org\\\/wp-content\\\/uploads\\\/2020\\\/08\\\/webpage-image-2-JB-website-1.png\",\"contentUrl\":\"https:\\\/\\\/floridareprofreedom.org\\\/wp-content\\\/uploads\\\/2020\\\/08\\\/webpage-image-2-JB-website-1.png\"},{\"@type\":\"BreadcrumbList\",\"@id\":\"https:\\\/\\\/floridareprofreedom.org\\\/judicialbypass\\\/#breadcrumb\",\"itemListElement\":[{\"@type\":\"ListItem\",\"position\":1,\"name\":\"Home\",\"item\":\"https:\\\/\\\/floridareprofreedom.org\\\/\"},{\"@type\":\"ListItem\",\"position\":2,\"name\":\"Judicial Bypass in Florida\"}]},{\"@type\":\"WebSite\",\"@id\":\"https:\\\/\\\/floridareprofreedom.org\\\/#website\",\"url\":\"https:\\\/\\\/floridareprofreedom.org\\\/\",\"name\":\"Floridians For Reproductive Freedom\",\"description\":\"Advocating for convenient, affordable, and safe access to reproductive health care, including abortion.\",\"publisher\":{\"@id\":\"https:\\\/\\\/floridareprofreedom.org\\\/#organization\"},\"potentialAction\":[{\"@type\":\"SearchAction\",\"target\":{\"@type\":\"EntryPoint\",\"urlTemplate\":\"https:\\\/\\\/floridareprofreedom.org\\\/?s={search_term_string}\"},\"query-input\":{\"@type\":\"PropertyValueSpecification\",\"valueRequired\":true,\"valueName\":\"search_term_string\"}}],\"inLanguage\":\"vi\"},{\"@type\":\"Organization\",\"@id\":\"https:\\\/\\\/floridareprofreedom.org\\\/#organization\",\"name\":\"Floridians for Reproductive Freedom\",\"url\":\"https:\\\/\\\/floridareprofreedom.org\\\/\",\"logo\":{\"@type\":\"ImageObject\",\"inLanguage\":\"vi\",\"@id\":\"https:\\\/\\\/floridareprofreedom.org\\\/#\\\/schema\\\/logo\\\/image\\\/\",\"url\":\"https:\\\/\\\/floridareprofreedom.org\\\/wp-content\\\/uploads\\\/2019\\\/05\\\/Untitled.jpg\",\"contentUrl\":\"https:\\\/\\\/floridareprofreedom.org\\\/wp-content\\\/uploads\\\/2019\\\/05\\\/Untitled.jpg\",\"width\":174,\"height\":180,\"caption\":\"Floridians for Reproductive Freedom\"},\"image\":{\"@id\":\"https:\\\/\\\/floridareprofreedom.org\\\/#\\\/schema\\\/logo\\\/image\\\/\"},\"sameAs\":[\"https:\\\/\\\/www.facebook.com\\\/FloridaReproFreedom\\\/\",\"https:\\\/\\\/x.com\\\/FLReproFreedom\",\"https:\\\/\\\/www.instagram.com\\\/floridareprofreedom\\\/\"]}]}<\/script>\n<!-- \/ Yoast SEO plugin. -->","yoast_head_json":{"title":"B\u1ecf qua t\u01b0 ph\u00e1p \u1edf Florida - Ng\u01b0\u1eddi Florida v\u00ec quy\u1ec1n t\u1ef1 do sinh s\u1ea3n","description":"Tr\u1ebb em d\u01b0\u1edbi 18 tu\u1ed5i \u1edf Florida c\u1ea7n ph\u00e1 thai nh\u01b0ng kh\u00f4ng th\u1ec3 c\u00f3 cha m\u1eb9 \u0111i c\u00f9ng? B\u1ea1n c\u00f3 th\u1ec3 ph\u00e1 thai m\u00e0 kh\u00f4ng c\u1ea7n cha m\u1eb9 \u0111i c\u00f9ng n\u1ebfu \u0111\u01b0\u1ee3c th\u1ea9m ph\u00e1n cho ph\u00e9p.","robots":{"index":"index","follow":"follow","max-snippet":"max-snippet:-1","max-image-preview":"max-image-preview:large","max-video-preview":"max-video-preview:-1"},"canonical":"https:\/\/floridareprofreedom.org\/vi\/bo-qua-tu-phap\/","og_locale":"vi_VN","og_type":"article","og_title":"Judicial Bypass in Florida - Floridians For Reproductive Freedom","og_description":"Under 18 in Florida and need an abortion, but can't involve a parent? You can get an abortion without a parent involved if a judge allows it.","og_url":"https:\/\/floridareprofreedom.org\/vi\/bo-qua-tu-phap\/","og_site_name":"Floridians For Reproductive Freedom","article_publisher":"https:\/\/www.facebook.com\/FloridaReproFreedom\/","article_modified_time":"2025-11-17T14:19:40+00:00","og_image":[{"width":820,"height":312,"url":"https:\/\/floridareprofreedom.org\/wp-content\/uploads\/2020\/08\/webpage-image-2-JB-website-1.png","type":"image\/png"}],"twitter_card":"summary_large_image","twitter_site":"@FLReproFreedom","twitter_misc":{"\u01af\u1edbc t\u00ednh th\u1eddi gian \u0111\u1ecdc":"3 ph\u00fat"},"schema":{"@context":"https:\/\/schema.org","@graph":[{"@type":"WebPage","@id":"https:\/\/floridareprofreedom.org\/judicialbypass\/","url":"https:\/\/floridareprofreedom.org\/judicialbypass\/","name":"B\u1ecf qua t\u01b0 ph\u00e1p \u1edf Florida - Ng\u01b0\u1eddi Florida v\u00ec quy\u1ec1n t\u1ef1 do sinh s\u1ea3n","isPartOf":{"@id":"https:\/\/floridareprofreedom.org\/#website"},"primaryImageOfPage":{"@id":"https:\/\/floridareprofreedom.org\/judicialbypass\/#primaryimage"},"image":{"@id":"https:\/\/floridareprofreedom.org\/judicialbypass\/#primaryimage"},"thumbnailUrl":"https:\/\/floridareprofreedom.org\/wp-content\/uploads\/2020\/08\/webpage-image-2-JB-website-1.png","datePublished":"2020-05-20T13:29:48+00:00","dateModified":"2025-11-17T14:19:40+00:00","description":"Tr\u1ebb em d\u01b0\u1edbi 18 tu\u1ed5i \u1edf Florida c\u1ea7n ph\u00e1 thai nh\u01b0ng kh\u00f4ng th\u1ec3 c\u00f3 cha m\u1eb9 \u0111i c\u00f9ng? B\u1ea1n c\u00f3 th\u1ec3 ph\u00e1 thai m\u00e0 kh\u00f4ng c\u1ea7n cha m\u1eb9 \u0111i c\u00f9ng n\u1ebfu \u0111\u01b0\u1ee3c th\u1ea9m ph\u00e1n cho ph\u00e9p.","breadcrumb":{"@id":"https:\/\/floridareprofreedom.org\/judicialbypass\/#breadcrumb"},"inLanguage":"vi","potentialAction":[{"@type":"ReadAction","target":["https:\/\/floridareprofreedom.org\/judicialbypass\/"]}]},{"@type":"ImageObject","inLanguage":"vi","@id":"https:\/\/floridareprofreedom.org\/judicialbypass\/#primaryimage","url":"https:\/\/floridareprofreedom.org\/wp-content\/uploads\/2020\/08\/webpage-image-2-JB-website-1.png","contentUrl":"https:\/\/floridareprofreedom.org\/wp-content\/uploads\/2020\/08\/webpage-image-2-JB-website-1.png"},{"@type":"BreadcrumbList","@id":"https:\/\/floridareprofreedom.org\/judicialbypass\/#breadcrumb","itemListElement":[{"@type":"ListItem","position":1,"name":"Home","item":"https:\/\/floridareprofreedom.org\/"},{"@type":"ListItem","position":2,"name":"Judicial Bypass in Florida"}]},{"@type":"WebSite","@id":"https:\/\/floridareprofreedom.org\/#website","url":"https:\/\/floridareprofreedom.org\/","name":"Ng\u01b0\u1eddi Florida v\u00ec T\u1ef1 do Sinh s\u1ea3n","description":"V\u1eadn \u0111\u1ed9ng cho vi\u1ec7c ti\u1ebfp c\u1eadn d\u1ecbch v\u1ee5 ch\u0103m s\u00f3c s\u1ee9c kh\u1ecfe sinh s\u1ea3n, bao g\u1ed3m c\u1ea3 ph\u00e1 thai, m\u1ed9t c\u00e1ch thu\u1eadn ti\u1ec7n, gi\u00e1 c\u1ea3 ph\u1ea3i ch\u0103ng v\u00e0 an to\u00e0n.","publisher":{"@id":"https:\/\/floridareprofreedom.org\/#organization"},"potentialAction":[{"@type":"SearchAction","target":{"@type":"EntryPoint","urlTemplate":"https:\/\/floridareprofreedom.org\/?s={search_term_string}"},"query-input":{"@type":"PropertyValueSpecification","valueRequired":true,"valueName":"search_term_string"}}],"inLanguage":"vi"},{"@type":"Organization","@id":"https:\/\/floridareprofreedom.org\/#organization","name":"Ng\u01b0\u1eddi Florida v\u00ec T\u1ef1 do Sinh s\u1ea3n","url":"https:\/\/floridareprofreedom.org\/","logo":{"@type":"ImageObject","inLanguage":"vi","@id":"https:\/\/floridareprofreedom.org\/#\/schema\/logo\/image\/","url":"https:\/\/floridareprofreedom.org\/wp-content\/uploads\/2019\/05\/Untitled.jpg","contentUrl":"https:\/\/floridareprofreedom.org\/wp-content\/uploads\/2019\/05\/Untitled.jpg","width":174,"height":180,"caption":"Floridians for Reproductive Freedom"},"image":{"@id":"https:\/\/floridareprofreedom.org\/#\/schema\/logo\/image\/"},"sameAs":["https:\/\/www.facebook.com\/FloridaReproFreedom\/","https:\/\/x.com\/FLReproFreedom","https:\/\/www.instagram.com\/floridareprofreedom\/"]}]}},"_links":{"self":[{"href":"https:\/\/floridareprofreedom.org\/vi\/wp-json\/wp\/v2\/pages\/963","targetHints":{"allow":["GET"]}}],"collection":[{"href":"https:\/\/floridareprofreedom.org\/vi\/wp-json\/wp\/v2\/pages"}],"about":[{"href":"https:\/\/floridareprofreedom.org\/vi\/wp-json\/wp\/v2\/types\/page"}],"author":[{"embeddable":true,"href":"https:\/\/floridareprofreedom.org\/vi\/wp-json\/wp\/v2\/users\/3"}],"replies":[{"embeddable":true,"href":"https:\/\/floridareprofreedom.org\/vi\/wp-json\/wp\/v2\/comments?post=963"}],"version-history":[{"count":41,"href":"https:\/\/floridareprofreedom.org\/vi\/wp-json\/wp\/v2\/pages\/963\/revisions"}],"predecessor-version":[{"id":4398,"href":"https:\/\/floridareprofreedom.org\/vi\/wp-json\/wp\/v2\/pages\/963\/revisions\/4398"}],"wp:attachment":[{"href":"https:\/\/floridareprofreedom.org\/vi\/wp-json\/wp\/v2\/media?parent=963"}],"wp:term":[{"taxonomy":"folder","embeddable":true,"href":"https:\/\/floridareprofreedom.org\/vi\/wp-json\/wp\/v2\/folder?post=963"}],"curies":[{"name":"wp","href":"https:\/\/api.w.org\/{rel}","templated":true}]}}