{"id":965,"date":"2020-06-01T13:02:53","date_gmt":"2020-06-01T13:02:53","guid":{"rendered":"https:\/\/floridareprofreedom.org\/?page_id=965"},"modified":"2025-10-06T16:25:32","modified_gmt":"2025-10-06T16:25:32","slug":"bo-qua-tu-phap-2","status":"publish","type":"page","link":"https:\/\/floridareprofreedom.org\/vi\/judicial-bypass\/","title":{"rendered":"B\u1ecf qua th\u1ee7 t\u1ee5c ph\u00e1 thai l\u00e0 g\u00ec?"},"content":{"rendered":"<p><span style=\"font-weight: 400;\"><a href=\"mailto:info@janenetworkfl.org\"><img fetchpriority=\"high\" decoding=\"async\" class=\"alignright wp-image-2731 size-medium\" src=\"https:\/\/floridareprofreedom.org\/wp-content\/uploads\/2023\/05\/Jane.Network-240x300.jpg\" alt=\"\" width=\"240\" height=\"300\" srcset=\"https:\/\/floridareprofreedom.org\/wp-content\/uploads\/2023\/05\/Jane.Network-240x300.jpg 240w, https:\/\/floridareprofreedom.org\/wp-content\/uploads\/2023\/05\/Jane.Network-819x1024.jpg 819w, https:\/\/floridareprofreedom.org\/wp-content\/uploads\/2023\/05\/Jane.Network-768x960.jpg 768w, https:\/\/floridareprofreedom.org\/wp-content\/uploads\/2023\/05\/Jane.Network.jpg 1080w\" sizes=\"(max-width: 240px) 100vw, 240px\" \/><\/a><\/span><\/p>\n<h3><em>B\u1ea1n kh\u00f4ng th\u1ec3 nh\u1edd cha m\u1eb9 tham gia v\u00e0o quy\u1ebft \u0111\u1ecbnh ph\u00e1 thai c\u1ee7a m\u00ecnh? H\u00e3y \u0111\u1ecdc ti\u1ebfp.\u00a0 \u00a0<\/em><\/h3>\n<p>B\u1ea1n c\u1ea7n h\u1ed7 tr\u1ee3 ph\u00e1p l\u00fd mi\u1ec5n ph\u00ed \u0111\u1ec3 v\u01b0\u1ee3t qua th\u1ee7 t\u1ee5c t\u01b0 ph\u00e1p t\u1ea1i Florida? H\u00e3y li\u00ean h\u1ec7 v\u1edbi Jane Network t\u1ea1i\u00a0<a href=\"mailto:info@janenetworkfl.org\">info@janenetworkfl.org<\/a>\u00a0ho\u1eb7c truy c\u1eadp\u00a0<a href=\"https:\/\/janenetworkfl.org\/\">trang web c\u1ee7a h\u1ecd \u1edf \u0111\u00e2y<\/a>\u00a0\u0111\u1ec3 \u0111\u01b0\u1ee3c gi\u00fap \u0111\u1ee1.<\/p>\n<p><b>Lu\u1eadt ph\u00e1p Florida y\u00eau c\u1ea7u cha m\u1eb9 ph\u1ea3i cho ph\u00e9p<\/b>\u00a0<b>n\u1ebfu m\u1ed9t ng\u01b0\u1eddi tr\u1ebb d\u01b0\u1edbi 18 tu\u1ed5i \u0111ang c\u1ed1 g\u1eafng ph\u00e1 thai.<\/b>\u00a0(Th\u00f4ng tin th\u00eam v\u1ec1\u00a0<a href=\"https:\/\/reprolegalhelpline.org\/abortion-laws-by-state\/florida\/\">Lu\u1eadt ph\u00e1p Florida \u1edf \u0111\u00e2y<\/a>.) Ch\u00fang t\u00f4i bi\u1ebft h\u1ea7u h\u1ebft ng\u01b0\u1eddi tr\u1ebb \u0111\u1ec1u n\u00f3i chuy\u1ec7n v\u1edbi cha m\u1eb9 khi c\u1ea7n ph\u00e1 thai \u2013 nh\u01b0ng m\u1ed9t s\u1ed1 ng\u01b0\u1eddi kh\u00f4ng th\u1ec3, v\u00ec s\u1ef1 an to\u00e0n c\u1ee7a b\u1ea3n th\u00e2n ho\u1eb7c do nh\u1eefng r\u00e0o c\u1ea3n v\u1ec1 m\u1eb7t h\u1eadu c\u1ea7n. T\u1ea5t c\u1ea3 m\u1ecdi ng\u01b0\u1eddi, b\u1ea5t k\u1ec3 tu\u1ed5i t\u00e1c hay ho\u00e0n c\u1ea3nh, \u0111\u1ec1u n\u00ean \u0111\u01b0\u1ee3c ti\u1ebfp c\u1eadn d\u1ecbch v\u1ee5 ch\u0103m s\u00f3c sinh s\u1ea3n \u2013 bao g\u1ed3m c\u1ea3 ph\u00e1 thai.<\/p>\n<p><b>N\u1ebfu b\u1ea1n kh\u00f4ng th\u1ec3 xin \u0111\u01b0\u1ee3c s\u1ef1 cho ph\u00e9p c\u1ee7a cha m\u1eb9 ho\u1eb7c kh\u00f4ng th\u1ec3 h\u1ecfi cha m\u1eb9, b\u1ea1n c\u00f3 th\u1ec3 ph\u00e1 thai m\u00e0 kh\u00f4ng c\u1ea7n s\u1ef1 tham gia c\u1ee7a cha m\u1eb9.<\/b>\u00a0n\u1ebfu b\u1ea1n ra t\u00f2a v\u00e0 \u0111\u01b0\u1ee3c c\u1ea5p \u201cquy\u1ec1n b\u1ecf qua t\u01b0 ph\u00e1p\u201d.<br \/>\n\u0110\u00e2y l\u00e0 s\u1ef1 mi\u1ec5n tr\u1eeb t\u1eeb t\u00f2a \u00e1n cho ph\u00e9p b\u1ea1n ph\u00e1 thai m\u00e0 kh\u00f4ng c\u1ea7n s\u1ef1 can thi\u1ec7p c\u1ee7a cha m\u1eb9 b\u1ea1n trong m\u1ed9t s\u1ed1 tr\u01b0\u1eddng h\u1ee3p nh\u1ea5t \u0111\u1ecbnh bao g\u1ed3m nh\u01b0ng kh\u00f4ng gi\u1edbi h\u1ea1n \u1edf:<\/p>\n<ul>\n<li aria-level=\"1\">B\u1ea1n \u0111ang trong h\u1ec7 th\u1ed1ng nu\u00f4i d\u01b0\u1ee1ng ho\u1eb7c \u0111ang trong s\u1ef1 gi\u00e1m h\u1ed9 c\u1ee7a ti\u1ec3u bang sau khi \u0111\u01b0\u1ee3c S\u1edf Tr\u1ebb em v\u00e0 Gia \u0111\u00ecnh Florida can thi\u1ec7p<\/li>\n<li aria-level=\"1\">B\u1ea1n \u0111ang b\u1ecb cha m\u1eb9 ho\u1eb7c ng\u01b0\u1eddi gi\u00e1m h\u1ed9 h\u1ee3p ph\u00e1p l\u1ea1m d\u1ee5ng ho\u1eb7c x\u00e2m h\u1ea1i t\u00ecnh d\u1ee5c<\/li>\n<\/ul>\n<p>Do nh\u1eefng h\u1ea1n ch\u1ebf v\u1ec1 ph\u00e1 thai c\u1ee7a Florida, th\u1eddi gian n\u00e0y s\u1ebd di\u1ec5n ra r\u1ea5t nhanh. N\u1ebfu b\u1ea1n ngh\u0129 m\u00ecnh c\u00f3 th\u1ec3 c\u1ea7n \u0111\u01b0\u1ee3c mi\u1ec5n tr\u1eeb t\u01b0 ph\u00e1p\u2014ho\u1eb7c b\u1ea1n kh\u00f4ng ch\u1eafc ch\u1eafn li\u1ec7u t\u00ecnh hu\u1ed1ng c\u1ee7a m\u00ecnh c\u00f3 \u0111\u1ee7 \u0111i\u1ec1u ki\u1ec7n\u2014<strong>li\u00ean h\u1ec7\u00a0<a href=\"https:\/\/share.hsforms.com\/1jrl5GO2gThWo8Cl3yE7nUgnq4ky\" target=\"_blank\" rel=\"noopener\" data-saferedirecturl=\"https:\/\/www.google.com\/url?q=https:\/\/share.hsforms.com\/1jrl5GO2gThWo8Cl3yE7nUgnq4ky&amp;source=gmail&amp;ust=1749570774849000&amp;usg=AOvVaw2OWP7psYsEiPR3FQCIeLoz\">M\u1ea1ng l\u01b0\u1edbi Jane<\/a>\u00a0\u0111\u1ec3 \u0111\u01b0\u1ee3c h\u1ed7 tr\u1ee3 ph\u00e1p l\u00fd mi\u1ec5n ph\u00ed.<\/strong><\/p>\n<p>M\u1ed9t ph\u00e1n quy\u1ebft g\u1ea7n \u0111\u00e2y c\u1ee7a t\u00f2a \u00e1n Florida \u0111\u00e3 h\u1ea1n ch\u1ebf quy\u1ec1n ti\u1ebfp c\u1eadn quy tr\u00ecnh b\u1ecf qua th\u1ee7 t\u1ee5c t\u01b0 ph\u00e1p nh\u01b0ng Jane Network c\u00f3 th\u1ec3 gi\u00fap b\u1ea1n hi\u1ec3u li\u1ec7u quy tr\u00ecnh n\u00e0y c\u00f3 \u00e1p d\u1ee5ng cho b\u1ea1n hay kh\u00f4ng v\u00e0 \u00e1p d\u1ee5ng nh\u01b0 th\u1ebf n\u00e0o. (\u0110\u1ec3 bi\u1ebft th\u00eam th\u00f4ng tin c\u01a1 b\u1ea3n v\u1ec1 Jane Network,\u00a0<a href=\"https:\/\/www.janenetworkfl.org\/\">nh\u1ea5p v\u00e0o \u0111\u00e2y<\/a>.)<\/p>\n<p><b>B\u1ea1n c\u00f3 th\u1ec3\u00a0<\/b><b>kh\u00f4ng<\/b><b>\u00a0c\u1ea7n c\u00f3 cha m\u1eb9, ng\u01b0\u1eddi gi\u00e1m h\u1ed9 ho\u1eb7c gi\u1ea5y mi\u1ec5n tr\u1eeb c\u1ee7a t\u00f2a \u00e1n \u0111\u1ec3 ph\u00e1 thai n\u1ebfu m\u1ed9t trong nh\u1eefng \u0111i\u1ec1u sau \u0111\u00e2y \u00e1p d\u1ee5ng cho b\u1ea1n.<\/b>\u00a0N\u00f3i c\u00e1ch kh\u00e1c, b\u1ea1n c\u00f3 th\u1ec3 ph\u00e1 thai m\u00e0 kh\u00f4ng c\u1ea7n s\u1ef1 tham gia c\u1ee7a cha m\u1eb9 HO\u1eb6C tr\u1ea3i qua qu\u00e1 tr\u00ecnh b\u1ecf qua th\u1ee7 t\u1ee5c t\u01b0 ph\u00e1p n\u1ebfu:<\/p>\n<ul>\n<li aria-level=\"1\">B\u1ea1n \u0111\u00e3 ho\u1eb7c \u0111ang k\u1ebft h\u00f4n<\/li>\n<li aria-level=\"1\">B\u1ea1n \u0111\u00e3 c\u00f3 con r\u1ed3i<\/li>\n<li aria-level=\"1\">B\u1ea1n \u0111\u00e3 \u0111\u01b0\u1ee3c gi\u1ea3i ph\u00f3ng (\u0111\u00e3 \u0111\u01b0\u1ee3c &quot;x\u00f3a b\u1ecf t\u00ecnh tr\u1ea1ng khuy\u1ebft t\u1eadt v\u1ecb th\u00e0nh ni\u00ean&quot;) theo lu\u1eadt ti\u1ec3u bang<\/li>\n<\/ul>\n<p><span style=\"font-weight: 400;\">** N\u1ebfu b\u1ea1n \u0111ang c\u00e2n nh\u1eafc vi\u1ec7c n\u00f3i v\u1edbi b\u1ed1 m\u1eb9 v\u1ec1 quy\u1ebft \u0111\u1ecbnh c\u1ee7a m\u00ecnh v\u00e0 c\u1ea7n tr\u1ee3 gi\u00fap \u0111\u1ec3 suy ngh\u0129 v\u1ec1 c\u00e1ch n\u00f3i v\u1ec1 \u0111i\u1ec1u \u0111\u00f3, b\u1ea1n c\u00f3 th\u1ec3 t\u00ecm l\u1eddi khuy\u00ean <\/span><a href=\"https:\/\/janesdueprocess.org\/blog\/talking-to-parents-about-abortion\/\"><span style=\"font-weight: 400;\">tr\u00ean blog n\u00e0y<\/span><\/a><span style=\"font-weight: 400;\"> b\u1edfi \u0111\u1ed1i t\u00e1c c\u1ee7a ch\u00fang t\u00f4i, Jane&#039;s Due Process.\u00a0<\/span><\/p>\n<p style=\"text-align: center;\"><a href=\"https:\/\/floridareprofreedom.org\/vi\/bo-qua-tu-phap\/\"><strong>Quay l\u1ea1i Trang ch\u1ee7 B\u1ecf qua T\u01b0 ph\u00e1p<\/strong><\/a>\u00a0 \u00a0 <a href=\"https:\/\/floridareprofreedom.org\/vi\/o-dau\/\"><img decoding=\"async\" class=\"alignnone wp-image-1015 size-full\" src=\"https:\/\/floridareprofreedom.org\/wp-content\/uploads\/2020\/05\/next.gif\" alt=\"\" width=\"231\" height=\"32\" \/><\/a><\/p>\n<p><b>C\u00e2u h\u1ecfi li\u00ean quan<\/b><\/p>\n<ul>\n<li><a href=\"https:\/\/floridareprofreedom.org\/vi\/o-dau\/\" data-saferedirecturl=\"https:\/\/www.google.com\/url?q=https:\/\/floridareprofreedom.org\/where\/&amp;source=gmail&amp;ust=1683906476472000&amp;usg=AOvVaw3mu6YVFgqkD4Pez6NjG8ld\">T\u00f4i ph\u1ea3i \u0111\u1ebfn \u0111\u00e2u \u0111\u1ec3 xin \u0111\u01b0\u1ee3c mi\u1ec5n tr\u1eeb t\u01b0 ph\u00e1p?<\/a><\/li>\n<li><a href=\"https:\/\/floridareprofreedom.org\/vi\/cac-hinh-thuc\/\" data-saferedirecturl=\"https:\/\/www.google.com\/url?q=https:\/\/floridareprofreedom.org\/forms\/&amp;source=gmail&amp;ust=1683906476472000&amp;usg=AOvVaw136dOx90JsVdnnw2DC-2w-\">T\u00f4i c\u1ea7n nh\u1eefng m\u1eabu \u0111\u01a1n n\u00e0o?<\/a><\/li>\n<li><a href=\"https:\/\/floridareprofreedom.org\/vi\/phan-xet\/\" data-saferedirecturl=\"https:\/\/www.google.com\/url?q=https:\/\/floridareprofreedom.org\/judge\/&amp;source=gmail&amp;ust=1683906476472000&amp;usg=AOvVaw2P7ymQUJRCzhqMXd4UNaJ7\">Th\u1ea9m ph\u00e1n s\u1ebd xem x\u00e9t \u0111i\u1ec1u g\u00ec?<\/a><\/li>\n<li><a href=\"https:\/\/floridareprofreedom.org\/vi\/luat-su\/\" data-saferedirecturl=\"https:\/\/www.google.com\/url?q=https:\/\/floridareprofreedom.org\/lawyer\/&amp;source=gmail&amp;ust=1683906476472000&amp;usg=AOvVaw1VWcwoUhzhE3Mgd7GYDccH\">T\u00f4i c\u00f3 c\u1ea7n lu\u1eadt s\u01b0 kh\u00f4ng?<\/a><\/li>\n<li><a href=\"https:\/\/floridareprofreedom.org\/vi\/bao-lau\/\" data-saferedirecturl=\"https:\/\/www.google.com\/url?q=https:\/\/floridareprofreedom.org\/howlong\/&amp;source=gmail&amp;ust=1683906476472000&amp;usg=AOvVaw1e3sl8iXIwNIDxaizz5i5g\">Ph\u1ea3i m\u1ea5t bao l\u00e2u \u0111\u1ec3 \u0111\u01b0\u1ee3c mi\u1ec5n tr\u1eeb t\u01b0 ph\u00e1p?<\/a><\/li>\n<li><a href=\"https:\/\/floridareprofreedom.org\/vi\/tri-gia\/\" data-saferedirecturl=\"https:\/\/www.google.com\/url?q=https:\/\/floridareprofreedom.org\/cost\/&amp;source=gmail&amp;ust=1683906476472000&amp;usg=AOvVaw1fuUIxBoSRoq3s7dK2V5gQ\">C\u00f3 t\u1ed1n ti\u1ec1n \u0111\u1ec3 \u0111\u01b0\u1ee3c mi\u1ec5n tr\u1eeb t\u01b0 ph\u00e1p kh\u00f4ng?<\/a><\/li>\n<li><a href=\"https:\/\/floridareprofreedom.org\/vi\/co-ai-biet-khong\/\" data-saferedirecturl=\"https:\/\/www.google.com\/url?q=https:\/\/floridareprofreedom.org\/anyoneknow\/&amp;source=gmail&amp;ust=1683906476472000&amp;usg=AOvVaw37ej9zAF1sjNn2VvNU32l7\">C\u00f3 ai bi\u1ebft li\u1ec7u t\u00f4i c\u00f3 \u0111\u01b0\u1ee3c mi\u1ec5n tr\u1eeb t\u01b0 ph\u00e1p cho vi\u1ec7c ph\u00e1 thai kh\u00f4ng?<\/a><\/li>\n<li><a href=\"https:\/\/floridareprofreedom.org\/vi\/cau-hoitham-phan\/\" data-saferedirecturl=\"https:\/\/www.google.com\/url?q=https:\/\/floridareprofreedom.org\/questionsjudge\/&amp;source=gmail&amp;ust=1683906476472000&amp;usg=AOvVaw3dAjcFd4rHWPQLnuW5luOy\">Th\u1ea9m ph\u00e1n s\u1ebd h\u1ecfi t\u00f4i nh\u1eefng c\u00e2u h\u1ecfi n\u00e0o?<\/a><\/li>\n<li><a href=\"https:\/\/floridareprofreedom.org\/vi\/mac\/\" data-saferedirecturl=\"https:\/\/www.google.com\/url?q=https:\/\/floridareprofreedom.org\/wear\/&amp;source=gmail&amp;ust=1683906476472000&amp;usg=AOvVaw1DZMIlo7hGRfuHrMBramoR\">T\u00f4i n\u00ean m\u1eb7c g\u00ec khi ra t\u00f2a?<\/a><\/li>\n<li><a href=\"https:\/\/floridareprofreedom.org\/vi\/da-len-lich\/\" data-saferedirecturl=\"https:\/\/www.google.com\/url?q=https:\/\/floridareprofreedom.org\/scheduled\/&amp;source=gmail&amp;ust=1683906476472000&amp;usg=AOvVaw1xn17zmaHRp-mTJeGEMVJJ\">\u0110i\u1ec1u g\u00ec s\u1ebd x\u1ea3y ra n\u1ebfu bu\u1ed5i \u0111i\u1ec1u tr\u1ea7n c\u1ee7a t\u00f4i \u0111\u01b0\u1ee3c l\u00ean l\u1ecbch v\u00e0o ng\u00e0y h\u1ecdc?<\/a><\/li>\n<li><a href=\"https:\/\/floridareprofreedom.org\/vi\/nguoi-khac\/\" data-saferedirecturl=\"https:\/\/www.google.com\/url?q=https:\/\/floridareprofreedom.org\/otherperson\/&amp;source=gmail&amp;ust=1683906476472000&amp;usg=AOvVaw3uTwbO2--bonngguSJ12xd\">Ng\u01b0\u1eddi kh\u00e1c c\u00f3 li\u00ean quan \u0111\u1ebfn vi\u1ec7c mang thai c\u1ee7a t\u00f4i c\u00f3 quy\u1ec1n quy\u1ebft \u0111\u1ecbnh vi\u1ec7c t\u00f4i c\u00f3 quy\u1ebft \u0111\u1ecbnh ph\u00e1 thai hay kh\u00f4ng?<\/a><\/li>\n<li><a href=\"https:\/\/floridareprofreedom.org\/vi\/cong-dan\/\" data-saferedirecturl=\"https:\/\/www.google.com\/url?q=https:\/\/floridareprofreedom.org\/citizen\/&amp;source=gmail&amp;ust=1683906476472000&amp;usg=AOvVaw1Y2l43i6aWQo-5DlHJx17Y\">T\u00f4i c\u00f3 c\u1ea7n ph\u1ea3i l\u00e0 c\u00f4ng d\u00e2n Hoa K\u1ef3 m\u1edbi \u0111\u01b0\u1ee3c ph\u00e1 thai kh\u00f4ng? N\u1ebfu t\u00f4i kh\u00f4ng n\u00f3i ti\u1ebfng Anh gi\u1ecfi th\u00ec sao?<\/a><\/li>\n<li><a href=\"https:\/\/floridareprofreedom.org\/vi\/thay-doi\/\" data-saferedirecturl=\"https:\/\/www.google.com\/url?q=https:\/\/floridareprofreedom.org\/change\/&amp;source=gmail&amp;ust=1683906476472000&amp;usg=AOvVaw2NLUMPBzAbIB4_0_AwaxUX\">T\u00f4i c\u00f3 th\u1ec3 thay \u0111\u1ed5i quy\u1ebft \u0111\u1ecbnh sau khi ph\u1eabu thu\u1eadt b\u1eafc c\u1ea7u kh\u00f4ng?<\/a><\/li>\n<li><a href=\"https:\/\/floridareprofreedom.org\/vi\/phu-nhan\/\" data-saferedirecturl=\"https:\/\/www.google.com\/url?q=https:\/\/floridareprofreedom.org\/denies\/&amp;source=gmail&amp;ust=1683906476472000&amp;usg=AOvVaw3bGAnbvux63X3E7mPLosTY\">N\u1ebfu th\u1ea9m ph\u00e1n t\u1eeb ch\u1ed1i y\u00eau c\u1ea7u xin \u0111i \u0111\u01b0\u1eddng v\u00f2ng c\u1ee7a t\u00f4i th\u00ec sao?<\/a><\/li>\n<\/ul>","protected":false},"excerpt":{"rendered":"<p>Can&#8217;t get a parent involved in your decision to get an abortion? Read on.\u00a0 \u00a0 Need free legal assistance for a judicial bypass in\u00a0Florida? Contact The Jane\u00a0Network at\u00a0info@janenetworkfl.org\u00a0or access\u00a0their website here\u00a0for help. Florida law requires a parent to give permission\u00a0if a young person under 18 years old is trying to get an abortion.\u00a0(More info on [&hellip;]<\/p>\n","protected":false},"author":3,"featured_media":0,"parent":0,"menu_order":0,"comment_status":"closed","ping_status":"closed","template":"","meta":{"footnotes":""},"folder":[8],"class_list":["post-965","page","type-page","status-publish","hentry"],"yoast_head":"<!-- This site is optimized with the Yoast SEO plugin v27.3 - https:\/\/yoast.com\/product\/yoast-seo-wordpress\/ -->\n<title>What is a judicial bypass for abortion? - Floridians For Reproductive Freedom<\/title>\n<meta name=\"robots\" content=\"index, follow, max-snippet:-1, max-image-preview:large, max-video-preview:-1\" \/>\n<link rel=\"canonical\" href=\"https:\/\/floridareprofreedom.org\/vi\/bo-qua-tu-phap-2\/\" \/>\n<meta property=\"og:locale\" content=\"vi_VN\" \/>\n<meta property=\"og:type\" content=\"article\" \/>\n<meta property=\"og:title\" content=\"What is a judicial bypass for abortion? - Floridians For Reproductive Freedom\" \/>\n<meta property=\"og:description\" content=\"Can&#8217;t get a parent involved in your decision to get an abortion? Read on.\u00a0 \u00a0 Need free legal assistance for a judicial bypass in\u00a0Florida? Contact The Jane\u00a0Network at\u00a0info@janenetworkfl.org\u00a0or access\u00a0their website here\u00a0for help. Florida law requires a parent to give permission\u00a0if a young person under 18 years old is trying to get an abortion.\u00a0(More info on [&hellip;]\" \/>\n<meta property=\"og:url\" content=\"https:\/\/floridareprofreedom.org\/vi\/bo-qua-tu-phap-2\/\" \/>\n<meta property=\"og:site_name\" content=\"Floridians For Reproductive Freedom\" \/>\n<meta property=\"article:publisher\" content=\"https:\/\/www.facebook.com\/FloridaReproFreedom\/\" \/>\n<meta property=\"article:modified_time\" content=\"2025-10-06T16:25:32+00:00\" \/>\n<meta property=\"og:image\" content=\"https:\/\/floridareprofreedom.org\/wp-content\/uploads\/2023\/05\/Jane.Network.jpg\" \/>\n\t<meta property=\"og:image:width\" content=\"1080\" \/>\n\t<meta property=\"og:image:height\" content=\"1350\" \/>\n\t<meta property=\"og:image:type\" content=\"image\/jpeg\" \/>\n<meta name=\"twitter:card\" content=\"summary_large_image\" \/>\n<meta name=\"twitter:site\" content=\"@FLReproFreedom\" \/>\n<meta name=\"twitter:label1\" content=\"\u01af\u1edbc t\u00ednh th\u1eddi gian \u0111\u1ecdc\" \/>\n\t<meta name=\"twitter:data1\" content=\"3 ph\u00fat\" \/>\n<script type=\"application\/ld+json\" class=\"yoast-schema-graph\">{\"@context\":\"https:\\\/\\\/schema.org\",\"@graph\":[{\"@type\":\"WebPage\",\"@id\":\"https:\\\/\\\/floridareprofreedom.org\\\/judicial-bypass\\\/\",\"url\":\"https:\\\/\\\/floridareprofreedom.org\\\/judicial-bypass\\\/\",\"name\":\"What is a judicial bypass for abortion? - Floridians For Reproductive Freedom\",\"isPartOf\":{\"@id\":\"https:\\\/\\\/floridareprofreedom.org\\\/#website\"},\"primaryImageOfPage\":{\"@id\":\"https:\\\/\\\/floridareprofreedom.org\\\/judicial-bypass\\\/#primaryimage\"},\"image\":{\"@id\":\"https:\\\/\\\/floridareprofreedom.org\\\/judicial-bypass\\\/#primaryimage\"},\"thumbnailUrl\":\"https:\\\/\\\/floridareprofreedom.org\\\/wp-content\\\/uploads\\\/2023\\\/05\\\/Jane.Network-240x300.jpg\",\"datePublished\":\"2020-06-01T13:02:53+00:00\",\"dateModified\":\"2025-10-06T16:25:32+00:00\",\"breadcrumb\":{\"@id\":\"https:\\\/\\\/floridareprofreedom.org\\\/judicial-bypass\\\/#breadcrumb\"},\"inLanguage\":\"vi\",\"potentialAction\":[{\"@type\":\"ReadAction\",\"target\":[\"https:\\\/\\\/floridareprofreedom.org\\\/judicial-bypass\\\/\"]}]},{\"@type\":\"ImageObject\",\"inLanguage\":\"vi\",\"@id\":\"https:\\\/\\\/floridareprofreedom.org\\\/judicial-bypass\\\/#primaryimage\",\"url\":\"https:\\\/\\\/floridareprofreedom.org\\\/wp-content\\\/uploads\\\/2023\\\/05\\\/Jane.Network-240x300.jpg\",\"contentUrl\":\"https:\\\/\\\/floridareprofreedom.org\\\/wp-content\\\/uploads\\\/2023\\\/05\\\/Jane.Network-240x300.jpg\"},{\"@type\":\"BreadcrumbList\",\"@id\":\"https:\\\/\\\/floridareprofreedom.org\\\/judicial-bypass\\\/#breadcrumb\",\"itemListElement\":[{\"@type\":\"ListItem\",\"position\":1,\"name\":\"Home\",\"item\":\"https:\\\/\\\/floridareprofreedom.org\\\/\"},{\"@type\":\"ListItem\",\"position\":2,\"name\":\"What is a judicial bypass for abortion?\"}]},{\"@type\":\"WebSite\",\"@id\":\"https:\\\/\\\/floridareprofreedom.org\\\/#website\",\"url\":\"https:\\\/\\\/floridareprofreedom.org\\\/\",\"name\":\"Floridians For Reproductive Freedom\",\"description\":\"Advocating for convenient, affordable, and safe access to reproductive health care, including abortion.\",\"publisher\":{\"@id\":\"https:\\\/\\\/floridareprofreedom.org\\\/#organization\"},\"potentialAction\":[{\"@type\":\"SearchAction\",\"target\":{\"@type\":\"EntryPoint\",\"urlTemplate\":\"https:\\\/\\\/floridareprofreedom.org\\\/?s={search_term_string}\"},\"query-input\":{\"@type\":\"PropertyValueSpecification\",\"valueRequired\":true,\"valueName\":\"search_term_string\"}}],\"inLanguage\":\"vi\"},{\"@type\":\"Organization\",\"@id\":\"https:\\\/\\\/floridareprofreedom.org\\\/#organization\",\"name\":\"Floridians for Reproductive Freedom\",\"url\":\"https:\\\/\\\/floridareprofreedom.org\\\/\",\"logo\":{\"@type\":\"ImageObject\",\"inLanguage\":\"vi\",\"@id\":\"https:\\\/\\\/floridareprofreedom.org\\\/#\\\/schema\\\/logo\\\/image\\\/\",\"url\":\"https:\\\/\\\/floridareprofreedom.org\\\/wp-content\\\/uploads\\\/2019\\\/05\\\/Untitled.jpg\",\"contentUrl\":\"https:\\\/\\\/floridareprofreedom.org\\\/wp-content\\\/uploads\\\/2019\\\/05\\\/Untitled.jpg\",\"width\":174,\"height\":180,\"caption\":\"Floridians for Reproductive Freedom\"},\"image\":{\"@id\":\"https:\\\/\\\/floridareprofreedom.org\\\/#\\\/schema\\\/logo\\\/image\\\/\"},\"sameAs\":[\"https:\\\/\\\/www.facebook.com\\\/FloridaReproFreedom\\\/\",\"https:\\\/\\\/x.com\\\/FLReproFreedom\",\"https:\\\/\\\/www.instagram.com\\\/floridareprofreedom\\\/\"]}]}<\/script>\n<!-- \/ Yoast SEO plugin. -->","yoast_head_json":{"title":"B\u1ecf qua th\u1ee7 t\u1ee5c ph\u00e1p l\u00fd \u0111\u1ed1i v\u1edbi ph\u00e1 thai l\u00e0 g\u00ec? - Ng\u01b0\u1eddi Florida V\u00ec T\u1ef1 Do Sinh S\u1ea3n","robots":{"index":"index","follow":"follow","max-snippet":"max-snippet:-1","max-image-preview":"max-image-preview:large","max-video-preview":"max-video-preview:-1"},"canonical":"https:\/\/floridareprofreedom.org\/vi\/bo-qua-tu-phap-2\/","og_locale":"vi_VN","og_type":"article","og_title":"What is a judicial bypass for abortion? - Floridians For Reproductive Freedom","og_description":"Can&#8217;t get a parent involved in your decision to get an abortion? Read on.\u00a0 \u00a0 Need free legal assistance for a judicial bypass in\u00a0Florida? Contact The Jane\u00a0Network at\u00a0info@janenetworkfl.org\u00a0or access\u00a0their website here\u00a0for help. Florida law requires a parent to give permission\u00a0if a young person under 18 years old is trying to get an abortion.\u00a0(More info on [&hellip;]","og_url":"https:\/\/floridareprofreedom.org\/vi\/bo-qua-tu-phap-2\/","og_site_name":"Floridians For Reproductive Freedom","article_publisher":"https:\/\/www.facebook.com\/FloridaReproFreedom\/","article_modified_time":"2025-10-06T16:25:32+00:00","og_image":[{"width":1080,"height":1350,"url":"https:\/\/floridareprofreedom.org\/wp-content\/uploads\/2023\/05\/Jane.Network.jpg","type":"image\/jpeg"}],"twitter_card":"summary_large_image","twitter_site":"@FLReproFreedom","twitter_misc":{"\u01af\u1edbc t\u00ednh th\u1eddi gian \u0111\u1ecdc":"3 ph\u00fat"},"schema":{"@context":"https:\/\/schema.org","@graph":[{"@type":"WebPage","@id":"https:\/\/floridareprofreedom.org\/judicial-bypass\/","url":"https:\/\/floridareprofreedom.org\/judicial-bypass\/","name":"B\u1ecf qua th\u1ee7 t\u1ee5c ph\u00e1p l\u00fd \u0111\u1ed1i v\u1edbi ph\u00e1 thai l\u00e0 g\u00ec? - Ng\u01b0\u1eddi Florida V\u00ec T\u1ef1 Do Sinh S\u1ea3n","isPartOf":{"@id":"https:\/\/floridareprofreedom.org\/#website"},"primaryImageOfPage":{"@id":"https:\/\/floridareprofreedom.org\/judicial-bypass\/#primaryimage"},"image":{"@id":"https:\/\/floridareprofreedom.org\/judicial-bypass\/#primaryimage"},"thumbnailUrl":"https:\/\/floridareprofreedom.org\/wp-content\/uploads\/2023\/05\/Jane.Network-240x300.jpg","datePublished":"2020-06-01T13:02:53+00:00","dateModified":"2025-10-06T16:25:32+00:00","breadcrumb":{"@id":"https:\/\/floridareprofreedom.org\/judicial-bypass\/#breadcrumb"},"inLanguage":"vi","potentialAction":[{"@type":"ReadAction","target":["https:\/\/floridareprofreedom.org\/judicial-bypass\/"]}]},{"@type":"ImageObject","inLanguage":"vi","@id":"https:\/\/floridareprofreedom.org\/judicial-bypass\/#primaryimage","url":"https:\/\/floridareprofreedom.org\/wp-content\/uploads\/2023\/05\/Jane.Network-240x300.jpg","contentUrl":"https:\/\/floridareprofreedom.org\/wp-content\/uploads\/2023\/05\/Jane.Network-240x300.jpg"},{"@type":"BreadcrumbList","@id":"https:\/\/floridareprofreedom.org\/judicial-bypass\/#breadcrumb","itemListElement":[{"@type":"ListItem","position":1,"name":"Home","item":"https:\/\/floridareprofreedom.org\/"},{"@type":"ListItem","position":2,"name":"What is a judicial bypass for abortion?"}]},{"@type":"WebSite","@id":"https:\/\/floridareprofreedom.org\/#website","url":"https:\/\/floridareprofreedom.org\/","name":"Ng\u01b0\u1eddi Florida v\u00ec T\u1ef1 do Sinh s\u1ea3n","description":"V\u1eadn \u0111\u1ed9ng cho vi\u1ec7c ti\u1ebfp c\u1eadn d\u1ecbch v\u1ee5 ch\u0103m s\u00f3c s\u1ee9c kh\u1ecfe sinh s\u1ea3n, bao g\u1ed3m c\u1ea3 ph\u00e1 thai, m\u1ed9t c\u00e1ch thu\u1eadn ti\u1ec7n, gi\u00e1 c\u1ea3 ph\u1ea3i ch\u0103ng v\u00e0 an to\u00e0n.","publisher":{"@id":"https:\/\/floridareprofreedom.org\/#organization"},"potentialAction":[{"@type":"SearchAction","target":{"@type":"EntryPoint","urlTemplate":"https:\/\/floridareprofreedom.org\/?s={search_term_string}"},"query-input":{"@type":"PropertyValueSpecification","valueRequired":true,"valueName":"search_term_string"}}],"inLanguage":"vi"},{"@type":"Organization","@id":"https:\/\/floridareprofreedom.org\/#organization","name":"Ng\u01b0\u1eddi Florida v\u00ec T\u1ef1 do Sinh s\u1ea3n","url":"https:\/\/floridareprofreedom.org\/","logo":{"@type":"ImageObject","inLanguage":"vi","@id":"https:\/\/floridareprofreedom.org\/#\/schema\/logo\/image\/","url":"https:\/\/floridareprofreedom.org\/wp-content\/uploads\/2019\/05\/Untitled.jpg","contentUrl":"https:\/\/floridareprofreedom.org\/wp-content\/uploads\/2019\/05\/Untitled.jpg","width":174,"height":180,"caption":"Floridians for Reproductive Freedom"},"image":{"@id":"https:\/\/floridareprofreedom.org\/#\/schema\/logo\/image\/"},"sameAs":["https:\/\/www.facebook.com\/FloridaReproFreedom\/","https:\/\/x.com\/FLReproFreedom","https:\/\/www.instagram.com\/floridareprofreedom\/"]}]}},"_links":{"self":[{"href":"https:\/\/floridareprofreedom.org\/vi\/wp-json\/wp\/v2\/pages\/965","targetHints":{"allow":["GET"]}}],"collection":[{"href":"https:\/\/floridareprofreedom.org\/vi\/wp-json\/wp\/v2\/pages"}],"about":[{"href":"https:\/\/floridareprofreedom.org\/vi\/wp-json\/wp\/v2\/types\/page"}],"author":[{"embeddable":true,"href":"https:\/\/floridareprofreedom.org\/vi\/wp-json\/wp\/v2\/users\/3"}],"replies":[{"embeddable":true,"href":"https:\/\/floridareprofreedom.org\/vi\/wp-json\/wp\/v2\/comments?post=965"}],"version-history":[{"count":27,"href":"https:\/\/floridareprofreedom.org\/vi\/wp-json\/wp\/v2\/pages\/965\/revisions"}],"predecessor-version":[{"id":4262,"href":"https:\/\/floridareprofreedom.org\/vi\/wp-json\/wp\/v2\/pages\/965\/revisions\/4262"}],"wp:attachment":[{"href":"https:\/\/floridareprofreedom.org\/vi\/wp-json\/wp\/v2\/media?parent=965"}],"wp:term":[{"taxonomy":"folder","embeddable":true,"href":"https:\/\/floridareprofreedom.org\/vi\/wp-json\/wp\/v2\/folder?post=965"}],"curies":[{"name":"wp","href":"https:\/\/api.w.org\/{rel}","templated":true}]}}