{"id":969,"date":"2020-06-01T13:01:23","date_gmt":"2020-06-01T13:01:23","guid":{"rendered":"https:\/\/floridareprofreedom.org\/?page_id=969"},"modified":"2023-05-12T19:44:43","modified_gmt":"2023-05-12T19:44:43","slug":"luat-su","status":"publish","type":"page","link":"https:\/\/floridareprofreedom.org\/vi\/lawyer\/","title":{"rendered":"T\u00f4i c\u00f3 c\u1ea7n lu\u1eadt s\u01b0 kh\u00f4ng?"},"content":{"rendered":"<p><img fetchpriority=\"high\" decoding=\"async\" class=\"size-medium wp-image-2731 alignright\" src=\"https:\/\/floridareprofreedom.org\/wp-content\/uploads\/2023\/05\/Jane.Network-240x300.jpg\" alt=\"\" width=\"240\" height=\"300\" srcset=\"https:\/\/floridareprofreedom.org\/wp-content\/uploads\/2023\/05\/Jane.Network-240x300.jpg 240w, https:\/\/floridareprofreedom.org\/wp-content\/uploads\/2023\/05\/Jane.Network-819x1024.jpg 819w, https:\/\/floridareprofreedom.org\/wp-content\/uploads\/2023\/05\/Jane.Network-768x960.jpg 768w, https:\/\/floridareprofreedom.org\/wp-content\/uploads\/2023\/05\/Jane.Network.jpg 1080w\" sizes=\"(max-width: 240px) 100vw, 240px\" \/><\/p>\n<p><span style=\"font-weight: 400;\">Lu\u1eadt ph\u00e1p Florida kh\u00f4ng y\u00eau c\u1ea7u b\u1ea1n ph\u1ea3i c\u00f3 lu\u1eadt s\u01b0 \u0111\u1ec3 n\u1ed9p \u0111\u01a1n xin mi\u1ec5n tr\u1eeb t\u01b0 ph\u00e1p. Tuy nhi\u00ean, b\u1ea1n ph\u1ea3i <\/span><b>c\u00f3 quy\u1ec1n y\u00eau c\u1ea7u m\u1ed9t lu\u1eadt s\u01b0 do t\u00f2a \u00e1n ch\u1ec9 \u0111\u1ecbnh<\/b><span style=\"font-weight: 400;\">, mi\u1ec5n ph\u00ed, \u0111\u1ec3 h\u01b0\u1edbng d\u1eabn b\u1ea1n trong su\u1ed1t qu\u00e1 tr\u00ecnh v\u00e0 \u0111\u1ed3ng h\u00e0nh c\u00f9ng b\u1ea1n \u0111\u1ebfn phi\u00ean \u0111i\u1ec1u tr\u1ea7n. H\u1ea7u h\u1ebft m\u1ecdi ng\u01b0\u1eddi \u0111\u1ec1u l\u1ef1a ch\u1ecdn s\u1ef1 tr\u1ee3 gi\u00fap c\u1ee7a lu\u1eadt s\u01b0 do t\u00f2a \u00e1n ch\u1ec9 \u0111\u1ecbnh.\u00a0<\/span><\/p>\n<p>N\u1ebfu b\u1ea1n quy\u1ebft \u0111\u1ecbnh c\u1ea7n lu\u1eadt s\u01b0, b\u1ea1n c\u00f3 th\u1ec3 li\u00ean h\u1ec7 v\u1edbi t\u00f2a \u00e1n \u0111\u1ecba ph\u01b0\u01a1ng v\u00e0 h\u1ecd s\u1ebd cung c\u1ea5p cho b\u1ea1n th\u00f4ng tin \u0111\u1ec3 lu\u1eadt s\u01b0 li\u00ean h\u1ec7. B\u1ea1n c\u0169ng c\u00f3 th\u1ec3 li\u00ean h\u1ec7 v\u1edbi The Jane Network t\u1ea1i <a href=\"mailto:info@janenetworkfl.org\">info@janenetworkfl.org<\/a> \u0111\u1ec3 \u0111\u01b0\u1ee3c tr\u1ee3 gi\u00fap t\u00ecm ki\u1ebfm s\u1ef1 h\u1ed7 tr\u1ee3 ph\u00e1p l\u00fd mi\u1ec5n ph\u00ed.<\/p>\n<p><span style=\"font-weight: 400;\">B\u1ea1n s\u1ebd n\u00f3i v\u1edbi lu\u1eadt s\u01b0 t\u1ea5t c\u1ea3 l\u00fd do t\u1ea1i sao b\u1ea1n mu\u1ed1n ch\u1ea5m d\u1ee9t thai k\u1ef3. M\u1ecdi \u0111i\u1ec1u b\u1ea1n n\u00f3i v\u1edbi lu\u1eadt s\u01b0 s\u1ebd \u0111\u01b0\u1ee3c gi\u1eef b\u00ed m\u1eadt, lu\u1eadt s\u01b0 s\u1ebd kh\u00f4ng ti\u1ebft l\u1ed9 cho b\u1ea5t k\u1ef3 ai nh\u1eefng g\u00ec b\u1ea1n n\u00f3i, tr\u1eeb khi b\u1ea1n \u0111\u1ed3ng \u00fd.\u00a0<\/span><\/p>\n<p><span style=\"font-weight: 400;\">N\u1ebfu lu\u1eadt s\u01b0 so\u1ea1n th\u1ea3o \u0111\u01a1n kh\u1edfi ki\u1ec7n, b\u1ea1n c\u00f3 quy\u1ec1n xem x\u00e9t \u0111\u01a1n tr\u01b0\u1edbc khi n\u1ed9p. \u1ede m\u1ed9t s\u1ed1 qu\u1eadn, b\u1ea1n ph\u1ea3i c\u00f3 m\u1eb7t t\u1ea1i t\u00f2a \u00e1n khi lu\u1eadt s\u01b0 n\u1ed9p \u0111\u01a1n.<\/span><\/p>\n<p><span style=\"font-weight: 400;\">Sau khi \u0111\u01a1n th\u1ec9nh c\u1ea7u c\u1ee7a b\u1ea1n \u0111\u01b0\u1ee3c n\u1ed9p, lu\u1eadt ph\u00e1p Florida y\u00eau c\u1ea7u m\u1ed9t th\u1ea9m ph\u00e1n ph\u1ea3i g\u1eb7p b\u1ea1n v\u00e0 lu\u1eadt s\u01b0 c\u1ee7a b\u1ea1n n\u1ebfu b\u1ea1n c\u00f3, \u0111\u1ec3 nghe v\u1ec1 y\u00eau c\u1ea7u c\u1ee7a b\u1ea1n v\u00e0 \u0111\u01b0a ra quy\u1ebft \u0111\u1ecbnh cu\u1ed1i c\u00f9ng. <\/span><b>trong v\u00f2ng ba ng\u00e0y l\u00e0m vi\u1ec7c<\/b><span style=\"font-weight: 400;\"> \u0111\u1ec3 ch\u1ea5p thu\u1eadn ho\u1eb7c t\u1eeb ch\u1ed1i vi\u1ec7c mi\u1ec5n tr\u1eeb.<\/span><\/p>\n<p><span style=\"font-weight: 400;\">N\u1ebfu b\u1ea1n quy\u1ebft \u0111\u1ecbnh kh\u00f4ng c\u1ea7n lu\u1eadt s\u01b0, \u0111i\u1ec1u \u0111\u00f3 c\u0169ng kh\u00f4ng sao. B\u1ea1n kh\u00f4ng c\u1ea7n lu\u1eadt s\u01b0 \u0111\u1ec3 n\u1ed9p \u0111\u01a1n ho\u1eb7c g\u1eb7p th\u1ea9m ph\u00e1n t\u1ea1i phi\u00ean \u0111i\u1ec1u tr\u1ea7n. N\u1ebfu b\u1ea1n l\u00e0m theo c\u00e1c b\u01b0\u1edbc \u0111\u01b0\u1ee3c li\u1ec7t k\u00ea<\/span><a href=\"https:\/\/docs.google.com\/document\/d\/17tisbzaVu_JO3Wy4T_HUcGxrdBfVQhwybA8nf7cLiEk\/edit?usp=sharing\"><span style=\"font-weight: 400;\"> \u1edf trang tr\u01b0\u1edbc<\/span><\/a><span style=\"font-weight: 400;\">, b\u1ea1n c\u00f3 th\u1ec3 t\u1ef1 vi\u1ebft \u0111\u01a1n th\u1ec9nh c\u1ea7u c\u1ee7a m\u00ecnh.<\/span><\/p>\n<p><a href=\"https:\/\/floridareprofreedom.org\/vi\/phan-xet\/\"><img decoding=\"async\" class=\"alignnone size-full wp-image-1014\" src=\"https:\/\/floridareprofreedom.org\/wp-content\/uploads\/2020\/05\/previous.gif\" alt=\"\" width=\"231\" height=\"32\" \/><\/a> <a href=\"https:\/\/floridareprofreedom.org\/vi\/bao-lau\/\"><img decoding=\"async\" class=\"alignnone size-full wp-image-1015\" src=\"https:\/\/floridareprofreedom.org\/wp-content\/uploads\/2020\/05\/next.gif\" alt=\"\" width=\"231\" height=\"32\" \/><\/a><\/p>\n<ul>\n<li style=\"font-weight: 400;\"><a href=\"https:\/\/floridareprofreedom.org\/vi\/bo-qua-tu-phap-2\/\"><span style=\"font-weight: 400;\">B\u1ecf qua th\u1ee7 t\u1ee5c ph\u00e1 thai l\u00e0 g\u00ec?<\/span><\/a><\/li>\n<li><a href=\"https:\/\/floridareprofreedom.org\/vi\/o-dau\/\">T\u00f4i ph\u1ea3i \u0111\u1ebfn \u0111\u00e2u \u0111\u1ec3 xin \u0111\u01b0\u1ee3c mi\u1ec5n tr\u1eeb t\u01b0 ph\u00e1p?<\/a><\/li>\n<li><a href=\"https:\/\/floridareprofreedom.org\/vi\/cac-hinh-thuc\/\">T\u00f4i c\u1ea7n nh\u1eefng m\u1eabu \u0111\u01a1n n\u00e0o?<\/a><\/li>\n<li><a href=\"https:\/\/floridareprofreedom.org\/vi\/phan-xet\/\"><span style=\"font-weight: 400;\">Th\u1ea9m ph\u00e1n s\u1ebd xem x\u00e9t \u0111i\u1ec1u g\u00ec?<\/span><\/a><\/li>\n<li style=\"font-weight: 400;\"><a href=\"https:\/\/floridareprofreedom.org\/vi\/luat-su\/\"><span style=\"font-weight: 400;\">T\u00f4i c\u00f3 c\u1ea7n lu\u1eadt s\u01b0 kh\u00f4ng?<\/span><\/a><\/li>\n<li style=\"font-weight: 400;\"><a href=\"https:\/\/floridareprofreedom.org\/vi\/bao-lau\/\"><span style=\"font-weight: 400;\">Ph\u1ea3i m\u1ea5t bao l\u00e2u \u0111\u1ec3 \u0111\u01b0\u1ee3c mi\u1ec5n tr\u1eeb t\u01b0 ph\u00e1p?<\/span><\/a><\/li>\n<li style=\"font-weight: 400;\"><a href=\"https:\/\/floridareprofreedom.org\/vi\/tri-gia\/\"><span style=\"font-weight: 400;\">C\u00f3 t\u1ed1n ti\u1ec1n \u0111\u1ec3 \u0111\u01b0\u1ee3c mi\u1ec5n tr\u1eeb t\u01b0 ph\u00e1p kh\u00f4ng?<\/span><\/a><\/li>\n<li style=\"font-weight: 400;\"><a href=\"https:\/\/floridareprofreedom.org\/vi\/co-ai-biet-khong\/\"><span style=\"font-weight: 400;\">C\u00f3 ai bi\u1ebft li\u1ec7u t\u00f4i c\u00f3 \u0111\u01b0\u1ee3c mi\u1ec5n tr\u1eeb t\u01b0 ph\u00e1p cho vi\u1ec7c ph\u00e1 thai kh\u00f4ng?<\/span><\/a><\/li>\n<li style=\"font-weight: 400;\"><a href=\"https:\/\/floridareprofreedom.org\/vi\/cau-hoitham-phan\/\"><span style=\"font-weight: 400;\">Th\u1ea9m ph\u00e1n s\u1ebd h\u1ecfi t\u00f4i nh\u1eefng c\u00e2u h\u1ecfi n\u00e0o?<\/span><\/a><\/li>\n<li style=\"font-weight: 400;\"><a href=\"https:\/\/floridareprofreedom.org\/vi\/mac\/\"><span style=\"font-weight: 400;\">T\u00f4i n\u00ean m\u1eb7c g\u00ec khi ra t\u00f2a?<\/span><\/a><\/li>\n<li style=\"font-weight: 400;\"><a href=\"https:\/\/floridareprofreedom.org\/vi\/da-len-lich\/\"><span style=\"font-weight: 400;\">\u0110i\u1ec1u g\u00ec s\u1ebd x\u1ea3y ra n\u1ebfu bu\u1ed5i \u0111i\u1ec1u tr\u1ea7n c\u1ee7a t\u00f4i \u0111\u01b0\u1ee3c l\u00ean l\u1ecbch v\u00e0o ng\u00e0y h\u1ecdc?<\/span><\/a><\/li>\n<li style=\"font-weight: 400;\"><a href=\"https:\/\/floridareprofreedom.org\/vi\/nguoi-khac\/\"><span style=\"font-weight: 400;\">Ng\u01b0\u1eddi kh\u00e1c c\u00f3 li\u00ean quan \u0111\u1ebfn vi\u1ec7c mang thai c\u1ee7a t\u00f4i c\u00f3 quy\u1ec1n quy\u1ebft \u0111\u1ecbnh vi\u1ec7c t\u00f4i c\u00f3 quy\u1ebft \u0111\u1ecbnh ph\u00e1 thai hay kh\u00f4ng?<\/span><\/a><\/li>\n<li style=\"font-weight: 400;\"><a href=\"https:\/\/floridareprofreedom.org\/vi\/cong-dan\/\"><span style=\"font-weight: 400;\">T\u00f4i c\u00f3 c\u1ea7n ph\u1ea3i l\u00e0 c\u00f4ng d\u00e2n Hoa K\u1ef3 m\u1edbi \u0111\u01b0\u1ee3c ph\u00e1 thai kh\u00f4ng? N\u1ebfu t\u00f4i kh\u00f4ng n\u00f3i ti\u1ebfng Anh gi\u1ecfi th\u00ec sao?<\/span><\/a><\/li>\n<li style=\"font-weight: 400;\"><a href=\"https:\/\/floridareprofreedom.org\/vi\/thay-doi\/\"><span style=\"font-weight: 400;\">T\u00f4i c\u00f3 th\u1ec3 thay \u0111\u1ed5i quy\u1ebft \u0111\u1ecbnh sau khi ph\u1eabu thu\u1eadt b\u1eafc c\u1ea7u kh\u00f4ng?<\/span><\/a><\/li>\n<li><a href=\"https:\/\/floridareprofreedom.org\/vi\/phu-nhan\/\">N\u1ebfu th\u1ea9m ph\u00e1n t\u1eeb ch\u1ed1i y\u00eau c\u1ea7u xin \u0111i \u0111\u01b0\u1eddng v\u00f2ng c\u1ee7a t\u00f4i th\u00ec sao?<\/a><\/li>\n<\/ul>","protected":false},"excerpt":{"rendered":"<p>Florida law does not require you to have a lawyer to file a petition for a judicial bypass. However, you do have the right to\u00a0request a court appointed lawyer, at no cost, in order to guide you through the process and accompany you to the hearing. Most people opt for the court-appointed lawyer\u2019s help.\u00a0 If [&hellip;]<\/p>\n","protected":false},"author":3,"featured_media":0,"parent":0,"menu_order":0,"comment_status":"closed","ping_status":"closed","template":"","meta":{"footnotes":""},"folder":[8],"class_list":["post-969","page","type-page","status-publish","hentry"],"yoast_head":"<!-- This site is optimized with the Yoast SEO plugin v27.3 - https:\/\/yoast.com\/product\/yoast-seo-wordpress\/ -->\n<title>Do I need a lawyer? - Floridians For Reproductive Freedom<\/title>\n<meta name=\"robots\" content=\"index, follow, max-snippet:-1, max-image-preview:large, max-video-preview:-1\" \/>\n<link rel=\"canonical\" href=\"https:\/\/floridareprofreedom.org\/vi\/luat-su\/\" \/>\n<meta property=\"og:locale\" content=\"vi_VN\" \/>\n<meta property=\"og:type\" content=\"article\" \/>\n<meta property=\"og:title\" content=\"Do I need a lawyer? - Floridians For Reproductive Freedom\" \/>\n<meta property=\"og:description\" content=\"Florida law does not require you to have a lawyer to file a petition for a judicial bypass. However, you do have the right to\u00a0request a court appointed lawyer, at no cost, in order to guide you through the process and accompany you to the hearing. Most people opt for the court-appointed lawyer\u2019s help.\u00a0 If [&hellip;]\" \/>\n<meta property=\"og:url\" content=\"https:\/\/floridareprofreedom.org\/vi\/luat-su\/\" \/>\n<meta property=\"og:site_name\" content=\"Floridians For Reproductive Freedom\" \/>\n<meta property=\"article:publisher\" content=\"https:\/\/www.facebook.com\/FloridaReproFreedom\/\" \/>\n<meta property=\"article:modified_time\" content=\"2023-05-12T19:44:43+00:00\" \/>\n<meta property=\"og:image\" content=\"https:\/\/floridareprofreedom.org\/wp-content\/uploads\/2023\/05\/Jane.Network-240x300.jpg\" \/>\n<meta name=\"twitter:card\" content=\"summary_large_image\" \/>\n<meta name=\"twitter:site\" content=\"@FLReproFreedom\" \/>\n<meta name=\"twitter:label1\" content=\"\u01af\u1edbc t\u00ednh th\u1eddi gian \u0111\u1ecdc\" \/>\n\t<meta name=\"twitter:data1\" content=\"3 ph\u00fat\" \/>\n<script type=\"application\/ld+json\" class=\"yoast-schema-graph\">{\"@context\":\"https:\\\/\\\/schema.org\",\"@graph\":[{\"@type\":\"WebPage\",\"@id\":\"https:\\\/\\\/floridareprofreedom.org\\\/lawyer\\\/\",\"url\":\"https:\\\/\\\/floridareprofreedom.org\\\/lawyer\\\/\",\"name\":\"Do I need a lawyer? - Floridians For Reproductive Freedom\",\"isPartOf\":{\"@id\":\"https:\\\/\\\/floridareprofreedom.org\\\/#website\"},\"primaryImageOfPage\":{\"@id\":\"https:\\\/\\\/floridareprofreedom.org\\\/lawyer\\\/#primaryimage\"},\"image\":{\"@id\":\"https:\\\/\\\/floridareprofreedom.org\\\/lawyer\\\/#primaryimage\"},\"thumbnailUrl\":\"https:\\\/\\\/floridareprofreedom.org\\\/wp-content\\\/uploads\\\/2023\\\/05\\\/Jane.Network-240x300.jpg\",\"datePublished\":\"2020-06-01T13:01:23+00:00\",\"dateModified\":\"2023-05-12T19:44:43+00:00\",\"breadcrumb\":{\"@id\":\"https:\\\/\\\/floridareprofreedom.org\\\/lawyer\\\/#breadcrumb\"},\"inLanguage\":\"vi\",\"potentialAction\":[{\"@type\":\"ReadAction\",\"target\":[\"https:\\\/\\\/floridareprofreedom.org\\\/lawyer\\\/\"]}]},{\"@type\":\"ImageObject\",\"inLanguage\":\"vi\",\"@id\":\"https:\\\/\\\/floridareprofreedom.org\\\/lawyer\\\/#primaryimage\",\"url\":\"https:\\\/\\\/floridareprofreedom.org\\\/wp-content\\\/uploads\\\/2023\\\/05\\\/Jane.Network-240x300.jpg\",\"contentUrl\":\"https:\\\/\\\/floridareprofreedom.org\\\/wp-content\\\/uploads\\\/2023\\\/05\\\/Jane.Network-240x300.jpg\"},{\"@type\":\"BreadcrumbList\",\"@id\":\"https:\\\/\\\/floridareprofreedom.org\\\/lawyer\\\/#breadcrumb\",\"itemListElement\":[{\"@type\":\"ListItem\",\"position\":1,\"name\":\"Home\",\"item\":\"https:\\\/\\\/floridareprofreedom.org\\\/\"},{\"@type\":\"ListItem\",\"position\":2,\"name\":\"Do I need a lawyer?\"}]},{\"@type\":\"WebSite\",\"@id\":\"https:\\\/\\\/floridareprofreedom.org\\\/#website\",\"url\":\"https:\\\/\\\/floridareprofreedom.org\\\/\",\"name\":\"Floridians For Reproductive Freedom\",\"description\":\"Advocating for convenient, affordable, and safe access to reproductive health care, including abortion.\",\"publisher\":{\"@id\":\"https:\\\/\\\/floridareprofreedom.org\\\/#organization\"},\"potentialAction\":[{\"@type\":\"SearchAction\",\"target\":{\"@type\":\"EntryPoint\",\"urlTemplate\":\"https:\\\/\\\/floridareprofreedom.org\\\/?s={search_term_string}\"},\"query-input\":{\"@type\":\"PropertyValueSpecification\",\"valueRequired\":true,\"valueName\":\"search_term_string\"}}],\"inLanguage\":\"vi\"},{\"@type\":\"Organization\",\"@id\":\"https:\\\/\\\/floridareprofreedom.org\\\/#organization\",\"name\":\"Floridians for Reproductive Freedom\",\"url\":\"https:\\\/\\\/floridareprofreedom.org\\\/\",\"logo\":{\"@type\":\"ImageObject\",\"inLanguage\":\"vi\",\"@id\":\"https:\\\/\\\/floridareprofreedom.org\\\/#\\\/schema\\\/logo\\\/image\\\/\",\"url\":\"https:\\\/\\\/floridareprofreedom.org\\\/wp-content\\\/uploads\\\/2019\\\/05\\\/Untitled.jpg\",\"contentUrl\":\"https:\\\/\\\/floridareprofreedom.org\\\/wp-content\\\/uploads\\\/2019\\\/05\\\/Untitled.jpg\",\"width\":174,\"height\":180,\"caption\":\"Floridians for Reproductive Freedom\"},\"image\":{\"@id\":\"https:\\\/\\\/floridareprofreedom.org\\\/#\\\/schema\\\/logo\\\/image\\\/\"},\"sameAs\":[\"https:\\\/\\\/www.facebook.com\\\/FloridaReproFreedom\\\/\",\"https:\\\/\\\/x.com\\\/FLReproFreedom\",\"https:\\\/\\\/www.instagram.com\\\/floridareprofreedom\\\/\"]}]}<\/script>\n<!-- \/ Yoast SEO plugin. -->","yoast_head_json":{"title":"T\u00f4i c\u00f3 c\u1ea7n lu\u1eadt s\u01b0 kh\u00f4ng? - Ng\u01b0\u1eddi Florida V\u00ec T\u1ef1 Do Sinh S\u1ea3n","robots":{"index":"index","follow":"follow","max-snippet":"max-snippet:-1","max-image-preview":"max-image-preview:large","max-video-preview":"max-video-preview:-1"},"canonical":"https:\/\/floridareprofreedom.org\/vi\/luat-su\/","og_locale":"vi_VN","og_type":"article","og_title":"Do I need a lawyer? - Floridians For Reproductive Freedom","og_description":"Florida law does not require you to have a lawyer to file a petition for a judicial bypass. However, you do have the right to\u00a0request a court appointed lawyer, at no cost, in order to guide you through the process and accompany you to the hearing. Most people opt for the court-appointed lawyer\u2019s help.\u00a0 If [&hellip;]","og_url":"https:\/\/floridareprofreedom.org\/vi\/luat-su\/","og_site_name":"Floridians For Reproductive Freedom","article_publisher":"https:\/\/www.facebook.com\/FloridaReproFreedom\/","article_modified_time":"2023-05-12T19:44:43+00:00","og_image":[{"url":"https:\/\/floridareprofreedom.org\/wp-content\/uploads\/2023\/05\/Jane.Network-240x300.jpg","type":"","width":"","height":""}],"twitter_card":"summary_large_image","twitter_site":"@FLReproFreedom","twitter_misc":{"\u01af\u1edbc t\u00ednh th\u1eddi gian \u0111\u1ecdc":"3 ph\u00fat"},"schema":{"@context":"https:\/\/schema.org","@graph":[{"@type":"WebPage","@id":"https:\/\/floridareprofreedom.org\/lawyer\/","url":"https:\/\/floridareprofreedom.org\/lawyer\/","name":"T\u00f4i c\u00f3 c\u1ea7n lu\u1eadt s\u01b0 kh\u00f4ng? - Ng\u01b0\u1eddi Florida V\u00ec T\u1ef1 Do Sinh S\u1ea3n","isPartOf":{"@id":"https:\/\/floridareprofreedom.org\/#website"},"primaryImageOfPage":{"@id":"https:\/\/floridareprofreedom.org\/lawyer\/#primaryimage"},"image":{"@id":"https:\/\/floridareprofreedom.org\/lawyer\/#primaryimage"},"thumbnailUrl":"https:\/\/floridareprofreedom.org\/wp-content\/uploads\/2023\/05\/Jane.Network-240x300.jpg","datePublished":"2020-06-01T13:01:23+00:00","dateModified":"2023-05-12T19:44:43+00:00","breadcrumb":{"@id":"https:\/\/floridareprofreedom.org\/lawyer\/#breadcrumb"},"inLanguage":"vi","potentialAction":[{"@type":"ReadAction","target":["https:\/\/floridareprofreedom.org\/lawyer\/"]}]},{"@type":"ImageObject","inLanguage":"vi","@id":"https:\/\/floridareprofreedom.org\/lawyer\/#primaryimage","url":"https:\/\/floridareprofreedom.org\/wp-content\/uploads\/2023\/05\/Jane.Network-240x300.jpg","contentUrl":"https:\/\/floridareprofreedom.org\/wp-content\/uploads\/2023\/05\/Jane.Network-240x300.jpg"},{"@type":"BreadcrumbList","@id":"https:\/\/floridareprofreedom.org\/lawyer\/#breadcrumb","itemListElement":[{"@type":"ListItem","position":1,"name":"Home","item":"https:\/\/floridareprofreedom.org\/"},{"@type":"ListItem","position":2,"name":"Do I need a lawyer?"}]},{"@type":"WebSite","@id":"https:\/\/floridareprofreedom.org\/#website","url":"https:\/\/floridareprofreedom.org\/","name":"Ng\u01b0\u1eddi Florida v\u00ec T\u1ef1 do Sinh s\u1ea3n","description":"V\u1eadn \u0111\u1ed9ng cho vi\u1ec7c ti\u1ebfp c\u1eadn d\u1ecbch v\u1ee5 ch\u0103m s\u00f3c s\u1ee9c kh\u1ecfe sinh s\u1ea3n, bao g\u1ed3m c\u1ea3 ph\u00e1 thai, m\u1ed9t c\u00e1ch thu\u1eadn ti\u1ec7n, gi\u00e1 c\u1ea3 ph\u1ea3i ch\u0103ng v\u00e0 an to\u00e0n.","publisher":{"@id":"https:\/\/floridareprofreedom.org\/#organization"},"potentialAction":[{"@type":"SearchAction","target":{"@type":"EntryPoint","urlTemplate":"https:\/\/floridareprofreedom.org\/?s={search_term_string}"},"query-input":{"@type":"PropertyValueSpecification","valueRequired":true,"valueName":"search_term_string"}}],"inLanguage":"vi"},{"@type":"Organization","@id":"https:\/\/floridareprofreedom.org\/#organization","name":"Ng\u01b0\u1eddi Florida v\u00ec T\u1ef1 do Sinh s\u1ea3n","url":"https:\/\/floridareprofreedom.org\/","logo":{"@type":"ImageObject","inLanguage":"vi","@id":"https:\/\/floridareprofreedom.org\/#\/schema\/logo\/image\/","url":"https:\/\/floridareprofreedom.org\/wp-content\/uploads\/2019\/05\/Untitled.jpg","contentUrl":"https:\/\/floridareprofreedom.org\/wp-content\/uploads\/2019\/05\/Untitled.jpg","width":174,"height":180,"caption":"Floridians for Reproductive Freedom"},"image":{"@id":"https:\/\/floridareprofreedom.org\/#\/schema\/logo\/image\/"},"sameAs":["https:\/\/www.facebook.com\/FloridaReproFreedom\/","https:\/\/x.com\/FLReproFreedom","https:\/\/www.instagram.com\/floridareprofreedom\/"]}]}},"_links":{"self":[{"href":"https:\/\/floridareprofreedom.org\/vi\/wp-json\/wp\/v2\/pages\/969","targetHints":{"allow":["GET"]}}],"collection":[{"href":"https:\/\/floridareprofreedom.org\/vi\/wp-json\/wp\/v2\/pages"}],"about":[{"href":"https:\/\/floridareprofreedom.org\/vi\/wp-json\/wp\/v2\/types\/page"}],"author":[{"embeddable":true,"href":"https:\/\/floridareprofreedom.org\/vi\/wp-json\/wp\/v2\/users\/3"}],"replies":[{"embeddable":true,"href":"https:\/\/floridareprofreedom.org\/vi\/wp-json\/wp\/v2\/comments?post=969"}],"version-history":[{"count":10,"href":"https:\/\/floridareprofreedom.org\/vi\/wp-json\/wp\/v2\/pages\/969\/revisions"}],"predecessor-version":[{"id":2780,"href":"https:\/\/floridareprofreedom.org\/vi\/wp-json\/wp\/v2\/pages\/969\/revisions\/2780"}],"wp:attachment":[{"href":"https:\/\/floridareprofreedom.org\/vi\/wp-json\/wp\/v2\/media?parent=969"}],"wp:term":[{"taxonomy":"folder","embeddable":true,"href":"https:\/\/floridareprofreedom.org\/vi\/wp-json\/wp\/v2\/folder?post=969"}],"curies":[{"name":"wp","href":"https:\/\/api.w.org\/{rel}","templated":true}]}}