{"id":973,"date":"2020-06-01T13:01:33","date_gmt":"2020-06-01T13:01:33","guid":{"rendered":"https:\/\/floridareprofreedom.org\/?page_id=973"},"modified":"2023-05-12T19:47:31","modified_gmt":"2023-05-12T19:47:31","slug":"tri-gia","status":"publish","type":"page","link":"https:\/\/floridareprofreedom.org\/vi\/cost\/","title":{"rendered":"C\u00f3 t\u1ed1n ti\u1ec1n \u0111\u1ec3 \u0111\u01b0\u1ee3c mi\u1ec5n tr\u1eeb t\u01b0 ph\u00e1p kh\u00f4ng?"},"content":{"rendered":"<p><img fetchpriority=\"high\" decoding=\"async\" class=\"size-medium wp-image-2731 alignright\" src=\"https:\/\/floridareprofreedom.org\/wp-content\/uploads\/2023\/05\/Jane.Network-240x300.jpg\" alt=\"\" width=\"240\" height=\"300\" srcset=\"https:\/\/floridareprofreedom.org\/wp-content\/uploads\/2023\/05\/Jane.Network-240x300.jpg 240w, https:\/\/floridareprofreedom.org\/wp-content\/uploads\/2023\/05\/Jane.Network-819x1024.jpg 819w, https:\/\/floridareprofreedom.org\/wp-content\/uploads\/2023\/05\/Jane.Network-768x960.jpg 768w, https:\/\/floridareprofreedom.org\/wp-content\/uploads\/2023\/05\/Jane.Network.jpg 1080w\" sizes=\"(max-width: 240px) 100vw, 240px\" \/><\/p>\n<p><span style=\"font-weight: 400;\">Kh\u00f4ng c\u00f3 ph\u00ed ph\u00e1p l\u00fd n\u00e0o cho vi\u1ec7c n\u1ed9p \u0111\u01a1n xin mi\u1ec5n tr\u1eeb t\u01b0 ph\u00e1p cho ph\u00e1 thai \u1edf Florida. N\u1ebfu b\u1ea1n mu\u1ed1n t\u00f2a \u00e1n ch\u1ec9 \u0111\u1ecbnh m\u1ed9t lu\u1eadt s\u01b0 \u0111\u1ec3 h\u1ed7 tr\u1ee3 b\u1ea1n, b\u1ea1n s\u1ebd kh\u00f4ng m\u1ea5t ph\u00ed (Xem <\/span><a href=\"https:\/\/docs.google.com\/document\/d\/1B4AdYdocQAyBSCz2_Jl0nJHqr3P7ZelheUsQ0whwSQU\/edit?usp=sharing\"><span style=\"font-weight: 400;\">T\u00f4i c\u00f3 c\u1ea7n lu\u1eadt s\u01b0 kh\u00f4ng?<\/span><\/a><span style=\"font-weight: 400;\"> \u0111\u1ec3 bi\u1ebft th\u00eam th\u00f4ng tin.)\u00a0<\/span><\/p>\n<p><span style=\"font-weight: 400;\">T\u1ea1i m\u1ed9t s\u1ed1 t\u00f2a \u00e1n, b\u1ea1n c\u00f3 th\u1ec3 ph\u1ea3i tr\u1ea3 ph\u00ed \u0111\u1ed7 xe.<\/span><\/p>\n<p><span style=\"font-weight: 400;\">B\u1ea1n s\u1ebd ph\u1ea3i tr\u1ea3 ti\u1ec1n cho c\u00e1c cu\u1ed9c h\u1eb9n kh\u00e1m b\u1ec7nh li\u00ean quan \u0111\u1ebfn th\u1ee7 thu\u1eadt n\u00e0y. N\u1ebfu b\u1ea1n kh\u00f4ng \u0111\u1ee7 kh\u1ea3 n\u0103ng chi tr\u1ea3 cho vi\u1ec7c ph\u00e1 thai, c\u00f3 c\u00e1c m\u1ea1ng l\u01b0\u1edbi t\u00e0i tr\u1ee3 \u0111\u1ecba ph\u01b0\u01a1ng v\u00e0 qu\u1ed1c gia c\u00f3 th\u1ec3 h\u1ed7 tr\u1ee3 b\u1ea1n. Xem danh s\u00e1ch b\u00ean d\u01b0\u1edbi. B\u1ea1n c\u0169ng n\u00ean h\u1ecfi nh\u00e0 cung c\u1ea5p d\u1ecbch v\u1ee5 ph\u00e1 thai xem h\u1ecd c\u00f3 th\u1ec3 h\u1ed7 tr\u1ee3 t\u00e0i ch\u00ednh hay kh\u00f4ng.<\/span><\/p>\n<ul>\n<li style=\"font-weight: 400;\"><a href=\"https:\/\/www.prochoice.org\/\"><span style=\"font-weight: 400;\">Li\u00ean \u0111o\u00e0n ph\u00e1 thai qu\u1ed1c gia<\/span><\/a><span style=\"font-weight: 400;\">: 1-800-772-9100<\/span><\/li>\n<li style=\"font-weight: 400;\"><a href=\"https:\/\/www.plannedparenthood.org\/teens\"><span style=\"font-weight: 400;\">K\u1ebf ho\u1ea1ch h\u00f3a gia \u0111\u00ecnh<\/span><\/a><span style=\"font-weight: 400;\">: 1-800-230-7526<\/span><\/li>\n<li style=\"font-weight: 400;\"><a href=\"http:\/\/www.flaccessnetwork.org\"><span style=\"font-weight: 400;\">M\u1ea1ng l\u01b0\u1edbi truy c\u1eadp Florida<\/span><\/a><span style=\"font-weight: 400;\">: H\u1ed7 tr\u1ee3 to\u00e0n Florida<\/span><\/li>\n<li style=\"font-weight: 400;\"><a href=\"https:\/\/emawpb.org\/\"><span style=\"font-weight: 400;\">C\u00f4ng ty H\u1ed7 tr\u1ee3 Y t\u1ebf Kh\u1ea9n c\u1ea5p<\/span><\/a><span style=\"font-weight: 400;\">: <\/span><span style=\"font-weight: 400;\">Palm Beaches v\u00e0 Treasure Coast<\/span><\/li>\n<li style=\"font-weight: 400;\"><a href=\"https:\/\/bwefund.org\/site\/\"><span style=\"font-weight: 400;\">Broward Women&#039;s Emergency Fun<\/span><\/a><span style=\"font-weight: 400;\">d: Qu\u1eadn Broward<\/span><\/li>\n<li style=\"font-weight: 400;\"><a href=\"https:\/\/abortionfunds.org\/fund\/womens-emergency-network\/\"><span style=\"font-weight: 400;\">M\u1ea1ng l\u01b0\u1edbi kh\u1ea9n c\u1ea5p c\u1ee7a ph\u1ee5 n\u1eef<\/span><\/a><span style=\"font-weight: 400;\">: C\u00e1c qu\u1eadn Miami-Dade, Broward v\u00e0 Monroe<\/span><\/li>\n<li style=\"font-weight: 400;\"><a href=\"https:\/\/abortionfunds.org\/fund\/tampa-bay-abortion-fund\/\"><span style=\"font-weight: 400;\">Qu\u1ef9 ph\u00e1 thai Tampa Bay<\/span><\/a><span style=\"font-weight: 400;\">: C\u00e1c qu\u1eadn Pinellas, Hillsborough, Pasco, Polk<\/span><\/li>\n<\/ul>\n<p><a href=\"https:\/\/floridareprofreedom.org\/vi\/bao-lau\/\"><img decoding=\"async\" class=\"alignnone size-full wp-image-1014\" src=\"https:\/\/floridareprofreedom.org\/wp-content\/uploads\/2020\/05\/previous.gif\" alt=\"\" width=\"231\" height=\"32\" \/><\/a> <a href=\"https:\/\/floridareprofreedom.org\/vi\/co-ai-biet-khong\/\"><img decoding=\"async\" class=\"alignnone size-full wp-image-1015\" src=\"https:\/\/floridareprofreedom.org\/wp-content\/uploads\/2020\/05\/next.gif\" alt=\"\" width=\"231\" height=\"32\" \/><\/a><\/p>\n<p><b>C\u00e2u h\u1ecfi li\u00ean quan<\/b><\/p>\n<ul>\n<li style=\"font-weight: 400;\"><a href=\"https:\/\/floridareprofreedom.org\/vi\/bo-qua-tu-phap-2\/\"><span style=\"font-weight: 400;\">B\u1ecf qua th\u1ee7 t\u1ee5c ph\u00e1 thai l\u00e0 g\u00ec?<\/span><\/a><\/li>\n<li><a href=\"https:\/\/floridareprofreedom.org\/vi\/o-dau\/\">T\u00f4i ph\u1ea3i \u0111\u1ebfn \u0111\u00e2u \u0111\u1ec3 xin \u0111\u01b0\u1ee3c mi\u1ec5n tr\u1eeb t\u01b0 ph\u00e1p?<\/a><\/li>\n<li><a href=\"https:\/\/floridareprofreedom.org\/vi\/cac-hinh-thuc\/\">T\u00f4i c\u1ea7n nh\u1eefng m\u1eabu \u0111\u01a1n n\u00e0o?<\/a><\/li>\n<li><a href=\"https:\/\/floridareprofreedom.org\/vi\/phan-xet\/\"><span style=\"font-weight: 400;\">Th\u1ea9m ph\u00e1n s\u1ebd xem x\u00e9t \u0111i\u1ec1u g\u00ec?<\/span><\/a><\/li>\n<li style=\"font-weight: 400;\"><a href=\"https:\/\/floridareprofreedom.org\/vi\/luat-su\/\"><span style=\"font-weight: 400;\">T\u00f4i c\u00f3 c\u1ea7n lu\u1eadt s\u01b0 kh\u00f4ng?<\/span><\/a><\/li>\n<li style=\"font-weight: 400;\"><a href=\"https:\/\/floridareprofreedom.org\/vi\/bao-lau\/\"><span style=\"font-weight: 400;\">Ph\u1ea3i m\u1ea5t bao l\u00e2u \u0111\u1ec3 \u0111\u01b0\u1ee3c mi\u1ec5n tr\u1eeb t\u01b0 ph\u00e1p?<\/span><\/a><\/li>\n<li style=\"font-weight: 400;\"><a href=\"https:\/\/floridareprofreedom.org\/vi\/tri-gia\/\"><span style=\"font-weight: 400;\">C\u00f3 t\u1ed1n ti\u1ec1n \u0111\u1ec3 \u0111\u01b0\u1ee3c mi\u1ec5n tr\u1eeb t\u01b0 ph\u00e1p kh\u00f4ng?<\/span><\/a><\/li>\n<li style=\"font-weight: 400;\"><a href=\"https:\/\/floridareprofreedom.org\/vi\/co-ai-biet-khong\/\"><span style=\"font-weight: 400;\">C\u00f3 ai bi\u1ebft li\u1ec7u t\u00f4i c\u00f3 \u0111\u01b0\u1ee3c mi\u1ec5n tr\u1eeb t\u01b0 ph\u00e1p cho vi\u1ec7c ph\u00e1 thai kh\u00f4ng?<\/span><\/a><\/li>\n<li style=\"font-weight: 400;\"><a href=\"https:\/\/floridareprofreedom.org\/vi\/cau-hoitham-phan\/\"><span style=\"font-weight: 400;\">Th\u1ea9m ph\u00e1n s\u1ebd h\u1ecfi t\u00f4i nh\u1eefng c\u00e2u h\u1ecfi n\u00e0o?<\/span><\/a><\/li>\n<li style=\"font-weight: 400;\"><a href=\"https:\/\/floridareprofreedom.org\/vi\/mac\/\"><span style=\"font-weight: 400;\">T\u00f4i n\u00ean m\u1eb7c g\u00ec khi ra t\u00f2a?<\/span><\/a><\/li>\n<li style=\"font-weight: 400;\"><a href=\"https:\/\/floridareprofreedom.org\/vi\/da-len-lich\/\"><span style=\"font-weight: 400;\">\u0110i\u1ec1u g\u00ec s\u1ebd x\u1ea3y ra n\u1ebfu bu\u1ed5i \u0111i\u1ec1u tr\u1ea7n c\u1ee7a t\u00f4i \u0111\u01b0\u1ee3c l\u00ean l\u1ecbch v\u00e0o ng\u00e0y h\u1ecdc?<\/span><\/a><\/li>\n<li style=\"font-weight: 400;\"><a href=\"https:\/\/floridareprofreedom.org\/vi\/nguoi-khac\/\"><span style=\"font-weight: 400;\">Ng\u01b0\u1eddi kh\u00e1c c\u00f3 li\u00ean quan \u0111\u1ebfn vi\u1ec7c mang thai c\u1ee7a t\u00f4i c\u00f3 quy\u1ec1n quy\u1ebft \u0111\u1ecbnh vi\u1ec7c t\u00f4i c\u00f3 quy\u1ebft \u0111\u1ecbnh ph\u00e1 thai hay kh\u00f4ng?<\/span><\/a><\/li>\n<li style=\"font-weight: 400;\"><a href=\"https:\/\/floridareprofreedom.org\/vi\/cong-dan\/\"><span style=\"font-weight: 400;\">T\u00f4i c\u00f3 c\u1ea7n ph\u1ea3i l\u00e0 c\u00f4ng d\u00e2n Hoa K\u1ef3 m\u1edbi \u0111\u01b0\u1ee3c ph\u00e1 thai kh\u00f4ng? N\u1ebfu t\u00f4i kh\u00f4ng n\u00f3i ti\u1ebfng Anh gi\u1ecfi th\u00ec sao?<\/span><\/a><\/li>\n<li style=\"font-weight: 400;\"><a href=\"https:\/\/floridareprofreedom.org\/vi\/thay-doi\/\"><span style=\"font-weight: 400;\">T\u00f4i c\u00f3 th\u1ec3 thay \u0111\u1ed5i quy\u1ebft \u0111\u1ecbnh sau khi ph\u1eabu thu\u1eadt b\u1eafc c\u1ea7u kh\u00f4ng?<\/span><\/a><\/li>\n<li><a href=\"https:\/\/floridareprofreedom.org\/vi\/phu-nhan\/\">N\u1ebfu th\u1ea9m ph\u00e1n t\u1eeb ch\u1ed1i y\u00eau c\u1ea7u xin \u0111i \u0111\u01b0\u1eddng v\u00f2ng c\u1ee7a t\u00f4i th\u00ec sao?<\/a><\/li>\n<\/ul>","protected":false},"excerpt":{"rendered":"<p>There are no legal fees for applying to get a judicial bypass for abortion in Florida. If you want the court to assign a lawyer to help\u00a0you, that will be at no cost to you (See Do I need a lawyer? for more information.)\u00a0 At some courthouses, you may need to pay for parking. You [&hellip;]<\/p>\n","protected":false},"author":3,"featured_media":0,"parent":0,"menu_order":0,"comment_status":"closed","ping_status":"closed","template":"","meta":{"footnotes":""},"folder":[8],"class_list":["post-973","page","type-page","status-publish","hentry"],"yoast_head":"<!-- This site is optimized with the Yoast SEO plugin v27.3 - https:\/\/yoast.com\/product\/yoast-seo-wordpress\/ -->\n<title>Does it cost money to get a judicial bypass? - Floridians For Reproductive Freedom<\/title>\n<meta name=\"robots\" content=\"index, follow, max-snippet:-1, max-image-preview:large, max-video-preview:-1\" \/>\n<link rel=\"canonical\" href=\"https:\/\/floridareprofreedom.org\/vi\/tri-gia\/\" \/>\n<meta property=\"og:locale\" content=\"vi_VN\" \/>\n<meta property=\"og:type\" content=\"article\" \/>\n<meta property=\"og:title\" content=\"Does it cost money to get a judicial bypass? - Floridians For Reproductive Freedom\" \/>\n<meta property=\"og:description\" content=\"There are no legal fees for applying to get a judicial bypass for abortion in Florida. If you want the court to assign a lawyer to help\u00a0you, that will be at no cost to you (See Do I need a lawyer? for more information.)\u00a0 At some courthouses, you may need to pay for parking. You [&hellip;]\" \/>\n<meta property=\"og:url\" content=\"https:\/\/floridareprofreedom.org\/vi\/tri-gia\/\" \/>\n<meta property=\"og:site_name\" content=\"Floridians For Reproductive Freedom\" \/>\n<meta property=\"article:publisher\" content=\"https:\/\/www.facebook.com\/FloridaReproFreedom\/\" \/>\n<meta property=\"article:modified_time\" content=\"2023-05-12T19:47:31+00:00\" \/>\n<meta property=\"og:image\" content=\"https:\/\/floridareprofreedom.org\/wp-content\/uploads\/2023\/05\/Jane.Network-240x300.jpg\" \/>\n<meta name=\"twitter:card\" content=\"summary_large_image\" \/>\n<meta name=\"twitter:site\" content=\"@FLReproFreedom\" \/>\n<meta name=\"twitter:label1\" content=\"\u01af\u1edbc t\u00ednh th\u1eddi gian \u0111\u1ecdc\" \/>\n\t<meta name=\"twitter:data1\" content=\"2 ph\u00fat\" \/>\n<script type=\"application\/ld+json\" class=\"yoast-schema-graph\">{\"@context\":\"https:\\\/\\\/schema.org\",\"@graph\":[{\"@type\":\"WebPage\",\"@id\":\"https:\\\/\\\/floridareprofreedom.org\\\/cost\\\/\",\"url\":\"https:\\\/\\\/floridareprofreedom.org\\\/cost\\\/\",\"name\":\"Does it cost money to get a judicial bypass? - Floridians For Reproductive Freedom\",\"isPartOf\":{\"@id\":\"https:\\\/\\\/floridareprofreedom.org\\\/#website\"},\"primaryImageOfPage\":{\"@id\":\"https:\\\/\\\/floridareprofreedom.org\\\/cost\\\/#primaryimage\"},\"image\":{\"@id\":\"https:\\\/\\\/floridareprofreedom.org\\\/cost\\\/#primaryimage\"},\"thumbnailUrl\":\"https:\\\/\\\/floridareprofreedom.org\\\/wp-content\\\/uploads\\\/2023\\\/05\\\/Jane.Network-240x300.jpg\",\"datePublished\":\"2020-06-01T13:01:33+00:00\",\"dateModified\":\"2023-05-12T19:47:31+00:00\",\"breadcrumb\":{\"@id\":\"https:\\\/\\\/floridareprofreedom.org\\\/cost\\\/#breadcrumb\"},\"inLanguage\":\"vi\",\"potentialAction\":[{\"@type\":\"ReadAction\",\"target\":[\"https:\\\/\\\/floridareprofreedom.org\\\/cost\\\/\"]}]},{\"@type\":\"ImageObject\",\"inLanguage\":\"vi\",\"@id\":\"https:\\\/\\\/floridareprofreedom.org\\\/cost\\\/#primaryimage\",\"url\":\"https:\\\/\\\/floridareprofreedom.org\\\/wp-content\\\/uploads\\\/2023\\\/05\\\/Jane.Network-240x300.jpg\",\"contentUrl\":\"https:\\\/\\\/floridareprofreedom.org\\\/wp-content\\\/uploads\\\/2023\\\/05\\\/Jane.Network-240x300.jpg\"},{\"@type\":\"BreadcrumbList\",\"@id\":\"https:\\\/\\\/floridareprofreedom.org\\\/cost\\\/#breadcrumb\",\"itemListElement\":[{\"@type\":\"ListItem\",\"position\":1,\"name\":\"Home\",\"item\":\"https:\\\/\\\/floridareprofreedom.org\\\/\"},{\"@type\":\"ListItem\",\"position\":2,\"name\":\"Does it cost money to get a judicial bypass?\"}]},{\"@type\":\"WebSite\",\"@id\":\"https:\\\/\\\/floridareprofreedom.org\\\/#website\",\"url\":\"https:\\\/\\\/floridareprofreedom.org\\\/\",\"name\":\"Floridians For Reproductive Freedom\",\"description\":\"Advocating for convenient, affordable, and safe access to reproductive health care, including abortion.\",\"publisher\":{\"@id\":\"https:\\\/\\\/floridareprofreedom.org\\\/#organization\"},\"potentialAction\":[{\"@type\":\"SearchAction\",\"target\":{\"@type\":\"EntryPoint\",\"urlTemplate\":\"https:\\\/\\\/floridareprofreedom.org\\\/?s={search_term_string}\"},\"query-input\":{\"@type\":\"PropertyValueSpecification\",\"valueRequired\":true,\"valueName\":\"search_term_string\"}}],\"inLanguage\":\"vi\"},{\"@type\":\"Organization\",\"@id\":\"https:\\\/\\\/floridareprofreedom.org\\\/#organization\",\"name\":\"Floridians for Reproductive Freedom\",\"url\":\"https:\\\/\\\/floridareprofreedom.org\\\/\",\"logo\":{\"@type\":\"ImageObject\",\"inLanguage\":\"vi\",\"@id\":\"https:\\\/\\\/floridareprofreedom.org\\\/#\\\/schema\\\/logo\\\/image\\\/\",\"url\":\"https:\\\/\\\/floridareprofreedom.org\\\/wp-content\\\/uploads\\\/2019\\\/05\\\/Untitled.jpg\",\"contentUrl\":\"https:\\\/\\\/floridareprofreedom.org\\\/wp-content\\\/uploads\\\/2019\\\/05\\\/Untitled.jpg\",\"width\":174,\"height\":180,\"caption\":\"Floridians for Reproductive Freedom\"},\"image\":{\"@id\":\"https:\\\/\\\/floridareprofreedom.org\\\/#\\\/schema\\\/logo\\\/image\\\/\"},\"sameAs\":[\"https:\\\/\\\/www.facebook.com\\\/FloridaReproFreedom\\\/\",\"https:\\\/\\\/x.com\\\/FLReproFreedom\",\"https:\\\/\\\/www.instagram.com\\\/floridareprofreedom\\\/\"]}]}<\/script>\n<!-- \/ Yoast SEO plugin. -->","yoast_head_json":{"title":"C\u00f3 t\u1ed1n ti\u1ec1n \u0111\u1ec3 \u0111\u01b0\u1ee3c mi\u1ec5n tr\u1eeb t\u01b0 ph\u00e1p kh\u00f4ng? - Ng\u01b0\u1eddi Florida v\u00ec T\u1ef1 do Sinh s\u1ea3n","robots":{"index":"index","follow":"follow","max-snippet":"max-snippet:-1","max-image-preview":"max-image-preview:large","max-video-preview":"max-video-preview:-1"},"canonical":"https:\/\/floridareprofreedom.org\/vi\/tri-gia\/","og_locale":"vi_VN","og_type":"article","og_title":"Does it cost money to get a judicial bypass? - Floridians For Reproductive Freedom","og_description":"There are no legal fees for applying to get a judicial bypass for abortion in Florida. If you want the court to assign a lawyer to help\u00a0you, that will be at no cost to you (See Do I need a lawyer? for more information.)\u00a0 At some courthouses, you may need to pay for parking. You [&hellip;]","og_url":"https:\/\/floridareprofreedom.org\/vi\/tri-gia\/","og_site_name":"Floridians For Reproductive Freedom","article_publisher":"https:\/\/www.facebook.com\/FloridaReproFreedom\/","article_modified_time":"2023-05-12T19:47:31+00:00","og_image":[{"url":"https:\/\/floridareprofreedom.org\/wp-content\/uploads\/2023\/05\/Jane.Network-240x300.jpg","type":"","width":"","height":""}],"twitter_card":"summary_large_image","twitter_site":"@FLReproFreedom","twitter_misc":{"\u01af\u1edbc t\u00ednh th\u1eddi gian \u0111\u1ecdc":"2 ph\u00fat"},"schema":{"@context":"https:\/\/schema.org","@graph":[{"@type":"WebPage","@id":"https:\/\/floridareprofreedom.org\/cost\/","url":"https:\/\/floridareprofreedom.org\/cost\/","name":"C\u00f3 t\u1ed1n ti\u1ec1n \u0111\u1ec3 \u0111\u01b0\u1ee3c mi\u1ec5n tr\u1eeb t\u01b0 ph\u00e1p kh\u00f4ng? - Ng\u01b0\u1eddi Florida v\u00ec T\u1ef1 do Sinh s\u1ea3n","isPartOf":{"@id":"https:\/\/floridareprofreedom.org\/#website"},"primaryImageOfPage":{"@id":"https:\/\/floridareprofreedom.org\/cost\/#primaryimage"},"image":{"@id":"https:\/\/floridareprofreedom.org\/cost\/#primaryimage"},"thumbnailUrl":"https:\/\/floridareprofreedom.org\/wp-content\/uploads\/2023\/05\/Jane.Network-240x300.jpg","datePublished":"2020-06-01T13:01:33+00:00","dateModified":"2023-05-12T19:47:31+00:00","breadcrumb":{"@id":"https:\/\/floridareprofreedom.org\/cost\/#breadcrumb"},"inLanguage":"vi","potentialAction":[{"@type":"ReadAction","target":["https:\/\/floridareprofreedom.org\/cost\/"]}]},{"@type":"ImageObject","inLanguage":"vi","@id":"https:\/\/floridareprofreedom.org\/cost\/#primaryimage","url":"https:\/\/floridareprofreedom.org\/wp-content\/uploads\/2023\/05\/Jane.Network-240x300.jpg","contentUrl":"https:\/\/floridareprofreedom.org\/wp-content\/uploads\/2023\/05\/Jane.Network-240x300.jpg"},{"@type":"BreadcrumbList","@id":"https:\/\/floridareprofreedom.org\/cost\/#breadcrumb","itemListElement":[{"@type":"ListItem","position":1,"name":"Home","item":"https:\/\/floridareprofreedom.org\/"},{"@type":"ListItem","position":2,"name":"Does it cost money to get a judicial bypass?"}]},{"@type":"WebSite","@id":"https:\/\/floridareprofreedom.org\/#website","url":"https:\/\/floridareprofreedom.org\/","name":"Ng\u01b0\u1eddi Florida v\u00ec T\u1ef1 do Sinh s\u1ea3n","description":"V\u1eadn \u0111\u1ed9ng cho vi\u1ec7c ti\u1ebfp c\u1eadn d\u1ecbch v\u1ee5 ch\u0103m s\u00f3c s\u1ee9c kh\u1ecfe sinh s\u1ea3n, bao g\u1ed3m c\u1ea3 ph\u00e1 thai, m\u1ed9t c\u00e1ch thu\u1eadn ti\u1ec7n, gi\u00e1 c\u1ea3 ph\u1ea3i ch\u0103ng v\u00e0 an to\u00e0n.","publisher":{"@id":"https:\/\/floridareprofreedom.org\/#organization"},"potentialAction":[{"@type":"SearchAction","target":{"@type":"EntryPoint","urlTemplate":"https:\/\/floridareprofreedom.org\/?s={search_term_string}"},"query-input":{"@type":"PropertyValueSpecification","valueRequired":true,"valueName":"search_term_string"}}],"inLanguage":"vi"},{"@type":"Organization","@id":"https:\/\/floridareprofreedom.org\/#organization","name":"Ng\u01b0\u1eddi Florida v\u00ec T\u1ef1 do Sinh s\u1ea3n","url":"https:\/\/floridareprofreedom.org\/","logo":{"@type":"ImageObject","inLanguage":"vi","@id":"https:\/\/floridareprofreedom.org\/#\/schema\/logo\/image\/","url":"https:\/\/floridareprofreedom.org\/wp-content\/uploads\/2019\/05\/Untitled.jpg","contentUrl":"https:\/\/floridareprofreedom.org\/wp-content\/uploads\/2019\/05\/Untitled.jpg","width":174,"height":180,"caption":"Floridians for Reproductive Freedom"},"image":{"@id":"https:\/\/floridareprofreedom.org\/#\/schema\/logo\/image\/"},"sameAs":["https:\/\/www.facebook.com\/FloridaReproFreedom\/","https:\/\/x.com\/FLReproFreedom","https:\/\/www.instagram.com\/floridareprofreedom\/"]}]}},"_links":{"self":[{"href":"https:\/\/floridareprofreedom.org\/vi\/wp-json\/wp\/v2\/pages\/973","targetHints":{"allow":["GET"]}}],"collection":[{"href":"https:\/\/floridareprofreedom.org\/vi\/wp-json\/wp\/v2\/pages"}],"about":[{"href":"https:\/\/floridareprofreedom.org\/vi\/wp-json\/wp\/v2\/types\/page"}],"author":[{"embeddable":true,"href":"https:\/\/floridareprofreedom.org\/vi\/wp-json\/wp\/v2\/users\/3"}],"replies":[{"embeddable":true,"href":"https:\/\/floridareprofreedom.org\/vi\/wp-json\/wp\/v2\/comments?post=973"}],"version-history":[{"count":8,"href":"https:\/\/floridareprofreedom.org\/vi\/wp-json\/wp\/v2\/pages\/973\/revisions"}],"predecessor-version":[{"id":2782,"href":"https:\/\/floridareprofreedom.org\/vi\/wp-json\/wp\/v2\/pages\/973\/revisions\/2782"}],"wp:attachment":[{"href":"https:\/\/floridareprofreedom.org\/vi\/wp-json\/wp\/v2\/media?parent=973"}],"wp:term":[{"taxonomy":"folder","embeddable":true,"href":"https:\/\/floridareprofreedom.org\/vi\/wp-json\/wp\/v2\/folder?post=973"}],"curies":[{"name":"wp","href":"https:\/\/api.w.org\/{rel}","templated":true}]}}