{"id":977,"date":"2020-06-01T13:03:05","date_gmt":"2020-06-01T13:03:05","guid":{"rendered":"https:\/\/floridareprofreedom.org\/?page_id=977"},"modified":"2023-05-12T19:50:13","modified_gmt":"2023-05-12T19:50:13","slug":"cau-hoitham-phan","status":"publish","type":"page","link":"https:\/\/floridareprofreedom.org\/vi\/questionsjudge\/","title":{"rendered":"Th\u1ea9m ph\u00e1n s\u1ebd h\u1ecfi t\u00f4i nh\u1eefng c\u00e2u h\u1ecfi n\u00e0o?"},"content":{"rendered":"<p><img fetchpriority=\"high\" decoding=\"async\" class=\"size-medium wp-image-2731 alignright\" src=\"https:\/\/floridareprofreedom.org\/wp-content\/uploads\/2023\/05\/Jane.Network-240x300.jpg\" alt=\"\" width=\"240\" height=\"300\" srcset=\"https:\/\/floridareprofreedom.org\/wp-content\/uploads\/2023\/05\/Jane.Network-240x300.jpg 240w, https:\/\/floridareprofreedom.org\/wp-content\/uploads\/2023\/05\/Jane.Network-819x1024.jpg 819w, https:\/\/floridareprofreedom.org\/wp-content\/uploads\/2023\/05\/Jane.Network-768x960.jpg 768w, https:\/\/floridareprofreedom.org\/wp-content\/uploads\/2023\/05\/Jane.Network.jpg 1080w\" sizes=\"(max-width: 240px) 100vw, 240px\" \/><\/p>\n<p><span style=\"font-weight: 400;\">Nh\u00ecn chung, th\u1ea9m ph\u00e1n s\u1ebd mu\u1ed1n bi\u1ebft b\u1ea1n hi\u1ec3u r\u00f5 c\u00e1c l\u1ef1a ch\u1ecdn c\u1ee7a m\u00ecnh v\u00e0 \u0111\u00e3 c\u00e2n nh\u1eafc k\u1ef9 l\u01b0\u1ee1ng quy\u1ebft \u0111\u1ecbnh. N\u1ebfu b\u1ea1n c\u00f3 lu\u1eadt s\u01b0, h\u1ecd s\u1ebd gi\u00fap b\u1ea1n chu\u1ea9n b\u1ecb cho bu\u1ed5i g\u1eb7p m\u1eb7t v\u1edbi th\u1ea9m ph\u00e1n.<\/span><\/p>\n<p><span style=\"font-weight: 400;\">Nh\u1eefng \u0111i\u1ec1u b\u1ea1n mu\u1ed1n trao \u0111\u1ed5i v\u1edbi th\u1ea9m ph\u00e1n:<\/span><\/p>\n<ul>\n<li style=\"font-weight: 400;\"><span style=\"font-weight: 400;\">B\u1ea1n \u0111\u00e3 x\u00e1c nh\u1eadn vi\u1ec7c mang thai c\u1ee7a m\u00ecnh v\u1edbi b\u00e1c s\u0129 ch\u01b0a?<\/span><\/li>\n<li style=\"font-weight: 400;\"><span style=\"font-weight: 400;\">B\u1ea1n \u0111\u00e3 mang thai \u0111\u01b0\u1ee3c bao nhi\u00eau tu\u1ea7n r\u1ed3i?<\/span><\/li>\n<li style=\"font-weight: 400;\"><span style=\"font-weight: 400;\">T\u1ea1i sao cha m\u1eb9 kh\u00f4ng th\u1ec3 tham gia?<\/span><\/li>\n<li style=\"font-weight: 400;\"><span style=\"font-weight: 400;\">B\u1ea1n bi\u1ebft g\u00ec v\u1ec1 c\u00e1c th\u1ee7 thu\u1eadt ph\u00e1 thai? C\u00f3 nh\u1eefng l\u1ef1a ch\u1ecdn n\u00e0o \u0111\u1ec3 ch\u1ea5m d\u1ee9t thai k\u1ef3?<\/span><\/li>\n<li style=\"font-weight: 400;\"><span style=\"font-weight: 400;\">B\u1ea1n bi\u1ebft g\u00ec v\u1ec1 c\u00e1c r\u1ee7i ro v\u00e0 bi\u1ebfn ch\u1ee9ng c\u00f3 th\u1ec3 x\u1ea3y ra? B\u1ea1n s\u1ebd l\u00e0m g\u00ec n\u1ebfu g\u1eb7p bi\u1ebfn ch\u1ee9ng?<\/span><\/li>\n<li style=\"font-weight: 400;\"><span style=\"font-weight: 400;\">B\u1ea1n \u0111\u00e3 n\u00f3i chuy\u1ec7n v\u1edbi ai v\u1ec1 quy\u1ebft \u0111\u1ecbnh ph\u00e1 thai c\u1ee7a m\u00ecnh? B\u1ea1n \u0111\u00e3 n\u00f3i chuy\u1ec7n v\u1edbi ng\u01b0\u1eddi l\u1edbn n\u00e0o ch\u01b0a?<\/span><\/li>\n<li style=\"font-weight: 400;\"><span style=\"font-weight: 400;\">C\u00f3 ai g\u00e2y \u00e1p l\u1ef1c ho\u1eb7c \u00e9p bu\u1ed9c b\u1ea1n ph\u1ea3i ph\u00e1 thai kh\u00f4ng?<\/span><\/li>\n<li style=\"font-weight: 400;\"><span style=\"font-weight: 400;\">B\u1ea1n c\u00f3 b\u1ecb l\u1ea1m d\u1ee5ng kh\u00f4ng?<\/span><\/li>\n<li style=\"font-weight: 400;\"><span style=\"font-weight: 400;\">B\u1ea1n s\u1ebd tr\u1ea3 ti\u1ec1n ph\u00e1 thai b\u1eb1ng c\u00e1ch n\u00e0o?<\/span><\/li>\n<\/ul>\n<p><a href=\"https:\/\/drive.google.com\/open?id=1nCrUP_HmPi09CYfEQhbJkZtQPd8GJ7_u\"><b>Nh\u1ea5p v\u00e0o \u0111\u00e2y<\/b><\/a><a href=\"https:\/\/drive.google.com\/open?id=1nCrUP_HmPi09CYfEQhbJkZtQPd8GJ7_u\"><span style=\"font-weight: 400;\"> \u0111\u1ec3 xem danh s\u00e1ch (d\u00e0i h\u01a1n) c\u00e1c c\u00e2u h\u1ecfi c\u00f3 th\u1ec3 \u0111\u01b0\u1ee3c h\u1ecfi.<\/span><\/a><b><i> Kh\u00f4ng c\u00f3 th\u1ea9m ph\u00e1n n\u00e0o h\u1ecfi t\u1ea5t c\u1ea3 nh\u1eefng c\u00e2u h\u1ecfi n\u00e0y.\u00a0<\/i><\/b><\/p>\n<p><span style=\"font-weight: 400;\">C\u0169ng xem <\/span><a href=\"https:\/\/floridareprofreedom.org\/vi\/phan-xet\/\"><b>Th\u1ea9m ph\u00e1n s\u1ebd xem x\u00e9t \u0111i\u1ec1u g\u00ec?<\/b><\/a><\/p>\n<p><a href=\"https:\/\/floridareprofreedom.org\/vi\/co-ai-biet-khong\/\"><img decoding=\"async\" class=\"alignnone size-full wp-image-1014\" src=\"https:\/\/floridareprofreedom.org\/wp-content\/uploads\/2020\/05\/previous.gif\" alt=\"\" width=\"231\" height=\"32\" \/><\/a> <a href=\"https:\/\/floridareprofreedom.org\/vi\/mac\/\"><img decoding=\"async\" class=\"alignnone size-full wp-image-1015\" src=\"https:\/\/floridareprofreedom.org\/wp-content\/uploads\/2020\/05\/next.gif\" alt=\"\" width=\"231\" height=\"32\" \/><\/a><\/p>\n<p><b>C\u00e2u h\u1ecfi li\u00ean quan<\/b><\/p>\n<ul>\n<li><a href=\"https:\/\/floridareprofreedom.org\/vi\/o-dau\/\" data-saferedirecturl=\"https:\/\/www.google.com\/url?q=https:\/\/floridareprofreedom.org\/where\/&amp;source=gmail&amp;ust=1683906476472000&amp;usg=AOvVaw3mu6YVFgqkD4Pez6NjG8ld\">T\u00f4i ph\u1ea3i \u0111\u1ebfn \u0111\u00e2u \u0111\u1ec3 xin \u0111\u01b0\u1ee3c mi\u1ec5n tr\u1eeb t\u01b0 ph\u00e1p?<\/a><\/li>\n<li><a href=\"https:\/\/floridareprofreedom.org\/vi\/cac-hinh-thuc\/\" data-saferedirecturl=\"https:\/\/www.google.com\/url?q=https:\/\/floridareprofreedom.org\/forms\/&amp;source=gmail&amp;ust=1683906476472000&amp;usg=AOvVaw136dOx90JsVdnnw2DC-2w-\">T\u00f4i c\u1ea7n nh\u1eefng m\u1eabu \u0111\u01a1n n\u00e0o?<\/a><\/li>\n<li><a href=\"https:\/\/floridareprofreedom.org\/vi\/phan-xet\/\" data-saferedirecturl=\"https:\/\/www.google.com\/url?q=https:\/\/floridareprofreedom.org\/judge\/&amp;source=gmail&amp;ust=1683906476472000&amp;usg=AOvVaw2P7ymQUJRCzhqMXd4UNaJ7\">Th\u1ea9m ph\u00e1n s\u1ebd xem x\u00e9t \u0111i\u1ec1u g\u00ec?<\/a><\/li>\n<li><a href=\"https:\/\/floridareprofreedom.org\/vi\/luat-su\/\" data-saferedirecturl=\"https:\/\/www.google.com\/url?q=https:\/\/floridareprofreedom.org\/lawyer\/&amp;source=gmail&amp;ust=1683906476472000&amp;usg=AOvVaw1VWcwoUhzhE3Mgd7GYDccH\">T\u00f4i c\u00f3 c\u1ea7n lu\u1eadt s\u01b0 kh\u00f4ng?<\/a><\/li>\n<li><a href=\"https:\/\/floridareprofreedom.org\/vi\/bao-lau\/\" data-saferedirecturl=\"https:\/\/www.google.com\/url?q=https:\/\/floridareprofreedom.org\/howlong\/&amp;source=gmail&amp;ust=1683906476472000&amp;usg=AOvVaw1e3sl8iXIwNIDxaizz5i5g\">Ph\u1ea3i m\u1ea5t bao l\u00e2u \u0111\u1ec3 \u0111\u01b0\u1ee3c mi\u1ec5n tr\u1eeb t\u01b0 ph\u00e1p?<\/a><\/li>\n<li><a href=\"https:\/\/floridareprofreedom.org\/vi\/tri-gia\/\" data-saferedirecturl=\"https:\/\/www.google.com\/url?q=https:\/\/floridareprofreedom.org\/cost\/&amp;source=gmail&amp;ust=1683906476472000&amp;usg=AOvVaw1fuUIxBoSRoq3s7dK2V5gQ\">C\u00f3 t\u1ed1n ti\u1ec1n \u0111\u1ec3 \u0111\u01b0\u1ee3c mi\u1ec5n tr\u1eeb t\u01b0 ph\u00e1p kh\u00f4ng?<\/a><\/li>\n<li><a href=\"https:\/\/floridareprofreedom.org\/vi\/co-ai-biet-khong\/\" data-saferedirecturl=\"https:\/\/www.google.com\/url?q=https:\/\/floridareprofreedom.org\/anyoneknow\/&amp;source=gmail&amp;ust=1683906476472000&amp;usg=AOvVaw37ej9zAF1sjNn2VvNU32l7\">C\u00f3 ai bi\u1ebft li\u1ec7u t\u00f4i c\u00f3 \u0111\u01b0\u1ee3c mi\u1ec5n tr\u1eeb t\u01b0 ph\u00e1p cho vi\u1ec7c ph\u00e1 thai kh\u00f4ng?<\/a><\/li>\n<li><a href=\"https:\/\/floridareprofreedom.org\/vi\/cau-hoitham-phan\/\" data-saferedirecturl=\"https:\/\/www.google.com\/url?q=https:\/\/floridareprofreedom.org\/questionsjudge\/&amp;source=gmail&amp;ust=1683906476472000&amp;usg=AOvVaw3dAjcFd4rHWPQLnuW5luOy\">Th\u1ea9m ph\u00e1n s\u1ebd h\u1ecfi t\u00f4i nh\u1eefng c\u00e2u h\u1ecfi n\u00e0o?<\/a><\/li>\n<li><a href=\"https:\/\/floridareprofreedom.org\/vi\/mac\/\" data-saferedirecturl=\"https:\/\/www.google.com\/url?q=https:\/\/floridareprofreedom.org\/wear\/&amp;source=gmail&amp;ust=1683906476472000&amp;usg=AOvVaw1DZMIlo7hGRfuHrMBramoR\">T\u00f4i n\u00ean m\u1eb7c g\u00ec khi ra t\u00f2a?<\/a><\/li>\n<li><a href=\"https:\/\/floridareprofreedom.org\/vi\/da-len-lich\/\" data-saferedirecturl=\"https:\/\/www.google.com\/url?q=https:\/\/floridareprofreedom.org\/scheduled\/&amp;source=gmail&amp;ust=1683906476472000&amp;usg=AOvVaw1xn17zmaHRp-mTJeGEMVJJ\">\u0110i\u1ec1u g\u00ec s\u1ebd x\u1ea3y ra n\u1ebfu bu\u1ed5i \u0111i\u1ec1u tr\u1ea7n c\u1ee7a t\u00f4i \u0111\u01b0\u1ee3c l\u00ean l\u1ecbch v\u00e0o ng\u00e0y h\u1ecdc?<\/a><\/li>\n<li><a href=\"https:\/\/floridareprofreedom.org\/vi\/nguoi-khac\/\" data-saferedirecturl=\"https:\/\/www.google.com\/url?q=https:\/\/floridareprofreedom.org\/otherperson\/&amp;source=gmail&amp;ust=1683906476472000&amp;usg=AOvVaw3uTwbO2--bonngguSJ12xd\">Ng\u01b0\u1eddi kh\u00e1c c\u00f3 li\u00ean quan \u0111\u1ebfn vi\u1ec7c mang thai c\u1ee7a t\u00f4i c\u00f3 quy\u1ec1n quy\u1ebft \u0111\u1ecbnh vi\u1ec7c t\u00f4i c\u00f3 quy\u1ebft \u0111\u1ecbnh ph\u00e1 thai hay kh\u00f4ng?<\/a><\/li>\n<li><a href=\"https:\/\/floridareprofreedom.org\/vi\/cong-dan\/\" data-saferedirecturl=\"https:\/\/www.google.com\/url?q=https:\/\/floridareprofreedom.org\/citizen\/&amp;source=gmail&amp;ust=1683906476472000&amp;usg=AOvVaw1Y2l43i6aWQo-5DlHJx17Y\">T\u00f4i c\u00f3 c\u1ea7n ph\u1ea3i l\u00e0 c\u00f4ng d\u00e2n Hoa K\u1ef3 m\u1edbi \u0111\u01b0\u1ee3c ph\u00e1 thai kh\u00f4ng? N\u1ebfu t\u00f4i kh\u00f4ng n\u00f3i ti\u1ebfng Anh gi\u1ecfi th\u00ec sao?<\/a><\/li>\n<li><a href=\"https:\/\/floridareprofreedom.org\/vi\/thay-doi\/\" data-saferedirecturl=\"https:\/\/www.google.com\/url?q=https:\/\/floridareprofreedom.org\/change\/&amp;source=gmail&amp;ust=1683906476472000&amp;usg=AOvVaw2NLUMPBzAbIB4_0_AwaxUX\">T\u00f4i c\u00f3 th\u1ec3 thay \u0111\u1ed5i quy\u1ebft \u0111\u1ecbnh sau khi ph\u1eabu thu\u1eadt b\u1eafc c\u1ea7u kh\u00f4ng?<\/a><\/li>\n<li><a href=\"https:\/\/floridareprofreedom.org\/vi\/phu-nhan\/\" data-saferedirecturl=\"https:\/\/www.google.com\/url?q=https:\/\/floridareprofreedom.org\/denies\/&amp;source=gmail&amp;ust=1683906476472000&amp;usg=AOvVaw3bGAnbvux63X3E7mPLosTY\">N\u1ebfu th\u1ea9m ph\u00e1n t\u1eeb ch\u1ed1i y\u00eau c\u1ea7u xin \u0111i \u0111\u01b0\u1eddng v\u00f2ng c\u1ee7a t\u00f4i th\u00ec sao?<\/a><\/li>\n<\/ul>","protected":false},"excerpt":{"rendered":"<p>In general, the judge will want to know that you understand your options and that you&#8217;ve carefully considered your decision. If\u00a0you have a lawyer, they will help you get ready for the meeting with the judge. Things you will want to be able to talk about with the judge: Have you confirmed your pregnancy with [&hellip;]<\/p>\n","protected":false},"author":3,"featured_media":0,"parent":0,"menu_order":0,"comment_status":"closed","ping_status":"closed","template":"","meta":{"footnotes":""},"folder":[8],"class_list":["post-977","page","type-page","status-publish","hentry"],"yoast_head":"<!-- This site is optimized with the Yoast SEO plugin v27.3 - https:\/\/yoast.com\/product\/yoast-seo-wordpress\/ -->\n<title>What kinds of questions will the judge ask me? - Floridians For Reproductive Freedom<\/title>\n<meta name=\"robots\" content=\"index, follow, max-snippet:-1, max-image-preview:large, max-video-preview:-1\" \/>\n<link rel=\"canonical\" href=\"https:\/\/floridareprofreedom.org\/vi\/cau-hoitham-phan\/\" \/>\n<meta property=\"og:locale\" content=\"vi_VN\" \/>\n<meta property=\"og:type\" content=\"article\" \/>\n<meta property=\"og:title\" content=\"What kinds of questions will the judge ask me? - Floridians For Reproductive Freedom\" \/>\n<meta property=\"og:description\" content=\"In general, the judge will want to know that you understand your options and that you&#8217;ve carefully considered your decision. If\u00a0you have a lawyer, they will help you get ready for the meeting with the judge. Things you will want to be able to talk about with the judge: Have you confirmed your pregnancy with [&hellip;]\" \/>\n<meta property=\"og:url\" content=\"https:\/\/floridareprofreedom.org\/vi\/cau-hoitham-phan\/\" \/>\n<meta property=\"og:site_name\" content=\"Floridians For Reproductive Freedom\" \/>\n<meta property=\"article:publisher\" content=\"https:\/\/www.facebook.com\/FloridaReproFreedom\/\" \/>\n<meta property=\"article:modified_time\" content=\"2023-05-12T19:50:13+00:00\" \/>\n<meta property=\"og:image\" content=\"https:\/\/floridareprofreedom.org\/wp-content\/uploads\/2023\/05\/Jane.Network-240x300.jpg\" \/>\n<meta name=\"twitter:card\" content=\"summary_large_image\" \/>\n<meta name=\"twitter:site\" content=\"@FLReproFreedom\" \/>\n<meta name=\"twitter:label1\" content=\"\u01af\u1edbc t\u00ednh th\u1eddi gian \u0111\u1ecdc\" \/>\n\t<meta name=\"twitter:data1\" content=\"2 ph\u00fat\" \/>\n<script type=\"application\/ld+json\" class=\"yoast-schema-graph\">{\"@context\":\"https:\\\/\\\/schema.org\",\"@graph\":[{\"@type\":\"WebPage\",\"@id\":\"https:\\\/\\\/floridareprofreedom.org\\\/questionsjudge\\\/\",\"url\":\"https:\\\/\\\/floridareprofreedom.org\\\/questionsjudge\\\/\",\"name\":\"What kinds of questions will the judge ask me? - Floridians For Reproductive Freedom\",\"isPartOf\":{\"@id\":\"https:\\\/\\\/floridareprofreedom.org\\\/#website\"},\"primaryImageOfPage\":{\"@id\":\"https:\\\/\\\/floridareprofreedom.org\\\/questionsjudge\\\/#primaryimage\"},\"image\":{\"@id\":\"https:\\\/\\\/floridareprofreedom.org\\\/questionsjudge\\\/#primaryimage\"},\"thumbnailUrl\":\"https:\\\/\\\/floridareprofreedom.org\\\/wp-content\\\/uploads\\\/2023\\\/05\\\/Jane.Network-240x300.jpg\",\"datePublished\":\"2020-06-01T13:03:05+00:00\",\"dateModified\":\"2023-05-12T19:50:13+00:00\",\"breadcrumb\":{\"@id\":\"https:\\\/\\\/floridareprofreedom.org\\\/questionsjudge\\\/#breadcrumb\"},\"inLanguage\":\"vi\",\"potentialAction\":[{\"@type\":\"ReadAction\",\"target\":[\"https:\\\/\\\/floridareprofreedom.org\\\/questionsjudge\\\/\"]}]},{\"@type\":\"ImageObject\",\"inLanguage\":\"vi\",\"@id\":\"https:\\\/\\\/floridareprofreedom.org\\\/questionsjudge\\\/#primaryimage\",\"url\":\"https:\\\/\\\/floridareprofreedom.org\\\/wp-content\\\/uploads\\\/2023\\\/05\\\/Jane.Network-240x300.jpg\",\"contentUrl\":\"https:\\\/\\\/floridareprofreedom.org\\\/wp-content\\\/uploads\\\/2023\\\/05\\\/Jane.Network-240x300.jpg\"},{\"@type\":\"BreadcrumbList\",\"@id\":\"https:\\\/\\\/floridareprofreedom.org\\\/questionsjudge\\\/#breadcrumb\",\"itemListElement\":[{\"@type\":\"ListItem\",\"position\":1,\"name\":\"Home\",\"item\":\"https:\\\/\\\/floridareprofreedom.org\\\/\"},{\"@type\":\"ListItem\",\"position\":2,\"name\":\"What kinds of questions will the judge ask me?\"}]},{\"@type\":\"WebSite\",\"@id\":\"https:\\\/\\\/floridareprofreedom.org\\\/#website\",\"url\":\"https:\\\/\\\/floridareprofreedom.org\\\/\",\"name\":\"Floridians For Reproductive Freedom\",\"description\":\"Advocating for convenient, affordable, and safe access to reproductive health care, including abortion.\",\"publisher\":{\"@id\":\"https:\\\/\\\/floridareprofreedom.org\\\/#organization\"},\"potentialAction\":[{\"@type\":\"SearchAction\",\"target\":{\"@type\":\"EntryPoint\",\"urlTemplate\":\"https:\\\/\\\/floridareprofreedom.org\\\/?s={search_term_string}\"},\"query-input\":{\"@type\":\"PropertyValueSpecification\",\"valueRequired\":true,\"valueName\":\"search_term_string\"}}],\"inLanguage\":\"vi\"},{\"@type\":\"Organization\",\"@id\":\"https:\\\/\\\/floridareprofreedom.org\\\/#organization\",\"name\":\"Floridians for Reproductive Freedom\",\"url\":\"https:\\\/\\\/floridareprofreedom.org\\\/\",\"logo\":{\"@type\":\"ImageObject\",\"inLanguage\":\"vi\",\"@id\":\"https:\\\/\\\/floridareprofreedom.org\\\/#\\\/schema\\\/logo\\\/image\\\/\",\"url\":\"https:\\\/\\\/floridareprofreedom.org\\\/wp-content\\\/uploads\\\/2019\\\/05\\\/Untitled.jpg\",\"contentUrl\":\"https:\\\/\\\/floridareprofreedom.org\\\/wp-content\\\/uploads\\\/2019\\\/05\\\/Untitled.jpg\",\"width\":174,\"height\":180,\"caption\":\"Floridians for Reproductive Freedom\"},\"image\":{\"@id\":\"https:\\\/\\\/floridareprofreedom.org\\\/#\\\/schema\\\/logo\\\/image\\\/\"},\"sameAs\":[\"https:\\\/\\\/www.facebook.com\\\/FloridaReproFreedom\\\/\",\"https:\\\/\\\/x.com\\\/FLReproFreedom\",\"https:\\\/\\\/www.instagram.com\\\/floridareprofreedom\\\/\"]}]}<\/script>\n<!-- \/ Yoast SEO plugin. -->","yoast_head_json":{"title":"Th\u1ea9m ph\u00e1n s\u1ebd h\u1ecfi t\u00f4i nh\u1eefng c\u00e2u h\u1ecfi n\u00e0o? - Ng\u01b0\u1eddi Florida V\u00ec T\u1ef1 Do Sinh S\u1ea3n","robots":{"index":"index","follow":"follow","max-snippet":"max-snippet:-1","max-image-preview":"max-image-preview:large","max-video-preview":"max-video-preview:-1"},"canonical":"https:\/\/floridareprofreedom.org\/vi\/cau-hoitham-phan\/","og_locale":"vi_VN","og_type":"article","og_title":"What kinds of questions will the judge ask me? - Floridians For Reproductive Freedom","og_description":"In general, the judge will want to know that you understand your options and that you&#8217;ve carefully considered your decision. If\u00a0you have a lawyer, they will help you get ready for the meeting with the judge. Things you will want to be able to talk about with the judge: Have you confirmed your pregnancy with [&hellip;]","og_url":"https:\/\/floridareprofreedom.org\/vi\/cau-hoitham-phan\/","og_site_name":"Floridians For Reproductive Freedom","article_publisher":"https:\/\/www.facebook.com\/FloridaReproFreedom\/","article_modified_time":"2023-05-12T19:50:13+00:00","og_image":[{"url":"https:\/\/floridareprofreedom.org\/wp-content\/uploads\/2023\/05\/Jane.Network-240x300.jpg","type":"","width":"","height":""}],"twitter_card":"summary_large_image","twitter_site":"@FLReproFreedom","twitter_misc":{"\u01af\u1edbc t\u00ednh th\u1eddi gian \u0111\u1ecdc":"2 ph\u00fat"},"schema":{"@context":"https:\/\/schema.org","@graph":[{"@type":"WebPage","@id":"https:\/\/floridareprofreedom.org\/questionsjudge\/","url":"https:\/\/floridareprofreedom.org\/questionsjudge\/","name":"Th\u1ea9m ph\u00e1n s\u1ebd h\u1ecfi t\u00f4i nh\u1eefng c\u00e2u h\u1ecfi n\u00e0o? - Ng\u01b0\u1eddi Florida V\u00ec T\u1ef1 Do Sinh S\u1ea3n","isPartOf":{"@id":"https:\/\/floridareprofreedom.org\/#website"},"primaryImageOfPage":{"@id":"https:\/\/floridareprofreedom.org\/questionsjudge\/#primaryimage"},"image":{"@id":"https:\/\/floridareprofreedom.org\/questionsjudge\/#primaryimage"},"thumbnailUrl":"https:\/\/floridareprofreedom.org\/wp-content\/uploads\/2023\/05\/Jane.Network-240x300.jpg","datePublished":"2020-06-01T13:03:05+00:00","dateModified":"2023-05-12T19:50:13+00:00","breadcrumb":{"@id":"https:\/\/floridareprofreedom.org\/questionsjudge\/#breadcrumb"},"inLanguage":"vi","potentialAction":[{"@type":"ReadAction","target":["https:\/\/floridareprofreedom.org\/questionsjudge\/"]}]},{"@type":"ImageObject","inLanguage":"vi","@id":"https:\/\/floridareprofreedom.org\/questionsjudge\/#primaryimage","url":"https:\/\/floridareprofreedom.org\/wp-content\/uploads\/2023\/05\/Jane.Network-240x300.jpg","contentUrl":"https:\/\/floridareprofreedom.org\/wp-content\/uploads\/2023\/05\/Jane.Network-240x300.jpg"},{"@type":"BreadcrumbList","@id":"https:\/\/floridareprofreedom.org\/questionsjudge\/#breadcrumb","itemListElement":[{"@type":"ListItem","position":1,"name":"Home","item":"https:\/\/floridareprofreedom.org\/"},{"@type":"ListItem","position":2,"name":"What kinds of questions will the judge ask me?"}]},{"@type":"WebSite","@id":"https:\/\/floridareprofreedom.org\/#website","url":"https:\/\/floridareprofreedom.org\/","name":"Ng\u01b0\u1eddi Florida v\u00ec T\u1ef1 do Sinh s\u1ea3n","description":"V\u1eadn \u0111\u1ed9ng cho vi\u1ec7c ti\u1ebfp c\u1eadn d\u1ecbch v\u1ee5 ch\u0103m s\u00f3c s\u1ee9c kh\u1ecfe sinh s\u1ea3n, bao g\u1ed3m c\u1ea3 ph\u00e1 thai, m\u1ed9t c\u00e1ch thu\u1eadn ti\u1ec7n, gi\u00e1 c\u1ea3 ph\u1ea3i ch\u0103ng v\u00e0 an to\u00e0n.","publisher":{"@id":"https:\/\/floridareprofreedom.org\/#organization"},"potentialAction":[{"@type":"SearchAction","target":{"@type":"EntryPoint","urlTemplate":"https:\/\/floridareprofreedom.org\/?s={search_term_string}"},"query-input":{"@type":"PropertyValueSpecification","valueRequired":true,"valueName":"search_term_string"}}],"inLanguage":"vi"},{"@type":"Organization","@id":"https:\/\/floridareprofreedom.org\/#organization","name":"Ng\u01b0\u1eddi Florida v\u00ec T\u1ef1 do Sinh s\u1ea3n","url":"https:\/\/floridareprofreedom.org\/","logo":{"@type":"ImageObject","inLanguage":"vi","@id":"https:\/\/floridareprofreedom.org\/#\/schema\/logo\/image\/","url":"https:\/\/floridareprofreedom.org\/wp-content\/uploads\/2019\/05\/Untitled.jpg","contentUrl":"https:\/\/floridareprofreedom.org\/wp-content\/uploads\/2019\/05\/Untitled.jpg","width":174,"height":180,"caption":"Floridians for Reproductive Freedom"},"image":{"@id":"https:\/\/floridareprofreedom.org\/#\/schema\/logo\/image\/"},"sameAs":["https:\/\/www.facebook.com\/FloridaReproFreedom\/","https:\/\/x.com\/FLReproFreedom","https:\/\/www.instagram.com\/floridareprofreedom\/"]}]}},"_links":{"self":[{"href":"https:\/\/floridareprofreedom.org\/vi\/wp-json\/wp\/v2\/pages\/977","targetHints":{"allow":["GET"]}}],"collection":[{"href":"https:\/\/floridareprofreedom.org\/vi\/wp-json\/wp\/v2\/pages"}],"about":[{"href":"https:\/\/floridareprofreedom.org\/vi\/wp-json\/wp\/v2\/types\/page"}],"author":[{"embeddable":true,"href":"https:\/\/floridareprofreedom.org\/vi\/wp-json\/wp\/v2\/users\/3"}],"replies":[{"embeddable":true,"href":"https:\/\/floridareprofreedom.org\/vi\/wp-json\/wp\/v2\/comments?post=977"}],"version-history":[{"count":13,"href":"https:\/\/floridareprofreedom.org\/vi\/wp-json\/wp\/v2\/pages\/977\/revisions"}],"predecessor-version":[{"id":2784,"href":"https:\/\/floridareprofreedom.org\/vi\/wp-json\/wp\/v2\/pages\/977\/revisions\/2784"}],"wp:attachment":[{"href":"https:\/\/floridareprofreedom.org\/vi\/wp-json\/wp\/v2\/media?parent=977"}],"wp:term":[{"taxonomy":"folder","embeddable":true,"href":"https:\/\/floridareprofreedom.org\/vi\/wp-json\/wp\/v2\/folder?post=977"}],"curies":[{"name":"wp","href":"https:\/\/api.w.org\/{rel}","templated":true}]}}