{"id":983,"date":"2020-06-01T13:01:43","date_gmt":"2020-06-01T13:01:43","guid":{"rendered":"https:\/\/floridareprofreedom.org\/?page_id=983"},"modified":"2023-05-12T19:52:18","modified_gmt":"2023-05-12T19:52:18","slug":"nguoi-khac","status":"publish","type":"page","link":"https:\/\/floridareprofreedom.org\/vi\/otherperson\/","title":{"rendered":"Ng\u01b0\u1eddi kh\u00e1c c\u00f3 li\u00ean quan \u0111\u1ebfn vi\u1ec7c mang thai c\u1ee7a t\u00f4i c\u00f3 quy\u1ec1n quy\u1ebft \u0111\u1ecbnh vi\u1ec7c t\u00f4i c\u00f3 quy\u1ebft \u0111\u1ecbnh ph\u00e1 thai hay kh\u00f4ng?"},"content":{"rendered":"<p><img fetchpriority=\"high\" decoding=\"async\" class=\"size-medium wp-image-2731 alignright\" src=\"https:\/\/floridareprofreedom.org\/wp-content\/uploads\/2023\/05\/Jane.Network-240x300.jpg\" alt=\"\" width=\"240\" height=\"300\" srcset=\"https:\/\/floridareprofreedom.org\/wp-content\/uploads\/2023\/05\/Jane.Network-240x300.jpg 240w, https:\/\/floridareprofreedom.org\/wp-content\/uploads\/2023\/05\/Jane.Network-819x1024.jpg 819w, https:\/\/floridareprofreedom.org\/wp-content\/uploads\/2023\/05\/Jane.Network-768x960.jpg 768w, https:\/\/floridareprofreedom.org\/wp-content\/uploads\/2023\/05\/Jane.Network.jpg 1080w\" sizes=\"(max-width: 240px) 100vw, 240px\" \/><\/p>\n<p><span style=\"font-weight: 400;\">Kh\u00f4ng. Ng\u01b0\u1eddi mang thai l\u00e0 ng\u01b0\u1eddi duy nh\u1ea5t c\u00f3 quy\u1ec1n quy\u1ebft \u0111\u1ecbnh cu\u1ed1i c\u00f9ng. B\u1ea1n kh\u00f4ng c\u1ea7n ph\u1ea3i c\u00f3 s\u1ef1 \u0111\u1ed3ng \u00fd c\u1ee7a ng\u01b0\u1eddi \u0111\u00e0n \u00f4ng ho\u1eb7c ph\u1ea3i th\u00f4ng b\u00e1o cho anh ta.<\/span><\/p>\n<p><span style=\"font-weight: 400;\">Tuy nhi\u00ean, th\u1ea9m ph\u00e1n c\u00f3 th\u1ec3 h\u1ecfi v\u1ec1 ng\u01b0\u1eddi \u0111\u00e0n \u00f4ng li\u00ean quan \u0111\u1ebfn vi\u1ec7c mang thai c\u1ee7a b\u1ea1n, v\u00ec v\u1eady h\u00e3y chu\u1ea9n b\u1ecb s\u1eb5n c\u00e2u tr\u1ea3 l\u1eddi. V\u00ed d\u1ee5, h\u1ecd c\u00f3 th\u1ec3 h\u1ecfi li\u1ec7u ng\u01b0\u1eddi \u0111\u00f3 c\u00f3 bi\u1ebft b\u1ea1n \u0111ang mang thai kh\u00f4ng v\u00e0 ph\u1ea3n \u1ee9ng c\u1ee7a h\u1ecd nh\u01b0 th\u1ebf n\u00e0o. Th\u1ea9m ph\u00e1n c\u00f3 th\u1ec3 h\u1ecfi li\u1ec7u ng\u01b0\u1eddi \u0111\u00e0n \u00f4ng \u0111\u00f3 c\u00f3 bi\u1ebft v\u1ec1 quy\u1ebft \u0111\u1ecbnh ph\u00e1 thai c\u1ee7a b\u1ea1n kh\u00f4ng v\u00e0 li\u1ec7u h\u1ecd c\u00f3 \u1ee7ng h\u1ed9 hay kh\u00f4ng.<\/span><\/p>\n<p><a href=\"https:\/\/floridareprofreedom.org\/vi\/da-len-lich\/\"><img decoding=\"async\" class=\"alignnone size-full wp-image-1014\" src=\"https:\/\/floridareprofreedom.org\/wp-content\/uploads\/2020\/05\/previous.gif\" alt=\"\" width=\"231\" height=\"32\" \/><\/a> <a href=\"https:\/\/floridareprofreedom.org\/vi\/cong-dan\/\"><img decoding=\"async\" class=\"alignnone size-full wp-image-1015\" src=\"https:\/\/floridareprofreedom.org\/wp-content\/uploads\/2020\/05\/next.gif\" alt=\"\" width=\"231\" height=\"32\" \/><\/a><\/p>\n<p><b>C\u00e2u h\u1ecfi li\u00ean quan<\/b><\/p>\n<ul>\n<li style=\"font-weight: 400;\"><a href=\"https:\/\/floridareprofreedom.org\/vi\/bo-qua-tu-phap-2\/\"><span style=\"font-weight: 400;\">B\u1ecf qua th\u1ee7 t\u1ee5c ph\u00e1 thai l\u00e0 g\u00ec?<\/span><\/a><\/li>\n<li><a href=\"https:\/\/floridareprofreedom.org\/vi\/o-dau\/\">T\u00f4i ph\u1ea3i \u0111\u1ebfn \u0111\u00e2u \u0111\u1ec3 xin \u0111\u01b0\u1ee3c mi\u1ec5n tr\u1eeb t\u01b0 ph\u00e1p?<\/a><\/li>\n<li><a href=\"https:\/\/floridareprofreedom.org\/vi\/cac-hinh-thuc\/\">T\u00f4i c\u1ea7n nh\u1eefng m\u1eabu \u0111\u01a1n n\u00e0o?<\/a><\/li>\n<li><a href=\"https:\/\/floridareprofreedom.org\/vi\/phan-xet\/\"><span style=\"font-weight: 400;\">Th\u1ea9m ph\u00e1n s\u1ebd xem x\u00e9t \u0111i\u1ec1u g\u00ec?<\/span><\/a><\/li>\n<li style=\"font-weight: 400;\"><a href=\"https:\/\/floridareprofreedom.org\/vi\/luat-su\/\"><span style=\"font-weight: 400;\">T\u00f4i c\u00f3 c\u1ea7n lu\u1eadt s\u01b0 kh\u00f4ng?<\/span><\/a><\/li>\n<li style=\"font-weight: 400;\"><a href=\"https:\/\/floridareprofreedom.org\/vi\/bao-lau\/\"><span style=\"font-weight: 400;\">Ph\u1ea3i m\u1ea5t bao l\u00e2u \u0111\u1ec3 \u0111\u01b0\u1ee3c mi\u1ec5n tr\u1eeb t\u01b0 ph\u00e1p?<\/span><\/a><\/li>\n<li style=\"font-weight: 400;\"><a href=\"https:\/\/floridareprofreedom.org\/vi\/tri-gia\/\"><span style=\"font-weight: 400;\">C\u00f3 t\u1ed1n ti\u1ec1n \u0111\u1ec3 \u0111\u01b0\u1ee3c mi\u1ec5n tr\u1eeb t\u01b0 ph\u00e1p kh\u00f4ng?<\/span><\/a><\/li>\n<li style=\"font-weight: 400;\"><a href=\"https:\/\/floridareprofreedom.org\/vi\/co-ai-biet-khong\/\"><span style=\"font-weight: 400;\">C\u00f3 ai bi\u1ebft li\u1ec7u t\u00f4i c\u00f3 \u0111\u01b0\u1ee3c mi\u1ec5n tr\u1eeb t\u01b0 ph\u00e1p cho vi\u1ec7c ph\u00e1 thai kh\u00f4ng?<\/span><\/a><\/li>\n<li style=\"font-weight: 400;\"><a href=\"https:\/\/floridareprofreedom.org\/vi\/cau-hoitham-phan\/\"><span style=\"font-weight: 400;\">Th\u1ea9m ph\u00e1n s\u1ebd h\u1ecfi t\u00f4i nh\u1eefng c\u00e2u h\u1ecfi n\u00e0o?<\/span><\/a><\/li>\n<li style=\"font-weight: 400;\"><a href=\"https:\/\/floridareprofreedom.org\/vi\/mac\/\"><span style=\"font-weight: 400;\">T\u00f4i n\u00ean m\u1eb7c g\u00ec khi ra t\u00f2a?<\/span><\/a><\/li>\n<li style=\"font-weight: 400;\"><a href=\"https:\/\/floridareprofreedom.org\/vi\/da-len-lich\/\"><span style=\"font-weight: 400;\">\u0110i\u1ec1u g\u00ec s\u1ebd x\u1ea3y ra n\u1ebfu bu\u1ed5i \u0111i\u1ec1u tr\u1ea7n c\u1ee7a t\u00f4i \u0111\u01b0\u1ee3c l\u00ean l\u1ecbch v\u00e0o ng\u00e0y h\u1ecdc?<\/span><\/a><\/li>\n<li style=\"font-weight: 400;\"><a href=\"https:\/\/floridareprofreedom.org\/vi\/nguoi-khac\/\"><span style=\"font-weight: 400;\">Ng\u01b0\u1eddi kh\u00e1c c\u00f3 li\u00ean quan \u0111\u1ebfn vi\u1ec7c mang thai c\u1ee7a t\u00f4i c\u00f3 quy\u1ec1n quy\u1ebft \u0111\u1ecbnh vi\u1ec7c t\u00f4i c\u00f3 quy\u1ebft \u0111\u1ecbnh ph\u00e1 thai hay kh\u00f4ng?<\/span><\/a><\/li>\n<li style=\"font-weight: 400;\"><a href=\"https:\/\/floridareprofreedom.org\/vi\/cong-dan\/\"><span style=\"font-weight: 400;\">T\u00f4i c\u00f3 c\u1ea7n ph\u1ea3i l\u00e0 c\u00f4ng d\u00e2n Hoa K\u1ef3 m\u1edbi \u0111\u01b0\u1ee3c ph\u00e1 thai kh\u00f4ng? N\u1ebfu t\u00f4i kh\u00f4ng n\u00f3i ti\u1ebfng Anh gi\u1ecfi th\u00ec sao?<\/span><\/a><\/li>\n<li style=\"font-weight: 400;\"><a href=\"https:\/\/floridareprofreedom.org\/vi\/thay-doi\/\"><span style=\"font-weight: 400;\">T\u00f4i c\u00f3 th\u1ec3 thay \u0111\u1ed5i quy\u1ebft \u0111\u1ecbnh sau khi ph\u1eabu thu\u1eadt b\u1eafc c\u1ea7u kh\u00f4ng?<\/span><\/a><\/li>\n<li><a href=\"https:\/\/floridareprofreedom.org\/vi\/phu-nhan\/\">N\u1ebfu th\u1ea9m ph\u00e1n t\u1eeb ch\u1ed1i y\u00eau c\u1ea7u xin \u0111i \u0111\u01b0\u1eddng v\u00f2ng c\u1ee7a t\u00f4i th\u00ec sao?<\/a><\/li>\n<\/ul>","protected":false},"excerpt":{"rendered":"<p>No. The pregnant person is the only one who has the ultimate right to decide. There is no requirement that you get the male\u2019s\u00a0consent or that you notify him. Still, the judge may ask about the male involved in your pregnancy, so have answers prepared. For example, they may ask if that person knows that [&hellip;]<\/p>\n","protected":false},"author":3,"featured_media":0,"parent":0,"menu_order":0,"comment_status":"closed","ping_status":"closed","template":"","meta":{"footnotes":""},"folder":[8],"class_list":["post-983","page","type-page","status-publish","hentry"],"yoast_head":"<!-- This site is optimized with the Yoast SEO plugin v27.3 - https:\/\/yoast.com\/product\/yoast-seo-wordpress\/ -->\n<title>Does the other person involved in my pregnancy have a say about whether I choose to have an abortion? - Floridians For Reproductive Freedom<\/title>\n<meta name=\"robots\" content=\"index, follow, max-snippet:-1, max-image-preview:large, max-video-preview:-1\" \/>\n<link rel=\"canonical\" href=\"https:\/\/floridareprofreedom.org\/vi\/nguoi-khac\/\" \/>\n<meta property=\"og:locale\" content=\"vi_VN\" \/>\n<meta property=\"og:type\" content=\"article\" \/>\n<meta property=\"og:title\" content=\"Does the other person involved in my pregnancy have a say about whether I choose to have an abortion? - Floridians For Reproductive Freedom\" \/>\n<meta property=\"og:description\" content=\"No. The pregnant person is the only one who has the ultimate right to decide. There is no requirement that you get the male\u2019s\u00a0consent or that you notify him. Still, the judge may ask about the male involved in your pregnancy, so have answers prepared. For example, they may ask if that person knows that [&hellip;]\" \/>\n<meta property=\"og:url\" content=\"https:\/\/floridareprofreedom.org\/vi\/nguoi-khac\/\" \/>\n<meta property=\"og:site_name\" content=\"Floridians For Reproductive Freedom\" \/>\n<meta property=\"article:publisher\" content=\"https:\/\/www.facebook.com\/FloridaReproFreedom\/\" \/>\n<meta property=\"article:modified_time\" content=\"2023-05-12T19:52:18+00:00\" \/>\n<meta property=\"og:image\" content=\"https:\/\/floridareprofreedom.org\/wp-content\/uploads\/2023\/05\/Jane.Network-240x300.jpg\" \/>\n<meta name=\"twitter:card\" content=\"summary_large_image\" \/>\n<meta name=\"twitter:site\" content=\"@FLReproFreedom\" \/>\n<meta name=\"twitter:label1\" content=\"\u01af\u1edbc t\u00ednh th\u1eddi gian \u0111\u1ecdc\" \/>\n\t<meta name=\"twitter:data1\" content=\"2 ph\u00fat\" \/>\n<script type=\"application\/ld+json\" class=\"yoast-schema-graph\">{\"@context\":\"https:\\\/\\\/schema.org\",\"@graph\":[{\"@type\":\"WebPage\",\"@id\":\"https:\\\/\\\/floridareprofreedom.org\\\/otherperson\\\/\",\"url\":\"https:\\\/\\\/floridareprofreedom.org\\\/otherperson\\\/\",\"name\":\"Does the other person involved in my pregnancy have a say about whether I choose to have an abortion? - Floridians For Reproductive Freedom\",\"isPartOf\":{\"@id\":\"https:\\\/\\\/floridareprofreedom.org\\\/#website\"},\"primaryImageOfPage\":{\"@id\":\"https:\\\/\\\/floridareprofreedom.org\\\/otherperson\\\/#primaryimage\"},\"image\":{\"@id\":\"https:\\\/\\\/floridareprofreedom.org\\\/otherperson\\\/#primaryimage\"},\"thumbnailUrl\":\"https:\\\/\\\/floridareprofreedom.org\\\/wp-content\\\/uploads\\\/2023\\\/05\\\/Jane.Network-240x300.jpg\",\"datePublished\":\"2020-06-01T13:01:43+00:00\",\"dateModified\":\"2023-05-12T19:52:18+00:00\",\"breadcrumb\":{\"@id\":\"https:\\\/\\\/floridareprofreedom.org\\\/otherperson\\\/#breadcrumb\"},\"inLanguage\":\"vi\",\"potentialAction\":[{\"@type\":\"ReadAction\",\"target\":[\"https:\\\/\\\/floridareprofreedom.org\\\/otherperson\\\/\"]}]},{\"@type\":\"ImageObject\",\"inLanguage\":\"vi\",\"@id\":\"https:\\\/\\\/floridareprofreedom.org\\\/otherperson\\\/#primaryimage\",\"url\":\"https:\\\/\\\/floridareprofreedom.org\\\/wp-content\\\/uploads\\\/2023\\\/05\\\/Jane.Network-240x300.jpg\",\"contentUrl\":\"https:\\\/\\\/floridareprofreedom.org\\\/wp-content\\\/uploads\\\/2023\\\/05\\\/Jane.Network-240x300.jpg\"},{\"@type\":\"BreadcrumbList\",\"@id\":\"https:\\\/\\\/floridareprofreedom.org\\\/otherperson\\\/#breadcrumb\",\"itemListElement\":[{\"@type\":\"ListItem\",\"position\":1,\"name\":\"Home\",\"item\":\"https:\\\/\\\/floridareprofreedom.org\\\/\"},{\"@type\":\"ListItem\",\"position\":2,\"name\":\"Does the other person involved in my pregnancy have a say about whether I choose to have an abortion?\"}]},{\"@type\":\"WebSite\",\"@id\":\"https:\\\/\\\/floridareprofreedom.org\\\/#website\",\"url\":\"https:\\\/\\\/floridareprofreedom.org\\\/\",\"name\":\"Floridians For Reproductive Freedom\",\"description\":\"Advocating for convenient, affordable, and safe access to reproductive health care, including abortion.\",\"publisher\":{\"@id\":\"https:\\\/\\\/floridareprofreedom.org\\\/#organization\"},\"potentialAction\":[{\"@type\":\"SearchAction\",\"target\":{\"@type\":\"EntryPoint\",\"urlTemplate\":\"https:\\\/\\\/floridareprofreedom.org\\\/?s={search_term_string}\"},\"query-input\":{\"@type\":\"PropertyValueSpecification\",\"valueRequired\":true,\"valueName\":\"search_term_string\"}}],\"inLanguage\":\"vi\"},{\"@type\":\"Organization\",\"@id\":\"https:\\\/\\\/floridareprofreedom.org\\\/#organization\",\"name\":\"Floridians for Reproductive Freedom\",\"url\":\"https:\\\/\\\/floridareprofreedom.org\\\/\",\"logo\":{\"@type\":\"ImageObject\",\"inLanguage\":\"vi\",\"@id\":\"https:\\\/\\\/floridareprofreedom.org\\\/#\\\/schema\\\/logo\\\/image\\\/\",\"url\":\"https:\\\/\\\/floridareprofreedom.org\\\/wp-content\\\/uploads\\\/2019\\\/05\\\/Untitled.jpg\",\"contentUrl\":\"https:\\\/\\\/floridareprofreedom.org\\\/wp-content\\\/uploads\\\/2019\\\/05\\\/Untitled.jpg\",\"width\":174,\"height\":180,\"caption\":\"Floridians for Reproductive Freedom\"},\"image\":{\"@id\":\"https:\\\/\\\/floridareprofreedom.org\\\/#\\\/schema\\\/logo\\\/image\\\/\"},\"sameAs\":[\"https:\\\/\\\/www.facebook.com\\\/FloridaReproFreedom\\\/\",\"https:\\\/\\\/x.com\\\/FLReproFreedom\",\"https:\\\/\\\/www.instagram.com\\\/floridareprofreedom\\\/\"]}]}<\/script>\n<!-- \/ Yoast SEO plugin. -->","yoast_head_json":{"title":"Ng\u01b0\u1eddi kh\u00e1c c\u00f3 li\u00ean quan \u0111\u1ebfn vi\u1ec7c mang thai c\u1ee7a t\u00f4i c\u00f3 quy\u1ec1n quy\u1ebft \u0111\u1ecbnh vi\u1ec7c t\u00f4i c\u00f3 quy\u1ebft \u0111\u1ecbnh ph\u00e1 thai hay kh\u00f4ng? - Ng\u01b0\u1eddi Florida V\u00ec T\u1ef1 Do Sinh S\u1ea3n","robots":{"index":"index","follow":"follow","max-snippet":"max-snippet:-1","max-image-preview":"max-image-preview:large","max-video-preview":"max-video-preview:-1"},"canonical":"https:\/\/floridareprofreedom.org\/vi\/nguoi-khac\/","og_locale":"vi_VN","og_type":"article","og_title":"Does the other person involved in my pregnancy have a say about whether I choose to have an abortion? - Floridians For Reproductive Freedom","og_description":"No. The pregnant person is the only one who has the ultimate right to decide. There is no requirement that you get the male\u2019s\u00a0consent or that you notify him. Still, the judge may ask about the male involved in your pregnancy, so have answers prepared. For example, they may ask if that person knows that [&hellip;]","og_url":"https:\/\/floridareprofreedom.org\/vi\/nguoi-khac\/","og_site_name":"Floridians For Reproductive Freedom","article_publisher":"https:\/\/www.facebook.com\/FloridaReproFreedom\/","article_modified_time":"2023-05-12T19:52:18+00:00","og_image":[{"url":"https:\/\/floridareprofreedom.org\/wp-content\/uploads\/2023\/05\/Jane.Network-240x300.jpg","type":"","width":"","height":""}],"twitter_card":"summary_large_image","twitter_site":"@FLReproFreedom","twitter_misc":{"\u01af\u1edbc t\u00ednh th\u1eddi gian \u0111\u1ecdc":"2 ph\u00fat"},"schema":{"@context":"https:\/\/schema.org","@graph":[{"@type":"WebPage","@id":"https:\/\/floridareprofreedom.org\/otherperson\/","url":"https:\/\/floridareprofreedom.org\/otherperson\/","name":"Ng\u01b0\u1eddi kh\u00e1c c\u00f3 li\u00ean quan \u0111\u1ebfn vi\u1ec7c mang thai c\u1ee7a t\u00f4i c\u00f3 quy\u1ec1n quy\u1ebft \u0111\u1ecbnh vi\u1ec7c t\u00f4i c\u00f3 quy\u1ebft \u0111\u1ecbnh ph\u00e1 thai hay kh\u00f4ng? - Ng\u01b0\u1eddi Florida V\u00ec T\u1ef1 Do Sinh S\u1ea3n","isPartOf":{"@id":"https:\/\/floridareprofreedom.org\/#website"},"primaryImageOfPage":{"@id":"https:\/\/floridareprofreedom.org\/otherperson\/#primaryimage"},"image":{"@id":"https:\/\/floridareprofreedom.org\/otherperson\/#primaryimage"},"thumbnailUrl":"https:\/\/floridareprofreedom.org\/wp-content\/uploads\/2023\/05\/Jane.Network-240x300.jpg","datePublished":"2020-06-01T13:01:43+00:00","dateModified":"2023-05-12T19:52:18+00:00","breadcrumb":{"@id":"https:\/\/floridareprofreedom.org\/otherperson\/#breadcrumb"},"inLanguage":"vi","potentialAction":[{"@type":"ReadAction","target":["https:\/\/floridareprofreedom.org\/otherperson\/"]}]},{"@type":"ImageObject","inLanguage":"vi","@id":"https:\/\/floridareprofreedom.org\/otherperson\/#primaryimage","url":"https:\/\/floridareprofreedom.org\/wp-content\/uploads\/2023\/05\/Jane.Network-240x300.jpg","contentUrl":"https:\/\/floridareprofreedom.org\/wp-content\/uploads\/2023\/05\/Jane.Network-240x300.jpg"},{"@type":"BreadcrumbList","@id":"https:\/\/floridareprofreedom.org\/otherperson\/#breadcrumb","itemListElement":[{"@type":"ListItem","position":1,"name":"Home","item":"https:\/\/floridareprofreedom.org\/"},{"@type":"ListItem","position":2,"name":"Does the other person involved in my pregnancy have a say about whether I choose to have an abortion?"}]},{"@type":"WebSite","@id":"https:\/\/floridareprofreedom.org\/#website","url":"https:\/\/floridareprofreedom.org\/","name":"Ng\u01b0\u1eddi Florida v\u00ec T\u1ef1 do Sinh s\u1ea3n","description":"V\u1eadn \u0111\u1ed9ng cho vi\u1ec7c ti\u1ebfp c\u1eadn d\u1ecbch v\u1ee5 ch\u0103m s\u00f3c s\u1ee9c kh\u1ecfe sinh s\u1ea3n, bao g\u1ed3m c\u1ea3 ph\u00e1 thai, m\u1ed9t c\u00e1ch thu\u1eadn ti\u1ec7n, gi\u00e1 c\u1ea3 ph\u1ea3i ch\u0103ng v\u00e0 an to\u00e0n.","publisher":{"@id":"https:\/\/floridareprofreedom.org\/#organization"},"potentialAction":[{"@type":"SearchAction","target":{"@type":"EntryPoint","urlTemplate":"https:\/\/floridareprofreedom.org\/?s={search_term_string}"},"query-input":{"@type":"PropertyValueSpecification","valueRequired":true,"valueName":"search_term_string"}}],"inLanguage":"vi"},{"@type":"Organization","@id":"https:\/\/floridareprofreedom.org\/#organization","name":"Ng\u01b0\u1eddi Florida v\u00ec T\u1ef1 do Sinh s\u1ea3n","url":"https:\/\/floridareprofreedom.org\/","logo":{"@type":"ImageObject","inLanguage":"vi","@id":"https:\/\/floridareprofreedom.org\/#\/schema\/logo\/image\/","url":"https:\/\/floridareprofreedom.org\/wp-content\/uploads\/2019\/05\/Untitled.jpg","contentUrl":"https:\/\/floridareprofreedom.org\/wp-content\/uploads\/2019\/05\/Untitled.jpg","width":174,"height":180,"caption":"Floridians for Reproductive Freedom"},"image":{"@id":"https:\/\/floridareprofreedom.org\/#\/schema\/logo\/image\/"},"sameAs":["https:\/\/www.facebook.com\/FloridaReproFreedom\/","https:\/\/x.com\/FLReproFreedom","https:\/\/www.instagram.com\/floridareprofreedom\/"]}]}},"_links":{"self":[{"href":"https:\/\/floridareprofreedom.org\/vi\/wp-json\/wp\/v2\/pages\/983","targetHints":{"allow":["GET"]}}],"collection":[{"href":"https:\/\/floridareprofreedom.org\/vi\/wp-json\/wp\/v2\/pages"}],"about":[{"href":"https:\/\/floridareprofreedom.org\/vi\/wp-json\/wp\/v2\/types\/page"}],"author":[{"embeddable":true,"href":"https:\/\/floridareprofreedom.org\/vi\/wp-json\/wp\/v2\/users\/3"}],"replies":[{"embeddable":true,"href":"https:\/\/floridareprofreedom.org\/vi\/wp-json\/wp\/v2\/comments?post=983"}],"version-history":[{"count":9,"href":"https:\/\/floridareprofreedom.org\/vi\/wp-json\/wp\/v2\/pages\/983\/revisions"}],"predecessor-version":[{"id":2788,"href":"https:\/\/floridareprofreedom.org\/vi\/wp-json\/wp\/v2\/pages\/983\/revisions\/2788"}],"wp:attachment":[{"href":"https:\/\/floridareprofreedom.org\/vi\/wp-json\/wp\/v2\/media?parent=983"}],"wp:term":[{"taxonomy":"folder","embeddable":true,"href":"https:\/\/floridareprofreedom.org\/vi\/wp-json\/wp\/v2\/folder?post=983"}],"curies":[{"name":"wp","href":"https:\/\/api.w.org\/{rel}","templated":true}]}}