{"id":1233,"date":"2020-08-04T19:00:16","date_gmt":"2020-08-04T19:00:16","guid":{"rendered":"https:\/\/floridareprofreedom.org\/?page_id=1233"},"modified":"2025-06-09T16:08:38","modified_gmt":"2025-06-09T16:08:38","slug":"%e4%bd%9b%e7%bd%97%e9%87%8c%e8%be%be%e5%b7%9e%e6%9b%bf%e4%bb%a3%e5%8f%b8%e6%b3%95","status":"publish","type":"page","link":"https:\/\/floridareprofreedom.org\/zh\/alternativa-judicial-en-florida\/","title":{"rendered":"\u4f5b\u7f57\u91cc\u8fbe\u5dde\u5815\u80ce\u53f8\u6cd5\u66ff\u4ee3\u65b9\u6848"},"content":{"rendered":"<h3>\u27a1\ufe0f<a href=\"https:\/\/floridareprofreedom.org\/zh\/%e5%8f%b8%e6%b3%95%e7%bb%95%e9%81%93\/\">\u82f1\u8bed<\/a><br \/>\n\u27a1\ufe0f<a href=\"https:\/\/floridareprofreedom.org\/zh\/%e5%8f%b8%e6%b3%95%e7%bb%95%e9%81%93\/egzansyon-jidisye-an-florid\/\">\u514b\u91cc\u5965\u5c14\u8bed<\/a><\/h3>\n<h1><b><i>\u56e0\u5bf9\u6559\u58eb\u7684\u5e72\u9884\u800c\u6d41\u4ea7\u7684\u4e8b\u5b9e<\/i><\/b><\/h1>\n<p><b>\u4f5b\u7f57\u91cc\u8fbe\u5dde\u7684\u6559\u58eb\u4eec\u5728 18 \u5c81\u7684\u65f6\u5019\u6d41\u4ea7\u4e86\u3002 <\/b><span style=\"font-weight: 400;\">\uff08\u66f4\u591a\u4fe1\u606f <a href=\"https:\/\/reprolegalhelpline.org\/es\/legislacion-sobre-el-aborto-por-estado\/florida\/\">\u4f5b\u7f57\u91cc\u8fbe\u5728\u8fd9\u91cc<\/a>\uff09\u3002\u8bf7\u6ce8\u610f\uff0c\u5e74\u8f7b\u4eba\u7684\u5e02\u957f\u5fc5\u987b\u5815\u80ce\uff0c\u4f46\u5fc5\u987b\u786e\u4fdd\u8d22\u4ea7\u5b89\u5168\u6216\u7269\u6d41\u56f0\u96be\u3002\u4f5c\u4e3a\u4eba\u7269\uff0c\u72ec\u7acb\u4e8e\u73af\u5883\uff0c\u5fc5\u987b\u6ce8\u610f\u751f\u6b96\uff0c\u5305\u62ec\u6d41\u4ea7\u3002<\/span><\/p>\n<p><b>Si no puedes obtener el permiso de tus padres o no puedes ped\u00edrselo, <a href=\"https:\/\/share.hsforms.com\/1jrl5GO2gThWo8Cl3yE7nUgnq4ky\">\u56e0\u5bf9\u6559\u58eb\u7684\u5f3a\u70c8\u5e72\u9884\u800c\u5815\u80ce<\/a> \u6cd5\u5ead\u627f\u8ba4\u201c\u53f8\u6cd5\u8c41\u514d\u6743\u201d\u3002<\/b><\/p>\n<p><span style=\"font-weight: 400;\">\u53f8\u6cd5\u4e0a\u5141\u8bb8\u4e2d\u6b62\u5bf9\u6559\u58eb\u5728\u7279\u5b9a\u60c5\u51b5\u4e0b\u7684\u5e72\u9884\uff0c\u5305\u62ec\u5176\u4ed6\u4e8b\u9879\uff0c\u4f8b\u5982\uff1a<\/span><\/p>\n<ul>\n<li style=\"font-weight: 400;\" aria-level=\"1\"><span style=\"font-weight: 400;\">\u8fd9\u662f\u4f5b\u7f57\u91cc\u8fbe\u5dde\u513f\u7ae5\u548c\u5bb6\u5ead\u90e8\u95e8\u5e72\u9884\u4e0b\u7684\u4e00\u4e2a\u7ba1\u7406\u7cfb\u7edf\u3002<\/span><\/li>\n<li style=\"font-weight: 400;\" aria-level=\"1\"><span style=\"font-weight: 400;\">\u8fd9\u662f\u6559\u58eb\u6216\u6cd5\u5f8b\u5bfc\u5e08\u4e00\u65b9\u7684\u8650\u5f85\u6216\u6027\u8650\u5f85\u3002<\/span><\/li>\n<\/ul>\n<p><span style=\"font-weight: 400;\"><br \/>\n<\/span> \u4f5b\u7f57\u91cc\u8fbe\u5dde\u7684\u5815\u80ce\u9650\u5236\u975e\u5e38\u8fc5\u901f\u3002\u5982\u679c\u9700\u8981\u53f8\u6cd5\u4f8b\u5916\uff0c\u5219\u4e0d\u80fd\u4fdd\u8bc1\u7b26\u5408\u8981\u6c42\u7684\u60c5\u51b5\uff0c <b>\u8054\u7cfb <a href=\"https:\/\/share.hsforms.com\/1jrl5GO2gThWo8Cl3yE7nUgnq4ky\">\u7b80\u6c0f\u7f51\u7edc<\/a> \u83b7\u5f97\u6cd5\u5f8b\u514d\u8d39\u63f4\u52a9\u3002 <\/b><span style=\"font-weight: 400;\">\u4f5b\u7f57\u91cc\u8fbe\u6cd5\u5ead\u6700\u8fd1\u505a\u51fa\u7684\u51b3\u5b9a\u9650\u5236\u4e86\u53f8\u6cd5\u4f8b\u5916\u7a0b\u5e8f\uff0c\u4f46\u7b80\u7f51\u7edc (The Jane Network) \u63d0\u4f9b\u4e86\u5bf9\u901a\u4fe1\u548c\u901a\u8baf\u7684\u7406\u89e3\u3002 \uff08\u7b80\u7f51\u7edc\u7684\u4e3b\u8981\u4fe1\u606f\uff0c <\/span><a href=\"https:\/\/www.janenetworkfl.org\/\"><span style=\"font-weight: 400;\">\u70b9\u51fb\u6b64\u5904<\/span><\/a><span style=\"font-weight: 400;\">).<\/span><\/p>\n<p><b>Es posible que <\/b><b>\u4e0d <\/b><b>\u6bcd\u4eb2\u3001\u7236\u4eb2\u3001\u6cd5\u5f8b\u5bfc\u5e08\u5fc5\u987b\u5728\u5815\u80ce\u7684\u60c5\u51b5\u4e0b\u8fdb\u884c\u53f8\u6cd5\u5ba1\u5224\u3002<\/b><span style=\"font-weight: 400;\"> \u5728\u5176\u4ed6\u5e15\u62c9\u5e03\u62c9\u65af\u3001\u56e0\u5bf9\u795e\u7236\u6216\u6bcd\u4eb2\u7684\u5e72\u9884\u4ee5\u53ca\u53f8\u6cd5\u6267\u884c\u7a0b\u5e8f\u7684\u7f6a\u8fc7\u800c\u6d41\u4ea7\u7684\u60c5\u51b5\u4e0b\uff1a<\/span><\/p>\n<ul>\n<li style=\"font-weight: 400;\" aria-level=\"1\"><span style=\"font-weight: 400;\">Has estado o est\u00e1s casada.<\/span><\/li>\n<li style=\"font-weight: 400;\" aria-level=\"1\"><span style=\"font-weight: 400;\">Ya tienes hijos.<\/span><\/li>\n<li style=\"font-weight: 400;\" aria-level=\"1\"><span style=\"font-weight: 400;\">Te emancipaste (removieron tu incapacidad de decidir por no ser Mayor de edad) seg\u00fan la ley estatal\u3002<\/span><\/li>\n<\/ul>\n<pre id=\"tw-target-text\" class=\"tw-data-text tw-text-large tw-ta\" data-placeholder=\"Translation\" aria-label=\"\u7ffb\u8bd1\u6587\u672c\uff1a\u95ee\u9898\" data-ved=\"2ahUKEwjtyrD1ytONAxVmRDABHaAoGjkQ3ewLegQIChAW\"><strong><span class=\"Y2IQFc\" lang=\"es\">\u95ee\u9898\uff1a<\/span><\/strong><\/pre>\n<ol>\n<li style=\"font-weight: 400;\"><a href=\"https:\/\/floridareprofreedom.org\/zh\/jb1\/\"><span style=\"font-weight: 400;\">\u5bf9\u4e8e\u6d41\u4ea7\u7684\u5fc5\u8981\u6027\uff0c\u8fd8\u6709\u5176\u4ed6\u53f8\u6cd5\u9014\u5f84\u5417\uff1f<\/span><\/a><\/li>\n<li style=\"font-weight: 400;\"><a href=\"https:\/\/floridareprofreedom.org\/zh\/jb2\/\"><span style=\"font-weight: 400;\">\u00bf<\/span><span style=\"font-weight: 400;\">\u6d41\u4ea7\u65f6\u4f1a\u6d41\u4ea7\u5417\uff1f<\/span><\/a><\/li>\n<li style=\"font-weight: 400;\"><a href=\"https:\/\/floridareprofreedom.org\/zh\/jb3\/\"><span style=\"font-weight: 400;\">\u00bf<\/span><span style=\"font-weight: 400;\">\u5173\u4e8e\u516c\u5f0f\u7684\u77e5\u8bc6<\/span><span style=\"font-weight: 400;\">?<\/span><\/a><\/li>\n<li style=\"font-weight: 400;\"><a href=\"https:\/\/floridareprofreedom.org\/zh\/jb4\/\"><span style=\"font-weight: 400;\">\u60a8\u662f\u5426\u8003\u8651\u8fc7\u505a\u51fa\u51b3\u5b9a\uff1f<\/span><\/a><\/li>\n<li style=\"font-weight: 400;\"><a href=\"https:\/\/floridareprofreedom.org\/zh\/jb5\/\"><span style=\"font-weight: 400;\">\u00bfNecesito un abogado?<\/span><\/a><\/li>\n<li style=\"font-weight: 400;\"><a href=\"https:\/\/floridareprofreedom.org\/zh\/jb6\/\"><span style=\"font-weight: 400;\">\u00bf<\/span><span style=\"font-weight: 400;\">Cu\u00e1nto tarda conseguir una alternativa \u53f8\u6cd5\uff1f<\/span><\/a><\/li>\n<li style=\"font-weight: 400;\"><a href=\"https:\/\/floridareprofreedom.org\/zh\/jb7\/\"><span style=\"font-weight: 400;\">\u00bf<\/span><span style=\"font-weight: 400;\">Cu\u00e1ntouesta conseguir una alternativa \u53f8\u6cd5\uff1f<\/span><\/a><\/li>\n<li style=\"font-weight: 400;\"><a href=\"https:\/\/floridareprofreedom.org\/zh\/jb8\/\"><span style=\"font-weight: 400;\">\u00bf<\/span><span style=\"font-weight: 400;\">Qui\u00e9nes sabr\u00e1n si he logrado obtener una Alternative Justice\uff1f<\/span><\/a><\/li>\n<li style=\"font-weight: 400;\"><a href=\"https:\/\/floridareprofreedom.org\/zh\/jb9\/\"><span style=\"font-weight: 400;\">\u00bf<\/span><span style=\"font-weight: 400;\">\u6211\u60f3\u8981\u4ec0\u4e48\uff1f<\/span><\/a><\/li>\n<li style=\"font-weight: 400;\"><a href=\"https:\/\/floridareprofreedom.org\/zh\/jb10\/\"><span style=\"font-weight: 400;\">\u00bf<\/span><span style=\"font-weight: 400;\">Qu\u00e9vestimenta debo usar para ir a la corte\uff1f<\/span><\/a><\/li>\n<li style=\"font-weight: 400;\"><a href=\"https:\/\/floridareprofreedom.org\/zh\/jb11\/\"><span style=\"font-weight: 400;\">\u00bf<\/span><span style=\"font-weight: 400;\">\u600e\u6837\u624d\u80fd\u8ba9\u89c2\u4f17\u5728\u4e00\u5929\u4e2d\u7684\u8bfe\u7a0b\u4e2d\u53d7\u76ca<\/span><span style=\"font-weight: 400;\">?<\/span><\/a><\/li>\n<li style=\"font-weight: 400;\"><a href=\"https:\/\/floridareprofreedom.org\/zh\/jb12\/\"><span style=\"font-weight: 400;\">\u00bf<\/span><span style=\"font-weight: 400;\">La persona involucrada en mi embarazo tiene potestad para decidir sobre si debo o no practicarme un aborto<\/span><\/a><span style=\"font-weight: 400;\">?\u00a0<\/span><\/li>\n<li style=\"font-weight: 400;\"><a href=\"https:\/\/floridareprofreedom.org\/zh\/jb13\/\"><span style=\"font-weight: 400;\">\u00a0<\/span><span style=\"font-weight: 400;\">\u00bf<\/span><span style=\"font-weight: 400;\">\u90a3\u4e48\uff0c\u7f8e\u56fd\u516c\u6c11\u662f\u5426\u53ef\u4ee5\u5815\u80ce\u5462\uff1f <\/span><span style=\"font-weight: 400;\">\u00bf<\/span><span style=\"font-weight: 400;\">\u4f60\u662f\u5426\u6ca1\u6709 puedo comunicarme en ingl\u00e9s\uff1f\u00a0<\/span><\/a><\/li>\n<li style=\"font-weight: 400;\"><a href=\"https:\/\/floridareprofreedom.org\/zh\/jb14\/\"><span style=\"font-weight: 400;\">\u00bf<\/span><span style=\"font-weight: 400;\">\u662f\u5426\u8981\u505a\u51fa\u66ff\u4ee3\u6027\u53f8\u6cd5\u51b3\u5b9a\uff1f<\/span><\/a><\/li>\n<li><a href=\"https:\/\/floridareprofreedom.org\/zh\/jb15\/\"><span style=\"font-weight: 400;\">\u00bf<\/span><span style=\"font-weight: 400;\">Qu\u00e9 pasa si el juez niega mi petici\u00f3n<\/span><span style=\"font-weight: 400;\">?<\/span><\/a><\/li>\n<\/ol>\n<p><strong><br \/>\n\u4f5b\u7f57\u91cc\u8fbe\u5dde\u53f8\u6cd5\u90e8\u95e8\u662f\u5426\u6709\u5176\u4ed6\u4fe1\u606f\uff1f <\/strong><a href=\"https:\/\/reprolegalhelpline.org\/es\/\"><span style=\"font-weight: 400;\">\u8bf7\u8bbf\u95ee\u6211\u4eec\u7684\u5e2e\u52a9\u4e2d\u5fc3\u201c\u5982\u679c\/\u4f55\u65f6\/\u5982\u4f55\u201d\u3002<\/span><\/a><\/p>\n<p><a href=\"https:\/\/www.janenetworkfl.org\/\"><img fetchpriority=\"high\" decoding=\"async\" class=\"alignnone size-full wp-image-1141\" src=\"https:\/\/floridareprofreedom.org\/wp-content\/uploads\/2020\/06\/webpage-image-JB-website-1.png\" alt=\"\u5728\u4f5b\u7f57\u91cc\u8fbe\u5dde\uff0c\u9752\u5c11\u5e74\u65e0\u9700\u7236\u6bcd\u53c2\u4e0e\uff0c\u53ea\u9700\u83b7\u5f97\u6cd5\u9662\u6279\u51c6\u5373\u53ef\u5815\u80ce\u3002\" width=\"820\" height=\"312\" srcset=\"https:\/\/floridareprofreedom.org\/wp-content\/uploads\/2020\/06\/webpage-image-JB-website-1.png 820w, https:\/\/floridareprofreedom.org\/wp-content\/uploads\/2020\/06\/webpage-image-JB-website-1-300x114.png 300w, https:\/\/floridareprofreedom.org\/wp-content\/uploads\/2020\/06\/webpage-image-JB-website-1-768x292.png 768w\" sizes=\"(max-width: 820px) 100vw, 820px\" \/><\/a><\/p>","protected":false},"excerpt":{"rendered":"<p>\u27a1\ufe0fEnglish \u27a1\ufe0fCreole Puedes hacerte un aborto sin la intervenci\u00f3n de tus padres La ley de Florida exige que los padres otorguen el permiso a una persona menor de 18 a\u00f1os que desee abortar. (M\u00e1s informaci\u00f3n sobre las leyes de Florida aqu\u00ed). Sabemos que la mayor\u00eda de los j\u00f3venes hablan con sus padres cuando necesitan un [&hellip;]<\/p>\n","protected":false},"author":3,"featured_media":0,"parent":0,"menu_order":0,"comment_status":"closed","ping_status":"closed","template":"","meta":{"footnotes":""},"folder":[9],"class_list":["post-1233","page","type-page","status-publish","hentry"],"yoast_head":"<!-- This site is optimized with the Yoast SEO plugin v27.4 - https:\/\/yoast.com\/product\/yoast-seo-wordpress\/ -->\n<title>Alternativa Judicial para un aborto en Florida - Floridians For Reproductive Freedom<\/title>\n<meta name=\"description\" content=\"Si no puedes obtener el permiso de tus padres o no puedes ped\u00edrselo, podr\u00edas abortar sin la intervenci\u00f3n de tus padres si acudes a los tribunales y se te concede una &quot;exenci\u00f3n judicial&quot;.\" \/>\n<meta name=\"robots\" content=\"index, follow, max-snippet:-1, max-image-preview:large, max-video-preview:-1\" \/>\n<link rel=\"canonical\" href=\"https:\/\/floridareprofreedom.org\/zh\/\u4f5b\u7f57\u91cc\u8fbe\u5dde\u66ff\u4ee3\u53f8\u6cd5\/\" \/>\n<meta property=\"og:locale\" content=\"zh_CN\" \/>\n<meta property=\"og:type\" content=\"article\" \/>\n<meta property=\"og:title\" content=\"Alternativa Judicial para un aborto en Florida - Floridians For Reproductive Freedom\" \/>\n<meta property=\"og:description\" content=\"Si no puedes obtener el permiso de tus padres o no puedes ped\u00edrselo, podr\u00edas abortar sin la intervenci\u00f3n de tus padres si acudes a los tribunales y se te concede una &quot;exenci\u00f3n judicial&quot;.\" \/>\n<meta property=\"og:url\" content=\"https:\/\/floridareprofreedom.org\/zh\/\u4f5b\u7f57\u91cc\u8fbe\u5dde\u66ff\u4ee3\u53f8\u6cd5\/\" \/>\n<meta property=\"og:site_name\" content=\"Floridians For Reproductive Freedom\" \/>\n<meta property=\"article:publisher\" content=\"https:\/\/www.facebook.com\/FloridaReproFreedom\/\" \/>\n<meta property=\"article:modified_time\" content=\"2025-06-09T16:08:38+00:00\" \/>\n<meta property=\"og:image\" content=\"https:\/\/floridareprofreedom.org\/wp-content\/uploads\/2020\/06\/webpage-image-JB-website-1.png\" \/>\n\t<meta property=\"og:image:width\" content=\"820\" \/>\n\t<meta property=\"og:image:height\" content=\"312\" \/>\n\t<meta property=\"og:image:type\" content=\"image\/png\" \/>\n<meta name=\"twitter:card\" content=\"summary_large_image\" \/>\n<meta name=\"twitter:site\" content=\"@FLReproFreedom\" \/>\n<meta name=\"twitter:label1\" content=\"\u9884\u8ba1\u9605\u8bfb\u65f6\u95f4\" \/>\n\t<meta name=\"twitter:data1\" content=\"3 \u5206\" \/>\n<script type=\"application\/ld+json\" class=\"yoast-schema-graph\">{\"@context\":\"https:\\\/\\\/schema.org\",\"@graph\":[{\"@type\":\"WebPage\",\"@id\":\"https:\\\/\\\/floridareprofreedom.org\\\/alternativa-judicial-en-florida\\\/\",\"url\":\"https:\\\/\\\/floridareprofreedom.org\\\/alternativa-judicial-en-florida\\\/\",\"name\":\"Alternativa Judicial para un aborto en Florida - Floridians For Reproductive Freedom\",\"isPartOf\":{\"@id\":\"https:\\\/\\\/floridareprofreedom.org\\\/#website\"},\"primaryImageOfPage\":{\"@id\":\"https:\\\/\\\/floridareprofreedom.org\\\/alternativa-judicial-en-florida\\\/#primaryimage\"},\"image\":{\"@id\":\"https:\\\/\\\/floridareprofreedom.org\\\/alternativa-judicial-en-florida\\\/#primaryimage\"},\"thumbnailUrl\":\"https:\\\/\\\/floridareprofreedom.org\\\/wp-content\\\/uploads\\\/2020\\\/06\\\/webpage-image-JB-website-1.png\",\"datePublished\":\"2020-08-04T19:00:16+00:00\",\"dateModified\":\"2025-06-09T16:08:38+00:00\",\"description\":\"Si no puedes obtener el permiso de tus padres o no puedes ped\u00edrselo, podr\u00edas abortar sin la intervenci\u00f3n de tus padres si acudes a los tribunales y se te concede una \\\"exenci\u00f3n judicial\\\".\",\"breadcrumb\":{\"@id\":\"https:\\\/\\\/floridareprofreedom.org\\\/alternativa-judicial-en-florida\\\/#breadcrumb\"},\"inLanguage\":\"zh-Hans\",\"potentialAction\":[{\"@type\":\"ReadAction\",\"target\":[\"https:\\\/\\\/floridareprofreedom.org\\\/alternativa-judicial-en-florida\\\/\"]}]},{\"@type\":\"ImageObject\",\"inLanguage\":\"zh-Hans\",\"@id\":\"https:\\\/\\\/floridareprofreedom.org\\\/alternativa-judicial-en-florida\\\/#primaryimage\",\"url\":\"https:\\\/\\\/floridareprofreedom.org\\\/wp-content\\\/uploads\\\/2020\\\/06\\\/webpage-image-JB-website-1.png\",\"contentUrl\":\"https:\\\/\\\/floridareprofreedom.org\\\/wp-content\\\/uploads\\\/2020\\\/06\\\/webpage-image-JB-website-1.png\"},{\"@type\":\"BreadcrumbList\",\"@id\":\"https:\\\/\\\/floridareprofreedom.org\\\/alternativa-judicial-en-florida\\\/#breadcrumb\",\"itemListElement\":[{\"@type\":\"ListItem\",\"position\":1,\"name\":\"Home\",\"item\":\"https:\\\/\\\/floridareprofreedom.org\\\/\"},{\"@type\":\"ListItem\",\"position\":2,\"name\":\"Alternativa Judicial para un aborto en Florida\"}]},{\"@type\":\"WebSite\",\"@id\":\"https:\\\/\\\/floridareprofreedom.org\\\/#website\",\"url\":\"https:\\\/\\\/floridareprofreedom.org\\\/\",\"name\":\"Floridians For Reproductive Freedom\",\"description\":\"Advocating for convenient, affordable, and safe access to reproductive health care, including abortion.\",\"publisher\":{\"@id\":\"https:\\\/\\\/floridareprofreedom.org\\\/#organization\"},\"potentialAction\":[{\"@type\":\"SearchAction\",\"target\":{\"@type\":\"EntryPoint\",\"urlTemplate\":\"https:\\\/\\\/floridareprofreedom.org\\\/?s={search_term_string}\"},\"query-input\":{\"@type\":\"PropertyValueSpecification\",\"valueRequired\":true,\"valueName\":\"search_term_string\"}}],\"inLanguage\":\"zh-Hans\"},{\"@type\":\"Organization\",\"@id\":\"https:\\\/\\\/floridareprofreedom.org\\\/#organization\",\"name\":\"Floridians for Reproductive Freedom\",\"url\":\"https:\\\/\\\/floridareprofreedom.org\\\/\",\"logo\":{\"@type\":\"ImageObject\",\"inLanguage\":\"zh-Hans\",\"@id\":\"https:\\\/\\\/floridareprofreedom.org\\\/#\\\/schema\\\/logo\\\/image\\\/\",\"url\":\"https:\\\/\\\/floridareprofreedom.org\\\/wp-content\\\/uploads\\\/2019\\\/05\\\/Untitled.jpg\",\"contentUrl\":\"https:\\\/\\\/floridareprofreedom.org\\\/wp-content\\\/uploads\\\/2019\\\/05\\\/Untitled.jpg\",\"width\":174,\"height\":180,\"caption\":\"Floridians for Reproductive Freedom\"},\"image\":{\"@id\":\"https:\\\/\\\/floridareprofreedom.org\\\/#\\\/schema\\\/logo\\\/image\\\/\"},\"sameAs\":[\"https:\\\/\\\/www.facebook.com\\\/FloridaReproFreedom\\\/\",\"https:\\\/\\\/x.com\\\/FLReproFreedom\",\"https:\\\/\\\/www.instagram.com\\\/floridareprofreedom\\\/\"]}]}<\/script>\n<!-- \/ Yoast SEO plugin. -->","yoast_head_json":{"title":"\u4f5b\u7f57\u91cc\u8fbe\u5dde\u5815\u80ce\u53f8\u6cd5\u66ff\u4ee3\u65b9\u6848 - \u4f5b\u7f57\u91cc\u8fbe\u4eba\u4e89\u53d6\u751f\u6b96\u81ea\u7531","description":"\u5982\u679c\u6ca1\u6709\u83b7\u5f97\u6559\u58eb\u7684\u8bb8\u53ef\uff0c\u4e5f\u6ca1\u6709\u83b7\u5f97\u513f\u7ae5\u7684\u8bb8\u53ef\uff0c\u90a3\u4e48\u5bf9\u6559\u58eb\u7684\u5e72\u9884\u5c31\u4f1a\u4e2d\u6b62\uff0c\u4ece\u800c\u5bfc\u81f4\u6cd5\u5ead\u7684\u5224\u51b3\u5e76\u627f\u8ba4\u201c\u53f8\u6cd5\u8c41\u514d\u201d\u3002","robots":{"index":"index","follow":"follow","max-snippet":"max-snippet:-1","max-image-preview":"max-image-preview:large","max-video-preview":"max-video-preview:-1"},"canonical":"https:\/\/floridareprofreedom.org\/zh\/\u4f5b\u7f57\u91cc\u8fbe\u5dde\u66ff\u4ee3\u53f8\u6cd5\/","og_locale":"zh_CN","og_type":"article","og_title":"Alternativa Judicial para un aborto en Florida - Floridians For Reproductive Freedom","og_description":"Si no puedes obtener el permiso de tus padres o no puedes ped\u00edrselo, podr\u00edas abortar sin la intervenci\u00f3n de tus padres si acudes a los tribunales y se te concede una \"exenci\u00f3n judicial\".","og_url":"https:\/\/floridareprofreedom.org\/zh\/\u4f5b\u7f57\u91cc\u8fbe\u5dde\u66ff\u4ee3\u53f8\u6cd5\/","og_site_name":"Floridians For Reproductive Freedom","article_publisher":"https:\/\/www.facebook.com\/FloridaReproFreedom\/","article_modified_time":"2025-06-09T16:08:38+00:00","og_image":[{"width":820,"height":312,"url":"https:\/\/floridareprofreedom.org\/wp-content\/uploads\/2020\/06\/webpage-image-JB-website-1.png","type":"image\/png"}],"twitter_card":"summary_large_image","twitter_site":"@FLReproFreedom","twitter_misc":{"\u9884\u8ba1\u9605\u8bfb\u65f6\u95f4":"3 \u5206"},"schema":{"@context":"https:\/\/schema.org","@graph":[{"@type":"WebPage","@id":"https:\/\/floridareprofreedom.org\/alternativa-judicial-en-florida\/","url":"https:\/\/floridareprofreedom.org\/alternativa-judicial-en-florida\/","name":"\u4f5b\u7f57\u91cc\u8fbe\u5dde\u5815\u80ce\u53f8\u6cd5\u66ff\u4ee3\u65b9\u6848 - \u4f5b\u7f57\u91cc\u8fbe\u4eba\u4e89\u53d6\u751f\u6b96\u81ea\u7531","isPartOf":{"@id":"https:\/\/floridareprofreedom.org\/#website"},"primaryImageOfPage":{"@id":"https:\/\/floridareprofreedom.org\/alternativa-judicial-en-florida\/#primaryimage"},"image":{"@id":"https:\/\/floridareprofreedom.org\/alternativa-judicial-en-florida\/#primaryimage"},"thumbnailUrl":"https:\/\/floridareprofreedom.org\/wp-content\/uploads\/2020\/06\/webpage-image-JB-website-1.png","datePublished":"2020-08-04T19:00:16+00:00","dateModified":"2025-06-09T16:08:38+00:00","description":"\u5982\u679c\u6ca1\u6709\u83b7\u5f97\u6559\u58eb\u7684\u8bb8\u53ef\uff0c\u4e5f\u6ca1\u6709\u83b7\u5f97\u513f\u7ae5\u7684\u8bb8\u53ef\uff0c\u90a3\u4e48\u5bf9\u6559\u58eb\u7684\u5e72\u9884\u5c31\u4f1a\u4e2d\u6b62\uff0c\u4ece\u800c\u5bfc\u81f4\u6cd5\u5ead\u7684\u5224\u51b3\u5e76\u627f\u8ba4\u201c\u53f8\u6cd5\u8c41\u514d\u201d\u3002","breadcrumb":{"@id":"https:\/\/floridareprofreedom.org\/alternativa-judicial-en-florida\/#breadcrumb"},"inLanguage":"zh-Hans","potentialAction":[{"@type":"ReadAction","target":["https:\/\/floridareprofreedom.org\/alternativa-judicial-en-florida\/"]}]},{"@type":"ImageObject","inLanguage":"zh-Hans","@id":"https:\/\/floridareprofreedom.org\/alternativa-judicial-en-florida\/#primaryimage","url":"https:\/\/floridareprofreedom.org\/wp-content\/uploads\/2020\/06\/webpage-image-JB-website-1.png","contentUrl":"https:\/\/floridareprofreedom.org\/wp-content\/uploads\/2020\/06\/webpage-image-JB-website-1.png"},{"@type":"BreadcrumbList","@id":"https:\/\/floridareprofreedom.org\/alternativa-judicial-en-florida\/#breadcrumb","itemListElement":[{"@type":"ListItem","position":1,"name":"Home","item":"https:\/\/floridareprofreedom.org\/"},{"@type":"ListItem","position":2,"name":"Alternativa Judicial para un aborto en Florida"}]},{"@type":"WebSite","@id":"https:\/\/floridareprofreedom.org\/#website","url":"https:\/\/floridareprofreedom.org\/","name":"\u4f5b\u7f57\u91cc\u8fbe\u5dde\u751f\u6b96\u81ea\u7531\u534f\u4f1a","description":"\u5021\u5bfc\u63d0\u4f9b\u4fbf\u6377\u3001\u7ecf\u6d4e\u3001\u5b89\u5168\u7684\u751f\u6b96\u5065\u5eb7\u670d\u52a1\uff0c\u5305\u62ec\u5815\u80ce\u3002","publisher":{"@id":"https:\/\/floridareprofreedom.org\/#organization"},"potentialAction":[{"@type":"SearchAction","target":{"@type":"EntryPoint","urlTemplate":"https:\/\/floridareprofreedom.org\/?s={search_term_string}"},"query-input":{"@type":"PropertyValueSpecification","valueRequired":true,"valueName":"search_term_string"}}],"inLanguage":"zh-Hans"},{"@type":"Organization","@id":"https:\/\/floridareprofreedom.org\/#organization","name":"\u4f5b\u7f57\u91cc\u8fbe\u5dde\u751f\u6b96\u81ea\u7531\u534f\u4f1a","url":"https:\/\/floridareprofreedom.org\/","logo":{"@type":"ImageObject","inLanguage":"zh-Hans","@id":"https:\/\/floridareprofreedom.org\/#\/schema\/logo\/image\/","url":"https:\/\/floridareprofreedom.org\/wp-content\/uploads\/2019\/05\/Untitled.jpg","contentUrl":"https:\/\/floridareprofreedom.org\/wp-content\/uploads\/2019\/05\/Untitled.jpg","width":174,"height":180,"caption":"Floridians for Reproductive Freedom"},"image":{"@id":"https:\/\/floridareprofreedom.org\/#\/schema\/logo\/image\/"},"sameAs":["https:\/\/www.facebook.com\/FloridaReproFreedom\/","https:\/\/x.com\/FLReproFreedom","https:\/\/www.instagram.com\/floridareprofreedom\/"]}]}},"_links":{"self":[{"href":"https:\/\/floridareprofreedom.org\/zh\/wp-json\/wp\/v2\/pages\/1233","targetHints":{"allow":["GET"]}}],"collection":[{"href":"https:\/\/floridareprofreedom.org\/zh\/wp-json\/wp\/v2\/pages"}],"about":[{"href":"https:\/\/floridareprofreedom.org\/zh\/wp-json\/wp\/v2\/types\/page"}],"author":[{"embeddable":true,"href":"https:\/\/floridareprofreedom.org\/zh\/wp-json\/wp\/v2\/users\/3"}],"replies":[{"embeddable":true,"href":"https:\/\/floridareprofreedom.org\/zh\/wp-json\/wp\/v2\/comments?post=1233"}],"version-history":[{"count":14,"href":"https:\/\/floridareprofreedom.org\/zh\/wp-json\/wp\/v2\/pages\/1233\/revisions"}],"predecessor-version":[{"id":4086,"href":"https:\/\/floridareprofreedom.org\/zh\/wp-json\/wp\/v2\/pages\/1233\/revisions\/4086"}],"wp:attachment":[{"href":"https:\/\/floridareprofreedom.org\/zh\/wp-json\/wp\/v2\/media?parent=1233"}],"wp:term":[{"taxonomy":"folder","embeddable":true,"href":"https:\/\/floridareprofreedom.org\/zh\/wp-json\/wp\/v2\/folder?post=1233"}],"curies":[{"name":"wp","href":"https:\/\/api.w.org\/{rel}","templated":true}]}}