{"id":1241,"date":"2020-08-05T12:12:06","date_gmt":"2020-08-05T12:12:06","guid":{"rendered":"https:\/\/floridareprofreedom.org\/?page_id=1241"},"modified":"2020-08-05T17:02:58","modified_gmt":"2020-08-05T17:02:58","slug":"jb3","status":"publish","type":"page","link":"https:\/\/floridareprofreedom.org\/zh\/jb3\/","title":{"rendered":"\u00bfQu\u00e9 formularios necesito?"},"content":{"rendered":"<p><b>Debes completar los siguientes Formularios (<\/b><a href=\"https:\/\/drive.google.com\/open?id=1viS619hMmAFomyK2ANCK1TPd-l4qF18E\"><b>\u4e0b\u8f7d PDF \u683c\u5f0f\u7684\u8bf7\u6c42<\/b><\/a><b>)<\/b><\/p>\n<p><span style=\"font-weight: 400;\">\u5728\u5f88\u591a\u65b9\u9762\uff0c\u6211\u4eec\u5df2\u7ecf\u5b8c\u6210\u4e86\u9884\u671f\u7684\u914d\u65b9\u3002\u5728\u5176\u4ed6\u60c5\u51b5\u4e0b\uff0c\u6211\u4eec\u5c06\u5e2e\u52a9\u60a8\u89e3\u51b3\u95ee\u9898\uff0c\u5e76\u5728\u5176\u4ed6\u60c5\u51b5\u4e0b\u4e3a\u60a8\u63d0\u4f9b\u5e2e\u52a9\uff0c\u5305\u62ec\u4e3a\u54c8\u5e03\u62c9\u5c14\u8fde\u7eed\u5730\u533a\u63d0\u4f9b\u5e2e\u52a9\u3002\u4e3b\u8981\u4fe1\u606f\u662f\u4e3a\u4e86\u5e2e\u52a9\u60a8\u7ba1\u7406\u60a8\u7684\u9875\u9762\uff1a\u00bf<\/span><a href=\"https:\/\/floridareprofreedom.org\/zh\/%e5%9c%a8%e5%93%aa%e9%87%8c\/\"><span style=\"font-weight: 400;\">\u662f\u5426\u53ef\u4ee5\u9009\u62e9\u53f8\u6cd5\u66ff\u4ee3\u65b9\u6848\uff1f\u00a0<\/span><\/a><\/p>\n<ol>\n<li style=\"font-weight: 400;\"><span style=\"font-weight: 400;\">\u201c\u771f\u540d\u548c\u5047\u540d\u5ba3\u8a93\u58f0\u660e\u201d \u2013 (Declaraci\u00f3n Jurada de Nombre Verdadero o Pseud\u00f3nimo) Este documento protege tu identidad y asegura que nadie sepa que fuiste a la corte a pedir esta exenci\u00f3n\u3002\u4e0e\u5176\u4ed6\u56fd\u5bb6\u7684\u540d\u79f0\u6709\u5173\u7684\u540d\u79f0\u3002\u6211\u4eec\u5df2\u5bf9\u60a8\u7684\u8bf7\u6c42\u8fdb\u884c\u4e86\u8bf4\u660e\uff0c\u5e76\u4f7f\u7528\u4e86\u521d\u59cb\u540d\u79f0\u6216\u4f2a\u540d\u79f0\u3002\u8fd9\u662f\u56e0\u4e3a\u6559\u58eb\u6216\u76d1\u62a4\u4eba\u72af\u4e86\u6d41\u4ea7\u7f6a\u3002\u00a0<\/span><\/li>\n<li style=\"font-weight: 400;\"><span style=\"font-weight: 400;\">\u201c\u53f8\u6cd5\u7ed5\u8fc7\u8bf7\u613f\u201d \u2013 Petici\u00f3n de Alternativa Judicial\uff1aEste documento es una petici\u00f3n del juez\u3002\u8bf7\u4e3a\u60a8\u7684\u6d77\u6d0b\u7f16\u5199\u9002\u5f53\u7684\u7533\u8bf7\u6216\u8fde\u7eed\u7684\u7533\u8bf7\u6216\u60a8\u7684\u7533\u8bf7\u3002 La Misma \u5305\u62ec\uff1a\u00a0<\/span>\n<ol>\n<li style=\"font-weight: 400;\"><span style=\"font-weight: 400;\">\u4f60\u7684\u540d\u5b57\uff08cualquiera que escojas en tu Declaraci\u00f3n Jurada de Nombre Verdadero o pseud\u00f3nimo\uff09\u3002<\/span><\/li>\n<li style=\"font-weight: 400;\"><span style=\"font-weight: 400;\">\u00a0\u57c3\u8fbe\u5fb7<\/span><\/li>\n<li style=\"font-weight: 400;\"><span style=\"font-weight: 400;\">\u6211\u4eec\u58f0\u660e\uff0c\u6211\u4eec\u7981\u6b62\u5815\u80ce\uff0c\u6211\u4eec\u7684\u6559\u58eb\u4e0d\u5141\u8bb8\u5815\u80ce\uff0c\u4e5f\u4e0d\u5141\u8bb8\u6211\u4eec\u5b9e\u884c\u5815\u80ce\u3002\u00a0<\/span><\/li>\n<li style=\"font-weight: 400;\"><span style=\"font-weight: 400;\">\u6211\u4eec\u5ba3\u5e03\u7ec8\u6b62\u5bf9\u6559\u58eb\u6216\u76d1\u62a4\u4eba\u7684\u4fae\u8fb1\u3002 Aseg\u00farense de aver Acceptado \u201c\u540c\u610f\u548c\u901a\u77e5\u201d en este articulo\u3002<\/span><\/li>\n<li style=\"font-weight: 400;\"><span style=\"font-weight: 400;\">Una explicaci\u00f3n de porqu\u00e9 quieres interrumpir tu embarazo\u3002\u6211\u4eec\u5c06\u91c7\u53d6\u5176\u4ed6\u53f8\u6cd5\u63aa\u65bd\u3002 Debes Probar una de esas tres razones\u3002\u5982\u679c\u60a8\u9009\u62e9\u4e86\u5176\u4ed6\u5e94\u7528\u7a0b\u5e8f\uff0c\u5219\u8be5\u5e94\u7528\u7a0b\u5e8f\u7684\u540d\u79f0\u5c06\u88ab\u660e\u786e\u8bf4\u660e\u3002 Las tres razones son: 1) eres suficiente madura o (maduro) para decidir site haces un aborto 2) eres v\u00edctima de abusodom\u00e9stico o Sex departe de tus padres o custodios o 3) notificar a uno de tus padres o custodios no es una alternativa que velar\u00e1 por tus\u4e3b\u8981\u5174\u8da3\u3002<\/span><\/li>\n<\/ol>\n<\/li>\n<\/ol>\n<p style=\"text-align: center;\"><a href=\"https:\/\/floridareprofreedom.org\/zh\/%e4%bd%9b%e7%bd%97%e9%87%8c%e8%be%be%e5%b7%9e%e6%9b%bf%e4%bb%a3%e5%8f%b8%e6%b3%95\/\">\u8fd4\u56de\u9996\u9875<\/a>\u00a0 |\u00a0\u00a0<a href=\"https:\/\/floridareprofreedom.org\/zh\/jb2\/\">\u524d\u90e8\u95ee\u9898<\/a>\u00a0 \u00a0 |\u00a0 <a href=\"https:\/\/floridareprofreedom.org\/zh\/jb4\/\">\u4e0b\u4e00\u9875<\/a><\/p>\n<p><b>\u76f8\u5173\u95ee\u9898<\/b><\/p>\n<ol>\n<li style=\"font-weight: 400;\"><span style=\"font-weight: 400;\"><a href=\"https:\/\/floridareprofreedom.org\/zh\/jb1\/\">\u00bf<\/a><a href=\"https:\/\/floridareprofreedom.org\/zh\/jb1\/\">\u5bf9\u4e8e\u6d41\u4ea7\u7684\u5fc5\u8981\u6027\uff0c\u8fd8\u6709\u5176\u4ed6\u53f8\u6cd5\u9014\u5f84\u5417\uff1f<\/a><\/span><\/li>\n<li style=\"font-weight: 400;\"><a href=\"https:\/\/floridareprofreedom.org\/zh\/jb2\/\"><span style=\"font-weight: 400;\">\u00bf<\/span><span style=\"font-weight: 400;\">\u6d41\u4ea7\u65f6\u4f1a\u6d41\u4ea7\u5417\uff1f<\/span><\/a><\/li>\n<li style=\"font-weight: 400;\"><a href=\"https:\/\/floridareprofreedom.org\/zh\/jb3\/\"><span style=\"font-weight: 400;\">\u00bf<\/span><span style=\"font-weight: 400;\">\u5173\u4e8e\u516c\u5f0f\u7684\u77e5\u8bc6<\/span><span style=\"font-weight: 400;\">?<\/span><\/a><\/li>\n<li style=\"font-weight: 400;\"><a href=\"https:\/\/floridareprofreedom.org\/zh\/jb4\/\"><span style=\"font-weight: 400;\">\u60a8\u662f\u5426\u8003\u8651\u8fc7\u505a\u51fa\u51b3\u5b9a\uff1f<\/span><\/a><\/li>\n<li style=\"font-weight: 400;\"><a href=\"https:\/\/floridareprofreedom.org\/zh\/jb5\/\"><span style=\"font-weight: 400;\">\u00bfNecesito un abogado?<\/span><\/a><\/li>\n<li style=\"font-weight: 400;\"><a href=\"https:\/\/floridareprofreedom.org\/zh\/jb6\/\"><span style=\"font-weight: 400;\">\u00bf<\/span><span style=\"font-weight: 400;\">Cu\u00e1nto tarda conseguir una alternativa \u53f8\u6cd5\uff1f<\/span><\/a><\/li>\n<li style=\"font-weight: 400;\"><a href=\"https:\/\/floridareprofreedom.org\/zh\/jb7\/\"><span style=\"font-weight: 400;\">\u00bf<\/span><span style=\"font-weight: 400;\">Cu\u00e1ntouesta conseguir una alternativa \u53f8\u6cd5\uff1f<\/span><\/a><\/li>\n<li style=\"font-weight: 400;\"><a href=\"https:\/\/floridareprofreedom.org\/zh\/jb8\/\"><span style=\"font-weight: 400;\">\u00bf<\/span><span style=\"font-weight: 400;\">Qui\u00e9nes sabr\u00e1n si he logrado obtener una Alternative Justice\uff1f<\/span><\/a><\/li>\n<li style=\"font-weight: 400;\"><a href=\"https:\/\/floridareprofreedom.org\/zh\/jb9\/\"><span style=\"font-weight: 400;\">\u00bf<\/span><span style=\"font-weight: 400;\">\u6211\u60f3\u8981\u4ec0\u4e48\uff1f<\/span><\/a><\/li>\n<li style=\"font-weight: 400;\"><a href=\"https:\/\/floridareprofreedom.org\/zh\/jb10\/\"><span style=\"font-weight: 400;\">\u00bf<\/span><span style=\"font-weight: 400;\">Qu\u00e9vestimenta debo usar para ir a la corte\uff1f<\/span><\/a><\/li>\n<li style=\"font-weight: 400;\"><a href=\"https:\/\/floridareprofreedom.org\/zh\/jb11\/\"><span style=\"font-weight: 400;\">\u00bf<\/span><span style=\"font-weight: 400;\">\u600e\u6837\u624d\u80fd\u8ba9\u89c2\u4f17\u5728\u4e00\u5929\u4e2d\u7684\u8bfe\u7a0b\u4e2d\u53d7\u76ca<\/span><span style=\"font-weight: 400;\">?<\/span><\/a><\/li>\n<li style=\"font-weight: 400;\"><a href=\"https:\/\/floridareprofreedom.org\/zh\/jb12\/\"><span style=\"font-weight: 400;\">\u00bf<\/span><span style=\"font-weight: 400;\">La persona involucrada en mi embarazo tiene potestad para decidir sobre si debo o no practicarme un aborto<\/span><\/a><span style=\"font-weight: 400;\">?\u00a0<\/span><\/li>\n<li style=\"font-weight: 400;\"><a href=\"https:\/\/floridareprofreedom.org\/zh\/jb13\/\"><span style=\"font-weight: 400;\">\u00a0<\/span><span style=\"font-weight: 400;\">\u00bf<\/span><span style=\"font-weight: 400;\">\u90a3\u4e48\uff0c\u7f8e\u56fd\u516c\u6c11\u662f\u5426\u53ef\u4ee5\u5815\u80ce\u5462\uff1f <\/span><span style=\"font-weight: 400;\">\u00bf<\/span><span style=\"font-weight: 400;\">\u4f60\u662f\u5426\u6ca1\u6709 puedo comunicarme en ingl\u00e9s\uff1f\u00a0<\/span><\/a><\/li>\n<li style=\"font-weight: 400;\"><a href=\"https:\/\/floridareprofreedom.org\/zh\/jb14\/\"><span style=\"font-weight: 400;\">\u00bf<\/span><span style=\"font-weight: 400;\">\u662f\u5426\u8981\u505a\u51fa\u66ff\u4ee3\u6027\u53f8\u6cd5\u51b3\u5b9a\uff1f<\/span><\/a><\/li>\n<li><a href=\"https:\/\/floridareprofreedom.org\/zh\/jb15\/\"><span style=\"font-weight: 400;\">\u00bf<\/span><span style=\"font-weight: 400;\">Qu\u00e9 pasa si el juez niega mi petici\u00f3n<\/span><span style=\"font-weight: 400;\">?<\/span><\/a><\/li>\n<\/ol>","protected":false},"excerpt":{"rendered":"<p>Debes completar los siguientes formularios (descarga la solicitud en PDF aqu\u00ed) En muchos condados, estos formularios pueden completarse con anticipaci\u00f3n. En otros condados, un oficinista puede asistirte llen\u00e1ndolos, mientras que en otros un abogado asignado por la corte te puede ayudar o incluso hacerlos por ti despu\u00e9s de hablar contigo. M\u00e1s informaci\u00f3n sobre c\u00f3mo estas [&hellip;]<\/p>\n","protected":false},"author":4,"featured_media":0,"parent":0,"menu_order":0,"comment_status":"closed","ping_status":"closed","template":"","meta":{"footnotes":""},"folder":[9],"class_list":["post-1241","page","type-page","status-publish","hentry"],"yoast_head":"<!-- This site is optimized with the Yoast SEO plugin v27.3 - https:\/\/yoast.com\/product\/yoast-seo-wordpress\/ -->\n<title>\u00bfQu\u00e9 formularios necesito? - Floridians For Reproductive Freedom<\/title>\n<meta name=\"robots\" content=\"index, follow, max-snippet:-1, max-image-preview:large, max-video-preview:-1\" \/>\n<link rel=\"canonical\" href=\"https:\/\/floridareprofreedom.org\/zh\/jb3\/\" \/>\n<meta property=\"og:locale\" content=\"zh_CN\" \/>\n<meta property=\"og:type\" content=\"article\" \/>\n<meta property=\"og:title\" content=\"\u00bfQu\u00e9 formularios necesito? - Floridians For Reproductive Freedom\" \/>\n<meta property=\"og:description\" content=\"Debes completar los siguientes formularios (descarga la solicitud en PDF aqu\u00ed) En muchos condados, estos formularios pueden completarse con anticipaci\u00f3n. En otros condados, un oficinista puede asistirte llen\u00e1ndolos, mientras que en otros un abogado asignado por la corte te puede ayudar o incluso hacerlos por ti despu\u00e9s de hablar contigo. M\u00e1s informaci\u00f3n sobre c\u00f3mo estas [&hellip;]\" \/>\n<meta property=\"og:url\" content=\"https:\/\/floridareprofreedom.org\/zh\/jb3\/\" \/>\n<meta property=\"og:site_name\" content=\"Floridians For Reproductive Freedom\" \/>\n<meta property=\"article:publisher\" content=\"https:\/\/www.facebook.com\/FloridaReproFreedom\/\" \/>\n<meta property=\"article:modified_time\" content=\"2020-08-05T17:02:58+00:00\" \/>\n<meta name=\"twitter:card\" content=\"summary_large_image\" \/>\n<meta name=\"twitter:site\" content=\"@FLReproFreedom\" \/>\n<meta name=\"twitter:label1\" content=\"\u9884\u8ba1\u9605\u8bfb\u65f6\u95f4\" \/>\n\t<meta name=\"twitter:data1\" content=\"3 \u5206\" \/>\n<script type=\"application\/ld+json\" class=\"yoast-schema-graph\">{\"@context\":\"https:\\\/\\\/schema.org\",\"@graph\":[{\"@type\":\"WebPage\",\"@id\":\"https:\\\/\\\/floridareprofreedom.org\\\/jb3\\\/\",\"url\":\"https:\\\/\\\/floridareprofreedom.org\\\/jb3\\\/\",\"name\":\"\u00bfQu\u00e9 formularios necesito? - Floridians For Reproductive Freedom\",\"isPartOf\":{\"@id\":\"https:\\\/\\\/floridareprofreedom.org\\\/#website\"},\"datePublished\":\"2020-08-05T12:12:06+00:00\",\"dateModified\":\"2020-08-05T17:02:58+00:00\",\"breadcrumb\":{\"@id\":\"https:\\\/\\\/floridareprofreedom.org\\\/jb3\\\/#breadcrumb\"},\"inLanguage\":\"zh-Hans\",\"potentialAction\":[{\"@type\":\"ReadAction\",\"target\":[\"https:\\\/\\\/floridareprofreedom.org\\\/jb3\\\/\"]}]},{\"@type\":\"BreadcrumbList\",\"@id\":\"https:\\\/\\\/floridareprofreedom.org\\\/jb3\\\/#breadcrumb\",\"itemListElement\":[{\"@type\":\"ListItem\",\"position\":1,\"name\":\"Home\",\"item\":\"https:\\\/\\\/floridareprofreedom.org\\\/\"},{\"@type\":\"ListItem\",\"position\":2,\"name\":\"\u00bfQu\u00e9 formularios necesito?\"}]},{\"@type\":\"WebSite\",\"@id\":\"https:\\\/\\\/floridareprofreedom.org\\\/#website\",\"url\":\"https:\\\/\\\/floridareprofreedom.org\\\/\",\"name\":\"Floridians For Reproductive Freedom\",\"description\":\"Advocating for convenient, affordable, and safe access to reproductive health care, including abortion.\",\"publisher\":{\"@id\":\"https:\\\/\\\/floridareprofreedom.org\\\/#organization\"},\"potentialAction\":[{\"@type\":\"SearchAction\",\"target\":{\"@type\":\"EntryPoint\",\"urlTemplate\":\"https:\\\/\\\/floridareprofreedom.org\\\/?s={search_term_string}\"},\"query-input\":{\"@type\":\"PropertyValueSpecification\",\"valueRequired\":true,\"valueName\":\"search_term_string\"}}],\"inLanguage\":\"zh-Hans\"},{\"@type\":\"Organization\",\"@id\":\"https:\\\/\\\/floridareprofreedom.org\\\/#organization\",\"name\":\"Floridians for Reproductive Freedom\",\"url\":\"https:\\\/\\\/floridareprofreedom.org\\\/\",\"logo\":{\"@type\":\"ImageObject\",\"inLanguage\":\"zh-Hans\",\"@id\":\"https:\\\/\\\/floridareprofreedom.org\\\/#\\\/schema\\\/logo\\\/image\\\/\",\"url\":\"https:\\\/\\\/floridareprofreedom.org\\\/wp-content\\\/uploads\\\/2019\\\/05\\\/Untitled.jpg\",\"contentUrl\":\"https:\\\/\\\/floridareprofreedom.org\\\/wp-content\\\/uploads\\\/2019\\\/05\\\/Untitled.jpg\",\"width\":174,\"height\":180,\"caption\":\"Floridians for Reproductive Freedom\"},\"image\":{\"@id\":\"https:\\\/\\\/floridareprofreedom.org\\\/#\\\/schema\\\/logo\\\/image\\\/\"},\"sameAs\":[\"https:\\\/\\\/www.facebook.com\\\/FloridaReproFreedom\\\/\",\"https:\\\/\\\/x.com\\\/FLReproFreedom\",\"https:\\\/\\\/www.instagram.com\\\/floridareprofreedom\\\/\"]}]}<\/script>\n<!-- \/ Yoast SEO plugin. -->","yoast_head_json":{"title":"\u00bfQu\u00e9 Formularios necesito\uff1f - \u4f5b\u7f57\u91cc\u8fbe\u4eba\u4e89\u53d6\u751f\u6b96\u81ea\u7531","robots":{"index":"index","follow":"follow","max-snippet":"max-snippet:-1","max-image-preview":"max-image-preview:large","max-video-preview":"max-video-preview:-1"},"canonical":"https:\/\/floridareprofreedom.org\/zh\/jb3\/","og_locale":"zh_CN","og_type":"article","og_title":"\u00bfQu\u00e9 formularios necesito? - Floridians For Reproductive Freedom","og_description":"Debes completar los siguientes formularios (descarga la solicitud en PDF aqu\u00ed) En muchos condados, estos formularios pueden completarse con anticipaci\u00f3n. En otros condados, un oficinista puede asistirte llen\u00e1ndolos, mientras que en otros un abogado asignado por la corte te puede ayudar o incluso hacerlos por ti despu\u00e9s de hablar contigo. M\u00e1s informaci\u00f3n sobre c\u00f3mo estas [&hellip;]","og_url":"https:\/\/floridareprofreedom.org\/zh\/jb3\/","og_site_name":"Floridians For Reproductive Freedom","article_publisher":"https:\/\/www.facebook.com\/FloridaReproFreedom\/","article_modified_time":"2020-08-05T17:02:58+00:00","twitter_card":"summary_large_image","twitter_site":"@FLReproFreedom","twitter_misc":{"\u9884\u8ba1\u9605\u8bfb\u65f6\u95f4":"3 \u5206"},"schema":{"@context":"https:\/\/schema.org","@graph":[{"@type":"WebPage","@id":"https:\/\/floridareprofreedom.org\/jb3\/","url":"https:\/\/floridareprofreedom.org\/jb3\/","name":"\u00bfQu\u00e9 Formularios necesito\uff1f - \u4f5b\u7f57\u91cc\u8fbe\u4eba\u4e89\u53d6\u751f\u6b96\u81ea\u7531","isPartOf":{"@id":"https:\/\/floridareprofreedom.org\/#website"},"datePublished":"2020-08-05T12:12:06+00:00","dateModified":"2020-08-05T17:02:58+00:00","breadcrumb":{"@id":"https:\/\/floridareprofreedom.org\/jb3\/#breadcrumb"},"inLanguage":"zh-Hans","potentialAction":[{"@type":"ReadAction","target":["https:\/\/floridareprofreedom.org\/jb3\/"]}]},{"@type":"BreadcrumbList","@id":"https:\/\/floridareprofreedom.org\/jb3\/#breadcrumb","itemListElement":[{"@type":"ListItem","position":1,"name":"Home","item":"https:\/\/floridareprofreedom.org\/"},{"@type":"ListItem","position":2,"name":"\u00bfQu\u00e9 formularios necesito?"}]},{"@type":"WebSite","@id":"https:\/\/floridareprofreedom.org\/#website","url":"https:\/\/floridareprofreedom.org\/","name":"\u4f5b\u7f57\u91cc\u8fbe\u5dde\u751f\u6b96\u81ea\u7531\u534f\u4f1a","description":"\u5021\u5bfc\u63d0\u4f9b\u4fbf\u6377\u3001\u7ecf\u6d4e\u3001\u5b89\u5168\u7684\u751f\u6b96\u5065\u5eb7\u670d\u52a1\uff0c\u5305\u62ec\u5815\u80ce\u3002","publisher":{"@id":"https:\/\/floridareprofreedom.org\/#organization"},"potentialAction":[{"@type":"SearchAction","target":{"@type":"EntryPoint","urlTemplate":"https:\/\/floridareprofreedom.org\/?s={search_term_string}"},"query-input":{"@type":"PropertyValueSpecification","valueRequired":true,"valueName":"search_term_string"}}],"inLanguage":"zh-Hans"},{"@type":"Organization","@id":"https:\/\/floridareprofreedom.org\/#organization","name":"\u4f5b\u7f57\u91cc\u8fbe\u5dde\u751f\u6b96\u81ea\u7531\u534f\u4f1a","url":"https:\/\/floridareprofreedom.org\/","logo":{"@type":"ImageObject","inLanguage":"zh-Hans","@id":"https:\/\/floridareprofreedom.org\/#\/schema\/logo\/image\/","url":"https:\/\/floridareprofreedom.org\/wp-content\/uploads\/2019\/05\/Untitled.jpg","contentUrl":"https:\/\/floridareprofreedom.org\/wp-content\/uploads\/2019\/05\/Untitled.jpg","width":174,"height":180,"caption":"Floridians for Reproductive Freedom"},"image":{"@id":"https:\/\/floridareprofreedom.org\/#\/schema\/logo\/image\/"},"sameAs":["https:\/\/www.facebook.com\/FloridaReproFreedom\/","https:\/\/x.com\/FLReproFreedom","https:\/\/www.instagram.com\/floridareprofreedom\/"]}]}},"_links":{"self":[{"href":"https:\/\/floridareprofreedom.org\/zh\/wp-json\/wp\/v2\/pages\/1241","targetHints":{"allow":["GET"]}}],"collection":[{"href":"https:\/\/floridareprofreedom.org\/zh\/wp-json\/wp\/v2\/pages"}],"about":[{"href":"https:\/\/floridareprofreedom.org\/zh\/wp-json\/wp\/v2\/types\/page"}],"author":[{"embeddable":true,"href":"https:\/\/floridareprofreedom.org\/zh\/wp-json\/wp\/v2\/users\/4"}],"replies":[{"embeddable":true,"href":"https:\/\/floridareprofreedom.org\/zh\/wp-json\/wp\/v2\/comments?post=1241"}],"version-history":[{"count":14,"href":"https:\/\/floridareprofreedom.org\/zh\/wp-json\/wp\/v2\/pages\/1241\/revisions"}],"predecessor-version":[{"id":1315,"href":"https:\/\/floridareprofreedom.org\/zh\/wp-json\/wp\/v2\/pages\/1241\/revisions\/1315"}],"wp:attachment":[{"href":"https:\/\/floridareprofreedom.org\/zh\/wp-json\/wp\/v2\/media?parent=1241"}],"wp:term":[{"taxonomy":"folder","embeddable":true,"href":"https:\/\/floridareprofreedom.org\/zh\/wp-json\/wp\/v2\/folder?post=1241"}],"curies":[{"name":"wp","href":"https:\/\/api.w.org\/{rel}","templated":true}]}}