{"id":1251,"date":"2020-08-05T12:43:20","date_gmt":"2020-08-05T12:43:20","guid":{"rendered":"https:\/\/floridareprofreedom.org\/?page_id=1251"},"modified":"2020-08-05T12:43:20","modified_gmt":"2020-08-05T12:43:20","slug":"jb1","status":"publish","type":"page","link":"https:\/\/floridareprofreedom.org\/zh\/jb1\/","title":{"rendered":"\u4ec0\u4e48\u662f\u6d41\u4ea7\u7684\u66ff\u4ee3\u53f8\u6cd5\u65b9\u6848\uff1f"},"content":{"rendered":"<p><span style=\"font-weight: 400;\">\u4f5b\u7f57\u91cc\u8fbe\u5dde\u7684\u5e74\u8f7b\u4eba\u5728\u5815\u80ce\u5b9e\u8df5\u4e2d\u505a\u51fa\u4e86\u4e0e\u5bb6\u5ead\u6709\u5173\u7684\u533b\u7597\u51b3\u5b9a\uff0c\u5e76\u5728\u6cd5\u5ead\u6267\u884c\u4e2d\u9009\u62e9\u4e86\u5176\u4ed6\u53f8\u6cd5\u7ba1\u8f96\u6743\u3002\u53e6\u4e00\u79cd\u53f8\u6cd5\u8bb8\u53ef\u5141\u8bb8\u9752\u5e74\u4eba\u5728 18 \u5c81\u4e4b\u524d\u56e0\u5e72\u9884\u6559\u58eb\u800c\u6d41\u4ea7\u3002<\/span><\/p>\n<p><span style=\"font-weight: 400;\">\u6b32\u83b7\u5f97\u66ff\u4ee3\u6027\u53f8\u6cd5\u8bc9\u8bbc\uff0c\u8bf7\u5728\u6cd5\u5ead\u4e0a\u83b7\u5f97\u8bb8\u53ef\u3002\u5e02\u957f\u7684\u4e2a\u4eba\u5728\u81ea\u5df1\u7684\u8d22\u4ea7\u4e0a\u6709\u81ea\u5df1\u7684\u6743\u5229\uff0c\u4f46\u8981\u6ce8\u610f\u9690\u79c1\uff0c\u8981\u5728\u81ea\u5df1\u7684\u751f\u6d3b\u4e2d\u62e5\u6709\u5176\u4ed6\u7684\u6743\u5229\u3002\u4f5b\u7f57\u91cc\u8fbe\u5dde\u7684\u5eb7\u8fbe\u591a\u65af\u6709 20 \u6761\u8d5b\u9053\u3002\u8bf7\u53c2\u9605\u4ee5\u4e0b\u5730\u56fe\u5217\u8868\u6765\u786e\u5b9a\u751f\u547d\u5468\u671f\u3002\u8be6\u7ec6\u8bf4\u660e\u4e86\u8fd9\u4e00\u70b9\uff0c\u5e76\u8bf4\u660e\u4e86\u8fd9\u4e00\u70b9\u3002\u5bbd\u591a\u8bf7\u6c42\u5176\u4ed6\u53f8\u6cd5\u4eba\u5458\uff0c\u8003\u8651\u4e0e\u6cd5\u9662\u79d8\u4e66\u8054\u7cfb\uff0c\u4ee5\u9a8c\u8bc1\u8be5\u7a0b\u5e8f\u7684\u6b63\u786e\u6027\u548c\u6b63\u786e\u6027\u3002\u5eb7\u8fbe\u591a\u4e0e\u5eb7\u8fbe\u591a\u4e4b\u95f4\u5b58\u5728\u5dee\u5f02\u3002\u786e\u8ba4\u670d\u52a1\u3001\u4f7f\u7528\u548c\u5b89\u88c5\u7684\u9996\u8981\u4efb\u52a1\u3002\u00a0<\/span><\/p>\n<p><span style=\"font-weight: 400;\">\u5fb7\u5e03\u65af\u5b8c\u6210\u4e86\u6700\u521d\u7684\u5173\u6000\u3002\u6073\u6c42\u4e66 <\/span><a href=\"https:\/\/drive.google.com\/open?id=1viS619hMmAFomyK2ANCK1TPd-l4qF18E\"><span style=\"font-weight: 400;\">\u8fd9\u91cc\u3002<\/span><\/a><\/p>\n<p><span style=\"font-weight: 400;\">\u975e\u5e38\u611f\u8c22\uff0c\u6211\u4eec\u975e\u5e38\u5173\u5fc3\u60a8\u7684\u672a\u6765\u3002\u5728\u5176\u4ed6\u60c5\u51b5\u4e0b\uff0c\u6211\u4eec\u7684\u5b98\u5458\u5bf9\u60a8\u7684\u5173\u5fc3\u8868\u793a\u5173\u5fc3\uff0c\u5728\u5176\u4ed6\u60c5\u51b5\u4e0b\uff0c\u6211\u4eec\u5bf9\u60a8\u7684\u5173\u5fc3\u8868\u793a\u611f\u8c22\u3002\u8bf7\u60a8\u63d0\u4f9b\u5e2e\u52a9\u3002 Mira la siguiente gr\u00e1fica abajo para que sepas como llenar las solicitudes en tu condado\u3002<\/span><\/p>\n<ol>\n<li style=\"font-weight: 400;\"><span style=\"font-weight: 400;\">\u201c\u771f\u5b9e\u59d3\u540d\u548c\u5316\u540d\u7684\u5ba3\u8a93\u58f0\u660e\u201d \u2013 (Declaraci\u00f3n Jurada de Nombre Verdadero o Seud\u00f3nimo) Este documento protege tu identidad y asegura que nadie sepa que fuiste a la corte a pedir esta exenci\u00f3n\u3002\u4e0e\u5176\u4ed6\u56fd\u5bb6\u7684\u540d\u79f0\u6709\u5173\u7684\u540d\u79f0\u3002\u6211\u4eec\u5df2\u5bf9\u60a8\u63d0\u51fa\u7684\u8981\u6c42\u8fdb\u884c\u4e86\u8bf4\u660e\uff0c\u5e76\u4f7f\u7528\u4e86\u521d\u59cb\u540d\u79f0\u6216\u8bf4\u660e\u3002\u8fd9\u662f\u56e0\u4e3a\u6559\u58eb\u6216\u76d1\u62a4\u4eba\u72af\u4e86\u6d41\u4ea7\u7f6a\u3002\u00a0<\/span><\/li>\n<li style=\"font-weight: 400;\"><span style=\"font-weight: 400;\">\u201c\u53f8\u6cd5\u7ed5\u8fc7\u8bf7\u613f\u201d \u2013 Petici\u00f3n de Alternativa Judicial\uff1aEste documento es una petici\u00f3n del juez\u3002\u8bf7\u4e3a\u60a8\u7684\u6d77\u6d0b\u7f16\u5199\u9002\u5f53\u7684\u7533\u8bf7\u6216\u8fde\u7eed\u7684\u7533\u8bf7\u6216\u60a8\u7684\u7533\u8bf7\u3002 La Misma \u5305\u62ec\uff1a\u00a0<\/span>\n<ol>\n<li style=\"font-weight: 400;\"><span style=\"font-weight: 400;\">\u4f60\u7684\u540d\u5b57\uff08cualquiera que escojas en tu Declaraci\u00f3n Jurada de Nombre Verdadero o pseud\u00f3nimo\uff09\u3002<\/span><\/li>\n<li style=\"font-weight: 400;\"><span style=\"font-weight: 400;\">\u00a0\u57c3\u8fbe\u5fb7<\/span><\/li>\n<li style=\"font-weight: 400;\"><span style=\"font-weight: 400;\">\u6211\u4eec\u58f0\u660e\uff0c\u6211\u4eec\u7981\u6b62\u5815\u80ce\uff0c\u6211\u4eec\u7684\u6559\u58eb\u4e0d\u5141\u8bb8\u5815\u80ce\uff0c\u4e5f\u4e0d\u5141\u8bb8\u6211\u4eec\u5b9e\u884c\u5815\u80ce\u3002\u00a0<\/span><\/li>\n<li style=\"font-weight: 400;\"><span style=\"font-weight: 400;\">\u58f0\u660e\u7ec8\u6b62\u5bf9\u6559\u58eb\u6216\u76d1\u62a4\u4eba\u7684\u4fae\u8fb1\u00a0<\/span><\/li>\n<li style=\"font-weight: 400;\"><span style=\"font-weight: 400;\">Una explicaci\u00f3n de porqu\u00e9 quieres interrumpir tu embarazo\u3002\u6211\u4eec\u5c06\u91c7\u53d6\u5176\u4ed6\u53f8\u6cd5\u63aa\u65bd\u3002 Debes Probar una de esas tres razones\u3002\u5982\u679c\u60a8\u9009\u62e9\u4e86\u5176\u4ed6\u5e94\u7528\u7a0b\u5e8f\uff0c\u5219\u8be5\u5e94\u7528\u7a0b\u5e8f\u7684\u540d\u79f0\u5c06\u88ab\u660e\u786e\u8bf4\u660e\u3002 Las tres razones son: 1) eres suficiente madura o (maduro) para decidir site haces un aborto 2) eres v\u00edctima de abusodom\u00e9stico o Sex departe de tus padres o custodios o 3) notificar a uno de tus padres o custodios no es una alternativa que velar\u00e1 por tus\u4e3b\u8981\u5174\u8da3\u3002<\/span><\/li>\n<\/ol>\n<\/li>\n<\/ol>\n<p><span style=\"font-weight: 400;\">\u6cd5\u5ead\u8054\u7cfb\u65b9\u5f0f\u662f\uff0c\u6211\u4eec\u5c06\u5728\u79c1\u4eba\u542c\u8bc1\u4f1a\u4e0a\u534f\u8c03\u5e76\u63d0\u4f9b\u5145\u5206\u7684\u4fe1\u606f\uff0c\u5e76\u5728\u7d27\u6025\u60c5\u51b5\u4e0b\u63d0\u4f9b\u5145\u5206\u7684\u4fe1\u606f\u3002\u00a0<\/span><\/p>\n<p><span style=\"font-weight: 400;\">\u8bbf\u95ee\u9875\u9762\u65f6\u5e94\u8003\u8651\u7684\u66f4\u591a\u8be6\u7ec6\u4fe1\u606f\uff1a <\/span><span style=\"font-weight: 400;\">\u00bf<\/span><a href=\"https:\/\/docs.google.com\/document\/d\/1gKdZWhxA6vWq61MQlltSlIT6OnKWRn-mpuE8VF7EjgY\/edit?usp=sharing\"><span style=\"font-weight: 400;\">\u6258\u9a6c\u62c9\u8003\u8651\u4e86\u80e1\u57c3\u65af<\/span><\/a><span style=\"font-weight: 400;\">?<\/span><\/p>\n<p><span style=\"font-weight: 400;\">**\u5982\u679c\u60a8\u9700\u8981\u8003\u8651\u4e0e\u6559\u58eb\u4eec\u7684\u51b3\u5b9a\uff0c\u8bf7\u4e0e\u6211\u4eec\u4e00\u8d77\u8003\u8651\uff0c\u5e76\u4e0e\u6211\u4eec\u4e00\u8d77\u8003\u8651 <\/span><a href=\"https:\/\/janesdueprocess.org\/blog\/talking-to-parents-about-abortion\/\"><span style=\"font-weight: 400;\">\u6bd4\u7279\u79d1\u62c9 <\/span><\/a><span style=\"font-weight: 400;\">creada por nuestros aliados\uff0c\u7b80\u7684\u6b63\u5f53\u7a0b\u5e8f\u3002\u00a0<\/span><\/p>\n<p><img fetchpriority=\"high\" decoding=\"async\" class=\"alignnone size-full wp-image-1001\" src=\"https:\/\/floridareprofreedom.org\/wp-content\/uploads\/2020\/05\/flcircuitmap.jpeg\" alt=\"\" width=\"465\" height=\"390\" srcset=\"https:\/\/floridareprofreedom.org\/wp-content\/uploads\/2020\/05\/flcircuitmap.jpeg 465w, https:\/\/floridareprofreedom.org\/wp-content\/uploads\/2020\/05\/flcircuitmap-300x252.jpeg 300w\" sizes=\"(max-width: 465px) 100vw, 465px\" \/><\/p>\n<p><iframe src=\"https:\/\/docs.google.com\/spreadsheets\/d\/e\/2PACX-1vQB6krgtRma-96mkc9NufqrFn2t3gYItPYTXhaTc_euzRTZEXyRs9x90T-YutHr6CS_eNVijuyheuHR\/pubhtml?gid=1415876535&amp;single=true&amp;widget=true&amp;headers=false\" width=\"850\" height=\"1200\"><\/iframe><\/p>\n<p style=\"text-align: center;\"><a href=\"https:\/\/floridareprofreedom.org\/zh\/%e4%bd%9b%e7%bd%97%e9%87%8c%e8%be%be%e5%b7%9e%e6%9b%bf%e4%bb%a3%e5%8f%b8%e6%b3%95\/\">\u8fd4\u56de\u9996\u9875<\/a>\u00a0 \u00a0 |\u00a0 <a href=\"https:\/\/floridareprofreedom.org\/zh\/jb2\/\">\u4e0b\u4e00\u9875<\/a><\/p>\n<p><b>\u76f8\u5173\u95ee\u9898<\/b><\/p>\n<ol>\n<li style=\"font-weight: 400;\"><span style=\"font-weight: 400;\"><a href=\"https:\/\/floridareprofreedom.org\/zh\/jb1\/\">\u00bf<\/a><a href=\"https:\/\/floridareprofreedom.org\/zh\/jb1\/\">\u5bf9\u4e8e\u6d41\u4ea7\u7684\u5fc5\u8981\u6027\uff0c\u8fd8\u6709\u5176\u4ed6\u53f8\u6cd5\u9014\u5f84\u5417\uff1f<\/a><\/span><\/li>\n<li style=\"font-weight: 400;\"><a href=\"https:\/\/floridareprofreedom.org\/zh\/jb2\/\"><span style=\"font-weight: 400;\">\u00bf<\/span><span style=\"font-weight: 400;\">\u6d41\u4ea7\u65f6\u4f1a\u6d41\u4ea7\u5417\uff1f<\/span><\/a><\/li>\n<li style=\"font-weight: 400;\"><a href=\"https:\/\/floridareprofreedom.org\/zh\/jb3\/\"><span style=\"font-weight: 400;\">\u00bf<\/span><span style=\"font-weight: 400;\">\u5173\u4e8e\u516c\u5f0f\u7684\u77e5\u8bc6<\/span><span style=\"font-weight: 400;\">?<\/span><\/a><\/li>\n<li style=\"font-weight: 400;\"><a href=\"https:\/\/floridareprofreedom.org\/zh\/jb4\/\"><span style=\"font-weight: 400;\">\u60a8\u662f\u5426\u8003\u8651\u8fc7\u505a\u51fa\u51b3\u5b9a\uff1f<\/span><\/a><\/li>\n<li style=\"font-weight: 400;\"><a href=\"https:\/\/floridareprofreedom.org\/zh\/jb5\/\"><span style=\"font-weight: 400;\">\u00bfNecesito un abogado?<\/span><\/a><\/li>\n<li style=\"font-weight: 400;\"><a href=\"https:\/\/floridareprofreedom.org\/zh\/jb6\/\"><span style=\"font-weight: 400;\">\u00bf<\/span><span style=\"font-weight: 400;\">Cu\u00e1nto tarda conseguir una alternativa \u53f8\u6cd5\uff1f<\/span><\/a><\/li>\n<li style=\"font-weight: 400;\"><a href=\"https:\/\/floridareprofreedom.org\/zh\/jb7\/\"><span style=\"font-weight: 400;\">\u00bf<\/span><span style=\"font-weight: 400;\">Cu\u00e1ntouesta conseguir una alternativa \u53f8\u6cd5\uff1f<\/span><\/a><\/li>\n<li style=\"font-weight: 400;\"><a href=\"https:\/\/floridareprofreedom.org\/zh\/jb8\/\"><span style=\"font-weight: 400;\">\u00bf<\/span><span style=\"font-weight: 400;\">Qui\u00e9nes sabr\u00e1n si he logrado obtener una Alternative Justice\uff1f<\/span><\/a><\/li>\n<li style=\"font-weight: 400;\"><a href=\"https:\/\/floridareprofreedom.org\/zh\/jb9\/\"><span style=\"font-weight: 400;\">\u00bf<\/span><span style=\"font-weight: 400;\">\u6211\u60f3\u8981\u4ec0\u4e48\uff1f<\/span><\/a><\/li>\n<li style=\"font-weight: 400;\"><a href=\"https:\/\/floridareprofreedom.org\/zh\/jb10\/\"><span style=\"font-weight: 400;\">\u00bf<\/span><span style=\"font-weight: 400;\">Qu\u00e9vestimenta debo usar para ir a la corte\uff1f<\/span><\/a><\/li>\n<li style=\"font-weight: 400;\"><a href=\"https:\/\/floridareprofreedom.org\/zh\/jb11\/\"><span style=\"font-weight: 400;\">\u00bf<\/span><span style=\"font-weight: 400;\">\u600e\u6837\u624d\u80fd\u8ba9\u89c2\u4f17\u5728\u4e00\u5929\u4e2d\u7684\u8bfe\u7a0b\u4e2d\u53d7\u76ca<\/span><span style=\"font-weight: 400;\">?<\/span><\/a><\/li>\n<li style=\"font-weight: 400;\"><a href=\"https:\/\/floridareprofreedom.org\/zh\/jb12\/\"><span style=\"font-weight: 400;\">\u00bf<\/span><span style=\"font-weight: 400;\">La persona involucrada en mi embarazo tiene potestad para decidir sobre si debo o no practicarme un aborto<\/span><\/a><span style=\"font-weight: 400;\">?\u00a0<\/span><\/li>\n<li style=\"font-weight: 400;\"><a href=\"https:\/\/floridareprofreedom.org\/zh\/jb13\/\"><span style=\"font-weight: 400;\">\u00a0<\/span><span style=\"font-weight: 400;\">\u00bf<\/span><span style=\"font-weight: 400;\">\u90a3\u4e48\uff0c\u7f8e\u56fd\u516c\u6c11\u662f\u5426\u53ef\u4ee5\u5815\u80ce\u5462\uff1f <\/span><span style=\"font-weight: 400;\">\u00bf<\/span><span style=\"font-weight: 400;\">\u4f60\u662f\u5426\u6ca1\u6709 puedo comunicarme en ingl\u00e9s\uff1f\u00a0<\/span><\/a><\/li>\n<li style=\"font-weight: 400;\"><a href=\"https:\/\/floridareprofreedom.org\/zh\/jb14\/\"><span style=\"font-weight: 400;\">\u00bf<\/span><span style=\"font-weight: 400;\">\u662f\u5426\u8981\u505a\u51fa\u66ff\u4ee3\u6027\u53f8\u6cd5\u51b3\u5b9a\uff1f<\/span><\/a><\/li>\n<li><a href=\"https:\/\/floridareprofreedom.org\/zh\/jb15\/\"><span style=\"font-weight: 400;\">\u00bf<\/span><span style=\"font-weight: 400;\">Qu\u00e9 pasa si el juez niega mi petici\u00f3n<\/span><span style=\"font-weight: 400;\">?<\/span><\/a><\/li>\n<\/ol>","protected":false},"excerpt":{"rendered":"<p>Cuando un joven floridano no puede hablar con su familia sobre sus decisiones m\u00e9dicas como la de practicarse un aborto, tiene la opci\u00f3n de conseguir una alternativa judicial conocida tambi\u00e9n como una exenci\u00f3n de la corte. Una alternativa judicial le permite a los j\u00f3venes menores de 18 a\u00f1os realizarse un aborto sin la intervenci\u00f3n de [&hellip;]<\/p>\n","protected":false},"author":4,"featured_media":0,"parent":0,"menu_order":0,"comment_status":"closed","ping_status":"closed","template":"","meta":{"footnotes":""},"folder":[9],"class_list":["post-1251","page","type-page","status-publish","hentry"],"yoast_head":"<!-- This site is optimized with the Yoast SEO plugin v27.3 - https:\/\/yoast.com\/product\/yoast-seo-wordpress\/ -->\n<title>\u00bfQu\u00e9 es una alternativa judicial para poder hacerme un aborto? - Floridians For Reproductive Freedom<\/title>\n<meta name=\"robots\" content=\"index, follow, max-snippet:-1, max-image-preview:large, max-video-preview:-1\" \/>\n<link rel=\"canonical\" href=\"https:\/\/floridareprofreedom.org\/zh\/jb1\/\" \/>\n<meta property=\"og:locale\" content=\"zh_CN\" \/>\n<meta property=\"og:type\" content=\"article\" \/>\n<meta property=\"og:title\" content=\"\u00bfQu\u00e9 es una alternativa judicial para poder hacerme un aborto? - Floridians For Reproductive Freedom\" \/>\n<meta property=\"og:description\" content=\"Cuando un joven floridano no puede hablar con su familia sobre sus decisiones m\u00e9dicas como la de practicarse un aborto, tiene la opci\u00f3n de conseguir una alternativa judicial conocida tambi\u00e9n como una exenci\u00f3n de la corte. Una alternativa judicial le permite a los j\u00f3venes menores de 18 a\u00f1os realizarse un aborto sin la intervenci\u00f3n de [&hellip;]\" \/>\n<meta property=\"og:url\" content=\"https:\/\/floridareprofreedom.org\/zh\/jb1\/\" \/>\n<meta property=\"og:site_name\" content=\"Floridians For Reproductive Freedom\" \/>\n<meta property=\"article:publisher\" content=\"https:\/\/www.facebook.com\/FloridaReproFreedom\/\" \/>\n<meta property=\"og:image\" content=\"https:\/\/floridareprofreedom.org\/wp-content\/uploads\/2020\/05\/flcircuitmap.jpeg\" \/>\n<meta name=\"twitter:card\" content=\"summary_large_image\" \/>\n<meta name=\"twitter:site\" content=\"@FLReproFreedom\" \/>\n<meta name=\"twitter:label1\" content=\"\u9884\u8ba1\u9605\u8bfb\u65f6\u95f4\" \/>\n\t<meta name=\"twitter:data1\" content=\"4 \u5206\" \/>\n<script type=\"application\/ld+json\" class=\"yoast-schema-graph\">{\"@context\":\"https:\\\/\\\/schema.org\",\"@graph\":[{\"@type\":\"WebPage\",\"@id\":\"https:\\\/\\\/floridareprofreedom.org\\\/jb1\\\/\",\"url\":\"https:\\\/\\\/floridareprofreedom.org\\\/jb1\\\/\",\"name\":\"\u00bfQu\u00e9 es una alternativa judicial para poder hacerme un aborto? - Floridians For Reproductive Freedom\",\"isPartOf\":{\"@id\":\"https:\\\/\\\/floridareprofreedom.org\\\/#website\"},\"primaryImageOfPage\":{\"@id\":\"https:\\\/\\\/floridareprofreedom.org\\\/jb1\\\/#primaryimage\"},\"image\":{\"@id\":\"https:\\\/\\\/floridareprofreedom.org\\\/jb1\\\/#primaryimage\"},\"thumbnailUrl\":\"https:\\\/\\\/floridareprofreedom.org\\\/wp-content\\\/uploads\\\/2020\\\/05\\\/flcircuitmap.jpeg\",\"datePublished\":\"2020-08-05T12:43:20+00:00\",\"breadcrumb\":{\"@id\":\"https:\\\/\\\/floridareprofreedom.org\\\/jb1\\\/#breadcrumb\"},\"inLanguage\":\"zh-Hans\",\"potentialAction\":[{\"@type\":\"ReadAction\",\"target\":[\"https:\\\/\\\/floridareprofreedom.org\\\/jb1\\\/\"]}]},{\"@type\":\"ImageObject\",\"inLanguage\":\"zh-Hans\",\"@id\":\"https:\\\/\\\/floridareprofreedom.org\\\/jb1\\\/#primaryimage\",\"url\":\"https:\\\/\\\/floridareprofreedom.org\\\/wp-content\\\/uploads\\\/2020\\\/05\\\/flcircuitmap.jpeg\",\"contentUrl\":\"https:\\\/\\\/floridareprofreedom.org\\\/wp-content\\\/uploads\\\/2020\\\/05\\\/flcircuitmap.jpeg\"},{\"@type\":\"BreadcrumbList\",\"@id\":\"https:\\\/\\\/floridareprofreedom.org\\\/jb1\\\/#breadcrumb\",\"itemListElement\":[{\"@type\":\"ListItem\",\"position\":1,\"name\":\"Home\",\"item\":\"https:\\\/\\\/floridareprofreedom.org\\\/\"},{\"@type\":\"ListItem\",\"position\":2,\"name\":\"\u00bfQu\u00e9 es una alternativa judicial para poder hacerme un aborto?\"}]},{\"@type\":\"WebSite\",\"@id\":\"https:\\\/\\\/floridareprofreedom.org\\\/#website\",\"url\":\"https:\\\/\\\/floridareprofreedom.org\\\/\",\"name\":\"Floridians For Reproductive Freedom\",\"description\":\"Advocating for convenient, affordable, and safe access to reproductive health care, including abortion.\",\"publisher\":{\"@id\":\"https:\\\/\\\/floridareprofreedom.org\\\/#organization\"},\"potentialAction\":[{\"@type\":\"SearchAction\",\"target\":{\"@type\":\"EntryPoint\",\"urlTemplate\":\"https:\\\/\\\/floridareprofreedom.org\\\/?s={search_term_string}\"},\"query-input\":{\"@type\":\"PropertyValueSpecification\",\"valueRequired\":true,\"valueName\":\"search_term_string\"}}],\"inLanguage\":\"zh-Hans\"},{\"@type\":\"Organization\",\"@id\":\"https:\\\/\\\/floridareprofreedom.org\\\/#organization\",\"name\":\"Floridians for Reproductive Freedom\",\"url\":\"https:\\\/\\\/floridareprofreedom.org\\\/\",\"logo\":{\"@type\":\"ImageObject\",\"inLanguage\":\"zh-Hans\",\"@id\":\"https:\\\/\\\/floridareprofreedom.org\\\/#\\\/schema\\\/logo\\\/image\\\/\",\"url\":\"https:\\\/\\\/floridareprofreedom.org\\\/wp-content\\\/uploads\\\/2019\\\/05\\\/Untitled.jpg\",\"contentUrl\":\"https:\\\/\\\/floridareprofreedom.org\\\/wp-content\\\/uploads\\\/2019\\\/05\\\/Untitled.jpg\",\"width\":174,\"height\":180,\"caption\":\"Floridians for Reproductive Freedom\"},\"image\":{\"@id\":\"https:\\\/\\\/floridareprofreedom.org\\\/#\\\/schema\\\/logo\\\/image\\\/\"},\"sameAs\":[\"https:\\\/\\\/www.facebook.com\\\/FloridaReproFreedom\\\/\",\"https:\\\/\\\/x.com\\\/FLReproFreedom\",\"https:\\\/\\\/www.instagram.com\\\/floridareprofreedom\\\/\"]}]}<\/script>\n<!-- \/ Yoast SEO plugin. -->","yoast_head_json":{"title":"\u4ec0\u4e48\u662f\u6d41\u4ea7\u7684\u66ff\u4ee3\u53f8\u6cd5\u65b9\u6848\uff1f - \u4f5b\u7f57\u91cc\u8fbe\u4eba\u4e89\u53d6\u751f\u6b96\u81ea\u7531","robots":{"index":"index","follow":"follow","max-snippet":"max-snippet:-1","max-image-preview":"max-image-preview:large","max-video-preview":"max-video-preview:-1"},"canonical":"https:\/\/floridareprofreedom.org\/zh\/jb1\/","og_locale":"zh_CN","og_type":"article","og_title":"\u00bfQu\u00e9 es una alternativa judicial para poder hacerme un aborto? - Floridians For Reproductive Freedom","og_description":"Cuando un joven floridano no puede hablar con su familia sobre sus decisiones m\u00e9dicas como la de practicarse un aborto, tiene la opci\u00f3n de conseguir una alternativa judicial conocida tambi\u00e9n como una exenci\u00f3n de la corte. Una alternativa judicial le permite a los j\u00f3venes menores de 18 a\u00f1os realizarse un aborto sin la intervenci\u00f3n de [&hellip;]","og_url":"https:\/\/floridareprofreedom.org\/zh\/jb1\/","og_site_name":"Floridians For Reproductive Freedom","article_publisher":"https:\/\/www.facebook.com\/FloridaReproFreedom\/","og_image":[{"url":"https:\/\/floridareprofreedom.org\/wp-content\/uploads\/2020\/05\/flcircuitmap.jpeg","type":"","width":"","height":""}],"twitter_card":"summary_large_image","twitter_site":"@FLReproFreedom","twitter_misc":{"\u9884\u8ba1\u9605\u8bfb\u65f6\u95f4":"4 \u5206"},"schema":{"@context":"https:\/\/schema.org","@graph":[{"@type":"WebPage","@id":"https:\/\/floridareprofreedom.org\/jb1\/","url":"https:\/\/floridareprofreedom.org\/jb1\/","name":"\u4ec0\u4e48\u662f\u6d41\u4ea7\u7684\u66ff\u4ee3\u53f8\u6cd5\u65b9\u6848\uff1f - \u4f5b\u7f57\u91cc\u8fbe\u4eba\u4e89\u53d6\u751f\u6b96\u81ea\u7531","isPartOf":{"@id":"https:\/\/floridareprofreedom.org\/#website"},"primaryImageOfPage":{"@id":"https:\/\/floridareprofreedom.org\/jb1\/#primaryimage"},"image":{"@id":"https:\/\/floridareprofreedom.org\/jb1\/#primaryimage"},"thumbnailUrl":"https:\/\/floridareprofreedom.org\/wp-content\/uploads\/2020\/05\/flcircuitmap.jpeg","datePublished":"2020-08-05T12:43:20+00:00","breadcrumb":{"@id":"https:\/\/floridareprofreedom.org\/jb1\/#breadcrumb"},"inLanguage":"zh-Hans","potentialAction":[{"@type":"ReadAction","target":["https:\/\/floridareprofreedom.org\/jb1\/"]}]},{"@type":"ImageObject","inLanguage":"zh-Hans","@id":"https:\/\/floridareprofreedom.org\/jb1\/#primaryimage","url":"https:\/\/floridareprofreedom.org\/wp-content\/uploads\/2020\/05\/flcircuitmap.jpeg","contentUrl":"https:\/\/floridareprofreedom.org\/wp-content\/uploads\/2020\/05\/flcircuitmap.jpeg"},{"@type":"BreadcrumbList","@id":"https:\/\/floridareprofreedom.org\/jb1\/#breadcrumb","itemListElement":[{"@type":"ListItem","position":1,"name":"Home","item":"https:\/\/floridareprofreedom.org\/"},{"@type":"ListItem","position":2,"name":"\u00bfQu\u00e9 es una alternativa judicial para poder hacerme un aborto?"}]},{"@type":"WebSite","@id":"https:\/\/floridareprofreedom.org\/#website","url":"https:\/\/floridareprofreedom.org\/","name":"\u4f5b\u7f57\u91cc\u8fbe\u5dde\u751f\u6b96\u81ea\u7531\u534f\u4f1a","description":"\u5021\u5bfc\u63d0\u4f9b\u4fbf\u6377\u3001\u7ecf\u6d4e\u3001\u5b89\u5168\u7684\u751f\u6b96\u5065\u5eb7\u670d\u52a1\uff0c\u5305\u62ec\u5815\u80ce\u3002","publisher":{"@id":"https:\/\/floridareprofreedom.org\/#organization"},"potentialAction":[{"@type":"SearchAction","target":{"@type":"EntryPoint","urlTemplate":"https:\/\/floridareprofreedom.org\/?s={search_term_string}"},"query-input":{"@type":"PropertyValueSpecification","valueRequired":true,"valueName":"search_term_string"}}],"inLanguage":"zh-Hans"},{"@type":"Organization","@id":"https:\/\/floridareprofreedom.org\/#organization","name":"\u4f5b\u7f57\u91cc\u8fbe\u5dde\u751f\u6b96\u81ea\u7531\u534f\u4f1a","url":"https:\/\/floridareprofreedom.org\/","logo":{"@type":"ImageObject","inLanguage":"zh-Hans","@id":"https:\/\/floridareprofreedom.org\/#\/schema\/logo\/image\/","url":"https:\/\/floridareprofreedom.org\/wp-content\/uploads\/2019\/05\/Untitled.jpg","contentUrl":"https:\/\/floridareprofreedom.org\/wp-content\/uploads\/2019\/05\/Untitled.jpg","width":174,"height":180,"caption":"Floridians for Reproductive Freedom"},"image":{"@id":"https:\/\/floridareprofreedom.org\/#\/schema\/logo\/image\/"},"sameAs":["https:\/\/www.facebook.com\/FloridaReproFreedom\/","https:\/\/x.com\/FLReproFreedom","https:\/\/www.instagram.com\/floridareprofreedom\/"]}]}},"_links":{"self":[{"href":"https:\/\/floridareprofreedom.org\/zh\/wp-json\/wp\/v2\/pages\/1251","targetHints":{"allow":["GET"]}}],"collection":[{"href":"https:\/\/floridareprofreedom.org\/zh\/wp-json\/wp\/v2\/pages"}],"about":[{"href":"https:\/\/floridareprofreedom.org\/zh\/wp-json\/wp\/v2\/types\/page"}],"author":[{"embeddable":true,"href":"https:\/\/floridareprofreedom.org\/zh\/wp-json\/wp\/v2\/users\/4"}],"replies":[{"embeddable":true,"href":"https:\/\/floridareprofreedom.org\/zh\/wp-json\/wp\/v2\/comments?post=1251"}],"version-history":[{"count":1,"href":"https:\/\/floridareprofreedom.org\/zh\/wp-json\/wp\/v2\/pages\/1251\/revisions"}],"predecessor-version":[{"id":1260,"href":"https:\/\/floridareprofreedom.org\/zh\/wp-json\/wp\/v2\/pages\/1251\/revisions\/1260"}],"wp:attachment":[{"href":"https:\/\/floridareprofreedom.org\/zh\/wp-json\/wp\/v2\/media?parent=1251"}],"wp:term":[{"taxonomy":"folder","embeddable":true,"href":"https:\/\/floridareprofreedom.org\/zh\/wp-json\/wp\/v2\/folder?post=1251"}],"curies":[{"name":"wp","href":"https:\/\/api.w.org\/{rel}","templated":true}]}}