{"id":1255,"date":"2020-08-05T12:10:44","date_gmt":"2020-08-05T12:10:44","guid":{"rendered":"https:\/\/floridareprofreedom.org\/?page_id=1255"},"modified":"2020-08-05T12:37:05","modified_gmt":"2020-08-05T12:37:05","slug":"jb4","status":"publish","type":"page","link":"https:\/\/floridareprofreedom.org\/zh\/jb4\/","title":{"rendered":"\u00bfQu\u00e9 tomar\u00e1 en thinkaci\u00f3n el juez\uff1f"},"content":{"rendered":"<p><span style=\"font-weight: 400;\">Hay tres razones principles que un juez toma encuenta a la hora de conceder una Alternative Justice. Para lograrlo\uff0ctienes que probar por lo menos una de esas tres razones\u3002\u5982\u679c\u4f60\u6709\u8fd9\u6837\u7684\u60f3\u6cd5\uff0c\u90a3\u4e48\u4f60\u5c31\u53ef\u4ee5\u660e\u767d\u8fd9\u4e00\u70b9\u3002 Las tres razones principales \u513f\u5b50\uff1a\u00a0<\/span><\/p>\n<p><span style=\"font-weight: 400;\"><strong>\u9a6c\u675c\u62c9\u8db3\u591f\u4e86\uff1a<\/strong> <\/span><\/p>\n<p><span style=\"font-weight: 400;\">\u663e\u7136\uff0c\u9700\u8981\u63d0\u51fa\u201c\u8bc1\u636e\u660e\u786e\u5e76\u4ee4\u4eba\u4fe1\u670d\u201d\u3002\u8fd9\u5f88\u91cd\u8981\uff0c\u8fd9\u5c31\u662f\u6211\u4eec\u4e3a\u81ea\u5df1\u505a\u51fa\u7684\u51b3\u5b9a\u3002\u00a0<\/span><\/p>\n<p><span style=\"font-weight: 400;\">\u4f5b\u7f57\u91cc\u8fbe\u5dde\u4f5c\u51fa\u5145\u5206\u51b3\u5b9a\u7684\u51b3\u5b9a\u6027\u56e0\u7d20\u5305\u62ec\uff1a1) \u6559\u80b2 2) \u667a\u529b 3) \u60c5\u611f\u5efa\u7acb 4) \u53ef\u4fe1 5) \u63a5\u53d7\u8d23\u4efb\u7684\u80fd\u529b 6) \u8003\u8651\u540e\u679c\u7684\u80fd\u529bCorto Como a largo plazo de tener un aborto 6) \u80fd\u591f\u7406\u89e3\u5e76\u89e3\u91ca\u7ec8\u6b62\u598a\u5a20\u7684\u533b\u7597\u6761\u4ef6\u4ee5\u53ca\u80fd\u591f\u505a\u51fa\u51b3\u5b9a\u7684\u80fd\u529b\u3002\u00a0<\/span><\/p>\n<p><span style=\"font-weight: 400;\">\u91cd\u8981\u7684\u662f\u51b3\u5b9a\u4e0d\u5b58\u5728\u201c\u5916\u90e8\u5f71\u54cd\u201d\uff0c\u4ece\u800c\u5f71\u54cd\u4e2d\u95f4\u51b3\u7b56\u7684\u5f71\u54cd\u3002 \u201c\u5916\u90e8\u5f71\u54cd\u201d\u662f\u6307\u5176\u4ed6\u4eba\u7269\u6216\u4eba\u7269\u662f\u4e3a\u4e86\u505a\u51fa\u4e00\u7cfb\u5217\u51b3\u5b9a\u800c\u505a\u51fa\u7684\u51b3\u5b9a\u3002\u00a0<\/span><\/p>\n<p><span style=\"font-weight: 400;\">\u4f8b\u5982\uff0c\u5728\u65b0\u7684\u60c5\u51b5\u4e0b\uff0c\u670b\u53cb\u548c\u5176\u4ed6\u4eba\u4f1a\u5728\u4e2d\u6b62\u7684\u60c5\u51b5\u4e0b\u8fdb\u884c\u534f\u5546\uff0c\u56e0\u6b64\u4e0d\u5b58\u5728\u5b9e\u9645\u60c5\u51b5\uff0c\u8bf7\u8003\u8651\u5728\u505a\u51fa\u8ba9\u6b65\u6216\u91cd\u65b0\u9009\u62e9\u53f8\u6cd5\u65f6\u505a\u51fa\u51b3\u5b9a\u7684\u65f6\u95f4\u3002<\/span><\/p>\n<ul>\n<li style=\"font-weight: 400;\"><span style=\"font-weight: 400;\">\u8fd9\u5c31\u662f\u5728\u5bf9\u6559\u58eb\u8fdb\u884c\u5e72\u9884\u7684\u8fc7\u7a0b\u4e2d\uff0c\u5145\u5206\u4e86\u89e3\u9a6c\u675c\u62c9\u7684\u60c5\u51b5\uff1a\u8bc1\u660e\u5b66\u751f\u7684\u5165\u5b66\u4fe1\u606f\u3001\u793e\u533a\u5b66\u4e60\u3001\u52b3\u52a8\u548c\u98de\u673a\u7ecf\u9a8c\u5177\u4f53\u662f\u5e2e\u52a9\u5927\u5b66\u7684\u672a\u6765\u6216\u6e34\u671b\u5b8c\u6210\u5361\u96f7\u62c9\u804c\u4e1a\u3002<\/span><\/li>\n<li style=\"font-weight: 400;\"><span style=\"font-weight: 400;\">\u6211\u5df2\u7ecf\u51b3\u5b9a\u4e0e\u5176\u4ed6\u6210\u4eba\u534f\u5546\u3002\u9002\u5408\u9752\u5c11\u5e74\u7684\u679c\u6c41\uff0c\u9002\u5408\u9752\u5c11\u5e74\u7684\u6cbb\u7597\u7cfb\u7edf\uff0c\u60a3\u8005\u7684\u89d2\u8272\u5305\u62ec\u5b58\u5728\u7684\u533b\u7597\u5e76\u53d1\u75c7\u6216\u6d41\u4ea7\u7684\u5fc3\u7406\u95ee\u9898\uff0c\u60a8\u662f\u5bb6\u5ead\u4e2d\u7684\u4e00\u5458\uff0c\u6210\u4eba\u7684\u670b\u53cb\u6216\u987e\u95ee\u3002<\/span><\/li>\n<li style=\"font-weight: 400;\"><span style=\"font-weight: 400;\">\u6211\u4eec\u4e3a\u6d41\u4ea7\u6210\u672c\u505a\u597d\u4e86\u51c6\u5907\uff0c\u4e3a\u6559\u7236\u4eec\u505a\u597d\u51c6\u5907\u3002\u00a0<\/span><\/li>\n<li style=\"font-weight: 400;\"><span style=\"font-weight: 400;\">Un juez puede que quiera saber site te has reunido con un doctor y si est\u00e1s consciente sobre c\u00f3mo es el procedimiento m\u00e9dico y cu\u00e1les son los riesgos de hacerse un aborto.<\/span><\/li>\n<li style=\"font-weight: 400;\"><span style=\"font-weight: 400;\">\u963f\u5c14\u53e4\u7eb3\u65af\u51b3\u5b9a\u51b3\u5b9a\uff0c\u9a6c\u675c\u7f57\u5fc5\u987b\u5728\u540c\u610f\u6559\u58eb\u540c\u610f\u7684\u60c5\u51b5\u4e0b\u5815\u80ce\u3002 Esto cuando los j\u00f3venes no pueden demostrar lo siguiente: 1) no tienen conocimiento espec\u00edfico o inmediato de los riesgos fisicos a largo plazo, riesgos emocionales o sicol\u00f3gicos de hacerse un aborto 2) evidencia de que hanbuscado consejo emocional o apoyo de alg\u00fan Adulto 3) qu\u00e9 hacer en caso de que surjan complicaciones m\u00e9dicas or emocionales despu\u00e9s del aborto 4) conocimiento sobre la experience de hacerse un aborto y las posibles complicaciones\u00a0<\/span><\/li>\n<\/ul>\n<p><span style=\"font-weight: 400;\">\u4f5b\u7f57\u91cc\u8fbe\u8bae\u4f1a\u51b3\u5b9a\u4e86\u4e00\u4e2a\u4eba\u7684\u6027\u683c\uff0c\u9700\u8981\u8003\u8651\u4ee5\u4e0b\u56e0\u7d20\uff1a\u5408\u6210\u3001\u5206\u6790\u80fd\u529b\u3001\u8ba4\u8bc6\u3001\u58f0\u97f3\u3001\u5e8f\u5217\u3001\u8868\u8fbe\u3001\u5173\u8282\u80fd\u529b\u548c\u7ed3\u8bba\u3002\u62c9\u65af\u79d1\u5c14\u7279\u65af\u963f\u5fb7\u739b\u65af\u8003\u8651\u52b3\u52a8\u7ecf\u9a8c\uff0c\u751f\u6d3b\u5bcc\u57c3\u62c9\u4e4b\u5bb6\u7684\u6559\u58eb\u6216\u9a6c\u5185\u8a79\u591a\u8d22\u52a1\u3002\u00a0<\/span><\/p>\n<ul>\n<li style=\"font-weight: 400;\"><span style=\"font-weight: 400;\">\u5e74\u8f7b\u65f6\uff0c\u9a6c\u675c\u96f7\u65af\u7684\u51b3\u5b9a\u53d6\u51b3\u4e8e\u4e2a\u4eba\u7684\u60c5\u51b5\u548c\u751f\u6d3b\u7684\u5386\u53f2\uff0c\u4ee5\u53ca\u9a6c\u675c\u96f7\u65af\u7684\u552f\u4e00\u6807\u51c6\u3002\u00a0<\/span><\/li>\n<\/ul>\n<p><strong>Si est\u00e1s siendo abusado:\u00a0<\/strong><\/p>\n<p><span style=\"font-weight: 400;\">\u5982\u679c\u6709\u53ef\u80fd\u6ee5\u7528\u6559\u58eb\u6216\u76d1\u62a4\u4eba\uff0c\u5219\u5fc5\u987b\u5148\u8fdb\u884c\u201c\u8bc1\u636e\u4f18\u52bf\u201d\u3002\u8fd9\u662f\u91cd\u8981\u7684\uff0c\u5b83\u9700\u8981\u60a8\u7684\u89c1\u8bc1\u3002\u89e3\u51b3\u8fd9\u4e00\u95ee\u9898\u7684\u5177\u4f53\u7ec6\u8282\u662f\u5f88\u56f0\u96be\u7684\uff0c\u56e0\u4e3a\u5b83\u53ef\u80fd\u4f1a\u5bfc\u81f4\u4e2d\u95f4\u7684\u5c34\u5c2c\u3002\u8bf7\u6ce8\u610f\uff0c\u5982\u679c\u4f60\u7684\u5b69\u5b50\u6709\u6ee5\u7528\u963f\u5c14\u53e4\u7eb3\u89d2\u8272\u7684\u6027\u884c\u4e3a\u7684\u8bc1\u636e\uff0c\u90a3\u4e48\u4f60\u6709\u4e49\u52a1\u5411\u81ea\u52a8\u62a5\u544a\u8005\u62a5\u544a\u3002<\/span><\/p>\n<p><strong>Para proteger tus intereses:\u00a0<\/strong><\/p>\n<ul>\n<li style=\"font-weight: 400;\"><span style=\"font-weight: 400;\">\u8fd9\u662f\u5173\u4e8e\u5815\u80ce\u7684\u51b3\u5b9a\u4e2d\u6d89\u53ca\u6559\u58eb\u548c\u76d1\u62a4\u4eba\u7684\u95ee\u9898\uff0c\u5e76\u4e14\u4e0d\u662f\u51fa\u4e8e\u6700\u611f\u5174\u8da3\u7684\u4eba\u7684\u8003\u8651\uff0c\u800c\u662f\u5728\u4f7f\u7528\u8bc1\u636e\u548c\u8bf4\u670d\u529b\u4e4b\u524d\u505a\u51fa\u7684\u51b3\u5b9a\u3002\u00a0<\/span><\/li>\n<li style=\"font-weight: 400;\"><span style=\"font-weight: 400;\">\u4f5b\u7f57\u91cc\u8fbe\u5dde\u8bae\u4f1a\u8003\u8651\u5230\u6559\u58eb\u4eec\u505a\u51fa\u7684\u51b3\u5b9a\u6ca1\u6709\u8db3\u591f\u7684\u52a8\u673a\u6765\u627f\u8ba4\u66ff\u4ee3\u53f8\u6cd5\u3002\u6559\u58eb\u4eec\u6ca1\u6709\u4efb\u4f55\u51b3\u5b9a\u5bf9\u9a9a\u6270\u8005\u8fdb\u884c\u9a9a\u6270\u7684\u51b3\u5b9a\uff0c\u800c\u8fd9\u8db3\u4ee5\u786e\u4fdd\u6559\u58eb\u4eec\u6216\u76d1\u62a4\u4eba\u7684\u6700\u5927\u5229\u76ca\u3002<\/span><\/li>\n<li style=\"font-weight: 400;\"><span style=\"font-weight: 400;\">\u4f5b\u7f57\u91cc\u8fbe\u5dde\u8bae\u4f1a\u7684\u4e0d\u540c\u51b3\u5b9a\u5305\u62ec\u4ee5\u4e0b\u56e0\u7d20\uff1a1) \u9752\u5e74\u60c5\u611f\u7684\u53cc\u8d62 2) \u6050\u5413\u548c\u5176\u4ed6\u60c5\u611f\u7684\u53ef\u80fd\u6027\uff0c3) \u9752\u5e74\u7684\u5efa\u7acb\u548c\u9752\u5e74\u7684\u53ef\u80fd\u6027una notification pueda ocasionar da\u00f1o serio y duradero a la estructuraamil, 4) la relaci\u00f3n entre los padres y el menor y el efecto de la notificaci\u00f3n en esa relaci\u00f3n y la posibilidad que esa notification pueda llevar a los padres a una deconexi\u00f3n emocional<\/span><\/li>\n<\/ul>\n<p style=\"text-align: center;\"><a href=\"https:\/\/floridareprofreedom.org\/zh\/%e4%bd%9b%e7%bd%97%e9%87%8c%e8%be%be%e5%b7%9e%e6%9b%bf%e4%bb%a3%e5%8f%b8%e6%b3%95\/\">\u8fd4\u56de\u9996\u9875<\/a>\u00a0 |\u00a0\u00a0<a href=\"https:\/\/floridareprofreedom.org\/zh\/jb3\/\">\u524d\u90e8\u95ee\u9898<\/a>\u00a0 \u00a0 |\u00a0 <a href=\"https:\/\/floridareprofreedom.org\/zh\/jb5\/\">\u4e0b\u4e00\u9875<\/a><\/p>\n<p><b>\u76f8\u5173\u95ee\u9898<\/b><\/p>\n<ol>\n<li style=\"font-weight: 400;\"><span style=\"font-weight: 400;\"><a href=\"https:\/\/floridareprofreedom.org\/zh\/jb1\/\">\u00bf<\/a><a href=\"https:\/\/floridareprofreedom.org\/zh\/jb1\/\">\u5bf9\u4e8e\u6d41\u4ea7\u7684\u5fc5\u8981\u6027\uff0c\u8fd8\u6709\u5176\u4ed6\u53f8\u6cd5\u9014\u5f84\u5417\uff1f<\/a><\/span><\/li>\n<li style=\"font-weight: 400;\"><a href=\"https:\/\/floridareprofreedom.org\/zh\/jb2\/\"><span style=\"font-weight: 400;\">\u00bf<\/span><span style=\"font-weight: 400;\">\u6d41\u4ea7\u65f6\u4f1a\u6d41\u4ea7\u5417\uff1f<\/span><\/a><\/li>\n<li style=\"font-weight: 400;\"><a href=\"https:\/\/floridareprofreedom.org\/zh\/jb3\/\"><span style=\"font-weight: 400;\">\u00bf<\/span><span style=\"font-weight: 400;\">\u5173\u4e8e\u516c\u5f0f\u7684\u77e5\u8bc6<\/span><span style=\"font-weight: 400;\">?<\/span><\/a><\/li>\n<li style=\"font-weight: 400;\"><a href=\"https:\/\/floridareprofreedom.org\/zh\/jb4\/\"><span style=\"font-weight: 400;\">\u60a8\u662f\u5426\u8003\u8651\u8fc7\u505a\u51fa\u51b3\u5b9a\uff1f<\/span><\/a><\/li>\n<li style=\"font-weight: 400;\"><a href=\"https:\/\/floridareprofreedom.org\/zh\/jb5\/\"><span style=\"font-weight: 400;\">\u00bfNecesito un abogado?<\/span><\/a><\/li>\n<li style=\"font-weight: 400;\"><a href=\"https:\/\/floridareprofreedom.org\/zh\/jb6\/\"><span style=\"font-weight: 400;\">\u00bf<\/span><span style=\"font-weight: 400;\">Cu\u00e1nto tarda conseguir una alternativa \u53f8\u6cd5\uff1f<\/span><\/a><\/li>\n<li style=\"font-weight: 400;\"><a href=\"https:\/\/floridareprofreedom.org\/zh\/jb7\/\"><span style=\"font-weight: 400;\">\u00bf<\/span><span style=\"font-weight: 400;\">Cu\u00e1ntouesta conseguir una alternativa \u53f8\u6cd5\uff1f<\/span><\/a><\/li>\n<li style=\"font-weight: 400;\"><a href=\"https:\/\/floridareprofreedom.org\/zh\/jb8\/\"><span style=\"font-weight: 400;\">\u00bf<\/span><span style=\"font-weight: 400;\">Qui\u00e9nes sabr\u00e1n si he logrado obtener una Alternative Justice\uff1f<\/span><\/a><\/li>\n<li style=\"font-weight: 400;\"><a href=\"https:\/\/floridareprofreedom.org\/zh\/jb9\/\"><span style=\"font-weight: 400;\">\u00bf<\/span><span style=\"font-weight: 400;\">\u6211\u60f3\u8981\u4ec0\u4e48\uff1f<\/span><\/a><\/li>\n<li style=\"font-weight: 400;\"><a href=\"https:\/\/floridareprofreedom.org\/zh\/jb10\/\"><span style=\"font-weight: 400;\">\u00bf<\/span><span style=\"font-weight: 400;\">Qu\u00e9vestimenta debo usar para ir a la corte\uff1f<\/span><\/a><\/li>\n<li style=\"font-weight: 400;\"><a href=\"https:\/\/floridareprofreedom.org\/zh\/jb11\/\"><span style=\"font-weight: 400;\">\u00bf<\/span><span style=\"font-weight: 400;\">\u600e\u6837\u624d\u80fd\u8ba9\u89c2\u4f17\u5728\u4e00\u5929\u4e2d\u7684\u8bfe\u7a0b\u4e2d\u53d7\u76ca<\/span><span style=\"font-weight: 400;\">?<\/span><\/a><\/li>\n<li style=\"font-weight: 400;\"><a href=\"https:\/\/floridareprofreedom.org\/zh\/jb12\/\"><span style=\"font-weight: 400;\">\u00bf<\/span><span style=\"font-weight: 400;\">La persona involucrada en mi embarazo tiene potestad para decidir sobre si debo o no practicarme un aborto<\/span><\/a><span style=\"font-weight: 400;\">?\u00a0<\/span><\/li>\n<li style=\"font-weight: 400;\"><a href=\"https:\/\/floridareprofreedom.org\/zh\/jb13\/\"><span style=\"font-weight: 400;\">\u00a0<\/span><span style=\"font-weight: 400;\">\u00bf<\/span><span style=\"font-weight: 400;\">\u90a3\u4e48\uff0c\u7f8e\u56fd\u516c\u6c11\u662f\u5426\u53ef\u4ee5\u5815\u80ce\u5462\uff1f <\/span><span style=\"font-weight: 400;\">\u00bf<\/span><span style=\"font-weight: 400;\">\u4f60\u662f\u5426\u6ca1\u6709 puedo comunicarme en ingl\u00e9s\uff1f\u00a0<\/span><\/a><\/li>\n<li style=\"font-weight: 400;\"><a href=\"https:\/\/floridareprofreedom.org\/zh\/jb14\/\"><span style=\"font-weight: 400;\">\u00bf<\/span><span style=\"font-weight: 400;\">\u662f\u5426\u8981\u505a\u51fa\u66ff\u4ee3\u6027\u53f8\u6cd5\u51b3\u5b9a\uff1f<\/span><\/a><\/li>\n<li><a href=\"https:\/\/floridareprofreedom.org\/zh\/jb15\/\"><span style=\"font-weight: 400;\">\u00bf<\/span><span style=\"font-weight: 400;\">Qu\u00e9 pasa si el juez niega mi petici\u00f3n<\/span><span style=\"font-weight: 400;\">?<\/span><\/a><\/li>\n<\/ol>","protected":false},"excerpt":{"rendered":"<p>Hay tres razones principales que un juez toma en cuenta a la hora de conceder una alternativa judicial. Para lograrlo, tienes que probar por lo menos una de esas tres razones. Si tienes m\u00e1s de una raz\u00f3n que probar en tu caso, entonces debes explicar cada una de ellas. Las tres razones principales son:\u00a0 Eres [&hellip;]<\/p>\n","protected":false},"author":4,"featured_media":0,"parent":0,"menu_order":0,"comment_status":"closed","ping_status":"closed","template":"","meta":{"footnotes":""},"folder":[9],"class_list":["post-1255","page","type-page","status-publish","hentry"],"yoast_head":"<!-- This site is optimized with the Yoast SEO plugin v27.3 - https:\/\/yoast.com\/product\/yoast-seo-wordpress\/ -->\n<title>\u00bfQu\u00e9 tomar\u00e1 en consideraci\u00f3n el juez? - Floridians For Reproductive Freedom<\/title>\n<meta name=\"robots\" content=\"index, follow, max-snippet:-1, max-image-preview:large, max-video-preview:-1\" \/>\n<link rel=\"canonical\" href=\"https:\/\/floridareprofreedom.org\/zh\/jb4\/\" \/>\n<meta property=\"og:locale\" content=\"zh_CN\" \/>\n<meta property=\"og:type\" content=\"article\" \/>\n<meta property=\"og:title\" content=\"\u00bfQu\u00e9 tomar\u00e1 en consideraci\u00f3n el juez? - Floridians For Reproductive Freedom\" \/>\n<meta property=\"og:description\" content=\"Hay tres razones principales que un juez toma en cuenta a la hora de conceder una alternativa judicial. Para lograrlo, tienes que probar por lo menos una de esas tres razones. Si tienes m\u00e1s de una raz\u00f3n que probar en tu caso, entonces debes explicar cada una de ellas. Las tres razones principales son:\u00a0 Eres [&hellip;]\" \/>\n<meta property=\"og:url\" content=\"https:\/\/floridareprofreedom.org\/zh\/jb4\/\" \/>\n<meta property=\"og:site_name\" content=\"Floridians For Reproductive Freedom\" \/>\n<meta property=\"article:publisher\" content=\"https:\/\/www.facebook.com\/FloridaReproFreedom\/\" \/>\n<meta property=\"article:modified_time\" content=\"2020-08-05T12:37:05+00:00\" \/>\n<meta name=\"twitter:card\" content=\"summary_large_image\" \/>\n<meta name=\"twitter:site\" content=\"@FLReproFreedom\" \/>\n<meta name=\"twitter:label1\" content=\"\u9884\u8ba1\u9605\u8bfb\u65f6\u95f4\" \/>\n\t<meta name=\"twitter:data1\" content=\"5 \u5206\" \/>\n<script type=\"application\/ld+json\" class=\"yoast-schema-graph\">{\"@context\":\"https:\\\/\\\/schema.org\",\"@graph\":[{\"@type\":\"WebPage\",\"@id\":\"https:\\\/\\\/floridareprofreedom.org\\\/jb4\\\/\",\"url\":\"https:\\\/\\\/floridareprofreedom.org\\\/jb4\\\/\",\"name\":\"\u00bfQu\u00e9 tomar\u00e1 en consideraci\u00f3n el juez? - Floridians For Reproductive Freedom\",\"isPartOf\":{\"@id\":\"https:\\\/\\\/floridareprofreedom.org\\\/#website\"},\"datePublished\":\"2020-08-05T12:10:44+00:00\",\"dateModified\":\"2020-08-05T12:37:05+00:00\",\"breadcrumb\":{\"@id\":\"https:\\\/\\\/floridareprofreedom.org\\\/jb4\\\/#breadcrumb\"},\"inLanguage\":\"zh-Hans\",\"potentialAction\":[{\"@type\":\"ReadAction\",\"target\":[\"https:\\\/\\\/floridareprofreedom.org\\\/jb4\\\/\"]}]},{\"@type\":\"BreadcrumbList\",\"@id\":\"https:\\\/\\\/floridareprofreedom.org\\\/jb4\\\/#breadcrumb\",\"itemListElement\":[{\"@type\":\"ListItem\",\"position\":1,\"name\":\"Home\",\"item\":\"https:\\\/\\\/floridareprofreedom.org\\\/\"},{\"@type\":\"ListItem\",\"position\":2,\"name\":\"\u00bfQu\u00e9 tomar\u00e1 en consideraci\u00f3n el juez?\"}]},{\"@type\":\"WebSite\",\"@id\":\"https:\\\/\\\/floridareprofreedom.org\\\/#website\",\"url\":\"https:\\\/\\\/floridareprofreedom.org\\\/\",\"name\":\"Floridians For Reproductive Freedom\",\"description\":\"Advocating for convenient, affordable, and safe access to reproductive health care, including abortion.\",\"publisher\":{\"@id\":\"https:\\\/\\\/floridareprofreedom.org\\\/#organization\"},\"potentialAction\":[{\"@type\":\"SearchAction\",\"target\":{\"@type\":\"EntryPoint\",\"urlTemplate\":\"https:\\\/\\\/floridareprofreedom.org\\\/?s={search_term_string}\"},\"query-input\":{\"@type\":\"PropertyValueSpecification\",\"valueRequired\":true,\"valueName\":\"search_term_string\"}}],\"inLanguage\":\"zh-Hans\"},{\"@type\":\"Organization\",\"@id\":\"https:\\\/\\\/floridareprofreedom.org\\\/#organization\",\"name\":\"Floridians for Reproductive Freedom\",\"url\":\"https:\\\/\\\/floridareprofreedom.org\\\/\",\"logo\":{\"@type\":\"ImageObject\",\"inLanguage\":\"zh-Hans\",\"@id\":\"https:\\\/\\\/floridareprofreedom.org\\\/#\\\/schema\\\/logo\\\/image\\\/\",\"url\":\"https:\\\/\\\/floridareprofreedom.org\\\/wp-content\\\/uploads\\\/2019\\\/05\\\/Untitled.jpg\",\"contentUrl\":\"https:\\\/\\\/floridareprofreedom.org\\\/wp-content\\\/uploads\\\/2019\\\/05\\\/Untitled.jpg\",\"width\":174,\"height\":180,\"caption\":\"Floridians for Reproductive Freedom\"},\"image\":{\"@id\":\"https:\\\/\\\/floridareprofreedom.org\\\/#\\\/schema\\\/logo\\\/image\\\/\"},\"sameAs\":[\"https:\\\/\\\/www.facebook.com\\\/FloridaReproFreedom\\\/\",\"https:\\\/\\\/x.com\\\/FLReproFreedom\",\"https:\\\/\\\/www.instagram.com\\\/floridareprofreedom\\\/\"]}]}<\/script>\n<!-- \/ Yoast SEO plugin. -->","yoast_head_json":{"title":"\u00bfQu\u00e9 tomar\u00e1 en thinkaci\u00f3n el juez\uff1f - \u4f5b\u7f57\u91cc\u8fbe\u4eba\u4e89\u53d6\u751f\u6b96\u81ea\u7531","robots":{"index":"index","follow":"follow","max-snippet":"max-snippet:-1","max-image-preview":"max-image-preview:large","max-video-preview":"max-video-preview:-1"},"canonical":"https:\/\/floridareprofreedom.org\/zh\/jb4\/","og_locale":"zh_CN","og_type":"article","og_title":"\u00bfQu\u00e9 tomar\u00e1 en consideraci\u00f3n el juez? - Floridians For Reproductive Freedom","og_description":"Hay tres razones principales que un juez toma en cuenta a la hora de conceder una alternativa judicial. Para lograrlo, tienes que probar por lo menos una de esas tres razones. Si tienes m\u00e1s de una raz\u00f3n que probar en tu caso, entonces debes explicar cada una de ellas. Las tres razones principales son:\u00a0 Eres [&hellip;]","og_url":"https:\/\/floridareprofreedom.org\/zh\/jb4\/","og_site_name":"Floridians For Reproductive Freedom","article_publisher":"https:\/\/www.facebook.com\/FloridaReproFreedom\/","article_modified_time":"2020-08-05T12:37:05+00:00","twitter_card":"summary_large_image","twitter_site":"@FLReproFreedom","twitter_misc":{"\u9884\u8ba1\u9605\u8bfb\u65f6\u95f4":"5 \u5206"},"schema":{"@context":"https:\/\/schema.org","@graph":[{"@type":"WebPage","@id":"https:\/\/floridareprofreedom.org\/jb4\/","url":"https:\/\/floridareprofreedom.org\/jb4\/","name":"\u00bfQu\u00e9 tomar\u00e1 en thinkaci\u00f3n el juez\uff1f - \u4f5b\u7f57\u91cc\u8fbe\u4eba\u4e89\u53d6\u751f\u6b96\u81ea\u7531","isPartOf":{"@id":"https:\/\/floridareprofreedom.org\/#website"},"datePublished":"2020-08-05T12:10:44+00:00","dateModified":"2020-08-05T12:37:05+00:00","breadcrumb":{"@id":"https:\/\/floridareprofreedom.org\/jb4\/#breadcrumb"},"inLanguage":"zh-Hans","potentialAction":[{"@type":"ReadAction","target":["https:\/\/floridareprofreedom.org\/jb4\/"]}]},{"@type":"BreadcrumbList","@id":"https:\/\/floridareprofreedom.org\/jb4\/#breadcrumb","itemListElement":[{"@type":"ListItem","position":1,"name":"Home","item":"https:\/\/floridareprofreedom.org\/"},{"@type":"ListItem","position":2,"name":"\u00bfQu\u00e9 tomar\u00e1 en consideraci\u00f3n el juez?"}]},{"@type":"WebSite","@id":"https:\/\/floridareprofreedom.org\/#website","url":"https:\/\/floridareprofreedom.org\/","name":"\u4f5b\u7f57\u91cc\u8fbe\u5dde\u751f\u6b96\u81ea\u7531\u534f\u4f1a","description":"\u5021\u5bfc\u63d0\u4f9b\u4fbf\u6377\u3001\u7ecf\u6d4e\u3001\u5b89\u5168\u7684\u751f\u6b96\u5065\u5eb7\u670d\u52a1\uff0c\u5305\u62ec\u5815\u80ce\u3002","publisher":{"@id":"https:\/\/floridareprofreedom.org\/#organization"},"potentialAction":[{"@type":"SearchAction","target":{"@type":"EntryPoint","urlTemplate":"https:\/\/floridareprofreedom.org\/?s={search_term_string}"},"query-input":{"@type":"PropertyValueSpecification","valueRequired":true,"valueName":"search_term_string"}}],"inLanguage":"zh-Hans"},{"@type":"Organization","@id":"https:\/\/floridareprofreedom.org\/#organization","name":"\u4f5b\u7f57\u91cc\u8fbe\u5dde\u751f\u6b96\u81ea\u7531\u534f\u4f1a","url":"https:\/\/floridareprofreedom.org\/","logo":{"@type":"ImageObject","inLanguage":"zh-Hans","@id":"https:\/\/floridareprofreedom.org\/#\/schema\/logo\/image\/","url":"https:\/\/floridareprofreedom.org\/wp-content\/uploads\/2019\/05\/Untitled.jpg","contentUrl":"https:\/\/floridareprofreedom.org\/wp-content\/uploads\/2019\/05\/Untitled.jpg","width":174,"height":180,"caption":"Floridians for Reproductive Freedom"},"image":{"@id":"https:\/\/floridareprofreedom.org\/#\/schema\/logo\/image\/"},"sameAs":["https:\/\/www.facebook.com\/FloridaReproFreedom\/","https:\/\/x.com\/FLReproFreedom","https:\/\/www.instagram.com\/floridareprofreedom\/"]}]}},"_links":{"self":[{"href":"https:\/\/floridareprofreedom.org\/zh\/wp-json\/wp\/v2\/pages\/1255","targetHints":{"allow":["GET"]}}],"collection":[{"href":"https:\/\/floridareprofreedom.org\/zh\/wp-json\/wp\/v2\/pages"}],"about":[{"href":"https:\/\/floridareprofreedom.org\/zh\/wp-json\/wp\/v2\/types\/page"}],"author":[{"embeddable":true,"href":"https:\/\/floridareprofreedom.org\/zh\/wp-json\/wp\/v2\/users\/4"}],"replies":[{"embeddable":true,"href":"https:\/\/floridareprofreedom.org\/zh\/wp-json\/wp\/v2\/comments?post=1255"}],"version-history":[{"count":5,"href":"https:\/\/floridareprofreedom.org\/zh\/wp-json\/wp\/v2\/pages\/1255\/revisions"}],"predecessor-version":[{"id":1308,"href":"https:\/\/floridareprofreedom.org\/zh\/wp-json\/wp\/v2\/pages\/1255\/revisions\/1308"}],"wp:attachment":[{"href":"https:\/\/floridareprofreedom.org\/zh\/wp-json\/wp\/v2\/media?parent=1255"}],"wp:term":[{"taxonomy":"folder","embeddable":true,"href":"https:\/\/floridareprofreedom.org\/zh\/wp-json\/wp\/v2\/folder?post=1255"}],"curies":[{"name":"wp","href":"https:\/\/api.w.org\/{rel}","templated":true}]}}