{"id":1529,"date":"2020-11-16T15:41:45","date_gmt":"2020-11-16T15:41:45","guid":{"rendered":"https:\/\/floridareprofreedom.org\/?page_id=1529"},"modified":"2025-08-19T19:19:23","modified_gmt":"2025-08-19T19:19:23","slug":"%e5%a0%95%e8%83%8e%e6%98%af%e5%90%88%e6%b3%95%e7%9a%84","status":"publish","type":"page","link":"https:\/\/floridareprofreedom.org\/zh\/el-aborto-es-legal\/","title":{"rendered":"\u54ce\u5440\uff01\u5728\u4f5b\u7f57\u91cc\u8fbe\u5dde\uff0cEl aborto sigue siendo \u662f\u5408\u6cd5\u7684\u3002"},"content":{"rendered":"<p><a href=\"https:\/\/floridareprofreedom.org\/zh\/%e5%a0%95%e8%83%8e%e5%9c%a8%e4%bd%9b%e7%bd%97%e9%87%8c%e8%be%be%e5%b7%9e%e6%98%af%e5%90%88%e6%b3%95%e7%9a%84\/\"><span style=\"font-weight: 400;\"><img decoding=\"async\" class=\"wp-image-3435 alignleft\" src=\"https:\/\/floridareprofreedom.org\/wp-content\/uploads\/2024\/04\/ENGLISH-2-e1713905338368-300x82.png\" alt=\"\" width=\"117\" height=\"32\" srcset=\"https:\/\/floridareprofreedom.org\/wp-content\/uploads\/2024\/04\/ENGLISH-2-e1713905338368-300x82.png 300w, https:\/\/floridareprofreedom.org\/wp-content\/uploads\/2024\/04\/ENGLISH-2-e1713905338368.png 532w\" sizes=\"(max-width: 117px) 100vw, 117px\" \/><\/span><\/a><\/p>\n<p>&nbsp;<\/p>\n<p><span style=\"font-weight: 400;\">Las personas quieren y merecen tomar sus propias choices \u4e2a\u4eba\u3001\u9690\u79c1\u548c\u533b\u7597 <\/span><i><span style=\"font-weight: 400;\">\u4ece\u672a <\/span><\/i><span style=\"font-weight: 400;\">dejaremos de luchar por nuestra libertad para controlar nuestroscuerpos y nuestras vidas\u3002<\/span><\/p>\n<p><span style=\"font-weight: 400;\">\u5815\u80ce\u662f\u5b89\u5168\u548c\u5171\u540c\u7684\uff0c\u5e76\u4e14\u9700\u8981\u6ce8\u610f\u3002<\/span><\/p>\n<p><b>\u6d41\u4ea7\u5b9e\u9645\u9650\u5236\u548c\u5fc5\u8981\u6761\u4ef6<\/b><span style=\"font-weight: 400;\">:<\/span><\/p>\n<ul>\n<li style=\"font-weight: 400;\" aria-level=\"1\"><b>Lo \u00faltimo:<\/b><span style=\"font-weight: 400;\"><span style=\"font-weight: 400;\"> \u4e94\u6708 1 \u65e5\uff0c\u4f5b\u7f57\u91cc\u8fbe\u5dde\u7981\u6b62\u5815\u80ce\u3002<\/span><\/span>\n<ul>\n<li style=\"font-weight: 400;\" aria-level=\"1\"><span style=\"font-weight: 400;\"><span style=\"font-weight: 400;\"><strong>\u516d\u5468\u7684\u5e86\u795d\u6d3b\u52a8\uff1a<\/strong> <span class=\"OYPEnA text-decoration-none text-strikethrough-none\">\u4e00\u4e2a\u4eba\u5728\u56fd\u5bb6\u4e2d\u5815\u80ce\u3002 (Se requerir\u00e1n 2 citas) <\/span><\/span><\/span><\/li>\n<li style=\"font-weight: 400;\" aria-level=\"1\"><span style=\"font-weight: 400;\"><span style=\"font-weight: 400;\"><strong><span class=\"OYPEnA text-decoration-none text-strikethrough-none\">\u8d85\u8fc7 6 \u5468\uff1a <\/span><\/strong><span class=\"OYPEnA text-decoration-none text-strikethrough-none\">Una persona puede salir del estado para recibir atenci\u00f3n m\u00e9dica, or puede acceder a <\/span><strong><a class=\"OYPEnA text-decoration-underline text-strikethrough-none\" draggable=\"false\" href=\"http:\/\/es.plancpills.org\" target=\"_blank\" rel=\"noopener\">es.PlanCPills.org<\/a><\/strong><span class=\"OYPEnA text-decoration-none text-strikethrough-none\"> para obtener p\u00edldoras abortivas por correo\u3002<\/span><\/span><\/span><\/li>\n<\/ul>\n<\/li>\n<li><b>Per\u00edodo de espera requerido:<\/b><span style=\"font-weight: 400;\"> \u4f5b\u7f57\u91cc\u8fbe\u5dde\u9700\u8981 24 \u5c0f\u65f6\u5185\u7684\u7d27\u6025\u60c5\u51b5\uff0c\u8fd9\u5bf9\u786e\u4fdd\u5815\u80ce\u524d 24 \u5c0f\u65f6\u5185\u7684\u5b89\u5168\u81f3\u5173\u91cd\u8981\u3002<\/span><\/li>\n<li style=\"font-weight: 400;\" aria-level=\"1\"><b>\u5e74\u9f84\u4e0d\u8db3<\/b><span style=\"font-weight: 400;\">\uff1a\u9700\u8981\u901a\u77e5\u5e76\u540c\u610f\u6559\u58eb\u4f5c\u4e3a 18 \u5c81\u4ee5\u4e0b\u4eba\u58eb\u52a0\u5165\u5815\u80ce\u3002 <a href=\"https:\/\/floridareprofreedom.org\/zh\/%e4%bd%9b%e7%bd%97%e9%87%8c%e8%be%be%e5%b7%9e%e6%9b%bf%e4%bb%a3%e5%8f%b8%e6%b3%95\/\">Si no puede involucrar a uno de sus padres, hay ayuda<\/a>\u3002\u60a8\u53ef\u4ee5\u901a\u8fc7\u83b7\u53d6\u6709\u5173\u6559\u58eb\u53c2\u4e0e\u7684\u53f8\u6cd5\u4fe1\u606f\u6765\u83b7\u53d6\u53f8\u6cd5\u4fe1\u606f\u3002<\/span><\/li>\n<li style=\"font-weight: 400;\" aria-level=\"1\"><b>\u662f\u5426\u6709\u5fc5\u8981\u8ba8\u8bba\u5815\u80ce\u7684\u5177\u4f53\u9009\u62e9\uff0c\u4ee5\u4e86\u89e3\u5815\u80ce\u8005\u7684\u60c5\u51b5\uff1f<\/b><span style=\"font-weight: 400;\"> Vaya a <strong><a href=\"https:\/\/www.chatwithcharley.org\/es\/florida\/\">ChatWithCharley.org\/florida<\/a><\/strong> \u52a0\u5165\u804a\u5929\u673a\u5668\u4eba\u5e76\u5b8c\u6210 guiar\u00e1 \u7684\u64cd\u4f5c\uff0c\u5e76\u83b7\u53d6\u6d41\u4ea7\u548c\u8f6f\u7cd6\u7684\u8bbf\u95ee\u6743\u9650\u3001\u7a0b\u5e8f\u4ee5\u53ca\u7269\u6d41\u548c\u6cd5\u5f8b\u9650\u5236\u7684\u7a0b\u5e8f\u3002<\/span><\/li>\n<li aria-level=\"1\">\u00bfC\u00f3mo puede mi estatus migratorio afectar el acceso al aborto\uff1f <strong><a href=\"https:\/\/www.ineedana.com\/es\/blog\/how-can-my-immigration-status-affect-abortion-access\">Una gu\u00eda para personas no ciudadanas y nuestras comunidades\u3002<\/a><\/strong><\/li>\n<\/ul>\n<p><b>\u8bbf\u95ee <a href=\"https:\/\/www.abortionfinder.org\/es\">\u5815\u80ce\u67e5\u627e\u7f51\u7ad9<\/a> \u662f <a href=\"https:\/\/www.ineedana.com\/es\">IneedanA.com<\/a> \u6d89\u53ca\u4fe1\u606f\u5b89\u5168\u3001\u673a\u5bc6\u548c\u5b9e\u9645\u60c5\u51b5\uff0c\u56e0\u6b64\u4e2d\u6b62\u3002<\/b><\/p>\n<p><a href=\"https:\/\/www.abortionfinder.org\/es\"><img decoding=\"async\" src=\"https:\/\/floridareprofreedom.org\/wp-content\/uploads\/2020\/11\/play-300x284.png\" alt=\"\u4f5b\u7f57\u91cc\u8fbe\u5dde\u5730\u56fe\uff1a\u5815\u80ce\u670d\u52a1\u63d0\u4f9b\u8005\" \/><\/a><\/p>\n<ul>\n<li style=\"font-weight: 400;\" aria-level=\"1\"><b>\u9884\u9632\u6d41\u4ea7\u7684\u4e2d\u5fc3 <\/b><span style=\"font-weight: 400;\">que se hacen pasar por clinicas de aborto, pero averg\u00fcenzan y enga\u00f1an a las floridanas embarazadas. <a href=\"https:\/\/floridareprofreedom.org\/zh\/%e5%81%87%e8%af%8a%e6%89%80\/\">M\u00e1s informaci\u00f3n aqu\u00ed.<\/a><\/span><\/li>\n<\/ul>\n<h2><span style=\"font-weight: 400;\">\u00bf\u6709\u5fc5\u8981\u5815\u80ce\u5417\uff1f<\/span><\/h2>\n<p><span style=\"font-weight: 400;\">\u4f5b\u7f57\u91cc\u8fbe\u5dde\u5df4\u58eb\u6d41\u4ea7\u7684\u7ec4\u7ec7\u548c\u8bca\u6240\u63d0\u4f9b\u8d22\u52a1\u548c\u7269\u6d41\u670d\u52a1\u3002 Haga \u53ef\u4ee5\u7ee7\u7eed\u83b7\u53d6\u6709\u5173\u6d41\u4ea7\u8bca\u6240\u7684\u9884\u76f4\u63a5\u4fe1\u606f\u4ee5\u53ca\u91d1\u878d\u63f4\u52a9\u3002 <strong><a href=\"https:\/\/www.ineedana.com\/es\/estimar-aborto-costos\">\u00bfCu\u00e1nto cuesta un aborto?<\/a><\/strong><br \/>\n<\/span><\/p>\n<ul>\n<li style=\"font-weight: 400;\" aria-level=\"1\"><span style=\"font-weight: 400;\"><a href=\"https:\/\/bwefund.org\/site\/\"><strong>\u5e03\u52b3\u6c83\u5fb7\u5987\u5973\u7d27\u6025\u57fa\u91d1\u4f1a<\/strong><\/a> \u5e03\u52b3\u6c83\u5fb7\u53bf<\/span><\/li>\n<li style=\"font-weight: 400;\" aria-level=\"1\"><span style=\"font-weight: 400;\"><strong><a href=\"https:\/\/emawpb.org\/\">\u7d27\u6025\u533b\u7597\u63f4\u52a9\u516c\u53f8<\/a><\/strong> \u68d5\u6988\u6ee9\u548c\u5b9d\u85cf\u6d77\u5cb8<\/span><\/li>\n<li style=\"font-weight: 400;\" aria-level=\"1\"><span style=\"font-weight: 400;\"><a href=\"https:\/\/www.flaccessnetwork.org\/\"><strong>\u4f5b\u7f57\u91cc\u8fbe\u63a5\u5165\u7f51\u7edc<\/strong><\/a> \u2013 En todo el estado<\/span><\/li>\n<li style=\"font-weight: 400;\" aria-level=\"1\"><span style=\"font-weight: 400;\"><a href=\"http:\/\/tbafund.com\/\"><strong>\u5766\u5e15\u6e7e\u6d41\u4ea7\u57fa\u91d1\u4f1a<\/strong><\/a> \u2013 \u5766\u5e15\u6e7e\u5730\u533a<\/span><\/li>\n<li style=\"font-weight: 400;\" aria-level=\"1\"><span style=\"font-weight: 400;\"><strong><a href=\"http:\/\/www.wen-online.org\/get-help-1.html\">\u5987\u5973\u7d27\u6025\u6551\u63f4\u7f51\u7edc<\/a> <\/strong>\u4f5b\u7f57\u91cc\u8fbe\u5357\u90e8<\/span><\/li>\n<li style=\"font-weight: 400;\" aria-level=\"1\"><span style=\"font-weight: 400;\"><strong><a href=\"https:\/\/arc-southeast.org\/\">Acceso a la Atenci\u00f3n Reproductiva del Sureste<\/a> <\/strong>\u591a\u5dde<\/span><\/li>\n<li style=\"font-weight: 400;\" aria-level=\"1\"><span style=\"font-weight: 400;\"><strong><a href=\"https:\/\/abortionfunds.org\/need-abortion\/\">\u963f\u5c14\u535a\u6258\u56fd\u5bb6\u7ea2\u8272\u57fa\u91d1\u4f1a<\/a> <\/strong>\u2013 \u5728\u6574\u4e2a\u56fd\u5bb6<\/span><\/li>\n<\/ul>\n<p><span style=\"font-weight: 400;\">La gente sigue recibiendo <\/span><b>\u90ae\u5c40\u5815\u80ce <\/b><span style=\"font-weight: 400;\">\u82f1\u6587<\/span><i><span style=\"font-weight: 400;\"> \u7f8e\u56fd50\u4e2a\u5dde\u3002<\/span><\/i><span style=\"font-weight: 400;\"> Ya Sea para una necesidad inmediata o \u201cpor si acaso\u201d, las tarifas de escala m\u00f3vil est\u00e1n disponibles para las p\u00edldoras abortivas en <strong><a href=\"https:\/\/es.plancpills.org\/\">PlanCPills.org<\/a>.<\/strong><\/span><\/p>\n<p><b>Tome medidas para que el Aborto siga siendo \u6cd5\u5f8b\uff1a<\/b><\/p>\n<ul>\n<li style=\"font-weight: 400;\" aria-level=\"1\"><span style=\"font-weight: 400;\">\u8bf7\u7acb\u5373\u4e3a\u751f\u6b96\u5065\u5eb7\u505a\u597d\u51c6\u5907\u3002<\/span><a href=\"https:\/\/bit.ly\/reproinfl\"><b> \u6ce8\u518c\u4f5b\u7f57\u91cc\u8fbe\u5dde\u81ea\u7531\u7e41\u6b96\u548c\u884c\u52a8\u8b66\u62a5\u7684\u901a\u77e5\u3002<\/b><\/a><\/li>\n<\/ul>","protected":false},"excerpt":{"rendered":"<p>&nbsp; Las personas quieren y merecen tomar sus propias decisiones personales, privadas y m\u00e9dicas, y nunca dejaremos de luchar por nuestra libertad para controlar nuestros cuerpos y nuestras vidas. El aborto es seguro y com\u00fan, y puedes obtener esta atenci\u00f3n si la necesitas. Restricciones y requisitos actuales sobre el aborto: Lo \u00faltimo: A partir del [&hellip;]<\/p>\n","protected":false},"author":3,"featured_media":1415,"parent":0,"menu_order":0,"comment_status":"closed","ping_status":"closed","template":"","meta":{"footnotes":""},"folder":[11],"class_list":["post-1529","page","type-page","status-publish","has-post-thumbnail","hentry"],"yoast_head":"<!-- This site is optimized with the Yoast SEO plugin v27.4 - https:\/\/yoast.com\/product\/yoast-seo-wordpress\/ -->\n<title>\u00a1S\u00ed! El aborto sigue siendo legal en Florida. - Floridians For Reproductive Freedom<\/title>\n<meta name=\"description\" content=\"Ahora mismo, el aborto es legal en Florida hasta las 15 semanas. Os mantendremos informados.\" \/>\n<meta name=\"robots\" content=\"index, follow, max-snippet:-1, max-image-preview:large, max-video-preview:-1\" \/>\n<link rel=\"canonical\" href=\"https:\/\/floridareprofreedom.org\/zh\/\u5815\u80ce\u662f\u5408\u6cd5\u7684\/\" \/>\n<meta property=\"og:locale\" content=\"zh_CN\" \/>\n<meta property=\"og:type\" content=\"article\" \/>\n<meta property=\"og:title\" content=\"\u00a1S\u00ed! El aborto sigue siendo legal en Florida. - Floridians For Reproductive Freedom\" \/>\n<meta property=\"og:description\" content=\"Ahora mismo, el aborto es legal en Florida hasta las 15 semanas. Os mantendremos informados.\" \/>\n<meta property=\"og:url\" content=\"https:\/\/floridareprofreedom.org\/zh\/\u5815\u80ce\u662f\u5408\u6cd5\u7684\/\" \/>\n<meta property=\"og:site_name\" content=\"Floridians For Reproductive Freedom\" \/>\n<meta property=\"article:publisher\" content=\"https:\/\/www.facebook.com\/FloridaReproFreedom\/\" \/>\n<meta property=\"article:modified_time\" content=\"2025-08-19T19:19:23+00:00\" \/>\n<meta property=\"og:image\" content=\"https:\/\/floridareprofreedom.org\/wp-content\/uploads\/2020\/11\/play.png\" \/>\n\t<meta property=\"og:image:width\" content=\"750\" \/>\n\t<meta property=\"og:image:height\" content=\"711\" \/>\n\t<meta property=\"og:image:type\" content=\"image\/png\" \/>\n<meta name=\"twitter:card\" content=\"summary_large_image\" \/>\n<meta name=\"twitter:site\" content=\"@FLReproFreedom\" \/>\n<meta name=\"twitter:label1\" content=\"\u9884\u8ba1\u9605\u8bfb\u65f6\u95f4\" \/>\n\t<meta name=\"twitter:data1\" content=\"3 \u5206\" \/>\n<script type=\"application\/ld+json\" class=\"yoast-schema-graph\">{\"@context\":\"https:\\\/\\\/schema.org\",\"@graph\":[{\"@type\":\"WebPage\",\"@id\":\"https:\\\/\\\/floridareprofreedom.org\\\/el-aborto-es-legal\\\/\",\"url\":\"https:\\\/\\\/floridareprofreedom.org\\\/el-aborto-es-legal\\\/\",\"name\":\"\u00a1S\u00ed! El aborto sigue siendo legal en Florida. - Floridians For Reproductive Freedom\",\"isPartOf\":{\"@id\":\"https:\\\/\\\/floridareprofreedom.org\\\/#website\"},\"primaryImageOfPage\":{\"@id\":\"https:\\\/\\\/floridareprofreedom.org\\\/el-aborto-es-legal\\\/#primaryimage\"},\"image\":{\"@id\":\"https:\\\/\\\/floridareprofreedom.org\\\/el-aborto-es-legal\\\/#primaryimage\"},\"thumbnailUrl\":\"https:\\\/\\\/floridareprofreedom.org\\\/wp-content\\\/uploads\\\/2020\\\/11\\\/play.png\",\"datePublished\":\"2020-11-16T15:41:45+00:00\",\"dateModified\":\"2025-08-19T19:19:23+00:00\",\"description\":\"Ahora mismo, el aborto es legal en Florida hasta las 15 semanas. Os mantendremos informados.\",\"breadcrumb\":{\"@id\":\"https:\\\/\\\/floridareprofreedom.org\\\/el-aborto-es-legal\\\/#breadcrumb\"},\"inLanguage\":\"zh-Hans\",\"potentialAction\":[{\"@type\":\"ReadAction\",\"target\":[\"https:\\\/\\\/floridareprofreedom.org\\\/el-aborto-es-legal\\\/\"]}]},{\"@type\":\"ImageObject\",\"inLanguage\":\"zh-Hans\",\"@id\":\"https:\\\/\\\/floridareprofreedom.org\\\/el-aborto-es-legal\\\/#primaryimage\",\"url\":\"https:\\\/\\\/floridareprofreedom.org\\\/wp-content\\\/uploads\\\/2020\\\/11\\\/play.png\",\"contentUrl\":\"https:\\\/\\\/floridareprofreedom.org\\\/wp-content\\\/uploads\\\/2020\\\/11\\\/play.png\",\"width\":750,\"height\":711,\"caption\":\"FL Map: Abortion Providers\"},{\"@type\":\"BreadcrumbList\",\"@id\":\"https:\\\/\\\/floridareprofreedom.org\\\/el-aborto-es-legal\\\/#breadcrumb\",\"itemListElement\":[{\"@type\":\"ListItem\",\"position\":1,\"name\":\"Home\",\"item\":\"https:\\\/\\\/floridareprofreedom.org\\\/\"},{\"@type\":\"ListItem\",\"position\":2,\"name\":\"\u00a1S\u00ed! El aborto sigue siendo legal en Florida.\"}]},{\"@type\":\"WebSite\",\"@id\":\"https:\\\/\\\/floridareprofreedom.org\\\/#website\",\"url\":\"https:\\\/\\\/floridareprofreedom.org\\\/\",\"name\":\"Floridians For Reproductive Freedom\",\"description\":\"Advocating for convenient, affordable, and safe access to reproductive health care, including abortion.\",\"publisher\":{\"@id\":\"https:\\\/\\\/floridareprofreedom.org\\\/#organization\"},\"potentialAction\":[{\"@type\":\"SearchAction\",\"target\":{\"@type\":\"EntryPoint\",\"urlTemplate\":\"https:\\\/\\\/floridareprofreedom.org\\\/?s={search_term_string}\"},\"query-input\":{\"@type\":\"PropertyValueSpecification\",\"valueRequired\":true,\"valueName\":\"search_term_string\"}}],\"inLanguage\":\"zh-Hans\"},{\"@type\":\"Organization\",\"@id\":\"https:\\\/\\\/floridareprofreedom.org\\\/#organization\",\"name\":\"Floridians for Reproductive Freedom\",\"url\":\"https:\\\/\\\/floridareprofreedom.org\\\/\",\"logo\":{\"@type\":\"ImageObject\",\"inLanguage\":\"zh-Hans\",\"@id\":\"https:\\\/\\\/floridareprofreedom.org\\\/#\\\/schema\\\/logo\\\/image\\\/\",\"url\":\"https:\\\/\\\/floridareprofreedom.org\\\/wp-content\\\/uploads\\\/2019\\\/05\\\/Untitled.jpg\",\"contentUrl\":\"https:\\\/\\\/floridareprofreedom.org\\\/wp-content\\\/uploads\\\/2019\\\/05\\\/Untitled.jpg\",\"width\":174,\"height\":180,\"caption\":\"Floridians for Reproductive Freedom\"},\"image\":{\"@id\":\"https:\\\/\\\/floridareprofreedom.org\\\/#\\\/schema\\\/logo\\\/image\\\/\"},\"sameAs\":[\"https:\\\/\\\/www.facebook.com\\\/FloridaReproFreedom\\\/\",\"https:\\\/\\\/x.com\\\/FLReproFreedom\",\"https:\\\/\\\/www.instagram.com\\\/floridareprofreedom\\\/\"]}]}<\/script>\n<!-- \/ Yoast SEO plugin. -->","yoast_head_json":{"title":"\u54ce\u5440\uff01\u5728\u4f5b\u7f57\u91cc\u8fbe\u5dde\uff0cEl aborto sigue siendo \u662f\u5408\u6cd5\u7684\u3002 - \u4f5b\u7f57\u91cc\u8fbe\u4eba\u4e89\u53d6\u751f\u6b96\u81ea\u7531","description":"\u4f5b\u7f57\u91cc\u8fbe\u5dde\u5df2\u7ecf\u6709 15 \u4e2a\u793c\u62dc\u4e86\uff0c\u5815\u80ce\u662f\u5408\u6cd5\u7684\u3002 Os mantendremos informados\u3002","robots":{"index":"index","follow":"follow","max-snippet":"max-snippet:-1","max-image-preview":"max-image-preview:large","max-video-preview":"max-video-preview:-1"},"canonical":"https:\/\/floridareprofreedom.org\/zh\/\u5815\u80ce\u662f\u5408\u6cd5\u7684\/","og_locale":"zh_CN","og_type":"article","og_title":"\u00a1S\u00ed! El aborto sigue siendo legal en Florida. - Floridians For Reproductive Freedom","og_description":"Ahora mismo, el aborto es legal en Florida hasta las 15 semanas. Os mantendremos informados.","og_url":"https:\/\/floridareprofreedom.org\/zh\/\u5815\u80ce\u662f\u5408\u6cd5\u7684\/","og_site_name":"Floridians For Reproductive Freedom","article_publisher":"https:\/\/www.facebook.com\/FloridaReproFreedom\/","article_modified_time":"2025-08-19T19:19:23+00:00","og_image":[{"width":750,"height":711,"url":"https:\/\/floridareprofreedom.org\/wp-content\/uploads\/2020\/11\/play.png","type":"image\/png"}],"twitter_card":"summary_large_image","twitter_site":"@FLReproFreedom","twitter_misc":{"\u9884\u8ba1\u9605\u8bfb\u65f6\u95f4":"3 \u5206"},"schema":{"@context":"https:\/\/schema.org","@graph":[{"@type":"WebPage","@id":"https:\/\/floridareprofreedom.org\/el-aborto-es-legal\/","url":"https:\/\/floridareprofreedom.org\/el-aborto-es-legal\/","name":"\u54ce\u5440\uff01\u5728\u4f5b\u7f57\u91cc\u8fbe\u5dde\uff0cEl aborto sigue siendo \u662f\u5408\u6cd5\u7684\u3002 - \u4f5b\u7f57\u91cc\u8fbe\u4eba\u4e89\u53d6\u751f\u6b96\u81ea\u7531","isPartOf":{"@id":"https:\/\/floridareprofreedom.org\/#website"},"primaryImageOfPage":{"@id":"https:\/\/floridareprofreedom.org\/el-aborto-es-legal\/#primaryimage"},"image":{"@id":"https:\/\/floridareprofreedom.org\/el-aborto-es-legal\/#primaryimage"},"thumbnailUrl":"https:\/\/floridareprofreedom.org\/wp-content\/uploads\/2020\/11\/play.png","datePublished":"2020-11-16T15:41:45+00:00","dateModified":"2025-08-19T19:19:23+00:00","description":"\u4f5b\u7f57\u91cc\u8fbe\u5dde\u5df2\u7ecf\u6709 15 \u4e2a\u793c\u62dc\u4e86\uff0c\u5815\u80ce\u662f\u5408\u6cd5\u7684\u3002 Os mantendremos informados\u3002","breadcrumb":{"@id":"https:\/\/floridareprofreedom.org\/el-aborto-es-legal\/#breadcrumb"},"inLanguage":"zh-Hans","potentialAction":[{"@type":"ReadAction","target":["https:\/\/floridareprofreedom.org\/el-aborto-es-legal\/"]}]},{"@type":"ImageObject","inLanguage":"zh-Hans","@id":"https:\/\/floridareprofreedom.org\/el-aborto-es-legal\/#primaryimage","url":"https:\/\/floridareprofreedom.org\/wp-content\/uploads\/2020\/11\/play.png","contentUrl":"https:\/\/floridareprofreedom.org\/wp-content\/uploads\/2020\/11\/play.png","width":750,"height":711,"caption":"FL Map: Abortion Providers"},{"@type":"BreadcrumbList","@id":"https:\/\/floridareprofreedom.org\/el-aborto-es-legal\/#breadcrumb","itemListElement":[{"@type":"ListItem","position":1,"name":"Home","item":"https:\/\/floridareprofreedom.org\/"},{"@type":"ListItem","position":2,"name":"\u00a1S\u00ed! El aborto sigue siendo legal en Florida."}]},{"@type":"WebSite","@id":"https:\/\/floridareprofreedom.org\/#website","url":"https:\/\/floridareprofreedom.org\/","name":"\u4f5b\u7f57\u91cc\u8fbe\u5dde\u751f\u6b96\u81ea\u7531\u534f\u4f1a","description":"\u5021\u5bfc\u63d0\u4f9b\u4fbf\u6377\u3001\u7ecf\u6d4e\u3001\u5b89\u5168\u7684\u751f\u6b96\u5065\u5eb7\u670d\u52a1\uff0c\u5305\u62ec\u5815\u80ce\u3002","publisher":{"@id":"https:\/\/floridareprofreedom.org\/#organization"},"potentialAction":[{"@type":"SearchAction","target":{"@type":"EntryPoint","urlTemplate":"https:\/\/floridareprofreedom.org\/?s={search_term_string}"},"query-input":{"@type":"PropertyValueSpecification","valueRequired":true,"valueName":"search_term_string"}}],"inLanguage":"zh-Hans"},{"@type":"Organization","@id":"https:\/\/floridareprofreedom.org\/#organization","name":"\u4f5b\u7f57\u91cc\u8fbe\u5dde\u751f\u6b96\u81ea\u7531\u534f\u4f1a","url":"https:\/\/floridareprofreedom.org\/","logo":{"@type":"ImageObject","inLanguage":"zh-Hans","@id":"https:\/\/floridareprofreedom.org\/#\/schema\/logo\/image\/","url":"https:\/\/floridareprofreedom.org\/wp-content\/uploads\/2019\/05\/Untitled.jpg","contentUrl":"https:\/\/floridareprofreedom.org\/wp-content\/uploads\/2019\/05\/Untitled.jpg","width":174,"height":180,"caption":"Floridians for Reproductive Freedom"},"image":{"@id":"https:\/\/floridareprofreedom.org\/#\/schema\/logo\/image\/"},"sameAs":["https:\/\/www.facebook.com\/FloridaReproFreedom\/","https:\/\/x.com\/FLReproFreedom","https:\/\/www.instagram.com\/floridareprofreedom\/"]}]}},"_links":{"self":[{"href":"https:\/\/floridareprofreedom.org\/zh\/wp-json\/wp\/v2\/pages\/1529","targetHints":{"allow":["GET"]}}],"collection":[{"href":"https:\/\/floridareprofreedom.org\/zh\/wp-json\/wp\/v2\/pages"}],"about":[{"href":"https:\/\/floridareprofreedom.org\/zh\/wp-json\/wp\/v2\/types\/page"}],"author":[{"embeddable":true,"href":"https:\/\/floridareprofreedom.org\/zh\/wp-json\/wp\/v2\/users\/3"}],"replies":[{"embeddable":true,"href":"https:\/\/floridareprofreedom.org\/zh\/wp-json\/wp\/v2\/comments?post=1529"}],"version-history":[{"count":18,"href":"https:\/\/floridareprofreedom.org\/zh\/wp-json\/wp\/v2\/pages\/1529\/revisions"}],"predecessor-version":[{"id":4221,"href":"https:\/\/floridareprofreedom.org\/zh\/wp-json\/wp\/v2\/pages\/1529\/revisions\/4221"}],"wp:featuredmedia":[{"embeddable":true,"href":"https:\/\/floridareprofreedom.org\/zh\/wp-json\/wp\/v2\/media\/1415"}],"wp:attachment":[{"href":"https:\/\/floridareprofreedom.org\/zh\/wp-json\/wp\/v2\/media?parent=1529"}],"wp:term":[{"taxonomy":"folder","embeddable":true,"href":"https:\/\/floridareprofreedom.org\/zh\/wp-json\/wp\/v2\/folder?post=1529"}],"curies":[{"name":"wp","href":"https:\/\/api.w.org\/{rel}","templated":true}]}}