{"id":1975,"date":"2021-05-18T20:18:49","date_gmt":"2021-05-18T20:18:49","guid":{"rendered":"https:\/\/floridareprofreedom.org\/?page_id=1975"},"modified":"2021-05-19T19:58:01","modified_gmt":"2021-05-19T19:58:01","slug":"%e9%81%bf%e5%ad%95%e8%8d%af-2","status":"publish","type":"page","link":"https:\/\/floridareprofreedom.org\/zh\/anticonceptivos\/","title":{"rendered":"\u53cd\u907f\u5b55\u836f\u5de5\u4f5c\u7ec4"},"content":{"rendered":"<p><i><span style=\"font-weight: 400;\">\u201c\u6700\u91cd\u8981\u7684\u662f\u8981\u8ba8\u8bba\u5982\u4f55\u63a7\u5236\u751f\u80b2\u7684\u989d\u5916\u8ba1\u5212\uff0c\u4ee5\u53ca\u5bf9\u5987\u5973\u7684\u5fc5\u8981\u6027\u7684\u5408\u7406\u89e3\u91ca\uff0c\u4ee5\u89e3\u91ca\u53cd\u6982\u5ff5\uff1a\u5065\u5eb7\u7684\u5408\u7406\u6027\uff0c\u5b9a\u671f\u7684\u5468\u671f\uff0c\u4f60\u7684\u5b89\u5168\uff0c\u5c31\u50cf\u80e1\u6bd4\u57c3\u62c9\u963f\u5c14\u6208\u00b7\u9a6c\u6d1b\u00b7\u6258\u9a6c\u5c14\u53cd\u6982\u5ff5\u4e00\u6837simplemente porque quieres tener relaciones sin que ese sexo resulte en embarazo\u201d\u3002 \u2013 Roxane Gay \u548c Bad Feminist: Ensayos (Harper Perennial)<\/span><\/i><\/p>\n<h2><b>Accesso a anticonceptivos\uff08control de la natalidad\uff09<\/b><\/h2>\n<p><span style=\"font-weight: 400;\">\u4f5b\u7f57\u91cc\u8fbe\u5dde\u5c45\u6c11\u5fc5\u987b\u83b7\u5f97\u8db3\u591f\u7684\u8bbf\u95ee\u6743\u548c\u673a\u4f1a\uff0c\u4ee5\u5b8c\u6210\u63a7\u5236\u51fa\u751f\u7684\u9009\u9879\u3002\u00a0<\/span><\/p>\n<p><span style=\"font-weight: 400;\">\u73b0\u5728\uff0c\u60a8\u53ef\u4ee5\u51cf\u5c11\u83b7\u5f97\u907f\u5b55\u836f\u7684\u969c\u788d\uff0c\u5e76\u52a0\u5f3a\u6b63\u786e\u7684\u907f\u5b55\u6559\u80b2\u548c\u9884\u9632\u751f\u6b96\u5065\u5eb7\u7684\u6574\u4f53\u670d\u52a1\u3002<\/span><\/p>\n<p><span style=\"font-weight: 400;\">\u4ed6\u662f\u53cd\u6000\u5b55\u7684\u5b88\u62a4\u8005\uff0c\u662f\u91d1\u878d\u5bb6\u7684\u6027\u6559\u80b2\u6392\u4ed6\u6027\u7981\u6b32\u8005\uff0c\u662f\u201c\u6e34\u671b\u53cd\u6000\u5b55\u201d\u7684\u4eba\uff0c\u662f\u53cc\u6027\u604b\u7684\u5bf9\u8c61\uff0c\u662f\u5bf9\u5404\u79cd\u9700\u8981\u548c\u5bf9\u51fa\u751f\u7684\u63a7\u5236\u7684\u4e2a\u4eba\u4fdd\u62a4\u3002<\/span><\/p>\n<p><span style=\"font-weight: 400;\">\u00a0<\/span><span style=\"font-weight: 400;\">\u57c3\u5c14 <\/span><b>Grupo de Trabajo de Acceso a<\/b> <b>\u907f\u5b55\u836f<\/b> <i><span style=\"font-weight: 400;\">\u4f5b\u7f57\u91cc\u8fbe\u5dde\u751f\u6b96\u81ea\u7531\u534f\u4f1a<\/span><\/i><span style=\"font-weight: 400;\"> (FRF) ha recopilado la siguiente informationaci\u00f3n que ofrecemos como una Guia de Recursos para obtener atenci\u00f3n relacionada con el control de la natalidad en todo el estado de Florida, as\u00ed como informationaci\u00f3n adicional de educaci\u00f3n y promoci\u00f3n (<\/span><a href=\"https:\/\/docs.google.com\/spreadsheets\/d\/1vxwTO-bQe_npuS4Zsu3T5gJbv_Madw-EbluHclm2Yvg\/edit?usp=sharing\"><span style=\"font-weight: 400;\">formato imprimible aqu\u00ed<\/span><\/a><span style=\"font-weight: 400;\">):<\/span><\/p>\n<ul>\n<li><a href=\"https:\/\/floridareprofreedom.org\/zh\/%e6%8a%98%e6%89%a3-2\/\"><span style=\"font-weight: 400;\">\u836f\u7269\u5236\u9020\u914d\u65b9\u7684\u8bf4\u660e\u548c\u6d88\u8d39\u8005\u63f4\u52a9\u8ba1\u5212<\/span><\/a><\/li>\n<li><a href=\"https:\/\/floridareprofreedom.org\/zh\/%e7%ba%b3%e5%a1%94%e5%88%a9%e8%be%be%e6%8e%a7%e5%88%b6%e6%96%b9%e6%b3%95\/\"><span style=\"font-weight: 400;\">Opciones y precios de anticonceptivos: listados por m\u00e9todo<\/span><\/a><\/li>\n<li><a href=\"https:\/\/floridareprofreedom.org\/zh\/%e5%8d%ab%e7%94%9f%e9%83%a8%e9%97%a8-2\/\"><span style=\"font-weight: 400;\">\u4f5b\u7f57\u91cc\u8fbe\u5dde\u5065\u5eb7\u90e8\u95e8\u719f\u6089\u7684\u8ba1\u5212\uff08\u7531\u5b54\u8fbe\u591a\u63d0\u4f9b\uff09<\/span><\/a><\/li>\n<li><a href=\"https:\/\/floridareprofreedom.org\/zh\/%e5%82%a8%e5%a4%87\/\"><span style=\"font-weight: 400;\">Recursos de Educaci\u00f3n y Promoci\u00f3n \u2013 para proedores y consumidores<\/span><\/a><\/li>\n<li><a href=\"https:\/\/nwlc.org\/having-trouble-getting-birth-control\/\"><span style=\"font-weight: 400;\">\u89e3\u51b3\u5b89\u5168\u95ee\u9898\uff1asin copagos u otrosgastos de su bolsillo para el control de la natalidad<\/span><\/a>\u00a0\uff08\u82f1\u8bed\uff0c\u56fd\u5bb6\u5987\u5973\u6cd5\u5f8b\u4e2d\u5fc3\uff09<\/li>\n<li><a href=\"https:\/\/floridareprofreedom.org\/zh\/ec\/\"><span style=\"font-weight: 400;\">\u884c\u52a8\u9875\u9762\uff1a\u563f Publix\uff01 #\u4e0d\u9690\u85cfEC<\/span><\/a> \uff08\u82f1\u6587\uff09<\/li>\n<\/ul>\n<h2><b>\u53cd\u6982\u5ff5\u5de5\u4f5c\u7ec4\u7684Acerca del Group de Acceso<\/b><\/h2>\n<p><span style=\"font-weight: 400;\">Nuestros objetivos son ayudar a <\/span><b>\u9884\u9632\u6000\u5b55\u7684\u65b9\u6cd5<\/b><span style=\"font-weight: 400;\"> Para personas que enfrentan barreras al control de la natalidad, \u6545\u4e8b\uff1a<\/span><\/p>\n<ul>\n<li><span style=\"font-weight: 400;\">Falta de seguro m\u00e9dico or alto costo incluso con seguro<\/span><\/li>\n<li><span style=\"font-weight: 400;\">\u8fd0\u8f93\u95ee\u9898<\/span><\/li>\n<li><span style=\"font-weight: 400;\">\u6211\u5bb3\u6015\u6b67\u89c6<\/span><\/li>\n<li><span style=\"font-weight: 400;\">\u5173\u6ce8\u6559\u58eb\u53c2\u4e0e<\/span><\/li>\n<li><span style=\"font-weight: 400;\">Barrera del idioma<\/span><\/li>\n<\/ul>\n<p><span style=\"font-weight: 400;\">\u4e0e\u60a3\u8005\u3001\u533b\u7597\u8bc1\u660e\u548c\u7ec4\u7ec7\u6709\u5173\u7684\u76f8\u5173\u6297\u5b55\u670d\u52a1\u76f8\u5173\u7684\u516c\u5171\u4e8b\u52a1 <\/span><b>\u65b9\u7a0b\u3001\u79ef\u5206\u548c\u4e2d\u5fc3<\/b><span style=\"font-weight: 400;\">.<\/span><\/p>\n<p><span style=\"font-weight: 400;\">\u6211\u4eec\u652f\u6301\u8fd9\u4e9b\u52aa\u529b <\/span><b>\u6269\u5927\u533b\u7597\u8865\u52a9\u3001\u516c\u5171\u57fa\u91d1\u548c\u79c1\u4eba\u5b89\u5168\u98de\u673a\u7684\u5408\u4f5c\u8303\u56f4<\/b><span style=\"font-weight: 400;\"> Para el control de la natalidad\uff1b <\/span><b>empoderar<\/b><span style=\"font-weight: 400;\"> \u79d1\u5b66\u4e0e\u5b9e\u9a8c <\/span><b>todo el espectro<\/b><span style=\"font-weight: 400;\"> de opciones de <\/span><b>\u63a7\u5236<\/b><span style=\"font-weight: 400;\"> de la natalidad\uff08m\u00e1s all\u00e1 de aquellos basados en la abstinencia o los m\u00e9todos de planificaci\u00f3n \u719f\u6089\u7684\u201cnaturales\u201d\uff09\u3002<\/span><\/p>\n<p><span style=\"font-weight: 400;\">Nuestro objetivo es a divulgaci\u00f3n de mensajes el acceso a <\/span><b>\u7d27\u6025\u907f\u5b55\u65b9\u6cd5<\/b><span style=\"font-weight: 400;\"> \uff08Plan B\uff0cElla\uff09\u548c de los <\/span><b>\u53ef\u9006\u907f\u5b55\u65b9\u6cd5<\/b><span style=\"font-weight: 400;\"> \u5ef6\u957f\u884c\u52a8 (LARC) \u4e0e DIU \u6216\u690d\u5165\u4e00\u6837\uff0c\u5982 <\/span><b>\u5b9e\u9645\u907f\u5b55\u65b9\u6cd5<\/b><span style=\"font-weight: 400;\">.<\/span><\/p>\n<ul>\n<li>C<span style=\"font-weight: 400;\">Vea nuestra Campa\u00f1a \u5b9e\u9645\u4e0a\u662f\u4e00\u4e2a Publix para que EC \u6d77\u6d0b\u53ef\u8bbf\u95ee\u7684 Sus \u5ba2\u6237 Vendi\u00e9ndola en el pasillo de planificaci\u00f3n \u719f\u6089 en vez de detr\u00e1s delmostrador de la farmacia\uff1a <\/span><a href=\"https:\/\/floridareprofreedom.org\/zh\/ec\/\">\u563f\uff0cPublix\uff01#DontHideEC<\/a><\/li>\n<\/ul>\n<p><a href=\"https:\/\/floridareprofreedom.org\/zh\/ec\/\"><img fetchpriority=\"high\" decoding=\"async\" class=\"size-large wp-image-1374 aligncenter\" src=\"https:\/\/floridareprofreedom.org\/wp-content\/uploads\/2020\/10\/2-1-1024x791.png\" alt=\"\" width=\"800\" height=\"618\" srcset=\"https:\/\/floridareprofreedom.org\/wp-content\/uploads\/2020\/10\/2-1-1024x791.png 1024w, https:\/\/floridareprofreedom.org\/wp-content\/uploads\/2020\/10\/2-1-300x232.png 300w, https:\/\/floridareprofreedom.org\/wp-content\/uploads\/2020\/10\/2-1-768x593.png 768w, https:\/\/floridareprofreedom.org\/wp-content\/uploads\/2020\/10\/2-1-1536x1187.png 1536w, https:\/\/floridareprofreedom.org\/wp-content\/uploads\/2020\/10\/2-1.png 1650w\" sizes=\"(max-width: 800px) 100vw, 800px\" \/><\/a><\/p>\n<h2><b>\u5305\u8986<\/b><\/h2>\n<p><span style=\"font-weight: 400;\">\u00bfLe interesa trabajar para lograr un cambio de politica a nivelestal\uff1f El Grupo de Trabajo de Acceso a Anticonceptivos de FRF agradece suparticipaci\u00f3n\u3002<\/span><\/p>\n<p><span style=\"font-weight: 400;\">Comparta \u6db5\u76d6\u4e86\u793e\u4f1a\u8d44\u6e90\u3001\u7535\u5b50\u90ae\u9012\u5217\u8868\u670d\u52a1\u548c\u672c\u5730\u4fe1\u606f\u535a\u6587\u7b49\u9875\u9762\u548c\u5185\u5bb9\uff1b\u4e0e\u534f\u4f1a\/\u5b66\u6821\/\u8bca\u6240\u7ec4\u7ec7\u8fdb\u884c\u6bd4\u8f83\uff1b\u8bf7\u4e0b\u8f7d\u3001\u7f16\u8f91\u548c\u5206\u53d1\u3002<\/span><\/p>\n<p><span style=\"font-weight: 400;\">\u00a0<\/span><span style=\"font-weight: 400;\">\u5982\u679c\u60a8\u6709\u4efb\u4f55\u4fe1\u606f\/\u7f16\u8f91\uff0c\u8bf7\u53c2\u9605\u603b\u7edf\u7535\u5b50\u90ae\u62a5 <\/span><b>FRF \u53cd\u6982\u5ff5\u5de5\u4f5c\u7ec4<\/b><span style=\"font-weight: 400;\">,<\/span> <a href=\"mailto: reerob71@gmail.com\">\u745e\u838e\u00b7\u7f57\u4f2f\u8328<\/a>.<\/p>\n<p><span style=\"font-weight: 400;\">An\u00f3tese para participar:\u00a0<\/span><a href=\"https:\/\/progressflorida.actionkit.com\/signup\/frf-grassroots-signup\" target=\"_blank\" rel=\"noopener\"><button>\u6ce8\u518c\u53c2\u4e0e<\/button><\/a><\/p>","protected":false},"excerpt":{"rendered":"<p>&#8220;M\u00e1s preocupante que este debate extra\u00f1amente programado sobre el control de la natalidad, es la vehemencia con la que las mujeres necesitan justificar o explicar por qu\u00e9 toman anticonceptivos: razones de salud, para regular los per\u00edodos, ya sabes, como si hubiera algo malo en tomar anticonceptivos simplemente porque quieres tener relaciones sexuales sin que ese [&hellip;]<\/p>\n","protected":false},"author":3,"featured_media":0,"parent":0,"menu_order":0,"comment_status":"closed","ping_status":"closed","template":"","meta":{"footnotes":""},"folder":[20],"class_list":["post-1975","page","type-page","status-publish","hentry"],"yoast_head":"<!-- This site is optimized with the Yoast SEO plugin v27.3 - https:\/\/yoast.com\/product\/yoast-seo-wordpress\/ -->\n<title>Grupo de Trabajo de Acceso a Anticonceptivos - Floridians For Reproductive Freedom<\/title>\n<meta name=\"robots\" content=\"index, follow, max-snippet:-1, max-image-preview:large, max-video-preview:-1\" \/>\n<link rel=\"canonical\" href=\"https:\/\/floridareprofreedom.org\/zh\/\u907f\u5b55\u836f-2\/\" \/>\n<meta property=\"og:locale\" content=\"zh_CN\" \/>\n<meta property=\"og:type\" content=\"article\" \/>\n<meta property=\"og:title\" content=\"Grupo de Trabajo de Acceso a Anticonceptivos - Floridians For Reproductive Freedom\" \/>\n<meta property=\"og:description\" content=\"&#8220;M\u00e1s preocupante que este debate extra\u00f1amente programado sobre el control de la natalidad, es la vehemencia con la que las mujeres necesitan justificar o explicar por qu\u00e9 toman anticonceptivos: razones de salud, para regular los per\u00edodos, ya sabes, como si hubiera algo malo en tomar anticonceptivos simplemente porque quieres tener relaciones sexuales sin que ese [&hellip;]\" \/>\n<meta property=\"og:url\" content=\"https:\/\/floridareprofreedom.org\/zh\/\u907f\u5b55\u836f-2\/\" \/>\n<meta property=\"og:site_name\" content=\"Floridians For Reproductive Freedom\" \/>\n<meta property=\"article:publisher\" content=\"https:\/\/www.facebook.com\/FloridaReproFreedom\/\" \/>\n<meta property=\"article:modified_time\" content=\"2021-05-19T19:58:01+00:00\" \/>\n<meta property=\"og:image\" content=\"https:\/\/floridareprofreedom.org\/wp-content\/uploads\/2020\/10\/2-1-1024x791.png\" \/>\n<meta name=\"twitter:card\" content=\"summary_large_image\" \/>\n<meta name=\"twitter:site\" content=\"@FLReproFreedom\" \/>\n<meta name=\"twitter:label1\" content=\"\u9884\u8ba1\u9605\u8bfb\u65f6\u95f4\" \/>\n\t<meta name=\"twitter:data1\" content=\"3 \u5206\" \/>\n<script type=\"application\/ld+json\" class=\"yoast-schema-graph\">{\"@context\":\"https:\\\/\\\/schema.org\",\"@graph\":[{\"@type\":\"WebPage\",\"@id\":\"https:\\\/\\\/floridareprofreedom.org\\\/anticonceptivos\\\/\",\"url\":\"https:\\\/\\\/floridareprofreedom.org\\\/anticonceptivos\\\/\",\"name\":\"Grupo de Trabajo de Acceso a Anticonceptivos - Floridians For Reproductive Freedom\",\"isPartOf\":{\"@id\":\"https:\\\/\\\/floridareprofreedom.org\\\/#website\"},\"primaryImageOfPage\":{\"@id\":\"https:\\\/\\\/floridareprofreedom.org\\\/anticonceptivos\\\/#primaryimage\"},\"image\":{\"@id\":\"https:\\\/\\\/floridareprofreedom.org\\\/anticonceptivos\\\/#primaryimage\"},\"thumbnailUrl\":\"https:\\\/\\\/floridareprofreedom.org\\\/wp-content\\\/uploads\\\/2020\\\/10\\\/2-1-1024x791.png\",\"datePublished\":\"2021-05-18T20:18:49+00:00\",\"dateModified\":\"2021-05-19T19:58:01+00:00\",\"breadcrumb\":{\"@id\":\"https:\\\/\\\/floridareprofreedom.org\\\/anticonceptivos\\\/#breadcrumb\"},\"inLanguage\":\"zh-Hans\",\"potentialAction\":[{\"@type\":\"ReadAction\",\"target\":[\"https:\\\/\\\/floridareprofreedom.org\\\/anticonceptivos\\\/\"]}]},{\"@type\":\"ImageObject\",\"inLanguage\":\"zh-Hans\",\"@id\":\"https:\\\/\\\/floridareprofreedom.org\\\/anticonceptivos\\\/#primaryimage\",\"url\":\"https:\\\/\\\/floridareprofreedom.org\\\/wp-content\\\/uploads\\\/2020\\\/10\\\/2-1-1024x791.png\",\"contentUrl\":\"https:\\\/\\\/floridareprofreedom.org\\\/wp-content\\\/uploads\\\/2020\\\/10\\\/2-1-1024x791.png\"},{\"@type\":\"BreadcrumbList\",\"@id\":\"https:\\\/\\\/floridareprofreedom.org\\\/anticonceptivos\\\/#breadcrumb\",\"itemListElement\":[{\"@type\":\"ListItem\",\"position\":1,\"name\":\"Home\",\"item\":\"https:\\\/\\\/floridareprofreedom.org\\\/\"},{\"@type\":\"ListItem\",\"position\":2,\"name\":\"Grupo de Trabajo de Acceso a Anticonceptivos\"}]},{\"@type\":\"WebSite\",\"@id\":\"https:\\\/\\\/floridareprofreedom.org\\\/#website\",\"url\":\"https:\\\/\\\/floridareprofreedom.org\\\/\",\"name\":\"Floridians For Reproductive Freedom\",\"description\":\"Advocating for convenient, affordable, and safe access to reproductive health care, including abortion.\",\"publisher\":{\"@id\":\"https:\\\/\\\/floridareprofreedom.org\\\/#organization\"},\"potentialAction\":[{\"@type\":\"SearchAction\",\"target\":{\"@type\":\"EntryPoint\",\"urlTemplate\":\"https:\\\/\\\/floridareprofreedom.org\\\/?s={search_term_string}\"},\"query-input\":{\"@type\":\"PropertyValueSpecification\",\"valueRequired\":true,\"valueName\":\"search_term_string\"}}],\"inLanguage\":\"zh-Hans\"},{\"@type\":\"Organization\",\"@id\":\"https:\\\/\\\/floridareprofreedom.org\\\/#organization\",\"name\":\"Floridians for Reproductive Freedom\",\"url\":\"https:\\\/\\\/floridareprofreedom.org\\\/\",\"logo\":{\"@type\":\"ImageObject\",\"inLanguage\":\"zh-Hans\",\"@id\":\"https:\\\/\\\/floridareprofreedom.org\\\/#\\\/schema\\\/logo\\\/image\\\/\",\"url\":\"https:\\\/\\\/floridareprofreedom.org\\\/wp-content\\\/uploads\\\/2019\\\/05\\\/Untitled.jpg\",\"contentUrl\":\"https:\\\/\\\/floridareprofreedom.org\\\/wp-content\\\/uploads\\\/2019\\\/05\\\/Untitled.jpg\",\"width\":174,\"height\":180,\"caption\":\"Floridians for Reproductive Freedom\"},\"image\":{\"@id\":\"https:\\\/\\\/floridareprofreedom.org\\\/#\\\/schema\\\/logo\\\/image\\\/\"},\"sameAs\":[\"https:\\\/\\\/www.facebook.com\\\/FloridaReproFreedom\\\/\",\"https:\\\/\\\/x.com\\\/FLReproFreedom\",\"https:\\\/\\\/www.instagram.com\\\/floridareprofreedom\\\/\"]}]}<\/script>\n<!-- \/ Yoast SEO plugin. -->","yoast_head_json":{"title":"Grupo de Trabajo de Acceso a Anticonceptivos - \u4f5b\u7f57\u91cc\u8fbe\u4eba\u4e89\u53d6\u751f\u6b96\u81ea\u7531","robots":{"index":"index","follow":"follow","max-snippet":"max-snippet:-1","max-image-preview":"max-image-preview:large","max-video-preview":"max-video-preview:-1"},"canonical":"https:\/\/floridareprofreedom.org\/zh\/\u907f\u5b55\u836f-2\/","og_locale":"zh_CN","og_type":"article","og_title":"Grupo de Trabajo de Acceso a Anticonceptivos - Floridians For Reproductive Freedom","og_description":"&#8220;M\u00e1s preocupante que este debate extra\u00f1amente programado sobre el control de la natalidad, es la vehemencia con la que las mujeres necesitan justificar o explicar por qu\u00e9 toman anticonceptivos: razones de salud, para regular los per\u00edodos, ya sabes, como si hubiera algo malo en tomar anticonceptivos simplemente porque quieres tener relaciones sexuales sin que ese [&hellip;]","og_url":"https:\/\/floridareprofreedom.org\/zh\/\u907f\u5b55\u836f-2\/","og_site_name":"Floridians For Reproductive Freedom","article_publisher":"https:\/\/www.facebook.com\/FloridaReproFreedom\/","article_modified_time":"2021-05-19T19:58:01+00:00","og_image":[{"url":"https:\/\/floridareprofreedom.org\/wp-content\/uploads\/2020\/10\/2-1-1024x791.png","type":"","width":"","height":""}],"twitter_card":"summary_large_image","twitter_site":"@FLReproFreedom","twitter_misc":{"\u9884\u8ba1\u9605\u8bfb\u65f6\u95f4":"3 \u5206"},"schema":{"@context":"https:\/\/schema.org","@graph":[{"@type":"WebPage","@id":"https:\/\/floridareprofreedom.org\/anticonceptivos\/","url":"https:\/\/floridareprofreedom.org\/anticonceptivos\/","name":"Grupo de Trabajo de Acceso a Anticonceptivos - \u4f5b\u7f57\u91cc\u8fbe\u4eba\u4e89\u53d6\u751f\u6b96\u81ea\u7531","isPartOf":{"@id":"https:\/\/floridareprofreedom.org\/#website"},"primaryImageOfPage":{"@id":"https:\/\/floridareprofreedom.org\/anticonceptivos\/#primaryimage"},"image":{"@id":"https:\/\/floridareprofreedom.org\/anticonceptivos\/#primaryimage"},"thumbnailUrl":"https:\/\/floridareprofreedom.org\/wp-content\/uploads\/2020\/10\/2-1-1024x791.png","datePublished":"2021-05-18T20:18:49+00:00","dateModified":"2021-05-19T19:58:01+00:00","breadcrumb":{"@id":"https:\/\/floridareprofreedom.org\/anticonceptivos\/#breadcrumb"},"inLanguage":"zh-Hans","potentialAction":[{"@type":"ReadAction","target":["https:\/\/floridareprofreedom.org\/anticonceptivos\/"]}]},{"@type":"ImageObject","inLanguage":"zh-Hans","@id":"https:\/\/floridareprofreedom.org\/anticonceptivos\/#primaryimage","url":"https:\/\/floridareprofreedom.org\/wp-content\/uploads\/2020\/10\/2-1-1024x791.png","contentUrl":"https:\/\/floridareprofreedom.org\/wp-content\/uploads\/2020\/10\/2-1-1024x791.png"},{"@type":"BreadcrumbList","@id":"https:\/\/floridareprofreedom.org\/anticonceptivos\/#breadcrumb","itemListElement":[{"@type":"ListItem","position":1,"name":"Home","item":"https:\/\/floridareprofreedom.org\/"},{"@type":"ListItem","position":2,"name":"Grupo de Trabajo de Acceso a Anticonceptivos"}]},{"@type":"WebSite","@id":"https:\/\/floridareprofreedom.org\/#website","url":"https:\/\/floridareprofreedom.org\/","name":"\u4f5b\u7f57\u91cc\u8fbe\u5dde\u751f\u6b96\u81ea\u7531\u534f\u4f1a","description":"\u5021\u5bfc\u63d0\u4f9b\u4fbf\u6377\u3001\u7ecf\u6d4e\u3001\u5b89\u5168\u7684\u751f\u6b96\u5065\u5eb7\u670d\u52a1\uff0c\u5305\u62ec\u5815\u80ce\u3002","publisher":{"@id":"https:\/\/floridareprofreedom.org\/#organization"},"potentialAction":[{"@type":"SearchAction","target":{"@type":"EntryPoint","urlTemplate":"https:\/\/floridareprofreedom.org\/?s={search_term_string}"},"query-input":{"@type":"PropertyValueSpecification","valueRequired":true,"valueName":"search_term_string"}}],"inLanguage":"zh-Hans"},{"@type":"Organization","@id":"https:\/\/floridareprofreedom.org\/#organization","name":"\u4f5b\u7f57\u91cc\u8fbe\u5dde\u751f\u6b96\u81ea\u7531\u534f\u4f1a","url":"https:\/\/floridareprofreedom.org\/","logo":{"@type":"ImageObject","inLanguage":"zh-Hans","@id":"https:\/\/floridareprofreedom.org\/#\/schema\/logo\/image\/","url":"https:\/\/floridareprofreedom.org\/wp-content\/uploads\/2019\/05\/Untitled.jpg","contentUrl":"https:\/\/floridareprofreedom.org\/wp-content\/uploads\/2019\/05\/Untitled.jpg","width":174,"height":180,"caption":"Floridians for Reproductive Freedom"},"image":{"@id":"https:\/\/floridareprofreedom.org\/#\/schema\/logo\/image\/"},"sameAs":["https:\/\/www.facebook.com\/FloridaReproFreedom\/","https:\/\/x.com\/FLReproFreedom","https:\/\/www.instagram.com\/floridareprofreedom\/"]}]}},"_links":{"self":[{"href":"https:\/\/floridareprofreedom.org\/zh\/wp-json\/wp\/v2\/pages\/1975","targetHints":{"allow":["GET"]}}],"collection":[{"href":"https:\/\/floridareprofreedom.org\/zh\/wp-json\/wp\/v2\/pages"}],"about":[{"href":"https:\/\/floridareprofreedom.org\/zh\/wp-json\/wp\/v2\/types\/page"}],"author":[{"embeddable":true,"href":"https:\/\/floridareprofreedom.org\/zh\/wp-json\/wp\/v2\/users\/3"}],"replies":[{"embeddable":true,"href":"https:\/\/floridareprofreedom.org\/zh\/wp-json\/wp\/v2\/comments?post=1975"}],"version-history":[{"count":6,"href":"https:\/\/floridareprofreedom.org\/zh\/wp-json\/wp\/v2\/pages\/1975\/revisions"}],"predecessor-version":[{"id":2003,"href":"https:\/\/floridareprofreedom.org\/zh\/wp-json\/wp\/v2\/pages\/1975\/revisions\/2003"}],"wp:attachment":[{"href":"https:\/\/floridareprofreedom.org\/zh\/wp-json\/wp\/v2\/media?parent=1975"}],"wp:term":[{"taxonomy":"folder","embeddable":true,"href":"https:\/\/floridareprofreedom.org\/zh\/wp-json\/wp\/v2\/folder?post=1975"}],"curies":[{"name":"wp","href":"https:\/\/api.w.org\/{rel}","templated":true}]}}