{"id":1981,"date":"2021-05-18T20:27:30","date_gmt":"2021-05-18T20:27:30","guid":{"rendered":"https:\/\/floridareprofreedom.org\/?page_id=1981"},"modified":"2021-05-19T18:58:01","modified_gmt":"2021-05-19T18:58:01","slug":"%e5%8d%ab%e7%94%9f%e9%83%a8%e9%97%a8-2","status":"publish","type":"page","link":"https:\/\/floridareprofreedom.org\/zh\/departamentos-de-salud\/","title":{"rendered":"\u5b54\u8fbe\u591a\u5065\u5eb7\u90e8"},"content":{"rendered":"<p><span style=\"font-weight: 400;\">\u4f5b\u7f57\u91cc\u8fbe\u5dde\u719f\u6089\u7684\u89c4\u5212\u670d\u52a1\u548c\u9884\u9632\u4fdd\u5065\u670d\u52a1\u5305\u62ec\u8be5\u5dde\u5c45\u6c11\u7684\u6240\u6709\u4e8b\u9879\uff0c\u5305\u62ec\u9752\u5c11\u5e74\u7684 67 \u4e2a\u793e\u533a\u548c\u5f53\u5730\u793e\u533a\u6216\u653f\u5e9c\u673a\u6784\u7684\u5065\u5eb7\u90e8\u95e8\u7684\u65c5\u884c\u3002\u719f\u6089\u7684\u8ba1\u5212\u670d\u52a1\u4ee5\u81ea\u613f\u548c\u4fdd\u5bc6\u65b9\u5f0f\u8fdb\u884c\u3002\u6587\u5316\u4fe1\u606f\u662f\u660e\u667a\u7684\uff0c\u4e5f\u662f\u91cd\u8981\u7684\uff0c\u5728\u6700\u540e\u7684\u51b3\u5b9a\u4e2d\uff0c\u6211\u4eec\u9700\u8981\u63d0\u4f9b\u53cd\u6982\u5ff5\u7684\u4fe1\u606f\u3002<\/span><\/p>\n<p><span style=\"font-weight: 400;\">\u8bf7\u53c2\u9605\u6709\u5173\u60a8\u9700\u8981\u7684\u670d\u52a1\u7684\u4fe1\u606f\u3002\u5982\u9700\u83b7\u53d6\u66f4\u591a\u4fe1\u606f\uff0c\u8bf7\u8bbf\u95ee\u7f51\u7ad9\u8d1f\u8d23\u4eba\u00a0<\/span><a href=\"http:\/\/www.floridahealth.gov\/programs-and-services\/womens-health\/family-planning\/index.html\"><span style=\"font-weight: 400;\">\u4f5b\u7f57\u91cc\u8fbe\u5dde\u5065\u5eb7\u90e8\u5bb6\u5ead\u89c4\u5212\u8ba1\u5212<\/span><\/a>.<\/p>\n<p style=\"text-align: center;\"><a href=\"https:\/\/floridareprofreedom.org\/zh\/%e9%81%bf%e5%ad%95%e8%8d%af-2\/\">\u8fd4\u56de\u9996\u9875<\/a><\/p>\n<p><iframe src=\"https:\/\/docs.google.com\/spreadsheets\/d\/e\/2PACX-1vTcbuEGnB0yJaX_Umj-wcaRiRxPAF0GUey58bYTg8ZWroY7tmqgGXl-5Xp_LeCDKwe5K0zPElxegQ8R\/pubhtml?gid=2004341484&amp;single=true&amp;amp\" width=\"850\" height=\"1200\"><\/iframe><\/p>\n<p style=\"text-align: center;\"><a href=\"https:\/\/floridareprofreedom.org\/zh\/%e9%81%bf%e5%ad%95%e8%8d%af-2\/\">\u8fd4\u56de\u9996\u9875<\/a><\/p>","protected":false},"excerpt":{"rendered":"<p>Los servicios de planificaci\u00f3n familiar y los de salud preventiva de Florida est\u00e1n disponibles para todos los residentes del estado, incluyendo los j\u00f3venes, en los 67 condados a trav\u00e9s de los departamentos de salud de cada condado local o de agencias contratadas. Los servicios de planificaci\u00f3n familiar se prestan de forma voluntaria y de manera [&hellip;]<\/p>\n","protected":false},"author":3,"featured_media":0,"parent":0,"menu_order":0,"comment_status":"closed","ping_status":"closed","template":"","meta":{"footnotes":""},"folder":[20,10],"class_list":["post-1981","page","type-page","status-publish","hentry"],"yoast_head":"<!-- This site is optimized with the Yoast SEO plugin v27.4 - https:\/\/yoast.com\/product\/yoast-seo-wordpress\/ -->\n<title>Departamentos de Salud del Condado - Floridians For Reproductive Freedom<\/title>\n<meta name=\"robots\" content=\"index, follow, max-snippet:-1, max-image-preview:large, max-video-preview:-1\" \/>\n<link rel=\"canonical\" href=\"https:\/\/floridareprofreedom.org\/zh\/\u536b\u751f\u90e8\u95e8-2\/\" \/>\n<meta property=\"og:locale\" content=\"zh_CN\" \/>\n<meta property=\"og:type\" content=\"article\" \/>\n<meta property=\"og:title\" content=\"Departamentos de Salud del Condado - Floridians For Reproductive Freedom\" \/>\n<meta property=\"og:description\" content=\"Los servicios de planificaci\u00f3n familiar y los de salud preventiva de Florida est\u00e1n disponibles para todos los residentes del estado, incluyendo los j\u00f3venes, en los 67 condados a trav\u00e9s de los departamentos de salud de cada condado local o de agencias contratadas. Los servicios de planificaci\u00f3n familiar se prestan de forma voluntaria y de manera [&hellip;]\" \/>\n<meta property=\"og:url\" content=\"https:\/\/floridareprofreedom.org\/zh\/\u536b\u751f\u90e8\u95e8-2\/\" \/>\n<meta property=\"og:site_name\" content=\"Floridians For Reproductive Freedom\" \/>\n<meta property=\"article:publisher\" content=\"https:\/\/www.facebook.com\/FloridaReproFreedom\/\" \/>\n<meta property=\"article:modified_time\" content=\"2021-05-19T18:58:01+00:00\" \/>\n<meta name=\"twitter:card\" content=\"summary_large_image\" \/>\n<meta name=\"twitter:site\" content=\"@FLReproFreedom\" \/>\n<meta name=\"twitter:label1\" content=\"\u9884\u8ba1\u9605\u8bfb\u65f6\u95f4\" \/>\n\t<meta name=\"twitter:data1\" content=\"1 \u5206\" \/>\n<script type=\"application\/ld+json\" class=\"yoast-schema-graph\">{\"@context\":\"https:\\\/\\\/schema.org\",\"@graph\":[{\"@type\":\"WebPage\",\"@id\":\"https:\\\/\\\/floridareprofreedom.org\\\/departamentos-de-salud\\\/\",\"url\":\"https:\\\/\\\/floridareprofreedom.org\\\/departamentos-de-salud\\\/\",\"name\":\"Departamentos de Salud del Condado - Floridians For Reproductive Freedom\",\"isPartOf\":{\"@id\":\"https:\\\/\\\/floridareprofreedom.org\\\/#website\"},\"datePublished\":\"2021-05-18T20:27:30+00:00\",\"dateModified\":\"2021-05-19T18:58:01+00:00\",\"breadcrumb\":{\"@id\":\"https:\\\/\\\/floridareprofreedom.org\\\/departamentos-de-salud\\\/#breadcrumb\"},\"inLanguage\":\"zh-Hans\",\"potentialAction\":[{\"@type\":\"ReadAction\",\"target\":[\"https:\\\/\\\/floridareprofreedom.org\\\/departamentos-de-salud\\\/\"]}]},{\"@type\":\"BreadcrumbList\",\"@id\":\"https:\\\/\\\/floridareprofreedom.org\\\/departamentos-de-salud\\\/#breadcrumb\",\"itemListElement\":[{\"@type\":\"ListItem\",\"position\":1,\"name\":\"Home\",\"item\":\"https:\\\/\\\/floridareprofreedom.org\\\/\"},{\"@type\":\"ListItem\",\"position\":2,\"name\":\"Departamentos de Salud del Condado\"}]},{\"@type\":\"WebSite\",\"@id\":\"https:\\\/\\\/floridareprofreedom.org\\\/#website\",\"url\":\"https:\\\/\\\/floridareprofreedom.org\\\/\",\"name\":\"Floridians For Reproductive Freedom\",\"description\":\"Advocating for convenient, affordable, and safe access to reproductive health care, including abortion.\",\"publisher\":{\"@id\":\"https:\\\/\\\/floridareprofreedom.org\\\/#organization\"},\"potentialAction\":[{\"@type\":\"SearchAction\",\"target\":{\"@type\":\"EntryPoint\",\"urlTemplate\":\"https:\\\/\\\/floridareprofreedom.org\\\/?s={search_term_string}\"},\"query-input\":{\"@type\":\"PropertyValueSpecification\",\"valueRequired\":true,\"valueName\":\"search_term_string\"}}],\"inLanguage\":\"zh-Hans\"},{\"@type\":\"Organization\",\"@id\":\"https:\\\/\\\/floridareprofreedom.org\\\/#organization\",\"name\":\"Floridians for Reproductive Freedom\",\"url\":\"https:\\\/\\\/floridareprofreedom.org\\\/\",\"logo\":{\"@type\":\"ImageObject\",\"inLanguage\":\"zh-Hans\",\"@id\":\"https:\\\/\\\/floridareprofreedom.org\\\/#\\\/schema\\\/logo\\\/image\\\/\",\"url\":\"https:\\\/\\\/floridareprofreedom.org\\\/wp-content\\\/uploads\\\/2019\\\/05\\\/Untitled.jpg\",\"contentUrl\":\"https:\\\/\\\/floridareprofreedom.org\\\/wp-content\\\/uploads\\\/2019\\\/05\\\/Untitled.jpg\",\"width\":174,\"height\":180,\"caption\":\"Floridians for Reproductive Freedom\"},\"image\":{\"@id\":\"https:\\\/\\\/floridareprofreedom.org\\\/#\\\/schema\\\/logo\\\/image\\\/\"},\"sameAs\":[\"https:\\\/\\\/www.facebook.com\\\/FloridaReproFreedom\\\/\",\"https:\\\/\\\/x.com\\\/FLReproFreedom\",\"https:\\\/\\\/www.instagram.com\\\/floridareprofreedom\\\/\"]}]}<\/script>\n<!-- \/ Yoast SEO plugin. -->","yoast_head_json":{"title":"Departamentos de Salud del Condado - \u4f5b\u7f57\u91cc\u8fbe\u4eba\u4e89\u53d6\u751f\u6b96\u81ea\u7531","robots":{"index":"index","follow":"follow","max-snippet":"max-snippet:-1","max-image-preview":"max-image-preview:large","max-video-preview":"max-video-preview:-1"},"canonical":"https:\/\/floridareprofreedom.org\/zh\/\u536b\u751f\u90e8\u95e8-2\/","og_locale":"zh_CN","og_type":"article","og_title":"Departamentos de Salud del Condado - Floridians For Reproductive Freedom","og_description":"Los servicios de planificaci\u00f3n familiar y los de salud preventiva de Florida est\u00e1n disponibles para todos los residentes del estado, incluyendo los j\u00f3venes, en los 67 condados a trav\u00e9s de los departamentos de salud de cada condado local o de agencias contratadas. Los servicios de planificaci\u00f3n familiar se prestan de forma voluntaria y de manera [&hellip;]","og_url":"https:\/\/floridareprofreedom.org\/zh\/\u536b\u751f\u90e8\u95e8-2\/","og_site_name":"Floridians For Reproductive Freedom","article_publisher":"https:\/\/www.facebook.com\/FloridaReproFreedom\/","article_modified_time":"2021-05-19T18:58:01+00:00","twitter_card":"summary_large_image","twitter_site":"@FLReproFreedom","twitter_misc":{"\u9884\u8ba1\u9605\u8bfb\u65f6\u95f4":"1 \u5206"},"schema":{"@context":"https:\/\/schema.org","@graph":[{"@type":"WebPage","@id":"https:\/\/floridareprofreedom.org\/departamentos-de-salud\/","url":"https:\/\/floridareprofreedom.org\/departamentos-de-salud\/","name":"Departamentos de Salud del Condado - \u4f5b\u7f57\u91cc\u8fbe\u4eba\u4e89\u53d6\u751f\u6b96\u81ea\u7531","isPartOf":{"@id":"https:\/\/floridareprofreedom.org\/#website"},"datePublished":"2021-05-18T20:27:30+00:00","dateModified":"2021-05-19T18:58:01+00:00","breadcrumb":{"@id":"https:\/\/floridareprofreedom.org\/departamentos-de-salud\/#breadcrumb"},"inLanguage":"zh-Hans","potentialAction":[{"@type":"ReadAction","target":["https:\/\/floridareprofreedom.org\/departamentos-de-salud\/"]}]},{"@type":"BreadcrumbList","@id":"https:\/\/floridareprofreedom.org\/departamentos-de-salud\/#breadcrumb","itemListElement":[{"@type":"ListItem","position":1,"name":"Home","item":"https:\/\/floridareprofreedom.org\/"},{"@type":"ListItem","position":2,"name":"Departamentos de Salud del Condado"}]},{"@type":"WebSite","@id":"https:\/\/floridareprofreedom.org\/#website","url":"https:\/\/floridareprofreedom.org\/","name":"\u4f5b\u7f57\u91cc\u8fbe\u5dde\u751f\u6b96\u81ea\u7531\u534f\u4f1a","description":"\u5021\u5bfc\u63d0\u4f9b\u4fbf\u6377\u3001\u7ecf\u6d4e\u3001\u5b89\u5168\u7684\u751f\u6b96\u5065\u5eb7\u670d\u52a1\uff0c\u5305\u62ec\u5815\u80ce\u3002","publisher":{"@id":"https:\/\/floridareprofreedom.org\/#organization"},"potentialAction":[{"@type":"SearchAction","target":{"@type":"EntryPoint","urlTemplate":"https:\/\/floridareprofreedom.org\/?s={search_term_string}"},"query-input":{"@type":"PropertyValueSpecification","valueRequired":true,"valueName":"search_term_string"}}],"inLanguage":"zh-Hans"},{"@type":"Organization","@id":"https:\/\/floridareprofreedom.org\/#organization","name":"\u4f5b\u7f57\u91cc\u8fbe\u5dde\u751f\u6b96\u81ea\u7531\u534f\u4f1a","url":"https:\/\/floridareprofreedom.org\/","logo":{"@type":"ImageObject","inLanguage":"zh-Hans","@id":"https:\/\/floridareprofreedom.org\/#\/schema\/logo\/image\/","url":"https:\/\/floridareprofreedom.org\/wp-content\/uploads\/2019\/05\/Untitled.jpg","contentUrl":"https:\/\/floridareprofreedom.org\/wp-content\/uploads\/2019\/05\/Untitled.jpg","width":174,"height":180,"caption":"Floridians for Reproductive Freedom"},"image":{"@id":"https:\/\/floridareprofreedom.org\/#\/schema\/logo\/image\/"},"sameAs":["https:\/\/www.facebook.com\/FloridaReproFreedom\/","https:\/\/x.com\/FLReproFreedom","https:\/\/www.instagram.com\/floridareprofreedom\/"]}]}},"_links":{"self":[{"href":"https:\/\/floridareprofreedom.org\/zh\/wp-json\/wp\/v2\/pages\/1981","targetHints":{"allow":["GET"]}}],"collection":[{"href":"https:\/\/floridareprofreedom.org\/zh\/wp-json\/wp\/v2\/pages"}],"about":[{"href":"https:\/\/floridareprofreedom.org\/zh\/wp-json\/wp\/v2\/types\/page"}],"author":[{"embeddable":true,"href":"https:\/\/floridareprofreedom.org\/zh\/wp-json\/wp\/v2\/users\/3"}],"replies":[{"embeddable":true,"href":"https:\/\/floridareprofreedom.org\/zh\/wp-json\/wp\/v2\/comments?post=1981"}],"version-history":[{"count":4,"href":"https:\/\/floridareprofreedom.org\/zh\/wp-json\/wp\/v2\/pages\/1981\/revisions"}],"predecessor-version":[{"id":2000,"href":"https:\/\/floridareprofreedom.org\/zh\/wp-json\/wp\/v2\/pages\/1981\/revisions\/2000"}],"wp:attachment":[{"href":"https:\/\/floridareprofreedom.org\/zh\/wp-json\/wp\/v2\/media?parent=1981"}],"wp:term":[{"taxonomy":"folder","embeddable":true,"href":"https:\/\/floridareprofreedom.org\/zh\/wp-json\/wp\/v2\/folder?post=1981"}],"curies":[{"name":"wp","href":"https:\/\/api.w.org\/{rel}","templated":true}]}}